{"id":47326,"date":"2021-11-02T04:08:44","date_gmt":"2021-11-02T03:08:44","guid":{"rendered":"https:\/\/waterair-preprod2.adipso.fr\/pays-de-la-loire\/loire-atlantique\/nantes"},"modified":"2025-08-27T15:35:12","modified_gmt":"2025-08-27T13:35:12","slug":"nantes","status":"publish","type":"page","link":"https:\/\/www.waterair.com\/fr\/etude-implantation\/pays-de-la-loire\/loire-atlantique\/nantes","title":{"rendered":"Nantes : Waterair, votre expert piscine en kit sur mesure"},"content":{"rendered":"<div class=\"container block--core-paragraph\"><div class=\"row\"><div class=\"col-12 \">\n<p><strong>Transformez votre jardin nantais en v\u00e9ritable oasis de d\u00e9tente ! Waterair vous accompagne dans la concr\u00e9tisation de votre r\u00eave de piscine.<\/strong><\/p>\n<\/div><\/div><\/div>\n\n    <div  class=\"block-button content-block mb-0 mt-2\" data-tab-section>\n        <div class=\"container\">\n            <div class=\"row\">\n                <div class=\"col-12 col-md-10 offset-md-1\">\n                    <div class=\"d-flex flex-wrap flex-column flex-md-row justify-content-center spaced-md-4 mt-6 mb-5 mb-md-0\">\n                                                        <a\tdata-wa=\"button\" data-wa-wave=\"secondary\"\n\tclass=\"btn btn--secondary mb-0 mb-md-5\"\n\t\t\thref=\"https:\/\/rdv.waterair.com\/\"\n\t\t>\n\t\tObtenir un rendez-vous    <\/a>\n                                                                    <\/div>\n                <\/div>\n            <\/div>\n        <\/div>\n    <\/div>\n\n\n    <div  class=\"block-content content-block \">\n        <div class=\"container\">\n            <div class=\"row\">\n                <div class=\"col-12 \">\n                    <div data-wa=\"fade-up\" class=\"block-content__content\">\n                        <h2>Votre sp\u00e9cialiste piscine en kit personnalis\u00e9e \u00e0 Nantes<\/h2>\n<p>Depuis plus de 50 ans, <strong>nous r\u00e9volutionnons l&rsquo;univers des piscines<\/strong> avec nos solutions <a href=\"https:\/\/www.waterair.com\/fr\/piscines-et-equipements\/piscines\/types-de-piscine\/piscine-en-kit\">en kit<\/a>\u00a0ultra-personnalisables ! Leader europ\u00e9en, nous concevons des piscines qui s&rsquo;adaptent parfaitement \u00e0 vos envies, votre budget et les sp\u00e9cificit\u00e9s de votre terrain nantais. Que vous r\u00eaviez d&rsquo;une piscine rectangulaire classique, d&rsquo;une mini-piscine pour votre jardin de ville ou d&rsquo;une forme libre audacieuse, <strong>cr\u00e9ez le bassin qui vous ressemble !<\/strong> Nos piscines en kit offrent une accessibilit\u00e9 financi\u00e8re unique tout en garantissant une qualit\u00e9 exceptionnelle et un design sur mesure.<\/p>\n                    <\/div>\n                <\/div>\n            <\/div>\n        <\/div>\n    <\/div>\n\n\n<div  class=\"block-content-media  content-block   has-no-title\">\n            <div class=\"container\">\n            <div class=\"row\">\n                <div class=\"col\">\n                    <div class=\"row flex-column flex-md-row align-items-center\">\n                        <div class=\"content-block__col col-lg-6 col-xl-7 d-flex flex-column align-items-md-start order-lg-2\">\n                                                                                                                                                <div data-wa=\"fade-up\" data-wa-delay=\"400\" class=\"content-block__description text--sm text-weight--300 mb-0\">\n                                    <h2>Votre centre d&rsquo;exposition \u00e0 Saint-Herblain : l&rsquo;exp\u00e9rience piscine grandeur nature pr\u00e8s de Nantes<\/h2>\n<p><strong>\u00c0 deux pas de Nantes, plongez dans l&rsquo;univers Waterair !<\/strong> Notre centre d&rsquo;exposition vous accueille pour d\u00e9couvrir nos mod\u00e8les grandeur nature et b\u00e9n\u00e9ficier de conseils d&rsquo;experts locaux.<\/p>\n                                <\/div>\n                                                                                        <div data-wa=\"fade-up\" data-wa-delay=\"500\">\n                                    <a\tdata-wa=\"button\" data-wa-wave=\"secondary\"\n\tclass=\"btn btn--secondary mt-3\"\n\t\t\thref=\"https:\/\/www.waterair.com\/fr\/le-groupe\/centres-exposition\/saint-herblain\"\n\t\t>\n\t\tVisiter notre centre d&rsquo;exposition    <\/a>\n                                <\/div>\n                                                    <\/div>\n                                                                                <div class=\"content-block__col content-block__col--media col-lg-6 col-xl-5 order-lg-3  \">\n                                <div class=\"content-block__media   is-not-absolute\">\n                                    \n                                                                            <span data-wa=\"image\">\n                                                                                            <img loading=\"lazy\" decoding=\"async\" width=\"880\" height=\"495\" src=\"https:\/\/www.waterair.com\/wp-content\/uploads\/2021\/11\/parc-expo-saint-herblain-resize-01-rvb-880x495.jpg\" class=\"attachment-content_media_2x size-content_media_2x\" alt=\"\" srcset=\"https:\/\/www.waterair.com\/wp-content\/uploads\/2021\/11\/parc-expo-saint-herblain-resize-01-rvb-880x495.jpg 880w, https:\/\/www.waterair.com\/wp-content\/uploads\/2021\/11\/parc-expo-saint-herblain-resize-01-rvb-768x432.jpg 768w, https:\/\/www.waterair.com\/wp-content\/uploads\/2021\/11\/parc-expo-saint-herblain-resize-01-rvb-1360x765.jpg 1360w, https:\/\/www.waterair.com\/wp-content\/uploads\/2021\/11\/parc-expo-saint-herblain-resize-01-rvb-440x247.jpg 440w, https:\/\/www.waterair.com\/wp-content\/uploads\/2021\/11\/parc-expo-saint-herblain-resize-01-rvb-920x517.jpg 920w, https:\/\/www.waterair.com\/wp-content\/uploads\/2021\/11\/parc-expo-saint-herblain-resize-01-rvb.jpg 1110w\" sizes=\"auto, (max-width: 880px) 100vw, 880px\" \/>                                                                                    <\/span>\n                                                                        \n                                <\/div>\n                            <\/div>\n                                            <\/div>\n                <\/div>\n            <\/div>\n        <\/div>\n    <\/div>\n\n<div  class=\"block-content-media  content-block   has-no-title\">\n            <div class=\"container\">\n            <div class=\"row\">\n                <div class=\"col\">\n                    <div class=\"row flex-column flex-md-row align-items-center\">\n                        <div class=\"content-block__col col-lg-6 col-xl-7 d-flex flex-column align-items-md-start order-lg-2\">\n                                                                                                                                                <div data-wa=\"fade-up\" data-wa-delay=\"400\" class=\"content-block__description text--sm text-weight--300 mb-0\">\n                                    <h2>La technologie brevet\u00e9e qui r\u00e9volutionne vos terrains nantais<\/h2>\n<p>Nos piscines r\u00e9volutionnent l&rsquo;installation gr\u00e2ce \u00e0 notre <strong>technologie exclusive de <a href=\"https:\/\/www.waterair.com\/fr\/le-groupe\/le-panneau-waterair\">panneaux en acier<\/a>\u00a0!<\/strong> Cette innovation brevet\u00e9e vous garantit des performances remarquables, parfaitement adapt\u00e9es aux sp\u00e9cificit\u00e9s climatiques et g\u00e9ologiques de la r\u00e9gion nantaise :<\/p>\n<ul>\n<li><strong>R\u00e9sistance exceptionnelle<\/strong> : 4 fois plus r\u00e9sistant que la pression maximale exerc\u00e9e sur la structure de la piscine ;<\/li>\n<li><strong>Long\u00e9vit\u00e9 incomparable<\/strong> : protection multicouche pour une r\u00e9sistance maximale dans le temps ;<\/li>\n<li><strong>Polyvalence totale<\/strong> : adaptation \u00e0 tous types de terrains et d\u2019implantation ;<\/li>\n<li><strong>Montage simplifi\u00e9<\/strong> : assemblage rapide et facile ;<\/li>\n<li><strong>Robustesse remarquable<\/strong> : r\u00e9sistance aux intemp\u00e9ries et aux mouvements de terrain.<\/li>\n<\/ul>\n                                <\/div>\n                                                                                        <div data-wa=\"fade-up\" data-wa-delay=\"500\">\n                                                                    <\/div>\n                                                    <\/div>\n                                                                                <div class=\"content-block__col content-block__col--media col-lg-6 col-xl-5 order-lg-1  \">\n                                <div class=\"content-block__media is-left  is-not-absolute\">\n                                    \n                                                                            <span data-wa=\"image\">\n                                                                                            <img loading=\"lazy\" decoding=\"async\" width=\"880\" height=\"660\" src=\"https:\/\/www.waterair.com\/wp-content\/uploads\/2025\/04\/wat-0013359-1-880x660.webp\" class=\"attachment-content_media_2x size-content_media_2x\" alt=\"\" srcset=\"https:\/\/www.waterair.com\/wp-content\/uploads\/2025\/04\/wat-0013359-1-880x660.webp 880w, https:\/\/www.waterair.com\/wp-content\/uploads\/2025\/04\/wat-0013359-1-1440x1080.webp 1440w, https:\/\/www.waterair.com\/wp-content\/uploads\/2025\/04\/wat-0013359-1-768x576.webp 768w, https:\/\/www.waterair.com\/wp-content\/uploads\/2025\/04\/wat-0013359-1-1920x1440.webp 1920w, https:\/\/www.waterair.com\/wp-content\/uploads\/2025\/04\/wat-0013359-1-1536x1152.webp 1536w, https:\/\/www.waterair.com\/wp-content\/uploads\/2025\/04\/wat-0013359-1-2048x1536.webp 2048w, https:\/\/www.waterair.com\/wp-content\/uploads\/2025\/04\/wat-0013359-1-440x330.webp 440w, https:\/\/www.waterair.com\/wp-content\/uploads\/2025\/04\/wat-0013359-1-1840x1380.webp 1840w, https:\/\/www.waterair.com\/wp-content\/uploads\/2025\/04\/wat-0013359-1-920x690.webp 920w\" sizes=\"auto, (max-width: 880px) 100vw, 880px\" \/>                                                                                    <\/span>\n                                                                        \n                                <\/div>\n                            <\/div>\n                                            <\/div>\n                <\/div>\n            <\/div>\n        <\/div>\n    <\/div>\n\n<div  class=\"block-content-media  content-block   has-no-title\">\n            <div class=\"container\">\n            <div class=\"row\">\n                <div class=\"col\">\n                    <div class=\"row flex-column flex-md-row align-items-center\">\n                        <div class=\"content-block__col col-lg-6 col-xl-7 d-flex flex-column align-items-md-start order-lg-2\">\n                                                                                                                                                <div data-wa=\"fade-up\" data-wa-delay=\"400\" class=\"content-block__description text--sm text-weight--300 mb-0\">\n                                    <h2>Votre accompagnement sur mesure de A \u00e0 Z \u00e0 Nantes<\/h2>\n<p><strong>Transformons ensemble votre r\u00eave en r\u00e9alit\u00e9 !<\/strong> De l&rsquo;\u00e9tude gratuite \u00e0 la mise en eau, b\u00e9n\u00e9ficiez d&rsquo;un suivi personnalis\u00e9 et de l&rsquo;expertise Waterair. Besoin de vous projeter concr\u00e8tement ? Nos conseillers locaux vous accompagnent \u00e0 chaque \u00e9tape pour cr\u00e9er la piscine parfaite, directement chez vous :<\/p>\n<ul>\n<li><strong>B\u00e9n\u00e9ficiez d&rsquo;une \u00e9tude gratuite<\/strong> \u00e0 domicile pour analyser votre terrain ;<\/li>\n<li><strong>Visualisez votre future piscine<\/strong> gr\u00e2ce \u00e0 un rendu 3D dans votre jardin ;<\/li>\n<li><strong>Profitez de conseils d&rsquo;expert<\/strong> sur l&rsquo;orientation optimale et l&#8217;emplacement id\u00e9al ;<\/li>\n<li><strong>Simplifiez vos d\u00e9marches<\/strong> avec notre accompagnement administratif complet ;<\/li>\n<li><strong>Vivez un suivi personnalis\u00e9<\/strong> de la conception \u00e0 la premi\u00e8re plong\u00e9e.<\/li>\n<\/ul>\n<p><strong>Pr\u00eat \u00e0 concr\u00e9tiser votre projet piscine ?<\/strong> Prenez <a href=\"https:\/\/rdv.waterair.com\/\">rendez-vous<\/a>\u00a0d\u00e8s maintenant avec nos experts nantais pour donner vie \u00e0 vos envies ! Vous pouvez \u00e9galement <strong>vous rendre dans notre <a href=\"https:\/\/www.waterair.com\/fr\/le-groupe\/centres-exposition\/saint-herblain\">centre d\u2019exposition de Saint-Herblain<\/a><\/strong>\u00a0pour une exp\u00e9rience immersive et des conseils sur mesure.<\/p>\n                                <\/div>\n                                                                                        <div data-wa=\"fade-up\" data-wa-delay=\"500\">\n                                                                    <\/div>\n                                                    <\/div>\n                                                                                <div class=\"content-block__col content-block__col--media col-lg-6 col-xl-5 order-lg-3  \">\n                                <div class=\"content-block__media   is-not-absolute\">\n                                    \n                                                                            <span data-wa=\"image\">\n                                                                                            <img loading=\"lazy\" decoding=\"async\" width=\"880\" height=\"587\" src=\"https:\/\/www.waterair.com\/wp-content\/uploads\/2025\/03\/20210921-0971-880x587.webp\" class=\"attachment-content_media_2x size-content_media_2x\" alt=\"\" srcset=\"https:\/\/www.waterair.com\/wp-content\/uploads\/2025\/03\/20210921-0971-880x587.webp 880w, https:\/\/www.waterair.com\/wp-content\/uploads\/2025\/03\/20210921-0971-1440x961.webp 1440w, https:\/\/www.waterair.com\/wp-content\/uploads\/2025\/03\/20210921-0971-768x513.webp 768w, https:\/\/www.waterair.com\/wp-content\/uploads\/2025\/03\/20210921-0971-1536x1025.webp 1536w, https:\/\/www.waterair.com\/wp-content\/uploads\/2025\/03\/20210921-0971-2048x1367.webp 2048w, https:\/\/www.waterair.com\/wp-content\/uploads\/2025\/03\/20210921-0971-440x294.webp 440w, https:\/\/www.waterair.com\/wp-content\/uploads\/2025\/03\/20210921-0971-1840x1228.webp 1840w, https:\/\/www.waterair.com\/wp-content\/uploads\/2025\/03\/20210921-0971-920x614.webp 920w\" sizes=\"auto, (max-width: 880px) 100vw, 880px\" \/>                                                                                    <\/span>\n                                                                        \n                                <\/div>\n                            <\/div>\n                                            <\/div>\n                <\/div>\n            <\/div>\n        <\/div>\n    <\/div>","protected":false},"excerpt":{"rendered":"<p>Transformez votre jardin nantais en v\u00e9ritable oasis de d\u00e9tente ! Waterair vous accompagne dans la concr\u00e9tisation de votre r\u00eave de piscine.<\/p>\n","protected":false},"author":1,"featured_media":474166,"parent":45756,"menu_order":0,"comment_status":"closed","ping_status":"closed","template":"models\/implantation.php","meta":{"_acf_changed":false,"om_disable_all_campaigns":false,"footnotes":""},"class_list":["post-47326","page","type-page","status-publish","has-post-thumbnail","hentry"],"acf":[],"yoast_head":"<!-- This site is optimized with the Yoast SEO Premium plugin v25.4 (Yoast SEO v27.2) - https:\/\/yoast.com\/product\/yoast-seo-premium-wordpress\/ -->\n<title>Pisciniste Nantes - Waterair, votre expert en Loire-Atlantique | Piscines Waterair<\/title>\n<meta name=\"description\" content=\"Piscines sur mesure \u00e0 Nantes : technologie brevet\u00e9e, centre d&#039;exposition \u00e0 Saint-Herblain, \u00e9tude gratuite. R\u00e9alisez votre r\u00eave de piscine d\u00e8s maintenant !\" \/>\n<meta name=\"robots\" content=\"index, follow, max-snippet:-1, max-image-preview:large, max-video-preview:-1\" \/>\n<link rel=\"canonical\" href=\"https:\/\/www.waterair.com\/fr\/etude-implantation\/pays-de-la-loire\/loire-atlantique\/nantes\" \/>\n<meta property=\"og:locale\" content=\"fr_FR\" \/>\n<meta property=\"og:type\" content=\"article\" \/>\n<meta property=\"og:title\" content=\"Nantes : Waterair, votre expert piscine en kit sur mesure\" \/>\n<meta property=\"og:description\" content=\"Piscines sur mesure \u00e0 Nantes : technologie brevet\u00e9e, centre d&#039;exposition \u00e0 Saint-Herblain, \u00e9tude gratuite. R\u00e9alisez votre r\u00eave de piscine d\u00e8s maintenant !\" \/>\n<meta property=\"og:url\" content=\"https:\/\/www.waterair.com\/fr\/etude-implantation\/pays-de-la-loire\/loire-atlantique\/nantes\" \/>\n<meta property=\"og:site_name\" content=\"Piscines Waterair\" \/>\n<meta property=\"article:modified_time\" content=\"2025-08-27T13:35:12+00:00\" \/>\n<meta property=\"og:image\" content=\"https:\/\/www.waterair.com\/wp-content\/uploads\/2024\/11\/nina-header-mini-piscine.webp\" \/>\n\t<meta property=\"og:image:width\" content=\"2720\" \/>\n\t<meta property=\"og:image:height\" content=\"640\" \/>\n\t<meta property=\"og:image:type\" content=\"image\/webp\" \/>\n<meta name=\"twitter:card\" content=\"summary_large_image\" \/>\n<meta name=\"twitter:label1\" content=\"Dur\u00e9e de lecture estim\u00e9e\" \/>\n\t<meta name=\"twitter:data1\" content=\"3 minutes\" \/>\n<script type=\"application\/ld+json\" class=\"yoast-schema-graph\">{\"@context\":\"https:\/\/schema.org\",\"@graph\":[{\"@type\":\"WebPage\",\"@id\":\"https:\/\/www.waterair.com\/fr\/etude-implantation\/pays-de-la-loire\/loire-atlantique\/nantes\",\"url\":\"https:\/\/www.waterair.com\/fr\/etude-implantation\/pays-de-la-loire\/loire-atlantique\/nantes\",\"name\":\"Pisciniste Nantes - Waterair, votre expert en Loire-Atlantique | Piscines Waterair\",\"isPartOf\":{\"@id\":\"https:\/\/www.waterair.com\/fr\/#website\"},\"primaryImageOfPage\":{\"@id\":\"https:\/\/www.waterair.com\/fr\/etude-implantation\/pays-de-la-loire\/loire-atlantique\/nantes#primaryimage\"},\"image\":{\"@id\":\"https:\/\/www.waterair.com\/fr\/etude-implantation\/pays-de-la-loire\/loire-atlantique\/nantes#primaryimage\"},\"thumbnailUrl\":\"https:\/\/www.waterair.com\/wp-content\/uploads\/2024\/11\/nina-header-mini-piscine.webp\",\"datePublished\":\"2021-11-02T03:08:44+00:00\",\"dateModified\":\"2025-08-27T13:35:12+00:00\",\"description\":\"Piscines sur mesure \u00e0 Nantes : technologie brevet\u00e9e, centre d'exposition \u00e0 Saint-Herblain, \u00e9tude gratuite. R\u00e9alisez votre r\u00eave de piscine d\u00e8s maintenant !\",\"breadcrumb\":{\"@id\":\"https:\/\/www.waterair.com\/fr\/etude-implantation\/pays-de-la-loire\/loire-atlantique\/nantes#breadcrumb\"},\"inLanguage\":\"fr-FR\",\"potentialAction\":[{\"@type\":\"ReadAction\",\"target\":[\"https:\/\/www.waterair.com\/fr\/etude-implantation\/pays-de-la-loire\/loire-atlantique\/nantes\"]}]},{\"@type\":\"ImageObject\",\"inLanguage\":\"fr-FR\",\"@id\":\"https:\/\/www.waterair.com\/fr\/etude-implantation\/pays-de-la-loire\/loire-atlantique\/nantes#primaryimage\",\"url\":\"https:\/\/www.waterair.com\/wp-content\/uploads\/2024\/11\/nina-header-mini-piscine.webp\",\"contentUrl\":\"https:\/\/www.waterair.com\/wp-content\/uploads\/2024\/11\/nina-header-mini-piscine.webp\",\"width\":2720,\"height\":640,\"caption\":\"mini piscine semi enterr\u00e9e\"},{\"@type\":\"BreadcrumbList\",\"@id\":\"https:\/\/www.waterair.com\/fr\/etude-implantation\/pays-de-la-loire\/loire-atlantique\/nantes#breadcrumb\",\"itemListElement\":[{\"@type\":\"ListItem\",\"position\":1,\"name\":\"Accueil\",\"item\":\"https:\/\/www.waterair.com\/fr\"},{\"@type\":\"ListItem\",\"position\":2,\"name\":\"Etude d&rsquo;implantation piscine\",\"item\":\"https:\/\/www.waterair.com\/fr\/etude-implantation\"},{\"@type\":\"ListItem\",\"position\":3,\"name\":\"Pays-de-la-Loire\",\"item\":\"https:\/\/www.waterair.com\/fr\/etude-implantation\/pays-de-la-loire\"},{\"@type\":\"ListItem\",\"position\":4,\"name\":\"Loire-Atlantique\",\"item\":\"https:\/\/www.waterair.com\/fr\/etude-implantation\/pays-de-la-loire\/loire-atlantique\"},{\"@type\":\"ListItem\",\"position\":5,\"name\":\"Nantes : Waterair, votre expert piscine en kit sur mesure\"}]},{\"@type\":\"WebSite\",\"@id\":\"https:\/\/www.waterair.com\/fr\/#website\",\"url\":\"https:\/\/www.waterair.com\/fr\/\",\"name\":\"Piscines Waterair\",\"description\":\"\",\"potentialAction\":[{\"@type\":\"SearchAction\",\"target\":{\"@type\":\"EntryPoint\",\"urlTemplate\":\"https:\/\/www.waterair.com\/fr\/?s={search_term_string}\"},\"query-input\":{\"@type\":\"PropertyValueSpecification\",\"valueRequired\":true,\"valueName\":\"search_term_string\"}}],\"inLanguage\":\"fr-FR\"}]}<\/script>\n<!-- \/ Yoast SEO Premium plugin. -->","yoast_head_json":{"title":"Pisciniste Nantes - Waterair, votre expert en Loire-Atlantique | Piscines Waterair","description":"Piscines sur mesure \u00e0 Nantes : technologie brevet\u00e9e, centre d'exposition \u00e0 Saint-Herblain, \u00e9tude gratuite. R\u00e9alisez votre r\u00eave de piscine d\u00e8s maintenant !","robots":{"index":"index","follow":"follow","max-snippet":"max-snippet:-1","max-image-preview":"max-image-preview:large","max-video-preview":"max-video-preview:-1"},"canonical":"https:\/\/www.waterair.com\/fr\/etude-implantation\/pays-de-la-loire\/loire-atlantique\/nantes","og_locale":"fr_FR","og_type":"article","og_title":"Nantes : Waterair, votre expert piscine en kit sur mesure","og_description":"Piscines sur mesure \u00e0 Nantes : technologie brevet\u00e9e, centre d'exposition \u00e0 Saint-Herblain, \u00e9tude gratuite. R\u00e9alisez votre r\u00eave de piscine d\u00e8s maintenant !","og_url":"https:\/\/www.waterair.com\/fr\/etude-implantation\/pays-de-la-loire\/loire-atlantique\/nantes","og_site_name":"Piscines Waterair","article_modified_time":"2025-08-27T13:35:12+00:00","og_image":[{"width":2720,"height":640,"url":"https:\/\/www.waterair.com\/wp-content\/uploads\/2024\/11\/nina-header-mini-piscine.webp","type":"image\/webp"}],"twitter_card":"summary_large_image","twitter_misc":{"Dur\u00e9e de lecture estim\u00e9e":"3 minutes"},"schema":{"@context":"https:\/\/schema.org","@graph":[{"@type":"WebPage","@id":"https:\/\/www.waterair.com\/fr\/etude-implantation\/pays-de-la-loire\/loire-atlantique\/nantes","url":"https:\/\/www.waterair.com\/fr\/etude-implantation\/pays-de-la-loire\/loire-atlantique\/nantes","name":"Pisciniste Nantes - Waterair, votre expert en Loire-Atlantique | Piscines Waterair","isPartOf":{"@id":"https:\/\/www.waterair.com\/fr\/#website"},"primaryImageOfPage":{"@id":"https:\/\/www.waterair.com\/fr\/etude-implantation\/pays-de-la-loire\/loire-atlantique\/nantes#primaryimage"},"image":{"@id":"https:\/\/www.waterair.com\/fr\/etude-implantation\/pays-de-la-loire\/loire-atlantique\/nantes#primaryimage"},"thumbnailUrl":"https:\/\/www.waterair.com\/wp-content\/uploads\/2024\/11\/nina-header-mini-piscine.webp","datePublished":"2021-11-02T03:08:44+00:00","dateModified":"2025-08-27T13:35:12+00:00","description":"Piscines sur mesure \u00e0 Nantes : technologie brevet\u00e9e, centre d'exposition \u00e0 Saint-Herblain, \u00e9tude gratuite. R\u00e9alisez votre r\u00eave de piscine d\u00e8s maintenant !","breadcrumb":{"@id":"https:\/\/www.waterair.com\/fr\/etude-implantation\/pays-de-la-loire\/loire-atlantique\/nantes#breadcrumb"},"inLanguage":"fr-FR","potentialAction":[{"@type":"ReadAction","target":["https:\/\/www.waterair.com\/fr\/etude-implantation\/pays-de-la-loire\/loire-atlantique\/nantes"]}]},{"@type":"ImageObject","inLanguage":"fr-FR","@id":"https:\/\/www.waterair.com\/fr\/etude-implantation\/pays-de-la-loire\/loire-atlantique\/nantes#primaryimage","url":"https:\/\/www.waterair.com\/wp-content\/uploads\/2024\/11\/nina-header-mini-piscine.webp","contentUrl":"https:\/\/www.waterair.com\/wp-content\/uploads\/2024\/11\/nina-header-mini-piscine.webp","width":2720,"height":640,"caption":"mini piscine semi enterr\u00e9e"},{"@type":"BreadcrumbList","@id":"https:\/\/www.waterair.com\/fr\/etude-implantation\/pays-de-la-loire\/loire-atlantique\/nantes#breadcrumb","itemListElement":[{"@type":"ListItem","position":1,"name":"Accueil","item":"https:\/\/www.waterair.com\/fr"},{"@type":"ListItem","position":2,"name":"Etude d&rsquo;implantation piscine","item":"https:\/\/www.waterair.com\/fr\/etude-implantation"},{"@type":"ListItem","position":3,"name":"Pays-de-la-Loire","item":"https:\/\/www.waterair.com\/fr\/etude-implantation\/pays-de-la-loire"},{"@type":"ListItem","position":4,"name":"Loire-Atlantique","item":"https:\/\/www.waterair.com\/fr\/etude-implantation\/pays-de-la-loire\/loire-atlantique"},{"@type":"ListItem","position":5,"name":"Nantes : Waterair, votre expert piscine en kit sur mesure"}]},{"@type":"WebSite","@id":"https:\/\/www.waterair.com\/fr\/#website","url":"https:\/\/www.waterair.com\/fr\/","name":"Piscines Waterair","description":"","potentialAction":[{"@type":"SearchAction","target":{"@type":"EntryPoint","urlTemplate":"https:\/\/www.waterair.com\/fr\/?s={search_term_string}"},"query-input":{"@type":"PropertyValueSpecification","valueRequired":true,"valueName":"search_term_string"}}],"inLanguage":"fr-FR"}]}},"_links":{"self":[{"href":"https:\/\/www.waterair.com\/fr\/wp-json\/wp\/v2\/pages\/47326","targetHints":{"allow":["GET"]}}],"collection":[{"href":"https:\/\/www.waterair.com\/fr\/wp-json\/wp\/v2\/pages"}],"about":[{"href":"https:\/\/www.waterair.com\/fr\/wp-json\/wp\/v2\/types\/page"}],"author":[{"embeddable":true,"href":"https:\/\/www.waterair.com\/fr\/wp-json\/wp\/v2\/users\/1"}],"replies":[{"embeddable":true,"href":"https:\/\/www.waterair.com\/fr\/wp-json\/wp\/v2\/comments?post=47326"}],"version-history":[{"count":5,"href":"https:\/\/www.waterair.com\/fr\/wp-json\/wp\/v2\/pages\/47326\/revisions"}],"predecessor-version":[{"id":539916,"href":"https:\/\/www.waterair.com\/fr\/wp-json\/wp\/v2\/pages\/47326\/revisions\/539916"}],"up":[{"embeddable":true,"href":"https:\/\/www.waterair.com\/fr\/wp-json\/wp\/v2\/pages\/45756"}],"wp:featuredmedia":[{"embeddable":true,"href":"https:\/\/www.waterair.com\/fr\/wp-json\/wp\/v2\/media\/474166"}],"wp:attachment":[{"href":"https:\/\/www.waterair.com\/fr\/wp-json\/wp\/v2\/media?parent=47326"}],"curies":[{"name":"wp","href":"https:\/\/api.w.org\/{rel}","templated":true}]}}