{"id":47698,"date":"2021-11-02T04:12:49","date_gmt":"2021-11-02T03:12:49","guid":{"rendered":"https:\/\/waterair-preprod2.adipso.fr\/grand-est\/moselle\/metz"},"modified":"2026-03-30T08:32:09","modified_gmt":"2026-03-30T06:32:09","slug":"metz","status":"publish","type":"page","link":"https:\/\/www.waterair.com\/fr\/etude-implantation\/grand-est\/moselle\/metz","title":{"rendered":"Metz : Waterair, votre expert piscine en kit sur mesure"},"content":{"rendered":"<div class=\"container block--core-paragraph\"><div class=\"row\"><div class=\"col-12 \">\n<p><strong>Transformez votre jardin \u00e0 Metz en v\u00e9ritable oasis de d\u00e9tente ! Votre projet piscine prend vie avec Waterair, sp\u00e9cialiste alsacien des piscines personnalis\u00e9es.<\/strong><\/p>\n<\/div><\/div><\/div>\n\n    <div  class=\"block-button content-block mb-0 mt-2\" data-tab-section>\n        <div class=\"container\">\n            <div class=\"row\">\n                <div class=\"col-12 col-md-10 offset-md-1\">\n                    <div class=\"d-flex flex-wrap flex-column flex-md-row justify-content-center spaced-md-4 mt-6 mb-5 mb-md-0\">\n                                                        <a\tdata-wa=\"button\" data-wa-wave=\"secondary\"\n\tclass=\"btn btn--secondary mb-0 mb-md-5\"\n\t\t\thref=\"https:\/\/rdv.waterair.com\/\"\n\t\t>\n\t\tObtenir un rendez-vous    <\/a>\n                                                                    <\/div>\n                <\/div>\n            <\/div>\n        <\/div>\n    <\/div>\n\n\n    <div  class=\"block-content content-block \">\n        <div class=\"container\">\n            <div class=\"row\">\n                <div class=\"col-12 \">\n                    <div data-wa=\"fade-up\" class=\"block-content__content\">\n                        <h2>Waterair Metz : 50 ans d&rsquo;expertise au service de votre projet piscine<\/h2>\n<p>Vous r\u00eavez d&rsquo;une piscine qui s&rsquo;adapte parfaitement \u00e0 votre terrain et \u00e0 vos envies ? <strong>Waterair r\u00e9volutionne votre \u00e9t\u00e9<\/strong> avec ses <a href=\"https:\/\/www.waterair.com\/fr\/piscines-et-equipements\/piscines\/types-de-piscine\/piscine-en-kit\">piscines en kit<\/a>\u00a0enti\u00e8rement personnalisables ! Leader europ\u00e9en fort de plus de 50 ans d&rsquo;exp\u00e9rience, nous cr\u00e9ons <strong>le bassin qui vous ressemble<\/strong> : rectangulaire classique, mini-piscine intimiste ou forme libre originale. Notre concept innovant vous permet de concr\u00e9tiser votre projet de piscine, avec une solution sur mesure adapt\u00e9e \u00e0 votre jardin mosellan, quel que soit votre budget.<\/p>\n                    <\/div>\n                <\/div>\n            <\/div>\n        <\/div>\n    <\/div>\n\n\n<div  class=\"block-content-media  content-block   has-no-title\">\n            <div class=\"container\">\n            <div class=\"row\">\n                <div class=\"col\">\n                    <div class=\"row flex-column flex-md-row align-items-center\">\n                        <div class=\"content-block__col col-lg-6 col-xl-7 d-flex flex-column align-items-md-start order-lg-2\">\n                                                                                                                                                <div data-wa=\"fade-up\" data-wa-delay=\"400\" class=\"content-block__description text--sm text-weight--300 mb-0\">\n                                    <h2>Une technologie brevet\u00e9e, r\u00e9sistante aux sp\u00e9cificit\u00e9s de Metz<\/h2>\n<p><strong>D\u00e9couvrez l&rsquo;innovation qui fait la diff\u00e9rence !<\/strong> Nos piscines utilisent une technologie exclusive de <a href=\"https:\/\/www.waterair.com\/fr\/le-groupe\/le-panneau-waterair\">panneaux en acier<\/a>, con\u00e7ue pour faire face \u00e0 toutes les conditions climatiques :<\/p>\n<ul>\n<li><strong>R\u00e9sistance exceptionnelle<\/strong> : nos panneaux supportent 4 fois la pression maximale exerc\u00e9e sur la structure de la piscine ;<\/li>\n<li><strong>Durabilit\u00e9 incomparable<\/strong> : protection multicouche et garantie 30 ans ;<\/li>\n<li><strong>Polyvalence totale<\/strong> : installation enterr\u00e9e, semi-enterr\u00e9e ou hors-sol selon votre pr\u00e9f\u00e9rence ;<\/li>\n<li><strong>Adaptabilit\u00e9 parfaite<\/strong> : r\u00e9siste aux variations de terrain et aux gel\u00e9es caract\u00e9ristiques de la Lorraine ;<\/li>\n<li><strong>Montage simplifi\u00e9<\/strong> : assemblage rapide gr\u00e2ce \u00e0 nos panneaux modulaires.<\/li>\n<\/ul>\n                                <\/div>\n                                                                                        <div data-wa=\"fade-up\" data-wa-delay=\"500\">\n                                                                    <\/div>\n                                                    <\/div>\n                                                                                <div class=\"content-block__col content-block__col--media col-lg-6 col-xl-5 order-lg-3  \">\n                                <div class=\"content-block__media   is-not-absolute\">\n                                    \n                                                                            <span data-wa=\"image\">\n                                                                                            <img loading=\"lazy\" decoding=\"async\" width=\"880\" height=\"1173\" src=\"https:\/\/www.waterair.com\/wp-content\/uploads\/2021\/12\/webp-waterair-steinbrunn-3533-880x1173.webp\" class=\"attachment-content_media_2x size-content_media_2x\" alt=\"couloir de nage enterr\u00e9e avec \u00e9chelle\" srcset=\"https:\/\/www.waterair.com\/wp-content\/uploads\/2021\/12\/webp-waterair-steinbrunn-3533-880x1173.webp 880w, https:\/\/www.waterair.com\/wp-content\/uploads\/2021\/12\/webp-waterair-steinbrunn-3533-1080x1440.webp 1080w, https:\/\/www.waterair.com\/wp-content\/uploads\/2021\/12\/webp-waterair-steinbrunn-3533-768x1024.webp 768w, https:\/\/www.waterair.com\/wp-content\/uploads\/2021\/12\/webp-waterair-steinbrunn-3533-1152x1536.webp 1152w, https:\/\/www.waterair.com\/wp-content\/uploads\/2021\/12\/webp-waterair-steinbrunn-3533-440x587.webp 440w, https:\/\/www.waterair.com\/wp-content\/uploads\/2021\/12\/webp-waterair-steinbrunn-3533-920x1227.webp 920w, https:\/\/www.waterair.com\/wp-content\/uploads\/2021\/12\/webp-waterair-steinbrunn-3533.webp 1536w\" sizes=\"auto, (max-width: 880px) 100vw, 880px\" \/>                                                                                    <\/span>\n                                                                        \n                                <\/div>\n                            <\/div>\n                                            <\/div>\n                <\/div>\n            <\/div>\n        <\/div>\n    <\/div>\n\n<div  class=\"block-content-media  content-block   has-no-title\">\n            <div class=\"container\">\n            <div class=\"row\">\n                <div class=\"col\">\n                    <div class=\"row flex-column flex-md-row align-items-center\">\n                        <div class=\"content-block__col col-lg-6 col-xl-7 d-flex flex-column align-items-md-start order-lg-2\">\n                                                                                                                                                <div data-wa=\"fade-up\" data-wa-delay=\"400\" class=\"content-block__description text--sm text-weight--300 mb-0\">\n                                    <h2>Un accompagnement personnalis\u00e9 pour concr\u00e9tiser votre projet piscine<\/h2>\n<p><strong>Transformons ensemble votre vision en r\u00e9alit\u00e9 !<\/strong> Nos conseillers experts Waterair vous accompagnent \u00e0 chaque \u00e9tape de votre projet :<\/p>\n<ul>\n<li><strong>\u00c9tude gratuite<\/strong> de votre terrain \u00e0 votre domicile \u00e0 Metz et aux alentours ;<\/li>\n<li><strong>Visualisation 3D<\/strong> de votre future piscine dans votre jardin ;<\/li>\n<li><strong>Conseils d&rsquo;experts<\/strong> pour l&rsquo;orientation et l\u2019emplacement id\u00e9als ;<\/li>\n<li><strong>Accompagnement administratif<\/strong> pour toutes vos d\u00e9marches r\u00e9glementaires ;<\/li>\n<li><strong>Suivi complet<\/strong> de la conception \u00e0 la premi\u00e8re baignade.<\/li>\n<\/ul>\n                                <\/div>\n                                                                                        <div data-wa=\"fade-up\" data-wa-delay=\"500\">\n                                                                    <\/div>\n                                                    <\/div>\n                                                                                <div class=\"content-block__col content-block__col--media col-lg-6 col-xl-5 order-lg-1  \">\n                                <div class=\"content-block__media is-left  is-not-absolute\">\n                                    \n                                                                            <span data-wa=\"image\">\n                                                                                            <img loading=\"lazy\" decoding=\"async\" width=\"880\" height=\"587\" src=\"https:\/\/www.waterair.com\/wp-content\/uploads\/2025\/03\/20210921-0971-880x587.webp\" class=\"attachment-content_media_2x size-content_media_2x\" alt=\"\" srcset=\"https:\/\/www.waterair.com\/wp-content\/uploads\/2025\/03\/20210921-0971-880x587.webp 880w, https:\/\/www.waterair.com\/wp-content\/uploads\/2025\/03\/20210921-0971-1440x961.webp 1440w, https:\/\/www.waterair.com\/wp-content\/uploads\/2025\/03\/20210921-0971-768x513.webp 768w, https:\/\/www.waterair.com\/wp-content\/uploads\/2025\/03\/20210921-0971-1536x1025.webp 1536w, https:\/\/www.waterair.com\/wp-content\/uploads\/2025\/03\/20210921-0971-2048x1367.webp 2048w, https:\/\/www.waterair.com\/wp-content\/uploads\/2025\/03\/20210921-0971-440x294.webp 440w, https:\/\/www.waterair.com\/wp-content\/uploads\/2025\/03\/20210921-0971-1840x1228.webp 1840w, https:\/\/www.waterair.com\/wp-content\/uploads\/2025\/03\/20210921-0971-920x614.webp 920w\" sizes=\"auto, (max-width: 880px) 100vw, 880px\" \/>                                                                                    <\/span>\n                                                                        \n                                <\/div>\n                            <\/div>\n                                            <\/div>\n                <\/div>\n            <\/div>\n        <\/div>\n    <\/div>\n\n<div class=\"container block--core-paragraph\"><div class=\"row\"><div class=\"col-12 \">\n<p><strong>Pr\u00eat \u00e0 plonger dans votre projet ?<\/strong> Prenez <a href=\"https:\/\/rdv.waterair.com\/\">rendez-vous<\/a>&nbsp;avec nos experts pour donner vie au bassin de vos r\u00eaves !<\/p>\n<\/div><\/div><\/div>","protected":false},"excerpt":{"rendered":"<p>Transformez votre jardin \u00e0 Metz en v\u00e9ritable oasis de d\u00e9tente ! Votre projet piscine prend vie avec Waterair, sp\u00e9cialiste alsacien des piscines personnalis\u00e9es. Pr\u00eat \u00e0 plonger dans votre projet ? Prenez rendez-vous&nbsp;avec nos experts pour donner vie au bassin de vos r\u00eaves !<\/p>\n","protected":false},"author":1,"featured_media":478178,"parent":45666,"menu_order":0,"comment_status":"closed","ping_status":"closed","template":"models\/implantation.php","meta":{"_acf_changed":false,"om_disable_all_campaigns":false,"footnotes":""},"class_list":["post-47698","page","type-page","status-publish","has-post-thumbnail","hentry"],"acf":[],"yoast_head":"<!-- This site is optimized with the Yoast SEO Premium plugin v25.4 (Yoast SEO v27.2) - https:\/\/yoast.com\/product\/yoast-seo-premium-wordpress\/ -->\n<title>Pisciniste Metz - Waterair, votre expert en Lorraine | Piscines Waterair<\/title>\n<meta name=\"description\" content=\"Piscines en kit \u00e0 Metz : r\u00e9sistance aux al\u00e9as climatiques, installation simplifi\u00e9e et expertise de 50 ans. Cr\u00e9ez un espace de baignade unique et sur mesure !\" \/>\n<meta name=\"robots\" content=\"index, follow, max-snippet:-1, max-image-preview:large, max-video-preview:-1\" \/>\n<link rel=\"canonical\" href=\"https:\/\/www.waterair.com\/fr\/etude-implantation\/grand-est\/moselle\/metz\" \/>\n<meta property=\"og:locale\" content=\"fr_FR\" \/>\n<meta property=\"og:type\" content=\"article\" \/>\n<meta property=\"og:title\" content=\"Metz : Waterair, votre expert piscine en kit sur mesure\" \/>\n<meta property=\"og:description\" content=\"Piscines en kit \u00e0 Metz : r\u00e9sistance aux al\u00e9as climatiques, installation simplifi\u00e9e et expertise de 50 ans. Cr\u00e9ez un espace de baignade unique et sur mesure !\" \/>\n<meta property=\"og:url\" content=\"https:\/\/www.waterair.com\/fr\/etude-implantation\/grand-est\/moselle\/metz\" \/>\n<meta property=\"og:site_name\" content=\"Piscines Waterair\" \/>\n<meta property=\"article:modified_time\" content=\"2026-03-30T06:32:09+00:00\" \/>\n<meta property=\"og:image\" content=\"https:\/\/www.waterair.com\/wp-content\/uploads\/2024\/12\/header-page-temoignage-valerie.webp\" \/>\n\t<meta property=\"og:image:width\" content=\"2720\" \/>\n\t<meta property=\"og:image:height\" content=\"640\" \/>\n\t<meta property=\"og:image:type\" content=\"image\/webp\" \/>\n<meta name=\"twitter:card\" content=\"summary_large_image\" \/>\n<meta name=\"twitter:label1\" content=\"Dur\u00e9e de lecture estim\u00e9e\" \/>\n\t<meta name=\"twitter:data1\" content=\"3 minutes\" \/>\n<script type=\"application\/ld+json\" class=\"yoast-schema-graph\">{\"@context\":\"https:\/\/schema.org\",\"@graph\":[{\"@type\":\"WebPage\",\"@id\":\"https:\/\/www.waterair.com\/fr\/etude-implantation\/grand-est\/moselle\/metz\",\"url\":\"https:\/\/www.waterair.com\/fr\/etude-implantation\/grand-est\/moselle\/metz\",\"name\":\"Pisciniste Metz - Waterair, votre expert en Lorraine | Piscines Waterair\",\"isPartOf\":{\"@id\":\"https:\/\/www.waterair.com\/fr\/#website\"},\"primaryImageOfPage\":{\"@id\":\"https:\/\/www.waterair.com\/fr\/etude-implantation\/grand-est\/moselle\/metz#primaryimage\"},\"image\":{\"@id\":\"https:\/\/www.waterair.com\/fr\/etude-implantation\/grand-est\/moselle\/metz#primaryimage\"},\"thumbnailUrl\":\"https:\/\/www.waterair.com\/wp-content\/uploads\/2024\/12\/header-page-temoignage-valerie.webp\",\"datePublished\":\"2021-11-02T03:12:49+00:00\",\"dateModified\":\"2026-03-30T06:32:09+00:00\",\"description\":\"Piscines en kit \u00e0 Metz : r\u00e9sistance aux al\u00e9as climatiques, installation simplifi\u00e9e et expertise de 50 ans. Cr\u00e9ez un espace de baignade unique et sur mesure !\",\"breadcrumb\":{\"@id\":\"https:\/\/www.waterair.com\/fr\/etude-implantation\/grand-est\/moselle\/metz#breadcrumb\"},\"inLanguage\":\"fr-FR\",\"potentialAction\":[{\"@type\":\"ReadAction\",\"target\":[\"https:\/\/www.waterair.com\/fr\/etude-implantation\/grand-est\/moselle\/metz\"]}]},{\"@type\":\"ImageObject\",\"inLanguage\":\"fr-FR\",\"@id\":\"https:\/\/www.waterair.com\/fr\/etude-implantation\/grand-est\/moselle\/metz#primaryimage\",\"url\":\"https:\/\/www.waterair.com\/wp-content\/uploads\/2024\/12\/header-page-temoignage-valerie.webp\",\"contentUrl\":\"https:\/\/www.waterair.com\/wp-content\/uploads\/2024\/12\/header-page-temoignage-valerie.webp\",\"width\":2720,\"height\":640},{\"@type\":\"BreadcrumbList\",\"@id\":\"https:\/\/www.waterair.com\/fr\/etude-implantation\/grand-est\/moselle\/metz#breadcrumb\",\"itemListElement\":[{\"@type\":\"ListItem\",\"position\":1,\"name\":\"Accueil\",\"item\":\"https:\/\/www.waterair.com\/fr\"},{\"@type\":\"ListItem\",\"position\":2,\"name\":\"Etude d&rsquo;implantation piscine\",\"item\":\"https:\/\/www.waterair.com\/fr\/etude-implantation\"},{\"@type\":\"ListItem\",\"position\":3,\"name\":\"Grand Est\",\"item\":\"https:\/\/www.waterair.com\/fr\/etude-implantation\/grand-est\"},{\"@type\":\"ListItem\",\"position\":4,\"name\":\"Moselle\",\"item\":\"https:\/\/www.waterair.com\/fr\/etude-implantation\/grand-est\/moselle\"},{\"@type\":\"ListItem\",\"position\":5,\"name\":\"Metz : Waterair, votre expert piscine en kit sur mesure\"}]},{\"@type\":\"WebSite\",\"@id\":\"https:\/\/www.waterair.com\/fr\/#website\",\"url\":\"https:\/\/www.waterair.com\/fr\/\",\"name\":\"Piscines Waterair\",\"description\":\"\",\"potentialAction\":[{\"@type\":\"SearchAction\",\"target\":{\"@type\":\"EntryPoint\",\"urlTemplate\":\"https:\/\/www.waterair.com\/fr\/?s={search_term_string}\"},\"query-input\":{\"@type\":\"PropertyValueSpecification\",\"valueRequired\":true,\"valueName\":\"search_term_string\"}}],\"inLanguage\":\"fr-FR\"}]}<\/script>\n<!-- \/ Yoast SEO Premium plugin. -->","yoast_head_json":{"title":"Pisciniste Metz - Waterair, votre expert en Lorraine | Piscines Waterair","description":"Piscines en kit \u00e0 Metz : r\u00e9sistance aux al\u00e9as climatiques, installation simplifi\u00e9e et expertise de 50 ans. Cr\u00e9ez un espace de baignade unique et sur mesure !","robots":{"index":"index","follow":"follow","max-snippet":"max-snippet:-1","max-image-preview":"max-image-preview:large","max-video-preview":"max-video-preview:-1"},"canonical":"https:\/\/www.waterair.com\/fr\/etude-implantation\/grand-est\/moselle\/metz","og_locale":"fr_FR","og_type":"article","og_title":"Metz : Waterair, votre expert piscine en kit sur mesure","og_description":"Piscines en kit \u00e0 Metz : r\u00e9sistance aux al\u00e9as climatiques, installation simplifi\u00e9e et expertise de 50 ans. Cr\u00e9ez un espace de baignade unique et sur mesure !","og_url":"https:\/\/www.waterair.com\/fr\/etude-implantation\/grand-est\/moselle\/metz","og_site_name":"Piscines Waterair","article_modified_time":"2026-03-30T06:32:09+00:00","og_image":[{"width":2720,"height":640,"url":"https:\/\/www.waterair.com\/wp-content\/uploads\/2024\/12\/header-page-temoignage-valerie.webp","type":"image\/webp"}],"twitter_card":"summary_large_image","twitter_misc":{"Dur\u00e9e de lecture estim\u00e9e":"3 minutes"},"schema":{"@context":"https:\/\/schema.org","@graph":[{"@type":"WebPage","@id":"https:\/\/www.waterair.com\/fr\/etude-implantation\/grand-est\/moselle\/metz","url":"https:\/\/www.waterair.com\/fr\/etude-implantation\/grand-est\/moselle\/metz","name":"Pisciniste Metz - Waterair, votre expert en Lorraine | Piscines Waterair","isPartOf":{"@id":"https:\/\/www.waterair.com\/fr\/#website"},"primaryImageOfPage":{"@id":"https:\/\/www.waterair.com\/fr\/etude-implantation\/grand-est\/moselle\/metz#primaryimage"},"image":{"@id":"https:\/\/www.waterair.com\/fr\/etude-implantation\/grand-est\/moselle\/metz#primaryimage"},"thumbnailUrl":"https:\/\/www.waterair.com\/wp-content\/uploads\/2024\/12\/header-page-temoignage-valerie.webp","datePublished":"2021-11-02T03:12:49+00:00","dateModified":"2026-03-30T06:32:09+00:00","description":"Piscines en kit \u00e0 Metz : r\u00e9sistance aux al\u00e9as climatiques, installation simplifi\u00e9e et expertise de 50 ans. Cr\u00e9ez un espace de baignade unique et sur mesure !","breadcrumb":{"@id":"https:\/\/www.waterair.com\/fr\/etude-implantation\/grand-est\/moselle\/metz#breadcrumb"},"inLanguage":"fr-FR","potentialAction":[{"@type":"ReadAction","target":["https:\/\/www.waterair.com\/fr\/etude-implantation\/grand-est\/moselle\/metz"]}]},{"@type":"ImageObject","inLanguage":"fr-FR","@id":"https:\/\/www.waterair.com\/fr\/etude-implantation\/grand-est\/moselle\/metz#primaryimage","url":"https:\/\/www.waterair.com\/wp-content\/uploads\/2024\/12\/header-page-temoignage-valerie.webp","contentUrl":"https:\/\/www.waterair.com\/wp-content\/uploads\/2024\/12\/header-page-temoignage-valerie.webp","width":2720,"height":640},{"@type":"BreadcrumbList","@id":"https:\/\/www.waterair.com\/fr\/etude-implantation\/grand-est\/moselle\/metz#breadcrumb","itemListElement":[{"@type":"ListItem","position":1,"name":"Accueil","item":"https:\/\/www.waterair.com\/fr"},{"@type":"ListItem","position":2,"name":"Etude d&rsquo;implantation piscine","item":"https:\/\/www.waterair.com\/fr\/etude-implantation"},{"@type":"ListItem","position":3,"name":"Grand Est","item":"https:\/\/www.waterair.com\/fr\/etude-implantation\/grand-est"},{"@type":"ListItem","position":4,"name":"Moselle","item":"https:\/\/www.waterair.com\/fr\/etude-implantation\/grand-est\/moselle"},{"@type":"ListItem","position":5,"name":"Metz : Waterair, votre expert piscine en kit sur mesure"}]},{"@type":"WebSite","@id":"https:\/\/www.waterair.com\/fr\/#website","url":"https:\/\/www.waterair.com\/fr\/","name":"Piscines Waterair","description":"","potentialAction":[{"@type":"SearchAction","target":{"@type":"EntryPoint","urlTemplate":"https:\/\/www.waterair.com\/fr\/?s={search_term_string}"},"query-input":{"@type":"PropertyValueSpecification","valueRequired":true,"valueName":"search_term_string"}}],"inLanguage":"fr-FR"}]}},"_links":{"self":[{"href":"https:\/\/www.waterair.com\/fr\/wp-json\/wp\/v2\/pages\/47698","targetHints":{"allow":["GET"]}}],"collection":[{"href":"https:\/\/www.waterair.com\/fr\/wp-json\/wp\/v2\/pages"}],"about":[{"href":"https:\/\/www.waterair.com\/fr\/wp-json\/wp\/v2\/types\/page"}],"author":[{"embeddable":true,"href":"https:\/\/www.waterair.com\/fr\/wp-json\/wp\/v2\/users\/1"}],"replies":[{"embeddable":true,"href":"https:\/\/www.waterair.com\/fr\/wp-json\/wp\/v2\/comments?post=47698"}],"version-history":[{"count":5,"href":"https:\/\/www.waterair.com\/fr\/wp-json\/wp\/v2\/pages\/47698\/revisions"}],"predecessor-version":[{"id":610391,"href":"https:\/\/www.waterair.com\/fr\/wp-json\/wp\/v2\/pages\/47698\/revisions\/610391"}],"up":[{"embeddable":true,"href":"https:\/\/www.waterair.com\/fr\/wp-json\/wp\/v2\/pages\/45666"}],"wp:featuredmedia":[{"embeddable":true,"href":"https:\/\/www.waterair.com\/fr\/wp-json\/wp\/v2\/media\/478178"}],"wp:attachment":[{"href":"https:\/\/www.waterair.com\/fr\/wp-json\/wp\/v2\/media?parent=47698"}],"curies":[{"name":"wp","href":"https:\/\/api.w.org\/{rel}","templated":true}]}}