{"id":478141,"date":"2024-12-12T14:01:02","date_gmt":"2024-12-12T13:01:02","guid":{"rendered":"https:\/\/www.waterair.com\/?page_id=478141"},"modified":"2025-11-26T17:11:05","modified_gmt":"2025-11-26T16:11:05","slug":"temoignage-de-nathalie","status":"publish","type":"page","link":"https:\/\/www.waterair.com\/fr\/temoignage-de-nathalie","title":{"rendered":"T\u00e9moignage de Nathalie"},"content":{"rendered":"<div class=\"container block--core-paragraph\"><div class=\"row\"><div class=\"col-12 \">\n<p>Avis client, t\u00e9moignage : retrouvez aujourd&rsquo;hui en vid\u00e9o le t\u00e9moignage de Nathalie, au bord de sa piscine Waterair Emilie, forme rectangle.<\/p>\n<\/div><\/div><\/div>\n\n<div class=\"container block--core-paragraph\"><div class=\"row\"><div class=\"col-12 \">\n<p>D\u00e9couvrez pourquoi Nathalie a choisi Waterair pour sa piscine \u00e9coresponsable ! S\u00e9duite par notre engagement environnemental, elle a opt\u00e9 pour une piscine con\u00e7ue avec des \u00e9quipements en faveur de la plan\u00e8te. Elle nous raconte \u00e9galement comment elle a pu personnaliser sa piscine pour qu&rsquo;elle s&rsquo;int\u00e8gre harmonieusement dans son jardin, avec un design naturel.<\/p>\n<\/div><\/div><\/div>\n\n<div data-wa=\"fade-up\"  class=\"block-media  content-block\">\n\t\t\t<div class=\"container\">\n\t\t\t<div class=\"row\">\n\t\t\t\t<div class=\"col-12 col-md-10 offset-md-1\">\n                                            <div class=\"content-block__media\">\n                                                                                                <button\n                                            class=\"content-block__button\"\n                                            data-video='{\"provider\": \"youtube\", \"id\": \"ndH9onDNpXw\", \"poster\": \"https:\/\/www.waterair.com\/wp-content\/uploads\/2024\/12\/capture-decran-2024-09-30-112049-1340x1260.webp\"}'\n                                    >\n                                        Voir la vid\u00e9o                                        <i class=\"app-icon app-icon-play-fill app-icon--sm\"><\/i>\n                                    <\/button>\n                                \n                                <img decoding=\"async\"\n                                        src=\"https:\/\/www.waterair.com\/wp-content\/uploads\/2024\/12\/capture-decran-2024-09-30-112049-920x489.webp\"\n                                        srcset=\"https:\/\/www.waterair.com\/wp-content\/uploads\/2024\/12\/capture-decran-2024-09-30-112049.webp 2x\"\n                                        alt=\"\"\n                                >\n                                                    <\/div>\n                                    <\/div>\n\t\t\t<\/div>\n\t\t<\/div>\n                    <script type=\"application\/ld+json\">\n    {\n        \"@context\": \"http:\/\/schema.org\",\n        \"@type\": \"WebPage\",\n        \"video\":\n        {\n            \"@type\": \"VideoObject\",\n            \"name\": \"Nos clients t\u00e9moignent 16 - Une piscine \u00e9coresponsable et personnalis\u00e9e\",\n            \"description\": \"Nos clients t\u00e9moignent 16 - Une piscine \u00e9coresponsable et personnalis\u00e9e\",\n            \"thumbnailUrl\": \"https:\/\/i.ytimg.com\/vi\/ndH9onDNpXw\/hqdefault.jpg\",\n            \"uploadDate\": \"2026-05-11\",\n                        \"contentUrl\": \"https:\/\/www.youtube.com\/embed\/ndH9onDNpXw\"\n        }\n    }\n<\/script>\n        \t<\/div>\n\n\n<div class=\"container block--core-paragraph\"><div class=\"row\"><div class=\"col-12 \">\n<p><\/p>\n<\/div><\/div><\/div>","protected":false},"excerpt":{"rendered":"<p>Avis client, t\u00e9moignage : retrouvez aujourd&rsquo;hui en vid\u00e9o le t\u00e9moignage de Nathalie, au bord de sa piscine Waterair Emilie, forme rectangle. D\u00e9couvrez pourquoi Nathalie a choisi Waterair pour sa piscine \u00e9coresponsable ! S\u00e9duite par notre engagement environnemental, elle a opt\u00e9 pour une piscine con\u00e7ue avec des \u00e9quipements en faveur de la plan\u00e8te. Elle nous raconte [&hellip;]<\/p>\n","protected":false},"author":31,"featured_media":478221,"parent":0,"menu_order":0,"comment_status":"closed","ping_status":"closed","template":"","meta":{"_acf_changed":false,"om_disable_all_campaigns":false,"footnotes":""},"class_list":["post-478141","page","type-page","status-publish","has-post-thumbnail","hentry"],"acf":[],"yoast_head":"<!-- This site is optimized with the Yoast SEO Premium plugin v25.4 (Yoast SEO v27.2) - https:\/\/yoast.com\/product\/yoast-seo-premium-wordpress\/ -->\n<title>T\u00e9moignage de Nathalie | Piscines Waterair<\/title>\n<meta name=\"robots\" content=\"index, follow, max-snippet:-1, max-image-preview:large, max-video-preview:-1\" \/>\n<link rel=\"canonical\" href=\"https:\/\/www.waterair.com\/fr\/temoignage-de-nathalie\" \/>\n<meta property=\"og:locale\" content=\"fr_FR\" \/>\n<meta property=\"og:type\" content=\"article\" \/>\n<meta property=\"og:title\" content=\"T\u00e9moignage de Nathalie\" \/>\n<meta property=\"og:description\" content=\"Avis client, t\u00e9moignage : retrouvez aujourd&rsquo;hui en vid\u00e9o le t\u00e9moignage de Nathalie, au bord de sa piscine Waterair Emilie, forme rectangle. D\u00e9couvrez pourquoi Nathalie a choisi Waterair pour sa piscine \u00e9coresponsable ! S\u00e9duite par notre engagement environnemental, elle a opt\u00e9 pour une piscine con\u00e7ue avec des \u00e9quipements en faveur de la plan\u00e8te. Elle nous raconte [&hellip;]\" \/>\n<meta property=\"og:url\" content=\"https:\/\/www.waterair.com\/fr\/temoignage-de-nathalie\" \/>\n<meta property=\"og:site_name\" content=\"Piscines Waterair\" \/>\n<meta property=\"article:modified_time\" content=\"2025-11-26T16:11:05+00:00\" \/>\n<meta property=\"og:image\" content=\"https:\/\/www.waterair.com\/wp-content\/uploads\/2024\/12\/header-page-temoignage-nathalie.webp\" \/>\n\t<meta property=\"og:image:width\" content=\"2720\" \/>\n\t<meta property=\"og:image:height\" content=\"640\" \/>\n\t<meta property=\"og:image:type\" content=\"image\/webp\" \/>\n<meta name=\"twitter:card\" content=\"summary_large_image\" \/>\n<meta name=\"twitter:label1\" content=\"Dur\u00e9e de lecture estim\u00e9e\" \/>\n\t<meta name=\"twitter:data1\" content=\"1 minute\" \/>\n<script type=\"application\/ld+json\" class=\"yoast-schema-graph\">{\"@context\":\"https:\/\/schema.org\",\"@graph\":[{\"@type\":\"WebPage\",\"@id\":\"https:\/\/www.waterair.com\/fr\/temoignage-de-nathalie\",\"url\":\"https:\/\/www.waterair.com\/fr\/temoignage-de-nathalie\",\"name\":\"T\u00e9moignage de Nathalie | Piscines Waterair\",\"isPartOf\":{\"@id\":\"https:\/\/www.waterair.com\/fr\/#website\"},\"primaryImageOfPage\":{\"@id\":\"https:\/\/www.waterair.com\/fr\/temoignage-de-nathalie#primaryimage\"},\"image\":{\"@id\":\"https:\/\/www.waterair.com\/fr\/temoignage-de-nathalie#primaryimage\"},\"thumbnailUrl\":\"https:\/\/www.waterair.com\/wp-content\/uploads\/2024\/12\/header-page-temoignage-nathalie.webp\",\"datePublished\":\"2024-12-12T13:01:02+00:00\",\"dateModified\":\"2025-11-26T16:11:05+00:00\",\"breadcrumb\":{\"@id\":\"https:\/\/www.waterair.com\/fr\/temoignage-de-nathalie#breadcrumb\"},\"inLanguage\":\"fr-FR\",\"potentialAction\":[{\"@type\":\"ReadAction\",\"target\":[\"https:\/\/www.waterair.com\/fr\/temoignage-de-nathalie\"]}]},{\"@type\":\"ImageObject\",\"inLanguage\":\"fr-FR\",\"@id\":\"https:\/\/www.waterair.com\/fr\/temoignage-de-nathalie#primaryimage\",\"url\":\"https:\/\/www.waterair.com\/wp-content\/uploads\/2024\/12\/header-page-temoignage-nathalie.webp\",\"contentUrl\":\"https:\/\/www.waterair.com\/wp-content\/uploads\/2024\/12\/header-page-temoignage-nathalie.webp\",\"width\":2720,\"height\":640,\"caption\":\"piscine semi enterr\u00e9e habillage pierres et bois\"},{\"@type\":\"BreadcrumbList\",\"@id\":\"https:\/\/www.waterair.com\/fr\/temoignage-de-nathalie#breadcrumb\",\"itemListElement\":[{\"@type\":\"ListItem\",\"position\":1,\"name\":\"Accueil\",\"item\":\"https:\/\/www.waterair.com\/fr\"},{\"@type\":\"ListItem\",\"position\":2,\"name\":\"T\u00e9moignage de Nathalie\"}]},{\"@type\":\"WebSite\",\"@id\":\"https:\/\/www.waterair.com\/fr\/#website\",\"url\":\"https:\/\/www.waterair.com\/fr\/\",\"name\":\"Piscines Waterair\",\"description\":\"\",\"potentialAction\":[{\"@type\":\"SearchAction\",\"target\":{\"@type\":\"EntryPoint\",\"urlTemplate\":\"https:\/\/www.waterair.com\/fr\/?s={search_term_string}\"},\"query-input\":{\"@type\":\"PropertyValueSpecification\",\"valueRequired\":true,\"valueName\":\"search_term_string\"}}],\"inLanguage\":\"fr-FR\"}]}<\/script>\n<!-- \/ Yoast SEO Premium plugin. -->","yoast_head_json":{"title":"T\u00e9moignage de Nathalie | Piscines Waterair","robots":{"index":"index","follow":"follow","max-snippet":"max-snippet:-1","max-image-preview":"max-image-preview:large","max-video-preview":"max-video-preview:-1"},"canonical":"https:\/\/www.waterair.com\/fr\/temoignage-de-nathalie","og_locale":"fr_FR","og_type":"article","og_title":"T\u00e9moignage de Nathalie","og_description":"Avis client, t\u00e9moignage : retrouvez aujourd&rsquo;hui en vid\u00e9o le t\u00e9moignage de Nathalie, au bord de sa piscine Waterair Emilie, forme rectangle. D\u00e9couvrez pourquoi Nathalie a choisi Waterair pour sa piscine \u00e9coresponsable ! S\u00e9duite par notre engagement environnemental, elle a opt\u00e9 pour une piscine con\u00e7ue avec des \u00e9quipements en faveur de la plan\u00e8te. Elle nous raconte [&hellip;]","og_url":"https:\/\/www.waterair.com\/fr\/temoignage-de-nathalie","og_site_name":"Piscines Waterair","article_modified_time":"2025-11-26T16:11:05+00:00","og_image":[{"width":2720,"height":640,"url":"https:\/\/www.waterair.com\/wp-content\/uploads\/2024\/12\/header-page-temoignage-nathalie.webp","type":"image\/webp"}],"twitter_card":"summary_large_image","twitter_misc":{"Dur\u00e9e de lecture estim\u00e9e":"1 minute"},"schema":{"@context":"https:\/\/schema.org","@graph":[{"@type":"WebPage","@id":"https:\/\/www.waterair.com\/fr\/temoignage-de-nathalie","url":"https:\/\/www.waterair.com\/fr\/temoignage-de-nathalie","name":"T\u00e9moignage de Nathalie | Piscines Waterair","isPartOf":{"@id":"https:\/\/www.waterair.com\/fr\/#website"},"primaryImageOfPage":{"@id":"https:\/\/www.waterair.com\/fr\/temoignage-de-nathalie#primaryimage"},"image":{"@id":"https:\/\/www.waterair.com\/fr\/temoignage-de-nathalie#primaryimage"},"thumbnailUrl":"https:\/\/www.waterair.com\/wp-content\/uploads\/2024\/12\/header-page-temoignage-nathalie.webp","datePublished":"2024-12-12T13:01:02+00:00","dateModified":"2025-11-26T16:11:05+00:00","breadcrumb":{"@id":"https:\/\/www.waterair.com\/fr\/temoignage-de-nathalie#breadcrumb"},"inLanguage":"fr-FR","potentialAction":[{"@type":"ReadAction","target":["https:\/\/www.waterair.com\/fr\/temoignage-de-nathalie"]}]},{"@type":"ImageObject","inLanguage":"fr-FR","@id":"https:\/\/www.waterair.com\/fr\/temoignage-de-nathalie#primaryimage","url":"https:\/\/www.waterair.com\/wp-content\/uploads\/2024\/12\/header-page-temoignage-nathalie.webp","contentUrl":"https:\/\/www.waterair.com\/wp-content\/uploads\/2024\/12\/header-page-temoignage-nathalie.webp","width":2720,"height":640,"caption":"piscine semi enterr\u00e9e habillage pierres et bois"},{"@type":"BreadcrumbList","@id":"https:\/\/www.waterair.com\/fr\/temoignage-de-nathalie#breadcrumb","itemListElement":[{"@type":"ListItem","position":1,"name":"Accueil","item":"https:\/\/www.waterair.com\/fr"},{"@type":"ListItem","position":2,"name":"T\u00e9moignage de Nathalie"}]},{"@type":"WebSite","@id":"https:\/\/www.waterair.com\/fr\/#website","url":"https:\/\/www.waterair.com\/fr\/","name":"Piscines Waterair","description":"","potentialAction":[{"@type":"SearchAction","target":{"@type":"EntryPoint","urlTemplate":"https:\/\/www.waterair.com\/fr\/?s={search_term_string}"},"query-input":{"@type":"PropertyValueSpecification","valueRequired":true,"valueName":"search_term_string"}}],"inLanguage":"fr-FR"}]}},"_links":{"self":[{"href":"https:\/\/www.waterair.com\/fr\/wp-json\/wp\/v2\/pages\/478141","targetHints":{"allow":["GET"]}}],"collection":[{"href":"https:\/\/www.waterair.com\/fr\/wp-json\/wp\/v2\/pages"}],"about":[{"href":"https:\/\/www.waterair.com\/fr\/wp-json\/wp\/v2\/types\/page"}],"author":[{"embeddable":true,"href":"https:\/\/www.waterair.com\/fr\/wp-json\/wp\/v2\/users\/31"}],"replies":[{"embeddable":true,"href":"https:\/\/www.waterair.com\/fr\/wp-json\/wp\/v2\/comments?post=478141"}],"version-history":[{"count":3,"href":"https:\/\/www.waterair.com\/fr\/wp-json\/wp\/v2\/pages\/478141\/revisions"}],"predecessor-version":[{"id":549537,"href":"https:\/\/www.waterair.com\/fr\/wp-json\/wp\/v2\/pages\/478141\/revisions\/549537"}],"wp:featuredmedia":[{"embeddable":true,"href":"https:\/\/www.waterair.com\/fr\/wp-json\/wp\/v2\/media\/478221"}],"wp:attachment":[{"href":"https:\/\/www.waterair.com\/fr\/wp-json\/wp\/v2\/media?parent=478141"}],"curies":[{"name":"wp","href":"https:\/\/api.w.org\/{rel}","templated":true}]}}