{"id":47840,"date":"2021-11-02T04:14:26","date_gmt":"2021-11-02T03:14:26","guid":{"rendered":"https:\/\/waterair-preprod2.adipso.fr\/hauts-de-france\/nord\/ostricourt"},"modified":"2021-11-28T13:42:47","modified_gmt":"2021-11-28T12:42:47","slug":"ostricourt","status":"publish","type":"page","link":"https:\/\/www.waterair.com\/fr\/etude-implantation\/hauts-de-france\/nord\/ostricourt","title":{"rendered":"Ostricourt"},"content":{"rendered":"<div class=\"container block--core-paragraph\"><div class=\"row\"><div class=\"col-12 \"><p>Personnalisables et robustes, les Piscines Waterair s\u2019installent rapidement sur tous les terrains naturels. Depuis 1972, c\u2019est plus de 139 000 familles qui ont choisi Waterair pour concr\u00e9tiser leur r\u00eave de piscine.<\/p><\/div><\/div><\/div><div class=\"container block--core-paragraph\"><div class=\"row\"><div class=\"col-12 \"><p>Envie d\u2019une piscine sur votre terrain ? Vous avez votre maison pr\u00e8s de Ostricourt (Nord, Hauts-de-France) et vous d\u00e9sirez avoir les explications d\u2019un professionnel ? Dans ce contexte, nous vous conseillons de planifier une rencontre avec l\u2019un de nos commerciaux Piscines Waterair chez vous pour r\u00e9aliser une \u00e9tude d&rsquo;implantation. Vous pourrez donc poser des questions en direct et vous informer aupr\u00e8s d\u2019un expert capable de vous orienter afin de mettre noir sur blanc vos envies et \u00e0 identifier le mod\u00e8le de piscine le plus adapt\u00e9 !<\/p><\/div><\/div><\/div>    <div  class=\"block-button content-block mb-0 mt-2\" data-tab-section>\n        <div class=\"container\">\n            <div class=\"row\">\n                <div class=\"col-12 col-md-10 offset-md-1\">\n                    <div class=\"d-flex flex-wrap flex-column flex-md-row justify-content-center spaced-md-4 mt-6 mb-5 mb-md-0\">\n                                                        <a\tdata-wa=\"button\" data-wa-wave=\"secondary\"\n\tclass=\"btn btn--secondary mb-0 mb-md-5\"\n\t\t\thref=\"#catalogue-mini-form\"\n\t\t>\n\t\tDemander un catalogue    <\/a>\n                                                                    <\/div>\n                <\/div>\n            <\/div>\n        <\/div>\n    <\/div>\n","protected":false},"excerpt":{"rendered":"<p>Personnalisables et robustes, les Piscines Waterair s\u2019installent rapidement sur tous les terrains naturels. Depuis 1972, c\u2019est plus de familles qui ont choisi Waterair pour concr\u00e9tiser leur r\u00eave de piscine. Envie d\u2019une piscine sur votre terrain ? Vous avez votre maison pr\u00e8s de Ostricourt (Nord, Hauts-de-France) et vous d\u00e9sirez avoir les explications d\u2019un professionnel ? Dans [&hellip;]<\/p>\n","protected":false},"author":1,"featured_media":0,"parent":45670,"menu_order":0,"comment_status":"closed","ping_status":"closed","template":"models\/implantation.php","meta":{"_acf_changed":false,"om_disable_all_campaigns":false,"footnotes":""},"class_list":["post-47840","page","type-page","status-publish","hentry"],"acf":[],"yoast_head":"<!-- This site is optimized with the Yoast SEO Premium plugin v25.4 (Yoast SEO v27.2) - https:\/\/yoast.com\/product\/yoast-seo-premium-wordpress\/ -->\n<title>Pisciniste Ostricourt (Nord) - \u00eatre accompagn\u00e9 : Piscines Waterair<\/title>\n<meta name=\"description\" content=\"Envie d\u2019une piscine sur votre terrain ? Vous avez votre maison pr\u00e8s de Ostricourt (Nord, Hauts-de-France) et vous d\u00e9sirez avoir les explications d\u2019un professionnel ? Dans ce contexte, nous vous conseillons de planifier une rencontre avec l\u2019un de nos commerciaux Piscines Waterair chez vous pour r\u00e9aliser une \u00e9tude d&#039;implantation. Vous pourrez donc poser des questions en direct et vous informer aupr\u00e8s d\u2019un expert capable de vous orienter afin de mettre noir sur blanc vos envies et \u00e0 identifier le mod\u00e8le de piscine le plus adapt\u00e9 !\" \/>\n<meta name=\"robots\" content=\"index, follow, max-snippet:-1, max-image-preview:large, max-video-preview:-1\" \/>\n<link rel=\"canonical\" href=\"https:\/\/www.waterair.com\/fr\/etude-implantation\/hauts-de-france\/nord\/ostricourt\" \/>\n<meta property=\"og:locale\" content=\"fr_FR\" \/>\n<meta property=\"og:type\" content=\"article\" \/>\n<meta property=\"og:title\" content=\"Ostricourt\" \/>\n<meta property=\"og:description\" content=\"Envie d\u2019une piscine sur votre terrain ? Vous avez votre maison pr\u00e8s de Ostricourt (Nord, Hauts-de-France) et vous d\u00e9sirez avoir les explications d\u2019un professionnel ? Dans ce contexte, nous vous conseillons de planifier une rencontre avec l\u2019un de nos commerciaux Piscines Waterair chez vous pour r\u00e9aliser une \u00e9tude d&#039;implantation. Vous pourrez donc poser des questions en direct et vous informer aupr\u00e8s d\u2019un expert capable de vous orienter afin de mettre noir sur blanc vos envies et \u00e0 identifier le mod\u00e8le de piscine le plus adapt\u00e9 !\" \/>\n<meta property=\"og:url\" content=\"https:\/\/www.waterair.com\/fr\/etude-implantation\/hauts-de-france\/nord\/ostricourt\" \/>\n<meta property=\"og:site_name\" content=\"Piscines Waterair\" \/>\n<meta property=\"article:modified_time\" content=\"2021-11-28T12:42:47+00:00\" \/>\n<meta name=\"twitter:card\" content=\"summary_large_image\" \/>\n<meta name=\"twitter:label1\" content=\"Dur\u00e9e de lecture estim\u00e9e\" \/>\n\t<meta name=\"twitter:data1\" content=\"1 minute\" \/>\n<script type=\"application\/ld+json\" class=\"yoast-schema-graph\">{\"@context\":\"https:\/\/schema.org\",\"@graph\":[{\"@type\":\"WebPage\",\"@id\":\"https:\/\/www.waterair.com\/fr\/etude-implantation\/hauts-de-france\/nord\/ostricourt\",\"url\":\"https:\/\/www.waterair.com\/fr\/etude-implantation\/hauts-de-france\/nord\/ostricourt\",\"name\":\"Pisciniste Ostricourt (Nord) - \u00eatre accompagn\u00e9 : Piscines Waterair\",\"isPartOf\":{\"@id\":\"https:\/\/www.waterair.com\/fr\/#website\"},\"datePublished\":\"2021-11-02T03:14:26+00:00\",\"dateModified\":\"2021-11-28T12:42:47+00:00\",\"description\":\"Envie d\u2019une piscine sur votre terrain ? Vous avez votre maison pr\u00e8s de Ostricourt (Nord, Hauts-de-France) et vous d\u00e9sirez avoir les explications d\u2019un professionnel ? Dans ce contexte, nous vous conseillons de planifier une rencontre avec l\u2019un de nos commerciaux Piscines Waterair chez vous pour r\u00e9aliser une \u00e9tude d'implantation. Vous pourrez donc poser des questions en direct et vous informer aupr\u00e8s d\u2019un expert capable de vous orienter afin de mettre noir sur blanc vos envies et \u00e0 identifier le mod\u00e8le de piscine le plus adapt\u00e9 !\",\"breadcrumb\":{\"@id\":\"https:\/\/www.waterair.com\/fr\/etude-implantation\/hauts-de-france\/nord\/ostricourt#breadcrumb\"},\"inLanguage\":\"fr-FR\",\"potentialAction\":[{\"@type\":\"ReadAction\",\"target\":[\"https:\/\/www.waterair.com\/fr\/etude-implantation\/hauts-de-france\/nord\/ostricourt\"]}]},{\"@type\":\"BreadcrumbList\",\"@id\":\"https:\/\/www.waterair.com\/fr\/etude-implantation\/hauts-de-france\/nord\/ostricourt#breadcrumb\",\"itemListElement\":[{\"@type\":\"ListItem\",\"position\":1,\"name\":\"Accueil\",\"item\":\"https:\/\/www.waterair.com\/fr\"},{\"@type\":\"ListItem\",\"position\":2,\"name\":\"Etude d&rsquo;implantation piscine\",\"item\":\"https:\/\/www.waterair.com\/fr\/etude-implantation\"},{\"@type\":\"ListItem\",\"position\":3,\"name\":\"Hauts-de-France\",\"item\":\"https:\/\/www.waterair.com\/fr\/etude-implantation\/hauts-de-france\"},{\"@type\":\"ListItem\",\"position\":4,\"name\":\"Nord\",\"item\":\"https:\/\/www.waterair.com\/fr\/etude-implantation\/hauts-de-france\/nord\"},{\"@type\":\"ListItem\",\"position\":5,\"name\":\"Ostricourt\"}]},{\"@type\":\"WebSite\",\"@id\":\"https:\/\/www.waterair.com\/fr\/#website\",\"url\":\"https:\/\/www.waterair.com\/fr\/\",\"name\":\"Piscines Waterair\",\"description\":\"\",\"potentialAction\":[{\"@type\":\"SearchAction\",\"target\":{\"@type\":\"EntryPoint\",\"urlTemplate\":\"https:\/\/www.waterair.com\/fr\/?s={search_term_string}\"},\"query-input\":{\"@type\":\"PropertyValueSpecification\",\"valueRequired\":true,\"valueName\":\"search_term_string\"}}],\"inLanguage\":\"fr-FR\"}]}<\/script>\n<!-- \/ Yoast SEO Premium plugin. -->","yoast_head_json":{"title":"Pisciniste Ostricourt (Nord) - \u00eatre accompagn\u00e9 : Piscines Waterair","description":"Envie d\u2019une piscine sur votre terrain ? Vous avez votre maison pr\u00e8s de Ostricourt (Nord, Hauts-de-France) et vous d\u00e9sirez avoir les explications d\u2019un professionnel ? Dans ce contexte, nous vous conseillons de planifier une rencontre avec l\u2019un de nos commerciaux Piscines Waterair chez vous pour r\u00e9aliser une \u00e9tude d'implantation. Vous pourrez donc poser des questions en direct et vous informer aupr\u00e8s d\u2019un expert capable de vous orienter afin de mettre noir sur blanc vos envies et \u00e0 identifier le mod\u00e8le de piscine le plus adapt\u00e9 !","robots":{"index":"index","follow":"follow","max-snippet":"max-snippet:-1","max-image-preview":"max-image-preview:large","max-video-preview":"max-video-preview:-1"},"canonical":"https:\/\/www.waterair.com\/fr\/etude-implantation\/hauts-de-france\/nord\/ostricourt","og_locale":"fr_FR","og_type":"article","og_title":"Ostricourt","og_description":"Envie d\u2019une piscine sur votre terrain ? Vous avez votre maison pr\u00e8s de Ostricourt (Nord, Hauts-de-France) et vous d\u00e9sirez avoir les explications d\u2019un professionnel ? Dans ce contexte, nous vous conseillons de planifier une rencontre avec l\u2019un de nos commerciaux Piscines Waterair chez vous pour r\u00e9aliser une \u00e9tude d'implantation. Vous pourrez donc poser des questions en direct et vous informer aupr\u00e8s d\u2019un expert capable de vous orienter afin de mettre noir sur blanc vos envies et \u00e0 identifier le mod\u00e8le de piscine le plus adapt\u00e9 !","og_url":"https:\/\/www.waterair.com\/fr\/etude-implantation\/hauts-de-france\/nord\/ostricourt","og_site_name":"Piscines Waterair","article_modified_time":"2021-11-28T12:42:47+00:00","twitter_card":"summary_large_image","twitter_misc":{"Dur\u00e9e de lecture estim\u00e9e":"1 minute"},"schema":{"@context":"https:\/\/schema.org","@graph":[{"@type":"WebPage","@id":"https:\/\/www.waterair.com\/fr\/etude-implantation\/hauts-de-france\/nord\/ostricourt","url":"https:\/\/www.waterair.com\/fr\/etude-implantation\/hauts-de-france\/nord\/ostricourt","name":"Pisciniste Ostricourt (Nord) - \u00eatre accompagn\u00e9 : Piscines Waterair","isPartOf":{"@id":"https:\/\/www.waterair.com\/fr\/#website"},"datePublished":"2021-11-02T03:14:26+00:00","dateModified":"2021-11-28T12:42:47+00:00","description":"Envie d\u2019une piscine sur votre terrain ? Vous avez votre maison pr\u00e8s de Ostricourt (Nord, Hauts-de-France) et vous d\u00e9sirez avoir les explications d\u2019un professionnel ? Dans ce contexte, nous vous conseillons de planifier une rencontre avec l\u2019un de nos commerciaux Piscines Waterair chez vous pour r\u00e9aliser une \u00e9tude d'implantation. Vous pourrez donc poser des questions en direct et vous informer aupr\u00e8s d\u2019un expert capable de vous orienter afin de mettre noir sur blanc vos envies et \u00e0 identifier le mod\u00e8le de piscine le plus adapt\u00e9 !","breadcrumb":{"@id":"https:\/\/www.waterair.com\/fr\/etude-implantation\/hauts-de-france\/nord\/ostricourt#breadcrumb"},"inLanguage":"fr-FR","potentialAction":[{"@type":"ReadAction","target":["https:\/\/www.waterair.com\/fr\/etude-implantation\/hauts-de-france\/nord\/ostricourt"]}]},{"@type":"BreadcrumbList","@id":"https:\/\/www.waterair.com\/fr\/etude-implantation\/hauts-de-france\/nord\/ostricourt#breadcrumb","itemListElement":[{"@type":"ListItem","position":1,"name":"Accueil","item":"https:\/\/www.waterair.com\/fr"},{"@type":"ListItem","position":2,"name":"Etude d&rsquo;implantation piscine","item":"https:\/\/www.waterair.com\/fr\/etude-implantation"},{"@type":"ListItem","position":3,"name":"Hauts-de-France","item":"https:\/\/www.waterair.com\/fr\/etude-implantation\/hauts-de-france"},{"@type":"ListItem","position":4,"name":"Nord","item":"https:\/\/www.waterair.com\/fr\/etude-implantation\/hauts-de-france\/nord"},{"@type":"ListItem","position":5,"name":"Ostricourt"}]},{"@type":"WebSite","@id":"https:\/\/www.waterair.com\/fr\/#website","url":"https:\/\/www.waterair.com\/fr\/","name":"Piscines Waterair","description":"","potentialAction":[{"@type":"SearchAction","target":{"@type":"EntryPoint","urlTemplate":"https:\/\/www.waterair.com\/fr\/?s={search_term_string}"},"query-input":{"@type":"PropertyValueSpecification","valueRequired":true,"valueName":"search_term_string"}}],"inLanguage":"fr-FR"}]}},"_links":{"self":[{"href":"https:\/\/www.waterair.com\/fr\/wp-json\/wp\/v2\/pages\/47840","targetHints":{"allow":["GET"]}}],"collection":[{"href":"https:\/\/www.waterair.com\/fr\/wp-json\/wp\/v2\/pages"}],"about":[{"href":"https:\/\/www.waterair.com\/fr\/wp-json\/wp\/v2\/types\/page"}],"author":[{"embeddable":true,"href":"https:\/\/www.waterair.com\/fr\/wp-json\/wp\/v2\/users\/1"}],"replies":[{"embeddable":true,"href":"https:\/\/www.waterair.com\/fr\/wp-json\/wp\/v2\/comments?post=47840"}],"version-history":[{"count":3,"href":"https:\/\/www.waterair.com\/fr\/wp-json\/wp\/v2\/pages\/47840\/revisions"}],"predecessor-version":[{"id":93926,"href":"https:\/\/www.waterair.com\/fr\/wp-json\/wp\/v2\/pages\/47840\/revisions\/93926"}],"up":[{"embeddable":true,"href":"https:\/\/www.waterair.com\/fr\/wp-json\/wp\/v2\/pages\/45670"}],"wp:attachment":[{"href":"https:\/\/www.waterair.com\/fr\/wp-json\/wp\/v2\/media?parent=47840"}],"curies":[{"name":"wp","href":"https:\/\/api.w.org\/{rel}","templated":true}]}}