{"id":47852,"date":"2021-11-02T04:14:34","date_gmt":"2021-11-02T03:14:34","guid":{"rendered":"https:\/\/waterair-preprod2.adipso.fr\/hauts-de-france\/nord\/lallaing"},"modified":"2021-11-28T13:42:49","modified_gmt":"2021-11-28T12:42:49","slug":"lallaing","status":"publish","type":"page","link":"https:\/\/www.waterair.com\/fr\/etude-implantation\/hauts-de-france\/nord\/lallaing","title":{"rendered":"Lallaing"},"content":{"rendered":"<div class=\"container block--core-paragraph\"><div class=\"row\"><div class=\"col-12 \"><p>Personnalisables et robustes, les Piscines Waterair s\u2019installent rapidement sur tous les terrains naturels. Depuis 1972, c\u2019est plus de 139 000 familles qui ont choisi Waterair pour concr\u00e9tiser leur r\u00eave de piscine.<\/p><\/div><\/div><\/div><div class=\"container block--core-paragraph\"><div class=\"row\"><div class=\"col-12 \"><p>Vous avez comme objectif de construire une piscine dans le secteur de Lallaing (Nord, Hauts-de-France) et vous aimeriez avoir de l\u2019avis d\u2019un professionnel ? Alors r\u00e9aliser une \u00e9tude d\u2019implantation de votre future piscine avec Piscines Waterair directement \u00e0 votre domicile est un excellent moyen d\u2019en d\u00e9couvrir plus. Pr\u00e9voir vos questions \u00e0 l\u2019avance vous assurera de faire la rencontre la plus compl\u00e8te possible et donc, de pr\u00e9senter au mieux vos besoins et r\u00eaves les plus fous \u00e0 notre commercial qui sera ainsi en capacit\u00e9 de vous conseiller.<\/p><\/div><\/div><\/div>    <div  class=\"block-button content-block mb-0 mt-2\" data-tab-section>\n        <div class=\"container\">\n            <div class=\"row\">\n                <div class=\"col-12 col-md-10 offset-md-1\">\n                    <div class=\"d-flex flex-wrap flex-column flex-md-row justify-content-center spaced-md-4 mt-6 mb-5 mb-md-0\">\n                                                        <a\tdata-wa=\"button\" data-wa-wave=\"secondary\"\n\tclass=\"btn btn--secondary mb-0 mb-md-5\"\n\t\t\thref=\"#catalogue-mini-form\"\n\t\t>\n\t\tDemander un catalogue    <\/a>\n                                                                    <\/div>\n                <\/div>\n            <\/div>\n        <\/div>\n    <\/div>\n","protected":false},"excerpt":{"rendered":"<p>Personnalisables et robustes, les Piscines Waterair s\u2019installent rapidement sur tous les terrains naturels. Depuis 1972, c\u2019est plus de familles qui ont choisi Waterair pour concr\u00e9tiser leur r\u00eave de piscine. Vous avez comme objectif de construire une piscine dans le secteur de Lallaing (Nord, Hauts-de-France) et vous aimeriez avoir de l\u2019avis d\u2019un professionnel ? Alors r\u00e9aliser [&hellip;]<\/p>\n","protected":false},"author":1,"featured_media":0,"parent":45670,"menu_order":0,"comment_status":"closed","ping_status":"closed","template":"models\/implantation.php","meta":{"_acf_changed":false,"om_disable_all_campaigns":false,"footnotes":""},"class_list":["post-47852","page","type-page","status-publish","hentry"],"acf":[],"yoast_head":"<!-- This site is optimized with the Yoast SEO Premium plugin v25.4 (Yoast SEO v27.2) - https:\/\/yoast.com\/product\/yoast-seo-premium-wordpress\/ -->\n<title>Pisciniste Lallaing (Nord) - \u00eatre accompagn\u00e9 : Piscines Waterair<\/title>\n<meta name=\"description\" content=\"Vous avez comme objectif de construire une piscine dans le secteur de Lallaing (Nord, Hauts-de-France) et vous aimeriez avoir de l\u2019avis d\u2019un professionnel ? Alors r\u00e9aliser une \u00e9tude d\u2019implantation de votre future piscine avec Piscines Waterair directement \u00e0 votre domicile est un excellent moyen d\u2019en d\u00e9couvrir plus. Pr\u00e9voir vos questions \u00e0 l\u2019avance vous assurera de faire la rencontre la plus compl\u00e8te possible et donc, de pr\u00e9senter au mieux vos besoins et r\u00eaves les plus fous \u00e0 notre commercial qui sera ainsi en capacit\u00e9 de vous conseiller.\" \/>\n<meta name=\"robots\" content=\"index, follow, max-snippet:-1, max-image-preview:large, max-video-preview:-1\" \/>\n<link rel=\"canonical\" href=\"https:\/\/www.waterair.com\/fr\/etude-implantation\/hauts-de-france\/nord\/lallaing\" \/>\n<meta property=\"og:locale\" content=\"fr_FR\" \/>\n<meta property=\"og:type\" content=\"article\" \/>\n<meta property=\"og:title\" content=\"Lallaing\" \/>\n<meta property=\"og:description\" content=\"Vous avez comme objectif de construire une piscine dans le secteur de Lallaing (Nord, Hauts-de-France) et vous aimeriez avoir de l\u2019avis d\u2019un professionnel ? Alors r\u00e9aliser une \u00e9tude d\u2019implantation de votre future piscine avec Piscines Waterair directement \u00e0 votre domicile est un excellent moyen d\u2019en d\u00e9couvrir plus. Pr\u00e9voir vos questions \u00e0 l\u2019avance vous assurera de faire la rencontre la plus compl\u00e8te possible et donc, de pr\u00e9senter au mieux vos besoins et r\u00eaves les plus fous \u00e0 notre commercial qui sera ainsi en capacit\u00e9 de vous conseiller.\" \/>\n<meta property=\"og:url\" content=\"https:\/\/www.waterair.com\/fr\/etude-implantation\/hauts-de-france\/nord\/lallaing\" \/>\n<meta property=\"og:site_name\" content=\"Piscines Waterair\" \/>\n<meta property=\"article:modified_time\" content=\"2021-11-28T12:42:49+00:00\" \/>\n<meta name=\"twitter:card\" content=\"summary_large_image\" \/>\n<meta name=\"twitter:label1\" content=\"Dur\u00e9e de lecture estim\u00e9e\" \/>\n\t<meta name=\"twitter:data1\" content=\"1 minute\" \/>\n<script type=\"application\/ld+json\" class=\"yoast-schema-graph\">{\"@context\":\"https:\/\/schema.org\",\"@graph\":[{\"@type\":\"WebPage\",\"@id\":\"https:\/\/www.waterair.com\/fr\/etude-implantation\/hauts-de-france\/nord\/lallaing\",\"url\":\"https:\/\/www.waterair.com\/fr\/etude-implantation\/hauts-de-france\/nord\/lallaing\",\"name\":\"Pisciniste Lallaing (Nord) - \u00eatre accompagn\u00e9 : Piscines Waterair\",\"isPartOf\":{\"@id\":\"https:\/\/www.waterair.com\/fr\/#website\"},\"datePublished\":\"2021-11-02T03:14:34+00:00\",\"dateModified\":\"2021-11-28T12:42:49+00:00\",\"description\":\"Vous avez comme objectif de construire une piscine dans le secteur de Lallaing (Nord, Hauts-de-France) et vous aimeriez avoir de l\u2019avis d\u2019un professionnel ? Alors r\u00e9aliser une \u00e9tude d\u2019implantation de votre future piscine avec Piscines Waterair directement \u00e0 votre domicile est un excellent moyen d\u2019en d\u00e9couvrir plus. Pr\u00e9voir vos questions \u00e0 l\u2019avance vous assurera de faire la rencontre la plus compl\u00e8te possible et donc, de pr\u00e9senter au mieux vos besoins et r\u00eaves les plus fous \u00e0 notre commercial qui sera ainsi en capacit\u00e9 de vous conseiller.\",\"breadcrumb\":{\"@id\":\"https:\/\/www.waterair.com\/fr\/etude-implantation\/hauts-de-france\/nord\/lallaing#breadcrumb\"},\"inLanguage\":\"fr-FR\",\"potentialAction\":[{\"@type\":\"ReadAction\",\"target\":[\"https:\/\/www.waterair.com\/fr\/etude-implantation\/hauts-de-france\/nord\/lallaing\"]}]},{\"@type\":\"BreadcrumbList\",\"@id\":\"https:\/\/www.waterair.com\/fr\/etude-implantation\/hauts-de-france\/nord\/lallaing#breadcrumb\",\"itemListElement\":[{\"@type\":\"ListItem\",\"position\":1,\"name\":\"Accueil\",\"item\":\"https:\/\/www.waterair.com\/fr\"},{\"@type\":\"ListItem\",\"position\":2,\"name\":\"Etude d&rsquo;implantation piscine\",\"item\":\"https:\/\/www.waterair.com\/fr\/etude-implantation\"},{\"@type\":\"ListItem\",\"position\":3,\"name\":\"Hauts-de-France\",\"item\":\"https:\/\/www.waterair.com\/fr\/etude-implantation\/hauts-de-france\"},{\"@type\":\"ListItem\",\"position\":4,\"name\":\"Nord\",\"item\":\"https:\/\/www.waterair.com\/fr\/etude-implantation\/hauts-de-france\/nord\"},{\"@type\":\"ListItem\",\"position\":5,\"name\":\"Lallaing\"}]},{\"@type\":\"WebSite\",\"@id\":\"https:\/\/www.waterair.com\/fr\/#website\",\"url\":\"https:\/\/www.waterair.com\/fr\/\",\"name\":\"Piscines Waterair\",\"description\":\"\",\"potentialAction\":[{\"@type\":\"SearchAction\",\"target\":{\"@type\":\"EntryPoint\",\"urlTemplate\":\"https:\/\/www.waterair.com\/fr\/?s={search_term_string}\"},\"query-input\":{\"@type\":\"PropertyValueSpecification\",\"valueRequired\":true,\"valueName\":\"search_term_string\"}}],\"inLanguage\":\"fr-FR\"}]}<\/script>\n<!-- \/ Yoast SEO Premium plugin. -->","yoast_head_json":{"title":"Pisciniste Lallaing (Nord) - \u00eatre accompagn\u00e9 : Piscines Waterair","description":"Vous avez comme objectif de construire une piscine dans le secteur de Lallaing (Nord, Hauts-de-France) et vous aimeriez avoir de l\u2019avis d\u2019un professionnel ? Alors r\u00e9aliser une \u00e9tude d\u2019implantation de votre future piscine avec Piscines Waterair directement \u00e0 votre domicile est un excellent moyen d\u2019en d\u00e9couvrir plus. Pr\u00e9voir vos questions \u00e0 l\u2019avance vous assurera de faire la rencontre la plus compl\u00e8te possible et donc, de pr\u00e9senter au mieux vos besoins et r\u00eaves les plus fous \u00e0 notre commercial qui sera ainsi en capacit\u00e9 de vous conseiller.","robots":{"index":"index","follow":"follow","max-snippet":"max-snippet:-1","max-image-preview":"max-image-preview:large","max-video-preview":"max-video-preview:-1"},"canonical":"https:\/\/www.waterair.com\/fr\/etude-implantation\/hauts-de-france\/nord\/lallaing","og_locale":"fr_FR","og_type":"article","og_title":"Lallaing","og_description":"Vous avez comme objectif de construire une piscine dans le secteur de Lallaing (Nord, Hauts-de-France) et vous aimeriez avoir de l\u2019avis d\u2019un professionnel ? Alors r\u00e9aliser une \u00e9tude d\u2019implantation de votre future piscine avec Piscines Waterair directement \u00e0 votre domicile est un excellent moyen d\u2019en d\u00e9couvrir plus. Pr\u00e9voir vos questions \u00e0 l\u2019avance vous assurera de faire la rencontre la plus compl\u00e8te possible et donc, de pr\u00e9senter au mieux vos besoins et r\u00eaves les plus fous \u00e0 notre commercial qui sera ainsi en capacit\u00e9 de vous conseiller.","og_url":"https:\/\/www.waterair.com\/fr\/etude-implantation\/hauts-de-france\/nord\/lallaing","og_site_name":"Piscines Waterair","article_modified_time":"2021-11-28T12:42:49+00:00","twitter_card":"summary_large_image","twitter_misc":{"Dur\u00e9e de lecture estim\u00e9e":"1 minute"},"schema":{"@context":"https:\/\/schema.org","@graph":[{"@type":"WebPage","@id":"https:\/\/www.waterair.com\/fr\/etude-implantation\/hauts-de-france\/nord\/lallaing","url":"https:\/\/www.waterair.com\/fr\/etude-implantation\/hauts-de-france\/nord\/lallaing","name":"Pisciniste Lallaing (Nord) - \u00eatre accompagn\u00e9 : Piscines Waterair","isPartOf":{"@id":"https:\/\/www.waterair.com\/fr\/#website"},"datePublished":"2021-11-02T03:14:34+00:00","dateModified":"2021-11-28T12:42:49+00:00","description":"Vous avez comme objectif de construire une piscine dans le secteur de Lallaing (Nord, Hauts-de-France) et vous aimeriez avoir de l\u2019avis d\u2019un professionnel ? Alors r\u00e9aliser une \u00e9tude d\u2019implantation de votre future piscine avec Piscines Waterair directement \u00e0 votre domicile est un excellent moyen d\u2019en d\u00e9couvrir plus. Pr\u00e9voir vos questions \u00e0 l\u2019avance vous assurera de faire la rencontre la plus compl\u00e8te possible et donc, de pr\u00e9senter au mieux vos besoins et r\u00eaves les plus fous \u00e0 notre commercial qui sera ainsi en capacit\u00e9 de vous conseiller.","breadcrumb":{"@id":"https:\/\/www.waterair.com\/fr\/etude-implantation\/hauts-de-france\/nord\/lallaing#breadcrumb"},"inLanguage":"fr-FR","potentialAction":[{"@type":"ReadAction","target":["https:\/\/www.waterair.com\/fr\/etude-implantation\/hauts-de-france\/nord\/lallaing"]}]},{"@type":"BreadcrumbList","@id":"https:\/\/www.waterair.com\/fr\/etude-implantation\/hauts-de-france\/nord\/lallaing#breadcrumb","itemListElement":[{"@type":"ListItem","position":1,"name":"Accueil","item":"https:\/\/www.waterair.com\/fr"},{"@type":"ListItem","position":2,"name":"Etude d&rsquo;implantation piscine","item":"https:\/\/www.waterair.com\/fr\/etude-implantation"},{"@type":"ListItem","position":3,"name":"Hauts-de-France","item":"https:\/\/www.waterair.com\/fr\/etude-implantation\/hauts-de-france"},{"@type":"ListItem","position":4,"name":"Nord","item":"https:\/\/www.waterair.com\/fr\/etude-implantation\/hauts-de-france\/nord"},{"@type":"ListItem","position":5,"name":"Lallaing"}]},{"@type":"WebSite","@id":"https:\/\/www.waterair.com\/fr\/#website","url":"https:\/\/www.waterair.com\/fr\/","name":"Piscines Waterair","description":"","potentialAction":[{"@type":"SearchAction","target":{"@type":"EntryPoint","urlTemplate":"https:\/\/www.waterair.com\/fr\/?s={search_term_string}"},"query-input":{"@type":"PropertyValueSpecification","valueRequired":true,"valueName":"search_term_string"}}],"inLanguage":"fr-FR"}]}},"_links":{"self":[{"href":"https:\/\/www.waterair.com\/fr\/wp-json\/wp\/v2\/pages\/47852","targetHints":{"allow":["GET"]}}],"collection":[{"href":"https:\/\/www.waterair.com\/fr\/wp-json\/wp\/v2\/pages"}],"about":[{"href":"https:\/\/www.waterair.com\/fr\/wp-json\/wp\/v2\/types\/page"}],"author":[{"embeddable":true,"href":"https:\/\/www.waterair.com\/fr\/wp-json\/wp\/v2\/users\/1"}],"replies":[{"embeddable":true,"href":"https:\/\/www.waterair.com\/fr\/wp-json\/wp\/v2\/comments?post=47852"}],"version-history":[{"count":3,"href":"https:\/\/www.waterair.com\/fr\/wp-json\/wp\/v2\/pages\/47852\/revisions"}],"predecessor-version":[{"id":93928,"href":"https:\/\/www.waterair.com\/fr\/wp-json\/wp\/v2\/pages\/47852\/revisions\/93928"}],"up":[{"embeddable":true,"href":"https:\/\/www.waterair.com\/fr\/wp-json\/wp\/v2\/pages\/45670"}],"wp:attachment":[{"href":"https:\/\/www.waterair.com\/fr\/wp-json\/wp\/v2\/media?parent=47852"}],"curies":[{"name":"wp","href":"https:\/\/api.w.org\/{rel}","templated":true}]}}