{"id":48350,"date":"2021-11-02T04:19:47","date_gmt":"2021-11-02T03:19:47","guid":{"rendered":"https:\/\/waterair-preprod2.adipso.fr\/grand-est\/bas-rhin\/strasbourg"},"modified":"2026-03-30T08:33:17","modified_gmt":"2026-03-30T06:33:17","slug":"strasbourg","status":"publish","type":"page","link":"https:\/\/www.waterair.com\/fr\/etude-implantation\/grand-est\/bas-rhin\/strasbourg","title":{"rendered":"Strasbourg : Waterair, votre expert piscine sur mesure"},"content":{"rendered":"<div class=\"container block--core-paragraph\"><div class=\"row\"><div class=\"col-12 \">\n<p><strong>Transformez votre jardin strasbourgeois en oasis aquatique ! D\u00e9couvrez les piscines en kit Waterair, con\u00e7ues pour s&rsquo;adapter parfaitement \u00e0 votre terrain.<\/strong><\/p>\n<\/div><\/div><\/div>\n\n    <div  class=\"block-button content-block mb-0 mt-2\" data-tab-section>\n        <div class=\"container\">\n            <div class=\"row\">\n                <div class=\"col-12 col-md-10 offset-md-1\">\n                    <div class=\"d-flex flex-wrap flex-column flex-md-row justify-content-center spaced-md-4 mt-6 mb-5 mb-md-0\">\n                                                        <a\tdata-wa=\"button\" data-wa-wave=\"secondary\"\n\tclass=\"btn btn--secondary mb-0 mb-md-5\"\n\t\t\thref=\"https:\/\/rdv.waterair.com\/\"\n\t\t>\n\t\tObtenir un rendez-vous    <\/a>\n                                                                    <\/div>\n                <\/div>\n            <\/div>\n        <\/div>\n    <\/div>\n\n\n    <div  class=\"block-content content-block \">\n        <div class=\"container\">\n            <div class=\"row\">\n                <div class=\"col-12 \">\n                    <div data-wa=\"fade-up\" class=\"block-content__content\">\n                        <h2>50 ans d\u2019expertise alsacienne au service de votre projet piscine \u00e0 Strasbourg<\/h2>\n<p>Vous habitez Strasbourg et r\u00eavez d&rsquo;une piscine qui vous ressemble ? <strong>Waterair, bas\u00e9 en Alsace \u00e0 Seppois-le-Bas, r\u00e9volutionne votre projet avec ses <a href=\"https:\/\/www.waterair.com\/fr\/piscines-et-equipements\/piscines\/types-de-piscine\/piscine-en-kit\">piscines en kit sur mesure<\/a>\u00a0!<\/strong> Leader europ\u00e9en depuis plus de 50 ans, nous avons invent\u00e9 le concept de la piscine en kit avec ossature acier. <strong>Rectangulaire, forme libre ou encore mini-piscine : cr\u00e9ez le bassin de vos r\u00eaves,<\/strong> qui s&rsquo;adapte parfaitement aux sp\u00e9cificit\u00e9s de votre terrain strasbourgeois et \u00e0 votre budget. Une solution accessible qui transforme votre jardin en v\u00e9ritable espace de baignade !<\/p>\n                    <\/div>\n                <\/div>\n            <\/div>\n        <\/div>\n    <\/div>\n\n\n<div  class=\"block-content-media  content-block   has-no-title\">\n            <div class=\"container\">\n            <div class=\"row\">\n                <div class=\"col\">\n                    <div class=\"row flex-column flex-md-row align-items-center\">\n                        <div class=\"content-block__col col-lg-6 col-xl-7 d-flex flex-column align-items-md-start order-lg-2\">\n                                                                                                                                                <div data-wa=\"fade-up\" data-wa-delay=\"400\" class=\"content-block__description text--sm text-weight--300 mb-0\">\n                                    <h2>Une technologie innovante pens\u00e9e pour votre terrain strasbourgeois<\/h2>\n<p><strong>R\u00e9sistance exceptionnelle, durabilit\u00e9 garantie :<\/strong> voil\u00e0 la promesse de notre <a href=\"\/?page_id=37058\" data-mce-href=\"https:\/\/www.waterair.com\/fr\/le-groupe\/le-panneau-waterair\">technologie brevet\u00e9e<\/a>&nbsp;!<\/p>\n<ul>\n<li><strong>Panneaux acier haute performance<\/strong> : r\u00e9sistants aux hivers rigoureux en Alsace et aux variations climatiques ;<\/li>\n<li><strong>Polyvalence d&rsquo;installation<\/strong> : enterr\u00e9e, semi-enterr\u00e9e ou hors-sol selon votre terrain ;<\/li>\n<li><strong>Montage facilit\u00e9<\/strong> : assemblage rapide gr\u00e2ce \u00e0 nos panneaux modulables ;<\/li>\n<li><strong>Long\u00e9vit\u00e9 incomparable<\/strong> : garantie 30 ans et protection multicouche anti-corrosion ;<\/li>\n<li><strong>Adaptabilit\u00e9 totale<\/strong> : int\u00e9gration harmonieuse dans votre jardin strasbourgeois.<\/li>\n<\/ul>\n                                <\/div>\n                                                                                        <div data-wa=\"fade-up\" data-wa-delay=\"500\">\n                                                                    <\/div>\n                                                    <\/div>\n                                                                                <div class=\"content-block__col content-block__col--media col-lg-6 col-xl-5 order-lg-3  \">\n                                <div class=\"content-block__media   is-not-absolute\">\n                                    \n                                                                            <span data-wa=\"image\">\n                                                                                            <img loading=\"lazy\" decoding=\"async\" width=\"880\" height=\"587\" src=\"https:\/\/www.waterair.com\/wp-content\/uploads\/2025\/08\/1v3a6768-optimisee-web-880x587.webp\" class=\"attachment-content_media_2x size-content_media_2x\" alt=\"\" srcset=\"https:\/\/www.waterair.com\/wp-content\/uploads\/2025\/08\/1v3a6768-optimisee-web-880x587.webp 880w, https:\/\/www.waterair.com\/wp-content\/uploads\/2025\/08\/1v3a6768-optimisee-web-1440x960.webp 1440w, https:\/\/www.waterair.com\/wp-content\/uploads\/2025\/08\/1v3a6768-optimisee-web-768x512.webp 768w, https:\/\/www.waterair.com\/wp-content\/uploads\/2025\/08\/1v3a6768-optimisee-web-1536x1025.webp 1536w, https:\/\/www.waterair.com\/wp-content\/uploads\/2025\/08\/1v3a6768-optimisee-web-2048x1366.webp 2048w, https:\/\/www.waterair.com\/wp-content\/uploads\/2025\/08\/1v3a6768-optimisee-web-440x293.webp 440w, https:\/\/www.waterair.com\/wp-content\/uploads\/2025\/08\/1v3a6768-optimisee-web-1840x1227.webp 1840w, https:\/\/www.waterair.com\/wp-content\/uploads\/2025\/08\/1v3a6768-optimisee-web-920x614.webp 920w\" sizes=\"auto, (max-width: 880px) 100vw, 880px\" \/>                                                                                    <\/span>\n                                                                        \n                                <\/div>\n                            <\/div>\n                                            <\/div>\n                <\/div>\n            <\/div>\n        <\/div>\n    <\/div>\n\n<div  class=\"block-content-media  content-block   has-no-title\">\n            <div class=\"container\">\n            <div class=\"row\">\n                <div class=\"col\">\n                    <div class=\"row flex-column flex-md-row align-items-center\">\n                        <div class=\"content-block__col col-lg-6 col-xl-7 d-flex flex-column align-items-md-start order-lg-2\">\n                                                                                                                                                <div data-wa=\"fade-up\" data-wa-delay=\"400\" class=\"content-block__description text--sm text-weight--300 mb-0\">\n                                    <h2>Un accompagnement expert pour concr\u00e9tiser vos envies<\/h2>\n<p><strong>Transformons ensemble votre r\u00eave en r\u00e9alit\u00e9 !<\/strong> Nos conseillers Waterair vous accompagnent dans votre projet de piscine \u00e0 Strasbourg :<\/p>\n<ul>\n<li><strong>\u00c9tude gratuite<\/strong> : analyse \u00e0 domicile pour \u00e9tudier votre terrain ;<\/li>\n<li><strong>Visualisation 3D<\/strong> : d\u00e9couverte de votre future piscine directement dans votre jardin ;<\/li>\n<li><strong>Conseils d&rsquo;expert<\/strong> : recommandations sur l&rsquo;orientation optimale, le meilleur emplacement et les choix esth\u00e9tiques ;<\/li>\n<li><strong>Accompagnement administratif<\/strong> : simplification des d\u00e9marches r\u00e9glementaires ;<\/li>\n<li><strong>Suivi complet<\/strong> : prise en charge personnalis\u00e9e de la conception \u00e0 la mise en eau de votre piscine.<\/li>\n<\/ul>\n                                <\/div>\n                                                                                        <div data-wa=\"fade-up\" data-wa-delay=\"500\">\n                                                                    <\/div>\n                                                    <\/div>\n                                                                                <div class=\"content-block__col content-block__col--media col-lg-6 col-xl-5 order-lg-1  \">\n                                <div class=\"content-block__media is-left  is-not-absolute\">\n                                    \n                                                                            <span data-wa=\"image\">\n                                                                                            <img loading=\"lazy\" decoding=\"async\" width=\"880\" height=\"587\" src=\"https:\/\/www.waterair.com\/wp-content\/uploads\/2025\/03\/20210921-0971-880x587.webp\" class=\"attachment-content_media_2x size-content_media_2x\" alt=\"\" srcset=\"https:\/\/www.waterair.com\/wp-content\/uploads\/2025\/03\/20210921-0971-880x587.webp 880w, https:\/\/www.waterair.com\/wp-content\/uploads\/2025\/03\/20210921-0971-1440x961.webp 1440w, https:\/\/www.waterair.com\/wp-content\/uploads\/2025\/03\/20210921-0971-768x513.webp 768w, https:\/\/www.waterair.com\/wp-content\/uploads\/2025\/03\/20210921-0971-1536x1025.webp 1536w, https:\/\/www.waterair.com\/wp-content\/uploads\/2025\/03\/20210921-0971-2048x1367.webp 2048w, https:\/\/www.waterair.com\/wp-content\/uploads\/2025\/03\/20210921-0971-440x294.webp 440w, https:\/\/www.waterair.com\/wp-content\/uploads\/2025\/03\/20210921-0971-1840x1228.webp 1840w, https:\/\/www.waterair.com\/wp-content\/uploads\/2025\/03\/20210921-0971-920x614.webp 920w\" sizes=\"auto, (max-width: 880px) 100vw, 880px\" \/>                                                                                    <\/span>\n                                                                        \n                                <\/div>\n                            <\/div>\n                                            <\/div>\n                <\/div>\n            <\/div>\n        <\/div>\n    <\/div>\n\n<div class=\"container block--core-paragraph\"><div class=\"row\"><div class=\"col-12 \">\n<p><strong>Pr\u00eat \u00e0 plonger dans votre projet ?<\/strong> <a href=\"https:\/\/rdv.waterair.com\/\">Prenez rendez-vous<\/a>&nbsp;avec nos conseillers pour cr\u00e9er ensemble la piscine parfaitement adapt\u00e9e \u00e0 votre jardin \u00e0 Strasbourg et aux alentours !<\/p>\n<\/div><\/div><\/div>","protected":false},"excerpt":{"rendered":"<p>Transformez votre jardin strasbourgeois en oasis aquatique ! D\u00e9couvrez les piscines en kit Waterair, con\u00e7ues pour s&rsquo;adapter parfaitement \u00e0 votre terrain. Pr\u00eat \u00e0 plonger dans votre projet ? Prenez rendez-vous&nbsp;avec nos conseillers pour cr\u00e9er ensemble la piscine parfaitement adapt\u00e9e \u00e0 votre jardin \u00e0 Strasbourg et aux alentours !<\/p>\n","protected":false},"author":1,"featured_media":44726,"parent":45660,"menu_order":0,"comment_status":"closed","ping_status":"closed","template":"models\/implantation.php","meta":{"_acf_changed":false,"om_disable_all_campaigns":false,"footnotes":""},"class_list":["post-48350","page","type-page","status-publish","has-post-thumbnail","hentry"],"acf":[],"yoast_head":"<!-- This site is optimized with the Yoast SEO Premium plugin v25.4 (Yoast SEO v27.2) - https:\/\/yoast.com\/product\/yoast-seo-premium-wordpress\/ -->\n<title>Pisciniste Strasbourg - Waterair, votre expert en Alsace | Piscines Waterair<\/title>\n<meta name=\"description\" content=\"Piscine sur mesure \u00e0 Strasbourg : panneaux haute performance, technologie durable et accompagnement personnalis\u00e9. Votre piscine vous attend !\" \/>\n<meta name=\"robots\" content=\"index, follow, max-snippet:-1, max-image-preview:large, max-video-preview:-1\" \/>\n<link rel=\"canonical\" href=\"https:\/\/www.waterair.com\/fr\/etude-implantation\/grand-est\/bas-rhin\/strasbourg\" \/>\n<meta property=\"og:locale\" content=\"fr_FR\" \/>\n<meta property=\"og:type\" content=\"article\" \/>\n<meta property=\"og:title\" content=\"Strasbourg : Waterair, votre expert piscine sur mesure\" \/>\n<meta property=\"og:description\" content=\"Piscine sur mesure \u00e0 Strasbourg : panneaux haute performance, technologie durable et accompagnement personnalis\u00e9. Votre piscine vous attend !\" \/>\n<meta property=\"og:url\" content=\"https:\/\/www.waterair.com\/fr\/etude-implantation\/grand-est\/bas-rhin\/strasbourg\" \/>\n<meta property=\"og:site_name\" content=\"Piscines Waterair\" \/>\n<meta property=\"article:modified_time\" content=\"2026-03-30T06:33:17+00:00\" \/>\n<meta property=\"og:image\" content=\"https:\/\/www.waterair.com\/wp-content\/uploads\/2021\/11\/seppois.jpg\" \/>\n\t<meta property=\"og:image:width\" content=\"1500\" \/>\n\t<meta property=\"og:image:height\" content=\"844\" \/>\n\t<meta property=\"og:image:type\" content=\"image\/jpeg\" \/>\n<meta name=\"twitter:card\" content=\"summary_large_image\" \/>\n<meta name=\"twitter:label1\" content=\"Dur\u00e9e de lecture estim\u00e9e\" \/>\n\t<meta name=\"twitter:data1\" content=\"3 minutes\" \/>\n<script type=\"application\/ld+json\" class=\"yoast-schema-graph\">{\"@context\":\"https:\/\/schema.org\",\"@graph\":[{\"@type\":\"WebPage\",\"@id\":\"https:\/\/www.waterair.com\/fr\/etude-implantation\/grand-est\/bas-rhin\/strasbourg\",\"url\":\"https:\/\/www.waterair.com\/fr\/etude-implantation\/grand-est\/bas-rhin\/strasbourg\",\"name\":\"Pisciniste Strasbourg - Waterair, votre expert en Alsace | Piscines Waterair\",\"isPartOf\":{\"@id\":\"https:\/\/www.waterair.com\/fr\/#website\"},\"primaryImageOfPage\":{\"@id\":\"https:\/\/www.waterair.com\/fr\/etude-implantation\/grand-est\/bas-rhin\/strasbourg#primaryimage\"},\"image\":{\"@id\":\"https:\/\/www.waterair.com\/fr\/etude-implantation\/grand-est\/bas-rhin\/strasbourg#primaryimage\"},\"thumbnailUrl\":\"https:\/\/www.waterair.com\/wp-content\/uploads\/2021\/11\/seppois.jpg\",\"datePublished\":\"2021-11-02T03:19:47+00:00\",\"dateModified\":\"2026-03-30T06:33:17+00:00\",\"description\":\"Piscine sur mesure \u00e0 Strasbourg : panneaux haute performance, technologie durable et accompagnement personnalis\u00e9. Votre piscine vous attend !\",\"breadcrumb\":{\"@id\":\"https:\/\/www.waterair.com\/fr\/etude-implantation\/grand-est\/bas-rhin\/strasbourg#breadcrumb\"},\"inLanguage\":\"fr-FR\",\"potentialAction\":[{\"@type\":\"ReadAction\",\"target\":[\"https:\/\/www.waterair.com\/fr\/etude-implantation\/grand-est\/bas-rhin\/strasbourg\"]}]},{\"@type\":\"ImageObject\",\"inLanguage\":\"fr-FR\",\"@id\":\"https:\/\/www.waterair.com\/fr\/etude-implantation\/grand-est\/bas-rhin\/strasbourg#primaryimage\",\"url\":\"https:\/\/www.waterair.com\/wp-content\/uploads\/2021\/11\/seppois.jpg\",\"contentUrl\":\"https:\/\/www.waterair.com\/wp-content\/uploads\/2021\/11\/seppois.jpg\",\"width\":1500,\"height\":844},{\"@type\":\"BreadcrumbList\",\"@id\":\"https:\/\/www.waterair.com\/fr\/etude-implantation\/grand-est\/bas-rhin\/strasbourg#breadcrumb\",\"itemListElement\":[{\"@type\":\"ListItem\",\"position\":1,\"name\":\"Accueil\",\"item\":\"https:\/\/www.waterair.com\/fr\"},{\"@type\":\"ListItem\",\"position\":2,\"name\":\"Etude d&rsquo;implantation piscine\",\"item\":\"https:\/\/www.waterair.com\/fr\/etude-implantation\"},{\"@type\":\"ListItem\",\"position\":3,\"name\":\"Grand Est\",\"item\":\"https:\/\/www.waterair.com\/fr\/etude-implantation\/grand-est\"},{\"@type\":\"ListItem\",\"position\":4,\"name\":\"Bas-Rhin\",\"item\":\"https:\/\/www.waterair.com\/fr\/etude-implantation\/grand-est\/bas-rhin\"},{\"@type\":\"ListItem\",\"position\":5,\"name\":\"Strasbourg : Waterair, votre expert piscine sur mesure\"}]},{\"@type\":\"WebSite\",\"@id\":\"https:\/\/www.waterair.com\/fr\/#website\",\"url\":\"https:\/\/www.waterair.com\/fr\/\",\"name\":\"Piscines Waterair\",\"description\":\"\",\"potentialAction\":[{\"@type\":\"SearchAction\",\"target\":{\"@type\":\"EntryPoint\",\"urlTemplate\":\"https:\/\/www.waterair.com\/fr\/?s={search_term_string}\"},\"query-input\":{\"@type\":\"PropertyValueSpecification\",\"valueRequired\":true,\"valueName\":\"search_term_string\"}}],\"inLanguage\":\"fr-FR\"}]}<\/script>\n<!-- \/ Yoast SEO Premium plugin. -->","yoast_head_json":{"title":"Pisciniste Strasbourg - Waterair, votre expert en Alsace | Piscines Waterair","description":"Piscine sur mesure \u00e0 Strasbourg : panneaux haute performance, technologie durable et accompagnement personnalis\u00e9. Votre piscine vous attend !","robots":{"index":"index","follow":"follow","max-snippet":"max-snippet:-1","max-image-preview":"max-image-preview:large","max-video-preview":"max-video-preview:-1"},"canonical":"https:\/\/www.waterair.com\/fr\/etude-implantation\/grand-est\/bas-rhin\/strasbourg","og_locale":"fr_FR","og_type":"article","og_title":"Strasbourg : Waterair, votre expert piscine sur mesure","og_description":"Piscine sur mesure \u00e0 Strasbourg : panneaux haute performance, technologie durable et accompagnement personnalis\u00e9. Votre piscine vous attend !","og_url":"https:\/\/www.waterair.com\/fr\/etude-implantation\/grand-est\/bas-rhin\/strasbourg","og_site_name":"Piscines Waterair","article_modified_time":"2026-03-30T06:33:17+00:00","og_image":[{"width":1500,"height":844,"url":"https:\/\/www.waterair.com\/wp-content\/uploads\/2021\/11\/seppois.jpg","type":"image\/jpeg"}],"twitter_card":"summary_large_image","twitter_misc":{"Dur\u00e9e de lecture estim\u00e9e":"3 minutes"},"schema":{"@context":"https:\/\/schema.org","@graph":[{"@type":"WebPage","@id":"https:\/\/www.waterair.com\/fr\/etude-implantation\/grand-est\/bas-rhin\/strasbourg","url":"https:\/\/www.waterair.com\/fr\/etude-implantation\/grand-est\/bas-rhin\/strasbourg","name":"Pisciniste Strasbourg - Waterair, votre expert en Alsace | Piscines Waterair","isPartOf":{"@id":"https:\/\/www.waterair.com\/fr\/#website"},"primaryImageOfPage":{"@id":"https:\/\/www.waterair.com\/fr\/etude-implantation\/grand-est\/bas-rhin\/strasbourg#primaryimage"},"image":{"@id":"https:\/\/www.waterair.com\/fr\/etude-implantation\/grand-est\/bas-rhin\/strasbourg#primaryimage"},"thumbnailUrl":"https:\/\/www.waterair.com\/wp-content\/uploads\/2021\/11\/seppois.jpg","datePublished":"2021-11-02T03:19:47+00:00","dateModified":"2026-03-30T06:33:17+00:00","description":"Piscine sur mesure \u00e0 Strasbourg : panneaux haute performance, technologie durable et accompagnement personnalis\u00e9. Votre piscine vous attend !","breadcrumb":{"@id":"https:\/\/www.waterair.com\/fr\/etude-implantation\/grand-est\/bas-rhin\/strasbourg#breadcrumb"},"inLanguage":"fr-FR","potentialAction":[{"@type":"ReadAction","target":["https:\/\/www.waterair.com\/fr\/etude-implantation\/grand-est\/bas-rhin\/strasbourg"]}]},{"@type":"ImageObject","inLanguage":"fr-FR","@id":"https:\/\/www.waterair.com\/fr\/etude-implantation\/grand-est\/bas-rhin\/strasbourg#primaryimage","url":"https:\/\/www.waterair.com\/wp-content\/uploads\/2021\/11\/seppois.jpg","contentUrl":"https:\/\/www.waterair.com\/wp-content\/uploads\/2021\/11\/seppois.jpg","width":1500,"height":844},{"@type":"BreadcrumbList","@id":"https:\/\/www.waterair.com\/fr\/etude-implantation\/grand-est\/bas-rhin\/strasbourg#breadcrumb","itemListElement":[{"@type":"ListItem","position":1,"name":"Accueil","item":"https:\/\/www.waterair.com\/fr"},{"@type":"ListItem","position":2,"name":"Etude d&rsquo;implantation piscine","item":"https:\/\/www.waterair.com\/fr\/etude-implantation"},{"@type":"ListItem","position":3,"name":"Grand Est","item":"https:\/\/www.waterair.com\/fr\/etude-implantation\/grand-est"},{"@type":"ListItem","position":4,"name":"Bas-Rhin","item":"https:\/\/www.waterair.com\/fr\/etude-implantation\/grand-est\/bas-rhin"},{"@type":"ListItem","position":5,"name":"Strasbourg : Waterair, votre expert piscine sur mesure"}]},{"@type":"WebSite","@id":"https:\/\/www.waterair.com\/fr\/#website","url":"https:\/\/www.waterair.com\/fr\/","name":"Piscines Waterair","description":"","potentialAction":[{"@type":"SearchAction","target":{"@type":"EntryPoint","urlTemplate":"https:\/\/www.waterair.com\/fr\/?s={search_term_string}"},"query-input":{"@type":"PropertyValueSpecification","valueRequired":true,"valueName":"search_term_string"}}],"inLanguage":"fr-FR"}]}},"_links":{"self":[{"href":"https:\/\/www.waterair.com\/fr\/wp-json\/wp\/v2\/pages\/48350","targetHints":{"allow":["GET"]}}],"collection":[{"href":"https:\/\/www.waterair.com\/fr\/wp-json\/wp\/v2\/pages"}],"about":[{"href":"https:\/\/www.waterair.com\/fr\/wp-json\/wp\/v2\/types\/page"}],"author":[{"embeddable":true,"href":"https:\/\/www.waterair.com\/fr\/wp-json\/wp\/v2\/users\/1"}],"replies":[{"embeddable":true,"href":"https:\/\/www.waterair.com\/fr\/wp-json\/wp\/v2\/comments?post=48350"}],"version-history":[{"count":5,"href":"https:\/\/www.waterair.com\/fr\/wp-json\/wp\/v2\/pages\/48350\/revisions"}],"predecessor-version":[{"id":610394,"href":"https:\/\/www.waterair.com\/fr\/wp-json\/wp\/v2\/pages\/48350\/revisions\/610394"}],"up":[{"embeddable":true,"href":"https:\/\/www.waterair.com\/fr\/wp-json\/wp\/v2\/pages\/45660"}],"wp:featuredmedia":[{"embeddable":true,"href":"https:\/\/www.waterair.com\/fr\/wp-json\/wp\/v2\/media\/44726"}],"wp:attachment":[{"href":"https:\/\/www.waterair.com\/fr\/wp-json\/wp\/v2\/media?parent=48350"}],"curies":[{"name":"wp","href":"https:\/\/api.w.org\/{rel}","templated":true}]}}