{"id":48444,"date":"2021-11-02T04:21:15","date_gmt":"2021-11-02T03:21:15","guid":{"rendered":"https:\/\/waterair-preprod2.adipso.fr\/auvergne-rhone-alpes\/rhone\/lyon-1er-arrondissement"},"modified":"2025-08-27T14:55:33","modified_gmt":"2025-08-27T12:55:33","slug":"lyon-1er-arrondissement","status":"publish","type":"page","link":"https:\/\/www.waterair.com\/fr\/etude-implantation\/auvergne-rhone-alpes\/rhone\/lyon","title":{"rendered":"Lyon : Waterair, votre expert piscine sur mesure en Rh\u00f4ne-Alpes"},"content":{"rendered":"<div class=\"container block--core-paragraph\"><div class=\"row\"><div class=\"col-12 \">\n<p><strong>Concr\u00e9tisez enfin votre r\u00eave de piscine \u00e0 Lyon ! Transformez votre jardin lyonnais en v\u00e9ritable oasis de d\u00e9tente avec une piscine personnalis\u00e9e.<\/strong><\/p>\n<\/div><\/div><\/div>\n\n    <div  class=\"block-button content-block mb-0 mt-2\" data-tab-section>\n        <div class=\"container\">\n            <div class=\"row\">\n                <div class=\"col-12 col-md-10 offset-md-1\">\n                    <div class=\"d-flex flex-wrap flex-column flex-md-row justify-content-center spaced-md-4 mt-6 mb-5 mb-md-0\">\n                                                        <a\tdata-wa=\"button\" data-wa-wave=\"secondary\"\n\tclass=\"btn btn--secondary mb-0 mb-md-5\"\n\t\t\thref=\"https:\/\/rdv.waterair.com\/\"\n\t\t>\n\t\tObtenir un rendez-vous    <\/a>\n                                                                    <\/div>\n                <\/div>\n            <\/div>\n        <\/div>\n    <\/div>\n\n\n    <div  class=\"block-content content-block \">\n        <div class=\"container\">\n            <div class=\"row\">\n                <div class=\"col-12 \">\n                    <div data-wa=\"fade-up\" class=\"block-content__content\">\n                        <h2>Waterair : des piscines en kit sur mesure depuis plus de 50 ans<\/h2>\n<p><strong>Vous r\u00eavez d&rsquo;une piscine qui vous ressemble ?<\/strong> D\u00e9couvrez l&rsquo;expertise Waterair \u00e0 Lyon ! <strong>Leader europ\u00e9en des <a href=\"https:\/\/www.waterair.com\/fr\/piscines-et-equipements\/piscines\/types-de-piscine\/piscine-en-kit\">piscines en kit<\/a><\/strong>, nous cr\u00e9ons des solutions enti\u00e8rement personnalis\u00e9es qui s&rsquo;adaptent parfaitement \u00e0 vos envies et aux sp\u00e9cificit\u00e9s de votre terrain lyonnais. Rectangulaire classique, mini-piscine ou forme libre audacieuse : <strong>votre bassin sera unique !<\/strong> Gr\u00e2ce \u00e0 notre approche sur mesure accessible et notre savoir-faire reconnu, transformez votre quotidien avec une piscine qui s&rsquo;int\u00e8gre harmonieusement dans l&rsquo;environnement privil\u00e9gi\u00e9 de la r\u00e9gion Rh\u00f4ne-Alpes.<\/p>\n                    <\/div>\n                <\/div>\n            <\/div>\n        <\/div>\n    <\/div>\n\n\n<div  class=\"block-content-media  content-block   has-no-title\">\n            <div class=\"container\">\n            <div class=\"row\">\n                <div class=\"col\">\n                    <div class=\"row flex-column flex-md-row align-items-center\">\n                        <div class=\"content-block__col col-lg-6 col-xl-7 d-flex flex-column align-items-md-start order-lg-2\">\n                                                                                                                                                <div data-wa=\"fade-up\" data-wa-delay=\"400\" class=\"content-block__description text--sm text-weight--300 mb-0\">\n                                    <h2>D\u00e9couvrez nos piscines \u00e0 Genas<\/h2>\n<p><strong>Visualisez concr\u00e8tement votre projet !<\/strong> Notre centre d&rsquo;exposition de Genas, \u00e0 quelques minutes de Lyon, vous pr\u00e9sente 6 mod\u00e8les de piscines install\u00e9es en situation r\u00e9elle. D\u00e9couvrez les dimensions, appr\u00e9ciez les finitions et imaginez l&rsquo;int\u00e9gration parfaite dans votre propre jardin.<\/p>\n                                <\/div>\n                                                                                        <div data-wa=\"fade-up\" data-wa-delay=\"500\">\n                                    <a\tdata-wa=\"button\" data-wa-wave=\"secondary\"\n\tclass=\"btn btn--secondary mt-3\"\n\t\t\thref=\"https:\/\/www.waterair.com\/fr\/le-groupe\/centres-exposition\/genas\"\n\t\t>\n\t\tD\u00e9couvrir notre centre d&rsquo;exposition    <\/a>\n                                <\/div>\n                                                    <\/div>\n                                                                                <div class=\"content-block__col content-block__col--media col-lg-6 col-xl-5 order-lg-3  \">\n                                <div class=\"content-block__media   is-not-absolute\">\n                                    \n                                                                            <span data-wa=\"image\">\n                                                                                            <img loading=\"lazy\" decoding=\"async\" width=\"812\" height=\"624\" src=\"https:\/\/www.waterair.com\/wp-content\/uploads\/2021\/11\/genas-parc-po.jpg\" class=\"attachment-content_media_2x size-content_media_2x\" alt=\"\" srcset=\"https:\/\/www.waterair.com\/wp-content\/uploads\/2021\/11\/genas-parc-po.jpg 812w, https:\/\/www.waterair.com\/wp-content\/uploads\/2021\/11\/genas-parc-po-768x590.jpg 768w, https:\/\/www.waterair.com\/wp-content\/uploads\/2021\/11\/genas-parc-po-440x338.jpg 440w\" sizes=\"auto, (max-width: 812px) 100vw, 812px\" \/>                                                                                    <\/span>\n                                                                        \n                                <\/div>\n                            <\/div>\n                                            <\/div>\n                <\/div>\n            <\/div>\n        <\/div>\n    <\/div>\n\n<div  class=\"block-content-media  content-block   has-no-title\">\n            <div class=\"container\">\n            <div class=\"row\">\n                <div class=\"col\">\n                    <div class=\"row flex-column flex-md-row align-items-center\">\n                        <div class=\"content-block__col col-lg-6 col-xl-7 d-flex flex-column align-items-md-start order-lg-2\">\n                                                                                                                                                <div data-wa=\"fade-up\" data-wa-delay=\"400\" class=\"content-block__description text--sm text-weight--300 mb-0\">\n                                    <h2>Une technologie brevet\u00e9e adapt\u00e9e aux terrains lyonnais<\/h2>\n<p><strong>Pourquoi nos piscines r\u00e9sistent-elles si bien aux sp\u00e9cificit\u00e9s de la r\u00e9gion lyonnaise ?<\/strong><\/p>\n<p>Nous avons con\u00e7u et perfectionn\u00e9 <a href=\"https:\/\/www.waterair.com\/fr\/le-groupe\/le-panneau-waterair\"><strong>une structure en acier brevet\u00e9e<\/strong><\/a>, garantissant \u00e0 votre piscine une r\u00e9sistance et une long\u00e9vit\u00e9 exceptionnelles. Elle est parfaitement adapt\u00e9e aux contraintes climatiques et g\u00e9ologiques de Lyon et ses environs.<\/p>\n<p><strong>D\u00e9couvrez les performances de nos panneaux en acier :<\/strong><\/p>\n<ul>\n<li><strong>Solidit\u00e9 exceptionnelle<\/strong> : notre structure brevet\u00e9e offre une r\u00e9sistance 4 fois sup\u00e9rieure \u00e0 la pression maximale exerc\u00e9e sur votre bassin ;<\/li>\n<li><strong>Installation adaptable<\/strong> : choisissez parmi les options de piscine enterr\u00e9e, semi-enterr\u00e9e ou hors-sol selon votre terrain lyonnais ;<\/li>\n<li><strong>Conception sur mesure<\/strong> : parfaitement calibr\u00e9e pour les sp\u00e9cificit\u00e9s g\u00e9ologiques et climatiques de la r\u00e9gion Rh\u00f4ne-Alpes ;<\/li>\n<li><strong>Montage optimis\u00e9<\/strong> : nos panneaux modulaires simplifient l&rsquo;assemblage pour un chantier rapide et ma\u00eetris\u00e9 ;<\/li>\n<li><strong>Performance environnementale<\/strong> : certification \u00e9nerg\u00e9tique classe A.<\/li>\n<\/ul>\n                                <\/div>\n                                                                                        <div data-wa=\"fade-up\" data-wa-delay=\"500\">\n                                                                    <\/div>\n                                                    <\/div>\n                                                                                <div class=\"content-block__col content-block__col--media col-lg-6 col-xl-5 order-lg-1  \">\n                                <div class=\"content-block__media is-left  is-not-absolute\">\n                                    \n                                                                            <span data-wa=\"image\">\n                                                                                            <img loading=\"lazy\" decoding=\"async\" width=\"880\" height=\"1319\" src=\"https:\/\/www.waterair.com\/wp-content\/uploads\/2025\/03\/1v3a3865-copie-880x1319.webp\" class=\"attachment-content_media_2x size-content_media_2x\" alt=\"\" srcset=\"https:\/\/www.waterair.com\/wp-content\/uploads\/2025\/03\/1v3a3865-copie-880x1319.webp 880w, https:\/\/www.waterair.com\/wp-content\/uploads\/2025\/03\/1v3a3865-copie-960x1440.webp 960w, https:\/\/www.waterair.com\/wp-content\/uploads\/2025\/03\/1v3a3865-copie-768x1151.webp 768w, https:\/\/www.waterair.com\/wp-content\/uploads\/2025\/03\/1v3a3865-copie-1025x1536.webp 1025w, https:\/\/www.waterair.com\/wp-content\/uploads\/2025\/03\/1v3a3865-copie-1366x2048.webp 1366w, https:\/\/www.waterair.com\/wp-content\/uploads\/2025\/03\/1v3a3865-copie-440x660.webp 440w, https:\/\/www.waterair.com\/wp-content\/uploads\/2025\/03\/1v3a3865-copie-1840x2759.webp 1840w, https:\/\/www.waterair.com\/wp-content\/uploads\/2025\/03\/1v3a3865-copie-920x1379.webp 920w\" sizes=\"auto, (max-width: 880px) 100vw, 880px\" \/>                                                                                    <\/span>\n                                                                        \n                                <\/div>\n                            <\/div>\n                                            <\/div>\n                <\/div>\n            <\/div>\n        <\/div>\n    <\/div>\n\n<div  class=\"block-content-media  content-block   has-no-title\">\n            <div class=\"container\">\n            <div class=\"row\">\n                <div class=\"col\">\n                    <div class=\"row flex-column flex-md-row align-items-center\">\n                        <div class=\"content-block__col col-lg-6 col-xl-7 d-flex flex-column align-items-md-start order-lg-2\">\n                                                                                                                                                <div data-wa=\"fade-up\" data-wa-delay=\"400\" class=\"content-block__description text--sm text-weight--300 mb-0\">\n                                    <h2>Votre accompagnement personnalis\u00e9 \u00e0 Lyon : du projet \u00e0 la baignade<\/h2>\n<p><strong>Transformons ensemble votre r\u00eave en r\u00e9alit\u00e9 !<\/strong> Nos conseillers locaux vous accompagnent dans la concr\u00e9tisation de votre projet piscine avec une approche 100 % personnalis\u00e9e :<\/p>\n<ul>\n<li><strong>\u00c9tude technique gratuite<\/strong> : diagnostic complet de votre terrain, analyse des contraintes et sp\u00e9cificit\u00e9s lyonnaises ;<\/li>\n<li><strong>Mod\u00e9lisation 3D<\/strong> : visualisation imm\u00e9diate de votre projet int\u00e9gr\u00e9 dans votre environnement ;<\/li>\n<li><strong>Expertise personnalis\u00e9e<\/strong> : optimisation de l&rsquo;orientation, s\u00e9lection de l&#8217;emplacement id\u00e9al et assistance pour les d\u00e9marches administratives ;<\/li>\n<li><strong>Recommandations sur mesure<\/strong> : conseils pour le choix des \u00e9quipements et du dimensionnement, dans le respect de votre budget ;<\/li>\n<li><strong>Accompagnement projet<\/strong> : suivi d\u00e9taill\u00e9 de la conception jusqu\u2019\u00e0 la premi\u00e8re baignade pour une r\u00e9alisation sereine.<\/li>\n<\/ul>\n                                <\/div>\n                                                                                        <div data-wa=\"fade-up\" data-wa-delay=\"500\">\n                                                                    <\/div>\n                                                    <\/div>\n                                                                                <div class=\"content-block__col content-block__col--media col-lg-6 col-xl-5 order-lg-3  \">\n                                <div class=\"content-block__media   is-not-absolute\">\n                                    \n                                                                            <span data-wa=\"image\">\n                                                                                            <img loading=\"lazy\" decoding=\"async\" width=\"880\" height=\"587\" src=\"https:\/\/www.waterair.com\/wp-content\/uploads\/2025\/03\/20210921-0971-880x587.webp\" class=\"attachment-content_media_2x size-content_media_2x\" alt=\"\" srcset=\"https:\/\/www.waterair.com\/wp-content\/uploads\/2025\/03\/20210921-0971-880x587.webp 880w, https:\/\/www.waterair.com\/wp-content\/uploads\/2025\/03\/20210921-0971-1440x961.webp 1440w, https:\/\/www.waterair.com\/wp-content\/uploads\/2025\/03\/20210921-0971-768x513.webp 768w, https:\/\/www.waterair.com\/wp-content\/uploads\/2025\/03\/20210921-0971-1536x1025.webp 1536w, https:\/\/www.waterair.com\/wp-content\/uploads\/2025\/03\/20210921-0971-2048x1367.webp 2048w, https:\/\/www.waterair.com\/wp-content\/uploads\/2025\/03\/20210921-0971-440x294.webp 440w, https:\/\/www.waterair.com\/wp-content\/uploads\/2025\/03\/20210921-0971-1840x1228.webp 1840w, https:\/\/www.waterair.com\/wp-content\/uploads\/2025\/03\/20210921-0971-920x614.webp 920w\" sizes=\"auto, (max-width: 880px) 100vw, 880px\" \/>                                                                                    <\/span>\n                                                                        \n                                <\/div>\n                            <\/div>\n                                            <\/div>\n                <\/div>\n            <\/div>\n        <\/div>\n    <\/div>\n\n<div class=\"container block--core-paragraph\"><div class=\"row\"><div class=\"col-12 \">\n<p><strong>Votre projet piscine n&rsquo;attend plus que vous !<\/strong> Prenez <a href=\"https:\/\/rdv.waterair.com\/\">rendez-vous<\/a>\u00a0d\u00e8s maintenant avec nos experts pour donner vie \u00e0 votre r\u00eave sur Lyon et sa r\u00e9gion. N&rsquo;h\u00e9sitez pas \u00e9galement \u00e0 <strong>vous rendre dans notre <a href=\"https:\/\/www.waterair.com\/fr\/le-groupe\/centres-exposition\/genas\">centre d&rsquo;exposition de Genas<\/a><\/strong>\u00a0pour \u00e9changer directement avec nos conseillers et d\u00e9couvrir notre gamme compl\u00e8te.<\/p>\n<\/div><\/div><\/div>","protected":false},"excerpt":{"rendered":"<p>Concr\u00e9tisez enfin votre r\u00eave de piscine \u00e0 Lyon ! Transformez votre jardin lyonnais en v\u00e9ritable oasis de d\u00e9tente avec une piscine personnalis\u00e9e. Votre projet piscine n&rsquo;attend plus que vous ! Prenez rendez-vous\u00a0d\u00e8s maintenant avec nos experts pour donner vie \u00e0 votre r\u00eave sur Lyon et sa r\u00e9gion. N&rsquo;h\u00e9sitez pas \u00e9galement \u00e0 vous rendre dans notre [&hellip;]<\/p>\n","protected":false},"author":1,"featured_media":44824,"parent":45608,"menu_order":0,"comment_status":"closed","ping_status":"closed","template":"models\/implantation.php","meta":{"_acf_changed":false,"om_disable_all_campaigns":false,"footnotes":""},"class_list":["post-48444","page","type-page","status-publish","has-post-thumbnail","hentry"],"acf":[],"yoast_head":"<!-- This site is optimized with the Yoast SEO Premium plugin v25.4 (Yoast SEO v27.2) - https:\/\/yoast.com\/product\/yoast-seo-premium-wordpress\/ -->\n<title>Pisciniste Lyon - Waterair, votre expert en Rh\u00f4ne-Alpes | Piscines Waterair<\/title>\n<meta name=\"description\" content=\"Piscines sur mesure \u00e0 Lyon : technologie brevet\u00e9e, panneaux ultra-r\u00e9sistants et accompagnement expert. Transformez votre jardin lyonnais !\" \/>\n<meta name=\"robots\" content=\"index, follow, max-snippet:-1, max-image-preview:large, max-video-preview:-1\" \/>\n<link rel=\"canonical\" href=\"https:\/\/www.waterair.com\/fr\/etude-implantation\/auvergne-rhone-alpes\/rhone\/lyon\" \/>\n<meta property=\"og:locale\" content=\"fr_FR\" \/>\n<meta property=\"og:type\" content=\"article\" \/>\n<meta property=\"og:title\" content=\"Lyon : Waterair, votre expert piscine sur mesure en Rh\u00f4ne-Alpes\" \/>\n<meta property=\"og:description\" content=\"Piscines sur mesure \u00e0 Lyon : technologie brevet\u00e9e, panneaux ultra-r\u00e9sistants et accompagnement expert. Transformez votre jardin lyonnais !\" \/>\n<meta property=\"og:url\" content=\"https:\/\/www.waterair.com\/fr\/etude-implantation\/auvergne-rhone-alpes\/rhone\/lyon\" \/>\n<meta property=\"og:site_name\" content=\"Piscines Waterair\" \/>\n<meta property=\"article:modified_time\" content=\"2025-08-27T12:55:33+00:00\" \/>\n<meta property=\"og:image\" content=\"https:\/\/www.waterair.com\/wp-content\/uploads\/2021\/11\/genas.jpg\" \/>\n\t<meta property=\"og:image:width\" content=\"1920\" \/>\n\t<meta property=\"og:image:height\" content=\"1080\" \/>\n\t<meta property=\"og:image:type\" content=\"image\/jpeg\" \/>\n<meta name=\"twitter:card\" content=\"summary_large_image\" \/>\n<meta name=\"twitter:label1\" content=\"Dur\u00e9e de lecture estim\u00e9e\" \/>\n\t<meta name=\"twitter:data1\" content=\"4 minutes\" \/>\n<script type=\"application\/ld+json\" class=\"yoast-schema-graph\">{\"@context\":\"https:\/\/schema.org\",\"@graph\":[{\"@type\":\"WebPage\",\"@id\":\"https:\/\/www.waterair.com\/fr\/etude-implantation\/auvergne-rhone-alpes\/rhone\/lyon\",\"url\":\"https:\/\/www.waterair.com\/fr\/etude-implantation\/auvergne-rhone-alpes\/rhone\/lyon\",\"name\":\"Pisciniste Lyon - Waterair, votre expert en Rh\u00f4ne-Alpes | Piscines Waterair\",\"isPartOf\":{\"@id\":\"https:\/\/www.waterair.com\/fr\/#website\"},\"primaryImageOfPage\":{\"@id\":\"https:\/\/www.waterair.com\/fr\/etude-implantation\/auvergne-rhone-alpes\/rhone\/lyon#primaryimage\"},\"image\":{\"@id\":\"https:\/\/www.waterair.com\/fr\/etude-implantation\/auvergne-rhone-alpes\/rhone\/lyon#primaryimage\"},\"thumbnailUrl\":\"https:\/\/www.waterair.com\/wp-content\/uploads\/2021\/11\/genas.jpg\",\"datePublished\":\"2021-11-02T03:21:15+00:00\",\"dateModified\":\"2025-08-27T12:55:33+00:00\",\"description\":\"Piscines sur mesure \u00e0 Lyon : technologie brevet\u00e9e, panneaux ultra-r\u00e9sistants et accompagnement expert. Transformez votre jardin lyonnais !\",\"breadcrumb\":{\"@id\":\"https:\/\/www.waterair.com\/fr\/etude-implantation\/auvergne-rhone-alpes\/rhone\/lyon#breadcrumb\"},\"inLanguage\":\"fr-FR\",\"potentialAction\":[{\"@type\":\"ReadAction\",\"target\":[\"https:\/\/www.waterair.com\/fr\/etude-implantation\/auvergne-rhone-alpes\/rhone\/lyon\"]}]},{\"@type\":\"ImageObject\",\"inLanguage\":\"fr-FR\",\"@id\":\"https:\/\/www.waterair.com\/fr\/etude-implantation\/auvergne-rhone-alpes\/rhone\/lyon#primaryimage\",\"url\":\"https:\/\/www.waterair.com\/wp-content\/uploads\/2021\/11\/genas.jpg\",\"contentUrl\":\"https:\/\/www.waterair.com\/wp-content\/uploads\/2021\/11\/genas.jpg\",\"width\":1920,\"height\":1080},{\"@type\":\"BreadcrumbList\",\"@id\":\"https:\/\/www.waterair.com\/fr\/etude-implantation\/auvergne-rhone-alpes\/rhone\/lyon#breadcrumb\",\"itemListElement\":[{\"@type\":\"ListItem\",\"position\":1,\"name\":\"Accueil\",\"item\":\"https:\/\/www.waterair.com\/fr\"},{\"@type\":\"ListItem\",\"position\":2,\"name\":\"Etude d&rsquo;implantation piscine\",\"item\":\"https:\/\/www.waterair.com\/fr\/etude-implantation\"},{\"@type\":\"ListItem\",\"position\":3,\"name\":\"Auvergne-Rh\u00f4ne-Alpes\",\"item\":\"https:\/\/www.waterair.com\/fr\/etude-implantation\/auvergne-rhone-alpes\"},{\"@type\":\"ListItem\",\"position\":4,\"name\":\"Rh\u00f4ne\",\"item\":\"https:\/\/www.waterair.com\/fr\/etude-implantation\/auvergne-rhone-alpes\/rhone\"},{\"@type\":\"ListItem\",\"position\":5,\"name\":\"Lyon : Waterair, votre expert piscine sur mesure en Rh\u00f4ne-Alpes\"}]},{\"@type\":\"WebSite\",\"@id\":\"https:\/\/www.waterair.com\/fr\/#website\",\"url\":\"https:\/\/www.waterair.com\/fr\/\",\"name\":\"Piscines Waterair\",\"description\":\"\",\"potentialAction\":[{\"@type\":\"SearchAction\",\"target\":{\"@type\":\"EntryPoint\",\"urlTemplate\":\"https:\/\/www.waterair.com\/fr\/?s={search_term_string}\"},\"query-input\":{\"@type\":\"PropertyValueSpecification\",\"valueRequired\":true,\"valueName\":\"search_term_string\"}}],\"inLanguage\":\"fr-FR\"}]}<\/script>\n<!-- \/ Yoast SEO Premium plugin. -->","yoast_head_json":{"title":"Pisciniste Lyon - Waterair, votre expert en Rh\u00f4ne-Alpes | Piscines Waterair","description":"Piscines sur mesure \u00e0 Lyon : technologie brevet\u00e9e, panneaux ultra-r\u00e9sistants et accompagnement expert. Transformez votre jardin lyonnais !","robots":{"index":"index","follow":"follow","max-snippet":"max-snippet:-1","max-image-preview":"max-image-preview:large","max-video-preview":"max-video-preview:-1"},"canonical":"https:\/\/www.waterair.com\/fr\/etude-implantation\/auvergne-rhone-alpes\/rhone\/lyon","og_locale":"fr_FR","og_type":"article","og_title":"Lyon : Waterair, votre expert piscine sur mesure en Rh\u00f4ne-Alpes","og_description":"Piscines sur mesure \u00e0 Lyon : technologie brevet\u00e9e, panneaux ultra-r\u00e9sistants et accompagnement expert. Transformez votre jardin lyonnais !","og_url":"https:\/\/www.waterair.com\/fr\/etude-implantation\/auvergne-rhone-alpes\/rhone\/lyon","og_site_name":"Piscines Waterair","article_modified_time":"2025-08-27T12:55:33+00:00","og_image":[{"width":1920,"height":1080,"url":"https:\/\/www.waterair.com\/wp-content\/uploads\/2021\/11\/genas.jpg","type":"image\/jpeg"}],"twitter_card":"summary_large_image","twitter_misc":{"Dur\u00e9e de lecture estim\u00e9e":"4 minutes"},"schema":{"@context":"https:\/\/schema.org","@graph":[{"@type":"WebPage","@id":"https:\/\/www.waterair.com\/fr\/etude-implantation\/auvergne-rhone-alpes\/rhone\/lyon","url":"https:\/\/www.waterair.com\/fr\/etude-implantation\/auvergne-rhone-alpes\/rhone\/lyon","name":"Pisciniste Lyon - Waterair, votre expert en Rh\u00f4ne-Alpes | Piscines Waterair","isPartOf":{"@id":"https:\/\/www.waterair.com\/fr\/#website"},"primaryImageOfPage":{"@id":"https:\/\/www.waterair.com\/fr\/etude-implantation\/auvergne-rhone-alpes\/rhone\/lyon#primaryimage"},"image":{"@id":"https:\/\/www.waterair.com\/fr\/etude-implantation\/auvergne-rhone-alpes\/rhone\/lyon#primaryimage"},"thumbnailUrl":"https:\/\/www.waterair.com\/wp-content\/uploads\/2021\/11\/genas.jpg","datePublished":"2021-11-02T03:21:15+00:00","dateModified":"2025-08-27T12:55:33+00:00","description":"Piscines sur mesure \u00e0 Lyon : technologie brevet\u00e9e, panneaux ultra-r\u00e9sistants et accompagnement expert. Transformez votre jardin lyonnais !","breadcrumb":{"@id":"https:\/\/www.waterair.com\/fr\/etude-implantation\/auvergne-rhone-alpes\/rhone\/lyon#breadcrumb"},"inLanguage":"fr-FR","potentialAction":[{"@type":"ReadAction","target":["https:\/\/www.waterair.com\/fr\/etude-implantation\/auvergne-rhone-alpes\/rhone\/lyon"]}]},{"@type":"ImageObject","inLanguage":"fr-FR","@id":"https:\/\/www.waterair.com\/fr\/etude-implantation\/auvergne-rhone-alpes\/rhone\/lyon#primaryimage","url":"https:\/\/www.waterair.com\/wp-content\/uploads\/2021\/11\/genas.jpg","contentUrl":"https:\/\/www.waterair.com\/wp-content\/uploads\/2021\/11\/genas.jpg","width":1920,"height":1080},{"@type":"BreadcrumbList","@id":"https:\/\/www.waterair.com\/fr\/etude-implantation\/auvergne-rhone-alpes\/rhone\/lyon#breadcrumb","itemListElement":[{"@type":"ListItem","position":1,"name":"Accueil","item":"https:\/\/www.waterair.com\/fr"},{"@type":"ListItem","position":2,"name":"Etude d&rsquo;implantation piscine","item":"https:\/\/www.waterair.com\/fr\/etude-implantation"},{"@type":"ListItem","position":3,"name":"Auvergne-Rh\u00f4ne-Alpes","item":"https:\/\/www.waterair.com\/fr\/etude-implantation\/auvergne-rhone-alpes"},{"@type":"ListItem","position":4,"name":"Rh\u00f4ne","item":"https:\/\/www.waterair.com\/fr\/etude-implantation\/auvergne-rhone-alpes\/rhone"},{"@type":"ListItem","position":5,"name":"Lyon : Waterair, votre expert piscine sur mesure en Rh\u00f4ne-Alpes"}]},{"@type":"WebSite","@id":"https:\/\/www.waterair.com\/fr\/#website","url":"https:\/\/www.waterair.com\/fr\/","name":"Piscines Waterair","description":"","potentialAction":[{"@type":"SearchAction","target":{"@type":"EntryPoint","urlTemplate":"https:\/\/www.waterair.com\/fr\/?s={search_term_string}"},"query-input":{"@type":"PropertyValueSpecification","valueRequired":true,"valueName":"search_term_string"}}],"inLanguage":"fr-FR"}]}},"_links":{"self":[{"href":"https:\/\/www.waterair.com\/fr\/wp-json\/wp\/v2\/pages\/48444","targetHints":{"allow":["GET"]}}],"collection":[{"href":"https:\/\/www.waterair.com\/fr\/wp-json\/wp\/v2\/pages"}],"about":[{"href":"https:\/\/www.waterair.com\/fr\/wp-json\/wp\/v2\/types\/page"}],"author":[{"embeddable":true,"href":"https:\/\/www.waterair.com\/fr\/wp-json\/wp\/v2\/users\/1"}],"replies":[{"embeddable":true,"href":"https:\/\/www.waterair.com\/fr\/wp-json\/wp\/v2\/comments?post=48444"}],"version-history":[{"count":4,"href":"https:\/\/www.waterair.com\/fr\/wp-json\/wp\/v2\/pages\/48444\/revisions"}],"predecessor-version":[{"id":539853,"href":"https:\/\/www.waterair.com\/fr\/wp-json\/wp\/v2\/pages\/48444\/revisions\/539853"}],"up":[{"embeddable":true,"href":"https:\/\/www.waterair.com\/fr\/wp-json\/wp\/v2\/pages\/45608"}],"wp:featuredmedia":[{"embeddable":true,"href":"https:\/\/www.waterair.com\/fr\/wp-json\/wp\/v2\/media\/44824"}],"wp:attachment":[{"href":"https:\/\/www.waterair.com\/fr\/wp-json\/wp\/v2\/media?parent=48444"}],"curies":[{"name":"wp","href":"https:\/\/api.w.org\/{rel}","templated":true}]}}