{"id":497305,"date":"2025-04-14T14:49:13","date_gmt":"2025-04-14T12:49:13","guid":{"rendered":"https:\/\/www.waterair.com\/?page_id=497305"},"modified":"2025-11-26T17:07:24","modified_gmt":"2025-11-26T16:07:24","slug":"temoignage-de-laurent","status":"publish","type":"page","link":"https:\/\/www.waterair.com\/fr\/temoignage-de-laurent","title":{"rendered":"T\u00e9moignage de Laurent"},"content":{"rendered":"<div class=\"container block--core-paragraph\"><div class=\"row\"><div class=\"col-12 \">\n<p>Avis client, t\u00e9moignage : retrouvez aujourd&rsquo;hui en vid\u00e9o le t\u00e9moignage de Laurent, au bord de sa piscine Waterair Eva, forme haricot.<\/p>\n<\/div><\/div><\/div>\n\n<div class=\"container block--core-paragraph\"><div class=\"row\"><div class=\"col-12 \">\n<p>Son choix s\u2019est port\u00e9 sur un mod\u00e8le haricot, une Eva, pour s\u2019adapter parfaitement \u00e0 l\u2019environnement d\u00e9j\u00e0 existant et conserver l\u2019harmonie du paysage.<\/p>\n<\/div><\/div><\/div>\n\n<div data-wa=\"fade-up\"  class=\"block-media  content-block\">\n\t\t\t<div class=\"container\">\n\t\t\t<div class=\"row\">\n\t\t\t\t<div class=\"col-12 col-md-10 offset-md-1\">\n                                            <div class=\"content-block__media\">\n                                                                                                <button\n                                            class=\"content-block__button\"\n                                            data-video='{\"provider\": \"youtube\", \"id\": \"ohWHGjsl5_I\", \"poster\": \"https:\/\/www.waterair.com\/wp-content\/uploads\/2025\/04\/design-sans-titre-9-1340x1260.png\"}'\n                                    >\n                                        Voir la vid\u00e9o                                        <i class=\"app-icon app-icon-play-fill app-icon--sm\"><\/i>\n                                    <\/button>\n                                \n                                <img decoding=\"async\"\n                                        src=\"https:\/\/www.waterair.com\/wp-content\/uploads\/2025\/04\/design-sans-titre-9-920x920.png\"\n                                        srcset=\"https:\/\/www.waterair.com\/wp-content\/uploads\/2025\/04\/design-sans-titre-9.png 2x\"\n                                        alt=\"\"\n                                >\n                                                    <\/div>\n                                    <\/div>\n\t\t\t<\/div>\n\t\t<\/div>\n                    <script type=\"application\/ld+json\">\n    {\n        \"@context\": \"http:\/\/schema.org\",\n        \"@type\": \"WebPage\",\n        \"video\":\n        {\n            \"@type\": \"VideoObject\",\n            \"name\": \"Nos clients t\u00e9moignent 18 - Piscines Waterair une longue histoire de famille !\",\n            \"description\": \"Nos clients t\u00e9moignent 18 - Piscines Waterair une longue histoire de famille !\",\n            \"thumbnailUrl\": \"https:\/\/i.ytimg.com\/vi\/ohWHGjsl5_I\/hqdefault.jpg\",\n            \"uploadDate\": \"2026-05-11\",\n                        \"contentUrl\": \"https:\/\/www.youtube.com\/embed\/ohWHGjsl5_I\"\n        }\n    }\n<\/script>\n        \t<\/div>\n","protected":false},"excerpt":{"rendered":"<p>Avis client, t\u00e9moignage : retrouvez aujourd&rsquo;hui en vid\u00e9o le t\u00e9moignage de Laurent, au bord de sa piscine Waterair Eva, forme haricot. Son choix s\u2019est port\u00e9 sur un mod\u00e8le haricot, une Eva, pour s\u2019adapter parfaitement \u00e0 l\u2019environnement d\u00e9j\u00e0 existant et conserver l\u2019harmonie du paysage.<\/p>\n","protected":false},"author":31,"featured_media":497369,"parent":0,"menu_order":0,"comment_status":"closed","ping_status":"closed","template":"","meta":{"_acf_changed":false,"om_disable_all_campaigns":false,"footnotes":""},"class_list":["post-497305","page","type-page","status-publish","has-post-thumbnail","hentry"],"acf":[],"yoast_head":"<!-- This site is optimized with the Yoast SEO Premium plugin v25.4 (Yoast SEO v27.2) - https:\/\/yoast.com\/product\/yoast-seo-premium-wordpress\/ -->\n<title>T\u00e9moignage de Laurent | Piscines Waterair<\/title>\n<meta name=\"robots\" content=\"index, follow, max-snippet:-1, max-image-preview:large, max-video-preview:-1\" \/>\n<link rel=\"canonical\" href=\"https:\/\/www.waterair.com\/fr\/temoignage-de-laurent\" \/>\n<meta property=\"og:locale\" content=\"fr_FR\" \/>\n<meta property=\"og:type\" content=\"article\" \/>\n<meta property=\"og:title\" content=\"T\u00e9moignage de Laurent\" \/>\n<meta property=\"og:description\" content=\"Avis client, t\u00e9moignage : retrouvez aujourd&rsquo;hui en vid\u00e9o le t\u00e9moignage de Laurent, au bord de sa piscine Waterair Eva, forme haricot. Son choix s\u2019est port\u00e9 sur un mod\u00e8le haricot, une Eva, pour s\u2019adapter parfaitement \u00e0 l\u2019environnement d\u00e9j\u00e0 existant et conserver l\u2019harmonie du paysage.\" \/>\n<meta property=\"og:url\" content=\"https:\/\/www.waterair.com\/fr\/temoignage-de-laurent\" \/>\n<meta property=\"og:site_name\" content=\"Piscines Waterair\" \/>\n<meta property=\"article:modified_time\" content=\"2025-11-26T16:07:24+00:00\" \/>\n<meta property=\"og:image\" content=\"https:\/\/www.waterair.com\/wp-content\/uploads\/2025\/04\/55555-2560x1440.jpg\" \/>\n\t<meta property=\"og:image:width\" content=\"2560\" \/>\n\t<meta property=\"og:image:height\" content=\"1440\" \/>\n\t<meta property=\"og:image:type\" content=\"image\/jpeg\" \/>\n<meta name=\"twitter:card\" content=\"summary_large_image\" \/>\n<meta name=\"twitter:label1\" content=\"Dur\u00e9e de lecture estim\u00e9e\" \/>\n\t<meta name=\"twitter:data1\" content=\"1 minute\" \/>\n<script type=\"application\/ld+json\" class=\"yoast-schema-graph\">{\"@context\":\"https:\/\/schema.org\",\"@graph\":[{\"@type\":\"WebPage\",\"@id\":\"https:\/\/www.waterair.com\/fr\/temoignage-de-laurent\",\"url\":\"https:\/\/www.waterair.com\/fr\/temoignage-de-laurent\",\"name\":\"T\u00e9moignage de Laurent | Piscines Waterair\",\"isPartOf\":{\"@id\":\"https:\/\/www.waterair.com\/fr\/#website\"},\"primaryImageOfPage\":{\"@id\":\"https:\/\/www.waterair.com\/fr\/temoignage-de-laurent#primaryimage\"},\"image\":{\"@id\":\"https:\/\/www.waterair.com\/fr\/temoignage-de-laurent#primaryimage\"},\"thumbnailUrl\":\"https:\/\/www.waterair.com\/wp-content\/uploads\/2025\/04\/55555.jpg\",\"datePublished\":\"2025-04-14T12:49:13+00:00\",\"dateModified\":\"2025-11-26T16:07:24+00:00\",\"breadcrumb\":{\"@id\":\"https:\/\/www.waterair.com\/fr\/temoignage-de-laurent#breadcrumb\"},\"inLanguage\":\"fr-FR\",\"potentialAction\":[{\"@type\":\"ReadAction\",\"target\":[\"https:\/\/www.waterair.com\/fr\/temoignage-de-laurent\"]}]},{\"@type\":\"ImageObject\",\"inLanguage\":\"fr-FR\",\"@id\":\"https:\/\/www.waterair.com\/fr\/temoignage-de-laurent#primaryimage\",\"url\":\"https:\/\/www.waterair.com\/wp-content\/uploads\/2025\/04\/55555.jpg\",\"contentUrl\":\"https:\/\/www.waterair.com\/wp-content\/uploads\/2025\/04\/55555.jpg\",\"width\":8064,\"height\":4536},{\"@type\":\"BreadcrumbList\",\"@id\":\"https:\/\/www.waterair.com\/fr\/temoignage-de-laurent#breadcrumb\",\"itemListElement\":[{\"@type\":\"ListItem\",\"position\":1,\"name\":\"Accueil\",\"item\":\"https:\/\/www.waterair.com\/fr\"},{\"@type\":\"ListItem\",\"position\":2,\"name\":\"T\u00e9moignage de Laurent\"}]},{\"@type\":\"WebSite\",\"@id\":\"https:\/\/www.waterair.com\/fr\/#website\",\"url\":\"https:\/\/www.waterair.com\/fr\/\",\"name\":\"Piscines Waterair\",\"description\":\"\",\"potentialAction\":[{\"@type\":\"SearchAction\",\"target\":{\"@type\":\"EntryPoint\",\"urlTemplate\":\"https:\/\/www.waterair.com\/fr\/?s={search_term_string}\"},\"query-input\":{\"@type\":\"PropertyValueSpecification\",\"valueRequired\":true,\"valueName\":\"search_term_string\"}}],\"inLanguage\":\"fr-FR\"}]}<\/script>\n<!-- \/ Yoast SEO Premium plugin. -->","yoast_head_json":{"title":"T\u00e9moignage de Laurent | Piscines Waterair","robots":{"index":"index","follow":"follow","max-snippet":"max-snippet:-1","max-image-preview":"max-image-preview:large","max-video-preview":"max-video-preview:-1"},"canonical":"https:\/\/www.waterair.com\/fr\/temoignage-de-laurent","og_locale":"fr_FR","og_type":"article","og_title":"T\u00e9moignage de Laurent","og_description":"Avis client, t\u00e9moignage : retrouvez aujourd&rsquo;hui en vid\u00e9o le t\u00e9moignage de Laurent, au bord de sa piscine Waterair Eva, forme haricot. Son choix s\u2019est port\u00e9 sur un mod\u00e8le haricot, une Eva, pour s\u2019adapter parfaitement \u00e0 l\u2019environnement d\u00e9j\u00e0 existant et conserver l\u2019harmonie du paysage.","og_url":"https:\/\/www.waterair.com\/fr\/temoignage-de-laurent","og_site_name":"Piscines Waterair","article_modified_time":"2025-11-26T16:07:24+00:00","og_image":[{"width":2560,"height":1440,"url":"https:\/\/www.waterair.com\/wp-content\/uploads\/2025\/04\/55555-2560x1440.jpg","type":"image\/jpeg"}],"twitter_card":"summary_large_image","twitter_misc":{"Dur\u00e9e de lecture estim\u00e9e":"1 minute"},"schema":{"@context":"https:\/\/schema.org","@graph":[{"@type":"WebPage","@id":"https:\/\/www.waterair.com\/fr\/temoignage-de-laurent","url":"https:\/\/www.waterair.com\/fr\/temoignage-de-laurent","name":"T\u00e9moignage de Laurent | Piscines Waterair","isPartOf":{"@id":"https:\/\/www.waterair.com\/fr\/#website"},"primaryImageOfPage":{"@id":"https:\/\/www.waterair.com\/fr\/temoignage-de-laurent#primaryimage"},"image":{"@id":"https:\/\/www.waterair.com\/fr\/temoignage-de-laurent#primaryimage"},"thumbnailUrl":"https:\/\/www.waterair.com\/wp-content\/uploads\/2025\/04\/55555.jpg","datePublished":"2025-04-14T12:49:13+00:00","dateModified":"2025-11-26T16:07:24+00:00","breadcrumb":{"@id":"https:\/\/www.waterair.com\/fr\/temoignage-de-laurent#breadcrumb"},"inLanguage":"fr-FR","potentialAction":[{"@type":"ReadAction","target":["https:\/\/www.waterair.com\/fr\/temoignage-de-laurent"]}]},{"@type":"ImageObject","inLanguage":"fr-FR","@id":"https:\/\/www.waterair.com\/fr\/temoignage-de-laurent#primaryimage","url":"https:\/\/www.waterair.com\/wp-content\/uploads\/2025\/04\/55555.jpg","contentUrl":"https:\/\/www.waterair.com\/wp-content\/uploads\/2025\/04\/55555.jpg","width":8064,"height":4536},{"@type":"BreadcrumbList","@id":"https:\/\/www.waterair.com\/fr\/temoignage-de-laurent#breadcrumb","itemListElement":[{"@type":"ListItem","position":1,"name":"Accueil","item":"https:\/\/www.waterair.com\/fr"},{"@type":"ListItem","position":2,"name":"T\u00e9moignage de Laurent"}]},{"@type":"WebSite","@id":"https:\/\/www.waterair.com\/fr\/#website","url":"https:\/\/www.waterair.com\/fr\/","name":"Piscines Waterair","description":"","potentialAction":[{"@type":"SearchAction","target":{"@type":"EntryPoint","urlTemplate":"https:\/\/www.waterair.com\/fr\/?s={search_term_string}"},"query-input":{"@type":"PropertyValueSpecification","valueRequired":true,"valueName":"search_term_string"}}],"inLanguage":"fr-FR"}]}},"_links":{"self":[{"href":"https:\/\/www.waterair.com\/fr\/wp-json\/wp\/v2\/pages\/497305","targetHints":{"allow":["GET"]}}],"collection":[{"href":"https:\/\/www.waterair.com\/fr\/wp-json\/wp\/v2\/pages"}],"about":[{"href":"https:\/\/www.waterair.com\/fr\/wp-json\/wp\/v2\/types\/page"}],"author":[{"embeddable":true,"href":"https:\/\/www.waterair.com\/fr\/wp-json\/wp\/v2\/users\/31"}],"replies":[{"embeddable":true,"href":"https:\/\/www.waterair.com\/fr\/wp-json\/wp\/v2\/comments?post=497305"}],"version-history":[{"count":2,"href":"https:\/\/www.waterair.com\/fr\/wp-json\/wp\/v2\/pages\/497305\/revisions"}],"predecessor-version":[{"id":549532,"href":"https:\/\/www.waterair.com\/fr\/wp-json\/wp\/v2\/pages\/497305\/revisions\/549532"}],"wp:featuredmedia":[{"embeddable":true,"href":"https:\/\/www.waterair.com\/fr\/wp-json\/wp\/v2\/media\/497369"}],"wp:attachment":[{"href":"https:\/\/www.waterair.com\/fr\/wp-json\/wp\/v2\/media?parent=497305"}],"curies":[{"name":"wp","href":"https:\/\/api.w.org\/{rel}","templated":true}]}}