{"id":49922,"date":"2021-11-02T04:43:43","date_gmt":"2021-11-02T03:43:43","guid":{"rendered":"https:\/\/waterair-preprod2.adipso.fr\/occitanie\/ariege\/tarascon-sur-ariege"},"modified":"2021-11-28T14:03:12","modified_gmt":"2021-11-28T13:03:12","slug":"tarascon-sur-ariege","status":"publish","type":"page","link":"https:\/\/www.waterair.com\/fr\/etude-implantation\/occitanie\/ariege\/tarascon-sur-ariege","title":{"rendered":"Tarascon-sur-Ari\u00e8ge"},"content":{"rendered":"<div class=\"container block--core-paragraph\"><div class=\"row\"><div class=\"col-12 \"><p>Personnalisables et robustes, les Piscines Waterair s\u2019installent rapidement sur tous les terrains naturels. Depuis 1972, c\u2019est plus de 139 000 familles qui ont choisi Waterair pour concr\u00e9tiser leur r\u00eave de piscine.<\/p><\/div><\/div><\/div><div class=\"container block--core-paragraph\"><div class=\"row\"><div class=\"col-12 \"><p>Envie d\u2019une piscine sur votre terrain ? Vous habitez \u00e0 c\u00f4t\u00e9 de Tarascon-sur-Ari\u00e8ge (Ari\u00e8ge, Occitanie) et vous aimeriez avoir les suggestions d\u2019un sp\u00e9cialiste ? Alors faire une \u00e9tude d\u2019implantation de votre future piscine avec Piscines Waterair directement sur votre terrain est une excellente mani\u00e8re d\u2019en apprendre plus. Ce point vous permettra ainsi de mieux cadrer votre projet en fonction de vos attentes de mani\u00e8re \u00e0 ce que la piscine que vous allez construire vous permette de passer du r\u00eave \u00e0 la r\u00e9alit\u00e9.<\/p><\/div><\/div><\/div>    <div  class=\"block-button content-block mb-0 mt-2\" data-tab-section>\n        <div class=\"container\">\n            <div class=\"row\">\n                <div class=\"col-12 col-md-10 offset-md-1\">\n                    <div class=\"d-flex flex-wrap flex-column flex-md-row justify-content-center spaced-md-4 mt-6 mb-5 mb-md-0\">\n                                                        <a\tdata-wa=\"button\" data-wa-wave=\"secondary\"\n\tclass=\"btn btn--secondary mb-0 mb-md-5\"\n\t\t\thref=\"#catalogue-mini-form\"\n\t\t>\n\t\tDemander un catalogue    <\/a>\n                                                                    <\/div>\n                <\/div>\n            <\/div>\n        <\/div>\n    <\/div>\n","protected":false},"excerpt":{"rendered":"<p>Personnalisables et robustes, les Piscines Waterair s\u2019installent rapidement sur tous les terrains naturels. Depuis 1972, c\u2019est plus de familles qui ont choisi Waterair pour concr\u00e9tiser leur r\u00eave de piscine. Envie d\u2019une piscine sur votre terrain ? Vous habitez \u00e0 c\u00f4t\u00e9 de Tarascon-sur-Ari\u00e8ge (Ari\u00e8ge, Occitanie) et vous aimeriez avoir les suggestions d\u2019un sp\u00e9cialiste ? Alors faire [&hellip;]<\/p>\n","protected":false},"author":1,"featured_media":0,"parent":45744,"menu_order":0,"comment_status":"closed","ping_status":"closed","template":"models\/implantation.php","meta":{"_acf_changed":false,"om_disable_all_campaigns":false,"footnotes":""},"class_list":["post-49922","page","type-page","status-publish","hentry"],"acf":[],"yoast_head":"<!-- This site is optimized with the Yoast SEO Premium plugin v25.4 (Yoast SEO v27.2) - https:\/\/yoast.com\/product\/yoast-seo-premium-wordpress\/ -->\n<title>Pisciniste Tarascon-sur-Ari\u00e8ge (Ari\u00e8ge) - \u00eatre accompagn\u00e9 : Piscines Waterair<\/title>\n<meta name=\"description\" content=\"Envie d\u2019une piscine sur votre terrain ? Vous habitez \u00e0 c\u00f4t\u00e9 de Tarascon-sur-Ari\u00e8ge (Ari\u00e8ge, Occitanie) et vous aimeriez avoir les suggestions d\u2019un sp\u00e9cialiste ? Alors faire une \u00e9tude d\u2019implantation de votre future piscine avec Piscines Waterair directement sur votre terrain est une excellente mani\u00e8re d\u2019en apprendre plus. Ce point vous permettra ainsi de mieux cadrer votre projet en fonction de vos attentes de mani\u00e8re \u00e0 ce que la piscine que vous allez construire vous permette de passer du r\u00eave \u00e0 la r\u00e9alit\u00e9.\" \/>\n<meta name=\"robots\" content=\"index, follow, max-snippet:-1, max-image-preview:large, max-video-preview:-1\" \/>\n<link rel=\"canonical\" href=\"https:\/\/www.waterair.com\/fr\/etude-implantation\/occitanie\/ariege\/tarascon-sur-ariege\" \/>\n<meta property=\"og:locale\" content=\"fr_FR\" \/>\n<meta property=\"og:type\" content=\"article\" \/>\n<meta property=\"og:title\" content=\"Tarascon-sur-Ari\u00e8ge\" \/>\n<meta property=\"og:description\" content=\"Envie d\u2019une piscine sur votre terrain ? Vous habitez \u00e0 c\u00f4t\u00e9 de Tarascon-sur-Ari\u00e8ge (Ari\u00e8ge, Occitanie) et vous aimeriez avoir les suggestions d\u2019un sp\u00e9cialiste ? Alors faire une \u00e9tude d\u2019implantation de votre future piscine avec Piscines Waterair directement sur votre terrain est une excellente mani\u00e8re d\u2019en apprendre plus. Ce point vous permettra ainsi de mieux cadrer votre projet en fonction de vos attentes de mani\u00e8re \u00e0 ce que la piscine que vous allez construire vous permette de passer du r\u00eave \u00e0 la r\u00e9alit\u00e9.\" \/>\n<meta property=\"og:url\" content=\"https:\/\/www.waterair.com\/fr\/etude-implantation\/occitanie\/ariege\/tarascon-sur-ariege\" \/>\n<meta property=\"og:site_name\" content=\"Piscines Waterair\" \/>\n<meta property=\"article:modified_time\" content=\"2021-11-28T13:03:12+00:00\" \/>\n<meta name=\"twitter:card\" content=\"summary_large_image\" \/>\n<meta name=\"twitter:label1\" content=\"Dur\u00e9e de lecture estim\u00e9e\" \/>\n\t<meta name=\"twitter:data1\" content=\"1 minute\" \/>\n<script type=\"application\/ld+json\" class=\"yoast-schema-graph\">{\"@context\":\"https:\/\/schema.org\",\"@graph\":[{\"@type\":\"WebPage\",\"@id\":\"https:\/\/www.waterair.com\/fr\/etude-implantation\/occitanie\/ariege\/tarascon-sur-ariege\",\"url\":\"https:\/\/www.waterair.com\/fr\/etude-implantation\/occitanie\/ariege\/tarascon-sur-ariege\",\"name\":\"Pisciniste Tarascon-sur-Ari\u00e8ge (Ari\u00e8ge) - \u00eatre accompagn\u00e9 : Piscines Waterair\",\"isPartOf\":{\"@id\":\"https:\/\/www.waterair.com\/fr\/#website\"},\"datePublished\":\"2021-11-02T03:43:43+00:00\",\"dateModified\":\"2021-11-28T13:03:12+00:00\",\"description\":\"Envie d\u2019une piscine sur votre terrain ? Vous habitez \u00e0 c\u00f4t\u00e9 de Tarascon-sur-Ari\u00e8ge (Ari\u00e8ge, Occitanie) et vous aimeriez avoir les suggestions d\u2019un sp\u00e9cialiste ? Alors faire une \u00e9tude d\u2019implantation de votre future piscine avec Piscines Waterair directement sur votre terrain est une excellente mani\u00e8re d\u2019en apprendre plus. Ce point vous permettra ainsi de mieux cadrer votre projet en fonction de vos attentes de mani\u00e8re \u00e0 ce que la piscine que vous allez construire vous permette de passer du r\u00eave \u00e0 la r\u00e9alit\u00e9.\",\"breadcrumb\":{\"@id\":\"https:\/\/www.waterair.com\/fr\/etude-implantation\/occitanie\/ariege\/tarascon-sur-ariege#breadcrumb\"},\"inLanguage\":\"fr-FR\",\"potentialAction\":[{\"@type\":\"ReadAction\",\"target\":[\"https:\/\/www.waterair.com\/fr\/etude-implantation\/occitanie\/ariege\/tarascon-sur-ariege\"]}]},{\"@type\":\"BreadcrumbList\",\"@id\":\"https:\/\/www.waterair.com\/fr\/etude-implantation\/occitanie\/ariege\/tarascon-sur-ariege#breadcrumb\",\"itemListElement\":[{\"@type\":\"ListItem\",\"position\":1,\"name\":\"Accueil\",\"item\":\"https:\/\/www.waterair.com\/fr\"},{\"@type\":\"ListItem\",\"position\":2,\"name\":\"Etude d&rsquo;implantation piscine\",\"item\":\"https:\/\/www.waterair.com\/fr\/etude-implantation\"},{\"@type\":\"ListItem\",\"position\":3,\"name\":\"Occitanie\",\"item\":\"https:\/\/www.waterair.com\/fr\/etude-implantation\/occitanie\"},{\"@type\":\"ListItem\",\"position\":4,\"name\":\"Ari\u00e8ge\",\"item\":\"https:\/\/www.waterair.com\/fr\/etude-implantation\/occitanie\/ariege\"},{\"@type\":\"ListItem\",\"position\":5,\"name\":\"Tarascon-sur-Ari\u00e8ge\"}]},{\"@type\":\"WebSite\",\"@id\":\"https:\/\/www.waterair.com\/fr\/#website\",\"url\":\"https:\/\/www.waterair.com\/fr\/\",\"name\":\"Piscines Waterair\",\"description\":\"\",\"potentialAction\":[{\"@type\":\"SearchAction\",\"target\":{\"@type\":\"EntryPoint\",\"urlTemplate\":\"https:\/\/www.waterair.com\/fr\/?s={search_term_string}\"},\"query-input\":{\"@type\":\"PropertyValueSpecification\",\"valueRequired\":true,\"valueName\":\"search_term_string\"}}],\"inLanguage\":\"fr-FR\"}]}<\/script>\n<!-- \/ Yoast SEO Premium plugin. -->","yoast_head_json":{"title":"Pisciniste Tarascon-sur-Ari\u00e8ge (Ari\u00e8ge) - \u00eatre accompagn\u00e9 : Piscines Waterair","description":"Envie d\u2019une piscine sur votre terrain ? Vous habitez \u00e0 c\u00f4t\u00e9 de Tarascon-sur-Ari\u00e8ge (Ari\u00e8ge, Occitanie) et vous aimeriez avoir les suggestions d\u2019un sp\u00e9cialiste ? Alors faire une \u00e9tude d\u2019implantation de votre future piscine avec Piscines Waterair directement sur votre terrain est une excellente mani\u00e8re d\u2019en apprendre plus. Ce point vous permettra ainsi de mieux cadrer votre projet en fonction de vos attentes de mani\u00e8re \u00e0 ce que la piscine que vous allez construire vous permette de passer du r\u00eave \u00e0 la r\u00e9alit\u00e9.","robots":{"index":"index","follow":"follow","max-snippet":"max-snippet:-1","max-image-preview":"max-image-preview:large","max-video-preview":"max-video-preview:-1"},"canonical":"https:\/\/www.waterair.com\/fr\/etude-implantation\/occitanie\/ariege\/tarascon-sur-ariege","og_locale":"fr_FR","og_type":"article","og_title":"Tarascon-sur-Ari\u00e8ge","og_description":"Envie d\u2019une piscine sur votre terrain ? Vous habitez \u00e0 c\u00f4t\u00e9 de Tarascon-sur-Ari\u00e8ge (Ari\u00e8ge, Occitanie) et vous aimeriez avoir les suggestions d\u2019un sp\u00e9cialiste ? Alors faire une \u00e9tude d\u2019implantation de votre future piscine avec Piscines Waterair directement sur votre terrain est une excellente mani\u00e8re d\u2019en apprendre plus. Ce point vous permettra ainsi de mieux cadrer votre projet en fonction de vos attentes de mani\u00e8re \u00e0 ce que la piscine que vous allez construire vous permette de passer du r\u00eave \u00e0 la r\u00e9alit\u00e9.","og_url":"https:\/\/www.waterair.com\/fr\/etude-implantation\/occitanie\/ariege\/tarascon-sur-ariege","og_site_name":"Piscines Waterair","article_modified_time":"2021-11-28T13:03:12+00:00","twitter_card":"summary_large_image","twitter_misc":{"Dur\u00e9e de lecture estim\u00e9e":"1 minute"},"schema":{"@context":"https:\/\/schema.org","@graph":[{"@type":"WebPage","@id":"https:\/\/www.waterair.com\/fr\/etude-implantation\/occitanie\/ariege\/tarascon-sur-ariege","url":"https:\/\/www.waterair.com\/fr\/etude-implantation\/occitanie\/ariege\/tarascon-sur-ariege","name":"Pisciniste Tarascon-sur-Ari\u00e8ge (Ari\u00e8ge) - \u00eatre accompagn\u00e9 : Piscines Waterair","isPartOf":{"@id":"https:\/\/www.waterair.com\/fr\/#website"},"datePublished":"2021-11-02T03:43:43+00:00","dateModified":"2021-11-28T13:03:12+00:00","description":"Envie d\u2019une piscine sur votre terrain ? Vous habitez \u00e0 c\u00f4t\u00e9 de Tarascon-sur-Ari\u00e8ge (Ari\u00e8ge, Occitanie) et vous aimeriez avoir les suggestions d\u2019un sp\u00e9cialiste ? Alors faire une \u00e9tude d\u2019implantation de votre future piscine avec Piscines Waterair directement sur votre terrain est une excellente mani\u00e8re d\u2019en apprendre plus. Ce point vous permettra ainsi de mieux cadrer votre projet en fonction de vos attentes de mani\u00e8re \u00e0 ce que la piscine que vous allez construire vous permette de passer du r\u00eave \u00e0 la r\u00e9alit\u00e9.","breadcrumb":{"@id":"https:\/\/www.waterair.com\/fr\/etude-implantation\/occitanie\/ariege\/tarascon-sur-ariege#breadcrumb"},"inLanguage":"fr-FR","potentialAction":[{"@type":"ReadAction","target":["https:\/\/www.waterair.com\/fr\/etude-implantation\/occitanie\/ariege\/tarascon-sur-ariege"]}]},{"@type":"BreadcrumbList","@id":"https:\/\/www.waterair.com\/fr\/etude-implantation\/occitanie\/ariege\/tarascon-sur-ariege#breadcrumb","itemListElement":[{"@type":"ListItem","position":1,"name":"Accueil","item":"https:\/\/www.waterair.com\/fr"},{"@type":"ListItem","position":2,"name":"Etude d&rsquo;implantation piscine","item":"https:\/\/www.waterair.com\/fr\/etude-implantation"},{"@type":"ListItem","position":3,"name":"Occitanie","item":"https:\/\/www.waterair.com\/fr\/etude-implantation\/occitanie"},{"@type":"ListItem","position":4,"name":"Ari\u00e8ge","item":"https:\/\/www.waterair.com\/fr\/etude-implantation\/occitanie\/ariege"},{"@type":"ListItem","position":5,"name":"Tarascon-sur-Ari\u00e8ge"}]},{"@type":"WebSite","@id":"https:\/\/www.waterair.com\/fr\/#website","url":"https:\/\/www.waterair.com\/fr\/","name":"Piscines Waterair","description":"","potentialAction":[{"@type":"SearchAction","target":{"@type":"EntryPoint","urlTemplate":"https:\/\/www.waterair.com\/fr\/?s={search_term_string}"},"query-input":{"@type":"PropertyValueSpecification","valueRequired":true,"valueName":"search_term_string"}}],"inLanguage":"fr-FR"}]}},"_links":{"self":[{"href":"https:\/\/www.waterair.com\/fr\/wp-json\/wp\/v2\/pages\/49922","targetHints":{"allow":["GET"]}}],"collection":[{"href":"https:\/\/www.waterair.com\/fr\/wp-json\/wp\/v2\/pages"}],"about":[{"href":"https:\/\/www.waterair.com\/fr\/wp-json\/wp\/v2\/types\/page"}],"author":[{"embeddable":true,"href":"https:\/\/www.waterair.com\/fr\/wp-json\/wp\/v2\/users\/1"}],"replies":[{"embeddable":true,"href":"https:\/\/www.waterair.com\/fr\/wp-json\/wp\/v2\/comments?post=49922"}],"version-history":[{"count":3,"href":"https:\/\/www.waterair.com\/fr\/wp-json\/wp\/v2\/pages\/49922\/revisions"}],"predecessor-version":[{"id":94965,"href":"https:\/\/www.waterair.com\/fr\/wp-json\/wp\/v2\/pages\/49922\/revisions\/94965"}],"up":[{"embeddable":true,"href":"https:\/\/www.waterair.com\/fr\/wp-json\/wp\/v2\/pages\/45744"}],"wp:attachment":[{"href":"https:\/\/www.waterair.com\/fr\/wp-json\/wp\/v2\/media?parent=49922"}],"curies":[{"name":"wp","href":"https:\/\/api.w.org\/{rel}","templated":true}]}}