{"id":551,"date":"2021-11-09T14:05:00","date_gmt":"2021-11-09T13:05:00","guid":{"rendered":"https:\/\/waterair-preprod2.adipso.fr\/?page_id=551"},"modified":"2025-11-10T14:32:59","modified_gmt":"2025-11-10T13:32:59","slug":"piscines-et-equipements","status":"publish","type":"page","link":"https:\/\/www.waterair.com\/fr\/piscines-et-equipements","title":{"rendered":"Piscines et \u00e9quipements"},"content":{"rendered":"<div  class=\"block-content-media  content-block   has-no-title\">\n            <div class=\"container\">\n            <div class=\"row\">\n                <div class=\"col\">\n                    <div class=\"row flex-column flex-md-row \">\n                        <div class=\"content-block__col col-12 d-flex flex-column align-items-md-start order-lg-2\">\n                                                                                                                                                <div data-wa=\"fade-up\" data-wa-delay=\"400\" class=\"content-block__description text--sm text-weight--300 mb-0\">\n                                    <h2>Votre piscine en kit \u00e0 composer selon vos envies<\/h2>\n<p>Laissez-vous guider par vos envies et choisissez la <a href=\"https:\/\/www.waterair.com\/fr\/piscines-et-equipements\/piscines\">forme<\/a> et les <a href=\"https:\/\/www.waterair.com\/fr\/piscines-et-equipements\/equipements\">\u00e9quipements<\/a> qui conviennent \u00e0 la taille de votre terrain et au type de piscine en kit, hors sol, enterr\u00e9e ou semi-enterr\u00e9e, qui vous convient.<\/p>\n<h3>Quel type de piscine en kit pour votre terrain ?<\/h3>\n<p>Votre piscine en kit Waterair s\u2019adapte \u00e0 tous les terrains. Selon la configuration de votre jardin, plusieurs solutions sont possibles :<\/p>\n<ul>\n<li><strong>la <a href=\"https:\/\/www.waterair.com\/fr\/piscines-et-equipements\/piscines\/types-de-piscine\/piscine-enterree\">piscine en kit enterr\u00e9e<\/a> :<\/strong> le confort d\u2019une piscine traditionnelle, avec tous les avantages de montage simplifi\u00e9 et de personnalisation des mod\u00e8les en kit Waterair ;<\/li>\n<li><strong>la <a href=\"https:\/\/www.waterair.com\/fr\/piscines-et-equipements\/piscines\/types-de-piscine\/piscine-hors-sol-acier\">piscine en kit hors sol<\/a> : <\/strong>profitez d\u2019une installation simplifi\u00e9e et offrez-vous le plaisir de la baignade avec une installation rapide, sans devoir creuser le sol ;<\/li>\n<li><strong>la <a class=\"Hyperlink SCXW249280955 BCX0\" href=\"https:\/\/www.waterair.com\/fr\/piscines-et-equipements\/piscines\/types-de-piscine\/piscine-semi-enterree\" target=\"_blank\" rel=\"noreferrer noopener\"><span class=\"TextRun Underlined SCXW249280955 BCX0\" lang=\"FR-FR\" xml:lang=\"FR-FR\" data-contrast=\"none\"><span class=\"NormalTextRun SCXW249280955 BCX0\">piscine en kit semi-enterr\u00e9e<\/span><\/span><\/a>\u00a0:<\/strong> c&rsquo;est LA solution id\u00e9ale pour profiter d\u2019une piscine, m\u00eame sur un terrain en pente, rocailleux ou l\u00e9g\u00e8rement accident\u00e9.<\/li>\n<\/ul>\n<h3>Pourquoi choisir Waterair pour votre piscine en kit ?<\/h3>\n<p>Enterr\u00e9e, semi-enterr\u00e9e ou hors sol, votre <a href=\"https:\/\/www.waterair.com\/fr\/piscines-et-equipements\/piscines\/types-de-piscine\/piscine-en-kit\">piscine en kit Waterair<\/a> pr\u00e9sente plusieurs avantages :<\/p>\n<ul>\n<li><strong>une piscine personnalis\u00e9e :<\/strong> choisissez la taille, le liner, les \u00e9quipements et les abords de votre piscine ;<\/li>\n<li><strong>des mat\u00e9riaux durables :<\/strong> con\u00e7ue pour durer avec des \u00e9quipements adapt\u00e9s et \u00e9volutifs (compatibles avec nos anciens mod\u00e8les), votre piscine en kit vous promet de longues ann\u00e9es de baignade ;<\/li>\n<li><strong>un montage simplifi\u00e9 :<\/strong> la technologie de <a href=\"https:\/\/www.waterair.com\/fr\/le-groupe\/le-panneau-waterair\">panneaux en acier<\/a> structur\u00e9 Waterair vous offre une grande libert\u00e9 de forme et permet une installation rapide et facile.<\/li>\n<\/ul>\n<h3>Prenez rendez-vous avec votre conseiller Waterair<\/h3>\n<p>Gr\u00e2ce \u00e0 notre logiciel de projection 3D, vous pouvez visualiser votre piscine enterr\u00e9e, semi-enterr\u00e9e ou hors-sol dans votre jardin. Prenez <a href=\"https:\/\/rdv.waterair.com\/\">rendez-vous<\/a> <strong>avec un sp\u00e9cialiste Waterair<\/strong> pour obtenir une mod\u00e9lisation de votre piscine en kit.<\/p>\n<p>Vous acc\u00e9derez \u00e0 <strong>une <a href=\"https:\/\/www.waterair.com\/fr\/etude-implantation\">\u00e9tude de votre projet <\/a>personnalis\u00e9e et gratuite<\/strong>. Votre conseiller vous accompagnera tout au long de votre projet pour faire de votre r\u00eave de piscine, une r\u00e9alit\u00e9.<\/p>\n                                <\/div>\n                                                                                        <div data-wa=\"fade-up\" data-wa-delay=\"500\">\n                                                                    <\/div>\n                                                    <\/div>\n                                            <\/div>\n                <\/div>\n            <\/div>\n        <\/div>\n    <\/div>\n\n<div class=\"container block--core-paragraph\"><div class=\"row\"><div class=\"col-12 \">\n<p class=\"has-small-font-size\">*Hors frais de pose, de livraison et options facultatives.<\/p>\n<\/div><\/div><\/div>","protected":false},"excerpt":{"rendered":"<p>*Hors frais de pose, de livraison et options facultatives.<\/p>\n","protected":false},"author":1,"featured_media":0,"parent":0,"menu_order":0,"comment_status":"closed","ping_status":"closed","template":"archive-pool.php","meta":{"_acf_changed":false,"om_disable_all_campaigns":false,"footnotes":""},"class_list":["post-551","page","type-page","status-publish","hentry"],"acf":[],"yoast_head":"<!-- This site is optimized with the Yoast SEO Premium plugin v25.4 (Yoast SEO v27.2) - https:\/\/yoast.com\/product\/yoast-seo-premium-wordpress\/ -->\n<title>Piscines en kit, enterr\u00e9es, semi-enterr\u00e9es - Faciles \u00e0 installer | Piscines Waterair<\/title>\n<meta name=\"description\" content=\"Choisissez parmi nos mod\u00e8les de piscines en kit et une vari\u00e9t\u00e9 d&#039;\u00e9quipements adapt\u00e9s. Une offre compl\u00e8te pour un projet facile \u00e0 monter, 100% personnalisable.\" \/>\n<meta name=\"robots\" content=\"index, follow, max-snippet:-1, max-image-preview:large, max-video-preview:-1\" \/>\n<link rel=\"canonical\" href=\"https:\/\/www.waterair.com\/fr\/piscines-et-equipements\" \/>\n<meta property=\"og:locale\" content=\"fr_FR\" \/>\n<meta property=\"og:type\" content=\"article\" \/>\n<meta property=\"og:title\" content=\"Piscines et \u00e9quipements\" \/>\n<meta property=\"og:description\" content=\"Choisissez parmi nos mod\u00e8les de piscines en kit et une vari\u00e9t\u00e9 d&#039;\u00e9quipements adapt\u00e9s. Une offre compl\u00e8te pour un projet facile \u00e0 monter, 100% personnalisable.\" \/>\n<meta property=\"og:url\" content=\"https:\/\/www.waterair.com\/fr\/piscines-et-equipements\" \/>\n<meta property=\"og:site_name\" content=\"Piscines Waterair\" \/>\n<meta property=\"article:modified_time\" content=\"2025-11-10T13:32:59+00:00\" \/>\n<meta name=\"twitter:card\" content=\"summary_large_image\" \/>\n<meta name=\"twitter:label1\" content=\"Dur\u00e9e de lecture estim\u00e9e\" \/>\n\t<meta name=\"twitter:data1\" content=\"3 minutes\" \/>\n<script type=\"application\/ld+json\" class=\"yoast-schema-graph\">{\"@context\":\"https:\/\/schema.org\",\"@graph\":[{\"@type\":\"WebPage\",\"@id\":\"https:\/\/www.waterair.com\/fr\/piscines-et-equipements\",\"url\":\"https:\/\/www.waterair.com\/fr\/piscines-et-equipements\",\"name\":\"Piscines en kit, enterr\u00e9es, semi-enterr\u00e9es - Faciles \u00e0 installer | Piscines Waterair\",\"isPartOf\":{\"@id\":\"https:\/\/www.waterair.com\/fr\/#website\"},\"datePublished\":\"2021-11-09T13:05:00+00:00\",\"dateModified\":\"2025-11-10T13:32:59+00:00\",\"description\":\"Choisissez parmi nos mod\u00e8les de piscines en kit et une vari\u00e9t\u00e9 d'\u00e9quipements adapt\u00e9s. Une offre compl\u00e8te pour un projet facile \u00e0 monter, 100% personnalisable.\",\"breadcrumb\":{\"@id\":\"https:\/\/www.waterair.com\/fr\/piscines-et-equipements#breadcrumb\"},\"inLanguage\":\"fr-FR\",\"potentialAction\":[{\"@type\":\"ReadAction\",\"target\":[\"https:\/\/www.waterair.com\/fr\/piscines-et-equipements\"]}]},{\"@type\":\"BreadcrumbList\",\"@id\":\"https:\/\/www.waterair.com\/fr\/piscines-et-equipements#breadcrumb\",\"itemListElement\":[{\"@type\":\"ListItem\",\"position\":1,\"name\":\"Accueil\",\"item\":\"https:\/\/www.waterair.com\/fr\"},{\"@type\":\"ListItem\",\"position\":2,\"name\":\"Piscines et \u00e9quipements\"}]},{\"@type\":\"WebSite\",\"@id\":\"https:\/\/www.waterair.com\/fr\/#website\",\"url\":\"https:\/\/www.waterair.com\/fr\/\",\"name\":\"Piscines Waterair\",\"description\":\"\",\"potentialAction\":[{\"@type\":\"SearchAction\",\"target\":{\"@type\":\"EntryPoint\",\"urlTemplate\":\"https:\/\/www.waterair.com\/fr\/?s={search_term_string}\"},\"query-input\":{\"@type\":\"PropertyValueSpecification\",\"valueRequired\":true,\"valueName\":\"search_term_string\"}}],\"inLanguage\":\"fr-FR\"}]}<\/script>\n<!-- \/ Yoast SEO Premium plugin. -->","yoast_head_json":{"title":"Piscines en kit, enterr\u00e9es, semi-enterr\u00e9es - Faciles \u00e0 installer | Piscines Waterair","description":"Choisissez parmi nos mod\u00e8les de piscines en kit et une vari\u00e9t\u00e9 d'\u00e9quipements adapt\u00e9s. Une offre compl\u00e8te pour un projet facile \u00e0 monter, 100% personnalisable.","robots":{"index":"index","follow":"follow","max-snippet":"max-snippet:-1","max-image-preview":"max-image-preview:large","max-video-preview":"max-video-preview:-1"},"canonical":"https:\/\/www.waterair.com\/fr\/piscines-et-equipements","og_locale":"fr_FR","og_type":"article","og_title":"Piscines et \u00e9quipements","og_description":"Choisissez parmi nos mod\u00e8les de piscines en kit et une vari\u00e9t\u00e9 d'\u00e9quipements adapt\u00e9s. Une offre compl\u00e8te pour un projet facile \u00e0 monter, 100% personnalisable.","og_url":"https:\/\/www.waterair.com\/fr\/piscines-et-equipements","og_site_name":"Piscines Waterair","article_modified_time":"2025-11-10T13:32:59+00:00","twitter_card":"summary_large_image","twitter_misc":{"Dur\u00e9e de lecture estim\u00e9e":"3 minutes"},"schema":{"@context":"https:\/\/schema.org","@graph":[{"@type":"WebPage","@id":"https:\/\/www.waterair.com\/fr\/piscines-et-equipements","url":"https:\/\/www.waterair.com\/fr\/piscines-et-equipements","name":"Piscines en kit, enterr\u00e9es, semi-enterr\u00e9es - Faciles \u00e0 installer | Piscines Waterair","isPartOf":{"@id":"https:\/\/www.waterair.com\/fr\/#website"},"datePublished":"2021-11-09T13:05:00+00:00","dateModified":"2025-11-10T13:32:59+00:00","description":"Choisissez parmi nos mod\u00e8les de piscines en kit et une vari\u00e9t\u00e9 d'\u00e9quipements adapt\u00e9s. Une offre compl\u00e8te pour un projet facile \u00e0 monter, 100% personnalisable.","breadcrumb":{"@id":"https:\/\/www.waterair.com\/fr\/piscines-et-equipements#breadcrumb"},"inLanguage":"fr-FR","potentialAction":[{"@type":"ReadAction","target":["https:\/\/www.waterair.com\/fr\/piscines-et-equipements"]}]},{"@type":"BreadcrumbList","@id":"https:\/\/www.waterair.com\/fr\/piscines-et-equipements#breadcrumb","itemListElement":[{"@type":"ListItem","position":1,"name":"Accueil","item":"https:\/\/www.waterair.com\/fr"},{"@type":"ListItem","position":2,"name":"Piscines et \u00e9quipements"}]},{"@type":"WebSite","@id":"https:\/\/www.waterair.com\/fr\/#website","url":"https:\/\/www.waterair.com\/fr\/","name":"Piscines Waterair","description":"","potentialAction":[{"@type":"SearchAction","target":{"@type":"EntryPoint","urlTemplate":"https:\/\/www.waterair.com\/fr\/?s={search_term_string}"},"query-input":{"@type":"PropertyValueSpecification","valueRequired":true,"valueName":"search_term_string"}}],"inLanguage":"fr-FR"}]}},"_links":{"self":[{"href":"https:\/\/www.waterair.com\/fr\/wp-json\/wp\/v2\/pages\/551","targetHints":{"allow":["GET"]}}],"collection":[{"href":"https:\/\/www.waterair.com\/fr\/wp-json\/wp\/v2\/pages"}],"about":[{"href":"https:\/\/www.waterair.com\/fr\/wp-json\/wp\/v2\/types\/page"}],"author":[{"embeddable":true,"href":"https:\/\/www.waterair.com\/fr\/wp-json\/wp\/v2\/users\/1"}],"replies":[{"embeddable":true,"href":"https:\/\/www.waterair.com\/fr\/wp-json\/wp\/v2\/comments?post=551"}],"version-history":[{"count":5,"href":"https:\/\/www.waterair.com\/fr\/wp-json\/wp\/v2\/pages\/551\/revisions"}],"predecessor-version":[{"id":545504,"href":"https:\/\/www.waterair.com\/fr\/wp-json\/wp\/v2\/pages\/551\/revisions\/545504"}],"wp:attachment":[{"href":"https:\/\/www.waterair.com\/fr\/wp-json\/wp\/v2\/media?parent=551"}],"curies":[{"name":"wp","href":"https:\/\/api.w.org\/{rel}","templated":true}]}}