{"id":608891,"date":"2026-03-23T15:34:56","date_gmt":"2026-03-23T14:34:56","guid":{"rendered":"https:\/\/www.waterair.com\/?page_id=608891"},"modified":"2026-03-23T15:34:57","modified_gmt":"2026-03-23T14:34:57","slug":"temoignage-de-laurent-2","status":"publish","type":"page","link":"https:\/\/www.waterair.com\/fr\/temoignage-de-laurent-2","title":{"rendered":"T\u00e9moignage de Laurent"},"content":{"rendered":"<div class=\"container block--core-paragraph\"><div class=\"row\"><div class=\"col-12 \">\n<p>Avis client, t\u00e9moignage : retrouvez aujourd&rsquo;hui en vid\u00e9o le t\u00e9moignage de Laurent, au bord de sa piscine Waterair Romy anciennement Barbarie, forme rectangle.<\/p>\n<\/div><\/div><\/div>\n\n<div class=\"container block--core-paragraph\"><div class=\"row\"><div class=\"col-12 \">\n<p>Avec un budget accessible, il a choisi une piscine rectangle Waterair avec escalier ext\u00e9rieur, pour conserver toute la surface de nage !<\/p>\n<\/div><\/div><\/div>\n\n<div data-wa=\"fade-up\"  class=\"block-media  content-block\">\n\t\t\t<div class=\"container\">\n\t\t\t<div class=\"row\">\n\t\t\t\t<div class=\"col-12 col-md-10 offset-md-1\">\n                                            <div class=\"content-block__media\">\n                                                                                                <button\n                                            class=\"content-block__button\"\n                                            data-video='{\"provider\": \"youtube\", \"id\": \"OdSn8gR_G88\", \"poster\": \"https:\/\/www.waterair.com\/wp-content\/uploads\/2026\/03\/design-sans-titre-23-1340x1260.png\"}'\n                                    >\n                                        Voir la vid\u00e9o                                        <i class=\"app-icon app-icon-play-fill app-icon--sm\"><\/i>\n                                    <\/button>\n                                \n                                <img decoding=\"async\"\n                                        src=\"https:\/\/www.waterair.com\/wp-content\/uploads\/2026\/03\/design-sans-titre-23-920x920.png\"\n                                        srcset=\"https:\/\/www.waterair.com\/wp-content\/uploads\/2026\/03\/design-sans-titre-23.png 2x\"\n                                        alt=\"\"\n                                >\n                                                    <\/div>\n                                    <\/div>\n\t\t\t<\/div>\n\t\t<\/div>\n                    <script type=\"application\/ld+json\">\n    {\n        \"@context\": \"http:\/\/schema.org\",\n        \"@type\": \"WebPage\",\n        \"video\":\n        {\n            \"@type\": \"VideoObject\",\n            \"name\": \"Nos clients t\u00e9moignent \u00e9pisode 19 - Une piscine accessible et facile \u00e0 monter soi-m\u00eame !\",\n            \"description\": \"Nos clients t\u00e9moignent \u00e9pisode 19 - Une piscine accessible et facile \u00e0 monter soi-m\u00eame !\",\n            \"thumbnailUrl\": \"https:\/\/i.ytimg.com\/vi\/OdSn8gR_G88\/hqdefault.jpg\",\n            \"uploadDate\": \"2026-05-11\",\n                        \"contentUrl\": \"https:\/\/www.youtube.com\/embed\/OdSn8gR_G88\"\n        }\n    }\n<\/script>\n        \t<\/div>\n","protected":false},"excerpt":{"rendered":"<p>Avis client, t\u00e9moignage : retrouvez aujourd&rsquo;hui en vid\u00e9o le t\u00e9moignage de Laurent, au bord de sa piscine Waterair Romy anciennement Barbarie, forme rectangle. Avec un budget accessible, il a choisi une piscine rectangle Waterair avec escalier ext\u00e9rieur, pour conserver toute la surface de nage !<\/p>\n","protected":false},"author":31,"featured_media":0,"parent":0,"menu_order":0,"comment_status":"closed","ping_status":"closed","template":"","meta":{"_acf_changed":false,"om_disable_all_campaigns":false,"footnotes":""},"class_list":["post-608891","page","type-page","status-publish","hentry"],"acf":[],"yoast_head":"<!-- This site is optimized with the Yoast SEO Premium plugin v25.4 (Yoast SEO v27.2) - https:\/\/yoast.com\/product\/yoast-seo-premium-wordpress\/ -->\n<title>T\u00e9moignage de Laurent | Piscines Waterair<\/title>\n<meta name=\"robots\" content=\"index, follow, max-snippet:-1, max-image-preview:large, max-video-preview:-1\" \/>\n<link rel=\"canonical\" href=\"https:\/\/www.waterair.com\/fr\/temoignage-de-laurent-2\" \/>\n<meta property=\"og:locale\" content=\"fr_FR\" \/>\n<meta property=\"og:type\" content=\"article\" \/>\n<meta property=\"og:title\" content=\"T\u00e9moignage de Laurent\" \/>\n<meta property=\"og:description\" content=\"Avis client, t\u00e9moignage : retrouvez aujourd&rsquo;hui en vid\u00e9o le t\u00e9moignage de Laurent, au bord de sa piscine Waterair Romy anciennement Barbarie, forme rectangle. Avec un budget accessible, il a choisi une piscine rectangle Waterair avec escalier ext\u00e9rieur, pour conserver toute la surface de nage !\" \/>\n<meta property=\"og:url\" content=\"https:\/\/www.waterair.com\/fr\/temoignage-de-laurent-2\" \/>\n<meta property=\"og:site_name\" content=\"Piscines Waterair\" \/>\n<meta property=\"article:modified_time\" content=\"2026-03-23T14:34:57+00:00\" \/>\n<meta name=\"twitter:card\" content=\"summary_large_image\" \/>\n<meta name=\"twitter:label1\" content=\"Dur\u00e9e de lecture estim\u00e9e\" \/>\n\t<meta name=\"twitter:data1\" content=\"1 minute\" \/>\n<script type=\"application\/ld+json\" class=\"yoast-schema-graph\">{\"@context\":\"https:\/\/schema.org\",\"@graph\":[{\"@type\":\"WebPage\",\"@id\":\"https:\/\/www.waterair.com\/fr\/temoignage-de-laurent-2\",\"url\":\"https:\/\/www.waterair.com\/fr\/temoignage-de-laurent-2\",\"name\":\"T\u00e9moignage de Laurent | Piscines Waterair\",\"isPartOf\":{\"@id\":\"https:\/\/www.waterair.com\/fr\/#website\"},\"datePublished\":\"2026-03-23T14:34:56+00:00\",\"dateModified\":\"2026-03-23T14:34:57+00:00\",\"breadcrumb\":{\"@id\":\"https:\/\/www.waterair.com\/fr\/temoignage-de-laurent-2#breadcrumb\"},\"inLanguage\":\"fr-FR\",\"potentialAction\":[{\"@type\":\"ReadAction\",\"target\":[\"https:\/\/www.waterair.com\/fr\/temoignage-de-laurent-2\"]}]},{\"@type\":\"BreadcrumbList\",\"@id\":\"https:\/\/www.waterair.com\/fr\/temoignage-de-laurent-2#breadcrumb\",\"itemListElement\":[{\"@type\":\"ListItem\",\"position\":1,\"name\":\"Accueil\",\"item\":\"https:\/\/www.waterair.com\/fr\"},{\"@type\":\"ListItem\",\"position\":2,\"name\":\"T\u00e9moignage de Laurent\"}]},{\"@type\":\"WebSite\",\"@id\":\"https:\/\/www.waterair.com\/fr\/#website\",\"url\":\"https:\/\/www.waterair.com\/fr\/\",\"name\":\"Piscines Waterair\",\"description\":\"\",\"potentialAction\":[{\"@type\":\"SearchAction\",\"target\":{\"@type\":\"EntryPoint\",\"urlTemplate\":\"https:\/\/www.waterair.com\/fr\/?s={search_term_string}\"},\"query-input\":{\"@type\":\"PropertyValueSpecification\",\"valueRequired\":true,\"valueName\":\"search_term_string\"}}],\"inLanguage\":\"fr-FR\"}]}<\/script>\n<!-- \/ Yoast SEO Premium plugin. -->","yoast_head_json":{"title":"T\u00e9moignage de Laurent | Piscines Waterair","robots":{"index":"index","follow":"follow","max-snippet":"max-snippet:-1","max-image-preview":"max-image-preview:large","max-video-preview":"max-video-preview:-1"},"canonical":"https:\/\/www.waterair.com\/fr\/temoignage-de-laurent-2","og_locale":"fr_FR","og_type":"article","og_title":"T\u00e9moignage de Laurent","og_description":"Avis client, t\u00e9moignage : retrouvez aujourd&rsquo;hui en vid\u00e9o le t\u00e9moignage de Laurent, au bord de sa piscine Waterair Romy anciennement Barbarie, forme rectangle. Avec un budget accessible, il a choisi une piscine rectangle Waterair avec escalier ext\u00e9rieur, pour conserver toute la surface de nage !","og_url":"https:\/\/www.waterair.com\/fr\/temoignage-de-laurent-2","og_site_name":"Piscines Waterair","article_modified_time":"2026-03-23T14:34:57+00:00","twitter_card":"summary_large_image","twitter_misc":{"Dur\u00e9e de lecture estim\u00e9e":"1 minute"},"schema":{"@context":"https:\/\/schema.org","@graph":[{"@type":"WebPage","@id":"https:\/\/www.waterair.com\/fr\/temoignage-de-laurent-2","url":"https:\/\/www.waterair.com\/fr\/temoignage-de-laurent-2","name":"T\u00e9moignage de Laurent | Piscines Waterair","isPartOf":{"@id":"https:\/\/www.waterair.com\/fr\/#website"},"datePublished":"2026-03-23T14:34:56+00:00","dateModified":"2026-03-23T14:34:57+00:00","breadcrumb":{"@id":"https:\/\/www.waterair.com\/fr\/temoignage-de-laurent-2#breadcrumb"},"inLanguage":"fr-FR","potentialAction":[{"@type":"ReadAction","target":["https:\/\/www.waterair.com\/fr\/temoignage-de-laurent-2"]}]},{"@type":"BreadcrumbList","@id":"https:\/\/www.waterair.com\/fr\/temoignage-de-laurent-2#breadcrumb","itemListElement":[{"@type":"ListItem","position":1,"name":"Accueil","item":"https:\/\/www.waterair.com\/fr"},{"@type":"ListItem","position":2,"name":"T\u00e9moignage de Laurent"}]},{"@type":"WebSite","@id":"https:\/\/www.waterair.com\/fr\/#website","url":"https:\/\/www.waterair.com\/fr\/","name":"Piscines Waterair","description":"","potentialAction":[{"@type":"SearchAction","target":{"@type":"EntryPoint","urlTemplate":"https:\/\/www.waterair.com\/fr\/?s={search_term_string}"},"query-input":{"@type":"PropertyValueSpecification","valueRequired":true,"valueName":"search_term_string"}}],"inLanguage":"fr-FR"}]}},"_links":{"self":[{"href":"https:\/\/www.waterair.com\/fr\/wp-json\/wp\/v2\/pages\/608891","targetHints":{"allow":["GET"]}}],"collection":[{"href":"https:\/\/www.waterair.com\/fr\/wp-json\/wp\/v2\/pages"}],"about":[{"href":"https:\/\/www.waterair.com\/fr\/wp-json\/wp\/v2\/types\/page"}],"author":[{"embeddable":true,"href":"https:\/\/www.waterair.com\/fr\/wp-json\/wp\/v2\/users\/31"}],"replies":[{"embeddable":true,"href":"https:\/\/www.waterair.com\/fr\/wp-json\/wp\/v2\/comments?post=608891"}],"version-history":[{"count":1,"href":"https:\/\/www.waterair.com\/fr\/wp-json\/wp\/v2\/pages\/608891\/revisions"}],"predecessor-version":[{"id":608933,"href":"https:\/\/www.waterair.com\/fr\/wp-json\/wp\/v2\/pages\/608891\/revisions\/608933"}],"wp:attachment":[{"href":"https:\/\/www.waterair.com\/fr\/wp-json\/wp\/v2\/media?parent=608891"}],"curies":[{"name":"wp","href":"https:\/\/api.w.org\/{rel}","templated":true}]}}