{"id":609066,"date":"2026-03-23T16:48:57","date_gmt":"2026-03-23T15:48:57","guid":{"rendered":"https:\/\/www.waterair.com\/?page_id=609066"},"modified":"2026-03-23T16:48:58","modified_gmt":"2026-03-23T15:48:58","slug":"temoignage-de-gilles","status":"publish","type":"page","link":"https:\/\/www.waterair.com\/fr\/temoignage-de-gilles","title":{"rendered":"T\u00e9moignage de Gilles"},"content":{"rendered":"<div class=\"container block--core-paragraph\"><div class=\"row\"><div class=\"col-12 \">\n<p>T\u00e9moignage de Gilles , au bord de sa piscine Waterair Tina anciennement Emilie, forme rectangle.<\/p>\n<\/div><\/div><\/div>\n\n<div class=\"container block--core-paragraph\"><div class=\"row\"><div class=\"col-12 \">\n<p>Son choix s\u2019est port\u00e9 sur ce mod\u00e8le rectangulaire, proche d\u2019un couloir de nage, offrant une grande surface de baignade tout en s\u2019int\u00e9grant harmonieusement \u00e0 son environnement ext\u00e9rieur.<\/p>\n<\/div><\/div><\/div>\n\n<div data-wa=\"fade-up\"  class=\"block-media  content-block\">\n\t\t\t<div class=\"container\">\n\t\t\t<div class=\"row\">\n\t\t\t\t<div class=\"col-12 col-md-10 offset-md-1\">\n                                            <div class=\"content-block__media\">\n                                                                                                <button\n                                            class=\"content-block__button\"\n                                            data-video='{\"provider\": \"youtube\", \"id\": \"nipWljIZOf8\", \"poster\": \"https:\/\/www.waterair.com\/wp-content\/uploads\/2026\/03\/emilie-temoignage-1340x1260.png\"}'\n                                    >\n                                        Voir la vid\u00e9o                                        <i class=\"app-icon app-icon-play-fill app-icon--sm\"><\/i>\n                                    <\/button>\n                                \n                                <img decoding=\"async\"\n                                        src=\"https:\/\/www.waterair.com\/wp-content\/uploads\/2026\/03\/emilie-temoignage-920x541.png\"\n                                        srcset=\"https:\/\/www.waterair.com\/wp-content\/uploads\/2026\/03\/emilie-temoignage.png 2x\"\n                                        alt=\"\"\n                                >\n                                                    <\/div>\n                                    <\/div>\n\t\t\t<\/div>\n\t\t<\/div>\n                    <script type=\"application\/ld+json\">\n    {\n        \"@context\": \"http:\/\/schema.org\",\n        \"@type\": \"WebPage\",\n        \"video\":\n        {\n            \"@type\": \"VideoObject\",\n            \"name\": \"Nos clients t\u00e9moignent \u00e9pisode 23 - Une piscine en kit grand format !\",\n            \"description\": \"Nos clients t\u00e9moignent \u00e9pisode 23 - Une piscine en kit grand format !\",\n            \"thumbnailUrl\": \"https:\/\/i.ytimg.com\/vi\/nipWljIZOf8\/hqdefault.jpg\",\n            \"uploadDate\": \"2026-05-11\",\n                        \"contentUrl\": \"https:\/\/www.youtube.com\/embed\/nipWljIZOf8\"\n        }\n    }\n<\/script>\n        \t<\/div>\n","protected":false},"excerpt":{"rendered":"<p>T\u00e9moignage de Gilles , au bord de sa piscine Waterair Tina anciennement Emilie, forme rectangle. Son choix s\u2019est port\u00e9 sur ce mod\u00e8le rectangulaire, proche d\u2019un couloir de nage, offrant une grande surface de baignade tout en s\u2019int\u00e9grant harmonieusement \u00e0 son environnement ext\u00e9rieur.<\/p>\n","protected":false},"author":31,"featured_media":0,"parent":0,"menu_order":0,"comment_status":"closed","ping_status":"closed","template":"","meta":{"_acf_changed":false,"om_disable_all_campaigns":false,"footnotes":""},"class_list":["post-609066","page","type-page","status-publish","hentry"],"acf":[],"yoast_head":"<!-- This site is optimized with the Yoast SEO Premium plugin v25.4 (Yoast SEO v27.2) - https:\/\/yoast.com\/product\/yoast-seo-premium-wordpress\/ -->\n<title>T\u00e9moignage de Gilles | Piscines Waterair<\/title>\n<meta name=\"robots\" content=\"index, follow, max-snippet:-1, max-image-preview:large, max-video-preview:-1\" \/>\n<link rel=\"canonical\" href=\"https:\/\/www.waterair.com\/fr\/temoignage-de-gilles\" \/>\n<meta property=\"og:locale\" content=\"fr_FR\" \/>\n<meta property=\"og:type\" content=\"article\" \/>\n<meta property=\"og:title\" content=\"T\u00e9moignage de Gilles\" \/>\n<meta property=\"og:description\" content=\"T\u00e9moignage de Gilles , au bord de sa piscine Waterair Tina anciennement Emilie, forme rectangle. Son choix s\u2019est port\u00e9 sur ce mod\u00e8le rectangulaire, proche d\u2019un couloir de nage, offrant une grande surface de baignade tout en s\u2019int\u00e9grant harmonieusement \u00e0 son environnement ext\u00e9rieur.\" \/>\n<meta property=\"og:url\" content=\"https:\/\/www.waterair.com\/fr\/temoignage-de-gilles\" \/>\n<meta property=\"og:site_name\" content=\"Piscines Waterair\" \/>\n<meta property=\"article:modified_time\" content=\"2026-03-23T15:48:58+00:00\" \/>\n<meta name=\"twitter:card\" content=\"summary_large_image\" \/>\n<meta name=\"twitter:label1\" content=\"Dur\u00e9e de lecture estim\u00e9e\" \/>\n\t<meta name=\"twitter:data1\" content=\"1 minute\" \/>\n<script type=\"application\/ld+json\" class=\"yoast-schema-graph\">{\"@context\":\"https:\/\/schema.org\",\"@graph\":[{\"@type\":\"WebPage\",\"@id\":\"https:\/\/www.waterair.com\/fr\/temoignage-de-gilles\",\"url\":\"https:\/\/www.waterair.com\/fr\/temoignage-de-gilles\",\"name\":\"T\u00e9moignage de Gilles | Piscines Waterair\",\"isPartOf\":{\"@id\":\"https:\/\/www.waterair.com\/fr\/#website\"},\"datePublished\":\"2026-03-23T15:48:57+00:00\",\"dateModified\":\"2026-03-23T15:48:58+00:00\",\"breadcrumb\":{\"@id\":\"https:\/\/www.waterair.com\/fr\/temoignage-de-gilles#breadcrumb\"},\"inLanguage\":\"fr-FR\",\"potentialAction\":[{\"@type\":\"ReadAction\",\"target\":[\"https:\/\/www.waterair.com\/fr\/temoignage-de-gilles\"]}]},{\"@type\":\"BreadcrumbList\",\"@id\":\"https:\/\/www.waterair.com\/fr\/temoignage-de-gilles#breadcrumb\",\"itemListElement\":[{\"@type\":\"ListItem\",\"position\":1,\"name\":\"Accueil\",\"item\":\"https:\/\/www.waterair.com\/fr\"},{\"@type\":\"ListItem\",\"position\":2,\"name\":\"T\u00e9moignage de Gilles\"}]},{\"@type\":\"WebSite\",\"@id\":\"https:\/\/www.waterair.com\/fr\/#website\",\"url\":\"https:\/\/www.waterair.com\/fr\/\",\"name\":\"Piscines Waterair\",\"description\":\"\",\"potentialAction\":[{\"@type\":\"SearchAction\",\"target\":{\"@type\":\"EntryPoint\",\"urlTemplate\":\"https:\/\/www.waterair.com\/fr\/?s={search_term_string}\"},\"query-input\":{\"@type\":\"PropertyValueSpecification\",\"valueRequired\":true,\"valueName\":\"search_term_string\"}}],\"inLanguage\":\"fr-FR\"}]}<\/script>\n<!-- \/ Yoast SEO Premium plugin. -->","yoast_head_json":{"title":"T\u00e9moignage de Gilles | Piscines Waterair","robots":{"index":"index","follow":"follow","max-snippet":"max-snippet:-1","max-image-preview":"max-image-preview:large","max-video-preview":"max-video-preview:-1"},"canonical":"https:\/\/www.waterair.com\/fr\/temoignage-de-gilles","og_locale":"fr_FR","og_type":"article","og_title":"T\u00e9moignage de Gilles","og_description":"T\u00e9moignage de Gilles , au bord de sa piscine Waterair Tina anciennement Emilie, forme rectangle. Son choix s\u2019est port\u00e9 sur ce mod\u00e8le rectangulaire, proche d\u2019un couloir de nage, offrant une grande surface de baignade tout en s\u2019int\u00e9grant harmonieusement \u00e0 son environnement ext\u00e9rieur.","og_url":"https:\/\/www.waterair.com\/fr\/temoignage-de-gilles","og_site_name":"Piscines Waterair","article_modified_time":"2026-03-23T15:48:58+00:00","twitter_card":"summary_large_image","twitter_misc":{"Dur\u00e9e de lecture estim\u00e9e":"1 minute"},"schema":{"@context":"https:\/\/schema.org","@graph":[{"@type":"WebPage","@id":"https:\/\/www.waterair.com\/fr\/temoignage-de-gilles","url":"https:\/\/www.waterair.com\/fr\/temoignage-de-gilles","name":"T\u00e9moignage de Gilles | Piscines Waterair","isPartOf":{"@id":"https:\/\/www.waterair.com\/fr\/#website"},"datePublished":"2026-03-23T15:48:57+00:00","dateModified":"2026-03-23T15:48:58+00:00","breadcrumb":{"@id":"https:\/\/www.waterair.com\/fr\/temoignage-de-gilles#breadcrumb"},"inLanguage":"fr-FR","potentialAction":[{"@type":"ReadAction","target":["https:\/\/www.waterair.com\/fr\/temoignage-de-gilles"]}]},{"@type":"BreadcrumbList","@id":"https:\/\/www.waterair.com\/fr\/temoignage-de-gilles#breadcrumb","itemListElement":[{"@type":"ListItem","position":1,"name":"Accueil","item":"https:\/\/www.waterair.com\/fr"},{"@type":"ListItem","position":2,"name":"T\u00e9moignage de Gilles"}]},{"@type":"WebSite","@id":"https:\/\/www.waterair.com\/fr\/#website","url":"https:\/\/www.waterair.com\/fr\/","name":"Piscines Waterair","description":"","potentialAction":[{"@type":"SearchAction","target":{"@type":"EntryPoint","urlTemplate":"https:\/\/www.waterair.com\/fr\/?s={search_term_string}"},"query-input":{"@type":"PropertyValueSpecification","valueRequired":true,"valueName":"search_term_string"}}],"inLanguage":"fr-FR"}]}},"_links":{"self":[{"href":"https:\/\/www.waterair.com\/fr\/wp-json\/wp\/v2\/pages\/609066","targetHints":{"allow":["GET"]}}],"collection":[{"href":"https:\/\/www.waterair.com\/fr\/wp-json\/wp\/v2\/pages"}],"about":[{"href":"https:\/\/www.waterair.com\/fr\/wp-json\/wp\/v2\/types\/page"}],"author":[{"embeddable":true,"href":"https:\/\/www.waterair.com\/fr\/wp-json\/wp\/v2\/users\/31"}],"replies":[{"embeddable":true,"href":"https:\/\/www.waterair.com\/fr\/wp-json\/wp\/v2\/comments?post=609066"}],"version-history":[{"count":1,"href":"https:\/\/www.waterair.com\/fr\/wp-json\/wp\/v2\/pages\/609066\/revisions"}],"predecessor-version":[{"id":609098,"href":"https:\/\/www.waterair.com\/fr\/wp-json\/wp\/v2\/pages\/609066\/revisions\/609098"}],"wp:attachment":[{"href":"https:\/\/www.waterair.com\/fr\/wp-json\/wp\/v2\/media?parent=609066"}],"curies":[{"name":"wp","href":"https:\/\/api.w.org\/{rel}","templated":true}]}}