{"id":61284,"date":"2021-11-03T19:46:48","date_gmt":"2021-11-03T18:46:48","guid":{"rendered":"https:\/\/waterair-preprod2.adipso.fr\/leco-conception-chez-piscine-waterair"},"modified":"2025-10-17T10:44:57","modified_gmt":"2025-10-17T08:44:57","slug":"leco-conception-chez-piscine-waterair","status":"publish","type":"page","link":"https:\/\/www.waterair.com\/fr\/le-groupe-waterair\/une-entreprise-engagee\/leco-conception-chez-piscine-waterair","title":{"rendered":"L\u2019\u00e9co-conception chez Piscine Waterair"},"content":{"rendered":"<div class=\"container block--core-paragraph\"><div class=\"row\"><div class=\"col-12 \">\n<p><\/p>\n<\/div><\/div><\/div>\n\n<div  class=\"block-content-media  content-block   has-no-title\">\n            <div class=\"container\">\n            <div class=\"row\">\n                <div class=\"col\">\n                    <div class=\"row flex-column flex-md-row \">\n                        <div class=\"content-block__col col-lg-6 col-xl-7 d-flex flex-column align-items-md-start order-lg-2\">\n                                                                                                                                                <div data-wa=\"fade-up\" data-wa-delay=\"400\" class=\"content-block__description text--sm text-weight--300 mb-0\">\n                                    <p><!-- wp:paragraph --><\/p>\n<p><strong>Notre devise\u00a0:<\/strong>\u00a0 chaque nouveau produit doit \u00e9mettre moins de CO2 que celui qu\u2019il remplace.<\/p>\n<p><!-- \/wp:paragraph --> <!-- wp:paragraph --><\/p>\n<p>\u00c0 l\u2019heure o\u00f9 la pr\u00e9servation de la plan\u00e8te devient une n\u00e9cessit\u00e9, nul ne peut ignorer les <strong>enjeux environnementaux <\/strong>de demain. Piscines Waterair, leader europ\u00e9en de la piscine en kit et<strong> entreprise \u00e9co-engag\u00e9e<\/strong>, place l\u2019innovation au centre de sa strat\u00e9gie, et rivalise d\u2019ing\u00e9niosit\u00e9 <strong>pour \u00e9co-concevoir.<\/strong><\/p>\n<p><!-- \/wp:paragraph --><\/p>\n                                <\/div>\n                                                                                        <div data-wa=\"fade-up\" data-wa-delay=\"500\">\n                                                                    <\/div>\n                                                    <\/div>\n                                                                                <div class=\"content-block__col content-block__col--media col-lg-6 col-xl-5 order-lg-1  \">\n                                <div class=\"content-block__media is-left  \">\n                                    \n                                                                            <span data-wa=\"image\">\n                                                                                            <img loading=\"lazy\" decoding=\"async\" width=\"1340\" height=\"1260\" src=\"https:\/\/www.waterair.com\/wp-content\/uploads\/2022\/04\/sofia-01-1340x1260.jpg\" class=\"attachment-card_large_2x size-card_large_2x\" alt=\"L\u2019\u00e9co-conception chez Piscine Waterair\" srcset=\"https:\/\/www.waterair.com\/wp-content\/uploads\/2022\/04\/sofia-01-1340x1260.jpg 1340w, https:\/\/www.waterair.com\/wp-content\/uploads\/2022\/04\/sofia-01-670x630.jpg 670w\" sizes=\"auto, (max-width: 1340px) 100vw, 1340px\" \/>                                                                                    <\/span>\n                                                                                                                <svg class=\"content-block__svg\" viewBox=\"0 0 1000 1000\" aria-labelledby=\"title\">\n                                            <title>L\u2019\u00e9co-conception chez Piscine Waterair<\/title>\n                                            <path class=\"content-block__blob\" fill=\"currentColor\" opacity=\".2\" data-blob='{\"minRadius\": \"470\"}'><\/path>\n                                            <!--<image-->\n                                            <!--\t\t\t\t\t\t\t\t\t\tx=\"0\"-->\n                                            <!--\t\t\t\t\t\t\t\t\t\ty=\"0\"-->\n                                            <!--\t\t\t\t\t\t\t\t\t\twidth=\"100%\"-->\n                                            <!--\t\t\t\t\t\t\t\t\t\theight=\"100%\"-->\n                                            <!--\t\t\t\t\t\t\t\t\t\txlink:href=\"--><? \/\/= $media['image']['sizes']['card_large_2x'] \n                                                                                                        ?>\n                                            <!--\"-->\n                                            <!--\t\t\t\t\t\t\t\t\t\tclip-path=\"url(#content-block__mask---><? \/\/= $blockId \n                                                                                                                                ?>\n                                            <!--)\"-->\n                                            <!--\t\t\t\t\t\t\t\t\/>-->\n                                            <!--\t\t\t\t\t\t\t\t<clipPath id=\"content-block__mask---><? \/\/= $blockId \n                                                                                                                        ?>\n                                            <!--\" class=\"content-block__mask\">-->\n                                            <!--\t\t\t\t\t\t\t\t\t<path class=\"content-block__blob\" data-blob='{\"minRadius\": \"440\",\"maxRadius\": \"490\"}'><\/path>-->\n                                            <!--\t\t\t\t\t\t\t\t<\/clipPath>-->\n\n                                        <\/svg>\n                                    \n                                <\/div>\n                            <\/div>\n                                            <\/div>\n                <\/div>\n            <\/div>\n        <\/div>\n    <\/div>\n\n<div  class=\"block-content-media  content-block   \">\n            <div class=\"container\">\n            <div class=\"row\">\n                <div class=\"col\">\n                    <div class=\"row flex-column flex-md-row \">\n                        <div class=\"content-block__col col-12 d-flex flex-column align-items-md-start order-lg-2\">\n                                                            <h2 data-wa=\"fade-up\" class=\"content-block__title h2 mb-3 \">La recherche et d\u00e9veloppement<\/h2>\n                                                                                                                                                <div data-wa=\"fade-up\" data-wa-delay=\"400\" class=\"content-block__description text--sm text-weight--300 mb-0\">\n                                    <p>La recherche et d\u00e9veloppement est depuis de nombreuses ann\u00e9es le c\u0153ur m\u00eame des entreprises. Chez Piscines Waterair, nous l\u2019avons bien compris. En int\u00e9grant un bureau d\u2019\u00e9tude compos\u00e9 de cinq ing\u00e9nieurs, ce service de sp\u00e9cialistes permet l\u2019\u00e9mergence d\u2019id\u00e9es, de produits et de concepts tout en gardant \u00e0 l\u2019esprit, une contrainte n\u00e9cessaire : <strong>concevoir mieux pour pr\u00e9server l\u2019environnement. &nbsp;<\/strong><\/p>\n                                <\/div>\n                                                                                        <div data-wa=\"fade-up\" data-wa-delay=\"500\">\n                                                                    <\/div>\n                                                    <\/div>\n                                            <\/div>\n                <\/div>\n            <\/div>\n        <\/div>\n    <\/div>\n\n<div  class=\"block-content-media  content-block   \">\n            <div class=\"container\">\n            <div class=\"row\">\n                <div class=\"col\">\n                    <div class=\"row flex-column flex-md-row \">\n                        <div class=\"content-block__col col-12 d-flex flex-column align-items-md-start order-lg-2\">\n                                                            <h2 data-wa=\"fade-up\" class=\"content-block__title h2 mb-3 \">Des mat\u00e9riaux \u00e9co-responsables<\/h2>\n                                                                                                                                                <div data-wa=\"fade-up\" data-wa-delay=\"400\" class=\"content-block__description text--sm text-weight--300 mb-0\">\n                                    <p>L\u2019\u00e9co-conception est donc un enjeu quotidien qui se traduit par une strat\u00e9gie bien d\u00e9finie : <strong>tout nouveau produit doit \u00eatre moins \u00e9metteur de CO2 que celui qu\u2019il remplace. <\/strong><\/p>\n<p>Gr\u00e2ce \u00e0 une technologie de panneaux en acier structur\u00e9, nous utilisons un mat\u00e9riau noble qui poss\u00e8de<strong> le meilleur taux de recyclage en Europe<\/strong>. Nous avons fait le choix d\u2019une structure en acier qui est l\u2019une des solutions les moins \u00e9mettrices de gaz \u00e0 effet de serre du march\u00e9. Elle permet de r\u00e9duire jusqu\u2019\u00e0 75 % la consommation de b\u00e9ton par rapport \u00e0 la construction d\u2019une piscine traditionnelle.<\/p>\n<p>Par ailleurs, nos piscines sont recouvertes d\u2019un liner en PVC qui assure l\u2019\u00e9tanch\u00e9it\u00e9 du bassin. <strong>Fort de plus de 50 ans d\u2019exp\u00e9rience<\/strong>, nous sommes en mesure d\u2019affirmer que la dur\u00e9e de vie de nos liners (environ 17 ans) offre donc une piscine au rev\u00eatement fiable et durable.<\/p>\n<p>Plus largement, l\u2019ensemble des process de fabrication ont \u00e9t\u00e9 pens\u00e9s pour minimiser les d\u00e9penses en \u00e9nergie et assurer la <strong>r\u00e9duction des incidences n\u00e9gatives \u00e0 toutes les \u00e9tapes du cycle de vie d\u2019un produit.\u00a0 <\/strong><\/p>\n                                <\/div>\n                                                                                        <div data-wa=\"fade-up\" data-wa-delay=\"500\">\n                                                                    <\/div>\n                                                    <\/div>\n                                            <\/div>\n                <\/div>\n            <\/div>\n        <\/div>\n    <\/div>\n\n<div  class=\"block-content-media  content-block   \">\n            <div class=\"container\">\n            <div class=\"row\">\n                <div class=\"col\">\n                    <div class=\"row flex-column flex-md-row \">\n                        <div class=\"content-block__col col-12 d-flex flex-column align-items-md-start order-lg-2\">\n                                                            <h2 data-wa=\"fade-up\" class=\"content-block__title h2 mb-3 \">Des innovations \u00e9co-responsables<\/h2>\n                                                                                                                                                <div data-wa=\"fade-up\" data-wa-delay=\"400\" class=\"content-block__description text--sm text-weight--300 mb-0\">\n                                    <p>Cela se traduit par des innovations majeures qui r\u00e9pondent pleinement \u00e0 notre charte d\u2019\u00e9co-conception\u00a0:<\/p>\n<p><a href=\"https:\/\/www.waterair.com\/fr\/piscines-et-equipements\/equipements\/securite-piscine\/couverture-piscine-solae\"><strong>La couverture Solae Waterair \u00ae<\/strong><\/a> : cette couverture r\u00e9volutionnaire a vu le jour en 2016 et permet de chauffer l\u2019eau de la piscine gratuitement par effet de serre gr\u00e2ce \u00e0 ses panneaux transparents qui laissent filtrer les rayons du soleil. En plus de chauffer l\u2019eau, elle permet de s\u00e9curiser, de couvrir le bassin et prot\u00e8ge celui-ci des pollutions ext\u00e9rieures, ce qui en fait une couverture unique et exclusive sur le march\u00e9.<\/p>\n<p><a href=\"https:\/\/www.waterair.com\/fr\/conseils\/bien-etre-usages-piscine\/piscine-connectee\"><strong>L\u2019assistant piscine connect\u00e9e easy\u00b7care<\/strong><\/a>\u00a0: con\u00e7u en 2019 pour faciliter l\u2019entretien de la piscine au client, cet objet connect\u00e9 permet aussi le juste dosage de produits de traitement. L\u2019eau est ainsi limpide et saine et pr\u00e9serve la peau des baigneurs. De plus, l\u2019assistant easy\u00b7care permet le pilotage de la filtration \u00e0 distance. Une mani\u00e8re efficace pour filtrer efficacement tout en \u00e9vitant de trop filtrer justement. Le client peut ainsi ma\u00eetriser sa consommation \u00e9lectrique.<\/p>\n<p><a href=\"https:\/\/www.waterair.com\/fr\/lp\/piscine-zero-impact\"><strong>La piscine z\u00e9ro impact<\/strong><\/a>\u00a0: C\u2019est une piscine qui poss\u00e8de une pompe de filtration 5 fois moins \u00e9nergivore qu\u2019une filtration classique. Associ\u00e9e \u00e0 deux panneaux photovolta\u00efques, ceux-ci produisent l\u2019\u00e9nergie n\u00e9cessaire pour compenser la consommation annuelle de la pompe sur une ann\u00e9e, pour une piscine z\u00e9ro impact \u00e0 l\u2019usage.<\/p>\n                                <\/div>\n                                                                                        <div data-wa=\"fade-up\" data-wa-delay=\"500\">\n                                                                    <\/div>\n                                                    <\/div>\n                                            <\/div>\n                <\/div>\n            <\/div>\n        <\/div>\n    <\/div>","protected":false},"excerpt":{"rendered":"","protected":false},"author":1,"featured_media":61285,"parent":36901,"menu_order":0,"comment_status":"closed","ping_status":"closed","template":"","meta":{"_acf_changed":false,"om_disable_all_campaigns":false,"footnotes":""},"class_list":["post-61284","page","type-page","status-publish","has-post-thumbnail","hentry"],"acf":[],"yoast_head":"<!-- This site is optimized with the Yoast SEO Premium plugin v25.4 (Yoast SEO v27.2) - https:\/\/yoast.com\/product\/yoast-seo-premium-wordpress\/ -->\n<title>L\u2019\u00e9co-conception chez Piscine Waterair | Piscines Waterair<\/title>\n<meta name=\"robots\" content=\"index, follow, max-snippet:-1, max-image-preview:large, max-video-preview:-1\" \/>\n<link rel=\"canonical\" href=\"https:\/\/www.waterair.com\/fr\/le-groupe-waterair\/une-entreprise-engagee\/leco-conception-chez-piscine-waterair\" \/>\n<meta property=\"og:locale\" content=\"fr_FR\" \/>\n<meta property=\"og:type\" content=\"article\" \/>\n<meta property=\"og:title\" content=\"L\u2019\u00e9co-conception chez Piscine Waterair\" \/>\n<meta property=\"og:url\" content=\"https:\/\/www.waterair.com\/fr\/le-groupe-waterair\/une-entreprise-engagee\/leco-conception-chez-piscine-waterair\" \/>\n<meta property=\"og:site_name\" content=\"Piscines Waterair\" \/>\n<meta property=\"article:modified_time\" content=\"2025-10-17T08:44:57+00:00\" \/>\n<meta property=\"og:image\" content=\"https:\/\/www.waterair.com\/wp-content\/uploads\/2021\/11\/engagement-developpement-durable-piscine.jpg\" \/>\n\t<meta property=\"og:image:width\" content=\"1920\" \/>\n\t<meta property=\"og:image:height\" content=\"1200\" \/>\n\t<meta property=\"og:image:type\" content=\"image\/jpeg\" \/>\n<meta name=\"twitter:card\" content=\"summary_large_image\" \/>\n<meta name=\"twitter:label1\" content=\"Dur\u00e9e de lecture estim\u00e9e\" \/>\n\t<meta name=\"twitter:data1\" content=\"3 minutes\" \/>\n<script type=\"application\/ld+json\" class=\"yoast-schema-graph\">{\"@context\":\"https:\/\/schema.org\",\"@graph\":[{\"@type\":\"WebPage\",\"@id\":\"https:\/\/www.waterair.com\/fr\/le-groupe-waterair\/une-entreprise-engagee\/leco-conception-chez-piscine-waterair\",\"url\":\"https:\/\/www.waterair.com\/fr\/le-groupe-waterair\/une-entreprise-engagee\/leco-conception-chez-piscine-waterair\",\"name\":\"L\u2019\u00e9co-conception chez Piscine Waterair | Piscines Waterair\",\"isPartOf\":{\"@id\":\"https:\/\/www.waterair.com\/fr\/#website\"},\"primaryImageOfPage\":{\"@id\":\"https:\/\/www.waterair.com\/fr\/le-groupe-waterair\/une-entreprise-engagee\/leco-conception-chez-piscine-waterair#primaryimage\"},\"image\":{\"@id\":\"https:\/\/www.waterair.com\/fr\/le-groupe-waterair\/une-entreprise-engagee\/leco-conception-chez-piscine-waterair#primaryimage\"},\"thumbnailUrl\":\"https:\/\/www.waterair.com\/wp-content\/uploads\/2021\/11\/engagement-developpement-durable-piscine.jpg\",\"datePublished\":\"2021-11-03T18:46:48+00:00\",\"dateModified\":\"2025-10-17T08:44:57+00:00\",\"breadcrumb\":{\"@id\":\"https:\/\/www.waterair.com\/fr\/le-groupe-waterair\/une-entreprise-engagee\/leco-conception-chez-piscine-waterair#breadcrumb\"},\"inLanguage\":\"fr-FR\",\"potentialAction\":[{\"@type\":\"ReadAction\",\"target\":[\"https:\/\/www.waterair.com\/fr\/le-groupe-waterair\/une-entreprise-engagee\/leco-conception-chez-piscine-waterair\"]}]},{\"@type\":\"ImageObject\",\"inLanguage\":\"fr-FR\",\"@id\":\"https:\/\/www.waterair.com\/fr\/le-groupe-waterair\/une-entreprise-engagee\/leco-conception-chez-piscine-waterair#primaryimage\",\"url\":\"https:\/\/www.waterair.com\/wp-content\/uploads\/2021\/11\/engagement-developpement-durable-piscine.jpg\",\"contentUrl\":\"https:\/\/www.waterair.com\/wp-content\/uploads\/2021\/11\/engagement-developpement-durable-piscine.jpg\",\"width\":1920,\"height\":1200},{\"@type\":\"BreadcrumbList\",\"@id\":\"https:\/\/www.waterair.com\/fr\/le-groupe-waterair\/une-entreprise-engagee\/leco-conception-chez-piscine-waterair#breadcrumb\",\"itemListElement\":[{\"@type\":\"ListItem\",\"position\":1,\"name\":\"Accueil\",\"item\":\"https:\/\/www.waterair.com\/fr\"},{\"@type\":\"ListItem\",\"position\":2,\"name\":\"Piscines Waterair, leader europ\u00e9en de la piscine en kit depuis 1972\",\"item\":\"https:\/\/www.waterair.com\/fr\/le-groupe\"},{\"@type\":\"ListItem\",\"position\":3,\"name\":\"Piscines Waterair, premi\u00e8re soci\u00e9t\u00e9 \u00e0 mission du secteur de la piscine\",\"item\":\"https:\/\/www.waterair.com\/fr\/le-groupe\/entreprise-engagee\"},{\"@type\":\"ListItem\",\"position\":4,\"name\":\"L\u2019\u00e9co-conception chez Piscine Waterair\"}]},{\"@type\":\"WebSite\",\"@id\":\"https:\/\/www.waterair.com\/fr\/#website\",\"url\":\"https:\/\/www.waterair.com\/fr\/\",\"name\":\"Piscines Waterair\",\"description\":\"\",\"potentialAction\":[{\"@type\":\"SearchAction\",\"target\":{\"@type\":\"EntryPoint\",\"urlTemplate\":\"https:\/\/www.waterair.com\/fr\/?s={search_term_string}\"},\"query-input\":{\"@type\":\"PropertyValueSpecification\",\"valueRequired\":true,\"valueName\":\"search_term_string\"}}],\"inLanguage\":\"fr-FR\"}]}<\/script>\n<!-- \/ Yoast SEO Premium plugin. -->","yoast_head_json":{"title":"L\u2019\u00e9co-conception chez Piscine Waterair | Piscines Waterair","robots":{"index":"index","follow":"follow","max-snippet":"max-snippet:-1","max-image-preview":"max-image-preview:large","max-video-preview":"max-video-preview:-1"},"canonical":"https:\/\/www.waterair.com\/fr\/le-groupe-waterair\/une-entreprise-engagee\/leco-conception-chez-piscine-waterair","og_locale":"fr_FR","og_type":"article","og_title":"L\u2019\u00e9co-conception chez Piscine Waterair","og_url":"https:\/\/www.waterair.com\/fr\/le-groupe-waterair\/une-entreprise-engagee\/leco-conception-chez-piscine-waterair","og_site_name":"Piscines Waterair","article_modified_time":"2025-10-17T08:44:57+00:00","og_image":[{"width":1920,"height":1200,"url":"https:\/\/www.waterair.com\/wp-content\/uploads\/2021\/11\/engagement-developpement-durable-piscine.jpg","type":"image\/jpeg"}],"twitter_card":"summary_large_image","twitter_misc":{"Dur\u00e9e de lecture estim\u00e9e":"3 minutes"},"schema":{"@context":"https:\/\/schema.org","@graph":[{"@type":"WebPage","@id":"https:\/\/www.waterair.com\/fr\/le-groupe-waterair\/une-entreprise-engagee\/leco-conception-chez-piscine-waterair","url":"https:\/\/www.waterair.com\/fr\/le-groupe-waterair\/une-entreprise-engagee\/leco-conception-chez-piscine-waterair","name":"L\u2019\u00e9co-conception chez Piscine Waterair | Piscines Waterair","isPartOf":{"@id":"https:\/\/www.waterair.com\/fr\/#website"},"primaryImageOfPage":{"@id":"https:\/\/www.waterair.com\/fr\/le-groupe-waterair\/une-entreprise-engagee\/leco-conception-chez-piscine-waterair#primaryimage"},"image":{"@id":"https:\/\/www.waterair.com\/fr\/le-groupe-waterair\/une-entreprise-engagee\/leco-conception-chez-piscine-waterair#primaryimage"},"thumbnailUrl":"https:\/\/www.waterair.com\/wp-content\/uploads\/2021\/11\/engagement-developpement-durable-piscine.jpg","datePublished":"2021-11-03T18:46:48+00:00","dateModified":"2025-10-17T08:44:57+00:00","breadcrumb":{"@id":"https:\/\/www.waterair.com\/fr\/le-groupe-waterair\/une-entreprise-engagee\/leco-conception-chez-piscine-waterair#breadcrumb"},"inLanguage":"fr-FR","potentialAction":[{"@type":"ReadAction","target":["https:\/\/www.waterair.com\/fr\/le-groupe-waterair\/une-entreprise-engagee\/leco-conception-chez-piscine-waterair"]}]},{"@type":"ImageObject","inLanguage":"fr-FR","@id":"https:\/\/www.waterair.com\/fr\/le-groupe-waterair\/une-entreprise-engagee\/leco-conception-chez-piscine-waterair#primaryimage","url":"https:\/\/www.waterair.com\/wp-content\/uploads\/2021\/11\/engagement-developpement-durable-piscine.jpg","contentUrl":"https:\/\/www.waterair.com\/wp-content\/uploads\/2021\/11\/engagement-developpement-durable-piscine.jpg","width":1920,"height":1200},{"@type":"BreadcrumbList","@id":"https:\/\/www.waterair.com\/fr\/le-groupe-waterair\/une-entreprise-engagee\/leco-conception-chez-piscine-waterair#breadcrumb","itemListElement":[{"@type":"ListItem","position":1,"name":"Accueil","item":"https:\/\/www.waterair.com\/fr"},{"@type":"ListItem","position":2,"name":"Piscines Waterair, leader europ\u00e9en de la piscine en kit depuis 1972","item":"https:\/\/www.waterair.com\/fr\/le-groupe"},{"@type":"ListItem","position":3,"name":"Piscines Waterair, premi\u00e8re soci\u00e9t\u00e9 \u00e0 mission du secteur de la piscine","item":"https:\/\/www.waterair.com\/fr\/le-groupe\/entreprise-engagee"},{"@type":"ListItem","position":4,"name":"L\u2019\u00e9co-conception chez Piscine Waterair"}]},{"@type":"WebSite","@id":"https:\/\/www.waterair.com\/fr\/#website","url":"https:\/\/www.waterair.com\/fr\/","name":"Piscines Waterair","description":"","potentialAction":[{"@type":"SearchAction","target":{"@type":"EntryPoint","urlTemplate":"https:\/\/www.waterair.com\/fr\/?s={search_term_string}"},"query-input":{"@type":"PropertyValueSpecification","valueRequired":true,"valueName":"search_term_string"}}],"inLanguage":"fr-FR"}]}},"_links":{"self":[{"href":"https:\/\/www.waterair.com\/fr\/wp-json\/wp\/v2\/pages\/61284","targetHints":{"allow":["GET"]}}],"collection":[{"href":"https:\/\/www.waterair.com\/fr\/wp-json\/wp\/v2\/pages"}],"about":[{"href":"https:\/\/www.waterair.com\/fr\/wp-json\/wp\/v2\/types\/page"}],"author":[{"embeddable":true,"href":"https:\/\/www.waterair.com\/fr\/wp-json\/wp\/v2\/users\/1"}],"replies":[{"embeddable":true,"href":"https:\/\/www.waterair.com\/fr\/wp-json\/wp\/v2\/comments?post=61284"}],"version-history":[{"count":4,"href":"https:\/\/www.waterair.com\/fr\/wp-json\/wp\/v2\/pages\/61284\/revisions"}],"predecessor-version":[{"id":543564,"href":"https:\/\/www.waterair.com\/fr\/wp-json\/wp\/v2\/pages\/61284\/revisions\/543564"}],"up":[{"embeddable":true,"href":"https:\/\/www.waterair.com\/fr\/wp-json\/wp\/v2\/pages\/36901"}],"wp:featuredmedia":[{"embeddable":true,"href":"https:\/\/www.waterair.com\/fr\/wp-json\/wp\/v2\/media\/61285"}],"wp:attachment":[{"href":"https:\/\/www.waterair.com\/fr\/wp-json\/wp\/v2\/media?parent=61284"}],"curies":[{"name":"wp","href":"https:\/\/api.w.org\/{rel}","templated":true}]}}