{"id":61701,"date":"2021-11-04T09:24:05","date_gmt":"2021-11-04T08:24:05","guid":{"rendered":"https:\/\/waterair-preprod2.adipso.fr\/la-piscine-zero-impact-piscines-waterair-recompense-par-le-label-solar-impulse-efficient-solution"},"modified":"2022-09-14T16:16:29","modified_gmt":"2022-09-14T14:16:29","slug":"la-piscine-zero-impact-piscines-waterair-recompense-par-le-label-solar-impulse-efficient-solution","status":"publish","type":"page","link":"https:\/\/www.waterair.com\/fr\/la-piscine-zero-impact-piscines-waterair-recompense-par-le-label-solar-impulse-efficient-solution","title":{"rendered":"\u00ab\u00a0La piscine z\u00e9ro impact\u00a0\u00bb : Piscines Waterair r\u00e9compens\u00e9 par le Label \u201cSolar Impulse Efficient Solution\u201d"},"content":{"rendered":"<div class=\"container block--core-paragraph\"><div class=\"row\"><div class=\"col-12 \">\n<p><strong>COMMUNIQU\u00c9 DE PRESSE DU 23 AOUT&nbsp;2021<\/strong><\/p>\n<\/div><\/div><\/div>\n\n<div  class=\"block-content-media  content-block   has-no-title\">\n            <div class=\"container\">\n            <div class=\"row\">\n                <div class=\"col\">\n                    <div class=\"row flex-column flex-md-row align-items-center\">\n                        <div class=\"content-block__col col-lg-6 col-xl-7 d-flex flex-column align-items-md-start order-lg-2\">\n                                                                                                                                                <div data-wa=\"fade-up\" data-wa-delay=\"400\" class=\"content-block__description text--sm text-weight--300 mb-0\">\n                                    <p><strong>Piscines Waterair rejoint les entreprises r\u00e9compens\u00e9es par la Fondation Solar Impulse et le challenge #1000solutions qui s\u00e9lectionne des solutions r\u00e9pondant \u00e0 des normes \u00e9lev\u00e9es de rentabilit\u00e9 et de durabilit\u00e9. Cette r\u00e9compense confirme l\u2019engagement du Groupe alsacien dans la conception et le d\u00e9veloppement de solutions r\u00e9pondant aux pr\u00e9occupations \u00e9cologiques et \u00e9conomiques du march\u00e9.<\/strong><\/p>\n<p>&nbsp;<\/p>\n                                <\/div>\n                                                                                        <div data-wa=\"fade-up\" data-wa-delay=\"500\">\n                                                                    <\/div>\n                                                    <\/div>\n                                                                                <div class=\"content-block__col content-block__col--media col-lg-6 col-xl-5 order-lg-3  \">\n                                <div class=\"content-block__media   is-not-absolute\">\n                                    \n                                                                            <span data-wa=\"image\">\n                                                                                            <img loading=\"lazy\" decoding=\"async\" width=\"880\" height=\"461\" src=\"https:\/\/www.waterair.com\/wp-content\/uploads\/2021\/11\/eco-friendly-pool-by-waterair-sif-label-annoucement-facebook_1-880x461.jpeg\" class=\"attachment-content_media_2x size-content_media_2x\" alt=\"\" srcset=\"https:\/\/www.waterair.com\/wp-content\/uploads\/2021\/11\/eco-friendly-pool-by-waterair-sif-label-annoucement-facebook_1-880x461.jpeg 880w, https:\/\/www.waterair.com\/wp-content\/uploads\/2021\/11\/eco-friendly-pool-by-waterair-sif-label-annoucement-facebook_1-768x402.jpeg 768w, https:\/\/www.waterair.com\/wp-content\/uploads\/2021\/11\/eco-friendly-pool-by-waterair-sif-label-annoucement-facebook_1-440x230.jpeg 440w, https:\/\/www.waterair.com\/wp-content\/uploads\/2021\/11\/eco-friendly-pool-by-waterair-sif-label-annoucement-facebook_1-920x481.jpeg 920w, https:\/\/www.waterair.com\/wp-content\/uploads\/2021\/11\/eco-friendly-pool-by-waterair-sif-label-annoucement-facebook_1.jpeg 1200w\" sizes=\"auto, (max-width: 880px) 100vw, 880px\" \/>                                                                                    <\/span>\n                                                                        \n                                <\/div>\n                            <\/div>\n                                            <\/div>\n                <\/div>\n            <\/div>\n        <\/div>\n    <\/div>\n\n<div  class=\"block-content-media  content-block   has-no-title\">\n            <div class=\"container\">\n            <div class=\"row\">\n                <div class=\"col\">\n                    <div class=\"row flex-column flex-md-row align-items-center\">\n                        <div class=\"content-block__col col-lg-6 col-xl-7 d-flex flex-column align-items-md-start order-lg-2\">\n                                                                                                                                                <div data-wa=\"fade-up\" data-wa-delay=\"400\" class=\"content-block__description text--sm text-weight--300 mb-0\">\n                                    <p><strong>La piscine z\u00e9ro impact, c\u2019est une piscine chauff\u00e9e, couverte, s\u00e9curis\u00e9e et filtr\u00e9e pour une consommation \u00e9nerg\u00e9tique tr\u00e8s faible voire totalement compens\u00e9e gr\u00e2ce \u00e0 deux panneaux photovolta\u00efques. Cette sobri\u00e9t\u00e9 \u00e9nerg\u00e9tique \u00e0 l\u2019usage a obtenu le label \u201cSolar Impulse Efficient Solution\u201d \u00e0 la suite d&rsquo;une \u00e9valuation r\u00e9alis\u00e9e par des experts externes ind\u00e9pendants et bas\u00e9e sur des normes v\u00e9rifi\u00e9es.<\/strong><\/p>\n<p>Pour recevoir le Label \u00ab Solar Impulse Efficient Solution \u00bb, les technologies de Piscines Waterair ont \u00e9t\u00e9 soigneusement \u00e9valu\u00e9es par un groupe d&rsquo;experts ind\u00e9pendants selon 5 crit\u00e8res bas\u00e9s sur la faisabilit\u00e9, la durabilit\u00e9 et la rentabilit\u00e9. <em>\u201c\u00c0 l\u2019heure o\u00f9 la pr\u00e9servation de la plan\u00e8te est une n\u00e9cessit\u00e9, proposer d\u00e8s aujourd\u2019hui des piscines efficientes et sobres en \u00e9nergie est une obligation pour nous. Cette labellisation vient r\u00e9compenser des ann\u00e9es de recherches et de d\u00e9veloppement et nous conforte dans notre engagement pour la protection de l\u2019environnement\u201d <\/em>d\u00e9clare Vianney Tuffal, Directeur G\u00e9n\u00e9ral de Piscines Waterair.<\/p>\n<p>Toutes les solutions labellis\u00e9es font partie du portefeuille #1000solutions qui sera pr\u00e9sent\u00e9 aux d\u00e9cideurs des entreprises et des gouvernements par Bertrand Piccard, Pr\u00e9sident de la Fondation Solar Impulse. L&rsquo;objectif de cette initiative est d&rsquo;encourager l&rsquo;adoption d&rsquo;objectifs environnementaux plus ambitieux et d&rsquo;acc\u00e9l\u00e9rer la mise en \u0153uvre de ces solutions \u00e0 grande \u00e9chelle.<\/p>\n                                <\/div>\n                                                                                        <div data-wa=\"fade-up\" data-wa-delay=\"500\">\n                                                                    <\/div>\n                                                    <\/div>\n                                                                                <div class=\"content-block__col content-block__col--media col-lg-6 col-xl-5 order-lg-3  \">\n                                <div class=\"content-block__media   is-not-absolute\">\n                                    \n                                                                            <span data-wa=\"image\">\n                                                                                            <img loading=\"lazy\" decoding=\"async\" width=\"1\" height=\"1\" src=\"https:\/\/www.waterair.com\/wp-content\/uploads\/2021\/11\/sif-label-logo-institutional-2020-rvb.svg\" class=\"attachment-content_media_2x size-content_media_2x\" alt=\"\" \/>                                                                                    <\/span>\n                                                                        \n                                <\/div>\n                            <\/div>\n                                            <\/div>\n                <\/div>\n            <\/div>\n        <\/div>\n    <\/div>\n\n<div  class=\"block-content-media  content-block   \">\n            <div class=\"container\">\n            <div class=\"row\">\n                <div class=\"col\">\n                    <div class=\"row flex-column flex-md-row \">\n                        <div class=\"content-block__col col-12 d-flex flex-column align-items-md-start order-lg-2\">\n                                                            <h2 data-wa=\"fade-up\" class=\"content-block__title h2 mb-3 \">Une piscine \u00e9co-responsable accessible financi\u00e8rement<\/h2>\n                                                                                                                                                <div data-wa=\"fade-up\" data-wa-delay=\"400\" class=\"content-block__description text--sm text-weight--300 mb-0\">\n                                    <p>Depuis 2020, Piscines Waterair commercialise une piscine compos\u00e9e d\u2019un ensemble d\u2019\u00e9quipements permettant \u00e0 celle-ci un impact \u00e9nerg\u00e9tique nul \u00e0 l\u2019usage.&nbsp;<br \/>\nCr\u00e9\u00e9e pour concilier \u00e9conomie avec \u00e9cologie, cette piscine permet de r\u00e9pondre efficacement \u00e0 une probl\u00e9matique environnementale.&nbsp;<br \/>\n<em>\u00ab Notre d\u00e9marche a toujours \u00e9t\u00e9 guid\u00e9e par une seule motivation : innover au maximum avec la contrainte du respect de la plan\u00e8te, tout en pr\u00e9servant le portefeuille de nos clients \u00bb<\/em>, commente Vianney Tuffal.&nbsp;<\/p>\n<p>Pour ce faire, l\u2019entreprise s\u2019appuie depuis de longues ann\u00e9es sur une strat\u00e9gie d\u2019\u00e9co-conception qui int\u00e8gre les enjeux environnementaux d\u00e8s la gen\u00e8se du d\u00e9veloppement de ces produits. La piscine \u00ab z\u00e9ro impact&nbsp;\u00bb, c\u2019est avant tout un ensemble d\u2019\u00e9quipements qui permettent un impact \u00e9nerg\u00e9tique nul \u00e0 l\u2019usage. Cela passe par le d\u00e9veloppement d\u2019une nouvelle pompe de filtration capable de consommer 5 fois moins d\u2019\u00e9lectricit\u00e9 qu\u2019une filtration traditionnelle et nettement plus silencieuse. Coupl\u00e9e avec une couverture Solae Waterair \u00ae, cette piscine est chauff\u00e9e gratuitement jusqu\u2019\u00e0 plus de 9 degr\u00e9s suppl\u00e9mentaire gr\u00e2ce \u00e0 l\u2019\u00e9nergie solaire r\u00e9cup\u00e9r\u00e9e par effet de serre. Enfin, pour qu\u2019elle puisse r\u00e9pondre \u00e0 une consommation \u00e9nerg\u00e9tique nul \u00e0 l\u2019usage, il est possible d\u2019installer deux panneaux photovolta\u00efques qui produiront l\u2019\u00e9lectricit\u00e9 n\u00e9cessaire pour compenser la d\u00e9pense \u00e9nerg\u00e9tique annuelle de la pompe de filtration.&nbsp;<br \/>\n&nbsp;<\/p>\n                                <\/div>\n                                                                                        <div data-wa=\"fade-up\" data-wa-delay=\"500\">\n                                                                    <\/div>\n                                                    <\/div>\n                                            <\/div>\n                <\/div>\n            <\/div>\n        <\/div>\n    <\/div>\n\n<div  class=\"block-content-media  content-block   has-no-title\">\n            <div class=\"container\">\n            <div class=\"row\">\n                <div class=\"col\">\n                    <div class=\"row flex-column flex-md-row \">\n                        <div class=\"content-block__col col-12 d-flex flex-column align-items-md-start order-lg-2\">\n                                                                                                                                                <div data-wa=\"fade-up\" data-wa-delay=\"400\" class=\"content-block__description text--sm text-weight--300 mb-0\">\n                                    <h5>\u00c0 propos du label \u201cSolar Impulse Efficient Solution\u201d<\/h5>\n<p>\nL&rsquo;un des premiers labels pour les entreprises \u00e0 impact positif alliant protection de l&rsquo;environnement et viabilit\u00e9 financi\u00e8re, le label \u201cSolar Impulse Efficient Solution\u201d est attribu\u00e9 suite \u00e0 une \u00e9valuation r\u00e9alis\u00e9e par des experts externes ind\u00e9pendants. En collaboration avec des institutions de renom, les solutions candidates doivent passer par une m\u00e9thodologie neutre bas\u00e9e sur des standards v\u00e9rifi\u00e9s. Ce label r\u00e9compense des solutions propres et rentables.<\/p>\n<h5>\u00c0 propos de la Fondation Solar Impulse<\/h5>\n<p>\nLa Fondation Solar Impulse a pour mission d\u2019acc\u00e9l\u00e9rer la mise en oeuvre de solutions propres et rentables. En outre, la Fondation aide les d\u00e9cideurs des entreprises et des gouvernements \u00e0 atteindre leurs objectifs environnementaux et \u00e0 adopter des politiques \u00e9nerg\u00e9tiques plus ambitieuses, n\u00e9cessaires \u00e0 la commercialisation de ces solutions. Une fa\u00e7on de porter plus loin le succ\u00e8s du premier vol solaire autour du monde.<\/p>\n<h5>\u00c0 propos de Piscines Waterair<\/h5>\n<p>\nCr\u00e9\u00e9e en 1972 en Alsace, Piscines Waterair est une ETI fran\u00e7aise sp\u00e9cialis\u00e9e dans la conception de piscines en kit. Grace \u00e0 une technologie exclusive et brevet\u00e9e, l\u2019entreprise souhaite donner la possibilit\u00e9 \u00e0 chacun de profiter d\u2019une piscine dans son jardin. Depuis bient\u00f4t 50 ans, la marque continue sa progression en proposant des solutions innovantes, de qualit\u00e9 et accessibles au plus grand nombre. Piscines Waterair inscrit ses d\u00e9marches dans le respect des valeurs sociales, de l\u2019environnement et d\u2019une \u00e9conomie raisonn\u00e9e. Avec 120 000 clients \u00e0 son actif, l\u2019entreprise a r\u00e9alis\u00e9 en 2020 un chiffre d\u2019affaire de 74 millions d\u2019euros, compte 320 collaborateurs et est pr\u00e9sent dans plus de 29 pays.&nbsp;<br \/>\n&nbsp;<\/p>\n                                <\/div>\n                                                                                        <div data-wa=\"fade-up\" data-wa-delay=\"500\">\n                                                                    <\/div>\n                                                    <\/div>\n                                            <\/div>\n                <\/div>\n            <\/div>\n        <\/div>\n    <\/div>\n\n<div  class=\"block-plus content-block\">\n\t\t\t<div class=\"container\">\n\t\t\t<div data-wa=\"fade-up\" class=\"content-block__holder\">\n\t\t\t\t\t\t\t\t\t\t\t\t\t<div class=\"row justify-content-center\">\n\t\t\t\t\t\t<div class=\"col-10 col-lg-11\">\n\t\t\t\t\t\t\t<div class=\"content-block__description wysiwyg z-above mt-2 mb-0\"><p><strong>CONTACTS PRESSE : Ana\u00efs CHAUVIGNY&nbsp;<\/strong><\/p>\n<p>\ud83d\udce7&nbsp;<a href=\"mailto:anais@wam-rp.fr\">anais@wam-rp.fr<\/a>&nbsp;<\/p>\n<p>\u260e\ufe0f +33 (0)7 57 95 89 28<\/p>\n<\/div>\n\t\t\t\t\t\t<\/div>\n\t\t\t\t\t<\/div>\n\t\t\t\t\t\t\t\t<div class=\"row justify-content-end d-none d-lg-flex\">\n                    <div class=\"col-2 col-lg-3\">\n                        <div class=\"content-block__wave-outline\">\n                            <svg width=\"678\" height=\"589\" viewBox=\"0 0 1000 1000\">\n                                <path fill=\"none\" stroke=\"#FFF\" stroke-width=\"2\" opacity=\".2\" data-blob='{\"minRadius\": \"430\",\"maxRadius\":\"490\", \"numPoints\": \"16\"}'><\/path>\n                            <\/svg>\n                        <\/div>\n                    <\/div>\n                <\/div>\n\t\t\t<\/div>\n\t\t<\/div>\n\t<\/div>\n","protected":false},"excerpt":{"rendered":"<p>COMMUNIQU\u00c9 DE PRESSE DU 23 AOUT&nbsp;2021<\/p>\n","protected":false},"author":1,"featured_media":0,"parent":0,"menu_order":0,"comment_status":"closed","ping_status":"closed","template":"","meta":{"_acf_changed":false,"om_disable_all_campaigns":false,"footnotes":""},"class_list":["post-61701","page","type-page","status-publish","hentry"],"acf":[],"yoast_head":"<!-- This site is optimized with the Yoast SEO Premium plugin v25.4 (Yoast SEO v27.2) - https:\/\/yoast.com\/product\/yoast-seo-premium-wordpress\/ -->\n<title>&quot;La piscine z\u00e9ro impact&quot; : Piscines Waterair r\u00e9compens\u00e9 par le Label \u201cSolar Impulse Efficient Solution\u201d | Piscines Waterair<\/title>\n<meta name=\"robots\" content=\"index, follow, max-snippet:-1, max-image-preview:large, max-video-preview:-1\" \/>\n<link rel=\"canonical\" href=\"https:\/\/www.waterair.com\/fr\/la-piscine-zero-impact-piscines-waterair-recompense-par-le-label-solar-impulse-efficient-solution\" \/>\n<meta property=\"og:locale\" content=\"fr_FR\" \/>\n<meta property=\"og:type\" content=\"article\" \/>\n<meta property=\"og:title\" content=\"&quot;La piscine z\u00e9ro impact&quot; : Piscines Waterair r\u00e9compens\u00e9 par le Label \u201cSolar Impulse Efficient Solution\u201d\" \/>\n<meta property=\"og:description\" content=\"COMMUNIQU\u00c9 DE PRESSE DU 23 AOUT&nbsp;2021\" \/>\n<meta property=\"og:url\" content=\"https:\/\/www.waterair.com\/fr\/la-piscine-zero-impact-piscines-waterair-recompense-par-le-label-solar-impulse-efficient-solution\" \/>\n<meta property=\"og:site_name\" content=\"Piscines Waterair\" \/>\n<meta property=\"article:modified_time\" content=\"2022-09-14T14:16:29+00:00\" \/>\n<meta name=\"twitter:card\" content=\"summary_large_image\" \/>\n<meta name=\"twitter:label1\" content=\"Dur\u00e9e de lecture estim\u00e9e\" \/>\n\t<meta name=\"twitter:data1\" content=\"1 minute\" \/>\n<script type=\"application\/ld+json\" class=\"yoast-schema-graph\">{\"@context\":\"https:\/\/schema.org\",\"@graph\":[{\"@type\":\"WebPage\",\"@id\":\"https:\/\/www.waterair.com\/fr\/la-piscine-zero-impact-piscines-waterair-recompense-par-le-label-solar-impulse-efficient-solution\",\"url\":\"https:\/\/www.waterair.com\/fr\/la-piscine-zero-impact-piscines-waterair-recompense-par-le-label-solar-impulse-efficient-solution\",\"name\":\"\\\"La piscine z\u00e9ro impact\\\" : Piscines Waterair r\u00e9compens\u00e9 par le Label \u201cSolar Impulse Efficient Solution\u201d | Piscines Waterair\",\"isPartOf\":{\"@id\":\"https:\/\/www.waterair.com\/fr\/#website\"},\"datePublished\":\"2021-11-04T08:24:05+00:00\",\"dateModified\":\"2022-09-14T14:16:29+00:00\",\"breadcrumb\":{\"@id\":\"https:\/\/www.waterair.com\/fr\/la-piscine-zero-impact-piscines-waterair-recompense-par-le-label-solar-impulse-efficient-solution#breadcrumb\"},\"inLanguage\":\"fr-FR\",\"potentialAction\":[{\"@type\":\"ReadAction\",\"target\":[\"https:\/\/www.waterair.com\/fr\/la-piscine-zero-impact-piscines-waterair-recompense-par-le-label-solar-impulse-efficient-solution\"]}]},{\"@type\":\"BreadcrumbList\",\"@id\":\"https:\/\/www.waterair.com\/fr\/la-piscine-zero-impact-piscines-waterair-recompense-par-le-label-solar-impulse-efficient-solution#breadcrumb\",\"itemListElement\":[{\"@type\":\"ListItem\",\"position\":1,\"name\":\"Accueil\",\"item\":\"https:\/\/www.waterair.com\/fr\"},{\"@type\":\"ListItem\",\"position\":2,\"name\":\"\u00ab\u00a0La piscine z\u00e9ro impact\u00a0\u00bb : Piscines Waterair r\u00e9compens\u00e9 par le Label \u201cSolar Impulse Efficient Solution\u201d\"}]},{\"@type\":\"WebSite\",\"@id\":\"https:\/\/www.waterair.com\/fr\/#website\",\"url\":\"https:\/\/www.waterair.com\/fr\/\",\"name\":\"Piscines Waterair\",\"description\":\"\",\"potentialAction\":[{\"@type\":\"SearchAction\",\"target\":{\"@type\":\"EntryPoint\",\"urlTemplate\":\"https:\/\/www.waterair.com\/fr\/?s={search_term_string}\"},\"query-input\":{\"@type\":\"PropertyValueSpecification\",\"valueRequired\":true,\"valueName\":\"search_term_string\"}}],\"inLanguage\":\"fr-FR\"}]}<\/script>\n<!-- \/ Yoast SEO Premium plugin. -->","yoast_head_json":{"title":"\"La piscine z\u00e9ro impact\" : Piscines Waterair r\u00e9compens\u00e9 par le Label \u201cSolar Impulse Efficient Solution\u201d | Piscines Waterair","robots":{"index":"index","follow":"follow","max-snippet":"max-snippet:-1","max-image-preview":"max-image-preview:large","max-video-preview":"max-video-preview:-1"},"canonical":"https:\/\/www.waterair.com\/fr\/la-piscine-zero-impact-piscines-waterair-recompense-par-le-label-solar-impulse-efficient-solution","og_locale":"fr_FR","og_type":"article","og_title":"\"La piscine z\u00e9ro impact\" : Piscines Waterair r\u00e9compens\u00e9 par le Label \u201cSolar Impulse Efficient Solution\u201d","og_description":"COMMUNIQU\u00c9 DE PRESSE DU 23 AOUT&nbsp;2021","og_url":"https:\/\/www.waterair.com\/fr\/la-piscine-zero-impact-piscines-waterair-recompense-par-le-label-solar-impulse-efficient-solution","og_site_name":"Piscines Waterair","article_modified_time":"2022-09-14T14:16:29+00:00","twitter_card":"summary_large_image","twitter_misc":{"Dur\u00e9e de lecture estim\u00e9e":"1 minute"},"schema":{"@context":"https:\/\/schema.org","@graph":[{"@type":"WebPage","@id":"https:\/\/www.waterair.com\/fr\/la-piscine-zero-impact-piscines-waterair-recompense-par-le-label-solar-impulse-efficient-solution","url":"https:\/\/www.waterair.com\/fr\/la-piscine-zero-impact-piscines-waterair-recompense-par-le-label-solar-impulse-efficient-solution","name":"\"La piscine z\u00e9ro impact\" : Piscines Waterair r\u00e9compens\u00e9 par le Label \u201cSolar Impulse Efficient Solution\u201d | Piscines Waterair","isPartOf":{"@id":"https:\/\/www.waterair.com\/fr\/#website"},"datePublished":"2021-11-04T08:24:05+00:00","dateModified":"2022-09-14T14:16:29+00:00","breadcrumb":{"@id":"https:\/\/www.waterair.com\/fr\/la-piscine-zero-impact-piscines-waterair-recompense-par-le-label-solar-impulse-efficient-solution#breadcrumb"},"inLanguage":"fr-FR","potentialAction":[{"@type":"ReadAction","target":["https:\/\/www.waterair.com\/fr\/la-piscine-zero-impact-piscines-waterair-recompense-par-le-label-solar-impulse-efficient-solution"]}]},{"@type":"BreadcrumbList","@id":"https:\/\/www.waterair.com\/fr\/la-piscine-zero-impact-piscines-waterair-recompense-par-le-label-solar-impulse-efficient-solution#breadcrumb","itemListElement":[{"@type":"ListItem","position":1,"name":"Accueil","item":"https:\/\/www.waterair.com\/fr"},{"@type":"ListItem","position":2,"name":"\u00ab\u00a0La piscine z\u00e9ro impact\u00a0\u00bb : Piscines Waterair r\u00e9compens\u00e9 par le Label \u201cSolar Impulse Efficient Solution\u201d"}]},{"@type":"WebSite","@id":"https:\/\/www.waterair.com\/fr\/#website","url":"https:\/\/www.waterair.com\/fr\/","name":"Piscines Waterair","description":"","potentialAction":[{"@type":"SearchAction","target":{"@type":"EntryPoint","urlTemplate":"https:\/\/www.waterair.com\/fr\/?s={search_term_string}"},"query-input":{"@type":"PropertyValueSpecification","valueRequired":true,"valueName":"search_term_string"}}],"inLanguage":"fr-FR"}]}},"_links":{"self":[{"href":"https:\/\/www.waterair.com\/fr\/wp-json\/wp\/v2\/pages\/61701","targetHints":{"allow":["GET"]}}],"collection":[{"href":"https:\/\/www.waterair.com\/fr\/wp-json\/wp\/v2\/pages"}],"about":[{"href":"https:\/\/www.waterair.com\/fr\/wp-json\/wp\/v2\/types\/page"}],"author":[{"embeddable":true,"href":"https:\/\/www.waterair.com\/fr\/wp-json\/wp\/v2\/users\/1"}],"replies":[{"embeddable":true,"href":"https:\/\/www.waterair.com\/fr\/wp-json\/wp\/v2\/comments?post=61701"}],"version-history":[{"count":5,"href":"https:\/\/www.waterair.com\/fr\/wp-json\/wp\/v2\/pages\/61701\/revisions"}],"predecessor-version":[{"id":241643,"href":"https:\/\/www.waterair.com\/fr\/wp-json\/wp\/v2\/pages\/61701\/revisions\/241643"}],"wp:attachment":[{"href":"https:\/\/www.waterair.com\/fr\/wp-json\/wp\/v2\/media?parent=61701"}],"curies":[{"name":"wp","href":"https:\/\/api.w.org\/{rel}","templated":true}]}}