{"id":99626,"date":"2021-12-02T15:09:58","date_gmt":"2021-12-02T14:09:58","guid":{"rendered":"https:\/\/www.waterair2021.com\/?page_id=99626"},"modified":"2024-12-05T15:07:56","modified_gmt":"2024-12-05T14:07:56","slug":"equipements-2","status":"publish","type":"page","link":"https:\/\/www.waterair.com\/fr\/piscines-et-equipements\/equipements","title":{"rendered":"Tous nos \u00e9quipements de piscine"},"content":{"rendered":"<div class=\"container block--core-paragraph\"><div class=\"row\"><div class=\"col-12 \">\n<p><em>Filtration basse consommation, couvertures de s\u00e9curit\u00e9, entretien simplifi\u00e9 et automatis\u00e9&#8230; Piscines Waterair vous accompagne pour que chaque baignade rime avec confort et s\u00e9r\u00e9nit\u00e9. Explorez nos solutions \u00e9co-responsables et connect\u00e9es pour profiter pleinement de votre piscine, quelle que soit la saison.<\/em><\/p>\n<\/div><\/div><\/div>\n\n    <div  class=\"block-hub content-block mt-4 mt-sm-2\" data-tab-section>\n        <div class=\"container\">\n            <div class=\"row\">\n                <div class=\"col-12 col-lg-10 offset-lg-1\">\n                                                                                                    <\/div>\n            <\/div>\n            <div data-wa=\"fade-up\" class=\"block-hub__pages\">\n                                                            <div class=\"row mt-6 mt-sm-10 mb-4 pb-5 pb-sm-10\">\n                                                                <div class=\"col-12 col-sm-6 col-lg-4 mb-6\">\n                                        <a data-wa=\"fade-up\" href=\"https:\/\/www.waterair.com\/fr\/piscines-et-equipements\/les-lignes-d-equipements-des-piscines-waterair\" class=\"item-card is-size-card splide__slide \">\n\t<div class=\"item-card__infos item-card__infos--simple\">\n\t\t<h3 class=\"item-card__title mb-0 c-white\">Les lignes d\u2019\u00e9quipements des piscines Waterair<\/h3>\n\t\t\t<\/div>\n\t\t<img loading=\"lazy\" decoding=\"async\" width=\"540\" height=\"540\" src=\"https:\/\/www.waterair.com\/wp-content\/uploads\/2025\/12\/piscine-ovale-terrasse-transat-540x540.webp\" class=\"attachment-card size-card\" alt=\"\" srcset=\"https:\/\/www.waterair.com\/wp-content\/uploads\/2025\/12\/piscine-ovale-terrasse-transat-540x540.webp 540w, https:\/\/www.waterair.com\/wp-content\/uploads\/2025\/12\/piscine-ovale-terrasse-transat-1080x1080.webp 1080w, https:\/\/www.waterair.com\/wp-content\/uploads\/2025\/12\/piscine-ovale-terrasse-transat-480x480.webp 480w, https:\/\/www.waterair.com\/wp-content\/uploads\/2025\/12\/piscine-ovale-terrasse-transat-240x240.webp 240w, https:\/\/www.waterair.com\/wp-content\/uploads\/2025\/12\/piscine-ovale-terrasse-transat-150x150.webp 150w, https:\/\/www.waterair.com\/wp-content\/uploads\/2025\/12\/piscine-ovale-terrasse-transat-75x75.webp 75w, https:\/\/www.waterair.com\/wp-content\/uploads\/2025\/12\/piscine-ovale-terrasse-transat-780x780.webp 780w, https:\/\/www.waterair.com\/wp-content\/uploads\/2025\/12\/piscine-ovale-terrasse-transat-390x390.webp 390w, https:\/\/www.waterair.com\/wp-content\/uploads\/2025\/12\/piscine-ovale-terrasse-transat-320x320.webp 320w, https:\/\/www.waterair.com\/wp-content\/uploads\/2025\/12\/piscine-ovale-terrasse-transat-160x160.webp 160w\" sizes=\"auto, (max-width: 540px) 100vw, 540px\" \/><\/a>                                    <\/div>\n                                                                <div class=\"col-12 col-sm-6 col-lg-4 mb-6\">\n                                        <a data-wa=\"fade-up\" href=\"https:\/\/www.waterair.com\/fr\/piscines-et-equipements\/equipements\/filtration-de-piscine\" class=\"item-card is-size-card splide__slide has-description\">\n\t<div class=\"item-card__infos item-card__infos--simple\">\n\t\t<h3 class=\"item-card__title mb-0 c-white\">Filtration piscine<\/h3>\n\t\t\t\t\t\t\t\t<\/div>\n\t\t<img loading=\"lazy\" decoding=\"async\" width=\"540\" height=\"540\" src=\"https:\/\/www.waterair.com\/wp-content\/uploads\/2021\/11\/eau-limpide-540x540.jpg\" class=\"attachment-card size-card\" alt=\"Eau de piscine limpide\" srcset=\"https:\/\/www.waterair.com\/wp-content\/uploads\/2021\/11\/eau-limpide-540x540.jpg 540w, https:\/\/www.waterair.com\/wp-content\/uploads\/2021\/11\/eau-limpide-1080x1080.jpg 1080w, https:\/\/www.waterair.com\/wp-content\/uploads\/2021\/11\/eau-limpide-480x480.jpg 480w, https:\/\/www.waterair.com\/wp-content\/uploads\/2021\/11\/eau-limpide-240x240.jpg 240w, https:\/\/www.waterair.com\/wp-content\/uploads\/2021\/11\/eau-limpide-150x150.jpg 150w, https:\/\/www.waterair.com\/wp-content\/uploads\/2021\/11\/eau-limpide-75x75.jpg 75w, https:\/\/www.waterair.com\/wp-content\/uploads\/2021\/11\/eau-limpide-780x780.jpg 780w, https:\/\/www.waterair.com\/wp-content\/uploads\/2021\/11\/eau-limpide-390x390.jpg 390w, https:\/\/www.waterair.com\/wp-content\/uploads\/2021\/11\/eau-limpide-320x320.jpg 320w, https:\/\/www.waterair.com\/wp-content\/uploads\/2021\/11\/eau-limpide-160x160.jpg 160w\" sizes=\"auto, (max-width: 540px) 100vw, 540px\" \/><\/a>                                    <\/div>\n                                                                <div class=\"col-12 col-sm-6 col-lg-4 mb-6\">\n                                        <a data-wa=\"fade-up\" href=\"https:\/\/www.waterair.com\/fr\/piscines-et-equipements\/equipements\/chauffage-piscine\" class=\"item-card is-size-card splide__slide has-description\">\n\t<div class=\"item-card__infos item-card__infos--simple\">\n\t\t<h3 class=\"item-card__title mb-0 c-white\">Chauffage piscine<\/h3>\n\t\t\t\t\t\t\t\t<\/div>\n\t\t<img loading=\"lazy\" decoding=\"async\" width=\"540\" height=\"540\" src=\"https:\/\/www.waterair.com\/wp-content\/uploads\/2021\/11\/solae-chauffage-540x540.jpg\" class=\"attachment-card size-card\" alt=\"Couverture de piscine Solae chauffante et s\u00e9curisante\" srcset=\"https:\/\/www.waterair.com\/wp-content\/uploads\/2021\/11\/solae-chauffage-540x540.jpg 540w, https:\/\/www.waterair.com\/wp-content\/uploads\/2021\/11\/solae-chauffage-1080x1080.jpg 1080w, https:\/\/www.waterair.com\/wp-content\/uploads\/2021\/11\/solae-chauffage-480x480.jpg 480w, https:\/\/www.waterair.com\/wp-content\/uploads\/2021\/11\/solae-chauffage-240x240.jpg 240w, https:\/\/www.waterair.com\/wp-content\/uploads\/2021\/11\/solae-chauffage-150x150.jpg 150w, https:\/\/www.waterair.com\/wp-content\/uploads\/2021\/11\/solae-chauffage-75x75.jpg 75w, https:\/\/www.waterair.com\/wp-content\/uploads\/2021\/11\/solae-chauffage-780x780.jpg 780w, https:\/\/www.waterair.com\/wp-content\/uploads\/2021\/11\/solae-chauffage-390x390.jpg 390w, https:\/\/www.waterair.com\/wp-content\/uploads\/2021\/11\/solae-chauffage-320x320.jpg 320w, https:\/\/www.waterair.com\/wp-content\/uploads\/2021\/11\/solae-chauffage-160x160.jpg 160w\" sizes=\"auto, (max-width: 540px) 100vw, 540px\" \/><\/a>                                    <\/div>\n                                                                <div class=\"col-12 col-sm-6 col-lg-4 mb-6\">\n                                        <a data-wa=\"fade-up\" href=\"https:\/\/www.waterair.com\/fr\/piscines-et-equipements\/equipements\/securite-piscine\" class=\"item-card is-size-card splide__slide \">\n\t<div class=\"item-card__infos item-card__infos--simple\">\n\t\t<h3 class=\"item-card__title mb-0 c-white\">S\u00e9curit\u00e9 de la piscine<\/h3>\n\t\t\t<\/div>\n\t\t<img loading=\"lazy\" decoding=\"async\" width=\"540\" height=\"540\" src=\"https:\/\/www.waterair.com\/wp-content\/uploads\/2021\/11\/securite-piscine-couverture-solae-waterair-5-540x540.jpg\" class=\"attachment-card size-card\" alt=\"s\u00e9curit\u00e9 piscine\" srcset=\"https:\/\/www.waterair.com\/wp-content\/uploads\/2021\/11\/securite-piscine-couverture-solae-waterair-5-540x540.jpg 540w, https:\/\/www.waterair.com\/wp-content\/uploads\/2021\/11\/securite-piscine-couverture-solae-waterair-5-1080x1080.jpg 1080w, https:\/\/www.waterair.com\/wp-content\/uploads\/2021\/11\/securite-piscine-couverture-solae-waterair-5-480x480.jpg 480w, https:\/\/www.waterair.com\/wp-content\/uploads\/2021\/11\/securite-piscine-couverture-solae-waterair-5-240x240.jpg 240w, https:\/\/www.waterair.com\/wp-content\/uploads\/2021\/11\/securite-piscine-couverture-solae-waterair-5-150x150.jpg 150w, https:\/\/www.waterair.com\/wp-content\/uploads\/2021\/11\/securite-piscine-couverture-solae-waterair-5-75x75.jpg 75w, https:\/\/www.waterair.com\/wp-content\/uploads\/2021\/11\/securite-piscine-couverture-solae-waterair-5-780x780.jpg 780w, https:\/\/www.waterair.com\/wp-content\/uploads\/2021\/11\/securite-piscine-couverture-solae-waterair-5-390x390.jpg 390w, https:\/\/www.waterair.com\/wp-content\/uploads\/2021\/11\/securite-piscine-couverture-solae-waterair-5-320x320.jpg 320w, https:\/\/www.waterair.com\/wp-content\/uploads\/2021\/11\/securite-piscine-couverture-solae-waterair-5-160x160.jpg 160w\" sizes=\"auto, (max-width: 540px) 100vw, 540px\" \/><\/a>                                    <\/div>\n                                                                <div class=\"col-12 col-sm-6 col-lg-4 mb-6\">\n                                        <a data-wa=\"fade-up\" href=\"https:\/\/www.waterair.com\/fr\/piscines-et-equipements\/equipements\/securite-piscine\/couverture-piscine\" class=\"item-card is-size-card splide__slide has-description\">\n\t<div class=\"item-card__infos item-card__infos--simple\">\n\t\t<h3 class=\"item-card__title mb-0 c-white\">Couverture piscine s\u00e9curis\u00e9e<\/h3>\n\t\t\t\t\t\t\t\t<\/div>\n\t\t<img loading=\"lazy\" decoding=\"async\" width=\"540\" height=\"540\" src=\"https:\/\/www.waterair.com\/wp-content\/uploads\/2021\/10\/securite-piscine-couverture-coverwat-540x540.jpg\" class=\"attachment-card size-card\" alt=\"Couverture de piscine coverwat Waterair\" srcset=\"https:\/\/www.waterair.com\/wp-content\/uploads\/2021\/10\/securite-piscine-couverture-coverwat-540x540.jpg 540w, https:\/\/www.waterair.com\/wp-content\/uploads\/2021\/10\/securite-piscine-couverture-coverwat-1080x1080.jpg 1080w, https:\/\/www.waterair.com\/wp-content\/uploads\/2021\/10\/securite-piscine-couverture-coverwat-480x480.jpg 480w, https:\/\/www.waterair.com\/wp-content\/uploads\/2021\/10\/securite-piscine-couverture-coverwat-240x240.jpg 240w, https:\/\/www.waterair.com\/wp-content\/uploads\/2021\/10\/securite-piscine-couverture-coverwat-150x150.jpg 150w, https:\/\/www.waterair.com\/wp-content\/uploads\/2021\/10\/securite-piscine-couverture-coverwat-75x75.jpg 75w, https:\/\/www.waterair.com\/wp-content\/uploads\/2021\/10\/securite-piscine-couverture-coverwat-780x780.jpg 780w, https:\/\/www.waterair.com\/wp-content\/uploads\/2021\/10\/securite-piscine-couverture-coverwat-390x390.jpg 390w, https:\/\/www.waterair.com\/wp-content\/uploads\/2021\/10\/securite-piscine-couverture-coverwat-320x320.jpg 320w, https:\/\/www.waterair.com\/wp-content\/uploads\/2021\/10\/securite-piscine-couverture-coverwat-160x160.jpg 160w\" sizes=\"auto, (max-width: 540px) 100vw, 540px\" \/><\/a>                                    <\/div>\n                                                                <div class=\"col-12 col-sm-6 col-lg-4 mb-6\">\n                                        <a data-wa=\"fade-up\" href=\"https:\/\/www.waterair.com\/fr\/conseils\/entretien-traitement-eau\/entretien-et-nettoyage-piscine\" class=\"item-card is-size-card splide__slide has-description\">\n\t<div class=\"item-card__infos item-card__infos--simple\">\n\t\t<h3 class=\"item-card__title mb-0 c-white\">Entretien et nettoyage<\/h3>\n\t\t\t\t\t\t\t\t<\/div>\n\t\t<img loading=\"lazy\" decoding=\"async\" width=\"540\" height=\"540\" src=\"https:\/\/www.waterair.com\/wp-content\/uploads\/2025\/11\/piscine-rectangle-bords-arrondis-dallage-clair-540x540.webp\" class=\"attachment-card size-card\" alt=\"piscine rectangle bords arrondis dallage clair\" srcset=\"https:\/\/www.waterair.com\/wp-content\/uploads\/2025\/11\/piscine-rectangle-bords-arrondis-dallage-clair-540x540.webp 540w, https:\/\/www.waterair.com\/wp-content\/uploads\/2025\/11\/piscine-rectangle-bords-arrondis-dallage-clair-1080x1080.webp 1080w, https:\/\/www.waterair.com\/wp-content\/uploads\/2025\/11\/piscine-rectangle-bords-arrondis-dallage-clair-480x480.webp 480w, https:\/\/www.waterair.com\/wp-content\/uploads\/2025\/11\/piscine-rectangle-bords-arrondis-dallage-clair-240x240.webp 240w, https:\/\/www.waterair.com\/wp-content\/uploads\/2025\/11\/piscine-rectangle-bords-arrondis-dallage-clair-150x150.webp 150w, https:\/\/www.waterair.com\/wp-content\/uploads\/2025\/11\/piscine-rectangle-bords-arrondis-dallage-clair-75x75.webp 75w, https:\/\/www.waterair.com\/wp-content\/uploads\/2025\/11\/piscine-rectangle-bords-arrondis-dallage-clair-780x780.webp 780w, https:\/\/www.waterair.com\/wp-content\/uploads\/2025\/11\/piscine-rectangle-bords-arrondis-dallage-clair-390x390.webp 390w, https:\/\/www.waterair.com\/wp-content\/uploads\/2025\/11\/piscine-rectangle-bords-arrondis-dallage-clair-320x320.webp 320w, https:\/\/www.waterair.com\/wp-content\/uploads\/2025\/11\/piscine-rectangle-bords-arrondis-dallage-clair-160x160.webp 160w\" sizes=\"auto, (max-width: 540px) 100vw, 540px\" \/><\/a>                                    <\/div>\n                                                    <\/div>\n                                                <\/div>\n            <div data-wa=\"fade-up\" class=\"row\">\n                <div class=\"col-12 col-lg-10 offset-lg-1\">\n                                    <\/div>\n            <\/div>\n        <\/div>\n    <\/div>\n\n\n    <div  class=\"block-content content-block \">\n        <div class=\"container\">\n            <div class=\"row\">\n                <div class=\"col-12 \">\n                    <div data-wa=\"fade-up\" class=\"block-content__content\">\n                        <p>Chez Waterair, nous avons con\u00e7u <strong>une gamme compl\u00e8te d\u2019\u00e9quipements pour r\u00e9pondre \u00e0 chaque besoin de votre piscine.<\/strong> Que vous souhaitiez contr\u00f4ler la qualit\u00e9 de l\u2019eau, garantir la s\u00e9curit\u00e9 de vos proches ou prolonger la saison de la baignade, nos solutions allient \u00e0 la fois performance et praticit\u00e9.<br \/>\nChauffage, syst\u00e8mes de filtration, accessoires de nettoyage ou encore couvertures de protection, chaque \u00e9quipement vise \u00e0 <strong>vous offrir confort et s\u00e9r\u00e9nit\u00e9,<\/strong> tout en s\u2019adaptant parfaitement \u00e0 votre piscine Waterair.<\/p>\n<p>&nbsp;<\/p>\n<h2>Quels sont les avantages des \u00e9quipements Waterair ?<\/h2>\n<p>Choisir les \u00e9quipements Waterair, c\u2019est opter pour la qualit\u00e9 et l\u2019innovation au service de votre bien-\u00eatre. Gr\u00e2ce \u00e0 nos solutions, <strong>profitez d\u2019une piscine facile \u00e0 entretenir, s\u00e9curis\u00e9e et respectueuse de l\u2019environnement.<\/strong><\/p>\n<ul>\n<li><strong>Confort d\u2019utilisation et entretien simplifi\u00e9 :<\/strong> gr\u00e2ce \u00e0 nos solutions automatis\u00e9es et connect\u00e9es, comme le <a href=\"https:\/\/www.waterair.com\/fr\/conseils\/bien-etre-usages-piscine\/piscine-connectee\">syst\u00e8me easy\u00b7care,<\/a> entretenir votre piscine devient un jeu d\u2019enfant. G\u00e9rez facilement la qualit\u00e9 de l\u2019eau et programmez vos \u00e9quipements \u00e0 distance depuis votre smartphone en toute simplicit\u00e9.<\/li>\n<li><strong>\u00c9conomies d\u2019\u00e9nergie et respect de l\u2019environnement :<\/strong> Piscines Waterair s\u2019engage dans <a href=\"https:\/\/www.waterair.com\/fr\/conseils\/bien-etre-usages-piscine\/piscine-eco-responsable\">une approche \u00e9co-responsable<\/a> en proposant des \u00e9quipements con\u00e7us pour r\u00e9duire votre empreinte \u00e9cologique. Profitez d\u2019innovations qui permettent de diminuer la consommation d\u2019\u00e9nergie, pour une piscine agr\u00e9able et durable !<\/li>\n<\/ul>\n                    <\/div>\n                <\/div>\n            <\/div>\n        <\/div>\n    <\/div>\n\n\n<div class=\"container block--core-paragraph\"><div class=\"row\"><div class=\"col-12 \">\n<p><\/p>\n<\/div><\/div><\/div>","protected":false},"excerpt":{"rendered":"<p>Filtration basse consommation, couvertures de s\u00e9curit\u00e9, entretien simplifi\u00e9 et automatis\u00e9&#8230; Piscines Waterair vous accompagne pour que chaque baignade rime avec confort et s\u00e9r\u00e9nit\u00e9. Explorez nos solutions \u00e9co-responsables et connect\u00e9es pour profiter pleinement de votre piscine, quelle que soit la saison.<\/p>\n","protected":false},"author":8,"featured_media":0,"parent":551,"menu_order":0,"comment_status":"closed","ping_status":"closed","template":"","meta":{"_acf_changed":false,"om_disable_all_campaigns":false,"footnotes":""},"class_list":["post-99626","page","type-page","status-publish","hentry"],"acf":[],"yoast_head":"<!-- This site is optimized with the Yoast SEO Premium plugin v25.4 (Yoast SEO v27.2) - https:\/\/yoast.com\/product\/yoast-seo-premium-wordpress\/ -->\n<title>Tous nos \u00e9quipements et accessoires de piscine | Piscines Waterair<\/title>\n<meta name=\"description\" content=\"Chauffage, filtration, couverture de s\u00e9curit\u00e9\u2026 Rendez votre piscine Waterair encore plus agr\u00e9able et \u00e9co-responsable avec notre gamme d\u2019\u00e9quipements innovants !\" \/>\n<meta name=\"robots\" content=\"index, follow, max-snippet:-1, max-image-preview:large, max-video-preview:-1\" \/>\n<link rel=\"canonical\" href=\"https:\/\/www.waterair.com\/fr\/piscines-et-equipements\/equipements\" \/>\n<meta property=\"og:locale\" content=\"fr_FR\" \/>\n<meta property=\"og:type\" content=\"article\" \/>\n<meta property=\"og:title\" content=\"Tous nos \u00e9quipements de piscine\" \/>\n<meta property=\"og:description\" content=\"Chauffage, filtration, couverture de s\u00e9curit\u00e9\u2026 Rendez votre piscine Waterair encore plus agr\u00e9able et \u00e9co-responsable avec notre gamme d\u2019\u00e9quipements innovants !\" \/>\n<meta property=\"og:url\" content=\"https:\/\/www.waterair.com\/fr\/piscines-et-equipements\/equipements\" \/>\n<meta property=\"og:site_name\" content=\"Piscines Waterair\" \/>\n<meta property=\"article:modified_time\" content=\"2024-12-05T14:07:56+00:00\" \/>\n<meta name=\"twitter:card\" content=\"summary_large_image\" \/>\n<meta name=\"twitter:label1\" content=\"Dur\u00e9e de lecture estim\u00e9e\" \/>\n\t<meta name=\"twitter:data1\" content=\"2 minutes\" \/>\n<script type=\"application\/ld+json\" class=\"yoast-schema-graph\">{\"@context\":\"https:\/\/schema.org\",\"@graph\":[{\"@type\":\"WebPage\",\"@id\":\"https:\/\/www.waterair.com\/fr\/piscines-et-equipements\/equipements\",\"url\":\"https:\/\/www.waterair.com\/fr\/piscines-et-equipements\/equipements\",\"name\":\"Tous nos \u00e9quipements et accessoires de piscine | Piscines Waterair\",\"isPartOf\":{\"@id\":\"https:\/\/www.waterair.com\/fr\/#website\"},\"datePublished\":\"2021-12-02T14:09:58+00:00\",\"dateModified\":\"2024-12-05T14:07:56+00:00\",\"description\":\"Chauffage, filtration, couverture de s\u00e9curit\u00e9\u2026 Rendez votre piscine Waterair encore plus agr\u00e9able et \u00e9co-responsable avec notre gamme d\u2019\u00e9quipements innovants !\",\"breadcrumb\":{\"@id\":\"https:\/\/www.waterair.com\/fr\/piscines-et-equipements\/equipements#breadcrumb\"},\"inLanguage\":\"fr-FR\",\"potentialAction\":[{\"@type\":\"ReadAction\",\"target\":[\"https:\/\/www.waterair.com\/fr\/piscines-et-equipements\/equipements\"]}]},{\"@type\":\"BreadcrumbList\",\"@id\":\"https:\/\/www.waterair.com\/fr\/piscines-et-equipements\/equipements#breadcrumb\",\"itemListElement\":[{\"@type\":\"ListItem\",\"position\":1,\"name\":\"Accueil\",\"item\":\"https:\/\/www.waterair.com\/fr\"},{\"@type\":\"ListItem\",\"position\":2,\"name\":\"Piscines et \u00e9quipements\",\"item\":\"https:\/\/www.waterair.com\/fr\/piscines-et-equipements\"},{\"@type\":\"ListItem\",\"position\":3,\"name\":\"Tous nos \u00e9quipements de piscine\"}]},{\"@type\":\"WebSite\",\"@id\":\"https:\/\/www.waterair.com\/fr\/#website\",\"url\":\"https:\/\/www.waterair.com\/fr\/\",\"name\":\"Piscines Waterair\",\"description\":\"\",\"potentialAction\":[{\"@type\":\"SearchAction\",\"target\":{\"@type\":\"EntryPoint\",\"urlTemplate\":\"https:\/\/www.waterair.com\/fr\/?s={search_term_string}\"},\"query-input\":{\"@type\":\"PropertyValueSpecification\",\"valueRequired\":true,\"valueName\":\"search_term_string\"}}],\"inLanguage\":\"fr-FR\"}]}<\/script>\n<!-- \/ Yoast SEO Premium plugin. -->","yoast_head_json":{"title":"Tous nos \u00e9quipements et accessoires de piscine | Piscines Waterair","description":"Chauffage, filtration, couverture de s\u00e9curit\u00e9\u2026 Rendez votre piscine Waterair encore plus agr\u00e9able et \u00e9co-responsable avec notre gamme d\u2019\u00e9quipements innovants !","robots":{"index":"index","follow":"follow","max-snippet":"max-snippet:-1","max-image-preview":"max-image-preview:large","max-video-preview":"max-video-preview:-1"},"canonical":"https:\/\/www.waterair.com\/fr\/piscines-et-equipements\/equipements","og_locale":"fr_FR","og_type":"article","og_title":"Tous nos \u00e9quipements de piscine","og_description":"Chauffage, filtration, couverture de s\u00e9curit\u00e9\u2026 Rendez votre piscine Waterair encore plus agr\u00e9able et \u00e9co-responsable avec notre gamme d\u2019\u00e9quipements innovants !","og_url":"https:\/\/www.waterair.com\/fr\/piscines-et-equipements\/equipements","og_site_name":"Piscines Waterair","article_modified_time":"2024-12-05T14:07:56+00:00","twitter_card":"summary_large_image","twitter_misc":{"Dur\u00e9e de lecture estim\u00e9e":"2 minutes"},"schema":{"@context":"https:\/\/schema.org","@graph":[{"@type":"WebPage","@id":"https:\/\/www.waterair.com\/fr\/piscines-et-equipements\/equipements","url":"https:\/\/www.waterair.com\/fr\/piscines-et-equipements\/equipements","name":"Tous nos \u00e9quipements et accessoires de piscine | Piscines Waterair","isPartOf":{"@id":"https:\/\/www.waterair.com\/fr\/#website"},"datePublished":"2021-12-02T14:09:58+00:00","dateModified":"2024-12-05T14:07:56+00:00","description":"Chauffage, filtration, couverture de s\u00e9curit\u00e9\u2026 Rendez votre piscine Waterair encore plus agr\u00e9able et \u00e9co-responsable avec notre gamme d\u2019\u00e9quipements innovants !","breadcrumb":{"@id":"https:\/\/www.waterair.com\/fr\/piscines-et-equipements\/equipements#breadcrumb"},"inLanguage":"fr-FR","potentialAction":[{"@type":"ReadAction","target":["https:\/\/www.waterair.com\/fr\/piscines-et-equipements\/equipements"]}]},{"@type":"BreadcrumbList","@id":"https:\/\/www.waterair.com\/fr\/piscines-et-equipements\/equipements#breadcrumb","itemListElement":[{"@type":"ListItem","position":1,"name":"Accueil","item":"https:\/\/www.waterair.com\/fr"},{"@type":"ListItem","position":2,"name":"Piscines et \u00e9quipements","item":"https:\/\/www.waterair.com\/fr\/piscines-et-equipements"},{"@type":"ListItem","position":3,"name":"Tous nos \u00e9quipements de piscine"}]},{"@type":"WebSite","@id":"https:\/\/www.waterair.com\/fr\/#website","url":"https:\/\/www.waterair.com\/fr\/","name":"Piscines Waterair","description":"","potentialAction":[{"@type":"SearchAction","target":{"@type":"EntryPoint","urlTemplate":"https:\/\/www.waterair.com\/fr\/?s={search_term_string}"},"query-input":{"@type":"PropertyValueSpecification","valueRequired":true,"valueName":"search_term_string"}}],"inLanguage":"fr-FR"}]}},"_links":{"self":[{"href":"https:\/\/www.waterair.com\/fr\/wp-json\/wp\/v2\/pages\/99626","targetHints":{"allow":["GET"]}}],"collection":[{"href":"https:\/\/www.waterair.com\/fr\/wp-json\/wp\/v2\/pages"}],"about":[{"href":"https:\/\/www.waterair.com\/fr\/wp-json\/wp\/v2\/types\/page"}],"author":[{"embeddable":true,"href":"https:\/\/www.waterair.com\/fr\/wp-json\/wp\/v2\/users\/8"}],"replies":[{"embeddable":true,"href":"https:\/\/www.waterair.com\/fr\/wp-json\/wp\/v2\/comments?post=99626"}],"version-history":[{"count":4,"href":"https:\/\/www.waterair.com\/fr\/wp-json\/wp\/v2\/pages\/99626\/revisions"}],"predecessor-version":[{"id":477514,"href":"https:\/\/www.waterair.com\/fr\/wp-json\/wp\/v2\/pages\/99626\/revisions\/477514"}],"up":[{"embeddable":true,"href":"https:\/\/www.waterair.com\/fr\/wp-json\/wp\/v2\/pages\/551"}],"wp:attachment":[{"href":"https:\/\/www.waterair.com\/fr\/wp-json\/wp\/v2\/media?parent=99626"}],"curies":[{"name":"wp","href":"https:\/\/api.w.org\/{rel}","templated":true}]}}