{"id":37790,"date":"2021-10-29T21:22:29","date_gmt":"2021-10-29T19:22:29","guid":{"rendered":"https:\/\/waterair-preprod2.adipso.fr\/mentions-legales-2"},"modified":"2025-07-09T14:46:03","modified_gmt":"2025-07-09T12:46:03","slug":"mentions-legales-2","status":"publish","type":"page","link":"https:\/\/www.waterair.com\/gf\/mentions-legales","title":{"rendered":"Mentions l\u00e9gales"},"content":{"rendered":"<div  class=\"block-content-media  content-block   has-no-title\">\n            <div class=\"container\">\n            <div class=\"row\">\n                <div class=\"col\">\n                    <div class=\"row flex-column flex-md-row \">\n                        <div class=\"content-block__col col-12 d-flex flex-column align-items-md-start order-lg-2\">\n                                                                                                                                                <div data-wa=\"fade-up\" data-wa-delay=\"400\" class=\"content-block__description text--sm text-weight--300 mb-0\">\n                                    <p><strong>Identification du gestionnaire du site<\/strong><\/p>\n<p>Waterair.com\/be-fr est un site \u00e9dit\u00e9 par le Groupe WATERAIR<br \/>\nS.A.S au capital de 10.000.000 Euros.<br \/>\nTVA Intercommunautaire : FR 71 440 123 487<br \/>\nRCS Mulhouse B 440 123 487 dont l&#8217;adresse du si\u00e8ge social est :<br \/>\nZone Artisanale<br \/>\n6 Rue de la Largue<br \/>\n68580 Seppois le Bas<br \/>\nCourrier \u00e9lectronique : info@waterair.com<br \/>\nConseils et \u00e9tude d&#8217;implantation : 0 800 50 70 40<br \/>\nStandard administratif : +33 3 89 07 45 45<br \/>\nService Client : +33 3 89 07 45 55 (service gratuit, prix d&#8217;un appel)<br \/>\nResponsable de la publication : Mr Jacques Braun<\/p>\n<p><strong>Acc\u00e8s au site<\/strong><\/p>\n<p>L&#8217;acc\u00e8s au site Waterair.com\/be-fr est gratuit. Les frais d&#8217;acc\u00e8s et d&#8217;utilisation du r\u00e9seau de t\u00e9l\u00e9communication sont \u00e0 la charge de l&#8217;internaute, selon les modalit\u00e9s fix\u00e9es par son fournisseur d&#8217;acc\u00e8s et son op\u00e9rateur t\u00e9l\u00e9com. L\u2019utilisateur de ce site reconna\u00eet disposer de la comp\u00e9tence et des moyens n\u00e9cessaires pour acc\u00e9der et utiliser ce site.<br \/>\nInformations techniques<br \/>\nIl est rappel\u00e9 que le secret des correspondances n&#8217;est pas garanti sur le r\u00e9seau Internet. L&#8217;internaute est inform\u00e9 que lors de son acc\u00e8s au site des &#8221; cookies &#8221; peuvent \u00eatre utilis\u00e9s afin de permettre de l&#8217;identifier et de conserver les informations saisies pendant toute la dur\u00e9e de sa connexion.<br \/>\nLe site Waterair.com\/be-fr utilise Google Analytics, un service d&#8217;analyse de site internet fourni par Google Inc. (\u00ab Google \u00bb). Google Analytics utilise des cookies, qui sont des fichiers texte plac\u00e9s sur votre ordinateur, pour aider Waterair.com\/be-fr \u00e0 analyser l&#8217;utilisation de son site par ses utilisateurs. Les donn\u00e9es g\u00e9n\u00e9r\u00e9es par les cookies concernant votre utilisation du site (y compris votre adresse IP) seront transmises et stock\u00e9es par Google. Google utilisera cette information dans le but d&#8217;\u00e9valuer votre utilisation du site, de compiler des rapports sur l&#8217;activit\u00e9 du site \u00e0 destination de son \u00e9diteur, et de fournir d&#8217;autres services relatifs \u00e0 l&#8217;activit\u00e9 du site et \u00e0 l&#8217;utilisation d&#8217;Internet. Google est susceptible de communiquer ces donn\u00e9es \u00e0 des tiers en cas d&#8217;obligation l\u00e9gale ou lorsque ces tiers traitent ces donn\u00e9es pour le compte de Google. Google ne recoupera pas votre adresse IP avec toute autre donn\u00e9e d\u00e9tenue par Google. Vous pouvez d\u00e9sactiver l&#8217;utilisation de cookies en s\u00e9lectionnant les param\u00e8tres appropri\u00e9s de votre navigateur.<\/p>\n<p>En utilisant ce site internet, vous consentez express\u00e9ment au traitement de vos donn\u00e9es nominatives par Google dans les conditions et pour les finalit\u00e9s d\u00e9crites ci-dessus..<\/p>\n<p><strong>Liens hypertextes<\/strong><\/p>\n<p>La cr\u00e9ation de liens hypertextes vers le site Waterair.com\/be-fr est soumise \u00e0 l&#8217;accord pr\u00e9alable du Directeur de la Publication. Les liens hypertextes \u00e9tablis en direction d&#8217;autres sites \u00e0 partir de Waterair.com\/be-fr ne sauraient, en aucun cas, engager la responsabilit\u00e9 de Piscines WATERAIR.<\/p>\n<p><strong>Droits d\u2019auteur<\/strong><\/p>\n<p>La reproduction ou repr\u00e9sentation, int\u00e9grale ou partielle, des pages, des donn\u00e9es et de toute autre \u00e9l\u00e9ment constitutif au site, par quelque proc\u00e9d\u00e9 ou support que ce soit, est interdite et constitue, sans autorisation de l&#8217;\u00e9diteur, une contrefa\u00e7on.<\/p>\n<p><strong>Identification de l&#8217;h\u00e9bergeur du site<\/strong><\/p>\n<p>Waterair.com\/be-fr est h\u00e9berg\u00e9 par Ikoula. Dont le si\u00e8ge social est situ\u00e9 2 Cit\u00e9 Paradis, 75010 Paris, France.<\/p>\n<p>\u00a9 Cr\u00e9dits photos<br \/>\nEstelle Hoffert<\/p>\n                                <\/div>\n                                                                                        <div data-wa=\"fade-up\" data-wa-delay=\"500\">\n                                                                    <\/div>\n                                                    <\/div>\n                                            <\/div>\n                <\/div>\n            <\/div>\n        <\/div>\n    <\/div>","protected":false},"excerpt":{"rendered":"","protected":false},"author":1,"featured_media":0,"parent":0,"menu_order":0,"comment_status":"closed","ping_status":"closed","template":"","meta":{"_acf_changed":false,"om_disable_all_campaigns":false,"footnotes":""},"class_list":["post-37790","page","type-page","status-publish","hentry"],"acf":[],"yoast_head":"<!-- This site is optimized with the Yoast SEO Premium plugin v25.4 (Yoast SEO v27.2) - https:\/\/yoast.com\/product\/yoast-seo-premium-wordpress\/ -->\n<title>Mentions l\u00e9gales | Piscines Waterair<\/title>\n<meta name=\"robots\" content=\"index, follow, max-snippet:-1, max-image-preview:large, max-video-preview:-1\" \/>\n<link rel=\"canonical\" href=\"https:\/\/www.waterair.com\/gf\/mentions-legales\" \/>\n<meta property=\"og:locale\" content=\"fr_FR\" \/>\n<meta property=\"og:type\" content=\"article\" \/>\n<meta property=\"og:title\" content=\"Mentions l\u00e9gales\" \/>\n<meta property=\"og:url\" content=\"https:\/\/www.waterair.com\/gf\/mentions-legales\" \/>\n<meta property=\"og:site_name\" content=\"Piscines Waterair\" \/>\n<meta property=\"article:modified_time\" content=\"2025-07-09T12:46:03+00:00\" \/>\n<meta name=\"twitter:card\" content=\"summary_large_image\" \/>\n<meta name=\"twitter:label1\" content=\"Est. reading time\" \/>\n\t<meta name=\"twitter:data1\" content=\"3 minutes\" \/>\n<script type=\"application\/ld+json\" class=\"yoast-schema-graph\">{\"@context\":\"https:\/\/schema.org\",\"@graph\":[{\"@type\":\"WebPage\",\"@id\":\"https:\/\/www.waterair.com\/gf\/mentions-legales\",\"url\":\"https:\/\/www.waterair.com\/gf\/mentions-legales\",\"name\":\"Mentions l\u00e9gales | Piscines Waterair\",\"isPartOf\":{\"@id\":\"https:\/\/www.waterair.com\/gf\/#website\"},\"datePublished\":\"2021-10-29T19:22:29+00:00\",\"dateModified\":\"2025-07-09T12:46:03+00:00\",\"breadcrumb\":{\"@id\":\"https:\/\/www.waterair.com\/gf\/mentions-legales#breadcrumb\"},\"inLanguage\":\"fr-GF\",\"potentialAction\":[{\"@type\":\"ReadAction\",\"target\":[\"https:\/\/www.waterair.com\/gf\/mentions-legales\"]}]},{\"@type\":\"BreadcrumbList\",\"@id\":\"https:\/\/www.waterair.com\/gf\/mentions-legales#breadcrumb\",\"itemListElement\":[{\"@type\":\"ListItem\",\"position\":1,\"name\":\"Accueil\",\"item\":\"https:\/\/www.waterair.com\/gf\"},{\"@type\":\"ListItem\",\"position\":2,\"name\":\"Mentions l\u00e9gales\"}]},{\"@type\":\"WebSite\",\"@id\":\"https:\/\/www.waterair.com\/gf\/#website\",\"url\":\"https:\/\/www.waterair.com\/gf\/\",\"name\":\"Piscines Waterair\",\"description\":\"\",\"potentialAction\":[{\"@type\":\"SearchAction\",\"target\":{\"@type\":\"EntryPoint\",\"urlTemplate\":\"https:\/\/www.waterair.com\/gf\/?s={search_term_string}\"},\"query-input\":{\"@type\":\"PropertyValueSpecification\",\"valueRequired\":true,\"valueName\":\"search_term_string\"}}],\"inLanguage\":\"fr-GF\"}]}<\/script>\n<!-- \/ Yoast SEO Premium plugin. -->","yoast_head_json":{"title":"Mentions l\u00e9gales | Piscines Waterair","robots":{"index":"index","follow":"follow","max-snippet":"max-snippet:-1","max-image-preview":"max-image-preview:large","max-video-preview":"max-video-preview:-1"},"canonical":"https:\/\/www.waterair.com\/gf\/mentions-legales","og_locale":"fr_FR","og_type":"article","og_title":"Mentions l\u00e9gales","og_url":"https:\/\/www.waterair.com\/gf\/mentions-legales","og_site_name":"Piscines Waterair","article_modified_time":"2025-07-09T12:46:03+00:00","twitter_card":"summary_large_image","twitter_misc":{"Est. reading time":"3 minutes"},"schema":{"@context":"https:\/\/schema.org","@graph":[{"@type":"WebPage","@id":"https:\/\/www.waterair.com\/gf\/mentions-legales","url":"https:\/\/www.waterair.com\/gf\/mentions-legales","name":"Mentions l\u00e9gales | Piscines Waterair","isPartOf":{"@id":"https:\/\/www.waterair.com\/gf\/#website"},"datePublished":"2021-10-29T19:22:29+00:00","dateModified":"2025-07-09T12:46:03+00:00","breadcrumb":{"@id":"https:\/\/www.waterair.com\/gf\/mentions-legales#breadcrumb"},"inLanguage":"fr-GF","potentialAction":[{"@type":"ReadAction","target":["https:\/\/www.waterair.com\/gf\/mentions-legales"]}]},{"@type":"BreadcrumbList","@id":"https:\/\/www.waterair.com\/gf\/mentions-legales#breadcrumb","itemListElement":[{"@type":"ListItem","position":1,"name":"Accueil","item":"https:\/\/www.waterair.com\/gf"},{"@type":"ListItem","position":2,"name":"Mentions l\u00e9gales"}]},{"@type":"WebSite","@id":"https:\/\/www.waterair.com\/gf\/#website","url":"https:\/\/www.waterair.com\/gf\/","name":"Piscines Waterair","description":"","potentialAction":[{"@type":"SearchAction","target":{"@type":"EntryPoint","urlTemplate":"https:\/\/www.waterair.com\/gf\/?s={search_term_string}"},"query-input":{"@type":"PropertyValueSpecification","valueRequired":true,"valueName":"search_term_string"}}],"inLanguage":"fr-GF"}]}},"_links":{"self":[{"href":"https:\/\/www.waterair.com\/gf\/wp-json\/wp\/v2\/pages\/37790","targetHints":{"allow":["GET"]}}],"collection":[{"href":"https:\/\/www.waterair.com\/gf\/wp-json\/wp\/v2\/pages"}],"about":[{"href":"https:\/\/www.waterair.com\/gf\/wp-json\/wp\/v2\/types\/page"}],"author":[{"embeddable":true,"href":"https:\/\/www.waterair.com\/gf\/wp-json\/wp\/v2\/users\/1"}],"replies":[{"embeddable":true,"href":"https:\/\/www.waterair.com\/gf\/wp-json\/wp\/v2\/comments?post=37790"}],"version-history":[{"count":5,"href":"https:\/\/www.waterair.com\/gf\/wp-json\/wp\/v2\/pages\/37790\/revisions"}],"predecessor-version":[{"id":583240,"href":"https:\/\/www.waterair.com\/gf\/wp-json\/wp\/v2\/pages\/37790\/revisions\/583240"}],"wp:attachment":[{"href":"https:\/\/www.waterair.com\/gf\/wp-json\/wp\/v2\/media?parent=37790"}],"curies":[{"name":"wp","href":"https:\/\/api.w.org\/{rel}","templated":true}]}}