{"id":37798,"date":"2021-10-29T21:22:43","date_gmt":"2021-10-29T19:22:43","guid":{"rendered":"https:\/\/waterair-preprod2.adipso.fr\/pravni-propisi"},"modified":"2025-07-09T14:46:27","modified_gmt":"2025-07-09T12:46:27","slug":"pravni-propisi","status":"publish","type":"page","link":"https:\/\/www.waterair.com\/hr\/pravni-propisi","title":{"rendered":"Pravni propisi"},"content":{"rendered":"<div  class=\"block-content-media  content-block   has-no-title\">\n            <div class=\"container\">\n            <div class=\"row\">\n                <div class=\"col\">\n                    <div class=\"row flex-column flex-md-row \">\n                        <div class=\"content-block__col col-12 d-flex flex-column align-items-md-start order-lg-2\">\n                                                                                                                                                <div data-wa=\"fade-up\" data-wa-delay=\"400\" class=\"content-block__description text--sm text-weight--300 mb-0\">\n                                    <p><strong>Naziv upravitelja mre\u017enim mjestom<\/strong><\/p>\n<p>Waterair.com\/hr je mre\u017eno mjesto koje ure\u0111uje grupacija WATERAIR<br \/>\nS.A.S \u010diji je temeljni kapital 10.000.000 eura.<br \/>\nEU PDV broj: FR71440123487<br \/>\nRCS Mulhouse B 440 123 487 \u010dije se sjedi\u0161ta nalazi na adresi:<br \/>\nZone Artisanale<br \/>\n6 Rue de la Largue<br \/>\n68580 Seppois le Bas<br \/>\nAdresa elektroni\u010dke po\u0161te: info@waterair.com<br \/>\nSavjeti i plan postavljanja: 0 800 50 70 40<br \/>\nAdministrativne usluge: +33 3 89 07 45 45<br \/>\nPodr\u0161ka klijentima: +33 3 89 07 45 55 (besplatna usluga, poziv se napla\u0107uje)<br \/>\nOsoba odgovorna za objavljivanje: Jacques Braun<\/p>\n<p><strong>Pristupanje mre\u017enom mjestu<\/strong><\/p>\n<p>Pristupanje je mre\u017enom mjestu Waterair.com\/hr besplatno. Tro\u0161kove pristupanja i kori\u0161tenja telekomunikacijske mre\u017ee snosi korisnik prema na\u010dinu koji je odredio pru\u017eatelj usluge pristupanja i njegov pru\u017eatelj telekomunikacijskih usluga. Korisnik ovog mre\u017enog mjesta izjavljuje da ima potrebne vje\u0161tine i znanja za pristupanje ovom mre\u017enom mjestu i njegovo kori\u0161tenje.<br \/>\nTehni\u010dki podatci<br \/>\nUpozoravamo vas da se tajnost komunikacije na internetu ne jam\u010di. Korisnika se upozorava tijekom pristupanja mre\u017enom mjestu da se kola\u010di\u0107i mogu upotrebljavati kako bi se omogu\u0107ila njegova identifikacija i pohranjivanje prikupljenih informacija tijekom trajanja njegovog posjeta u cijelosti.<br \/>\nMre\u017eno mjesto Waterair.com\/hr upotrebljava Google Analytics, uslugu za analiziranje mre\u017enog mjesta koju pru\u017ea poduze\u0107e Google. (\u201eGoogle\u201d). Uslugom se Google Analytics upotrebljavaju kola\u010di\u0107i, kao tekstualne datoteke koje se postavljaju na va\u0161e ra\u010dunalo, kako bi se mogla obaviti analiza kori\u0161tenja mre\u017enog mjesta Waterair.com\/hr. Preno\u0161enje i pohranjivanje podataka, koje stvaraju kola\u010di\u0107i odnose se na va\u0161e kori\u0161tenje mre\u017enog mjesta (uklju\u010duju\u0107i i va\u0161u adresu IP), obavlja poduze\u0107e Google. Poduze\u0107e Google upotrebljava navedene informacije za procjenjivanje kori\u0161tenja mre\u017enog mjesta, stvaranje izvje\u0161\u0107a o aktivnostima na mre\u017enom mjestu koje je namijenjeno njegovom uredniku, pru\u017eanje drugih usluga koje se odnose na aktivnosti mre\u017enog mjesta i kori\u0161tenje interneta. Poduze\u0107e Google mo\u017ee ustupiti navedene podatke tre\u0107im osobama ako se to zahtijeva zakonom ili ako tre\u0107e osobe obavljaju obradu navedenih podataka u ime poduze\u0107a Google. Poduze\u0107e Google ne otkriva va\u0161u adresu IP niti druge informacije koje zadr\u017eava poduze\u0107e Google. Odabiranjem pripadaju\u0107ih postavki u va\u0161em pregledniku mo\u017eete isklju\u010diti uporabu kola\u010di\u0107a.<\/p>\n<p>Kori\u0161tenjem ovog mre\u017enog mjesta izri\u010dito pristajete na obra\u0111ivanje va\u0161ih podataka koje obavlja poduze\u0107e Google prema uvjetima i u svrhe koje su prethodno navedene.<\/p>\n<p><strong>Hipertekstualne poveznice<\/strong><\/p>\n<p>Stvaranje hipertekstualnih poveznica na mre\u017eno mjesto Waterair.com\/hr podlije\u017ee prethodnom dogovoru s direktorom za objavljivanje. Poduze\u0107e Piscines WATERAIR ne snosi nikakvu odgovornost za hipertekstualne poveznice na druga mre\u017ena mjesta s mjesta Waterair.com\/hr.<\/p>\n<p><strong>Autorska prava<\/strong><\/p>\n<p>Reproduciranje ili prikazivanje, cjelovito ili djelomi\u010dno, stranica, podataka i bilo kojeg drugog dijela mre\u017enog mjesta, primjenom bilo kojeg postupka ili na\u010dina, zabranjeno je i predstavlja \u010din krivotvorenja ako se prethodno ne dobije odobrenje urednika.<\/p>\n<p><strong>Naziv pru\u017eatelja usluge hostiranja<\/strong><\/p>\n<p>Mre\u017eno mjesto Waterair.com\/hr hostira poduze\u0107e Ikoula. Njegovo se sredi\u0161te nalazi na adresi: 2 Cit\u00e9 Paradis, 75010 Paris, Francuska.<\/p>\n<p>\u00a9 Autorska prava na fotografije<br \/>\nEstelle Hoffert<\/p>\n                                <\/div>\n                                                                                        <div data-wa=\"fade-up\" data-wa-delay=\"500\">\n                                                                    <\/div>\n                                                    <\/div>\n                                            <\/div>\n                <\/div>\n            <\/div>\n        <\/div>\n    <\/div>","protected":false},"excerpt":{"rendered":"","protected":false},"author":1,"featured_media":0,"parent":0,"menu_order":0,"comment_status":"closed","ping_status":"closed","template":"","meta":{"_acf_changed":false,"om_disable_all_campaigns":false,"footnotes":""},"class_list":["post-37798","page","type-page","status-publish","hentry"],"acf":[],"yoast_head":"<!-- This site is optimized with the Yoast SEO Premium plugin v25.4 (Yoast SEO v27.2) - https:\/\/yoast.com\/product\/yoast-seo-premium-wordpress\/ -->\n<title>Pravni propisi | Bazeni Waterair<\/title>\n<meta name=\"robots\" content=\"index, follow, max-snippet:-1, max-image-preview:large, max-video-preview:-1\" \/>\n<link rel=\"canonical\" href=\"https:\/\/www.waterair.com\/hr\/pravni-propisi\" \/>\n<meta property=\"og:locale\" content=\"hr_HR\" \/>\n<meta property=\"og:type\" content=\"article\" \/>\n<meta property=\"og:title\" content=\"Pravni propisi\" \/>\n<meta property=\"og:url\" content=\"https:\/\/www.waterair.com\/hr\/pravni-propisi\" \/>\n<meta property=\"og:site_name\" content=\"Bazeni Waterair\" \/>\n<meta property=\"article:modified_time\" content=\"2025-07-09T12:46:27+00:00\" \/>\n<meta name=\"twitter:card\" content=\"summary_large_image\" \/>\n<meta name=\"twitter:label1\" content=\"Est. reading time\" \/>\n\t<meta name=\"twitter:data1\" content=\"3 minutes\" \/>\n<script type=\"application\/ld+json\" class=\"yoast-schema-graph\">{\"@context\":\"https:\/\/schema.org\",\"@graph\":[{\"@type\":\"WebPage\",\"@id\":\"https:\/\/www.waterair.com\/hr\/pravni-propisi\",\"url\":\"https:\/\/www.waterair.com\/hr\/pravni-propisi\",\"name\":\"Pravni propisi | Bazeni Waterair\",\"isPartOf\":{\"@id\":\"https:\/\/www.waterair.com\/hr\/#website\"},\"datePublished\":\"2021-10-29T19:22:43+00:00\",\"dateModified\":\"2025-07-09T12:46:27+00:00\",\"breadcrumb\":{\"@id\":\"https:\/\/www.waterair.com\/hr\/pravni-propisi#breadcrumb\"},\"inLanguage\":\"hr-HR\",\"potentialAction\":[{\"@type\":\"ReadAction\",\"target\":[\"https:\/\/www.waterair.com\/hr\/pravni-propisi\"]}]},{\"@type\":\"BreadcrumbList\",\"@id\":\"https:\/\/www.waterair.com\/hr\/pravni-propisi#breadcrumb\",\"itemListElement\":[{\"@type\":\"ListItem\",\"position\":1,\"name\":\"Po\u010detna stranica\",\"item\":\"https:\/\/www.waterair.com\/hr\"},{\"@type\":\"ListItem\",\"position\":2,\"name\":\"Pravni propisi\"}]},{\"@type\":\"WebSite\",\"@id\":\"https:\/\/www.waterair.com\/hr\/#website\",\"url\":\"https:\/\/www.waterair.com\/hr\/\",\"name\":\"Bazeni Waterair\",\"description\":\"\",\"potentialAction\":[{\"@type\":\"SearchAction\",\"target\":{\"@type\":\"EntryPoint\",\"urlTemplate\":\"https:\/\/www.waterair.com\/hr\/?s={search_term_string}\"},\"query-input\":{\"@type\":\"PropertyValueSpecification\",\"valueRequired\":true,\"valueName\":\"search_term_string\"}}],\"inLanguage\":\"hr-HR\"}]}<\/script>\n<!-- \/ Yoast SEO Premium plugin. -->","yoast_head_json":{"title":"Pravni propisi | Bazeni Waterair","robots":{"index":"index","follow":"follow","max-snippet":"max-snippet:-1","max-image-preview":"max-image-preview:large","max-video-preview":"max-video-preview:-1"},"canonical":"https:\/\/www.waterair.com\/hr\/pravni-propisi","og_locale":"hr_HR","og_type":"article","og_title":"Pravni propisi","og_url":"https:\/\/www.waterair.com\/hr\/pravni-propisi","og_site_name":"Bazeni Waterair","article_modified_time":"2025-07-09T12:46:27+00:00","twitter_card":"summary_large_image","twitter_misc":{"Est. reading time":"3 minutes"},"schema":{"@context":"https:\/\/schema.org","@graph":[{"@type":"WebPage","@id":"https:\/\/www.waterair.com\/hr\/pravni-propisi","url":"https:\/\/www.waterair.com\/hr\/pravni-propisi","name":"Pravni propisi | Bazeni Waterair","isPartOf":{"@id":"https:\/\/www.waterair.com\/hr\/#website"},"datePublished":"2021-10-29T19:22:43+00:00","dateModified":"2025-07-09T12:46:27+00:00","breadcrumb":{"@id":"https:\/\/www.waterair.com\/hr\/pravni-propisi#breadcrumb"},"inLanguage":"hr-HR","potentialAction":[{"@type":"ReadAction","target":["https:\/\/www.waterair.com\/hr\/pravni-propisi"]}]},{"@type":"BreadcrumbList","@id":"https:\/\/www.waterair.com\/hr\/pravni-propisi#breadcrumb","itemListElement":[{"@type":"ListItem","position":1,"name":"Po\u010detna stranica","item":"https:\/\/www.waterair.com\/hr"},{"@type":"ListItem","position":2,"name":"Pravni propisi"}]},{"@type":"WebSite","@id":"https:\/\/www.waterair.com\/hr\/#website","url":"https:\/\/www.waterair.com\/hr\/","name":"Bazeni Waterair","description":"","potentialAction":[{"@type":"SearchAction","target":{"@type":"EntryPoint","urlTemplate":"https:\/\/www.waterair.com\/hr\/?s={search_term_string}"},"query-input":{"@type":"PropertyValueSpecification","valueRequired":true,"valueName":"search_term_string"}}],"inLanguage":"hr-HR"}]}},"_links":{"self":[{"href":"https:\/\/www.waterair.com\/hr\/wp-json\/wp\/v2\/pages\/37798","targetHints":{"allow":["GET"]}}],"collection":[{"href":"https:\/\/www.waterair.com\/hr\/wp-json\/wp\/v2\/pages"}],"about":[{"href":"https:\/\/www.waterair.com\/hr\/wp-json\/wp\/v2\/types\/page"}],"author":[{"embeddable":true,"href":"https:\/\/www.waterair.com\/hr\/wp-json\/wp\/v2\/users\/1"}],"replies":[{"embeddable":true,"href":"https:\/\/www.waterair.com\/hr\/wp-json\/wp\/v2\/comments?post=37798"}],"version-history":[{"count":5,"href":"https:\/\/www.waterair.com\/hr\/wp-json\/wp\/v2\/pages\/37798\/revisions"}],"predecessor-version":[{"id":523703,"href":"https:\/\/www.waterair.com\/hr\/wp-json\/wp\/v2\/pages\/37798\/revisions\/523703"}],"wp:attachment":[{"href":"https:\/\/www.waterair.com\/hr\/wp-json\/wp\/v2\/media?parent=37798"}],"curies":[{"name":"wp","href":"https:\/\/api.w.org\/{rel}","templated":true}]}}