{"id":37922,"date":"2021-10-29T21:23:57","date_gmt":"2021-10-29T19:23:57","guid":{"rendered":"https:\/\/waterair-preprod2.adipso.fr\/politika-privatnosti"},"modified":"2024-12-02T15:22:40","modified_gmt":"2024-12-02T14:22:40","slug":"politika-privatnosti","status":"publish","type":"page","link":"https:\/\/www.waterair.com\/hr\/politika-privatnosti","title":{"rendered":"Politika privatnosti"},"content":{"rendered":"<div  class=\"block-content-media  content-block   has-no-title\">\n            <div class=\"container\">\n            <div class=\"row\">\n                <div class=\"col\">\n                    <div class=\"row flex-column flex-md-row \">\n                        <div class=\"content-block__col col-12 d-flex flex-column align-items-md-start order-lg-2\">\n                                                                                                                                                <div data-wa=\"fade-up\" data-wa-delay=\"400\" class=\"content-block__description text--sm text-weight--300 mb-0\">\n                                    <p>Obavje\u0161tavamo vas da poduze\u0107e WATERAIR, jednostavno dioni\u010dko dru\u0161tvo sa sjedi\u0161tem na adresi Zone artisanale &#8211; 6 Rue de la Largue, 68580 \u00e0 SEPPOIS-LE-BAS upisano u trgova\u010dki registar dru\u0161tava grada Mulhouse pod brojem 440 123 487 (u daljnjem tekstu, \u201emi\u201d) \u017eeli prikupljati va\u0161e osobne podatke (u daljem tekstu \u201ePodatci\u201d).<\/p>\n<p>Va\u0161i se Podatci prikupljaju u sljede\u0107e svrhe:<\/p>\n<ul>\n<li>Razvoj poslovanja;<\/li>\n<li>Upravljanje bro\u0161urama;<\/li>\n<li>Upravljanje personaliziranim osobnim ponudama;<\/li>\n<li>Mjerenje posje\u0107enosti i izra\u0111ivanje statistika;<\/li>\n<li>Geolokalizaciju kako bi se prikazivala to\u010dna dr\u017eava na padaju\u0107em popisu;<\/li>\n<li>Ponovno ciljanje \/ Ponovno ogla\u0161avanje;<\/li>\n<li>Provo\u0111enje ugovora;<\/li>\n<li>Anketiranje razine zadovoljstva;<\/li>\n<li>Preno\u0161enje podataka podizvo\u0111a\u010dima u sljede\u0107im podru\u010djima poslovne djelatnosti: informatika, trgovina, financije, marketing, komunikacije, logistika i industrija radi pravilnog provo\u0111enja ugovora i pra\u0107enja odnosa s klijentima.<\/li>\n<\/ul>\n<p>Va\u0161i se Podatci samo \u010duvaju tijekom vremenskog razdoblja potrebnog za ostvarivanje navedenih svrha te ih mogu pregledavati na\u0161i interni odjeli kao i na\u0161i pru\u017eatelji usluga.<\/p>\n<p>Uzimaju\u0107i u obzir stanje znanja, tro\u0161kove provedbe i prirodu, opseg, kontekst i svrhu postupaka, kao i rizike koji se odnose na va\u0161a prava i slobode, zauzimamo se za uspostavljanje odgovaraju\u0107ih tehni\u010dkih i organizacijskih mjere kako bi se jam\u010dila za\u0161tita va\u0161ih Podataka.<\/p>\n<p>Sukladno Europskoj uredbi br. 2016\/679 od 27. travnja 2016. i izmijenjenom zakonu br. 78 \u2013 17 od 6. sije\u010dnja 1978. godine napominjemo vam da ostvarujete sljede\u0107a prava:<\/p>\n<ul>\n<li>Pristupanje i mijenjanje vlastitih Podataka;<\/li>\n<li>Osporavanje obra\u0111ivanja va\u0161ih Podataka zbog legitimnih razloga;<\/li>\n<li>Zahtijevanje da se obra\u0111ivanje Podataka ograni\u010di ili Podatci izbri\u0161u kako je predvi\u0111eno ograni\u010denjima navedenim u tekstu;<\/li>\n<li>Uskra\u0107ivanje va\u0161eg pristanka u bilo kojem trenutku;<\/li>\n<li>Primanje vlastitih Podataka u strukturiranom obliku, uobi\u010dajenom i \u010ditljivom obliku kako bi se podatci prenijeli drugoj osobi zadu\u017eenoj za obra\u0111ivanje (pravo na preno\u0161enje);<\/li>\n<li>Odre\u0111ivanje prikladnih direktiva za \u010duvanje, brisanje i ustupanje va\u0161ih Podataka nakon va\u0161e smrti.<\/li>\n<\/ul>\n<p>Osim toga, napominjemo vam da imate pravo suprotstavljanja u okviru postupka profiliranja koji obavljamo godi\u0161nje kako bismo vam se pru\u017eile personalizirane ponude.<\/p>\n<p>Radi ostvarivanja vlastitih prava pozivamo vas da po\u0161aljete svoj zahtjev, zajedno s identifikacijskim dokumentom, u obliku elektroni\u010dke poruke na sljede\u0107u adresu elektroni\u010dke po\u0161te: rgpd@waterair.com.<\/p>\n<p>Napominjemo vam da tako\u0111er imate pravo podno\u0161enja \u017ealbe pri nadzornom tijelu.<\/p>\n<p>Prihva\u0107anjem informacija navedenih u sko\u010dnom prozoru za kola\u010di\u0107e na dnu stranice ustupate svoje Podatke poduze\u0107u WATERAIR radi ostvarivanja prethodno navedenih svrha.<\/p>\n                                <\/div>\n                                                                                        <div data-wa=\"fade-up\" data-wa-delay=\"500\">\n                                                                    <\/div>\n                                                    <\/div>\n                                            <\/div>\n                <\/div>\n            <\/div>\n        <\/div>\n    <\/div>","protected":false},"excerpt":{"rendered":"","protected":false},"author":1,"featured_media":0,"parent":0,"menu_order":0,"comment_status":"closed","ping_status":"closed","template":"","meta":{"_acf_changed":false,"om_disable_all_campaigns":false,"footnotes":""},"class_list":["post-37922","page","type-page","status-publish","hentry"],"acf":[],"yoast_head":"<!-- This site is optimized with the Yoast SEO Premium plugin v25.4 (Yoast SEO v27.2) - https:\/\/yoast.com\/product\/yoast-seo-premium-wordpress\/ -->\n<title>Politika privatnosti | Bazeni Waterair<\/title>\n<meta name=\"robots\" content=\"index, follow, max-snippet:-1, max-image-preview:large, max-video-preview:-1\" \/>\n<link rel=\"canonical\" href=\"https:\/\/www.waterair.com\/hr\/politika-privatnosti\" \/>\n<meta property=\"og:locale\" content=\"hr_HR\" \/>\n<meta property=\"og:type\" content=\"article\" \/>\n<meta property=\"og:title\" content=\"Politika privatnosti\" \/>\n<meta property=\"og:url\" content=\"https:\/\/www.waterair.com\/hr\/politika-privatnosti\" \/>\n<meta property=\"og:site_name\" content=\"Bazeni Waterair\" \/>\n<meta property=\"article:modified_time\" content=\"2024-12-02T14:22:40+00:00\" \/>\n<meta name=\"twitter:card\" content=\"summary_large_image\" \/>\n<meta name=\"twitter:label1\" content=\"Est. reading time\" \/>\n\t<meta name=\"twitter:data1\" content=\"2 minutes\" \/>\n<script type=\"application\/ld+json\" class=\"yoast-schema-graph\">{\"@context\":\"https:\/\/schema.org\",\"@graph\":[{\"@type\":\"WebPage\",\"@id\":\"https:\/\/www.waterair.com\/hr\/politika-privatnosti\",\"url\":\"https:\/\/www.waterair.com\/hr\/politika-privatnosti\",\"name\":\"Politika privatnosti | Bazeni Waterair\",\"isPartOf\":{\"@id\":\"https:\/\/www.waterair.com\/hr\/#website\"},\"datePublished\":\"2021-10-29T19:23:57+00:00\",\"dateModified\":\"2024-12-02T14:22:40+00:00\",\"breadcrumb\":{\"@id\":\"https:\/\/www.waterair.com\/hr\/politika-privatnosti#breadcrumb\"},\"inLanguage\":\"hr-HR\",\"potentialAction\":[{\"@type\":\"ReadAction\",\"target\":[\"https:\/\/www.waterair.com\/hr\/politika-privatnosti\"]}]},{\"@type\":\"BreadcrumbList\",\"@id\":\"https:\/\/www.waterair.com\/hr\/politika-privatnosti#breadcrumb\",\"itemListElement\":[{\"@type\":\"ListItem\",\"position\":1,\"name\":\"Po\u010detna stranica\",\"item\":\"https:\/\/www.waterair.com\/hr\"},{\"@type\":\"ListItem\",\"position\":2,\"name\":\"Politika privatnosti\"}]},{\"@type\":\"WebSite\",\"@id\":\"https:\/\/www.waterair.com\/hr\/#website\",\"url\":\"https:\/\/www.waterair.com\/hr\/\",\"name\":\"Bazeni Waterair\",\"description\":\"\",\"potentialAction\":[{\"@type\":\"SearchAction\",\"target\":{\"@type\":\"EntryPoint\",\"urlTemplate\":\"https:\/\/www.waterair.com\/hr\/?s={search_term_string}\"},\"query-input\":{\"@type\":\"PropertyValueSpecification\",\"valueRequired\":true,\"valueName\":\"search_term_string\"}}],\"inLanguage\":\"hr-HR\"}]}<\/script>\n<!-- \/ Yoast SEO Premium plugin. -->","yoast_head_json":{"title":"Politika privatnosti | Bazeni Waterair","robots":{"index":"index","follow":"follow","max-snippet":"max-snippet:-1","max-image-preview":"max-image-preview:large","max-video-preview":"max-video-preview:-1"},"canonical":"https:\/\/www.waterair.com\/hr\/politika-privatnosti","og_locale":"hr_HR","og_type":"article","og_title":"Politika privatnosti","og_url":"https:\/\/www.waterair.com\/hr\/politika-privatnosti","og_site_name":"Bazeni Waterair","article_modified_time":"2024-12-02T14:22:40+00:00","twitter_card":"summary_large_image","twitter_misc":{"Est. reading time":"2 minutes"},"schema":{"@context":"https:\/\/schema.org","@graph":[{"@type":"WebPage","@id":"https:\/\/www.waterair.com\/hr\/politika-privatnosti","url":"https:\/\/www.waterair.com\/hr\/politika-privatnosti","name":"Politika privatnosti | Bazeni Waterair","isPartOf":{"@id":"https:\/\/www.waterair.com\/hr\/#website"},"datePublished":"2021-10-29T19:23:57+00:00","dateModified":"2024-12-02T14:22:40+00:00","breadcrumb":{"@id":"https:\/\/www.waterair.com\/hr\/politika-privatnosti#breadcrumb"},"inLanguage":"hr-HR","potentialAction":[{"@type":"ReadAction","target":["https:\/\/www.waterair.com\/hr\/politika-privatnosti"]}]},{"@type":"BreadcrumbList","@id":"https:\/\/www.waterair.com\/hr\/politika-privatnosti#breadcrumb","itemListElement":[{"@type":"ListItem","position":1,"name":"Po\u010detna stranica","item":"https:\/\/www.waterair.com\/hr"},{"@type":"ListItem","position":2,"name":"Politika privatnosti"}]},{"@type":"WebSite","@id":"https:\/\/www.waterair.com\/hr\/#website","url":"https:\/\/www.waterair.com\/hr\/","name":"Bazeni Waterair","description":"","potentialAction":[{"@type":"SearchAction","target":{"@type":"EntryPoint","urlTemplate":"https:\/\/www.waterair.com\/hr\/?s={search_term_string}"},"query-input":{"@type":"PropertyValueSpecification","valueRequired":true,"valueName":"search_term_string"}}],"inLanguage":"hr-HR"}]}},"_links":{"self":[{"href":"https:\/\/www.waterair.com\/hr\/wp-json\/wp\/v2\/pages\/37922","targetHints":{"allow":["GET"]}}],"collection":[{"href":"https:\/\/www.waterair.com\/hr\/wp-json\/wp\/v2\/pages"}],"about":[{"href":"https:\/\/www.waterair.com\/hr\/wp-json\/wp\/v2\/types\/page"}],"author":[{"embeddable":true,"href":"https:\/\/www.waterair.com\/hr\/wp-json\/wp\/v2\/users\/1"}],"replies":[{"embeddable":true,"href":"https:\/\/www.waterair.com\/hr\/wp-json\/wp\/v2\/comments?post=37922"}],"version-history":[{"count":5,"href":"https:\/\/www.waterair.com\/hr\/wp-json\/wp\/v2\/pages\/37922\/revisions"}],"predecessor-version":[{"id":477280,"href":"https:\/\/www.waterair.com\/hr\/wp-json\/wp\/v2\/pages\/37922\/revisions\/477280"}],"wp:attachment":[{"href":"https:\/\/www.waterair.com\/hr\/wp-json\/wp\/v2\/media?parent=37922"}],"curies":[{"name":"wp","href":"https:\/\/api.w.org\/{rel}","templated":true}]}}