{"id":91019,"date":"2021-11-25T14:21:05","date_gmt":"2021-11-25T13:21:05","guid":{"rendered":"https:\/\/waterair-nvme.adipso.fr\/?page_id=91019"},"modified":"2026-01-27T10:14:29","modified_gmt":"2026-01-27T09:14:29","slug":"bazeni-i-oprema","status":"publish","type":"page","link":"https:\/\/www.waterair.com\/hr\/bazeni-i-oprema","title":{"rendered":"Bazeni i oprema"},"content":{"rendered":"<div class=\"container block--core-heading\"><div class=\"row\"><div class=\"col-12 \">\n<h2 class=\"wp-block-heading\"><strong>Ostvarite svoj san o bazenu!<\/strong><\/h2>\n<\/div><\/div><\/div>\n\n<div class=\"container block--core-paragraph\"><div class=\"row\"><div class=\"col-12 \">\n<p>Prepustite \u017eeljama neka vas vode i odaberite&nbsp;<a href=\"https:\/\/www.waterair.com\/hr\/bazeni-i-oprema\/bazeni\">oblik<\/a>&nbsp;i&nbsp;<a href=\"https:\/\/www.waterair.com\/hr\/bazeni-i-oprema\/oprema\">opremu<\/a>&nbsp;koja odgovara veli\u010dini terena i na\u010dinu kori\u0161tenja bazena. Pomo\u0107u na\u0161eg softvera za prikaz u realnoj veli\u010dini, odabrani bazen mo\u0107i \u0107ete vizualizirati u svom vrtu. Samo dogovorite posjet na\u0161eg savjetnika! Studija \u0107e biti personalizirana, besplatna je i omogu\u0107uje vam dobivanje savjeta koji \u0107e va\u0161 san o bazenu pretvoriti u stvarnost i pratiti vas na svakom koraku realizacije projekta.<\/p>\n<\/div><\/div><\/div>","protected":false},"excerpt":{"rendered":"<p>Ostvarite svoj san o bazenu! Prepustite \u017eeljama neka vas vode i odaberite&nbsp;oblik&nbsp;i&nbsp;opremu&nbsp;koja odgovara veli\u010dini terena i na\u010dinu kori\u0161tenja bazena. Pomo\u0107u na\u0161eg softvera za prikaz u realnoj veli\u010dini, odabrani bazen mo\u0107i \u0107ete vizualizirati u svom vrtu. Samo dogovorite posjet na\u0161eg savjetnika! Studija \u0107e biti personalizirana, besplatna je i omogu\u0107uje vam dobivanje savjeta koji \u0107e va\u0161 san [&hellip;]<\/p>\n","protected":false},"author":11,"featured_media":0,"parent":0,"menu_order":0,"comment_status":"closed","ping_status":"closed","template":"archive-pool.php","meta":{"_acf_changed":false,"om_disable_all_campaigns":false,"footnotes":""},"class_list":["post-91019","page","type-page","status-publish","hentry"],"acf":[],"yoast_head":"<!-- This site is optimized with the Yoast SEO Premium plugin v25.4 (Yoast SEO v27.2) - https:\/\/yoast.com\/product\/yoast-seo-premium-wordpress\/ -->\n<title>Bazeni i oprema za personaliziranje Va\u0161eg projekta | Bazeni Waterair<\/title>\n<meta name=\"description\" content=\"Upoznajte se s na\u0161om ponudom bazena i opreme koji su posebno osmi\u0161ljeni za Va\u0161u udobnost i sigurnost.\" \/>\n<meta name=\"robots\" content=\"index, follow, max-snippet:-1, max-image-preview:large, max-video-preview:-1\" \/>\n<link rel=\"canonical\" href=\"https:\/\/www.waterair.com\/hr\/bazeni-i-oprema\" \/>\n<meta property=\"og:locale\" content=\"hr_HR\" \/>\n<meta property=\"og:type\" content=\"article\" \/>\n<meta property=\"og:title\" content=\"Bazeni i oprema\" \/>\n<meta property=\"og:description\" content=\"Upoznajte se s na\u0161om ponudom bazena i opreme koji su posebno osmi\u0161ljeni za Va\u0161u udobnost i sigurnost.\" \/>\n<meta property=\"og:url\" content=\"https:\/\/www.waterair.com\/hr\/bazeni-i-oprema\" \/>\n<meta property=\"og:site_name\" content=\"Bazeni Waterair\" \/>\n<meta property=\"article:modified_time\" content=\"2026-01-27T09:14:29+00:00\" \/>\n<meta name=\"twitter:card\" content=\"summary_large_image\" \/>\n<meta name=\"twitter:label1\" content=\"Est. reading time\" \/>\n\t<meta name=\"twitter:data1\" content=\"2 minutes\" \/>\n<script type=\"application\/ld+json\" class=\"yoast-schema-graph\">{\"@context\":\"https:\/\/schema.org\",\"@graph\":[{\"@type\":\"WebPage\",\"@id\":\"https:\/\/www.waterair.com\/hr\/bazeni-i-oprema\",\"url\":\"https:\/\/www.waterair.com\/hr\/bazeni-i-oprema\",\"name\":\"Bazeni i oprema za personaliziranje Va\u0161eg projekta | Bazeni Waterair\",\"isPartOf\":{\"@id\":\"https:\/\/www.waterair.com\/hr\/#website\"},\"datePublished\":\"2021-11-25T13:21:05+00:00\",\"dateModified\":\"2026-01-27T09:14:29+00:00\",\"description\":\"Upoznajte se s na\u0161om ponudom bazena i opreme koji su posebno osmi\u0161ljeni za Va\u0161u udobnost i sigurnost.\",\"breadcrumb\":{\"@id\":\"https:\/\/www.waterair.com\/hr\/bazeni-i-oprema#breadcrumb\"},\"inLanguage\":\"hr-HR\",\"potentialAction\":[{\"@type\":\"ReadAction\",\"target\":[\"https:\/\/www.waterair.com\/hr\/bazeni-i-oprema\"]}]},{\"@type\":\"BreadcrumbList\",\"@id\":\"https:\/\/www.waterair.com\/hr\/bazeni-i-oprema#breadcrumb\",\"itemListElement\":[{\"@type\":\"ListItem\",\"position\":1,\"name\":\"Po\u010detna stranica\",\"item\":\"https:\/\/www.waterair.com\/hr\"},{\"@type\":\"ListItem\",\"position\":2,\"name\":\"Bazeni i oprema\"}]},{\"@type\":\"WebSite\",\"@id\":\"https:\/\/www.waterair.com\/hr\/#website\",\"url\":\"https:\/\/www.waterair.com\/hr\/\",\"name\":\"Bazeni Waterair\",\"description\":\"\",\"potentialAction\":[{\"@type\":\"SearchAction\",\"target\":{\"@type\":\"EntryPoint\",\"urlTemplate\":\"https:\/\/www.waterair.com\/hr\/?s={search_term_string}\"},\"query-input\":{\"@type\":\"PropertyValueSpecification\",\"valueRequired\":true,\"valueName\":\"search_term_string\"}}],\"inLanguage\":\"hr-HR\"}]}<\/script>\n<!-- \/ Yoast SEO Premium plugin. -->","yoast_head_json":{"title":"Bazeni i oprema za personaliziranje Va\u0161eg projekta | Bazeni Waterair","description":"Upoznajte se s na\u0161om ponudom bazena i opreme koji su posebno osmi\u0161ljeni za Va\u0161u udobnost i sigurnost.","robots":{"index":"index","follow":"follow","max-snippet":"max-snippet:-1","max-image-preview":"max-image-preview:large","max-video-preview":"max-video-preview:-1"},"canonical":"https:\/\/www.waterair.com\/hr\/bazeni-i-oprema","og_locale":"hr_HR","og_type":"article","og_title":"Bazeni i oprema","og_description":"Upoznajte se s na\u0161om ponudom bazena i opreme koji su posebno osmi\u0161ljeni za Va\u0161u udobnost i sigurnost.","og_url":"https:\/\/www.waterair.com\/hr\/bazeni-i-oprema","og_site_name":"Bazeni Waterair","article_modified_time":"2026-01-27T09:14:29+00:00","twitter_card":"summary_large_image","twitter_misc":{"Est. reading time":"2 minutes"},"schema":{"@context":"https:\/\/schema.org","@graph":[{"@type":"WebPage","@id":"https:\/\/www.waterair.com\/hr\/bazeni-i-oprema","url":"https:\/\/www.waterair.com\/hr\/bazeni-i-oprema","name":"Bazeni i oprema za personaliziranje Va\u0161eg projekta | Bazeni Waterair","isPartOf":{"@id":"https:\/\/www.waterair.com\/hr\/#website"},"datePublished":"2021-11-25T13:21:05+00:00","dateModified":"2026-01-27T09:14:29+00:00","description":"Upoznajte se s na\u0161om ponudom bazena i opreme koji su posebno osmi\u0161ljeni za Va\u0161u udobnost i sigurnost.","breadcrumb":{"@id":"https:\/\/www.waterair.com\/hr\/bazeni-i-oprema#breadcrumb"},"inLanguage":"hr-HR","potentialAction":[{"@type":"ReadAction","target":["https:\/\/www.waterair.com\/hr\/bazeni-i-oprema"]}]},{"@type":"BreadcrumbList","@id":"https:\/\/www.waterair.com\/hr\/bazeni-i-oprema#breadcrumb","itemListElement":[{"@type":"ListItem","position":1,"name":"Po\u010detna stranica","item":"https:\/\/www.waterair.com\/hr"},{"@type":"ListItem","position":2,"name":"Bazeni i oprema"}]},{"@type":"WebSite","@id":"https:\/\/www.waterair.com\/hr\/#website","url":"https:\/\/www.waterair.com\/hr\/","name":"Bazeni Waterair","description":"","potentialAction":[{"@type":"SearchAction","target":{"@type":"EntryPoint","urlTemplate":"https:\/\/www.waterair.com\/hr\/?s={search_term_string}"},"query-input":{"@type":"PropertyValueSpecification","valueRequired":true,"valueName":"search_term_string"}}],"inLanguage":"hr-HR"}]}},"_links":{"self":[{"href":"https:\/\/www.waterair.com\/hr\/wp-json\/wp\/v2\/pages\/91019","targetHints":{"allow":["GET"]}}],"collection":[{"href":"https:\/\/www.waterair.com\/hr\/wp-json\/wp\/v2\/pages"}],"about":[{"href":"https:\/\/www.waterair.com\/hr\/wp-json\/wp\/v2\/types\/page"}],"author":[{"embeddable":true,"href":"https:\/\/www.waterair.com\/hr\/wp-json\/wp\/v2\/users\/11"}],"replies":[{"embeddable":true,"href":"https:\/\/www.waterair.com\/hr\/wp-json\/wp\/v2\/comments?post=91019"}],"version-history":[{"count":5,"href":"https:\/\/www.waterair.com\/hr\/wp-json\/wp\/v2\/pages\/91019\/revisions"}],"predecessor-version":[{"id":585345,"href":"https:\/\/www.waterair.com\/hr\/wp-json\/wp\/v2\/pages\/91019\/revisions\/585345"}],"wp:attachment":[{"href":"https:\/\/www.waterair.com\/hr\/wp-json\/wp\/v2\/media?parent=91019"}],"curies":[{"name":"wp","href":"https:\/\/api.w.org\/{rel}","templated":true}]}}