{"id":96692,"date":"2021-11-29T13:06:27","date_gmt":"2021-11-29T12:06:27","guid":{"rendered":"https:\/\/waterair-nvme.adipso.fr\/?page_id=96692"},"modified":"2021-11-30T09:29:08","modified_gmt":"2021-11-30T08:29:08","slug":"hvala","status":"publish","type":"page","link":"https:\/\/www.waterair.com\/hr\/hvala","title":{"rendered":"HVALA,"},"content":{"rendered":"<div class=\"container block--core-paragraph\"><div class=\"row\"><div class=\"col-12 \">\n<p>Hvala.<\/p>\n<\/div><\/div><\/div>\n\n<div class=\"container block--core-paragraph\"><div class=\"row\"><div class=\"col-12 \">\n<p>Primili smo va\u0161u poruku i odgovorit \u0107emo vam u najkra\u0107em mogu\u0107em roku.<br>Kako biste prona\u0161li najbli\u017eeg zastupnika u svojoj dr\u017eavi,&nbsp;<a href=\"https:\/\/www.waterair.com\/hr\/grupa\/partner-u-vasoj-blizini\">posjetite ovo mjesto<\/a>.<br>Ako \u017eelite postati partner poduze\u0107a Piscines Waterair i prodavati na\u0161e bazene u svojoj dr\u017eati,&nbsp;<a href=\"https:\/\/waterair.pro\/en\/\">obratite nam se ovdje<\/a>&nbsp;(na engleskom).<\/p>\n<\/div><\/div><\/div>\n\n<div class=\"container block--core-paragraph\"><div class=\"row\"><div class=\"col-12 \">\n<p>Srda\u010dan pozdrav,<\/p>\n<\/div><\/div><\/div>\n\n<div class=\"container block--core-paragraph\"><div class=\"row\"><div class=\"col-12 \">\n<p>Bazeni Waterair<\/p>\n<\/div><\/div><\/div>","protected":false},"excerpt":{"rendered":"<p>Hvala. Primili smo va\u0161u poruku i odgovorit \u0107emo vam u najkra\u0107em mogu\u0107em roku.Kako biste prona\u0161li najbli\u017eeg zastupnika u svojoj dr\u017eavi,&nbsp;posjetite ovo mjesto.Ako \u017eelite postati partner poduze\u0107a Piscines Waterair i prodavati na\u0161e bazene u svojoj dr\u017eati,&nbsp;obratite nam se ovdje&nbsp;(na engleskom). Srda\u010dan pozdrav, Bazeni Waterair<\/p>\n","protected":false},"author":8,"featured_media":92479,"parent":0,"menu_order":0,"comment_status":"closed","ping_status":"closed","template":"merci.php","meta":{"_acf_changed":false,"om_disable_all_campaigns":false,"footnotes":""},"class_list":["post-96692","page","type-page","status-publish","has-post-thumbnail","hentry"],"acf":[],"yoast_head":"<!-- This site is optimized with the Yoast SEO Premium plugin v25.4 (Yoast SEO v27.2) - https:\/\/yoast.com\/product\/yoast-seo-premium-wordpress\/ -->\n<title>HVALA, | Bazeni Waterair<\/title>\n<meta name=\"robots\" content=\"noindex, nofollow\" \/>\n<meta property=\"og:locale\" content=\"hr_HR\" \/>\n<meta property=\"og:type\" content=\"article\" \/>\n<meta property=\"og:title\" content=\"HVALA,\" \/>\n<meta property=\"og:description\" content=\"Hvala. Primili smo va\u0161u poruku i odgovorit \u0107emo vam u najkra\u0107em mogu\u0107em roku.Kako biste prona\u0161li najbli\u017eeg zastupnika u svojoj dr\u017eavi,&nbsp;posjetite ovo mjesto.Ako \u017eelite postati partner poduze\u0107a Piscines Waterair i prodavati na\u0161e bazene u svojoj dr\u017eati,&nbsp;obratite nam se ovdje&nbsp;(na engleskom). Srda\u010dan pozdrav, Bazeni Waterair\" \/>\n<meta property=\"og:url\" content=\"https:\/\/www.waterair.com\/hr\/hvala\" \/>\n<meta property=\"og:site_name\" content=\"Bazeni Waterair\" \/>\n<meta property=\"article:modified_time\" content=\"2021-11-30T08:29:08+00:00\" \/>\n<meta property=\"og:image\" content=\"https:\/\/www.waterair.com\/wp-content\/uploads\/2021\/11\/ei-1.jpg\" \/>\n\t<meta property=\"og:image:width\" content=\"1920\" \/>\n\t<meta property=\"og:image:height\" content=\"400\" \/>\n\t<meta property=\"og:image:type\" content=\"image\/jpeg\" \/>\n<meta name=\"twitter:card\" content=\"summary_large_image\" \/>\n<meta name=\"twitter:label1\" content=\"Est. reading time\" \/>\n\t<meta name=\"twitter:data1\" content=\"1 minute\" \/>\n<script type=\"application\/ld+json\" class=\"yoast-schema-graph\">{\"@context\":\"https:\/\/schema.org\",\"@graph\":[{\"@type\":\"WebPage\",\"@id\":\"https:\/\/www.waterair.com\/hr\/hvala\",\"url\":\"https:\/\/www.waterair.com\/hr\/hvala\",\"name\":\"HVALA, | Bazeni Waterair\",\"isPartOf\":{\"@id\":\"https:\/\/www.waterair.com\/hr\/#website\"},\"primaryImageOfPage\":{\"@id\":\"https:\/\/www.waterair.com\/hr\/hvala#primaryimage\"},\"image\":{\"@id\":\"https:\/\/www.waterair.com\/hr\/hvala#primaryimage\"},\"thumbnailUrl\":\"https:\/\/www.waterair.com\/wp-content\/uploads\/2021\/11\/ei-1.jpg\",\"datePublished\":\"2021-11-29T12:06:27+00:00\",\"dateModified\":\"2021-11-30T08:29:08+00:00\",\"breadcrumb\":{\"@id\":\"https:\/\/www.waterair.com\/hr\/hvala#breadcrumb\"},\"inLanguage\":\"hr-HR\",\"potentialAction\":[{\"@type\":\"ReadAction\",\"target\":[\"https:\/\/www.waterair.com\/hr\/hvala\"]}]},{\"@type\":\"ImageObject\",\"inLanguage\":\"hr-HR\",\"@id\":\"https:\/\/www.waterair.com\/hr\/hvala#primaryimage\",\"url\":\"https:\/\/www.waterair.com\/wp-content\/uploads\/2021\/11\/ei-1.jpg\",\"contentUrl\":\"https:\/\/www.waterair.com\/wp-content\/uploads\/2021\/11\/ei-1.jpg\",\"width\":1920,\"height\":400},{\"@type\":\"BreadcrumbList\",\"@id\":\"https:\/\/www.waterair.com\/hr\/hvala#breadcrumb\",\"itemListElement\":[{\"@type\":\"ListItem\",\"position\":1,\"name\":\"Po\u010detna stranica\",\"item\":\"https:\/\/www.waterair.com\/hr\"},{\"@type\":\"ListItem\",\"position\":2,\"name\":\"HVALA,\"}]},{\"@type\":\"WebSite\",\"@id\":\"https:\/\/www.waterair.com\/hr\/#website\",\"url\":\"https:\/\/www.waterair.com\/hr\/\",\"name\":\"Bazeni Waterair\",\"description\":\"\",\"potentialAction\":[{\"@type\":\"SearchAction\",\"target\":{\"@type\":\"EntryPoint\",\"urlTemplate\":\"https:\/\/www.waterair.com\/hr\/?s={search_term_string}\"},\"query-input\":{\"@type\":\"PropertyValueSpecification\",\"valueRequired\":true,\"valueName\":\"search_term_string\"}}],\"inLanguage\":\"hr-HR\"}]}<\/script>\n<!-- \/ Yoast SEO Premium plugin. -->","yoast_head_json":{"title":"HVALA, | Bazeni Waterair","robots":{"index":"noindex","follow":"nofollow"},"og_locale":"hr_HR","og_type":"article","og_title":"HVALA,","og_description":"Hvala. Primili smo va\u0161u poruku i odgovorit \u0107emo vam u najkra\u0107em mogu\u0107em roku.Kako biste prona\u0161li najbli\u017eeg zastupnika u svojoj dr\u017eavi,&nbsp;posjetite ovo mjesto.Ako \u017eelite postati partner poduze\u0107a Piscines Waterair i prodavati na\u0161e bazene u svojoj dr\u017eati,&nbsp;obratite nam se ovdje&nbsp;(na engleskom). Srda\u010dan pozdrav, Bazeni Waterair","og_url":"https:\/\/www.waterair.com\/hr\/hvala","og_site_name":"Bazeni Waterair","article_modified_time":"2021-11-30T08:29:08+00:00","og_image":[{"width":1920,"height":400,"url":"https:\/\/www.waterair.com\/wp-content\/uploads\/2021\/11\/ei-1.jpg","type":"image\/jpeg"}],"twitter_card":"summary_large_image","twitter_misc":{"Est. reading time":"1 minute"},"schema":{"@context":"https:\/\/schema.org","@graph":[{"@type":"WebPage","@id":"https:\/\/www.waterair.com\/hr\/hvala","url":"https:\/\/www.waterair.com\/hr\/hvala","name":"HVALA, | Bazeni Waterair","isPartOf":{"@id":"https:\/\/www.waterair.com\/hr\/#website"},"primaryImageOfPage":{"@id":"https:\/\/www.waterair.com\/hr\/hvala#primaryimage"},"image":{"@id":"https:\/\/www.waterair.com\/hr\/hvala#primaryimage"},"thumbnailUrl":"https:\/\/www.waterair.com\/wp-content\/uploads\/2021\/11\/ei-1.jpg","datePublished":"2021-11-29T12:06:27+00:00","dateModified":"2021-11-30T08:29:08+00:00","breadcrumb":{"@id":"https:\/\/www.waterair.com\/hr\/hvala#breadcrumb"},"inLanguage":"hr-HR","potentialAction":[{"@type":"ReadAction","target":["https:\/\/www.waterair.com\/hr\/hvala"]}]},{"@type":"ImageObject","inLanguage":"hr-HR","@id":"https:\/\/www.waterair.com\/hr\/hvala#primaryimage","url":"https:\/\/www.waterair.com\/wp-content\/uploads\/2021\/11\/ei-1.jpg","contentUrl":"https:\/\/www.waterair.com\/wp-content\/uploads\/2021\/11\/ei-1.jpg","width":1920,"height":400},{"@type":"BreadcrumbList","@id":"https:\/\/www.waterair.com\/hr\/hvala#breadcrumb","itemListElement":[{"@type":"ListItem","position":1,"name":"Po\u010detna stranica","item":"https:\/\/www.waterair.com\/hr"},{"@type":"ListItem","position":2,"name":"HVALA,"}]},{"@type":"WebSite","@id":"https:\/\/www.waterair.com\/hr\/#website","url":"https:\/\/www.waterair.com\/hr\/","name":"Bazeni Waterair","description":"","potentialAction":[{"@type":"SearchAction","target":{"@type":"EntryPoint","urlTemplate":"https:\/\/www.waterair.com\/hr\/?s={search_term_string}"},"query-input":{"@type":"PropertyValueSpecification","valueRequired":true,"valueName":"search_term_string"}}],"inLanguage":"hr-HR"}]}},"_links":{"self":[{"href":"https:\/\/www.waterair.com\/hr\/wp-json\/wp\/v2\/pages\/96692","targetHints":{"allow":["GET"]}}],"collection":[{"href":"https:\/\/www.waterair.com\/hr\/wp-json\/wp\/v2\/pages"}],"about":[{"href":"https:\/\/www.waterair.com\/hr\/wp-json\/wp\/v2\/types\/page"}],"author":[{"embeddable":true,"href":"https:\/\/www.waterair.com\/hr\/wp-json\/wp\/v2\/users\/8"}],"replies":[{"embeddable":true,"href":"https:\/\/www.waterair.com\/hr\/wp-json\/wp\/v2\/comments?post=96692"}],"version-history":[{"count":2,"href":"https:\/\/www.waterair.com\/hr\/wp-json\/wp\/v2\/pages\/96692\/revisions"}],"predecessor-version":[{"id":97088,"href":"https:\/\/www.waterair.com\/hr\/wp-json\/wp\/v2\/pages\/96692\/revisions\/97088"}],"wp:featuredmedia":[{"embeddable":true,"href":"https:\/\/www.waterair.com\/hr\/wp-json\/wp\/v2\/media\/92479"}],"wp:attachment":[{"href":"https:\/\/www.waterair.com\/hr\/wp-json\/wp\/v2\/media?parent=96692"}],"curies":[{"name":"wp","href":"https:\/\/api.w.org\/{rel}","templated":true}]}}