{"id":35781,"date":"2021-10-29T20:50:22","date_gmt":"2021-10-29T18:50:22","guid":{"rendered":"https:\/\/waterair-preprod2.adipso.fr\/teruletre"},"modified":"2022-06-23T08:44:12","modified_gmt":"2022-06-23T06:44:12","slug":"teruletre","status":"publish","type":"page","link":"https:\/\/www.waterair.com\/hu\/tanacsok\/teruletre","title":{"rendered":"A medence helye: minden kerthez van megfelel\u0151 Waterair medence"},"content":{"rendered":"<div class=\"container block--core-paragraph\"><div class=\"row\"><div class=\"col-12 \">\n<p>A szabadalmaztatott <a href=\"https:\/\/www.waterair.com\/hu\/a-csoportrol\/waterair-panelek\">hull\u00e1mos\u00edtott ac\u00e9llemez<\/a> technol\u00f3gi\u00e1nak k\u00f6sz\u00f6nhet\u0151en a Waterair medenc\u00e9k b\u00e1rmilyen ter\u00fclethez illeszkednek. Ak\u00e1r egyenes, ak\u00e1r meredek, s\u00edk vagy teraszos, er\u0151sen lejt\u0151s a ter\u00fclet, modelljeink k\u00f6z\u00f6tt megtal\u00e1lja azt a medenc\u00e9t, amely a legjobban illeszkedik a kert alakj\u00e1hoz. Egyedi medence, tetsz\u00e9se szerint szem\u00e9lyre szabhatja a medenc\u00e9t. Mindent kiv\u00e1laszthat: a form\u00e1t, a medencaljat, a l\u00e9pcs\u0151t \u00e9s a felszerel\u00e9seket. B\u00e1rmilyen is legyen a kertje, a mi medenc\u00e9ink minden terepen meg\u00e1llj\u00e1k a hely\u00fcket!<\/p>\n<\/div><\/div><\/div>\n\n<div  class=\"block-links  content-block\">\n\t\t\t\t\t\t\t\t<div data-wa=\"fade-up\" data-wa-delay=\"300\" class=\"content-block__slider splide\" data-splide>\n\t\t\t\t<div class=\"splide__track\">\n\t\t\t\t\t<div class=\"splide__list\">\n\t\t\t\t\t\t\t\t\t\t\t\t\t\t\t\t\t\t\t\t\t<a data-wa=\"fade-up\" href=\"https:\/\/www.waterair.com\/hu\/tanacsok\/teruletre\/medence-kis-kertbe\" class=\"item-card is-size-card splide__slide \">\n\t<div class=\"item-card__infos item-card__infos--simple\">\n\t\t<h3 class=\"item-card__title mb-0 c-white\">Medence kis kertbe<\/h3>\n\t\t\t<\/div>\n\t\t<img loading=\"lazy\" decoding=\"async\" width=\"540\" height=\"540\" src=\"https:\/\/www.waterair.com\/wp-content\/uploads\/2023\/06\/header-lp-basse-conso-offerte-540x540.webp\" class=\"attachment-card size-card\" alt=\"piscine rectangle enterr\u00e9e\" srcset=\"https:\/\/www.waterair.com\/wp-content\/uploads\/2023\/06\/header-lp-basse-conso-offerte-540x540.webp 540w, https:\/\/www.waterair.com\/wp-content\/uploads\/2023\/06\/header-lp-basse-conso-offerte-1080x1080.webp 1080w, https:\/\/www.waterair.com\/wp-content\/uploads\/2023\/06\/header-lp-basse-conso-offerte-480x480.webp 480w, https:\/\/www.waterair.com\/wp-content\/uploads\/2023\/06\/header-lp-basse-conso-offerte-240x240.webp 240w, https:\/\/www.waterair.com\/wp-content\/uploads\/2023\/06\/header-lp-basse-conso-offerte-150x150.webp 150w, https:\/\/www.waterair.com\/wp-content\/uploads\/2023\/06\/header-lp-basse-conso-offerte-75x75.webp 75w, https:\/\/www.waterair.com\/wp-content\/uploads\/2023\/06\/header-lp-basse-conso-offerte-780x780.webp 780w, https:\/\/www.waterair.com\/wp-content\/uploads\/2023\/06\/header-lp-basse-conso-offerte-390x390.webp 390w, https:\/\/www.waterair.com\/wp-content\/uploads\/2023\/06\/header-lp-basse-conso-offerte-320x320.webp 320w, https:\/\/www.waterair.com\/wp-content\/uploads\/2023\/06\/header-lp-basse-conso-offerte-160x160.webp 160w\" sizes=\"auto, (max-width: 540px) 100vw, 540px\" \/><\/a>\t\t\t\t\t\t\t\t\t\t\t\t\t\t\t\t\t\t\t\t\t\t\t\t\t\t\t\t<a data-wa=\"fade-up\" href=\"https:\/\/www.waterair.com\/hu\/tanacsok\/teruletre\/medence-lejtos-teruletre\" class=\"item-card is-size-card splide__slide \">\n\t<div class=\"item-card__infos item-card__infos--simple\">\n\t\t<h3 class=\"item-card__title mb-0 c-white\">Medence lejt\u0151s ter\u00fcletre<\/h3>\n\t\t\t<\/div>\n\t\t<img loading=\"lazy\" decoding=\"async\" width=\"540\" height=\"540\" src=\"https:\/\/www.waterair.com\/wp-content\/uploads\/2025\/12\/rectangle-pente-plage-bois-540x540.webp\" class=\"attachment-card size-card\" alt=\"piscine rectangle pente plage bois\" srcset=\"https:\/\/www.waterair.com\/wp-content\/uploads\/2025\/12\/rectangle-pente-plage-bois-540x540.webp 540w, https:\/\/www.waterair.com\/wp-content\/uploads\/2025\/12\/rectangle-pente-plage-bois-1080x1080.webp 1080w, https:\/\/www.waterair.com\/wp-content\/uploads\/2025\/12\/rectangle-pente-plage-bois-480x480.webp 480w, https:\/\/www.waterair.com\/wp-content\/uploads\/2025\/12\/rectangle-pente-plage-bois-240x240.webp 240w, https:\/\/www.waterair.com\/wp-content\/uploads\/2025\/12\/rectangle-pente-plage-bois-150x150.webp 150w, https:\/\/www.waterair.com\/wp-content\/uploads\/2025\/12\/rectangle-pente-plage-bois-75x75.webp 75w, https:\/\/www.waterair.com\/wp-content\/uploads\/2025\/12\/rectangle-pente-plage-bois-780x780.webp 780w, https:\/\/www.waterair.com\/wp-content\/uploads\/2025\/12\/rectangle-pente-plage-bois-390x390.webp 390w, https:\/\/www.waterair.com\/wp-content\/uploads\/2025\/12\/rectangle-pente-plage-bois-320x320.webp 320w, https:\/\/www.waterair.com\/wp-content\/uploads\/2025\/12\/rectangle-pente-plage-bois-160x160.webp 160w\" sizes=\"auto, (max-width: 540px) 100vw, 540px\" \/><\/a>\t\t\t\t\t\t\t\t\t\t\t\t\t\t\t\t\t\t<\/div>\n\t\t\t\t<\/div>\n\t\t\t<\/div>\n\t\t\t\t\t<\/div>\n\n<div  class=\"block-links  content-block\">\n\t\t\t\t\t\t\t\t<div data-wa=\"fade-up\" data-wa-delay=\"300\" class=\"content-block__slider splide\" data-splide>\n\t\t\t\t<div class=\"splide__track\">\n\t\t\t\t\t<div class=\"splide__list\">\n\t\t\t\t\t\t\t\t\t\t\t\t\t\t\t\t\t\t\t\t\t<a data-wa=\"fade-up\" href=\"https:\/\/www.waterair.com\/hu\/tanacsok\/medence\" class=\"item-card is-size-card splide__slide \">\n\t<div class=\"item-card__infos item-card__infos--simple\">\n\t\t<h3 class=\"item-card__title mb-0 c-white\">Medence<\/h3>\n\t\t\t<\/div>\n\t\t<img loading=\"lazy\" decoding=\"async\" width=\"540\" height=\"540\" src=\"https:\/\/www.waterair.com\/wp-content\/uploads\/2021\/11\/deco-piscine-540x540.jpg\" class=\"attachment-card size-card\" alt=\"Qu\u00e9 dise\u00f1o para mi piscina\" srcset=\"https:\/\/www.waterair.com\/wp-content\/uploads\/2021\/11\/deco-piscine-540x540.jpg 540w, https:\/\/www.waterair.com\/wp-content\/uploads\/2021\/11\/deco-piscine-1080x1080.jpg 1080w, https:\/\/www.waterair.com\/wp-content\/uploads\/2021\/11\/deco-piscine-480x480.jpg 480w, https:\/\/www.waterair.com\/wp-content\/uploads\/2021\/11\/deco-piscine-240x240.jpg 240w, https:\/\/www.waterair.com\/wp-content\/uploads\/2021\/11\/deco-piscine-150x150.jpg 150w, https:\/\/www.waterair.com\/wp-content\/uploads\/2021\/11\/deco-piscine-75x75.jpg 75w, https:\/\/www.waterair.com\/wp-content\/uploads\/2021\/11\/deco-piscine-780x780.jpg 780w, https:\/\/www.waterair.com\/wp-content\/uploads\/2021\/11\/deco-piscine-390x390.jpg 390w, https:\/\/www.waterair.com\/wp-content\/uploads\/2021\/11\/deco-piscine-320x320.jpg 320w, https:\/\/www.waterair.com\/wp-content\/uploads\/2021\/11\/deco-piscine-160x160.jpg 160w\" sizes=\"auto, (max-width: 540px) 100vw, 540px\" \/><\/a>\t\t\t\t\t\t\t\t\t\t\t\t\t\t\t\t\t\t<\/div>\n\t\t\t\t<\/div>\n\t\t\t<\/div>\n\t\t\t\t\t<\/div>","protected":false},"excerpt":{"rendered":"<p>A szabadalmaztatott hull\u00e1mos\u00edtott ac\u00e9llemez technol\u00f3gi\u00e1nak k\u00f6sz\u00f6nhet\u0151en a Waterair medenc\u00e9k b\u00e1rmilyen ter\u00fclethez illeszkednek. Ak\u00e1r egyenes, ak\u00e1r meredek, s\u00edk vagy teraszos, er\u0151sen lejt\u0151s a ter\u00fclet, modelljeink k\u00f6z\u00f6tt megtal\u00e1lja azt a medenc\u00e9t, amely a legjobban illeszkedik a kert alakj\u00e1hoz. Egyedi medence, tetsz\u00e9se szerint szem\u00e9lyre szabhatja a medenc\u00e9t. Mindent kiv\u00e1laszthat: a form\u00e1t, a medencaljat, a l\u00e9pcs\u0151t \u00e9s a felszerel\u00e9seket. [&hellip;]<\/p>\n","protected":false},"author":1,"featured_media":54797,"parent":33310,"menu_order":0,"comment_status":"closed","ping_status":"closed","template":"","meta":{"_acf_changed":false,"om_disable_all_campaigns":false,"footnotes":""},"class_list":["post-35781","page","type-page","status-publish","has-post-thumbnail","hentry"],"acf":[],"yoast_head":"<!-- This site is optimized with the Yoast SEO Premium plugin v25.4 (Yoast SEO v27.2) - https:\/\/yoast.com\/product\/yoast-seo-premium-wordpress\/ -->\n<title>A medence helye: medence \u00e9p\u00edt\u00e9se a ter\u00fclet adta lehet\u0151s\u00e9gek szerint | Waterair medenc\u00e9k<\/title>\n<meta name=\"description\" content=\"A telek lejt\u0151s, er\u0151sen lejt\u0151s vagy teraszos? Ne adja fel a medence\u00e9p\u00edt\u00e9si terv\u00e9t! Fedezze fel a Waterair medenc\u00e9k megold\u00e1s\u00e1t, amely minden telekhez illeszkedik.\" \/>\n<meta name=\"robots\" content=\"index, follow, max-snippet:-1, max-image-preview:large, max-video-preview:-1\" \/>\n<link rel=\"canonical\" href=\"https:\/\/www.waterair.com\/hu\/tanacsok\/teruletre\" \/>\n<meta property=\"og:locale\" content=\"hu_HU\" \/>\n<meta property=\"og:type\" content=\"article\" \/>\n<meta property=\"og:title\" content=\"A medence helye: minden kerthez van megfelel\u0151 Waterair medence\" \/>\n<meta property=\"og:description\" content=\"A telek lejt\u0151s, er\u0151sen lejt\u0151s vagy teraszos? Ne adja fel a medence\u00e9p\u00edt\u00e9si terv\u00e9t! Fedezze fel a Waterair medenc\u00e9k megold\u00e1s\u00e1t, amely minden telekhez illeszkedik.\" \/>\n<meta property=\"og:url\" content=\"https:\/\/www.waterair.com\/hu\/tanacsok\/teruletre\" \/>\n<meta property=\"og:site_name\" content=\"Waterair medenc\u00e9k\" \/>\n<meta property=\"article:modified_time\" content=\"2022-06-23T06:44:12+00:00\" \/>\n<meta property=\"og:image\" content=\"https:\/\/www.waterair.com\/wp-content\/uploads\/2021\/11\/terrain.jpg\" \/>\n\t<meta property=\"og:image:width\" content=\"1920\" \/>\n\t<meta property=\"og:image:height\" content=\"1440\" \/>\n\t<meta property=\"og:image:type\" content=\"image\/jpeg\" \/>\n<meta name=\"twitter:card\" content=\"summary_large_image\" \/>\n<meta name=\"twitter:label1\" content=\"Becs\u00fclt olvas\u00e1si id\u0151\" \/>\n\t<meta name=\"twitter:data1\" content=\"1 perc\" \/>\n<script type=\"application\/ld+json\" class=\"yoast-schema-graph\">{\"@context\":\"https:\/\/schema.org\",\"@graph\":[{\"@type\":\"WebPage\",\"@id\":\"https:\/\/www.waterair.com\/hu\/tanacsok\/teruletre\",\"url\":\"https:\/\/www.waterair.com\/hu\/tanacsok\/teruletre\",\"name\":\"A medence helye: medence \u00e9p\u00edt\u00e9se a ter\u00fclet adta lehet\u0151s\u00e9gek szerint | Waterair medenc\u00e9k\",\"isPartOf\":{\"@id\":\"https:\/\/www.waterair.com\/hu\/#website\"},\"primaryImageOfPage\":{\"@id\":\"https:\/\/www.waterair.com\/hu\/tanacsok\/teruletre#primaryimage\"},\"image\":{\"@id\":\"https:\/\/www.waterair.com\/hu\/tanacsok\/teruletre#primaryimage\"},\"thumbnailUrl\":\"https:\/\/www.waterair.com\/wp-content\/uploads\/2021\/11\/terrain.jpg\",\"datePublished\":\"2021-10-29T18:50:22+00:00\",\"dateModified\":\"2022-06-23T06:44:12+00:00\",\"description\":\"A telek lejt\u0151s, er\u0151sen lejt\u0151s vagy teraszos? Ne adja fel a medence\u00e9p\u00edt\u00e9si terv\u00e9t! Fedezze fel a Waterair medenc\u00e9k megold\u00e1s\u00e1t, amely minden telekhez illeszkedik.\",\"breadcrumb\":{\"@id\":\"https:\/\/www.waterair.com\/hu\/tanacsok\/teruletre#breadcrumb\"},\"inLanguage\":\"hu\",\"potentialAction\":[{\"@type\":\"ReadAction\",\"target\":[\"https:\/\/www.waterair.com\/hu\/tanacsok\/teruletre\"]}]},{\"@type\":\"ImageObject\",\"inLanguage\":\"hu\",\"@id\":\"https:\/\/www.waterair.com\/hu\/tanacsok\/teruletre#primaryimage\",\"url\":\"https:\/\/www.waterair.com\/wp-content\/uploads\/2021\/11\/terrain.jpg\",\"contentUrl\":\"https:\/\/www.waterair.com\/wp-content\/uploads\/2021\/11\/terrain.jpg\",\"width\":1920,\"height\":1440},{\"@type\":\"BreadcrumbList\",\"@id\":\"https:\/\/www.waterair.com\/hu\/tanacsok\/teruletre#breadcrumb\",\"itemListElement\":[{\"@type\":\"ListItem\",\"position\":1,\"name\":\"C\u00edmlap\",\"item\":\"https:\/\/www.waterair.com\/hu\"},{\"@type\":\"ListItem\",\"position\":2,\"name\":\"Tan\u00e1csok, seg\u00edts\u00e9g \u00e9s v\u00e9lem\u00e9nyek a Waterair medenc\u00e9kr\u0151l\",\"item\":\"https:\/\/www.waterair.com\/hu\/tanacsok\"},{\"@type\":\"ListItem\",\"position\":3,\"name\":\"A medence helye: minden kerthez van megfelel\u0151 Waterair medence\"}]},{\"@type\":\"WebSite\",\"@id\":\"https:\/\/www.waterair.com\/hu\/#website\",\"url\":\"https:\/\/www.waterair.com\/hu\/\",\"name\":\"Waterair medenc\u00e9k\",\"description\":\"\",\"potentialAction\":[{\"@type\":\"SearchAction\",\"target\":{\"@type\":\"EntryPoint\",\"urlTemplate\":\"https:\/\/www.waterair.com\/hu\/?s={search_term_string}\"},\"query-input\":{\"@type\":\"PropertyValueSpecification\",\"valueRequired\":true,\"valueName\":\"search_term_string\"}}],\"inLanguage\":\"hu\"}]}<\/script>\n<!-- \/ Yoast SEO Premium plugin. -->","yoast_head_json":{"title":"A medence helye: medence \u00e9p\u00edt\u00e9se a ter\u00fclet adta lehet\u0151s\u00e9gek szerint | Waterair medenc\u00e9k","description":"A telek lejt\u0151s, er\u0151sen lejt\u0151s vagy teraszos? Ne adja fel a medence\u00e9p\u00edt\u00e9si terv\u00e9t! Fedezze fel a Waterair medenc\u00e9k megold\u00e1s\u00e1t, amely minden telekhez illeszkedik.","robots":{"index":"index","follow":"follow","max-snippet":"max-snippet:-1","max-image-preview":"max-image-preview:large","max-video-preview":"max-video-preview:-1"},"canonical":"https:\/\/www.waterair.com\/hu\/tanacsok\/teruletre","og_locale":"hu_HU","og_type":"article","og_title":"A medence helye: minden kerthez van megfelel\u0151 Waterair medence","og_description":"A telek lejt\u0151s, er\u0151sen lejt\u0151s vagy teraszos? Ne adja fel a medence\u00e9p\u00edt\u00e9si terv\u00e9t! Fedezze fel a Waterair medenc\u00e9k megold\u00e1s\u00e1t, amely minden telekhez illeszkedik.","og_url":"https:\/\/www.waterair.com\/hu\/tanacsok\/teruletre","og_site_name":"Waterair medenc\u00e9k","article_modified_time":"2022-06-23T06:44:12+00:00","og_image":[{"width":1920,"height":1440,"url":"https:\/\/www.waterair.com\/wp-content\/uploads\/2021\/11\/terrain.jpg","type":"image\/jpeg"}],"twitter_card":"summary_large_image","twitter_misc":{"Becs\u00fclt olvas\u00e1si id\u0151":"1 perc"},"schema":{"@context":"https:\/\/schema.org","@graph":[{"@type":"WebPage","@id":"https:\/\/www.waterair.com\/hu\/tanacsok\/teruletre","url":"https:\/\/www.waterair.com\/hu\/tanacsok\/teruletre","name":"A medence helye: medence \u00e9p\u00edt\u00e9se a ter\u00fclet adta lehet\u0151s\u00e9gek szerint | Waterair medenc\u00e9k","isPartOf":{"@id":"https:\/\/www.waterair.com\/hu\/#website"},"primaryImageOfPage":{"@id":"https:\/\/www.waterair.com\/hu\/tanacsok\/teruletre#primaryimage"},"image":{"@id":"https:\/\/www.waterair.com\/hu\/tanacsok\/teruletre#primaryimage"},"thumbnailUrl":"https:\/\/www.waterair.com\/wp-content\/uploads\/2021\/11\/terrain.jpg","datePublished":"2021-10-29T18:50:22+00:00","dateModified":"2022-06-23T06:44:12+00:00","description":"A telek lejt\u0151s, er\u0151sen lejt\u0151s vagy teraszos? Ne adja fel a medence\u00e9p\u00edt\u00e9si terv\u00e9t! Fedezze fel a Waterair medenc\u00e9k megold\u00e1s\u00e1t, amely minden telekhez illeszkedik.","breadcrumb":{"@id":"https:\/\/www.waterair.com\/hu\/tanacsok\/teruletre#breadcrumb"},"inLanguage":"hu","potentialAction":[{"@type":"ReadAction","target":["https:\/\/www.waterair.com\/hu\/tanacsok\/teruletre"]}]},{"@type":"ImageObject","inLanguage":"hu","@id":"https:\/\/www.waterair.com\/hu\/tanacsok\/teruletre#primaryimage","url":"https:\/\/www.waterair.com\/wp-content\/uploads\/2021\/11\/terrain.jpg","contentUrl":"https:\/\/www.waterair.com\/wp-content\/uploads\/2021\/11\/terrain.jpg","width":1920,"height":1440},{"@type":"BreadcrumbList","@id":"https:\/\/www.waterair.com\/hu\/tanacsok\/teruletre#breadcrumb","itemListElement":[{"@type":"ListItem","position":1,"name":"C\u00edmlap","item":"https:\/\/www.waterair.com\/hu"},{"@type":"ListItem","position":2,"name":"Tan\u00e1csok, seg\u00edts\u00e9g \u00e9s v\u00e9lem\u00e9nyek a Waterair medenc\u00e9kr\u0151l","item":"https:\/\/www.waterair.com\/hu\/tanacsok"},{"@type":"ListItem","position":3,"name":"A medence helye: minden kerthez van megfelel\u0151 Waterair medence"}]},{"@type":"WebSite","@id":"https:\/\/www.waterair.com\/hu\/#website","url":"https:\/\/www.waterair.com\/hu\/","name":"Waterair medenc\u00e9k","description":"","potentialAction":[{"@type":"SearchAction","target":{"@type":"EntryPoint","urlTemplate":"https:\/\/www.waterair.com\/hu\/?s={search_term_string}"},"query-input":{"@type":"PropertyValueSpecification","valueRequired":true,"valueName":"search_term_string"}}],"inLanguage":"hu"}]}},"_links":{"self":[{"href":"https:\/\/www.waterair.com\/hu\/wp-json\/wp\/v2\/pages\/35781","targetHints":{"allow":["GET"]}}],"collection":[{"href":"https:\/\/www.waterair.com\/hu\/wp-json\/wp\/v2\/pages"}],"about":[{"href":"https:\/\/www.waterair.com\/hu\/wp-json\/wp\/v2\/types\/page"}],"author":[{"embeddable":true,"href":"https:\/\/www.waterair.com\/hu\/wp-json\/wp\/v2\/users\/1"}],"replies":[{"embeddable":true,"href":"https:\/\/www.waterair.com\/hu\/wp-json\/wp\/v2\/comments?post=35781"}],"version-history":[{"count":5,"href":"https:\/\/www.waterair.com\/hu\/wp-json\/wp\/v2\/pages\/35781\/revisions"}],"predecessor-version":[{"id":181954,"href":"https:\/\/www.waterair.com\/hu\/wp-json\/wp\/v2\/pages\/35781\/revisions\/181954"}],"up":[{"embeddable":true,"href":"https:\/\/www.waterair.com\/hu\/wp-json\/wp\/v2\/pages\/33310"}],"wp:featuredmedia":[{"embeddable":true,"href":"https:\/\/www.waterair.com\/hu\/wp-json\/wp\/v2\/media\/54797"}],"wp:attachment":[{"href":"https:\/\/www.waterair.com\/hu\/wp-json\/wp\/v2\/media?parent=35781"}],"curies":[{"name":"wp","href":"https:\/\/api.w.org\/{rel}","templated":true}]}}