{"id":37804,"date":"2021-10-29T21:22:46","date_gmt":"2021-10-29T19:22:46","guid":{"rendered":"https:\/\/waterair-preprod2.adipso.fr\/jogi-informaciok"},"modified":"2025-07-09T14:47:57","modified_gmt":"2025-07-09T12:47:57","slug":"jogi-informaciok","status":"publish","type":"page","link":"https:\/\/www.waterair.com\/hu\/jogi-informaciok","title":{"rendered":"Jogi inform\u00e1ci\u00f3k"},"content":{"rendered":"<div  class=\"block-content-media  content-block   has-no-title\">\n            <div class=\"container\">\n            <div class=\"row\">\n                <div class=\"col\">\n                    <div class=\"row flex-column flex-md-row \">\n                        <div class=\"content-block__col col-12 d-flex flex-column align-items-md-start order-lg-2\">\n                                                                                                                                                <div data-wa=\"fade-up\" data-wa-delay=\"400\" class=\"content-block__description text--sm text-weight--300 mb-0\">\n                                    <p><strong>A webhely kezel\u0151j\u00e9nek azonos\u00edt\u00e1sa<\/strong><\/p>\n<p>A Waterair.com\/hu kezel\u0151je a WATERAIR Csoport<br \/>\nS.A.S, alapt\u0151ke: 10\u00a0000 000 eur\u00f3.<br \/>\nK\u00f6z\u00f6ss\u00e9gi ad\u00f3sz\u00e1m: FR 71 440 123 487<br \/>\nRCS Mulhouse B 440 123 487, sz\u00e9khely c\u00edme:<br \/>\nZone Artisanale<br \/>\n6 Rue de la Largue<br \/>\n68580 Seppois le Bas<br \/>\nE-mail: info@waterair.com<br \/>\nTan\u00e1csad\u00e1s \u00e9s telep\u00edt\u00e9si tanulm\u00e1ny: 0 800 50 70 40<br \/>\nAdminisztrat\u00edv t\u00e1mogat\u00e1s: +33 3 89 07 45 45<br \/>\n\u00dcgyf\u00e9lszolg\u00e1lat: +33 3 89 07 45 55 (ingyenes szolg\u00e1ltat\u00e1s, norm\u00e1l h\u00edv\u00e1sd\u00edj)<br \/>\nA k\u00f6zz\u00e9t\u00e9tel felel\u0151se: Jacques Braun<\/p>\n<p><strong>Hozz\u00e1f\u00e9r\u00e9s a webhelyhez<\/strong><\/p>\n<p>A Waterair.com\/hu webhelyhez val\u00f3 hozz\u00e1f\u00e9r\u00e9s ingyenes. A t\u00e1vk\u00f6zl\u00e9si h\u00e1l\u00f3zat el\u00e9r\u00e9si \u00e9s haszn\u00e1lati d\u00edjai a felhaszn\u00e1l\u00f3t terhelik a hozz\u00e1f\u00e9r\u00e9si szolg\u00e1ltat\u00f3 \u00e9s a telefonszolg\u00e1ltat\u00f3 \u00e1ltal megszabottaknak megfelel\u0151en. A webhely felhaszn\u00e1l\u00f3ja kijelenti, hogy rendelkezik a webhely el\u00e9r\u00e9s\u00e9hez \u00e9s haszn\u00e1lat\u00e1hoz sz\u00fcks\u00e9ges hozz\u00e1\u00e9rt\u00e9ssel \u00e9s eszk\u00f6z\u00f6kkel.<br \/>\nM\u0171szaki adatok<br \/>\nEml\u00e9keztetj\u00fck a felhaszn\u00e1l\u00f3t, hogy az interneten nem szavatolhat\u00f3 a lev\u00e9ltitok. T\u00e1j\u00e9koztatjuk a felhaszn\u00e1l\u00f3t, hogy a webhelyhez val\u00f3 hozz\u00e1f\u00e9r\u00e9se sor\u00e1n \u00fagynevezett cookie-kat haszn\u00e1lhatunk, melyek lehet\u0151v\u00e9 teszik a haszn\u00e1lat teljes ideje alatt r\u00f6gz\u00edtett adatok azonos\u00edt\u00e1s\u00e1t \u00e9s meg\u0151rz\u00e9s\u00e9t.<br \/>\nA Waterair.com\/hu webhely a Google Analytics szolg\u00e1ltat\u00e1st haszn\u00e1lja, mely a Google Inc. \u00e1ltal ny\u00fajtott webhelyanalitikai szolg\u00e1ltat\u00e1s (\u201eGoogle\u201d). A Google Analytics cookie-k, azaz a sz\u00e1m\u00edt\u00f3g\u00e9pen elhelyezett sz\u00f6vegf\u00e1jlok r\u00e9v\u00e9n seg\u00edti el\u0151, hogy a Waterair.com\/hu elemezhesse a webhely felhaszn\u00e1l\u00f3k \u00e1ltal t\u00f6rt\u00e9n\u0151 haszn\u00e1lat\u00e1t. A cookie-k \u00e1ltal el\u0151\u00e1ll\u00edtott, a webhely \u00d6n \u00e1ltal t\u00f6rt\u00e9n\u0151 haszn\u00e1lat\u00e1ra vonatkoz\u00f3 adatait (k\u00f6zt\u00fck IP-c\u00edm\u00e9t is) a Google tov\u00e1bb\u00edtja \u00e9s t\u00e1rolja. A Google ezeket az adatokat arra haszn\u00e1lja, hogy ki\u00e9rt\u00e9kelje a webhely \u00d6n \u00e1ltal t\u00f6rt\u00e9n\u0151 haszn\u00e1lat\u00e1t, jelent\u00e9seket k\u00e9sz\u00edtsen a webhelyen folytatott tev\u00e9kenys\u00e9gr\u0151l a kezel\u0151 r\u00e9sz\u00e9re, tov\u00e1bb\u00e1 hogy a webhelyen zajl\u00f3 tev\u00e9kenys\u00e9gre \u00e9s az internethaszn\u00e1latra vonatkoz\u00f3 egy\u00e9b szolg\u00e1ltat\u00e1sokat ny\u00fajtson. El\u0151fordulhat, hogy a Google ezeket az adatokat harmadik felek r\u00e9sz\u00e9re is \u00e1tadja, amennyiben ez t\u00f6rv\u00e9ny \u00e1ltal el\u0151\u00edrt k\u00f6teless\u00e9ge, illetve ha e felek a Google sz\u00e1m\u00e1ra feldolgozz\u00e1k az adatokat. A Google nem m\u00f3dos\u00edtja az \u00d6n IP-c\u00edm\u00e9t az \u00e1ltala meg\u0151rz\u00f6tt t\u00f6bbi adattal. A cookie-k haszn\u00e1lat\u00e1t a b\u00f6ng\u00e9sz\u0151 megfelel\u0151 be\u00e1ll\u00edt\u00e1sainak megad\u00e1s\u00e1val kapcsolhatja ki.<\/p>\n<p>A webhely haszn\u00e1lat\u00e1val \u00d6n kifejezetten beleegyezik adatai Google \u00e1ltali, nem anonimiz\u00e1lt feldolgoz\u00e1s\u00e1ba a fent ismertetett felt\u00e9telek mellett \u00e9s c\u00e9lokb\u00f3l.<\/p>\n<p><strong>Hiperhivatkoz\u00e1sok<\/strong><\/p>\n<p>A Waterair.com\/hu webhelyre mutat\u00f3 hiperhivatkoz\u00e1sok l\u00e9trehoz\u00e1s\u00e1ba el\u0151zetesen bele kell egyeznie a k\u00f6zz\u00e9t\u00e9teli igazgat\u00f3nak. A Waterair.com\/hu webhelyen m\u00e1s webhelyekre mutat\u00f3 hiperhivatkoz\u00e1sok semmif\u00e9lek\u00e9ppen nem j\u00e1rnak a Piscines WATERAIR felel\u0151ss\u00e9gv\u00e1llal\u00e1s\u00e1val.<\/p>\n<p><strong>Szerz\u0151i jogok<\/strong><\/p>\n<p>Az oldalak, az adatok \u00e9s a webhelyet alkot\u00f3 b\u00e1rmely egy\u00e9b elem r\u00e9szben vagy eg\u00e9szben, b\u00e1rmely elj\u00e1r\u00e1ssal vagy eszk\u00f6zzel t\u00f6rt\u00e9n\u0151 sokszoros\u00edt\u00e1sa \u00e9s m\u00e1sol\u00e1sa tilos, \u00e9s a kiad\u00f3 enged\u00e9lye n\u00e9lk\u00fcl hamis\u00edt\u00e1snak min\u0151s\u00fcl.<\/p>\n<p><strong>A webhely t\u00e1rhelyszolg\u00e1ltat\u00f3j\u00e1nak azonos\u00edt\u00e1sa<\/strong><\/p>\n<p>A Waterair.com\/hu t\u00e1rhelyszolg\u00e1ltat\u00f3ja a Ikoula. Sz\u00e9khely: 2 Cit\u00e9 Paradis, 75010 Paris, Franciaorsz\u00e1g.<\/p>\n<p>\u00a9 F\u00e9nyk\u00e9pek k\u00e9sz\u00edt\u0151je:<br \/>\nEstelle Hoffert<\/p>\n                                <\/div>\n                                                                                        <div data-wa=\"fade-up\" data-wa-delay=\"500\">\n                                                                    <\/div>\n                                                    <\/div>\n                                            <\/div>\n                <\/div>\n            <\/div>\n        <\/div>\n    <\/div>","protected":false},"excerpt":{"rendered":"","protected":false},"author":1,"featured_media":0,"parent":0,"menu_order":0,"comment_status":"closed","ping_status":"closed","template":"","meta":{"_acf_changed":false,"om_disable_all_campaigns":false,"footnotes":""},"class_list":["post-37804","page","type-page","status-publish","hentry"],"acf":[],"yoast_head":"<!-- This site is optimized with the Yoast SEO Premium plugin v25.4 (Yoast SEO v27.2) - https:\/\/yoast.com\/product\/yoast-seo-premium-wordpress\/ -->\n<title>Jogi inform\u00e1ci\u00f3k | Waterair medenc\u00e9k<\/title>\n<meta name=\"robots\" content=\"index, follow, max-snippet:-1, max-image-preview:large, max-video-preview:-1\" \/>\n<link rel=\"canonical\" href=\"https:\/\/www.waterair.com\/hu\/jogi-informaciok\" \/>\n<meta property=\"og:locale\" content=\"hu_HU\" \/>\n<meta property=\"og:type\" content=\"article\" \/>\n<meta property=\"og:title\" content=\"Jogi inform\u00e1ci\u00f3k\" \/>\n<meta property=\"og:url\" content=\"https:\/\/www.waterair.com\/hu\/jogi-informaciok\" \/>\n<meta property=\"og:site_name\" content=\"Waterair medenc\u00e9k\" \/>\n<meta property=\"article:modified_time\" content=\"2025-07-09T12:47:57+00:00\" \/>\n<meta name=\"twitter:card\" content=\"summary_large_image\" \/>\n<meta name=\"twitter:label1\" content=\"Becs\u00fclt olvas\u00e1si id\u0151\" \/>\n\t<meta name=\"twitter:data1\" content=\"3 perc\" \/>\n<script type=\"application\/ld+json\" class=\"yoast-schema-graph\">{\"@context\":\"https:\/\/schema.org\",\"@graph\":[{\"@type\":\"WebPage\",\"@id\":\"https:\/\/www.waterair.com\/hu\/jogi-informaciok\",\"url\":\"https:\/\/www.waterair.com\/hu\/jogi-informaciok\",\"name\":\"Jogi inform\u00e1ci\u00f3k | Waterair medenc\u00e9k\",\"isPartOf\":{\"@id\":\"https:\/\/www.waterair.com\/hu\/#website\"},\"datePublished\":\"2021-10-29T19:22:46+00:00\",\"dateModified\":\"2025-07-09T12:47:57+00:00\",\"breadcrumb\":{\"@id\":\"https:\/\/www.waterair.com\/hu\/jogi-informaciok#breadcrumb\"},\"inLanguage\":\"hu\",\"potentialAction\":[{\"@type\":\"ReadAction\",\"target\":[\"https:\/\/www.waterair.com\/hu\/jogi-informaciok\"]}]},{\"@type\":\"BreadcrumbList\",\"@id\":\"https:\/\/www.waterair.com\/hu\/jogi-informaciok#breadcrumb\",\"itemListElement\":[{\"@type\":\"ListItem\",\"position\":1,\"name\":\"C\u00edmlap\",\"item\":\"https:\/\/www.waterair.com\/hu\"},{\"@type\":\"ListItem\",\"position\":2,\"name\":\"Jogi inform\u00e1ci\u00f3k\"}]},{\"@type\":\"WebSite\",\"@id\":\"https:\/\/www.waterair.com\/hu\/#website\",\"url\":\"https:\/\/www.waterair.com\/hu\/\",\"name\":\"Waterair medenc\u00e9k\",\"description\":\"\",\"potentialAction\":[{\"@type\":\"SearchAction\",\"target\":{\"@type\":\"EntryPoint\",\"urlTemplate\":\"https:\/\/www.waterair.com\/hu\/?s={search_term_string}\"},\"query-input\":{\"@type\":\"PropertyValueSpecification\",\"valueRequired\":true,\"valueName\":\"search_term_string\"}}],\"inLanguage\":\"hu\"}]}<\/script>\n<!-- \/ Yoast SEO Premium plugin. -->","yoast_head_json":{"title":"Jogi inform\u00e1ci\u00f3k | Waterair medenc\u00e9k","robots":{"index":"index","follow":"follow","max-snippet":"max-snippet:-1","max-image-preview":"max-image-preview:large","max-video-preview":"max-video-preview:-1"},"canonical":"https:\/\/www.waterair.com\/hu\/jogi-informaciok","og_locale":"hu_HU","og_type":"article","og_title":"Jogi inform\u00e1ci\u00f3k","og_url":"https:\/\/www.waterair.com\/hu\/jogi-informaciok","og_site_name":"Waterair medenc\u00e9k","article_modified_time":"2025-07-09T12:47:57+00:00","twitter_card":"summary_large_image","twitter_misc":{"Becs\u00fclt olvas\u00e1si id\u0151":"3 perc"},"schema":{"@context":"https:\/\/schema.org","@graph":[{"@type":"WebPage","@id":"https:\/\/www.waterair.com\/hu\/jogi-informaciok","url":"https:\/\/www.waterair.com\/hu\/jogi-informaciok","name":"Jogi inform\u00e1ci\u00f3k | Waterair medenc\u00e9k","isPartOf":{"@id":"https:\/\/www.waterair.com\/hu\/#website"},"datePublished":"2021-10-29T19:22:46+00:00","dateModified":"2025-07-09T12:47:57+00:00","breadcrumb":{"@id":"https:\/\/www.waterair.com\/hu\/jogi-informaciok#breadcrumb"},"inLanguage":"hu","potentialAction":[{"@type":"ReadAction","target":["https:\/\/www.waterair.com\/hu\/jogi-informaciok"]}]},{"@type":"BreadcrumbList","@id":"https:\/\/www.waterair.com\/hu\/jogi-informaciok#breadcrumb","itemListElement":[{"@type":"ListItem","position":1,"name":"C\u00edmlap","item":"https:\/\/www.waterair.com\/hu"},{"@type":"ListItem","position":2,"name":"Jogi inform\u00e1ci\u00f3k"}]},{"@type":"WebSite","@id":"https:\/\/www.waterair.com\/hu\/#website","url":"https:\/\/www.waterair.com\/hu\/","name":"Waterair medenc\u00e9k","description":"","potentialAction":[{"@type":"SearchAction","target":{"@type":"EntryPoint","urlTemplate":"https:\/\/www.waterair.com\/hu\/?s={search_term_string}"},"query-input":{"@type":"PropertyValueSpecification","valueRequired":true,"valueName":"search_term_string"}}],"inLanguage":"hu"}]}},"_links":{"self":[{"href":"https:\/\/www.waterair.com\/hu\/wp-json\/wp\/v2\/pages\/37804","targetHints":{"allow":["GET"]}}],"collection":[{"href":"https:\/\/www.waterair.com\/hu\/wp-json\/wp\/v2\/pages"}],"about":[{"href":"https:\/\/www.waterair.com\/hu\/wp-json\/wp\/v2\/types\/page"}],"author":[{"embeddable":true,"href":"https:\/\/www.waterair.com\/hu\/wp-json\/wp\/v2\/users\/1"}],"replies":[{"embeddable":true,"href":"https:\/\/www.waterair.com\/hu\/wp-json\/wp\/v2\/comments?post=37804"}],"version-history":[{"count":5,"href":"https:\/\/www.waterair.com\/hu\/wp-json\/wp\/v2\/pages\/37804\/revisions"}],"predecessor-version":[{"id":523706,"href":"https:\/\/www.waterair.com\/hu\/wp-json\/wp\/v2\/pages\/37804\/revisions\/523706"}],"wp:attachment":[{"href":"https:\/\/www.waterair.com\/hu\/wp-json\/wp\/v2\/media?parent=37804"}],"curies":[{"name":"wp","href":"https:\/\/api.w.org\/{rel}","templated":true}]}}