{"id":64278,"date":"2021-11-04T10:12:07","date_gmt":"2021-11-04T09:12:07","guid":{"rendered":"https:\/\/waterair-preprod2.adipso.fr\/felujitas"},"modified":"2021-12-01T09:54:57","modified_gmt":"2021-12-01T08:54:57","slug":"felujitas","status":"publish","type":"page","link":"https:\/\/www.waterair.com\/hu\/tanacsok\/felujitas","title":{"rendered":"Fel\u00faj\u00edt\u00e1s: A Waterair medenc\u00e9k seg\u00edti \u00d6nt"},"content":{"rendered":"<div class=\"container block--core-paragraph\"><div class=\"row\"><div class=\"col-12 \">\n<p>Valamikor r\u00e9gen, megtisztelt minket bizalm\u00e1val medenc\u00e9je v\u00e1s\u00e1rl\u00e1sakor. Most munk\u00e1k elv\u00e9gz\u00e9s\u00e9re, n\u00e9h\u00e1ny jav\u00edt\u00e1sra van sz\u00fcks\u00e9ge, \u00e9s mi tov\u00e1bbra is \u00d6n mellett vagyunk tan\u00e1csainkkal. Mi lenne, ha megragadn\u00e1 az alkalmat, hogy k\u00e9nyelmesebb\u00e9 \u00e9s szebb\u00e9, ig\u00e9nyeinek jobban megfelel\u0151v\u00e9 tegye a medenc\u00e9j\u00e9t?<\/p>\n<\/div><\/div><\/div>\n\n<div  class=\"block-content-media  content-block   has-no-title\">\n            <div class=\"container\">\n            <div class=\"row\">\n                <div class=\"col\">\n                    <div class=\"row flex-column flex-md-row \">\n                        <div class=\"content-block__col col-12 d-flex flex-column align-items-md-start order-lg-2\">\n                                                                                                                                                <div data-wa=\"fade-up\" data-wa-delay=\"400\" class=\"content-block__description text--sm text-weight--300 mb-0\">\n                                    <p>A Waterair medenc\u00e9k olyan \u00fcgyfeleinek k\u00edn\u00e1lja medencefel\u00faj\u00edt\u00e1si szolg\u00e1ltat\u00e1sait, akik t\u00f6bb \u00e9ves haszn\u00e1lat ut\u00e1n meg szeretn\u00e9k fiatal\u00edtani medenc\u00e9j\u00fcket:<\/p>\n<ul>\n<li>L\u00e9pcs\u0151 elhelyez\u00e9se a nagyobb k\u00e9nyelem \u00e9rdek\u00e9ben<\/li>\n<li>A r\u00e9gi szeg\u00e9lyek cser\u00e9je korszer\u0171bb modellekre<\/li>\n<li>Medenceb\u00e9l\u00e9s cser\u00e9je, \u00e9s megragadva az alkalmat, a f\u00fcrd\u00e9si ter\u00fclet trendibb sz\u00ednekbe \u00f6lt\u00f6ztet\u00e9se<\/li>\n<li>F\u0171t\u00e9si rendszer hozz\u00e1ad\u00e1sa<\/li>\n<li>Lapos medencealj cser\u00e9je mini g\u00f6d\u00f6rre<\/li>\n<li>Reflektor elhelyez\u00e9se, az hogy este is tudjon f\u00fcr\u00f6dni<\/li>\n<li>Isoplan hoz\u00e1ad\u00e1sa a medence jobb szigetel\u00e9se \u00e9rdek\u00e9ben, \u00edgy n\u00e9h\u00e1ny \u00e9rt\u00e9kes h\u0151fokot nyerhet<\/li>\n<\/ul>\n<p>&nbsp;<\/p>\n                                <\/div>\n                                                                                        <div data-wa=\"fade-up\" data-wa-delay=\"500\">\n                                                                    <\/div>\n                                                    <\/div>\n                                            <\/div>\n                <\/div>\n            <\/div>\n        <\/div>\n    <\/div>\n\n<div class=\"container block--core-columns\"><div class=\"row\"><div class=\"col-12 \">\n<div class=\"wp-block-columns is-layout-flex wp-container-core-columns-is-layout-9d6595d7 wp-block-columns-is-layout-flex\">\n<div class=\"wp-block-column is-layout-flow wp-block-column-is-layout-flow\"><div data-wa=\"fade-up\"  class=\"block-slider  dots-absolute content-block\">\n    \n                <div class=\"container\">\n            <div class=\"row\">\n                <div class=\"col-12\">\n                            <div\n                            class=\"js-slider\"\n                            data-infinite=\"true\"\n                            data-slides-to-show=\"1\"\n                            data-slides-to-scroll=\"1\"\n                            data-fade=\"true\"\n                            data-adaptive-height=\"true\"\n                            data-dots=\"false\"\n                            data-arrows=\"true\"\n                    >\n                                                    <div class=\"block-slider__image\">\n                                \t\t\t<img loading=\"lazy\" decoding=\"async\" width=\"1360\" height=\"765\" src=\"https:\/\/www.waterair.com\/wp-content\/uploads\/2021\/11\/renovation-piscine-3-1360x765.jpg\" class=\"item-slide__image item-slide\" alt=\"\" loading=\"1\" srcset=\"https:\/\/www.waterair.com\/wp-content\/uploads\/2021\/11\/renovation-piscine-3-1360x765.jpg 1360w, https:\/\/www.waterair.com\/wp-content\/uploads\/2021\/11\/renovation-piscine-3-1440x810.jpg 1440w, https:\/\/www.waterair.com\/wp-content\/uploads\/2021\/11\/renovation-piscine-3-768x432.jpg 768w, https:\/\/www.waterair.com\/wp-content\/uploads\/2021\/11\/renovation-piscine-3-1536x864.jpg 1536w, https:\/\/www.waterair.com\/wp-content\/uploads\/2021\/11\/renovation-piscine-3-880x495.jpg 880w, https:\/\/www.waterair.com\/wp-content\/uploads\/2021\/11\/renovation-piscine-3-440x248.jpg 440w, https:\/\/www.waterair.com\/wp-content\/uploads\/2021\/11\/renovation-piscine-3-1840x1035.jpg 1840w, https:\/\/www.waterair.com\/wp-content\/uploads\/2021\/11\/renovation-piscine-3-920x518.jpg 920w, https:\/\/www.waterair.com\/wp-content\/uploads\/2021\/11\/renovation-piscine-3.jpg 1920w\" sizes=\"auto, (max-width: 1360px) 100vw, 1360px\" \/>\t                            <\/div>\n                                                    <div class=\"block-slider__image\">\n                                \t\t\t<img loading=\"lazy\" decoding=\"async\" width=\"1360\" height=\"765\" src=\"https:\/\/www.waterair.com\/wp-content\/uploads\/2021\/10\/renovation-piscine-4-1360x765.jpg\" class=\"item-slide__image item-slide\" alt=\"\" loading=\"1\" srcset=\"https:\/\/www.waterair.com\/wp-content\/uploads\/2021\/10\/renovation-piscine-4-1360x765.jpg 1360w, https:\/\/www.waterair.com\/wp-content\/uploads\/2021\/10\/renovation-piscine-4-1440x810.jpg 1440w, https:\/\/www.waterair.com\/wp-content\/uploads\/2021\/10\/renovation-piscine-4-768x432.jpg 768w, https:\/\/www.waterair.com\/wp-content\/uploads\/2021\/10\/renovation-piscine-4-1536x864.jpg 1536w, https:\/\/www.waterair.com\/wp-content\/uploads\/2021\/10\/renovation-piscine-4-880x495.jpg 880w, https:\/\/www.waterair.com\/wp-content\/uploads\/2021\/10\/renovation-piscine-4-440x248.jpg 440w, https:\/\/www.waterair.com\/wp-content\/uploads\/2021\/10\/renovation-piscine-4-1840x1035.jpg 1840w, https:\/\/www.waterair.com\/wp-content\/uploads\/2021\/10\/renovation-piscine-4-920x518.jpg 920w, https:\/\/www.waterair.com\/wp-content\/uploads\/2021\/10\/renovation-piscine-4.jpg 1920w\" sizes=\"auto, (max-width: 1360px) 100vw, 1360px\" \/>\t                            <\/div>\n                                            <\/div>\n                            <\/div>\n                <\/div>\n            <\/div>\n        \n    <\/div>\n<\/div>\n\n\n\n<div class=\"wp-block-column is-layout-flow wp-block-column-is-layout-flow\"><div class=\"container block--core-heading\"><div class=\"row\"><div class=\"col-12 \">\n<h2 class=\"wp-block-heading\">A medence fel\u00faj\u00edt\u00e1s k\u00fcl\u00f6nb\u00f6z\u0151 szempontokat vethet fel.<\/h2>\n<\/div><\/div><\/div>\n\n<div class=\"container block--core-paragraph\"><div class=\"row\"><div class=\"col-12 \">\n<p>B\u00e1rmit is tervez, 130 \u00e9rt\u00e9kes\u00edt\u00e9si k\u00e9pvisel\u0151nk \u00e9s technikusunk seg\u00edts\u00e9g\u00e9re lesz f\u00fcrd\u0151ter\u00fclet\u00e9nek korszer\u0171s\u00edt\u00e9se \u00e9s k\u00e9nyelmesebb\u00e9 t\u00e9tele sor\u00e1n, hogy a f\u00fcrd\u00e9si \u00e9lm\u00e9ny m\u00e9g kellemesebb legyen.<\/p>\n<\/div><\/div><\/div><\/div>\n<\/div>\n<\/div><\/div><\/div>\n\n<div class=\"container block--core-columns\"><div class=\"row\"><div class=\"col-12 \">\n<div class=\"wp-block-columns is-layout-flex wp-container-core-columns-is-layout-9d6595d7 wp-block-columns-is-layout-flex\">\n<div class=\"wp-block-column is-layout-flow wp-block-column-is-layout-flow\"><div class=\"container block--core-heading\"><div class=\"row\"><div class=\"col-12 \">\n<h2 class=\"wp-block-heading\">Seg\u00edts\u00e9get szeretne Waterair medenc\u00e9je fel\u00faj\u00edt\u00e1s\u00e1hoz?<\/h2>\n<\/div><\/div><\/div>\n\n<div class=\"container block--core-paragraph\"><div class=\"row\"><div class=\"col-12 \">\n<p>Legk\u00f6zelebbi partner\u00fcnk r\u00f6vid id\u0151n bel\u00fcl felveszi a kapcsolatot \u00d6nnel, amikor az \u00d6nnek alkalmas. Minden hasznos tan\u00e1csot megkaphat t\u0151le medenc\u00e9j\u00e9nek megfiatal\u00edt\u00e1s\u00e1hoz.<\/p>\n<\/div><\/div><\/div><\/div>\n\n\n\n<div class=\"wp-block-column is-layout-flow wp-block-column-is-layout-flow\"><div data-wa=\"fade-up\"  class=\"block-slider  dots-absolute content-block\">\n    \n                <div class=\"container\">\n            <div class=\"row\">\n                <div class=\"col-12\">\n                            <div\n                            class=\"js-slider\"\n                            data-infinite=\"true\"\n                            data-slides-to-show=\"1\"\n                            data-slides-to-scroll=\"1\"\n                            data-fade=\"true\"\n                            data-adaptive-height=\"true\"\n                            data-dots=\"false\"\n                            data-arrows=\"true\"\n                    >\n                                                    <div class=\"block-slider__image\">\n                                \t\t\t<img loading=\"lazy\" decoding=\"async\" width=\"1360\" height=\"765\" src=\"https:\/\/www.waterair.com\/wp-content\/uploads\/2021\/10\/renovation-piscine-1_0-1360x765.jpg\" class=\"item-slide__image item-slide\" alt=\"\" loading=\"1\" srcset=\"https:\/\/www.waterair.com\/wp-content\/uploads\/2021\/10\/renovation-piscine-1_0-1360x765.jpg 1360w, https:\/\/www.waterair.com\/wp-content\/uploads\/2021\/10\/renovation-piscine-1_0-1440x810.jpg 1440w, https:\/\/www.waterair.com\/wp-content\/uploads\/2021\/10\/renovation-piscine-1_0-768x432.jpg 768w, https:\/\/www.waterair.com\/wp-content\/uploads\/2021\/10\/renovation-piscine-1_0-1536x864.jpg 1536w, https:\/\/www.waterair.com\/wp-content\/uploads\/2021\/10\/renovation-piscine-1_0-880x495.jpg 880w, https:\/\/www.waterair.com\/wp-content\/uploads\/2021\/10\/renovation-piscine-1_0-440x248.jpg 440w, https:\/\/www.waterair.com\/wp-content\/uploads\/2021\/10\/renovation-piscine-1_0-1840x1035.jpg 1840w, https:\/\/www.waterair.com\/wp-content\/uploads\/2021\/10\/renovation-piscine-1_0-920x518.jpg 920w, https:\/\/www.waterair.com\/wp-content\/uploads\/2021\/10\/renovation-piscine-1_0.jpg 1920w\" sizes=\"auto, (max-width: 1360px) 100vw, 1360px\" \/>\t                            <\/div>\n                                                    <div class=\"block-slider__image\">\n                                \t\t\t<img loading=\"lazy\" decoding=\"async\" width=\"1360\" height=\"765\" src=\"https:\/\/www.waterair.com\/wp-content\/uploads\/2021\/10\/renovation-piscine-2-1360x765.jpg\" class=\"item-slide__image item-slide\" alt=\"\" loading=\"1\" srcset=\"https:\/\/www.waterair.com\/wp-content\/uploads\/2021\/10\/renovation-piscine-2-1360x765.jpg 1360w, https:\/\/www.waterair.com\/wp-content\/uploads\/2021\/10\/renovation-piscine-2-1440x810.jpg 1440w, https:\/\/www.waterair.com\/wp-content\/uploads\/2021\/10\/renovation-piscine-2-768x432.jpg 768w, https:\/\/www.waterair.com\/wp-content\/uploads\/2021\/10\/renovation-piscine-2-1536x864.jpg 1536w, https:\/\/www.waterair.com\/wp-content\/uploads\/2021\/10\/renovation-piscine-2-880x495.jpg 880w, https:\/\/www.waterair.com\/wp-content\/uploads\/2021\/10\/renovation-piscine-2-440x248.jpg 440w, https:\/\/www.waterair.com\/wp-content\/uploads\/2021\/10\/renovation-piscine-2-1840x1035.jpg 1840w, https:\/\/www.waterair.com\/wp-content\/uploads\/2021\/10\/renovation-piscine-2-920x518.jpg 920w, https:\/\/www.waterair.com\/wp-content\/uploads\/2021\/10\/renovation-piscine-2.jpg 1920w\" sizes=\"auto, (max-width: 1360px) 100vw, 1360px\" \/>\t                            <\/div>\n                                            <\/div>\n                            <\/div>\n                <\/div>\n            <\/div>\n        \n    <\/div>\n<\/div>\n<\/div>\n<\/div><\/div><\/div>\n\n    <div  class=\"block-button content-block mb-0 mt-2\" data-tab-section>\n        <div class=\"container\">\n            <div class=\"row\">\n                <div class=\"col-12 col-md-10 offset-md-1\">\n                    <div class=\"d-flex flex-wrap flex-column flex-md-row justify-content-center spaced-md-4 mt-6 mb-5 mb-md-0\">\n                                                        <a\tdata-wa=\"button\" data-wa-wave=\"primary\"\n\tclass=\"btn btn--primary mb-0 mb-md-5\"\n\t\t\thref=\"https:\/\/www.waterair.com\/hu\/medencefelujitas\"\n\t\t>\n\t\tMedencefel\u00faj\u00edt\u00e1s \u0171rlap    <\/a>\n                                                                    <\/div>\n                <\/div>\n            <\/div>\n        <\/div>\n    <\/div>\n\n\n<div  class=\"block-chiffres  content-block\">\n\t\t\t<svg class=\"content-block__wave\" xmlns=\"http:\/\/www.w3.org\/2000\/svg\" preserveAspectRatio=\"none\" width=\"792\" height=\"113\" viewBox=\"0 0 792 113\">\n\t\t\t<path fill=\"#0080C8\" d=\"M431.725539,-340.566487 C409.271632,-304.562081 392.525634,-252.714767 387.640542,-179.798441 C369.042596,122.812782 497.396885,38.5205026 497.396885,452.206968 C497.55866,212.705563 497.186394,-340.754832 497.396885,-340.566487 C497.607458,-340.372208 431.896885,-340.551731 431.725539,-340.566487 Z\" transform=\"matrix(0 1 1 0 340.564 -384.897)\"\/>\n\t\t<\/svg>\n\t\t<div class=\"content-block__wrapper\">\n\t\t\t<div class=\"container\">\n\t\t\t\t<div class=\"row justify-content-center\">\n\t\t\t\t\t\t\t\t\t\t\t<div class=\"col-lg-7\">\n\t\t\t\t\t\t\t<h2 data-wa=\"fade-up\" class=\"content-block__title h1 text-inherit mb-0\">A  BE\u00c9P\u00cdT\u00c9SRE K\u00c9SZ KOMPLETT MEDENC\u00c9K VEZET\u0150 EUR\u00d3PAI GY\u00c1RT\u00d3JA<\/h2>\n\t\t\t\t\t\t<\/div>\n\t\t\t\t\t\t\t\t\t\t\t\t\t\t\t\t<div class=\"col-lg-11\">\n\t\t\t\t\t\t\t<p data-wa=\"fade-up\" data-wa-delay=\"100\" class=\"content-block__description text--lg mt-4 mb-0\">A vil\u00e1g t\u00f6bb mint 29 orsz\u00e1gban jelen vagyunk, term\u00e9keink min\u0151s\u00e9g\u00e9t, szolg\u00e1ltat\u00e1saink megb\u00edzhat\u00f3s\u00e1g\u00e1t vil\u00e1gszerte elismerik, emellett h\u00edresek vagyunk kiv\u00e9teles versenyk\u00e9pess\u00e9g\u00fcnkr\u0151l is.<\/p>\n\t\t\t\t\t\t<\/div>\n\t\t\t\t\t\t\t\t\t<\/div>\n\t\t\t\t\t\t\t\t\t<div data-wa=\"fade-up\" data-wa-delay=\"200\" class=\"row justify-content-center\">\n\t\t\t\t\t\t\t\t\t\t\t\t\t<div class=\"content-block__number col-md-6 col-lg-3\">\n\t\t\t\t\t\t\t\t<p class=\"content-block__number__value\"><span data-wa=\"counter\">30<\/span> \u00e9v<\/p>\n\t\t\t\t\t\t\t\t<p class=\"content-block__number__label\">garanci\u00e1t v\u00e1llalunk a medence szerkezet\u00e9re*<\/p>\n\t\t\t\t\t\t\t<\/div>\n\t\t\t\t\t\t\t\t\t\t\t\t\t<div class=\"content-block__number col-md-6 col-lg-3\">\n\t\t\t\t\t\t\t\t<p class=\"content-block__number__value\">+<span data-wa=\"counter\">50<\/span> \u00e9v<\/p>\n\t\t\t\t\t\t\t\t<p class=\"content-block__number__label\">gy\u00e1rt\u00e1si tapasztalat<\/p>\n\t\t\t\t\t\t\t<\/div>\n\t\t\t\t\t\t\t\t\t\t\t\t\t<div class=\"content-block__number col-md-6 col-lg-3\">\n\t\t\t\t\t\t\t\t<p class=\"content-block__number__value\">+<span data-wa=\"counter\">20<\/span>%<\/p>\n\t\t\t\t\t\t\t\t<p class=\"content-block__number__label\">vagyon\u00e9rt\u00e9k<\/p>\n\t\t\t\t\t\t\t<\/div>\n\t\t\t\t\t\t\t\t\t\t\t\t\t<div class=\"content-block__number col-md-6 col-lg-3\">\n\t\t\t\t\t\t\t\t<p class=\"content-block__number__value\"><span data-wa=\"counter\">139 000<\/span><\/p>\n\t\t\t\t\t\t\t\t<p class=\"content-block__number__label\">el\u00e9gedett \u00fcgyf\u00e9l<\/p>\n\t\t\t\t\t\t\t<\/div>\n\t\t\t\t\t\t\t\t\t\t\t<\/div>\n\t\t\t\t\t\t\t\t\t\t\t\t\t\t\t\t\t<div class=\"row justify-content-center\">\n\t\t\t\t\t\t<div class=\"col-md-10\">\n\t\t\t\t\t\t\t<div data-wa=\"fade-up\" data-wa-delay=\"400\" class=\"content-block__legal wysiwyg mt-8\"><\/div>\n\t\t\t\t\t\t<\/div>\n\t\t\t\t\t<\/div>\n\t\t\t\t\t\t\t\t\t\t\t\t\t<img loading=\"lazy\" decoding=\"async\" src=\"https:\/\/www.waterair.com\/wp-content\/uploads\/2021\/08\/made-in-france.svg\" width=\"120\" height=\"120\" class=\"content-block__picto\" alt=\"\">\n\t\t\t\t\t\t\t<\/div>\n\t\t\t\t\t<\/div>\n\t\t<div class=\"content-block__wave-outline-1\">\n\t\t\t<svg width=\"678\" height=\"589\" viewBox=\"0 0 1000 1000\">\n\t\t\t\t<path fill=\"none\" stroke=\"#FFF\" stroke-width=\"2\" opacity=\".2\" data-blob='{\"minRadius\": \"430\",\"maxRadius\":\"490\", \"numPoints\": \"16\"}'><\/path>\n\t\t\t<\/svg>\n\t\t<\/div>\n\t\t<div class=\"content-block__wave-outline-2\">\n\t\t\t<svg width=\"678\" height=\"589\" viewBox=\"0 0 1000 1000\">\n\t\t\t\t<path fill=\"none\" stroke=\"#FFF\" stroke-width=\"2\" opacity=\".2\" data-blob='{\"minRadius\": \"430\",\"maxRadius\":\"490\", \"numPoints\": \"16\"}'><\/path>\n\t\t\t<\/svg>\n\t\t<\/div>\n\t<\/div>","protected":false},"excerpt":{"rendered":"<p>Valamikor r\u00e9gen, megtisztelt minket bizalm\u00e1val medenc\u00e9je v\u00e1s\u00e1rl\u00e1sakor. Most munk\u00e1k elv\u00e9gz\u00e9s\u00e9re, n\u00e9h\u00e1ny jav\u00edt\u00e1sra van sz\u00fcks\u00e9ge, \u00e9s mi tov\u00e1bbra is \u00d6n mellett vagyunk tan\u00e1csainkkal. Mi lenne, ha megragadn\u00e1 az alkalmat, hogy k\u00e9nyelmesebb\u00e9 \u00e9s szebb\u00e9, ig\u00e9nyeinek jobban megfelel\u0151v\u00e9 tegye a medenc\u00e9j\u00e9t? A medence fel\u00faj\u00edt\u00e1s k\u00fcl\u00f6nb\u00f6z\u0151 szempontokat vethet fel. B\u00e1rmit is tervez, 130 \u00e9rt\u00e9kes\u00edt\u00e9si k\u00e9pvisel\u0151nk \u00e9s technikusunk seg\u00edts\u00e9g\u00e9re lesz [&hellip;]<\/p>\n","protected":false},"author":1,"featured_media":64210,"parent":0,"menu_order":0,"comment_status":"closed","ping_status":"closed","template":"","meta":{"_acf_changed":false,"om_disable_all_campaigns":false,"footnotes":""},"class_list":["post-64278","page","type-page","status-publish","has-post-thumbnail","hentry"],"acf":[],"yoast_head":"<!-- This site is optimized with the Yoast SEO Premium plugin v25.4 (Yoast SEO v27.2) - https:\/\/yoast.com\/product\/yoast-seo-premium-wordpress\/ -->\n<title>Medencefel\u00faj\u00edt\u00e1s \u2013 adjon \u00faj ifj\u00fas\u00e1got medenc\u00e9j\u00e9nek | Waterair medenc\u00e9k<\/title>\n<meta name=\"description\" content=\"A Waterair medenc\u00e9k seg\u00edti \u00d6nt medenc\u00e9j\u00e9nek fel\u00faj\u00edt\u00e1sa sor\u00e1n. B\u00e9l\u00e9s cser\u00e9je, l\u00e9pcs\u0151 hozz\u00e1ad\u00e1sa, medenceszeg\u00e9ly cser\u00e9je: csapatunk megfelel az \u00d6n ig\u00e9nyeinek.\" \/>\n<meta name=\"robots\" content=\"index, follow, max-snippet:-1, max-image-preview:large, max-video-preview:-1\" \/>\n<link rel=\"canonical\" href=\"https:\/\/www.waterair.com\/hu\/tanacsok\/felujitas\" \/>\n<meta property=\"og:locale\" content=\"hu_HU\" \/>\n<meta property=\"og:type\" content=\"article\" \/>\n<meta property=\"og:title\" content=\"Fel\u00faj\u00edt\u00e1s: A Waterair medenc\u00e9k seg\u00edti \u00d6nt\" \/>\n<meta property=\"og:description\" content=\"A Waterair medenc\u00e9k seg\u00edti \u00d6nt medenc\u00e9j\u00e9nek fel\u00faj\u00edt\u00e1sa sor\u00e1n. B\u00e9l\u00e9s cser\u00e9je, l\u00e9pcs\u0151 hozz\u00e1ad\u00e1sa, medenceszeg\u00e9ly cser\u00e9je: csapatunk megfelel az \u00d6n ig\u00e9nyeinek.\" \/>\n<meta property=\"og:url\" content=\"https:\/\/www.waterair.com\/hu\/tanacsok\/felujitas\" \/>\n<meta property=\"og:site_name\" content=\"Waterair medenc\u00e9k\" \/>\n<meta property=\"article:modified_time\" content=\"2021-12-01T08:54:57+00:00\" \/>\n<meta property=\"og:image\" content=\"https:\/\/www.waterair.com\/wp-content\/uploads\/2021\/11\/renovation-piscine-3.jpg\" \/>\n\t<meta property=\"og:image:width\" content=\"1920\" \/>\n\t<meta property=\"og:image:height\" content=\"1080\" \/>\n\t<meta property=\"og:image:type\" content=\"image\/jpeg\" \/>\n<meta name=\"twitter:card\" content=\"summary_large_image\" \/>\n<meta name=\"twitter:label1\" content=\"Becs\u00fclt olvas\u00e1si id\u0151\" \/>\n\t<meta name=\"twitter:data1\" content=\"1 perc\" \/>\n<script type=\"application\/ld+json\" class=\"yoast-schema-graph\">{\"@context\":\"https:\/\/schema.org\",\"@graph\":[{\"@type\":\"WebPage\",\"@id\":\"https:\/\/www.waterair.com\/hu\/tanacsok\/felujitas\",\"url\":\"https:\/\/www.waterair.com\/hu\/tanacsok\/felujitas\",\"name\":\"Medencefel\u00faj\u00edt\u00e1s \u2013 adjon \u00faj ifj\u00fas\u00e1got medenc\u00e9j\u00e9nek | Waterair medenc\u00e9k\",\"isPartOf\":{\"@id\":\"https:\/\/www.waterair.com\/hu\/#website\"},\"primaryImageOfPage\":{\"@id\":\"https:\/\/www.waterair.com\/hu\/tanacsok\/felujitas#primaryimage\"},\"image\":{\"@id\":\"https:\/\/www.waterair.com\/hu\/tanacsok\/felujitas#primaryimage\"},\"thumbnailUrl\":\"https:\/\/www.waterair.com\/wp-content\/uploads\/2021\/11\/renovation-piscine-3.jpg\",\"datePublished\":\"2021-11-04T09:12:07+00:00\",\"dateModified\":\"2021-12-01T08:54:57+00:00\",\"description\":\"A Waterair medenc\u00e9k seg\u00edti \u00d6nt medenc\u00e9j\u00e9nek fel\u00faj\u00edt\u00e1sa sor\u00e1n. B\u00e9l\u00e9s cser\u00e9je, l\u00e9pcs\u0151 hozz\u00e1ad\u00e1sa, medenceszeg\u00e9ly cser\u00e9je: csapatunk megfelel az \u00d6n ig\u00e9nyeinek.\",\"breadcrumb\":{\"@id\":\"https:\/\/www.waterair.com\/hu\/tanacsok\/felujitas#breadcrumb\"},\"inLanguage\":\"hu\",\"potentialAction\":[{\"@type\":\"ReadAction\",\"target\":[\"https:\/\/www.waterair.com\/hu\/tanacsok\/felujitas\"]}]},{\"@type\":\"ImageObject\",\"inLanguage\":\"hu\",\"@id\":\"https:\/\/www.waterair.com\/hu\/tanacsok\/felujitas#primaryimage\",\"url\":\"https:\/\/www.waterair.com\/wp-content\/uploads\/2021\/11\/renovation-piscine-3.jpg\",\"contentUrl\":\"https:\/\/www.waterair.com\/wp-content\/uploads\/2021\/11\/renovation-piscine-3.jpg\",\"width\":1920,\"height\":1080,\"caption\":\"Piscine haricot avec margelles et escalier sortant\"},{\"@type\":\"BreadcrumbList\",\"@id\":\"https:\/\/www.waterair.com\/hu\/tanacsok\/felujitas#breadcrumb\",\"itemListElement\":[{\"@type\":\"ListItem\",\"position\":1,\"name\":\"C\u00edmlap\",\"item\":\"https:\/\/www.waterair.com\/hu\"},{\"@type\":\"ListItem\",\"position\":2,\"name\":\"Fel\u00faj\u00edt\u00e1s: A Waterair medenc\u00e9k seg\u00edti \u00d6nt\"}]},{\"@type\":\"WebSite\",\"@id\":\"https:\/\/www.waterair.com\/hu\/#website\",\"url\":\"https:\/\/www.waterair.com\/hu\/\",\"name\":\"Waterair medenc\u00e9k\",\"description\":\"\",\"potentialAction\":[{\"@type\":\"SearchAction\",\"target\":{\"@type\":\"EntryPoint\",\"urlTemplate\":\"https:\/\/www.waterair.com\/hu\/?s={search_term_string}\"},\"query-input\":{\"@type\":\"PropertyValueSpecification\",\"valueRequired\":true,\"valueName\":\"search_term_string\"}}],\"inLanguage\":\"hu\"}]}<\/script>\n<!-- \/ Yoast SEO Premium plugin. -->","yoast_head_json":{"title":"Medencefel\u00faj\u00edt\u00e1s \u2013 adjon \u00faj ifj\u00fas\u00e1got medenc\u00e9j\u00e9nek | Waterair medenc\u00e9k","description":"A Waterair medenc\u00e9k seg\u00edti \u00d6nt medenc\u00e9j\u00e9nek fel\u00faj\u00edt\u00e1sa sor\u00e1n. B\u00e9l\u00e9s cser\u00e9je, l\u00e9pcs\u0151 hozz\u00e1ad\u00e1sa, medenceszeg\u00e9ly cser\u00e9je: csapatunk megfelel az \u00d6n ig\u00e9nyeinek.","robots":{"index":"index","follow":"follow","max-snippet":"max-snippet:-1","max-image-preview":"max-image-preview:large","max-video-preview":"max-video-preview:-1"},"canonical":"https:\/\/www.waterair.com\/hu\/tanacsok\/felujitas","og_locale":"hu_HU","og_type":"article","og_title":"Fel\u00faj\u00edt\u00e1s: A Waterair medenc\u00e9k seg\u00edti \u00d6nt","og_description":"A Waterair medenc\u00e9k seg\u00edti \u00d6nt medenc\u00e9j\u00e9nek fel\u00faj\u00edt\u00e1sa sor\u00e1n. B\u00e9l\u00e9s cser\u00e9je, l\u00e9pcs\u0151 hozz\u00e1ad\u00e1sa, medenceszeg\u00e9ly cser\u00e9je: csapatunk megfelel az \u00d6n ig\u00e9nyeinek.","og_url":"https:\/\/www.waterair.com\/hu\/tanacsok\/felujitas","og_site_name":"Waterair medenc\u00e9k","article_modified_time":"2021-12-01T08:54:57+00:00","og_image":[{"width":1920,"height":1080,"url":"https:\/\/www.waterair.com\/wp-content\/uploads\/2021\/11\/renovation-piscine-3.jpg","type":"image\/jpeg"}],"twitter_card":"summary_large_image","twitter_misc":{"Becs\u00fclt olvas\u00e1si id\u0151":"1 perc"},"schema":{"@context":"https:\/\/schema.org","@graph":[{"@type":"WebPage","@id":"https:\/\/www.waterair.com\/hu\/tanacsok\/felujitas","url":"https:\/\/www.waterair.com\/hu\/tanacsok\/felujitas","name":"Medencefel\u00faj\u00edt\u00e1s \u2013 adjon \u00faj ifj\u00fas\u00e1got medenc\u00e9j\u00e9nek | Waterair medenc\u00e9k","isPartOf":{"@id":"https:\/\/www.waterair.com\/hu\/#website"},"primaryImageOfPage":{"@id":"https:\/\/www.waterair.com\/hu\/tanacsok\/felujitas#primaryimage"},"image":{"@id":"https:\/\/www.waterair.com\/hu\/tanacsok\/felujitas#primaryimage"},"thumbnailUrl":"https:\/\/www.waterair.com\/wp-content\/uploads\/2021\/11\/renovation-piscine-3.jpg","datePublished":"2021-11-04T09:12:07+00:00","dateModified":"2021-12-01T08:54:57+00:00","description":"A Waterair medenc\u00e9k seg\u00edti \u00d6nt medenc\u00e9j\u00e9nek fel\u00faj\u00edt\u00e1sa sor\u00e1n. B\u00e9l\u00e9s cser\u00e9je, l\u00e9pcs\u0151 hozz\u00e1ad\u00e1sa, medenceszeg\u00e9ly cser\u00e9je: csapatunk megfelel az \u00d6n ig\u00e9nyeinek.","breadcrumb":{"@id":"https:\/\/www.waterair.com\/hu\/tanacsok\/felujitas#breadcrumb"},"inLanguage":"hu","potentialAction":[{"@type":"ReadAction","target":["https:\/\/www.waterair.com\/hu\/tanacsok\/felujitas"]}]},{"@type":"ImageObject","inLanguage":"hu","@id":"https:\/\/www.waterair.com\/hu\/tanacsok\/felujitas#primaryimage","url":"https:\/\/www.waterair.com\/wp-content\/uploads\/2021\/11\/renovation-piscine-3.jpg","contentUrl":"https:\/\/www.waterair.com\/wp-content\/uploads\/2021\/11\/renovation-piscine-3.jpg","width":1920,"height":1080,"caption":"Piscine haricot avec margelles et escalier sortant"},{"@type":"BreadcrumbList","@id":"https:\/\/www.waterair.com\/hu\/tanacsok\/felujitas#breadcrumb","itemListElement":[{"@type":"ListItem","position":1,"name":"C\u00edmlap","item":"https:\/\/www.waterair.com\/hu"},{"@type":"ListItem","position":2,"name":"Fel\u00faj\u00edt\u00e1s: A Waterair medenc\u00e9k seg\u00edti \u00d6nt"}]},{"@type":"WebSite","@id":"https:\/\/www.waterair.com\/hu\/#website","url":"https:\/\/www.waterair.com\/hu\/","name":"Waterair medenc\u00e9k","description":"","potentialAction":[{"@type":"SearchAction","target":{"@type":"EntryPoint","urlTemplate":"https:\/\/www.waterair.com\/hu\/?s={search_term_string}"},"query-input":{"@type":"PropertyValueSpecification","valueRequired":true,"valueName":"search_term_string"}}],"inLanguage":"hu"}]}},"_links":{"self":[{"href":"https:\/\/www.waterair.com\/hu\/wp-json\/wp\/v2\/pages\/64278","targetHints":{"allow":["GET"]}}],"collection":[{"href":"https:\/\/www.waterair.com\/hu\/wp-json\/wp\/v2\/pages"}],"about":[{"href":"https:\/\/www.waterair.com\/hu\/wp-json\/wp\/v2\/types\/page"}],"author":[{"embeddable":true,"href":"https:\/\/www.waterair.com\/hu\/wp-json\/wp\/v2\/users\/1"}],"replies":[{"embeddable":true,"href":"https:\/\/www.waterair.com\/hu\/wp-json\/wp\/v2\/comments?post=64278"}],"version-history":[{"count":5,"href":"https:\/\/www.waterair.com\/hu\/wp-json\/wp\/v2\/pages\/64278\/revisions"}],"predecessor-version":[{"id":98009,"href":"https:\/\/www.waterair.com\/hu\/wp-json\/wp\/v2\/pages\/64278\/revisions\/98009"}],"wp:featuredmedia":[{"embeddable":true,"href":"https:\/\/www.waterair.com\/hu\/wp-json\/wp\/v2\/media\/64210"}],"wp:attachment":[{"href":"https:\/\/www.waterair.com\/hu\/wp-json\/wp\/v2\/media?parent=64278"}],"curies":[{"name":"wp","href":"https:\/\/api.w.org\/{rel}","templated":true}]}}