{"id":96710,"date":"2021-11-29T13:21:41","date_gmt":"2021-11-29T12:21:41","guid":{"rendered":"https:\/\/waterair-nvme.adipso.fr\/?page_id=96710"},"modified":"2026-01-29T09:46:57","modified_gmt":"2026-01-29T08:46:57","slug":"koszonjuk-2","status":"publish","type":"page","link":"https:\/\/www.waterair.com\/hu\/koszonjuk","title":{"rendered":"K\u00f6sz\u00f6nj\u00fck,"},"content":{"rendered":"<div  class=\"block-content-media  content-block   has-no-title\">\n            <div class=\"container\">\n            <div class=\"row\">\n                <div class=\"col\">\n                    <div class=\"row flex-column flex-md-row align-items-center\">\n                        <div class=\"content-block__col col-lg-6 col-xl-7 d-flex flex-column align-items-md-start order-lg-2\">\n                                                                                        <h3 data-wa=\"fade-up\" data-wa-delay=\"200\" class=\"content-block__subtitle text--lg mt-6 mb-3\">Az im\u00e9nt \u00d6n \u00e1raj\u00e1nlatot k\u00e9rt t\u0151l\u00fcnk. K\u00f6sz\u00f6nj\u00fck.<\/h3>\n                                                                                                                    <div data-wa=\"fade-up\" data-wa-delay=\"400\" class=\"content-block__description text--sm text-weight--300 mb-0\">\n                                    <p>Hamarosan felvessz\u00fck \u00d6nnel a kapcsolatot, hogy szem\u00e9lyre szabott \u00e1raj\u00e1nlatot adjunk.<\/p>\n<p>Tekintse meg a katal\u00f3gusunk digit\u00e1lis v\u00e1ltozat\u00e1t itt:<\/p>\n                                <\/div>\n                                                                                        <div data-wa=\"fade-up\" data-wa-delay=\"500\">\n                                    <a\tdata-wa=\"button\" data-wa-wave=\"primary\"\n\tclass=\"btn btn--primary mt-3\"\n\t\t\thref=\"https:\/\/catalog.waterair.com\/view\/1029839369\/\"\n\t\ttarget=\"_blank\">\n\t\tDIgit\u00e1lis katal\u00f3gus megtekint\u00e9se     <\/a>\n                                <\/div>\n                                                    <\/div>\n                                                                                <div class=\"content-block__col content-block__col--media col-lg-6 col-xl-5 order-lg-1  \">\n                                <div class=\"content-block__media is-left  is-not-absolute\">\n                                    \n                                                                            <span data-wa=\"image\">\n                                                                                            <img loading=\"lazy\" decoding=\"async\" width=\"880\" height=\"623\" src=\"https:\/\/www.waterair.com\/wp-content\/uploads\/2026\/01\/mockup-catalogue-piscine-2026-hu-880x623.webp\" class=\"attachment-content_media_2x size-content_media_2x\" alt=\"\" srcset=\"https:\/\/www.waterair.com\/wp-content\/uploads\/2026\/01\/mockup-catalogue-piscine-2026-hu-880x623.webp 880w, https:\/\/www.waterair.com\/wp-content\/uploads\/2026\/01\/mockup-catalogue-piscine-2026-hu-1440x1020.webp 1440w, https:\/\/www.waterair.com\/wp-content\/uploads\/2026\/01\/mockup-catalogue-piscine-2026-hu-2034x1440.webp 2034w, https:\/\/www.waterair.com\/wp-content\/uploads\/2026\/01\/mockup-catalogue-piscine-2026-hu-768x544.webp 768w, https:\/\/www.waterair.com\/wp-content\/uploads\/2026\/01\/mockup-catalogue-piscine-2026-hu-1536x1088.webp 1536w, https:\/\/www.waterair.com\/wp-content\/uploads\/2026\/01\/mockup-catalogue-piscine-2026-hu-2048x1450.webp 2048w, https:\/\/www.waterair.com\/wp-content\/uploads\/2026\/01\/mockup-catalogue-piscine-2026-hu-440x312.webp 440w, https:\/\/www.waterair.com\/wp-content\/uploads\/2026\/01\/mockup-catalogue-piscine-2026-hu-1840x1303.webp 1840w, https:\/\/www.waterair.com\/wp-content\/uploads\/2026\/01\/mockup-catalogue-piscine-2026-hu-920x651.webp 920w\" sizes=\"auto, (max-width: 880px) 100vw, 880px\" \/>                                                                                    <\/span>\n                                                                        \n                                <\/div>\n                            <\/div>\n                                            <\/div>\n                <\/div>\n            <\/div>\n        <\/div>\n    <\/div>","protected":false},"excerpt":{"rendered":"","protected":false},"author":8,"featured_media":92488,"parent":0,"menu_order":0,"comment_status":"closed","ping_status":"closed","template":"merci.php","meta":{"_acf_changed":false,"om_disable_all_campaigns":false,"footnotes":""},"class_list":["post-96710","page","type-page","status-publish","has-post-thumbnail","hentry"],"acf":[],"yoast_head":"<!-- This site is optimized with the Yoast SEO Premium plugin v25.4 (Yoast SEO v27.2) - https:\/\/yoast.com\/product\/yoast-seo-premium-wordpress\/ -->\n<title>K\u00f6sz\u00f6nj\u00fck, | Waterair medenc\u00e9k<\/title>\n<meta name=\"robots\" content=\"noindex, nofollow\" \/>\n<meta property=\"og:locale\" content=\"hu_HU\" \/>\n<meta property=\"og:type\" content=\"article\" \/>\n<meta property=\"og:title\" content=\"K\u00f6sz\u00f6nj\u00fck,\" \/>\n<meta property=\"og:url\" content=\"https:\/\/www.waterair.com\/hu\/koszonjuk\" \/>\n<meta property=\"og:site_name\" content=\"Waterair medenc\u00e9k\" \/>\n<meta property=\"article:modified_time\" content=\"2026-01-29T08:46:57+00:00\" \/>\n<meta property=\"og:image\" content=\"https:\/\/www.waterair.com\/wp-content\/uploads\/2021\/11\/ei-1.jpg\" \/>\n\t<meta property=\"og:image:width\" content=\"1920\" \/>\n\t<meta property=\"og:image:height\" content=\"400\" \/>\n\t<meta property=\"og:image:type\" content=\"image\/jpeg\" \/>\n<meta name=\"twitter:card\" content=\"summary_large_image\" \/>\n<meta name=\"twitter:label1\" content=\"Becs\u00fclt olvas\u00e1si id\u0151\" \/>\n\t<meta name=\"twitter:data1\" content=\"1 perc\" \/>\n<script type=\"application\/ld+json\" class=\"yoast-schema-graph\">{\"@context\":\"https:\/\/schema.org\",\"@graph\":[{\"@type\":\"WebPage\",\"@id\":\"https:\/\/www.waterair.com\/hu\/koszonjuk\",\"url\":\"https:\/\/www.waterair.com\/hu\/koszonjuk\",\"name\":\"K\u00f6sz\u00f6nj\u00fck, | Waterair medenc\u00e9k\",\"isPartOf\":{\"@id\":\"https:\/\/www.waterair.com\/hu\/#website\"},\"primaryImageOfPage\":{\"@id\":\"https:\/\/www.waterair.com\/hu\/koszonjuk#primaryimage\"},\"image\":{\"@id\":\"https:\/\/www.waterair.com\/hu\/koszonjuk#primaryimage\"},\"thumbnailUrl\":\"https:\/\/www.waterair.com\/wp-content\/uploads\/2021\/11\/ei-1.jpg\",\"datePublished\":\"2021-11-29T12:21:41+00:00\",\"dateModified\":\"2026-01-29T08:46:57+00:00\",\"breadcrumb\":{\"@id\":\"https:\/\/www.waterair.com\/hu\/koszonjuk#breadcrumb\"},\"inLanguage\":\"hu\",\"potentialAction\":[{\"@type\":\"ReadAction\",\"target\":[\"https:\/\/www.waterair.com\/hu\/koszonjuk\"]}]},{\"@type\":\"ImageObject\",\"inLanguage\":\"hu\",\"@id\":\"https:\/\/www.waterair.com\/hu\/koszonjuk#primaryimage\",\"url\":\"https:\/\/www.waterair.com\/wp-content\/uploads\/2021\/11\/ei-1.jpg\",\"contentUrl\":\"https:\/\/www.waterair.com\/wp-content\/uploads\/2021\/11\/ei-1.jpg\",\"width\":1920,\"height\":400},{\"@type\":\"BreadcrumbList\",\"@id\":\"https:\/\/www.waterair.com\/hu\/koszonjuk#breadcrumb\",\"itemListElement\":[{\"@type\":\"ListItem\",\"position\":1,\"name\":\"C\u00edmlap\",\"item\":\"https:\/\/www.waterair.com\/hu\"},{\"@type\":\"ListItem\",\"position\":2,\"name\":\"K\u00f6sz\u00f6nj\u00fck,\"}]},{\"@type\":\"WebSite\",\"@id\":\"https:\/\/www.waterair.com\/hu\/#website\",\"url\":\"https:\/\/www.waterair.com\/hu\/\",\"name\":\"Waterair medenc\u00e9k\",\"description\":\"\",\"potentialAction\":[{\"@type\":\"SearchAction\",\"target\":{\"@type\":\"EntryPoint\",\"urlTemplate\":\"https:\/\/www.waterair.com\/hu\/?s={search_term_string}\"},\"query-input\":{\"@type\":\"PropertyValueSpecification\",\"valueRequired\":true,\"valueName\":\"search_term_string\"}}],\"inLanguage\":\"hu\"}]}<\/script>\n<!-- \/ Yoast SEO Premium plugin. -->","yoast_head_json":{"title":"K\u00f6sz\u00f6nj\u00fck, | Waterair medenc\u00e9k","robots":{"index":"noindex","follow":"nofollow"},"og_locale":"hu_HU","og_type":"article","og_title":"K\u00f6sz\u00f6nj\u00fck,","og_url":"https:\/\/www.waterair.com\/hu\/koszonjuk","og_site_name":"Waterair medenc\u00e9k","article_modified_time":"2026-01-29T08:46:57+00:00","og_image":[{"width":1920,"height":400,"url":"https:\/\/www.waterair.com\/wp-content\/uploads\/2021\/11\/ei-1.jpg","type":"image\/jpeg"}],"twitter_card":"summary_large_image","twitter_misc":{"Becs\u00fclt olvas\u00e1si id\u0151":"1 perc"},"schema":{"@context":"https:\/\/schema.org","@graph":[{"@type":"WebPage","@id":"https:\/\/www.waterair.com\/hu\/koszonjuk","url":"https:\/\/www.waterair.com\/hu\/koszonjuk","name":"K\u00f6sz\u00f6nj\u00fck, | Waterair medenc\u00e9k","isPartOf":{"@id":"https:\/\/www.waterair.com\/hu\/#website"},"primaryImageOfPage":{"@id":"https:\/\/www.waterair.com\/hu\/koszonjuk#primaryimage"},"image":{"@id":"https:\/\/www.waterair.com\/hu\/koszonjuk#primaryimage"},"thumbnailUrl":"https:\/\/www.waterair.com\/wp-content\/uploads\/2021\/11\/ei-1.jpg","datePublished":"2021-11-29T12:21:41+00:00","dateModified":"2026-01-29T08:46:57+00:00","breadcrumb":{"@id":"https:\/\/www.waterair.com\/hu\/koszonjuk#breadcrumb"},"inLanguage":"hu","potentialAction":[{"@type":"ReadAction","target":["https:\/\/www.waterair.com\/hu\/koszonjuk"]}]},{"@type":"ImageObject","inLanguage":"hu","@id":"https:\/\/www.waterair.com\/hu\/koszonjuk#primaryimage","url":"https:\/\/www.waterair.com\/wp-content\/uploads\/2021\/11\/ei-1.jpg","contentUrl":"https:\/\/www.waterair.com\/wp-content\/uploads\/2021\/11\/ei-1.jpg","width":1920,"height":400},{"@type":"BreadcrumbList","@id":"https:\/\/www.waterair.com\/hu\/koszonjuk#breadcrumb","itemListElement":[{"@type":"ListItem","position":1,"name":"C\u00edmlap","item":"https:\/\/www.waterair.com\/hu"},{"@type":"ListItem","position":2,"name":"K\u00f6sz\u00f6nj\u00fck,"}]},{"@type":"WebSite","@id":"https:\/\/www.waterair.com\/hu\/#website","url":"https:\/\/www.waterair.com\/hu\/","name":"Waterair medenc\u00e9k","description":"","potentialAction":[{"@type":"SearchAction","target":{"@type":"EntryPoint","urlTemplate":"https:\/\/www.waterair.com\/hu\/?s={search_term_string}"},"query-input":{"@type":"PropertyValueSpecification","valueRequired":true,"valueName":"search_term_string"}}],"inLanguage":"hu"}]}},"_links":{"self":[{"href":"https:\/\/www.waterair.com\/hu\/wp-json\/wp\/v2\/pages\/96710","targetHints":{"allow":["GET"]}}],"collection":[{"href":"https:\/\/www.waterair.com\/hu\/wp-json\/wp\/v2\/pages"}],"about":[{"href":"https:\/\/www.waterair.com\/hu\/wp-json\/wp\/v2\/types\/page"}],"author":[{"embeddable":true,"href":"https:\/\/www.waterair.com\/hu\/wp-json\/wp\/v2\/users\/8"}],"replies":[{"embeddable":true,"href":"https:\/\/www.waterair.com\/hu\/wp-json\/wp\/v2\/comments?post=96710"}],"version-history":[{"count":5,"href":"https:\/\/www.waterair.com\/hu\/wp-json\/wp\/v2\/pages\/96710\/revisions"}],"predecessor-version":[{"id":586795,"href":"https:\/\/www.waterair.com\/hu\/wp-json\/wp\/v2\/pages\/96710\/revisions\/586795"}],"wp:featuredmedia":[{"embeddable":true,"href":"https:\/\/www.waterair.com\/hu\/wp-json\/wp\/v2\/media\/92488"}],"wp:attachment":[{"href":"https:\/\/www.waterair.com\/hu\/wp-json\/wp\/v2\/media?parent=96710"}],"curies":[{"name":"wp","href":"https:\/\/api.w.org\/{rel}","templated":true}]}}