{"id":97264,"date":"2021-11-30T11:21:08","date_gmt":"2021-11-30T10:21:08","guid":{"rendered":"https:\/\/www.waterair2021.com\/?page_id=97264"},"modified":"2021-11-30T11:21:12","modified_gmt":"2021-11-30T10:21:12","slug":"kapcsolatba-lepni","status":"publish","type":"page","link":"https:\/\/www.waterair.com\/hu\/kapcsolatba-lepni","title":{"rendered":"Kapcsolatba l\u00e9pni"},"content":{"rendered":"    <div  class=\"block-contact content-block mt-2\" data-tab-section>\n        <div class=\"container\">\n                                        <div data-wa=\"fade-up\" data-wa-delay=\"100\" class=\"tabs js-tabs pt-3\">\n                                        <div class=\"tabs__blocks js-tabs-blocs\">\n                                                    <div class=\"tabs__block js-tabs-bloc pb-8\" style=\"display:block\">\n                                <div class=\"row pt-7\">\n    <div data-wa=\"fade-up\" class=\"col-12 col-lg-8 offset-lg-2\">\n        <form id=\"contact-form\" action=\"#contact-form\" method=\"post\" class=\"adipso-form js-validation-form text-left\" enctype=\"multipart\/form-data\">\n\t\n\t<input type=\"hidden\" id=\"adipso_form_nonce\" name=\"adipso_form_nonce\" value=\"f761377529\" \/><input type=\"hidden\" name=\"_wp_http_referer\" value=\"\/hu\/wp-json\/wp\/v2\/pages\/97264\" \/>\t<input type=\"hidden\" name=\"action\" value=\"adipso-form-contact-form\" \/>\n\n\t\t\t<div class=\"adipso-form__pot\">\n\t\t\t<label for=\"username\"><\/label><input type=\"text\" id=\"username\" name=\"username\" autocomplete=\"off\" tabindex=\"-1\" \/><label for=\"email\"><\/label><input type=\"email\" id=\"email\" name=\"email\" autocomplete=\"off\" tabindex=\"-1\" value=\"leave@thisemail.com\" \/>\t\t<\/div>\n\t\n\t\n\t<div class=\"adipso-form__fields\">\n\t\t<div class=\"adipso-form__layout adipso-form__layout-html \">\n\t<div class=\"adipso-form__layout-label adipso-form__layout-html-label\">\n\t\t\t<\/div>\n\n\t\t\t<small class=\"adipso-form__layout-instructions adipso-form__layout-html-instructions\">\n\t\t\t<div class=\"form-title h7\">Jeste li kupac?<\/div>\t\t<\/small>\n\t<\/div>\n<div class=\"adipso-form__layout adipso-form__layout-container row mt-3 js-display-field js-display-field--client_id\">\n\t<div class=\"input-radio-wrapper adipso-form__field adipso-form__field-radios col\">\n\n    \n    \n    <div class=\"adipso-form__field-choices adipso-form__field-radios-choices\">\n                            <label for=\"contact-form_is_customer_oui\" class=\"adipso-form__field-choice adipso-form__field-radios-choice \">\n                <input\n                    type=\"radio\"\n                    id=\"contact-form_is_customer_oui\"\n                    name=\"contact-form[is_customer]\"\n                    value=\"oui\"\n                                    \/>\n                <span class=\"input-label\">Igen<\/span>\n            <\/label>\n                                <label for=\"contact-form_is_customer_non\" class=\"adipso-form__field-choice adipso-form__field-radios-choice ml-3\">\n                <input\n                    type=\"radio\"\n                    id=\"contact-form_is_customer_non\"\n                    name=\"contact-form[is_customer]\"\n                    value=\"non\"\n                     checked='checked'                \/>\n                <span class=\"input-label\">Nem<\/span>\n            <\/label>\n                                <\/div>\n\n    <\/div>\n<div class=\"adipso-form__field adipso-form__field-text col is-hide client_id_wrapper\">\n    <div class=\"input-wrapper\">\n        <label for=\"contact-form_client_id\" class=\"adipso-form__field-label adipso-form__field-text-label\">\n            Vev\u0151sz\u00e1m                    <\/label>\n        <input\n                        type=\"text\"\n            id=\"contact-form_client_id\"\n            name=\"contact-form[client_id]\"\n            placeholder=\"\"\n            autocomplete=\"\"\n            value=\"\"\n                                                maxlength=\"\"\n                    \/>\n\n            <\/div>\n\n    <\/div>\n<\/div>\n<div class=\"adipso-form__layout adipso-form__layout-html \">\n\t<div class=\"adipso-form__layout-label adipso-form__layout-html-label\">\n\t\t\t<\/div>\n\n\t\t\t<small class=\"adipso-form__layout-instructions adipso-form__layout-html-instructions\">\n\t\t\t<div class=\"mt-6 form-title h7\">Szem\u00e9lyes adatok?<\/div>\t\t<\/small>\n\t<\/div>\n<div class=\"adipso-form__layout adipso-form__layout-container row\">\n\t<div class=\"adipso-form__field adipso-form__field-text adipso-form__field--required adipso-form__field-text--required col-12 col-sm-6 mt-3\">\n    <div class=\"input-wrapper\">\n        <label for=\"contact-form_name\" class=\"adipso-form__field-label adipso-form__field-text-label adipso-form__field-label--required adipso-form__field-text-label--required\">\n            Teljes n\u00e9v                            <span class=\"required\">*<\/span>\n                    <\/label>\n        <input\n            autocomplete=\"family-name\"            type=\"text\"\n            id=\"contact-form_name\"\n            name=\"contact-form[name]\"\n            placeholder=\"\"\n            autocomplete=\"family-name\"\n            value=\"\"\n             required='required'                                    maxlength=\"\"\n                    \/>\n\n            <\/div>\n\n    <\/div>\n<div class=\"adipso-form__field adipso-form__field-text col-12 col-sm-6 mt-3\">\n    <div class=\"input-wrapper\">\n        <label for=\"contact-form_firstname\" class=\"adipso-form__field-label adipso-form__field-text-label\">\n            Keresztn\u00e9v                    <\/label>\n        <input\n            autocomplete=\"given-name\"            type=\"text\"\n            id=\"contact-form_firstname\"\n            name=\"contact-form[firstname]\"\n            placeholder=\"\"\n            autocomplete=\"given-name\"\n            value=\"\"\n                                                maxlength=\"\"\n                    \/>\n\n            <\/div>\n\n    <\/div>\n<\/div>\n<div class=\"adipso-form__layout adipso-form__layout-container row three-cols\">\n\t<div class=\"adipso-form__field adipso-form__field-text adipso-form__field--required adipso-form__field-text--required col mt-4\">\n    <div class=\"input-wrapper\">\n        <label for=\"contact-form_street_address\" class=\"adipso-form__field-label adipso-form__field-text-label adipso-form__field-label--required adipso-form__field-text-label--required\">\n            Utca \u00e9s h\u00e1zsz\u00e1m                            <span class=\"required\">*<\/span>\n                    <\/label>\n        <input\n            autocomplete=\"off636990\"            type=\"text\"\n            id=\"contact-form_street_address\"\n            name=\"contact-form[street_address]\"\n            placeholder=\"\"\n            autocomplete=\"off999432\"\n            value=\"\"\n             required='required'                                    maxlength=\"\"\n                    \/>\n\n            <\/div>\n\n    <\/div>\n<div class=\"adipso-form__field adipso-form__field-text adipso-form__field--required adipso-form__field-text--required col mt-4\">\n    <div class=\"input-wrapper\">\n        <label for=\"contact-form_zip_code\" class=\"adipso-form__field-label adipso-form__field-text-label adipso-form__field-label--required adipso-form__field-text-label--required\">\n            Ir\u00e1ny\u00edt\u00f3sz\u00e1m                            <span class=\"required\">*<\/span>\n                    <\/label>\n        <input\n            autocomplete=\"off177788\"            type=\"text\"\n            id=\"contact-form_zip_code\"\n            name=\"contact-form[zip_code]\"\n            placeholder=\"\"\n            autocomplete=\"off391834\"\n            value=\"\"\n             required='required'                                    maxlength=\"\"\n                    \/>\n\n            <\/div>\n\n    <\/div>\n<div class=\"adipso-form__field adipso-form__field-text adipso-form__field--required adipso-form__field-text--required col mt-4\">\n    <div class=\"input-wrapper\">\n        <label for=\"contact-form_city\" class=\"adipso-form__field-label adipso-form__field-text-label adipso-form__field-label--required adipso-form__field-text-label--required\">\n            V\u00e1ros                            <span class=\"required\">*<\/span>\n                    <\/label>\n        <input\n            autocomplete=\"off532887\"            type=\"text\"\n            id=\"contact-form_city\"\n            name=\"contact-form[city]\"\n            placeholder=\"\"\n            autocomplete=\"off586366\"\n            value=\"\"\n             required='required'                                    maxlength=\"\"\n                    \/>\n\n            <\/div>\n\n    <\/div>\n<\/div>\n<div class=\"adipso-form__layout adipso-form__layout-container row\">\n\t<div class=\"adipso-form__field adipso-form__field-tel adipso-form__field--required adipso-form__field-tel--required col-12 col-sm-6 mt-4\">\n\n    <div class=\"input-wrapper\">\n        <label for=\"contact-form_phone\" class=\"adipso-form__field-label adipso-form__field-tel-label adipso-form__field-label--required adipso-form__field-tel-label--required\">\n            Telefonsz\u00e1m                            <span class=\"required\">*<\/span>\n                    <\/label>\n        <input\n            type=\"tel\"\n            id=\"contact-form_phone\"\n            name=\"contact-form[phone]\"\n            placeholder=\"\"\n            value=\"\"\n             required='required'                                    maxlength=\"\"\n            pattern=\"[0-9\\(\\)\\s+\\-]{6,}\"    \t\tdata-invalid-message=\"A telefonsz\u00e1mnak legal\u00e1bb 6 karaktert kell tartalmaznia\"\n        \/>\n\n            <\/div>\n\n    <\/div>\n<div class=\"adipso-form__field adipso-form__field-email adipso-form__field--required adipso-form__field-email--required col-12 col-sm-6 mt-4\">\n\n\n    <div class=\"input-wrapper\">\n        <label for=\"contact-form_email\" class=\"adipso-form__field-label adipso-form__field-email-label adipso-form__field-label--required adipso-form__field-email-label--required\">\n            E-mail                            <span class=\"required\">*<\/span>\n                    <\/label>\n        <input\n            type=\"email\"\n            id=\"contact-form_email\"\n            name=\"contact-form[email]\"\n            placeholder=\"\"\n            value=\"\"\n             required='required'                                    maxlength=\"\"\n                    \/>\n\n            <\/div>\n\n    <\/div>\n<\/div>\n<div class=\"adipso-form__layout adipso-form__layout-html \">\n\t<div class=\"adipso-form__layout-label adipso-form__layout-html-label\">\n\t\t\t<\/div>\n\n\t\t\t<small class=\"adipso-form__layout-instructions adipso-form__layout-html-instructions\">\n\t\t\t<div class=\"mt-6 form-title h7\">Az \u00d6n k\u00e9r\u00e9se<\/div>\t\t<\/small>\n\t<\/div>\n<div class=\"adipso-form__layout adipso-form__layout-container row\">\n\t<\/div>\n<div class=\"adipso-form__layout adipso-form__layout-container row mt-4\">\n\t<div class=\"adipso-form__field adipso-form__field-textarea adipso-form__field--required adipso-form__field-textarea--required col\">\n    <div class=\"input-wrapper input-textarea-wrapper\">\n        <label for=\"contact-form_message\" class=\"adipso-form__field-label adipso-form__field-textarea-label adipso-form__field-label--required adipso-form__field-textarea-label--required\">\n            K\u00e9r\u00e9s                            <span class=\"required\">*<\/span>\n                    <\/label>\n        <textarea\n            id=\"contact-form_message\"\n            name=\"contact-form[message]\"\n            placeholder=\"\"\n             required='required'                                    maxlength=\"\"\n        ><\/textarea>\n\n            <\/div>\n\n    \n    \n<\/div>\n<\/div>\n<div class=\"adipso-form__layout adipso-form__layout-html \">\n\t<div class=\"adipso-form__layout-label adipso-form__layout-html-label\">\n\t\t\t<\/div>\n\n\t\t\t<small class=\"adipso-form__layout-instructions adipso-form__layout-html-instructions\">\n\t\t\t<div class=\"form-note mt-1\">A *-gal jel\u00f6lt mez\u0151k kit\u00f6lt\u00e9se k\u00f6telez\u0151<\/div>\t\t<\/small>\n\t<\/div>\n<input\n\ttype=\"hidden\"\n\tname=\"contact-form[lang]\"\n\tvalue=\"hu\"\n\/>\n<input\n\ttype=\"hidden\"\n\tname=\"contact-form[form]\"\n\tvalue=\"contact\"\n\/>\n<input\n\ttype=\"hidden\"\n\tname=\"contact-form[recipients]\"\n\tvalue=\"\"\n\/>\n\t<\/div>\n\n\t<div class=\"adipso-form__submit text-center mt-6\">\n\t\t\t\t<button class=\"btn btn--secondary\" type=\"submit\">K\u00e9r\u00e9s elk\u00fcld\u00e9se<\/button>\n\t\t\t<\/div>\n\n\t\t\t<div class=\"form-note mt-6\">\n\t\t\t<span style=\"font-size:13px;\">A *-gal jel\u00f6lt mez\u0151k kit\u00f6lt\u00e9se k\u00f6telez\u0151<br \/>\r\nA szem\u00e9lyes adatait a Waterair csoport az \u00d6n k\u00e9r\u00e9s\u00e9vel \u00f6sszef\u00fcgg\u00e9sben kezeli. Tov\u00e1bbi inform\u00e1ci\u00f3\u00e9rt, k\u00e9rj\u00fck, tekintse meg a weboldalunk alj\u00e1n tal\u00e1lhat\u00f3 adatv\u00e9delmi nyilatkozatot.<\/span>\t\t<\/div>\n\t\n\t\n\t<\/form>\n    <\/div>\n<\/div>\n                            <\/div>\n                                            <\/div>\n                <\/div>\n                    <\/div>\n    <\/div>\n","protected":false},"excerpt":{"rendered":"","protected":false},"author":8,"featured_media":0,"parent":0,"menu_order":0,"comment_status":"closed","ping_status":"closed","template":"","meta":{"_acf_changed":false,"om_disable_all_campaigns":false,"footnotes":""},"class_list":["post-97264","page","type-page","status-publish","hentry"],"acf":[],"yoast_head":"<!-- This site is optimized with the Yoast SEO Premium plugin v25.4 (Yoast SEO v27.2) - https:\/\/yoast.com\/product\/yoast-seo-premium-wordpress\/ -->\n<title>Kapcsolatba l\u00e9pni | Waterair medenc\u00e9k<\/title>\n<meta name=\"robots\" content=\"index, follow, max-snippet:-1, max-image-preview:large, max-video-preview:-1\" \/>\n<link rel=\"canonical\" href=\"https:\/\/www.waterair.com\/hu\/kapcsolatba-lepni\" \/>\n<meta property=\"og:locale\" content=\"hu_HU\" \/>\n<meta property=\"og:type\" content=\"article\" \/>\n<meta property=\"og:title\" content=\"Kapcsolatba l\u00e9pni\" \/>\n<meta property=\"og:url\" content=\"https:\/\/www.waterair.com\/hu\/kapcsolatba-lepni\" \/>\n<meta property=\"og:site_name\" content=\"Waterair medenc\u00e9k\" \/>\n<meta property=\"article:modified_time\" content=\"2021-11-30T10:21:12+00:00\" \/>\n<meta name=\"twitter:card\" content=\"summary_large_image\" \/>\n<script type=\"application\/ld+json\" class=\"yoast-schema-graph\">{\"@context\":\"https:\/\/schema.org\",\"@graph\":[{\"@type\":\"WebPage\",\"@id\":\"https:\/\/www.waterair.com\/hu\/kapcsolatba-lepni\",\"url\":\"https:\/\/www.waterair.com\/hu\/kapcsolatba-lepni\",\"name\":\"Kapcsolatba l\u00e9pni | Waterair medenc\u00e9k\",\"isPartOf\":{\"@id\":\"https:\/\/www.waterair.com\/hu\/#website\"},\"datePublished\":\"2021-11-30T10:21:08+00:00\",\"dateModified\":\"2021-11-30T10:21:12+00:00\",\"breadcrumb\":{\"@id\":\"https:\/\/www.waterair.com\/hu\/kapcsolatba-lepni#breadcrumb\"},\"inLanguage\":\"hu\",\"potentialAction\":[{\"@type\":\"ReadAction\",\"target\":[\"https:\/\/www.waterair.com\/hu\/kapcsolatba-lepni\"]}]},{\"@type\":\"BreadcrumbList\",\"@id\":\"https:\/\/www.waterair.com\/hu\/kapcsolatba-lepni#breadcrumb\",\"itemListElement\":[{\"@type\":\"ListItem\",\"position\":1,\"name\":\"C\u00edmlap\",\"item\":\"https:\/\/www.waterair.com\/hu\"},{\"@type\":\"ListItem\",\"position\":2,\"name\":\"Kapcsolatba l\u00e9pni\"}]},{\"@type\":\"WebSite\",\"@id\":\"https:\/\/www.waterair.com\/hu\/#website\",\"url\":\"https:\/\/www.waterair.com\/hu\/\",\"name\":\"Waterair medenc\u00e9k\",\"description\":\"\",\"potentialAction\":[{\"@type\":\"SearchAction\",\"target\":{\"@type\":\"EntryPoint\",\"urlTemplate\":\"https:\/\/www.waterair.com\/hu\/?s={search_term_string}\"},\"query-input\":{\"@type\":\"PropertyValueSpecification\",\"valueRequired\":true,\"valueName\":\"search_term_string\"}}],\"inLanguage\":\"hu\"}]}<\/script>\n<!-- \/ Yoast SEO Premium plugin. -->","yoast_head_json":{"title":"Kapcsolatba l\u00e9pni | Waterair medenc\u00e9k","robots":{"index":"index","follow":"follow","max-snippet":"max-snippet:-1","max-image-preview":"max-image-preview:large","max-video-preview":"max-video-preview:-1"},"canonical":"https:\/\/www.waterair.com\/hu\/kapcsolatba-lepni","og_locale":"hu_HU","og_type":"article","og_title":"Kapcsolatba l\u00e9pni","og_url":"https:\/\/www.waterair.com\/hu\/kapcsolatba-lepni","og_site_name":"Waterair medenc\u00e9k","article_modified_time":"2021-11-30T10:21:12+00:00","twitter_card":"summary_large_image","schema":{"@context":"https:\/\/schema.org","@graph":[{"@type":"WebPage","@id":"https:\/\/www.waterair.com\/hu\/kapcsolatba-lepni","url":"https:\/\/www.waterair.com\/hu\/kapcsolatba-lepni","name":"Kapcsolatba l\u00e9pni | Waterair medenc\u00e9k","isPartOf":{"@id":"https:\/\/www.waterair.com\/hu\/#website"},"datePublished":"2021-11-30T10:21:08+00:00","dateModified":"2021-11-30T10:21:12+00:00","breadcrumb":{"@id":"https:\/\/www.waterair.com\/hu\/kapcsolatba-lepni#breadcrumb"},"inLanguage":"hu","potentialAction":[{"@type":"ReadAction","target":["https:\/\/www.waterair.com\/hu\/kapcsolatba-lepni"]}]},{"@type":"BreadcrumbList","@id":"https:\/\/www.waterair.com\/hu\/kapcsolatba-lepni#breadcrumb","itemListElement":[{"@type":"ListItem","position":1,"name":"C\u00edmlap","item":"https:\/\/www.waterair.com\/hu"},{"@type":"ListItem","position":2,"name":"Kapcsolatba l\u00e9pni"}]},{"@type":"WebSite","@id":"https:\/\/www.waterair.com\/hu\/#website","url":"https:\/\/www.waterair.com\/hu\/","name":"Waterair medenc\u00e9k","description":"","potentialAction":[{"@type":"SearchAction","target":{"@type":"EntryPoint","urlTemplate":"https:\/\/www.waterair.com\/hu\/?s={search_term_string}"},"query-input":{"@type":"PropertyValueSpecification","valueRequired":true,"valueName":"search_term_string"}}],"inLanguage":"hu"}]}},"_links":{"self":[{"href":"https:\/\/www.waterair.com\/hu\/wp-json\/wp\/v2\/pages\/97264","targetHints":{"allow":["GET"]}}],"collection":[{"href":"https:\/\/www.waterair.com\/hu\/wp-json\/wp\/v2\/pages"}],"about":[{"href":"https:\/\/www.waterair.com\/hu\/wp-json\/wp\/v2\/types\/page"}],"author":[{"embeddable":true,"href":"https:\/\/www.waterair.com\/hu\/wp-json\/wp\/v2\/users\/8"}],"replies":[{"embeddable":true,"href":"https:\/\/www.waterair.com\/hu\/wp-json\/wp\/v2\/comments?post=97264"}],"version-history":[{"count":1,"href":"https:\/\/www.waterair.com\/hu\/wp-json\/wp\/v2\/pages\/97264\/revisions"}],"predecessor-version":[{"id":97265,"href":"https:\/\/www.waterair.com\/hu\/wp-json\/wp\/v2\/pages\/97264\/revisions\/97265"}],"wp:attachment":[{"href":"https:\/\/www.waterair.com\/hu\/wp-json\/wp\/v2\/media?parent=97264"}],"curies":[{"name":"wp","href":"https:\/\/api.w.org\/{rel}","templated":true}]}}