{"id":307195,"date":"2023-06-16T16:26:44","date_gmt":"2023-06-16T14:26:44","guid":{"rendered":"https:\/\/www.waterair.com\/?page_id=307195"},"modified":"2025-12-17T15:57:57","modified_gmt":"2025-12-17T14:57:57","slug":"vorteile-pools-mit-einer-grosse-von-bis-zu-10-m2","status":"publish","type":"page","link":"https:\/\/www.waterair.com\/lu-de\/tipps\/boden\/pool-fur-den-kleinen-garten\/welche-vorteile-haben-pools-mit-einer-groesse-von-bis-zu-10-m2","title":{"rendered":"Welche Vorteile haben Pools mit einer Gr\u00f6\u00dfe von bis zu 10 m2 ?"},"content":{"rendered":"<div class=\"container block--core-paragraph\"><div class=\"row\"><div class=\"col-12 \">\n<p><em> <em>Sie haben nicht viel Platz in Ihrem Garten und tr\u00e4umen trotzdem von einem Pool? Entscheiden Sie sich f\u00fcr einen Pool mit einer Gr\u00f6\u00dfe von bis zu 10 m<sup>2<\/sup>: Eine clevere Wahl mit vielen Vorteilen!<\/em><\/em><\/p>\n<\/div><\/div><\/div>\n\n<div class=\"container block--core-paragraph\"><div class=\"row\"><div class=\"col-12 \">\n<p><\/p>\n<\/div><\/div><\/div>\n\n<div  class=\"block-content-media  content-block   has-no-title\">\n            <div class=\"container\">\n            <div class=\"row\">\n                <div class=\"col\">\n                    <div class=\"row flex-column flex-md-row \">\n                        <div class=\"content-block__col col-12 d-flex flex-column align-items-md-start order-lg-2\">\n                                                                                                                                                <div data-wa=\"fade-up\" data-wa-delay=\"400\" class=\"content-block__description text--sm text-weight--300 mb-0\">\n                                    <h2>Warum sollte man einen kleinen Pool kaufen?<\/h2>\n<p>Pools mit einer Gr\u00f6\u00dfe von 10 m<sup>2<\/sup> oder weniger sind die perfekte L\u00f6sung f\u00fcr Probleme mit kleinen Grundst\u00fccken. Au\u00dferdem sind sie preisg\u00fcnstig und aufgrund ihrer geringen Gr\u00f6\u00dfe leichter zu pflegen.<\/p>\n<p>&nbsp;<\/p>\n<h3>Ein Pool f\u00fcr kleine Grundst\u00fccke<\/h3>\n<p>Sie tr\u00e4umen vom Baden im Freien auf eigenem Grund, aber Ihr Grundst\u00fcck erscheint Ihnen zu klein, um einen Pool aufzustellen? Oder hat Ihr Garten eine atypische Form, und der Bau eines Pools erscheint Ihnen kompliziert? <strong>Entscheiden Sie sich f\u00fcr einen ma\u00dfgefertigten Pool mit einer Gr\u00f6\u00dfe von weniger als 10 m<sup>2<\/sup> oder einer geringen Breite. Insbesondere die Slim-Modelle von Waterair sind eine ideale L\u00f6sung!<\/strong><\/p>\n<p>Denn mit ihrer geringen Gr\u00f6\u00dfe <strong>passen diese kleinen Pools auch in die schmalsten G\u00e4rten<\/strong>. Sie nutzen den Platz optimal, da sie an Ihr Grundst\u00fcck angepasst werden k\u00f6nnen. Mit ihrer \u00fcberschaubaren Gr\u00f6\u00dfe erm\u00f6glichen sie es Ihnen, Ihre Badetr\u00e4ume zu verwirklichen, ohne Ihr Grundst\u00fcck zu \u00fcberf\u00fcllen.<\/p>\n<p>Waterair Pools bietet mehrere kleine Pools als Baus\u00e4tze in verschiedenen Formen an: abgerundet, quadratisch oder rechteckig \u2013 <strong>Sie finden bestimmt den idealen Pool, der den Beschr\u00e4nkungen Ihres Grundst\u00fccks entspricht<\/strong>.<\/p>\n<p>&nbsp;<\/p>\n<h3>10m<sup>2<\/sup>-Swimmingpool: Eine clevere Wahl f\u00fcrs Budget<\/h3>\n<p><strong>Ein kleiner Stadtpool bedeutet auch Einsparungen bei der Stromrechnung und beim <a>Wasserverbrauch <\/a><\/strong>. Im Vergleich zu gr\u00f6\u00dferen Becken ben\u00f6tigen Pools mit einer Gr\u00f6\u00dfe h\u00f6chstens 10 m<sup>2<\/sup> n\u00e4mlich weniger Wasser und damit auch weniger Strom zu dessen Filterung und Erhitzung. Auch die Rechnung f\u00fcr Reinigungsmittel f\u00e4llt niedriger aus, weil Sie weniger brauchen.<\/p>\n<p>Au\u00dferdem erweist sich <strong>ein kleiner Pool als wesentlich g\u00fcnstiger in der Anschaffung als ein mittelgro\u00dfer oder gro\u00dfer Pool<\/strong>. Je nach Materialien und Technologie kann der Preis f\u00fcr einen Minipool zwischen 5.000 und 30.000 Euro liegen:<\/p>\n<table style=\"height: 185px;\" width=\"1005\">\n<thead>\n<tr>\n<th><strong>Art des Minipools (- 10 m<sup>2<\/sup>)<\/strong><\/th>\n<th>Preisspanne (in Euro)<\/th>\n<\/tr>\n<\/thead>\n<tbody>\n<tr>\n<td>Bausatzpool<\/td>\n<td>5 000 &#8211; 10 000<\/td>\n<\/tr>\n<tr>\n<td>Schalenpool<\/td>\n<td>10 000 &#8211; 20 000<\/td>\n<\/tr>\n<tr>\n<td>Betonpool<\/td>\n<td>15 000 &#8211; 30 000<\/td>\n<\/tr>\n<tr>\n<td>Holzpool<\/td>\n<td>1 000 &#8211; 5 000<\/td>\n<\/tr>\n<\/tbody>\n<\/table>\n<p>&nbsp;<\/p>\n<p>Zum Vergleich: <strong>Ein gro\u00dfer, in den Boden eingelassener Pool kostet im Durchschnitt zwischen 15.000 und 50.000 \u20ac<\/strong>. Unter Kosten- und Zweckm\u00e4\u00dfigkeitsgesichtspunkten ist der Mini-Pool als Bausatz ideal, da er leicht und schnell zu installieren ist.<\/p>\n                                <\/div>\n                                                                                        <div data-wa=\"fade-up\" data-wa-delay=\"500\">\n                                                                    <\/div>\n                                                    <\/div>\n                                            <\/div>\n                <\/div>\n            <\/div>\n        <\/div>\n    <\/div>\n\n<div  class=\"block-plus content-block\">\n\t\t\t<div class=\"container\">\n\t\t\t<div data-wa=\"fade-up\" class=\"content-block__holder\">\n\t\t\t\t\t\t\t\t\t\t\t\t\t<div class=\"row justify-content-center\">\n\t\t\t\t\t\t<div class=\"col-10 col-lg-11\">\n\t\t\t\t\t\t\t<div class=\"content-block__description wysiwyg z-above mt-2 mb-0\"><p>M\u00f6chten Sie noch mehr sparen? Waterair Pools hat spezielle Ausstattungslinien entwickelt, die Ihnen helfen, Ihren Pool kosteng\u00fcnstig zu pflegen. Mit der Ausstattungslinie Waterair ECO.WAT sparen Sie bei der Nutzung des Pools und k\u00f6nnen ihn budgetschonend genie\u00dfen!<br \/>\n&gt; <a href=\"https:\/\/www.waterair.com\/lu-de\/die-ausstattungslinien-der-waterair-pools\">Entdecken Sie die Waterair-Ausstattungslinien<\/a>.<\/p>\n<\/div>\n\t\t\t\t\t\t<\/div>\n\t\t\t\t\t<\/div>\n\t\t\t\t\t\t\t\t<div class=\"row justify-content-end d-none d-lg-flex\">\n                    <div class=\"col-2 col-lg-3\">\n                        <div class=\"content-block__wave-outline\">\n                            <svg width=\"678\" height=\"589\" viewBox=\"0 0 1000 1000\">\n                                <path fill=\"none\" stroke=\"#FFF\" stroke-width=\"2\" opacity=\".2\" data-blob='{\"minRadius\": \"430\",\"maxRadius\":\"490\", \"numPoints\": \"16\"}'><\/path>\n                            <\/svg>\n                        <\/div>\n                    <\/div>\n                <\/div>\n\t\t\t<\/div>\n\t\t<\/div>\n\t<\/div>\n\n\n<div  class=\"block-content-media  content-block   has-no-title\">\n            <div class=\"container\">\n            <div class=\"row\">\n                <div class=\"col\">\n                    <div class=\"row flex-column flex-md-row \">\n                        <div class=\"content-block__col col-12 d-flex flex-column align-items-md-start order-lg-2\">\n                                                                                                                                                <div data-wa=\"fade-up\" data-wa-delay=\"400\" class=\"content-block__description text--sm text-weight--300 mb-0\">\n                                    <h2>Welche Baumethode ist die richtige f\u00fcr einen Minipool?<\/h2>\n<p><strong>Die Kosten f\u00fcr die Installation eines Minipools sind aufgrund seiner Gr\u00f6\u00dfe geringer.<\/strong> . Wenn Sie sich f\u00fcr einen kleinen Pool als Bausatz entscheiden, k\u00f6nnen Sie bei diesem Posten sparen. Bei Waterair haben Sie die M\u00f6glichkeit, <strong>Ihren Pool komplett selbst zu montieren<\/strong>.<\/p>\n<p>Unsere Modelle f\u00fcr kleine Swimmingpools im Bausatz wurden speziell daf\u00fcr entwickelt, Ihnen die Arbeit zu erleichtern. Sie erhalten au\u00dferdem eine <strong>pers\u00f6nliche Anleitung zum Aufbau<\/strong>. Um Ihr Budget voll im Griff zu haben, k\u00f6nnen Sie auch einen unserer <a>Montagetarife <\/a> w\u00e4hlen und sich bei bestimmten Projektschritten von unseren Partnern unterst\u00fctzen lassen.<\/p>\n<p>Wie gro\u00df oder klein Ihr Garten auch immer ist, unsere Pools mit einer Gr\u00f6\u00dfe von 10 m<sup>\u00b2<\/sup> oder weniger sind auch f\u00fcr die kleinsten Grundst\u00fccke geeignet. <strong>Die Bausatz &#8211;<a href=\"https:\/\/www.waterair.com\/lu-de\/pools-und-ausstattung\/pools\/mini\">Minipools <\/a>von Waterair gibt es in verschiedenen Formen und Gr\u00f6\u00dfen, um Ihren Bed\u00fcrfnissen perfekt zu entsprechen<\/strong>. Sie sind au\u00dferdem vollst\u00e4ndig anpassbar, so dass Sie einen einzigartigen Pool gestalten k\u00f6nnen, der Ihren W\u00fcnschen, Ihrem Budget und Ihrem Garten entspricht.<\/p>\n                                <\/div>\n                                                                                        <div data-wa=\"fade-up\" data-wa-delay=\"500\">\n                                                                    <\/div>\n                                                    <\/div>\n                                            <\/div>\n                <\/div>\n            <\/div>\n        <\/div>\n    <\/div>\n\n<div  class=\"block-links  content-block\">\n\t\t\t\t\t\t<div class=\"container mb-md-8 mb-4\">\n\t\t\t\t<div class=\"row align-items-end\">\n\t\t\t\t\t<div class=\"col-12\">\n\t\t\t\t\t\t\t\t\t\t\t\t\t<h2 data-wa=\"fade-up\" class=\"content-block__title mb-0\">Weitere Informationen<\/h2>\n\t\t\t\t\t\t\t\t\t\t\t\t\t\t\t\t\t<\/div>\n\t\t\t\t\t\t\t\t\t<\/div>\n\t\t\t<\/div>\n\t\t\t\t\t\t\t<div data-wa=\"fade-up\" data-wa-delay=\"300\" class=\"content-block__slider splide\" data-splide>\n\t\t\t\t<div class=\"splide__track\">\n\t\t\t\t\t<div class=\"splide__list\">\n\t\t\t\t\t\t\t\t\t\t\t\t\t\t\t\t\t\t\t\t\t<a data-wa=\"fade-up\" href=\"https:\/\/www.waterair.com\/lu-de\/pools-und-ausstattung\/pools\/mini\" class=\"item-card is-size-card splide__slide has-description\">\n\t<div class=\"item-card__infos item-card__infos--simple\">\n\t\t<h3 class=\"item-card__title mb-0 c-white\">Mini-Pool<\/h3>\n\t\t\t\t\t\t\t\t\t<div class=\"item-card__description mb-0\"><p>Heute hat jeder das Recht auf einen Pool, auch die Besitzer kleiner Grundst\u00fccke. Mit nur 50 m2 Garten k\u00f6nnen Sie sich an einem sch\u00f6nen Pool entspannen, Sport treiben oder spielen. Die Formen und Ausstattungen variieren. Wir k\u00f6nnen Ihnen DEN Pool empfehlen, der sich an Ihre W\u00fcnsche und Ihren Garten anpasst.<\/p>\r\n<\/div>\n\t\t\t\t\t\t<\/div>\n\t\t<img loading=\"lazy\" decoding=\"async\" width=\"540\" height=\"540\" src=\"https:\/\/www.waterair.com\/wp-content\/uploads\/2025\/12\/romy-mini-piscine-skimmer-540x540.webp\" class=\"attachment-card size-card\" alt=\"Romy mini piscine skimmer\" srcset=\"https:\/\/www.waterair.com\/wp-content\/uploads\/2025\/12\/romy-mini-piscine-skimmer-540x540.webp 540w, https:\/\/www.waterair.com\/wp-content\/uploads\/2025\/12\/romy-mini-piscine-skimmer-1080x1080.webp 1080w, https:\/\/www.waterair.com\/wp-content\/uploads\/2025\/12\/romy-mini-piscine-skimmer-480x480.webp 480w, https:\/\/www.waterair.com\/wp-content\/uploads\/2025\/12\/romy-mini-piscine-skimmer-240x240.webp 240w, https:\/\/www.waterair.com\/wp-content\/uploads\/2025\/12\/romy-mini-piscine-skimmer-150x150.webp 150w, https:\/\/www.waterair.com\/wp-content\/uploads\/2025\/12\/romy-mini-piscine-skimmer-75x75.webp 75w, https:\/\/www.waterair.com\/wp-content\/uploads\/2025\/12\/romy-mini-piscine-skimmer-780x780.webp 780w, https:\/\/www.waterair.com\/wp-content\/uploads\/2025\/12\/romy-mini-piscine-skimmer-390x390.webp 390w, https:\/\/www.waterair.com\/wp-content\/uploads\/2025\/12\/romy-mini-piscine-skimmer-320x320.webp 320w, https:\/\/www.waterair.com\/wp-content\/uploads\/2025\/12\/romy-mini-piscine-skimmer-160x160.webp 160w\" sizes=\"auto, (max-width: 540px) 100vw, 540px\" \/><\/a>\t\t\t\t\t\t\t\t\t\t\t\t\t\t\t\t\t\t\t\t\t\t\t\t\t\t\t\t<a data-wa=\"fade-up\" href=\"https:\/\/www.waterair.com\/lu-de\/projekt-pool\/preis-eines-pools\" class=\"item-card is-size-card splide__slide has-description\">\n\t<div class=\"item-card__infos item-card__infos--simple\">\n\t\t<h3 class=\"item-card__title mb-0 c-white\">Preis eines Pools<\/h3>\n\t\t\t\t\t\t\t\t\t<div class=\"item-card__description mb-0\">Dank der technischen Entwicklungen gibt es heute eine sehr gro\u00dfe Auswahl an eingelassenen Pools. Platten, Polyesterschalen, Beton \u2013 die Verfahren sind vielf\u00e4ltig, und die Entscheidung beeinflusst den Preis eines Pools. Die verschiedenen Tarife k\u00f6nnen sich jedoch als erschwinglich erweisen und sich so den Bed\u00fcrfnissen und W\u00fcnschen jedes Einzelnen anpassen.<\/div>\n\t\t\t\t\t\t<\/div>\n\t\t<img loading=\"lazy\" decoding=\"async\" width=\"540\" height=\"540\" src=\"https:\/\/www.waterair.com\/wp-content\/uploads\/2026\/01\/rectangle-pente-plage-bois2-540x540.webp\" class=\"attachment-card size-card\" alt=\"\" srcset=\"https:\/\/www.waterair.com\/wp-content\/uploads\/2026\/01\/rectangle-pente-plage-bois2-540x540.webp 540w, https:\/\/www.waterair.com\/wp-content\/uploads\/2026\/01\/rectangle-pente-plage-bois2-1080x1080.webp 1080w, https:\/\/www.waterair.com\/wp-content\/uploads\/2026\/01\/rectangle-pente-plage-bois2-480x480.webp 480w, https:\/\/www.waterair.com\/wp-content\/uploads\/2026\/01\/rectangle-pente-plage-bois2-240x240.webp 240w, https:\/\/www.waterair.com\/wp-content\/uploads\/2026\/01\/rectangle-pente-plage-bois2-150x150.webp 150w, https:\/\/www.waterair.com\/wp-content\/uploads\/2026\/01\/rectangle-pente-plage-bois2-75x75.webp 75w, https:\/\/www.waterair.com\/wp-content\/uploads\/2026\/01\/rectangle-pente-plage-bois2-780x780.webp 780w, https:\/\/www.waterair.com\/wp-content\/uploads\/2026\/01\/rectangle-pente-plage-bois2-390x390.webp 390w, https:\/\/www.waterair.com\/wp-content\/uploads\/2026\/01\/rectangle-pente-plage-bois2-320x320.webp 320w, https:\/\/www.waterair.com\/wp-content\/uploads\/2026\/01\/rectangle-pente-plage-bois2-160x160.webp 160w\" sizes=\"auto, (max-width: 540px) 100vw, 540px\" \/><\/a>\t\t\t\t\t\t\t\t\t\t\t\t\t\t\t\t\t\t<\/div>\n\t\t\t\t<\/div>\n\t\t\t<\/div>\n\t\t\t\t\t<\/div>\n\n<div class=\"container block--core-paragraph\"><div class=\"row\"><div class=\"col-12 \">\n<p>Der Mini-Pool im Bausatz macht Sie neugierig? Erstellen Sie gemeinsam mit einem Waterair-Berater eine <a href=\"https:\/\/www.waterair.com\/lu-de\/installationsstudie\">Baustudie<\/a>, um das richtige Modell f\u00fcr Ihr kleines Grundst\u00fcck auszuw\u00e4hlen!<\/p>\n<\/div><\/div><\/div>\n\n<div class=\"container block--core-paragraph\"><div class=\"row\"><div class=\"col-12 \">\n<p><\/p>\n<\/div><\/div><\/div>","protected":false},"excerpt":{"rendered":"<p>Sie haben nicht viel Platz in Ihrem Garten und tr\u00e4umen trotzdem von einem Pool? Entscheiden Sie sich f\u00fcr einen Pool mit einer Gr\u00f6\u00dfe von bis zu 10 m2: Eine clevere Wahl mit vielen Vorteilen! Der Mini-Pool im Bausatz macht Sie neugierig? Erstellen Sie gemeinsam mit einem Waterair-Berater eine Baustudie, um das richtige Modell f\u00fcr Ihr [&hellip;]<\/p>\n","protected":false},"author":10,"featured_media":341836,"parent":35407,"menu_order":0,"comment_status":"closed","ping_status":"closed","template":"","meta":{"_acf_changed":false,"om_disable_all_campaigns":false,"footnotes":""},"class_list":["post-307195","page","type-page","status-publish","has-post-thumbnail","hentry"],"acf":[],"yoast_head":"<!-- This site is optimized with the Yoast SEO Premium plugin v25.4 (Yoast SEO v27.2) - https:\/\/yoast.com\/product\/yoast-seo-premium-wordpress\/ -->\n<title>10 m2 Pool: Die Vorteile | Waterair Pools<\/title>\n<meta name=\"description\" content=\"Sie haben nicht viel Platz in Ihrem Garten? Pools mit einer Gr\u00f6\u00dfe von 10 m2 oder weniger bieten viele Vorteile: eine clevere Wahl!\" \/>\n<meta name=\"robots\" content=\"index, follow, max-snippet:-1, max-image-preview:large, max-video-preview:-1\" \/>\n<link rel=\"canonical\" href=\"https:\/\/www.waterair.com\/lu-de\/tipps\/boden\/pool-fur-den-kleinen-garten\/welche-vorteile-haben-pools-mit-einer-groesse-von-bis-zu-10-m2\" \/>\n<meta property=\"og:locale\" content=\"de_DE\" \/>\n<meta property=\"og:type\" content=\"article\" \/>\n<meta property=\"og:title\" content=\"Welche Vorteile haben Pools mit einer Gr\u00f6\u00dfe von bis zu 10 m2 ?\" \/>\n<meta property=\"og:description\" content=\"Sie haben nicht viel Platz in Ihrem Garten? Pools mit einer Gr\u00f6\u00dfe von 10 m2 oder weniger bieten viele Vorteile: eine clevere Wahl!\" \/>\n<meta property=\"og:url\" content=\"https:\/\/www.waterair.com\/lu-de\/tipps\/boden\/pool-fur-den-kleinen-garten\/welche-vorteile-haben-pools-mit-einer-groesse-von-bis-zu-10-m2\" \/>\n<meta property=\"og:site_name\" content=\"Waterair Pools\" \/>\n<meta property=\"article:modified_time\" content=\"2025-12-17T14:57:57+00:00\" \/>\n<meta property=\"og:image\" content=\"https:\/\/www.waterair.com\/wp-content\/uploads\/2023\/08\/header-lp-nouveaute-gres-cerame.webp\" \/>\n\t<meta property=\"og:image:width\" content=\"2720\" \/>\n\t<meta property=\"og:image:height\" content=\"640\" \/>\n\t<meta property=\"og:image:type\" content=\"image\/webp\" \/>\n<meta name=\"twitter:card\" content=\"summary_large_image\" \/>\n<meta name=\"twitter:label1\" content=\"Est. reading time\" \/>\n\t<meta name=\"twitter:data1\" content=\"4 minutes\" \/>\n<script type=\"application\/ld+json\" class=\"yoast-schema-graph\">{\"@context\":\"https:\/\/schema.org\",\"@graph\":[{\"@type\":\"WebPage\",\"@id\":\"https:\/\/www.waterair.com\/lu-de\/tipps\/boden\/pool-fur-den-kleinen-garten\/welche-vorteile-haben-pools-mit-einer-groesse-von-bis-zu-10-m2\",\"url\":\"https:\/\/www.waterair.com\/lu-de\/tipps\/boden\/pool-fur-den-kleinen-garten\/welche-vorteile-haben-pools-mit-einer-groesse-von-bis-zu-10-m2\",\"name\":\"10 m2 Pool: Die Vorteile | Waterair Pools\",\"isPartOf\":{\"@id\":\"https:\/\/www.waterair.com\/lu-de\/#website\"},\"primaryImageOfPage\":{\"@id\":\"https:\/\/www.waterair.com\/lu-de\/tipps\/boden\/pool-fur-den-kleinen-garten\/welche-vorteile-haben-pools-mit-einer-groesse-von-bis-zu-10-m2#primaryimage\"},\"image\":{\"@id\":\"https:\/\/www.waterair.com\/lu-de\/tipps\/boden\/pool-fur-den-kleinen-garten\/welche-vorteile-haben-pools-mit-einer-groesse-von-bis-zu-10-m2#primaryimage\"},\"thumbnailUrl\":\"https:\/\/www.waterair.com\/wp-content\/uploads\/2023\/08\/header-lp-nouveaute-gres-cerame.webp\",\"datePublished\":\"2023-06-16T14:26:44+00:00\",\"dateModified\":\"2025-12-17T14:57:57+00:00\",\"description\":\"Sie haben nicht viel Platz in Ihrem Garten? Pools mit einer Gr\u00f6\u00dfe von 10 m2 oder weniger bieten viele Vorteile: eine clevere Wahl!\",\"breadcrumb\":{\"@id\":\"https:\/\/www.waterair.com\/lu-de\/tipps\/boden\/pool-fur-den-kleinen-garten\/welche-vorteile-haben-pools-mit-einer-groesse-von-bis-zu-10-m2#breadcrumb\"},\"inLanguage\":\"de-LU\",\"potentialAction\":[{\"@type\":\"ReadAction\",\"target\":[\"https:\/\/www.waterair.com\/lu-de\/tipps\/boden\/pool-fur-den-kleinen-garten\/welche-vorteile-haben-pools-mit-einer-groesse-von-bis-zu-10-m2\"]}]},{\"@type\":\"ImageObject\",\"inLanguage\":\"de-LU\",\"@id\":\"https:\/\/www.waterair.com\/lu-de\/tipps\/boden\/pool-fur-den-kleinen-garten\/welche-vorteile-haben-pools-mit-einer-groesse-von-bis-zu-10-m2#primaryimage\",\"url\":\"https:\/\/www.waterair.com\/wp-content\/uploads\/2023\/08\/header-lp-nouveaute-gres-cerame.webp\",\"contentUrl\":\"https:\/\/www.waterair.com\/wp-content\/uploads\/2023\/08\/header-lp-nouveaute-gres-cerame.webp\",\"width\":2720,\"height\":640,\"caption\":\"plage immerg\u00e9e piscine rectangle terrasse bois\"},{\"@type\":\"BreadcrumbList\",\"@id\":\"https:\/\/www.waterair.com\/lu-de\/tipps\/boden\/pool-fur-den-kleinen-garten\/welche-vorteile-haben-pools-mit-einer-groesse-von-bis-zu-10-m2#breadcrumb\",\"itemListElement\":[{\"@type\":\"ListItem\",\"position\":1,\"name\":\"Startseite\",\"item\":\"https:\/\/www.waterair.com\/lu-de\"},{\"@type\":\"ListItem\",\"position\":2,\"name\":\"Tipps, Inspirationen und Beratung von Waterair Pools\",\"item\":\"https:\/\/www.waterair.com\/lu-de\/tipps\"},{\"@type\":\"ListItem\",\"position\":3,\"name\":\"Pool-Gel\u00e4nde: Ein Waterair-Pool f\u00fcr jedes Terrain\",\"item\":\"https:\/\/www.waterair.com\/lu-de\/tipps\/boden\"},{\"@type\":\"ListItem\",\"position\":4,\"name\":\"Swimmingpool f\u00fcr kleine G\u00e4rten\",\"item\":\"https:\/\/www.waterair.com\/lu-de\/tipps\/boden\/pool-fur-den-kleinen-garten\"},{\"@type\":\"ListItem\",\"position\":5,\"name\":\"Welche Vorteile haben Pools mit einer Gr\u00f6\u00dfe von bis zu 10 m2 ?\"}]},{\"@type\":\"WebSite\",\"@id\":\"https:\/\/www.waterair.com\/lu-de\/#website\",\"url\":\"https:\/\/www.waterair.com\/lu-de\/\",\"name\":\"Waterair Pools\",\"description\":\"\",\"potentialAction\":[{\"@type\":\"SearchAction\",\"target\":{\"@type\":\"EntryPoint\",\"urlTemplate\":\"https:\/\/www.waterair.com\/lu-de\/?s={search_term_string}\"},\"query-input\":{\"@type\":\"PropertyValueSpecification\",\"valueRequired\":true,\"valueName\":\"search_term_string\"}}],\"inLanguage\":\"de-LU\"}]}<\/script>\n<!-- \/ Yoast SEO Premium plugin. -->","yoast_head_json":{"title":"10 m2 Pool: Die Vorteile | Waterair Pools","description":"Sie haben nicht viel Platz in Ihrem Garten? Pools mit einer Gr\u00f6\u00dfe von 10 m2 oder weniger bieten viele Vorteile: eine clevere Wahl!","robots":{"index":"index","follow":"follow","max-snippet":"max-snippet:-1","max-image-preview":"max-image-preview:large","max-video-preview":"max-video-preview:-1"},"canonical":"https:\/\/www.waterair.com\/lu-de\/tipps\/boden\/pool-fur-den-kleinen-garten\/welche-vorteile-haben-pools-mit-einer-groesse-von-bis-zu-10-m2","og_locale":"de_DE","og_type":"article","og_title":"Welche Vorteile haben Pools mit einer Gr\u00f6\u00dfe von bis zu 10 m2 ?","og_description":"Sie haben nicht viel Platz in Ihrem Garten? Pools mit einer Gr\u00f6\u00dfe von 10 m2 oder weniger bieten viele Vorteile: eine clevere Wahl!","og_url":"https:\/\/www.waterair.com\/lu-de\/tipps\/boden\/pool-fur-den-kleinen-garten\/welche-vorteile-haben-pools-mit-einer-groesse-von-bis-zu-10-m2","og_site_name":"Waterair Pools","article_modified_time":"2025-12-17T14:57:57+00:00","og_image":[{"width":2720,"height":640,"url":"https:\/\/www.waterair.com\/wp-content\/uploads\/2023\/08\/header-lp-nouveaute-gres-cerame.webp","type":"image\/webp"}],"twitter_card":"summary_large_image","twitter_misc":{"Est. reading time":"4 minutes"},"schema":{"@context":"https:\/\/schema.org","@graph":[{"@type":"WebPage","@id":"https:\/\/www.waterair.com\/lu-de\/tipps\/boden\/pool-fur-den-kleinen-garten\/welche-vorteile-haben-pools-mit-einer-groesse-von-bis-zu-10-m2","url":"https:\/\/www.waterair.com\/lu-de\/tipps\/boden\/pool-fur-den-kleinen-garten\/welche-vorteile-haben-pools-mit-einer-groesse-von-bis-zu-10-m2","name":"10 m2 Pool: Die Vorteile | Waterair Pools","isPartOf":{"@id":"https:\/\/www.waterair.com\/lu-de\/#website"},"primaryImageOfPage":{"@id":"https:\/\/www.waterair.com\/lu-de\/tipps\/boden\/pool-fur-den-kleinen-garten\/welche-vorteile-haben-pools-mit-einer-groesse-von-bis-zu-10-m2#primaryimage"},"image":{"@id":"https:\/\/www.waterair.com\/lu-de\/tipps\/boden\/pool-fur-den-kleinen-garten\/welche-vorteile-haben-pools-mit-einer-groesse-von-bis-zu-10-m2#primaryimage"},"thumbnailUrl":"https:\/\/www.waterair.com\/wp-content\/uploads\/2023\/08\/header-lp-nouveaute-gres-cerame.webp","datePublished":"2023-06-16T14:26:44+00:00","dateModified":"2025-12-17T14:57:57+00:00","description":"Sie haben nicht viel Platz in Ihrem Garten? Pools mit einer Gr\u00f6\u00dfe von 10 m2 oder weniger bieten viele Vorteile: eine clevere Wahl!","breadcrumb":{"@id":"https:\/\/www.waterair.com\/lu-de\/tipps\/boden\/pool-fur-den-kleinen-garten\/welche-vorteile-haben-pools-mit-einer-groesse-von-bis-zu-10-m2#breadcrumb"},"inLanguage":"de-LU","potentialAction":[{"@type":"ReadAction","target":["https:\/\/www.waterair.com\/lu-de\/tipps\/boden\/pool-fur-den-kleinen-garten\/welche-vorteile-haben-pools-mit-einer-groesse-von-bis-zu-10-m2"]}]},{"@type":"ImageObject","inLanguage":"de-LU","@id":"https:\/\/www.waterair.com\/lu-de\/tipps\/boden\/pool-fur-den-kleinen-garten\/welche-vorteile-haben-pools-mit-einer-groesse-von-bis-zu-10-m2#primaryimage","url":"https:\/\/www.waterair.com\/wp-content\/uploads\/2023\/08\/header-lp-nouveaute-gres-cerame.webp","contentUrl":"https:\/\/www.waterair.com\/wp-content\/uploads\/2023\/08\/header-lp-nouveaute-gres-cerame.webp","width":2720,"height":640,"caption":"plage immerg\u00e9e piscine rectangle terrasse bois"},{"@type":"BreadcrumbList","@id":"https:\/\/www.waterair.com\/lu-de\/tipps\/boden\/pool-fur-den-kleinen-garten\/welche-vorteile-haben-pools-mit-einer-groesse-von-bis-zu-10-m2#breadcrumb","itemListElement":[{"@type":"ListItem","position":1,"name":"Startseite","item":"https:\/\/www.waterair.com\/lu-de"},{"@type":"ListItem","position":2,"name":"Tipps, Inspirationen und Beratung von Waterair Pools","item":"https:\/\/www.waterair.com\/lu-de\/tipps"},{"@type":"ListItem","position":3,"name":"Pool-Gel\u00e4nde: Ein Waterair-Pool f\u00fcr jedes Terrain","item":"https:\/\/www.waterair.com\/lu-de\/tipps\/boden"},{"@type":"ListItem","position":4,"name":"Swimmingpool f\u00fcr kleine G\u00e4rten","item":"https:\/\/www.waterair.com\/lu-de\/tipps\/boden\/pool-fur-den-kleinen-garten"},{"@type":"ListItem","position":5,"name":"Welche Vorteile haben Pools mit einer Gr\u00f6\u00dfe von bis zu 10 m2 ?"}]},{"@type":"WebSite","@id":"https:\/\/www.waterair.com\/lu-de\/#website","url":"https:\/\/www.waterair.com\/lu-de\/","name":"Waterair Pools","description":"","potentialAction":[{"@type":"SearchAction","target":{"@type":"EntryPoint","urlTemplate":"https:\/\/www.waterair.com\/lu-de\/?s={search_term_string}"},"query-input":{"@type":"PropertyValueSpecification","valueRequired":true,"valueName":"search_term_string"}}],"inLanguage":"de-LU"}]}},"_links":{"self":[{"href":"https:\/\/www.waterair.com\/lu-de\/wp-json\/wp\/v2\/pages\/307195","targetHints":{"allow":["GET"]}}],"collection":[{"href":"https:\/\/www.waterair.com\/lu-de\/wp-json\/wp\/v2\/pages"}],"about":[{"href":"https:\/\/www.waterair.com\/lu-de\/wp-json\/wp\/v2\/types\/page"}],"author":[{"embeddable":true,"href":"https:\/\/www.waterair.com\/lu-de\/wp-json\/wp\/v2\/users\/10"}],"replies":[{"embeddable":true,"href":"https:\/\/www.waterair.com\/lu-de\/wp-json\/wp\/v2\/comments?post=307195"}],"version-history":[{"count":5,"href":"https:\/\/www.waterair.com\/lu-de\/wp-json\/wp\/v2\/pages\/307195\/revisions"}],"predecessor-version":[{"id":581964,"href":"https:\/\/www.waterair.com\/lu-de\/wp-json\/wp\/v2\/pages\/307195\/revisions\/581964"}],"up":[{"embeddable":true,"href":"https:\/\/www.waterair.com\/lu-de\/wp-json\/wp\/v2\/pages\/35407"}],"wp:featuredmedia":[{"embeddable":true,"href":"https:\/\/www.waterair.com\/lu-de\/wp-json\/wp\/v2\/media\/341836"}],"wp:attachment":[{"href":"https:\/\/www.waterair.com\/lu-de\/wp-json\/wp\/v2\/media?parent=307195"}],"curies":[{"name":"wp","href":"https:\/\/api.w.org\/{rel}","templated":true}]}}