{"id":37926,"date":"2021-10-29T21:23:56","date_gmt":"2021-10-29T19:23:56","guid":{"rendered":"https:\/\/waterair-preprod2.adipso.fr\/datenschutzrichtlinien"},"modified":"2021-11-11T11:25:59","modified_gmt":"2021-11-11T10:25:59","slug":"datenschutzrichtlinien","status":"publish","type":"page","link":"https:\/\/www.waterair.com\/lu-de\/datenschutzrichtlinien","title":{"rendered":"Datenschutzrichtlinien"},"content":{"rendered":"<div  class=\"block-content-media  content-block   has-no-title\">\n            <div class=\"container\">\n            <div class=\"row\">\n                <div class=\"col\">\n                    <div class=\"row flex-column flex-md-row \">\n                        <div class=\"content-block__col col-12 d-flex flex-column align-items-md-start order-lg-2\">\n                                                                                                                                                <div data-wa=\"fade-up\" data-wa-delay=\"400\" class=\"content-block__description text--sm text-weight--300 mb-0\">\n                                    <p>WATERAIR m\u00f6chte als vereinfachte Aktiengesellschaft, mit ihrem Hauptsitz in der Gewerbezone von SEPPOIS-LE-BAS (68580) und erfasst im Handels- und Gesellschaftsregister von Mulhouse unter der Nummer 440 &nbsp;123 487 (im Folgenden \u201ewir\u201c), pers\u00f6nliche Daten \u00fcber Sie sammeln (nachfolgend die \u201eDaten\u201c).<\/p>\n<p>Ihre Daten werden zu folgenden Zwecken gesammelt:<\/p>\n<ul>\n<li>Gesch\u00e4ftsentwicklung;<\/li>\n<li>Newsletter-Verwaltung;<\/li>\n<li>Verwaltung von personalisierten Werbeangeboten;<\/li>\n<li>Zielgruppen- und statistischen Mma\u00dfnahmen;<\/li>\n<li>Geolokalisierung, um Ihnen da das richtige Land aus der Dropdown-Liste anbieten zu k\u00f6nnen;<\/li>\n<li>Retargeting\/Remarketing;<\/li>\n<li>Umsetzung des Vertrags;<\/li>\n<li>Zufriedenheitsumfragen;<\/li>\n<li>\u00dcbertragung an Zulieferer in den folgenden T\u00e4tigkeitsbereichen: IT, Handel, Finanzen, Marketing, Kommunikation, Logistik und Industrie f\u00fcr eine erfolgreiche Auftragsabwicklung und die Nachverfolgung der Kundenbeziehung.<\/li>\n<\/ul>\n<p>Ihre Daten werden f\u00fcr einen Zeitraum aufbewahrt, der f\u00fcr die Erf\u00fcllung der o. g. Zwecke unbedingt erforderlich ist. Sie werden dabei von unseren internen Abteilungen und unseren Dienstleistern eingesehen.<\/p>\n<p>Angesichts des Wissensstandes, der Kosten der Umsetzung und der Art, des Umfangs, des Kontexts und des Zwecks der durchgef\u00fchrten Verarbeitungen sowie der Risiken f\u00fcr Ihre Rechte und Freiheiten verpflichten wir uns zu einer Umsetzung geeigneter technischer und organisatorischer Ma\u00dfnahmen, um den Schutz Ihrer Daten zu gew\u00e4hrleisten.<\/p>\n<p>In &nbsp;\u00dcbereinstimmung mit der Europ\u00e4ischen Verordnung Nr. 2016\/679 vom 27. &nbsp;April 2016 sowie dem Gesetz Nr. 78-17 in seiner ge\u00e4nderten Fassung vom 6. Januar 1978 informieren wir Sie dar\u00fcber, dass Sie das Recht haben:<\/p>\n<ul>\n<li>Auf Ihre Daten zuzugreifen und sie zu korrigieren;<\/li>\n<li>Die Verarbeitung Ihrer Daten aus legitimen Gr\u00fcnden abzulehnen;<\/li>\n<li>Innerhalb der durch die Texte vorgegebenen Grenzen zu verlangen, dass die &nbsp;Datenverarbeitung eingeschr\u00e4nkt oder Daten gel\u00f6scht werden;<\/li>\n<li>Ihre Zustimmung jederzeit zu widerrufen;<\/li>\n<li>Ihre Daten in einem strukturierten, h\u00e4ufig verwendeten und lesbaren Format f\u00fcr die \u00dcbertragung an einen anderen Datenverwalter (Recht auf Daten\u00fcbertragung) zu erhalten;<\/li>\n<li>Richtlinien f\u00fcr die Aufbewahrung, L\u00f6schung und Offenlegung Ihrer Daten nach Ihrem Tod festzulegen.<\/li>\n<\/ul>\n<p>Dar\u00fcber hinaus haben Sie im Rahmen des von uns j\u00e4hrlich &nbsp;durchgef\u00fchrten Profilings, um Ihnen personalisierte Angebote zukommen zu lassenein, ein Widerspruchsrecht besitzen.<\/p>\n<p>Zur Wahrnehmung Ihrer Rechte bitten wir Sie, Ihre Anfrage mit einem Identit\u00e4tsnachweis per E-Mail an folgende E-Mail-Adresse zu senden: rgpd@waterair.com.<\/p>\n<p>Dazu besitzen Sie das Recht, eine Beschwerde bei einer Aufsichtsbeh\u00f6rde einzureichen.<\/p>\n<p>Indem Sie die Informationen akzeptieren, die im Cookie-Banner unten auf der Seite enthalten sind, erkl\u00e4ren Sie sich damit einverstanden, Ihre Daten f\u00fcr &nbsp;die oben beschriebenen Zwecke an die Firma WATERAIR zu \u00fcbermitteln.<\/p>\n                                <\/div>\n                                                                                        <div data-wa=\"fade-up\" data-wa-delay=\"500\">\n                                                                    <\/div>\n                                                    <\/div>\n                                            <\/div>\n                <\/div>\n            <\/div>\n        <\/div>\n    <\/div>","protected":false},"excerpt":{"rendered":"","protected":false},"author":1,"featured_media":0,"parent":0,"menu_order":0,"comment_status":"closed","ping_status":"closed","template":"","meta":{"_acf_changed":false,"om_disable_all_campaigns":false,"footnotes":""},"class_list":["post-37926","page","type-page","status-publish","hentry"],"acf":[],"yoast_head":"<!-- This site is optimized with the Yoast SEO Premium plugin v25.4 (Yoast SEO v27.2) - https:\/\/yoast.com\/product\/yoast-seo-premium-wordpress\/ -->\n<title>Datenschutzrichtlinien | Waterair Pools<\/title>\n<meta name=\"robots\" content=\"index, follow, max-snippet:-1, max-image-preview:large, max-video-preview:-1\" \/>\n<link rel=\"canonical\" href=\"https:\/\/www.waterair.com\/lu-de\/datenschutzrichtlinien\" \/>\n<meta property=\"og:locale\" content=\"de_DE\" \/>\n<meta property=\"og:type\" content=\"article\" \/>\n<meta property=\"og:title\" content=\"Datenschutzrichtlinien\" \/>\n<meta property=\"og:url\" content=\"https:\/\/www.waterair.com\/lu-de\/datenschutzrichtlinien\" \/>\n<meta property=\"og:site_name\" content=\"Waterair Pools\" \/>\n<meta property=\"article:modified_time\" content=\"2021-11-11T10:25:59+00:00\" \/>\n<meta name=\"twitter:card\" content=\"summary_large_image\" \/>\n<script type=\"application\/ld+json\" class=\"yoast-schema-graph\">{\"@context\":\"https:\/\/schema.org\",\"@graph\":[{\"@type\":\"WebPage\",\"@id\":\"https:\/\/www.waterair.com\/lu-de\/datenschutzrichtlinien\",\"url\":\"https:\/\/www.waterair.com\/lu-de\/datenschutzrichtlinien\",\"name\":\"Datenschutzrichtlinien | Waterair Pools\",\"isPartOf\":{\"@id\":\"https:\/\/www.waterair.com\/lu-de\/#website\"},\"datePublished\":\"2021-10-29T19:23:56+00:00\",\"dateModified\":\"2021-11-11T10:25:59+00:00\",\"breadcrumb\":{\"@id\":\"https:\/\/www.waterair.com\/lu-de\/datenschutzrichtlinien#breadcrumb\"},\"inLanguage\":\"de-LU\",\"potentialAction\":[{\"@type\":\"ReadAction\",\"target\":[\"https:\/\/www.waterair.com\/lu-de\/datenschutzrichtlinien\"]}]},{\"@type\":\"BreadcrumbList\",\"@id\":\"https:\/\/www.waterair.com\/lu-de\/datenschutzrichtlinien#breadcrumb\",\"itemListElement\":[{\"@type\":\"ListItem\",\"position\":1,\"name\":\"Startseite\",\"item\":\"https:\/\/www.waterair.com\/lu-de\"},{\"@type\":\"ListItem\",\"position\":2,\"name\":\"Datenschutzrichtlinien\"}]},{\"@type\":\"WebSite\",\"@id\":\"https:\/\/www.waterair.com\/lu-de\/#website\",\"url\":\"https:\/\/www.waterair.com\/lu-de\/\",\"name\":\"Waterair Pools\",\"description\":\"\",\"potentialAction\":[{\"@type\":\"SearchAction\",\"target\":{\"@type\":\"EntryPoint\",\"urlTemplate\":\"https:\/\/www.waterair.com\/lu-de\/?s={search_term_string}\"},\"query-input\":{\"@type\":\"PropertyValueSpecification\",\"valueRequired\":true,\"valueName\":\"search_term_string\"}}],\"inLanguage\":\"de-LU\"}]}<\/script>\n<!-- \/ Yoast SEO Premium plugin. -->","yoast_head_json":{"title":"Datenschutzrichtlinien | Waterair Pools","robots":{"index":"index","follow":"follow","max-snippet":"max-snippet:-1","max-image-preview":"max-image-preview:large","max-video-preview":"max-video-preview:-1"},"canonical":"https:\/\/www.waterair.com\/lu-de\/datenschutzrichtlinien","og_locale":"de_DE","og_type":"article","og_title":"Datenschutzrichtlinien","og_url":"https:\/\/www.waterair.com\/lu-de\/datenschutzrichtlinien","og_site_name":"Waterair Pools","article_modified_time":"2021-11-11T10:25:59+00:00","twitter_card":"summary_large_image","schema":{"@context":"https:\/\/schema.org","@graph":[{"@type":"WebPage","@id":"https:\/\/www.waterair.com\/lu-de\/datenschutzrichtlinien","url":"https:\/\/www.waterair.com\/lu-de\/datenschutzrichtlinien","name":"Datenschutzrichtlinien | Waterair Pools","isPartOf":{"@id":"https:\/\/www.waterair.com\/lu-de\/#website"},"datePublished":"2021-10-29T19:23:56+00:00","dateModified":"2021-11-11T10:25:59+00:00","breadcrumb":{"@id":"https:\/\/www.waterair.com\/lu-de\/datenschutzrichtlinien#breadcrumb"},"inLanguage":"de-LU","potentialAction":[{"@type":"ReadAction","target":["https:\/\/www.waterair.com\/lu-de\/datenschutzrichtlinien"]}]},{"@type":"BreadcrumbList","@id":"https:\/\/www.waterair.com\/lu-de\/datenschutzrichtlinien#breadcrumb","itemListElement":[{"@type":"ListItem","position":1,"name":"Startseite","item":"https:\/\/www.waterair.com\/lu-de"},{"@type":"ListItem","position":2,"name":"Datenschutzrichtlinien"}]},{"@type":"WebSite","@id":"https:\/\/www.waterair.com\/lu-de\/#website","url":"https:\/\/www.waterair.com\/lu-de\/","name":"Waterair Pools","description":"","potentialAction":[{"@type":"SearchAction","target":{"@type":"EntryPoint","urlTemplate":"https:\/\/www.waterair.com\/lu-de\/?s={search_term_string}"},"query-input":{"@type":"PropertyValueSpecification","valueRequired":true,"valueName":"search_term_string"}}],"inLanguage":"de-LU"}]}},"_links":{"self":[{"href":"https:\/\/www.waterair.com\/lu-de\/wp-json\/wp\/v2\/pages\/37926","targetHints":{"allow":["GET"]}}],"collection":[{"href":"https:\/\/www.waterair.com\/lu-de\/wp-json\/wp\/v2\/pages"}],"about":[{"href":"https:\/\/www.waterair.com\/lu-de\/wp-json\/wp\/v2\/types\/page"}],"author":[{"embeddable":true,"href":"https:\/\/www.waterair.com\/lu-de\/wp-json\/wp\/v2\/users\/1"}],"replies":[{"embeddable":true,"href":"https:\/\/www.waterair.com\/lu-de\/wp-json\/wp\/v2\/comments?post=37926"}],"version-history":[{"count":5,"href":"https:\/\/www.waterair.com\/lu-de\/wp-json\/wp\/v2\/pages\/37926\/revisions"}],"predecessor-version":[{"id":582112,"href":"https:\/\/www.waterair.com\/lu-de\/wp-json\/wp\/v2\/pages\/37926\/revisions\/582112"}],"wp:attachment":[{"href":"https:\/\/www.waterair.com\/lu-de\/wp-json\/wp\/v2\/media?parent=37926"}],"curies":[{"name":"wp","href":"https:\/\/api.w.org\/{rel}","templated":true}]}}