{"id":521803,"date":"2023-07-24T10:32:56","date_gmt":"2023-07-24T08:32:56","guid":{"rendered":"https:\/\/www.waterair.com\/poolabdeckung-solae-waterair"},"modified":"2023-07-24T10:33:43","modified_gmt":"2023-07-24T08:33:43","slug":"poolabdeckung-solae-waterair","status":"publish","type":"page","link":"https:\/\/www.waterair.com\/lu-de\/nachhaltiger-pool\/poolabdeckung-solae-waterair","title":{"rendered":"Poolabdeckung Solae Waterair"},"content":{"rendered":"<div  class=\"block-content-media  content-block   has-no-title\">\n            <div class=\"container\">\n            <div class=\"row\">\n                <div class=\"col\">\n                    <div class=\"row flex-column flex-md-row \">\n                        <div class=\"content-block__col col-12 d-flex flex-column align-items-md-start order-lg-2\">\n                                                                                                                                                <div data-wa=\"fade-up\" data-wa-delay=\"400\" class=\"content-block__description text--sm text-weight--300 mb-0\">\n                                    <p>&nbsp;<\/p>\n<h2><strong>Solae Waterair\u00ae: Pool heizen ohne Heizung<\/strong><\/h2>\n<p>Die Solae Waterair\u00ae Poolabdeckung ist die ideale L\u00f6sung f\u00fcr Poolbesitzer, die ihren Pool das ganze Jahr \u00fcber nutzen m\u00f6chten und gleichzeitig Energie sparen wollen. Diese Abdeckung passt sich perfekt an die Jahreszeiten an und bietet zahlreiche Vorteile.<\/p>\n<p>Mit lichtdurchl\u00e4ssigen Paneelen ausgestattet, erw\u00e4rmt die Solae Waterair\u00ae Poolabdeckung das Wasser im Pool auf nat\u00fcrliche Weise um bis zu 9 \u00b0C \u2013 ganz ohne Heizung. So k\u00f6nnen Sie die Badesaison verl\u00e4ngern und l\u00e4nger in Ihrem Pool schwimmen. Dar\u00fcber hinaus sch\u00fctzt die Abdeckung den Pool vor m\u00f6glichen Unf\u00e4llen und Verunreinigungen.<\/p>\n<p>Im Winter werden die lichtdurchl\u00e4ssigen Paneele gegen lichtundurchl\u00e4ssige einfach ausgetauscht. Diese sind im Lieferumfang enthalten und sch\u00fctzen vor UV-Strahlen. So bleibt das Wasser sauber und klar, ohne dass Sie zus\u00e4tzliche Pflegeprodukte verwenden m\u00fcssen.<\/p>\n<p>Mit der Solae Waterair\u00ae Poolabdeckung sparen Sie nicht nur Energiekosten und Reinigungsmittel, sondern auch Zeit und Aufwand bei der Poolpflege. Die Abdeckung ist einfach zu handhaben und kann schnell und unkompliziert auf- und abgebaut werden.<\/p>\n<p>&nbsp;<\/p>\n<h2><strong>Solae Waterair\u00ae: ein innovatives Konzept mit Mehrfach-Nutzen<\/strong><\/h2>\n<p>Netze, Aluminiumstangen und ein technisches Konzept sorgen f\u00fcr die Sicherheit Ihres Swimmingpools. Zwischen den Stangen befinden sich lichtdurchl\u00e4ssige Paneele, die \u00fcber den Treibhauseffekt die Wassertemperatur erh\u00f6hen. Undurchsichtige Paneele ersetzen nach dem Ende der Badesaison die lichtdurchl\u00e4ssigen Paneele, um Ihren Pool winterfest zu machen und die Photosynthese zu verlangsamen.<\/p>\n<p>Wenn Sie Ihren Swimmingpool nach jeder Benutzung abdecken, haben Sie folgende Vorteile:<\/p>\n<ul>\n<li>Geringerer Einsatz von Reinigungsmitteln<\/li>\n<li>Weniger Wasserverdunstung<\/li>\n<li>L\u00e4ngere Wartungsintervalle<\/li>\n<li>Kostenloses Aufheizen des Wassers<\/li>\n<li>Verl\u00e4ngerung der Badesaison<\/li>\n<\/ul>\n                                <\/div>\n                                                                                        <div data-wa=\"fade-up\" data-wa-delay=\"500\">\n                                    <a\tdata-wa=\"button\" data-wa-wave=\"secondary\"\n\tclass=\"btn btn--secondary mt-3\"\n\t\t\thref=\"https:\/\/www.waterair.com\/lu-de\/pools-und-ausstattung\/ausstattung\/sicherheit\/poolabdeckung-solae\"\n\t\t>\n\t\tMehr erfahren    <\/a>\n                                <\/div>\n                                                    <\/div>\n                                            <\/div>\n                <\/div>\n            <\/div>\n        <\/div>\n    <\/div>","protected":false},"excerpt":{"rendered":"","protected":false},"author":0,"featured_media":0,"parent":31937,"menu_order":0,"comment_status":"closed","ping_status":"closed","template":"","meta":{"_acf_changed":false,"om_disable_all_campaigns":false,"footnotes":""},"class_list":["post-521803","page","type-page","status-publish","hentry"],"acf":[],"yoast_head":"<!-- This site is optimized with the Yoast SEO Premium plugin v25.4 (Yoast SEO v27.2) - https:\/\/yoast.com\/product\/yoast-seo-premium-wordpress\/ -->\n<title>Energiesparende Poolabdeckung Solae Waterair | Waterair Pools<\/title>\n<meta name=\"description\" content=\"Pool heizen ohne Heizung: Poolabdeckung Solae Waterair\u00ae heizt die Wassertemperatur um bis zu 9\u00b0 C durch Treibhauseffekt auf. Mehr erfahren.\" \/>\n<meta name=\"robots\" content=\"index, follow, max-snippet:-1, max-image-preview:large, max-video-preview:-1\" \/>\n<link rel=\"canonical\" href=\"https:\/\/www.waterair.com\/lu-de\/nachhaltiger-pool\/poolabdeckung-solae-waterair\" \/>\n<meta property=\"og:locale\" content=\"de_DE\" \/>\n<meta property=\"og:type\" content=\"article\" \/>\n<meta property=\"og:title\" content=\"Poolabdeckung Solae Waterair\" \/>\n<meta property=\"og:description\" content=\"Pool heizen ohne Heizung: Poolabdeckung Solae Waterair\u00ae heizt die Wassertemperatur um bis zu 9\u00b0 C durch Treibhauseffekt auf. Mehr erfahren.\" \/>\n<meta property=\"og:url\" content=\"https:\/\/www.waterair.com\/lu-de\/nachhaltiger-pool\/poolabdeckung-solae-waterair\" \/>\n<meta property=\"og:site_name\" content=\"Waterair Pools\" \/>\n<meta property=\"article:modified_time\" content=\"2023-07-24T08:33:43+00:00\" \/>\n<meta name=\"twitter:card\" content=\"summary_large_image\" \/>\n<script type=\"application\/ld+json\" class=\"yoast-schema-graph\">{\"@context\":\"https:\/\/schema.org\",\"@graph\":[{\"@type\":\"WebPage\",\"@id\":\"https:\/\/www.waterair.com\/lu-de\/nachhaltiger-pool\/poolabdeckung-solae-waterair\",\"url\":\"https:\/\/www.waterair.com\/lu-de\/nachhaltiger-pool\/poolabdeckung-solae-waterair\",\"name\":\"Energiesparende Poolabdeckung Solae Waterair | Waterair Pools\",\"isPartOf\":{\"@id\":\"https:\/\/www.waterair.com\/lu-de\/#website\"},\"datePublished\":\"2023-07-24T08:32:56+00:00\",\"dateModified\":\"2023-07-24T08:33:43+00:00\",\"description\":\"Pool heizen ohne Heizung: Poolabdeckung Solae Waterair\u00ae heizt die Wassertemperatur um bis zu 9\u00b0 C durch Treibhauseffekt auf. Mehr erfahren.\",\"breadcrumb\":{\"@id\":\"https:\/\/www.waterair.com\/lu-de\/nachhaltiger-pool\/poolabdeckung-solae-waterair#breadcrumb\"},\"inLanguage\":\"de-LU\",\"potentialAction\":[{\"@type\":\"ReadAction\",\"target\":[\"https:\/\/www.waterair.com\/lu-de\/nachhaltiger-pool\/poolabdeckung-solae-waterair\"]}]},{\"@type\":\"BreadcrumbList\",\"@id\":\"https:\/\/www.waterair.com\/lu-de\/nachhaltiger-pool\/poolabdeckung-solae-waterair#breadcrumb\",\"itemListElement\":[{\"@type\":\"ListItem\",\"position\":1,\"name\":\"Startseite\",\"item\":\"https:\/\/www.waterair.com\/lu-de\"},{\"@type\":\"ListItem\",\"position\":2,\"name\":\"Nachhaltiger ECO Pool\",\"item\":\"https:\/\/www.waterair.com\/lu-de\/nachhaltiger-pool\"},{\"@type\":\"ListItem\",\"position\":3,\"name\":\"Poolabdeckung Solae Waterair\"}]},{\"@type\":\"WebSite\",\"@id\":\"https:\/\/www.waterair.com\/lu-de\/#website\",\"url\":\"https:\/\/www.waterair.com\/lu-de\/\",\"name\":\"Waterair Pools\",\"description\":\"\",\"potentialAction\":[{\"@type\":\"SearchAction\",\"target\":{\"@type\":\"EntryPoint\",\"urlTemplate\":\"https:\/\/www.waterair.com\/lu-de\/?s={search_term_string}\"},\"query-input\":{\"@type\":\"PropertyValueSpecification\",\"valueRequired\":true,\"valueName\":\"search_term_string\"}}],\"inLanguage\":\"de-LU\"}]}<\/script>\n<!-- \/ Yoast SEO Premium plugin. -->","yoast_head_json":{"title":"Energiesparende Poolabdeckung Solae Waterair | Waterair Pools","description":"Pool heizen ohne Heizung: Poolabdeckung Solae Waterair\u00ae heizt die Wassertemperatur um bis zu 9\u00b0 C durch Treibhauseffekt auf. Mehr erfahren.","robots":{"index":"index","follow":"follow","max-snippet":"max-snippet:-1","max-image-preview":"max-image-preview:large","max-video-preview":"max-video-preview:-1"},"canonical":"https:\/\/www.waterair.com\/lu-de\/nachhaltiger-pool\/poolabdeckung-solae-waterair","og_locale":"de_DE","og_type":"article","og_title":"Poolabdeckung Solae Waterair","og_description":"Pool heizen ohne Heizung: Poolabdeckung Solae Waterair\u00ae heizt die Wassertemperatur um bis zu 9\u00b0 C durch Treibhauseffekt auf. Mehr erfahren.","og_url":"https:\/\/www.waterair.com\/lu-de\/nachhaltiger-pool\/poolabdeckung-solae-waterair","og_site_name":"Waterair Pools","article_modified_time":"2023-07-24T08:33:43+00:00","twitter_card":"summary_large_image","schema":{"@context":"https:\/\/schema.org","@graph":[{"@type":"WebPage","@id":"https:\/\/www.waterair.com\/lu-de\/nachhaltiger-pool\/poolabdeckung-solae-waterair","url":"https:\/\/www.waterair.com\/lu-de\/nachhaltiger-pool\/poolabdeckung-solae-waterair","name":"Energiesparende Poolabdeckung Solae Waterair | Waterair Pools","isPartOf":{"@id":"https:\/\/www.waterair.com\/lu-de\/#website"},"datePublished":"2023-07-24T08:32:56+00:00","dateModified":"2023-07-24T08:33:43+00:00","description":"Pool heizen ohne Heizung: Poolabdeckung Solae Waterair\u00ae heizt die Wassertemperatur um bis zu 9\u00b0 C durch Treibhauseffekt auf. Mehr erfahren.","breadcrumb":{"@id":"https:\/\/www.waterair.com\/lu-de\/nachhaltiger-pool\/poolabdeckung-solae-waterair#breadcrumb"},"inLanguage":"de-LU","potentialAction":[{"@type":"ReadAction","target":["https:\/\/www.waterair.com\/lu-de\/nachhaltiger-pool\/poolabdeckung-solae-waterair"]}]},{"@type":"BreadcrumbList","@id":"https:\/\/www.waterair.com\/lu-de\/nachhaltiger-pool\/poolabdeckung-solae-waterair#breadcrumb","itemListElement":[{"@type":"ListItem","position":1,"name":"Startseite","item":"https:\/\/www.waterair.com\/lu-de"},{"@type":"ListItem","position":2,"name":"Nachhaltiger ECO Pool","item":"https:\/\/www.waterair.com\/lu-de\/nachhaltiger-pool"},{"@type":"ListItem","position":3,"name":"Poolabdeckung Solae Waterair"}]},{"@type":"WebSite","@id":"https:\/\/www.waterair.com\/lu-de\/#website","url":"https:\/\/www.waterair.com\/lu-de\/","name":"Waterair Pools","description":"","potentialAction":[{"@type":"SearchAction","target":{"@type":"EntryPoint","urlTemplate":"https:\/\/www.waterair.com\/lu-de\/?s={search_term_string}"},"query-input":{"@type":"PropertyValueSpecification","valueRequired":true,"valueName":"search_term_string"}}],"inLanguage":"de-LU"}]}},"_links":{"self":[{"href":"https:\/\/www.waterair.com\/lu-de\/wp-json\/wp\/v2\/pages\/521803","targetHints":{"allow":["GET"]}}],"collection":[{"href":"https:\/\/www.waterair.com\/lu-de\/wp-json\/wp\/v2\/pages"}],"about":[{"href":"https:\/\/www.waterair.com\/lu-de\/wp-json\/wp\/v2\/types\/page"}],"replies":[{"embeddable":true,"href":"https:\/\/www.waterair.com\/lu-de\/wp-json\/wp\/v2\/comments?post=521803"}],"version-history":[{"count":2,"href":"https:\/\/www.waterair.com\/lu-de\/wp-json\/wp\/v2\/pages\/521803\/revisions"}],"predecessor-version":[{"id":581941,"href":"https:\/\/www.waterair.com\/lu-de\/wp-json\/wp\/v2\/pages\/521803\/revisions\/581941"}],"up":[{"embeddable":true,"href":"https:\/\/www.waterair.com\/lu-de\/wp-json\/wp\/v2\/pages\/31937"}],"wp:attachment":[{"href":"https:\/\/www.waterair.com\/lu-de\/wp-json\/wp\/v2\/media?parent=521803"}],"curies":[{"name":"wp","href":"https:\/\/api.w.org\/{rel}","templated":true}]}}