{"id":521809,"date":"2023-07-24T10:14:21","date_gmt":"2023-07-24T08:14:21","guid":{"rendered":"https:\/\/www.waterair.com\/filtersteuerung-eco%c2%b7r-plug-in"},"modified":"2023-07-24T10:20:59","modified_gmt":"2023-07-24T08:20:59","slug":"filtersteuerung-eco%c2%b7r-plug-in","status":"publish","type":"page","link":"https:\/\/www.waterair.com\/lu-de\/nachhaltiger-pool\/filtersteuerung-ecor-plug-in","title":{"rendered":"Filtersteuerung Eco\u00b7R Plug-in"},"content":{"rendered":"<div  class=\"block-content-media  content-block   has-no-title\">\n            <div class=\"container\">\n            <div class=\"row\">\n                <div class=\"col\">\n                    <div class=\"row flex-column flex-md-row \">\n                        <div class=\"content-block__col col-12 d-flex flex-column align-items-md-start order-lg-2\">\n                                                                                                                                                <div data-wa=\"fade-up\" data-wa-delay=\"400\" class=\"content-block__description text--sm text-weight--300 mb-0\">\n                                    <p>&nbsp;<\/p>\n<h2>Filtersteuerung Eco\u00b7R Plug-in: Auf Fingerdruck sparen<\/h2>\n<p>Das Eco\u00b7R Plug-in wird einfach zwischen der Filterpumpe (Sandfilter, Kartuschenfilter) und dem Schaltkasten des Pools installiert. Dadurch kann die Leistung der Pumpe bedarfsgerecht und energiesparend reguliert werden. Dies erfolgt ganz komfortabel mithilfe der App easy\u00b7care by Waterair.<\/p>\n<p>Durch diese einfache Ma\u00dfnahme k\u00f6nnen Sie das Filtersystem Ihres Pools nicht nur leistungsf\u00e4higer, sondern auch energieeffizienter gestalten. Zus\u00e4tzlich profitieren Sie von einer deutlich sp\u00fcrbaren Ger\u00e4uschreduzierung w\u00e4hrend des Filterbetriebs, was Ihnen einen erh\u00f6hten Komfort bietet.<\/p>\n<p>&nbsp;<\/p>\n<h3><strong>F\u00fcr eine kosteng\u00fcnstigere Poolfilterung<\/strong><\/h3>\n<p>Durch die Anpassung der Geschwindigkeit der Filterpumpe an Ihren individuellen Bedarf k\u00f6nnen Sie erheblich an Stromkosten sparen. Bereits innerhalb von weniger als f\u00fcnf Jahren haben sich die Anschaffungskosten des Eco\u00b7R Plug-in amortisiert.<\/p>\n<p>Dar\u00fcber hinaus wird die Lebensdauer Ihrer Pumpe verl\u00e4ngert. Die ohnehin schon wartungsarmen und zuverl\u00e4ssigen Waterair <a href=\"https:\/\/www.waterair.com\/lu-de\/pools-und-ausstattung\/ausstattung\/filtration\/kartuschenfilter\"><strong>Kartuschen-<\/strong><\/a> oder <a href=\"https:\/\/www.waterair.com\/lu-de\/pools-und-ausstattung\/ausstattung\/filtration\/sandfilter\"><strong>Sandfilter<\/strong><\/a> sowie die Filteranlage <a href=\"https:\/\/www.waterair.com\/lu-de\/pools-und-ausstattung\/ausstattung\/filtration\/locaroc\"><strong>Locaroc 2<\/strong><\/a> bieten durch das Eco\u00b7R Plug-in zus\u00e4tzliche Vorteile.<\/p>\n<p>&nbsp;<\/p>\n<h3>Ein leistungsstarkes und vernetztes Filtersystem f\u00fcr Pools<\/h3>\n<p>Der Eco\u00b7R Plug-in ist leicht zu installieren und wird einfach mit zwei Stromkabeln an die Pumpe Ihres Pools angeschlossen. Sie m\u00fcssen es dann nur noch mit der easy\u00b7care by Waterair App verbinden.<\/p>\n<p>Mit wenigen Klicks in der App k\u00f6nnen Sie zwischen drei Filtermodi w\u00e4hlen:<\/p>\n<ul>\n<li>Performance: f\u00fcr eine an Ihren Pool angepasste Filterleistung, sparsam und ger\u00e4uscharm<\/li>\n<li>Volle Leistung: um Ihren Pool gr\u00fcndlich zu reinigen, ein Whirlpoolsystem zu nutzen oder das Wasser nach einer kurzen Zeit der Inaktivit\u00e4t zu filtern<\/li>\n<li><strong>Minimale Filterung:<\/strong> speziell f\u00fcr die Wintermonate entwickelt<\/li>\n<\/ul>\n<p>&nbsp;<\/p>\n                                <\/div>\n                                                                                        <div data-wa=\"fade-up\" data-wa-delay=\"500\">\n                                                                    <\/div>\n                                                    <\/div>\n                                            <\/div>\n                <\/div>\n            <\/div>\n        <\/div>\n    <\/div>\n\n<div data-wa=\"fade-up\"  class=\"block-media  content-block\">\n\t\t\t<div class=\"container\">\n\t\t\t<div class=\"row\">\n\t\t\t\t<div class=\"col-12 col-md-10 offset-md-1\">\n                                            <div class=\"content-block__media\">\n                                                                                                <button\n                                            class=\"content-block__button\"\n                                            data-video='{\"provider\": \"vimeo\", \"id\": \"829314790\", \"poster\": \"https:\/\/www.waterair.com\/wp-content\/uploads\/2022\/12\/boitier-plugin-ecor-connecte-ok-1cable-01-1340x1260.jpg\"}'\n                                    >\n                                        Video ansehen                                        <i class=\"app-icon app-icon-play-fill app-icon--sm\"><\/i>\n                                    <\/button>\n                                \n                                <img decoding=\"async\"\n                                        src=\"https:\/\/www.waterair.com\/wp-content\/uploads\/2022\/12\/boitier-plugin-ecor-connecte-ok-1cable-01-920x690.jpg\"\n                                        srcset=\"https:\/\/www.waterair.com\/wp-content\/uploads\/2022\/12\/boitier-plugin-ecor-connecte-ok-1cable-01.jpg 2x\"\n                                        alt=\"\"\n                                >\n                                                    <\/div>\n                                    <\/div>\n\t\t\t<\/div>\n\t\t<\/div>\n                            \t<\/div>\n\n\n<div class=\"container block--core-heading\"><div class=\"row\"><div class=\"col-12 \">\n<h2 class=\"wp-block-heading\"><strong>Im Lieferumfang enthalten:<\/strong><\/h2>\n<\/div><\/div><\/div>\n\n    <div  class=\"block-hub content-block mt-4 mt-sm-2\" data-tab-section>\n        <div class=\"container\">\n            <div class=\"row\">\n                <div class=\"col-12 col-lg-10 offset-lg-1\">\n                                                                                                    <\/div>\n            <\/div>\n            <div data-wa=\"fade-up\" class=\"block-hub__pages\">\n                                                            <div class=\"row mt-6 mt-sm-10 mb-4 pb-5 pb-sm-10\">\n                                                                <div class=\"col-12 col-sm-6 col-lg-4 mb-6\">\n                                        <a data-wa=\"fade-up\" href=\"https:\/\/www.waterair.com\/lu-de\/pools-und-ausstattung\/die-ausstattungslinien-der-waterair-pools\/waterair-top-pool-ausstattungslinie\" class=\"item-card is-size-card splide__slide has-description\">\n\t<div class=\"item-card__infos item-card__infos--simple\">\n\t\t<h3 class=\"item-card__title mb-0 c-white\">Ausstattungslinie Waterair TOP+<\/h3>\n\t\t\t\t\t\t\t\t<\/div>\n\t\t<img loading=\"lazy\" decoding=\"async\" width=\"540\" height=\"540\" src=\"https:\/\/www.waterair.com\/wp-content\/uploads\/2025\/12\/top-plus-540x540.png\" class=\"attachment-card size-card\" alt=\"\" srcset=\"https:\/\/www.waterair.com\/wp-content\/uploads\/2025\/12\/top-plus-540x540.png 540w, https:\/\/www.waterair.com\/wp-content\/uploads\/2025\/12\/top-plus-1080x1080.png 1080w, https:\/\/www.waterair.com\/wp-content\/uploads\/2025\/12\/top-plus-480x480.png 480w, https:\/\/www.waterair.com\/wp-content\/uploads\/2025\/12\/top-plus-240x240.png 240w, https:\/\/www.waterair.com\/wp-content\/uploads\/2025\/12\/top-plus-150x150.png 150w, https:\/\/www.waterair.com\/wp-content\/uploads\/2025\/12\/top-plus-75x75.png 75w, https:\/\/www.waterair.com\/wp-content\/uploads\/2025\/12\/top-plus-780x780.png 780w, https:\/\/www.waterair.com\/wp-content\/uploads\/2025\/12\/top-plus-390x390.png 390w, https:\/\/www.waterair.com\/wp-content\/uploads\/2025\/12\/top-plus-320x320.png 320w, https:\/\/www.waterair.com\/wp-content\/uploads\/2025\/12\/top-plus-160x160.png 160w\" sizes=\"auto, (max-width: 540px) 100vw, 540px\" \/><\/a>                                    <\/div>\n                                                                <div class=\"col-12 col-sm-6 col-lg-4 mb-6\">\n                                        <a data-wa=\"fade-up\" href=\"https:\/\/www.waterair.com\/lu-de\/pools-und-ausstattung\/die-ausstattungslinien-der-waterair-pools\/waterair-performance-ausstattungslinie-fuer-pools\" class=\"item-card is-size-card splide__slide has-description\">\n\t<div class=\"item-card__infos item-card__infos--simple\">\n\t\t<h3 class=\"item-card__title mb-0 c-white\">Ausstattungslinie Waterair ECO.WAT :<\/h3>\n\t\t\t\t\t\t\t\t<\/div>\n\t\t<img loading=\"lazy\" decoding=\"async\" width=\"540\" height=\"540\" src=\"https:\/\/www.waterair.com\/wp-content\/uploads\/2024\/03\/ecowat-540x540.webp\" class=\"attachment-card size-card\" alt=\"\" srcset=\"https:\/\/www.waterair.com\/wp-content\/uploads\/2024\/03\/ecowat-540x540.webp 540w, https:\/\/www.waterair.com\/wp-content\/uploads\/2024\/03\/ecowat-1080x1080.webp 1080w, https:\/\/www.waterair.com\/wp-content\/uploads\/2024\/03\/ecowat-480x480.webp 480w, https:\/\/www.waterair.com\/wp-content\/uploads\/2024\/03\/ecowat-240x240.webp 240w, https:\/\/www.waterair.com\/wp-content\/uploads\/2024\/03\/ecowat-150x150.webp 150w, https:\/\/www.waterair.com\/wp-content\/uploads\/2024\/03\/ecowat-75x75.webp 75w, https:\/\/www.waterair.com\/wp-content\/uploads\/2024\/03\/ecowat-780x780.webp 780w, https:\/\/www.waterair.com\/wp-content\/uploads\/2024\/03\/ecowat-390x390.webp 390w, https:\/\/www.waterair.com\/wp-content\/uploads\/2024\/03\/ecowat-320x320.webp 320w, https:\/\/www.waterair.com\/wp-content\/uploads\/2024\/03\/ecowat-160x160.webp 160w\" sizes=\"auto, (max-width: 540px) 100vw, 540px\" \/><\/a>                                    <\/div>\n                                                    <\/div>\n                                                <\/div>\n            <div data-wa=\"fade-up\" class=\"row\">\n                <div class=\"col-12 col-lg-10 offset-lg-1\">\n                                    <\/div>\n            <\/div>\n        <\/div>\n    <\/div>\n","protected":false},"excerpt":{"rendered":"<p>Im Lieferumfang enthalten:<\/p>\n","protected":false},"author":0,"featured_media":0,"parent":31937,"menu_order":0,"comment_status":"closed","ping_status":"closed","template":"","meta":{"_acf_changed":false,"om_disable_all_campaigns":false,"footnotes":""},"class_list":["post-521809","page","type-page","status-publish","hentry"],"acf":[],"yoast_head":"<!-- This site is optimized with the Yoast SEO Premium plugin v25.4 (Yoast SEO v27.2) - https:\/\/yoast.com\/product\/yoast-seo-premium-wordpress\/ -->\n<title>Filtersteuerung Eco\u00b7R Plug-in | Waterair Pools<\/title>\n<meta name=\"description\" content=\"Mit Eco\u00b7R Plug-in k\u00f6nnen Sie die Filterpumpe bedarfsgerecht und energiesparend per App regeln: weniger Energieverbrauch, l\u00e4ngere Lebensdauer der Pumpe.\" \/>\n<meta name=\"robots\" content=\"index, follow, max-snippet:-1, max-image-preview:large, max-video-preview:-1\" \/>\n<link rel=\"canonical\" href=\"https:\/\/www.waterair.com\/lu-de\/nachhaltiger-pool\/filtersteuerung-ecor-plug-in\" \/>\n<meta property=\"og:locale\" content=\"de_DE\" \/>\n<meta property=\"og:type\" content=\"article\" \/>\n<meta property=\"og:title\" content=\"Filtersteuerung Eco\u00b7R Plug-in\" \/>\n<meta property=\"og:description\" content=\"Mit Eco\u00b7R Plug-in k\u00f6nnen Sie die Filterpumpe bedarfsgerecht und energiesparend per App regeln: weniger Energieverbrauch, l\u00e4ngere Lebensdauer der Pumpe.\" \/>\n<meta property=\"og:url\" content=\"https:\/\/www.waterair.com\/lu-de\/nachhaltiger-pool\/filtersteuerung-ecor-plug-in\" \/>\n<meta property=\"og:site_name\" content=\"Waterair Pools\" \/>\n<meta property=\"article:modified_time\" content=\"2023-07-24T08:20:59+00:00\" \/>\n<meta name=\"twitter:card\" content=\"summary_large_image\" \/>\n<meta name=\"twitter:label1\" content=\"Est. reading time\" \/>\n\t<meta name=\"twitter:data1\" content=\"1 minute\" \/>\n<script type=\"application\/ld+json\" class=\"yoast-schema-graph\">{\"@context\":\"https:\/\/schema.org\",\"@graph\":[{\"@type\":\"WebPage\",\"@id\":\"https:\/\/www.waterair.com\/lu-de\/nachhaltiger-pool\/filtersteuerung-ecor-plug-in\",\"url\":\"https:\/\/www.waterair.com\/lu-de\/nachhaltiger-pool\/filtersteuerung-ecor-plug-in\",\"name\":\"Filtersteuerung Eco\u00b7R Plug-in | Waterair Pools\",\"isPartOf\":{\"@id\":\"https:\/\/www.waterair.com\/lu-de\/#website\"},\"datePublished\":\"2023-07-24T08:14:21+00:00\",\"dateModified\":\"2023-07-24T08:20:59+00:00\",\"description\":\"Mit Eco\u00b7R Plug-in k\u00f6nnen Sie die Filterpumpe bedarfsgerecht und energiesparend per App regeln: weniger Energieverbrauch, l\u00e4ngere Lebensdauer der Pumpe.\",\"breadcrumb\":{\"@id\":\"https:\/\/www.waterair.com\/lu-de\/nachhaltiger-pool\/filtersteuerung-ecor-plug-in#breadcrumb\"},\"inLanguage\":\"de-LU\",\"potentialAction\":[{\"@type\":\"ReadAction\",\"target\":[\"https:\/\/www.waterair.com\/lu-de\/nachhaltiger-pool\/filtersteuerung-ecor-plug-in\"]}]},{\"@type\":\"BreadcrumbList\",\"@id\":\"https:\/\/www.waterair.com\/lu-de\/nachhaltiger-pool\/filtersteuerung-ecor-plug-in#breadcrumb\",\"itemListElement\":[{\"@type\":\"ListItem\",\"position\":1,\"name\":\"Startseite\",\"item\":\"https:\/\/www.waterair.com\/lu-de\"},{\"@type\":\"ListItem\",\"position\":2,\"name\":\"Nachhaltiger ECO Pool\",\"item\":\"https:\/\/www.waterair.com\/lu-de\/nachhaltiger-pool\"},{\"@type\":\"ListItem\",\"position\":3,\"name\":\"Filtersteuerung Eco\u00b7R Plug-in\"}]},{\"@type\":\"WebSite\",\"@id\":\"https:\/\/www.waterair.com\/lu-de\/#website\",\"url\":\"https:\/\/www.waterair.com\/lu-de\/\",\"name\":\"Waterair Pools\",\"description\":\"\",\"potentialAction\":[{\"@type\":\"SearchAction\",\"target\":{\"@type\":\"EntryPoint\",\"urlTemplate\":\"https:\/\/www.waterair.com\/lu-de\/?s={search_term_string}\"},\"query-input\":{\"@type\":\"PropertyValueSpecification\",\"valueRequired\":true,\"valueName\":\"search_term_string\"}}],\"inLanguage\":\"de-LU\"}]}<\/script>\n<!-- \/ Yoast SEO Premium plugin. -->","yoast_head_json":{"title":"Filtersteuerung Eco\u00b7R Plug-in | Waterair Pools","description":"Mit Eco\u00b7R Plug-in k\u00f6nnen Sie die Filterpumpe bedarfsgerecht und energiesparend per App regeln: weniger Energieverbrauch, l\u00e4ngere Lebensdauer der Pumpe.","robots":{"index":"index","follow":"follow","max-snippet":"max-snippet:-1","max-image-preview":"max-image-preview:large","max-video-preview":"max-video-preview:-1"},"canonical":"https:\/\/www.waterair.com\/lu-de\/nachhaltiger-pool\/filtersteuerung-ecor-plug-in","og_locale":"de_DE","og_type":"article","og_title":"Filtersteuerung Eco\u00b7R Plug-in","og_description":"Mit Eco\u00b7R Plug-in k\u00f6nnen Sie die Filterpumpe bedarfsgerecht und energiesparend per App regeln: weniger Energieverbrauch, l\u00e4ngere Lebensdauer der Pumpe.","og_url":"https:\/\/www.waterair.com\/lu-de\/nachhaltiger-pool\/filtersteuerung-ecor-plug-in","og_site_name":"Waterair Pools","article_modified_time":"2023-07-24T08:20:59+00:00","twitter_card":"summary_large_image","twitter_misc":{"Est. reading time":"1 minute"},"schema":{"@context":"https:\/\/schema.org","@graph":[{"@type":"WebPage","@id":"https:\/\/www.waterair.com\/lu-de\/nachhaltiger-pool\/filtersteuerung-ecor-plug-in","url":"https:\/\/www.waterair.com\/lu-de\/nachhaltiger-pool\/filtersteuerung-ecor-plug-in","name":"Filtersteuerung Eco\u00b7R Plug-in | Waterair Pools","isPartOf":{"@id":"https:\/\/www.waterair.com\/lu-de\/#website"},"datePublished":"2023-07-24T08:14:21+00:00","dateModified":"2023-07-24T08:20:59+00:00","description":"Mit Eco\u00b7R Plug-in k\u00f6nnen Sie die Filterpumpe bedarfsgerecht und energiesparend per App regeln: weniger Energieverbrauch, l\u00e4ngere Lebensdauer der Pumpe.","breadcrumb":{"@id":"https:\/\/www.waterair.com\/lu-de\/nachhaltiger-pool\/filtersteuerung-ecor-plug-in#breadcrumb"},"inLanguage":"de-LU","potentialAction":[{"@type":"ReadAction","target":["https:\/\/www.waterair.com\/lu-de\/nachhaltiger-pool\/filtersteuerung-ecor-plug-in"]}]},{"@type":"BreadcrumbList","@id":"https:\/\/www.waterair.com\/lu-de\/nachhaltiger-pool\/filtersteuerung-ecor-plug-in#breadcrumb","itemListElement":[{"@type":"ListItem","position":1,"name":"Startseite","item":"https:\/\/www.waterair.com\/lu-de"},{"@type":"ListItem","position":2,"name":"Nachhaltiger ECO Pool","item":"https:\/\/www.waterair.com\/lu-de\/nachhaltiger-pool"},{"@type":"ListItem","position":3,"name":"Filtersteuerung Eco\u00b7R Plug-in"}]},{"@type":"WebSite","@id":"https:\/\/www.waterair.com\/lu-de\/#website","url":"https:\/\/www.waterair.com\/lu-de\/","name":"Waterair Pools","description":"","potentialAction":[{"@type":"SearchAction","target":{"@type":"EntryPoint","urlTemplate":"https:\/\/www.waterair.com\/lu-de\/?s={search_term_string}"},"query-input":{"@type":"PropertyValueSpecification","valueRequired":true,"valueName":"search_term_string"}}],"inLanguage":"de-LU"}]}},"_links":{"self":[{"href":"https:\/\/www.waterair.com\/lu-de\/wp-json\/wp\/v2\/pages\/521809","targetHints":{"allow":["GET"]}}],"collection":[{"href":"https:\/\/www.waterair.com\/lu-de\/wp-json\/wp\/v2\/pages"}],"about":[{"href":"https:\/\/www.waterair.com\/lu-de\/wp-json\/wp\/v2\/types\/page"}],"replies":[{"embeddable":true,"href":"https:\/\/www.waterair.com\/lu-de\/wp-json\/wp\/v2\/comments?post=521809"}],"version-history":[{"count":2,"href":"https:\/\/www.waterair.com\/lu-de\/wp-json\/wp\/v2\/pages\/521809\/revisions"}],"predecessor-version":[{"id":581944,"href":"https:\/\/www.waterair.com\/lu-de\/wp-json\/wp\/v2\/pages\/521809\/revisions\/581944"}],"up":[{"embeddable":true,"href":"https:\/\/www.waterair.com\/lu-de\/wp-json\/wp\/v2\/pages\/31937"}],"wp:attachment":[{"href":"https:\/\/www.waterair.com\/lu-de\/wp-json\/wp\/v2\/media?parent=521809"}],"curies":[{"name":"wp","href":"https:\/\/api.w.org\/{rel}","templated":true}]}}