{"id":581810,"date":"2025-06-16T11:44:45","date_gmt":"2025-06-16T09:44:45","guid":{"rendered":"https:\/\/www.waterair2026.com\/david-bueber-handelsvertreter"},"modified":"2025-06-16T11:44:46","modified_gmt":"2025-06-16T09:44:46","slug":"david-bueber-handelsvertreter","status":"publish","type":"page","link":"https:\/\/www.waterair.com\/lu-de\/das-unternehmen\/partner-naehe\/david-bueber-handelsvertreter","title":{"rendered":"David Bueber Handelsvertreter"},"content":{"rendered":"<div class=\"container block--core-heading\"><div class=\"row\"><div class=\"col-12 \">\n<h4 class=\"wp-block-heading has-text-align-center\">Partner in Deutschland<\/h4>\n<\/div><\/div><\/div>\n\n<div class=\"container block--core-paragraph\"><div class=\"row\"><div class=\"col-12 \">\n<p class=\"has-text-align-center\"><\/p>\n<\/div><\/div><\/div>\n\n<div  class=\"block-plus content-block\">\n\t\t\t<div class=\"container\">\n\t\t\t<div data-wa=\"fade-up\" class=\"content-block__holder\">\n\t\t\t\t\t\t\t\t\t<div class=\"row justify-content-center\">\n\t\t\t\t\t\t<div class=\"col-10 col-lg-11\">\n\t\t\t\t\t\t\t<h2 class=\"h3 content-block__title text-inherit z-above mb-0\">Kontakt<\/h2>\n\t\t\t\t\t\t<\/div>\n\t\t\t\t\t<\/div>\n\t\t\t\t\t\t\t\t\t\t\t\t\t<div class=\"row justify-content-center\">\n\t\t\t\t\t\t<div class=\"col-10 col-lg-11\">\n\t\t\t\t\t\t\t<div class=\"content-block__description wysiwyg z-above mt-2 mb-0\"><div class=\"qqvbed-p83tee\">\n<p>David B\u00fcber<\/p>\n<p class=\"qqvbed-p83tee-V1ur5d\"><strong>Telefonnummer: +4915901718345<\/strong><\/p>\n<p class=\"qqvbed-p83tee-lTBxed\"><strong>Email:<span style=\"color: #ffffff;\"> <a style=\"color: #ffffff;\" href=\"mailto:bueber.waterair@outlook.de\">bueber.waterair@outlook.de<\/a><\/span><\/strong><\/p>\n<\/div>\n<div class=\"qqvbed-p83tee\">\n<p class=\"qqvbed-p83tee-V1ur5d\"><strong>Postanschrift: Am Badebrunnen 6<span class=\"s_DEF728FF\">\u00a0<\/span>38822<span class=\"s_DEF728FF\">\u00a0<\/span>Athenstedt<\/strong><\/p>\n<\/div>\n<\/div>\n\t\t\t\t\t\t<\/div>\n\t\t\t\t\t<\/div>\n\t\t\t\t\t\t\t\t<div class=\"row justify-content-end d-none d-lg-flex\">\n                    <div class=\"col-2 col-lg-3\">\n                        <div class=\"content-block__wave-outline\">\n                            <svg width=\"678\" height=\"589\" viewBox=\"0 0 1000 1000\">\n                                <path fill=\"none\" stroke=\"#FFF\" stroke-width=\"2\" opacity=\".2\" data-blob='{\"minRadius\": \"430\",\"maxRadius\":\"490\", \"numPoints\": \"16\"}'><\/path>\n                            <\/svg>\n                        <\/div>\n                    <\/div>\n                <\/div>\n\t\t\t<\/div>\n\t\t<\/div>\n\t<\/div>\n\n\n<div class=\"container block--core-paragraph\"><div class=\"row\"><div class=\"col-12 \">\n<p><\/p>\n<\/div><\/div><\/div>","protected":false},"excerpt":{"rendered":"<p>Partner in Deutschland<\/p>\n","protected":false},"author":0,"featured_media":0,"parent":521942,"menu_order":0,"comment_status":"closed","ping_status":"closed","template":"","meta":{"_acf_changed":false,"om_disable_all_campaigns":false,"footnotes":""},"class_list":["post-581810","page","type-page","status-publish","hentry"],"acf":[],"yoast_head":"<!-- This site is optimized with the Yoast SEO Premium plugin v25.4 (Yoast SEO v27.2) - https:\/\/yoast.com\/product\/yoast-seo-premium-wordpress\/ -->\n<title>David Bueber Handelsvertreter | Waterair Pools<\/title>\n<meta name=\"robots\" content=\"index, follow, max-snippet:-1, max-image-preview:large, max-video-preview:-1\" \/>\n<link rel=\"canonical\" href=\"https:\/\/www.waterair.com\/lu-de\/das-unternehmen\/partner-naehe\/david-bueber-handelsvertreter\" \/>\n<meta property=\"og:locale\" content=\"de_DE\" \/>\n<meta property=\"og:type\" content=\"article\" \/>\n<meta property=\"og:title\" content=\"David Bueber Handelsvertreter\" \/>\n<meta property=\"og:description\" content=\"Partner in Deutschland\" \/>\n<meta property=\"og:url\" content=\"https:\/\/www.waterair.com\/lu-de\/das-unternehmen\/partner-naehe\/david-bueber-handelsvertreter\" \/>\n<meta property=\"og:site_name\" content=\"Waterair Pools\" \/>\n<meta property=\"article:modified_time\" content=\"2025-06-16T09:44:46+00:00\" \/>\n<meta name=\"twitter:card\" content=\"summary_large_image\" \/>\n<meta name=\"twitter:label1\" content=\"Est. reading time\" \/>\n\t<meta name=\"twitter:data1\" content=\"1 minute\" \/>\n<script type=\"application\/ld+json\" class=\"yoast-schema-graph\">{\"@context\":\"https:\/\/schema.org\",\"@graph\":[{\"@type\":\"WebPage\",\"@id\":\"https:\/\/www.waterair.com\/lu-de\/das-unternehmen\/partner-naehe\/david-bueber-handelsvertreter\",\"url\":\"https:\/\/www.waterair.com\/lu-de\/das-unternehmen\/partner-naehe\/david-bueber-handelsvertreter\",\"name\":\"David Bueber Handelsvertreter | Waterair Pools\",\"isPartOf\":{\"@id\":\"https:\/\/www.waterair.com\/lu-de\/#website\"},\"datePublished\":\"2025-06-16T09:44:45+00:00\",\"dateModified\":\"2025-06-16T09:44:46+00:00\",\"breadcrumb\":{\"@id\":\"https:\/\/www.waterair.com\/lu-de\/das-unternehmen\/partner-naehe\/david-bueber-handelsvertreter#breadcrumb\"},\"inLanguage\":\"de-LU\",\"potentialAction\":[{\"@type\":\"ReadAction\",\"target\":[\"https:\/\/www.waterair.com\/lu-de\/das-unternehmen\/partner-naehe\/david-bueber-handelsvertreter\"]}]},{\"@type\":\"BreadcrumbList\",\"@id\":\"https:\/\/www.waterair.com\/lu-de\/das-unternehmen\/partner-naehe\/david-bueber-handelsvertreter#breadcrumb\",\"itemListElement\":[{\"@type\":\"ListItem\",\"position\":1,\"name\":\"Startseite\",\"item\":\"https:\/\/www.waterair.com\/lu-de\"},{\"@type\":\"ListItem\",\"position\":2,\"name\":\"Waterair, europ\u00e4ischer Marktf\u00fchrer f\u00fcr Bausatz-Pools seit 1972\",\"item\":\"https:\/\/www.waterair.com\/lu-de\/das-unternehmen\"},{\"@type\":\"ListItem\",\"position\":3,\"name\":\"Ein Partner in Ihrer N\u00e4he\",\"item\":\"https:\/\/www.waterair.com\/lu-de\/das-unternehmen\/partner-naehe\"},{\"@type\":\"ListItem\",\"position\":4,\"name\":\"David Bueber Handelsvertreter\"}]},{\"@type\":\"WebSite\",\"@id\":\"https:\/\/www.waterair.com\/lu-de\/#website\",\"url\":\"https:\/\/www.waterair.com\/lu-de\/\",\"name\":\"Waterair Pools\",\"description\":\"\",\"potentialAction\":[{\"@type\":\"SearchAction\",\"target\":{\"@type\":\"EntryPoint\",\"urlTemplate\":\"https:\/\/www.waterair.com\/lu-de\/?s={search_term_string}\"},\"query-input\":{\"@type\":\"PropertyValueSpecification\",\"valueRequired\":true,\"valueName\":\"search_term_string\"}}],\"inLanguage\":\"de-LU\"}]}<\/script>\n<!-- \/ Yoast SEO Premium plugin. -->","yoast_head_json":{"title":"David Bueber Handelsvertreter | Waterair Pools","robots":{"index":"index","follow":"follow","max-snippet":"max-snippet:-1","max-image-preview":"max-image-preview:large","max-video-preview":"max-video-preview:-1"},"canonical":"https:\/\/www.waterair.com\/lu-de\/das-unternehmen\/partner-naehe\/david-bueber-handelsvertreter","og_locale":"de_DE","og_type":"article","og_title":"David Bueber Handelsvertreter","og_description":"Partner in Deutschland","og_url":"https:\/\/www.waterair.com\/lu-de\/das-unternehmen\/partner-naehe\/david-bueber-handelsvertreter","og_site_name":"Waterair Pools","article_modified_time":"2025-06-16T09:44:46+00:00","twitter_card":"summary_large_image","twitter_misc":{"Est. reading time":"1 minute"},"schema":{"@context":"https:\/\/schema.org","@graph":[{"@type":"WebPage","@id":"https:\/\/www.waterair.com\/lu-de\/das-unternehmen\/partner-naehe\/david-bueber-handelsvertreter","url":"https:\/\/www.waterair.com\/lu-de\/das-unternehmen\/partner-naehe\/david-bueber-handelsvertreter","name":"David Bueber Handelsvertreter | Waterair Pools","isPartOf":{"@id":"https:\/\/www.waterair.com\/lu-de\/#website"},"datePublished":"2025-06-16T09:44:45+00:00","dateModified":"2025-06-16T09:44:46+00:00","breadcrumb":{"@id":"https:\/\/www.waterair.com\/lu-de\/das-unternehmen\/partner-naehe\/david-bueber-handelsvertreter#breadcrumb"},"inLanguage":"de-LU","potentialAction":[{"@type":"ReadAction","target":["https:\/\/www.waterair.com\/lu-de\/das-unternehmen\/partner-naehe\/david-bueber-handelsvertreter"]}]},{"@type":"BreadcrumbList","@id":"https:\/\/www.waterair.com\/lu-de\/das-unternehmen\/partner-naehe\/david-bueber-handelsvertreter#breadcrumb","itemListElement":[{"@type":"ListItem","position":1,"name":"Startseite","item":"https:\/\/www.waterair.com\/lu-de"},{"@type":"ListItem","position":2,"name":"Waterair, europ\u00e4ischer Marktf\u00fchrer f\u00fcr Bausatz-Pools seit 1972","item":"https:\/\/www.waterair.com\/lu-de\/das-unternehmen"},{"@type":"ListItem","position":3,"name":"Ein Partner in Ihrer N\u00e4he","item":"https:\/\/www.waterair.com\/lu-de\/das-unternehmen\/partner-naehe"},{"@type":"ListItem","position":4,"name":"David Bueber Handelsvertreter"}]},{"@type":"WebSite","@id":"https:\/\/www.waterair.com\/lu-de\/#website","url":"https:\/\/www.waterair.com\/lu-de\/","name":"Waterair Pools","description":"","potentialAction":[{"@type":"SearchAction","target":{"@type":"EntryPoint","urlTemplate":"https:\/\/www.waterair.com\/lu-de\/?s={search_term_string}"},"query-input":{"@type":"PropertyValueSpecification","valueRequired":true,"valueName":"search_term_string"}}],"inLanguage":"de-LU"}]}},"_links":{"self":[{"href":"https:\/\/www.waterair.com\/lu-de\/wp-json\/wp\/v2\/pages\/581810","targetHints":{"allow":["GET"]}}],"collection":[{"href":"https:\/\/www.waterair.com\/lu-de\/wp-json\/wp\/v2\/pages"}],"about":[{"href":"https:\/\/www.waterair.com\/lu-de\/wp-json\/wp\/v2\/types\/page"}],"replies":[{"embeddable":true,"href":"https:\/\/www.waterair.com\/lu-de\/wp-json\/wp\/v2\/comments?post=581810"}],"version-history":[{"count":1,"href":"https:\/\/www.waterair.com\/lu-de\/wp-json\/wp\/v2\/pages\/581810\/revisions"}],"predecessor-version":[{"id":581811,"href":"https:\/\/www.waterair.com\/lu-de\/wp-json\/wp\/v2\/pages\/581810\/revisions\/581811"}],"up":[{"embeddable":true,"href":"https:\/\/www.waterair.com\/lu-de\/wp-json\/wp\/v2\/pages\/521942"}],"wp:attachment":[{"href":"https:\/\/www.waterair.com\/lu-de\/wp-json\/wp\/v2\/media?parent=581810"}],"curies":[{"name":"wp","href":"https:\/\/api.w.org\/{rel}","templated":true}]}}