{"id":33250,"date":"2021-10-29T20:31:04","date_gmt":"2021-10-29T18:31:04","guid":{"rendered":"https:\/\/waterair-preprod2.adipso.fr\/30-2"},"modified":"2021-11-10T21:07:25","modified_gmt":"2021-11-10T20:07:25","slug":"30-2","status":"publish","type":"page","link":"https:\/\/www.waterair.com\/mq\/node\/30","title":{"rendered":"Construction de piscine : nos clients t\u00e9moignent"},"content":{"rendered":"","protected":false},"excerpt":{"rendered":"","protected":false},"author":1,"featured_media":33231,"parent":0,"menu_order":0,"comment_status":"closed","ping_status":"closed","template":"","meta":{"_acf_changed":false,"om_disable_all_campaigns":false,"footnotes":""},"class_list":["post-33250","page","type-page","status-publish","has-post-thumbnail","hentry"],"acf":[],"yoast_head":"<!-- This site is optimized with the Yoast SEO Premium plugin v25.4 (Yoast SEO v27.2) - https:\/\/yoast.com\/product\/yoast-seo-premium-wordpress\/ -->\n<title>Avis et t\u00e9moignages de clients ayant choisi les piscines en kit<\/title>\n<meta name=\"description\" content=\"D\u00e9couvrez tous les avis et les t\u00e9moignages des clients Piscines Waterair qui ont construit leur piscine en kit.\" \/>\n<meta name=\"robots\" content=\"index, follow, max-snippet:-1, max-image-preview:large, max-video-preview:-1\" \/>\n<link rel=\"canonical\" href=\"https:\/\/www.waterair.com\/mq\/node\/30\" \/>\n<meta property=\"og:locale\" content=\"fr_FR\" \/>\n<meta property=\"og:type\" content=\"article\" \/>\n<meta property=\"og:title\" content=\"Construction de piscine : nos clients t\u00e9moignent\" \/>\n<meta property=\"og:description\" content=\"D\u00e9couvrez tous les avis et les t\u00e9moignages des clients Piscines Waterair qui ont construit leur piscine en kit.\" \/>\n<meta property=\"og:url\" content=\"https:\/\/www.waterair.com\/mq\/node\/30\" \/>\n<meta property=\"og:site_name\" content=\"Piscines Waterair\" \/>\n<meta property=\"article:modified_time\" content=\"2021-11-10T20:07:25+00:00\" \/>\n<meta property=\"og:image\" content=\"https:\/\/www.waterair.com\/wp-content\/uploads\/2021\/10\/temoignage-famille-construction_0.jpg\" \/>\n\t<meta property=\"og:image:width\" content=\"1920\" \/>\n\t<meta property=\"og:image:height\" content=\"1080\" \/>\n\t<meta property=\"og:image:type\" content=\"image\/jpeg\" \/>\n<meta name=\"twitter:card\" content=\"summary_large_image\" \/>\n<script type=\"application\/ld+json\" class=\"yoast-schema-graph\">{\"@context\":\"https:\/\/schema.org\",\"@graph\":[{\"@type\":\"WebPage\",\"@id\":\"https:\/\/www.waterair.com\/mq\/node\/30\",\"url\":\"https:\/\/www.waterair.com\/mq\/node\/30\",\"name\":\"Avis et t\u00e9moignages de clients ayant choisi les piscines en kit\",\"isPartOf\":{\"@id\":\"https:\/\/www.waterair.com\/mq\/#website\"},\"primaryImageOfPage\":{\"@id\":\"https:\/\/www.waterair.com\/mq\/node\/30#primaryimage\"},\"image\":{\"@id\":\"https:\/\/www.waterair.com\/mq\/node\/30#primaryimage\"},\"thumbnailUrl\":\"https:\/\/www.waterair.com\/wp-content\/uploads\/2021\/10\/temoignage-famille-construction_0.jpg\",\"datePublished\":\"2021-10-29T18:31:04+00:00\",\"dateModified\":\"2021-11-10T20:07:25+00:00\",\"description\":\"D\u00e9couvrez tous les avis et les t\u00e9moignages des clients Piscines Waterair qui ont construit leur piscine en kit.\",\"breadcrumb\":{\"@id\":\"https:\/\/www.waterair.com\/mq\/node\/30#breadcrumb\"},\"inLanguage\":\"fr-MQ\",\"potentialAction\":[{\"@type\":\"ReadAction\",\"target\":[\"https:\/\/www.waterair.com\/mq\/node\/30\"]}]},{\"@type\":\"ImageObject\",\"inLanguage\":\"fr-MQ\",\"@id\":\"https:\/\/www.waterair.com\/mq\/node\/30#primaryimage\",\"url\":\"https:\/\/www.waterair.com\/wp-content\/uploads\/2021\/10\/temoignage-famille-construction_0.jpg\",\"contentUrl\":\"https:\/\/www.waterair.com\/wp-content\/uploads\/2021\/10\/temoignage-famille-construction_0.jpg\",\"width\":1920,\"height\":1080},{\"@type\":\"BreadcrumbList\",\"@id\":\"https:\/\/www.waterair.com\/mq\/node\/30#breadcrumb\",\"itemListElement\":[{\"@type\":\"ListItem\",\"position\":1,\"name\":\"Accueil\",\"item\":\"https:\/\/www.waterair.com\/mq\"},{\"@type\":\"ListItem\",\"position\":2,\"name\":\"Construction de piscine : nos clients t\u00e9moignent\"}]},{\"@type\":\"WebSite\",\"@id\":\"https:\/\/www.waterair.com\/mq\/#website\",\"url\":\"https:\/\/www.waterair.com\/mq\/\",\"name\":\"Piscines Waterair\",\"description\":\"\",\"potentialAction\":[{\"@type\":\"SearchAction\",\"target\":{\"@type\":\"EntryPoint\",\"urlTemplate\":\"https:\/\/www.waterair.com\/mq\/?s={search_term_string}\"},\"query-input\":{\"@type\":\"PropertyValueSpecification\",\"valueRequired\":true,\"valueName\":\"search_term_string\"}}],\"inLanguage\":\"fr-MQ\"}]}<\/script>\n<!-- \/ Yoast SEO Premium plugin. -->","yoast_head_json":{"title":"Avis et t\u00e9moignages de clients ayant choisi les piscines en kit","description":"D\u00e9couvrez tous les avis et les t\u00e9moignages des clients Piscines Waterair qui ont construit leur piscine en kit.","robots":{"index":"index","follow":"follow","max-snippet":"max-snippet:-1","max-image-preview":"max-image-preview:large","max-video-preview":"max-video-preview:-1"},"canonical":"https:\/\/www.waterair.com\/mq\/node\/30","og_locale":"fr_FR","og_type":"article","og_title":"Construction de piscine : nos clients t\u00e9moignent","og_description":"D\u00e9couvrez tous les avis et les t\u00e9moignages des clients Piscines Waterair qui ont construit leur piscine en kit.","og_url":"https:\/\/www.waterair.com\/mq\/node\/30","og_site_name":"Piscines Waterair","article_modified_time":"2021-11-10T20:07:25+00:00","og_image":[{"width":1920,"height":1080,"url":"https:\/\/www.waterair.com\/wp-content\/uploads\/2021\/10\/temoignage-famille-construction_0.jpg","type":"image\/jpeg"}],"twitter_card":"summary_large_image","schema":{"@context":"https:\/\/schema.org","@graph":[{"@type":"WebPage","@id":"https:\/\/www.waterair.com\/mq\/node\/30","url":"https:\/\/www.waterair.com\/mq\/node\/30","name":"Avis et t\u00e9moignages de clients ayant choisi les piscines en kit","isPartOf":{"@id":"https:\/\/www.waterair.com\/mq\/#website"},"primaryImageOfPage":{"@id":"https:\/\/www.waterair.com\/mq\/node\/30#primaryimage"},"image":{"@id":"https:\/\/www.waterair.com\/mq\/node\/30#primaryimage"},"thumbnailUrl":"https:\/\/www.waterair.com\/wp-content\/uploads\/2021\/10\/temoignage-famille-construction_0.jpg","datePublished":"2021-10-29T18:31:04+00:00","dateModified":"2021-11-10T20:07:25+00:00","description":"D\u00e9couvrez tous les avis et les t\u00e9moignages des clients Piscines Waterair qui ont construit leur piscine en kit.","breadcrumb":{"@id":"https:\/\/www.waterair.com\/mq\/node\/30#breadcrumb"},"inLanguage":"fr-MQ","potentialAction":[{"@type":"ReadAction","target":["https:\/\/www.waterair.com\/mq\/node\/30"]}]},{"@type":"ImageObject","inLanguage":"fr-MQ","@id":"https:\/\/www.waterair.com\/mq\/node\/30#primaryimage","url":"https:\/\/www.waterair.com\/wp-content\/uploads\/2021\/10\/temoignage-famille-construction_0.jpg","contentUrl":"https:\/\/www.waterair.com\/wp-content\/uploads\/2021\/10\/temoignage-famille-construction_0.jpg","width":1920,"height":1080},{"@type":"BreadcrumbList","@id":"https:\/\/www.waterair.com\/mq\/node\/30#breadcrumb","itemListElement":[{"@type":"ListItem","position":1,"name":"Accueil","item":"https:\/\/www.waterair.com\/mq"},{"@type":"ListItem","position":2,"name":"Construction de piscine : nos clients t\u00e9moignent"}]},{"@type":"WebSite","@id":"https:\/\/www.waterair.com\/mq\/#website","url":"https:\/\/www.waterair.com\/mq\/","name":"Piscines Waterair","description":"","potentialAction":[{"@type":"SearchAction","target":{"@type":"EntryPoint","urlTemplate":"https:\/\/www.waterair.com\/mq\/?s={search_term_string}"},"query-input":{"@type":"PropertyValueSpecification","valueRequired":true,"valueName":"search_term_string"}}],"inLanguage":"fr-MQ"}]}},"_links":{"self":[{"href":"https:\/\/www.waterair.com\/mq\/wp-json\/wp\/v2\/pages\/33250","targetHints":{"allow":["GET"]}}],"collection":[{"href":"https:\/\/www.waterair.com\/mq\/wp-json\/wp\/v2\/pages"}],"about":[{"href":"https:\/\/www.waterair.com\/mq\/wp-json\/wp\/v2\/types\/page"}],"author":[{"embeddable":true,"href":"https:\/\/www.waterair.com\/mq\/wp-json\/wp\/v2\/users\/1"}],"replies":[{"embeddable":true,"href":"https:\/\/www.waterair.com\/mq\/wp-json\/wp\/v2\/comments?post=33250"}],"version-history":[{"count":1,"href":"https:\/\/www.waterair.com\/mq\/wp-json\/wp\/v2\/pages\/33250\/revisions"}],"predecessor-version":[{"id":33251,"href":"https:\/\/www.waterair.com\/mq\/wp-json\/wp\/v2\/pages\/33250\/revisions\/33251"}],"wp:featuredmedia":[{"embeddable":true,"href":"https:\/\/www.waterair.com\/mq\/wp-json\/wp\/v2\/media\/33231"}],"wp:attachment":[{"href":"https:\/\/www.waterair.com\/mq\/wp-json\/wp\/v2\/media?parent=33250"}],"curies":[{"name":"wp","href":"https:\/\/api.w.org\/{rel}","templated":true}]}}