{"id":91243,"date":"2021-11-25T14:33:43","date_gmt":"2021-11-25T13:33:43","guid":{"rendered":"https:\/\/waterair-nvme.adipso.fr\/?page_id=91243"},"modified":"2026-01-21T09:53:06","modified_gmt":"2026-01-21T08:53:06","slug":"piscines-et-equipements","status":"publish","type":"page","link":"https:\/\/www.waterair.com\/mq\/piscines-et-equipements","title":{"rendered":"Piscines et \u00e9quipements"},"content":{"rendered":"<div class=\"container block--core-heading\"><div class=\"row\"><div class=\"col-12 \">\n<h2 class=\"wp-block-heading\" id=\"h-donnez-vie-a-votre-reve-de-piscine-nbsp\">Donnez vie \u00e0 votre r\u00eave de piscine&nbsp;!<\/h2>\n<\/div><\/div><\/div>\n\n<div class=\"container block--core-paragraph\"><div class=\"row\"><div class=\"col-12 \">\n<p>Laissez-vous guider par vos envies et choisissez la&nbsp;<a href=\"https:\/\/www.waterair.com\/mq\/piscines-et-equipements\/piscines\">forme<\/a>&nbsp;et les&nbsp;<a href=\"https:\/\/www.waterair.com\/mq\/piscines-et-equipements\/equipements\">\u00e9quipements<\/a>&nbsp;qui conviennent \u00e0 la taille de votre terrain et l\u2019usage que vous souhaitez faire de votre piscine. Gr\u00e2ce \u00e0 notre logiciel de r\u00e9alit\u00e9 augment\u00e9e, vous pouvez visualiser&nbsp;votre piscine dans votre jardin. Pour cela, un simple rendez-vous suffit ! Cette \u00e9tude est personnalis\u00e9e et gratuite et vous permettra de rencontrer un conseiller qui fera de votre r\u00eave de piscine, une r\u00e9alit\u00e9, en vous accompagnant tout au long de votre projet.<\/p>\n<\/div><\/div><\/div>\n\n<div class=\"container block--core-paragraph\"><div class=\"row\"><div class=\"col-12 \">\n<p><\/p>\n<\/div><\/div><\/div>","protected":false},"excerpt":{"rendered":"<p>Donnez vie \u00e0 votre r\u00eave de piscine&nbsp;! Laissez-vous guider par vos envies et choisissez la&nbsp;forme&nbsp;et les&nbsp;\u00e9quipements&nbsp;qui conviennent \u00e0 la taille de votre terrain et l\u2019usage que vous souhaitez faire de votre piscine. Gr\u00e2ce \u00e0 notre logiciel de r\u00e9alit\u00e9 augment\u00e9e, vous pouvez visualiser&nbsp;votre piscine dans votre jardin. Pour cela, un simple rendez-vous suffit ! Cette \u00e9tude [&hellip;]<\/p>\n","protected":false},"author":11,"featured_media":0,"parent":0,"menu_order":0,"comment_status":"closed","ping_status":"closed","template":"archive-pool.php","meta":{"_acf_changed":false,"om_disable_all_campaigns":false,"footnotes":""},"class_list":["post-91243","page","type-page","status-publish","hentry"],"acf":[],"yoast_head":"<!-- This site is optimized with the Yoast SEO Premium plugin v25.4 (Yoast SEO v27.2) - https:\/\/yoast.com\/product\/yoast-seo-premium-wordpress\/ -->\n<title>Piscines et \u00e9quipements pour personnaliser votre projet | Piscines Waterair<\/title>\n<meta name=\"description\" content=\"-1342\" \/>\n<meta name=\"robots\" content=\"index, follow, max-snippet:-1, max-image-preview:large, max-video-preview:-1\" \/>\n<link rel=\"canonical\" href=\"https:\/\/www.waterair.com\/mq\/piscines-et-equipements\" \/>\n<meta property=\"og:locale\" content=\"fr_FR\" \/>\n<meta property=\"og:type\" content=\"article\" \/>\n<meta property=\"og:title\" content=\"Piscines et \u00e9quipements\" \/>\n<meta property=\"og:description\" content=\"-1342\" \/>\n<meta property=\"og:url\" content=\"https:\/\/www.waterair.com\/mq\/piscines-et-equipements\" \/>\n<meta property=\"og:site_name\" content=\"Piscines Waterair\" \/>\n<meta property=\"article:modified_time\" content=\"2026-01-21T08:53:06+00:00\" \/>\n<meta name=\"twitter:card\" content=\"summary_large_image\" \/>\n<meta name=\"twitter:label1\" content=\"Est. reading time\" \/>\n\t<meta name=\"twitter:data1\" content=\"2 minutes\" \/>\n<script type=\"application\/ld+json\" class=\"yoast-schema-graph\">{\"@context\":\"https:\/\/schema.org\",\"@graph\":[{\"@type\":\"WebPage\",\"@id\":\"https:\/\/www.waterair.com\/mq\/piscines-et-equipements\",\"url\":\"https:\/\/www.waterair.com\/mq\/piscines-et-equipements\",\"name\":\"Piscines et \u00e9quipements pour personnaliser votre projet | Piscines Waterair\",\"isPartOf\":{\"@id\":\"https:\/\/www.waterair.com\/mq\/#website\"},\"datePublished\":\"2021-11-25T13:33:43+00:00\",\"dateModified\":\"2026-01-21T08:53:06+00:00\",\"description\":\"-1342\",\"breadcrumb\":{\"@id\":\"https:\/\/www.waterair.com\/mq\/piscines-et-equipements#breadcrumb\"},\"inLanguage\":\"fr-MQ\",\"potentialAction\":[{\"@type\":\"ReadAction\",\"target\":[\"https:\/\/www.waterair.com\/mq\/piscines-et-equipements\"]}]},{\"@type\":\"BreadcrumbList\",\"@id\":\"https:\/\/www.waterair.com\/mq\/piscines-et-equipements#breadcrumb\",\"itemListElement\":[{\"@type\":\"ListItem\",\"position\":1,\"name\":\"Accueil\",\"item\":\"https:\/\/www.waterair.com\/mq\"},{\"@type\":\"ListItem\",\"position\":2,\"name\":\"Piscines et \u00e9quipements\"}]},{\"@type\":\"WebSite\",\"@id\":\"https:\/\/www.waterair.com\/mq\/#website\",\"url\":\"https:\/\/www.waterair.com\/mq\/\",\"name\":\"Piscines Waterair\",\"description\":\"\",\"potentialAction\":[{\"@type\":\"SearchAction\",\"target\":{\"@type\":\"EntryPoint\",\"urlTemplate\":\"https:\/\/www.waterair.com\/mq\/?s={search_term_string}\"},\"query-input\":{\"@type\":\"PropertyValueSpecification\",\"valueRequired\":true,\"valueName\":\"search_term_string\"}}],\"inLanguage\":\"fr-MQ\"}]}<\/script>\n<!-- \/ Yoast SEO Premium plugin. -->","yoast_head_json":{"title":"Piscines et \u00e9quipements pour personnaliser votre projet | Piscines Waterair","description":"-1342","robots":{"index":"index","follow":"follow","max-snippet":"max-snippet:-1","max-image-preview":"max-image-preview:large","max-video-preview":"max-video-preview:-1"},"canonical":"https:\/\/www.waterair.com\/mq\/piscines-et-equipements","og_locale":"fr_FR","og_type":"article","og_title":"Piscines et \u00e9quipements","og_description":"-1342","og_url":"https:\/\/www.waterair.com\/mq\/piscines-et-equipements","og_site_name":"Piscines Waterair","article_modified_time":"2026-01-21T08:53:06+00:00","twitter_card":"summary_large_image","twitter_misc":{"Est. reading time":"2 minutes"},"schema":{"@context":"https:\/\/schema.org","@graph":[{"@type":"WebPage","@id":"https:\/\/www.waterair.com\/mq\/piscines-et-equipements","url":"https:\/\/www.waterair.com\/mq\/piscines-et-equipements","name":"Piscines et \u00e9quipements pour personnaliser votre projet | Piscines Waterair","isPartOf":{"@id":"https:\/\/www.waterair.com\/mq\/#website"},"datePublished":"2021-11-25T13:33:43+00:00","dateModified":"2026-01-21T08:53:06+00:00","description":"-1342","breadcrumb":{"@id":"https:\/\/www.waterair.com\/mq\/piscines-et-equipements#breadcrumb"},"inLanguage":"fr-MQ","potentialAction":[{"@type":"ReadAction","target":["https:\/\/www.waterair.com\/mq\/piscines-et-equipements"]}]},{"@type":"BreadcrumbList","@id":"https:\/\/www.waterair.com\/mq\/piscines-et-equipements#breadcrumb","itemListElement":[{"@type":"ListItem","position":1,"name":"Accueil","item":"https:\/\/www.waterair.com\/mq"},{"@type":"ListItem","position":2,"name":"Piscines et \u00e9quipements"}]},{"@type":"WebSite","@id":"https:\/\/www.waterair.com\/mq\/#website","url":"https:\/\/www.waterair.com\/mq\/","name":"Piscines Waterair","description":"","potentialAction":[{"@type":"SearchAction","target":{"@type":"EntryPoint","urlTemplate":"https:\/\/www.waterair.com\/mq\/?s={search_term_string}"},"query-input":{"@type":"PropertyValueSpecification","valueRequired":true,"valueName":"search_term_string"}}],"inLanguage":"fr-MQ"}]}},"_links":{"self":[{"href":"https:\/\/www.waterair.com\/mq\/wp-json\/wp\/v2\/pages\/91243","targetHints":{"allow":["GET"]}}],"collection":[{"href":"https:\/\/www.waterair.com\/mq\/wp-json\/wp\/v2\/pages"}],"about":[{"href":"https:\/\/www.waterair.com\/mq\/wp-json\/wp\/v2\/types\/page"}],"author":[{"embeddable":true,"href":"https:\/\/www.waterair.com\/mq\/wp-json\/wp\/v2\/users\/11"}],"replies":[{"embeddable":true,"href":"https:\/\/www.waterair.com\/mq\/wp-json\/wp\/v2\/comments?post=91243"}],"version-history":[{"count":5,"href":"https:\/\/www.waterair.com\/mq\/wp-json\/wp\/v2\/pages\/91243\/revisions"}],"predecessor-version":[{"id":413694,"href":"https:\/\/www.waterair.com\/mq\/wp-json\/wp\/v2\/pages\/91243\/revisions\/413694"}],"wp:attachment":[{"href":"https:\/\/www.waterair.com\/mq\/wp-json\/wp\/v2\/media?parent=91243"}],"curies":[{"name":"wp","href":"https:\/\/api.w.org\/{rel}","templated":true}]}}