{"id":96496,"date":"2021-11-29T10:25:13","date_gmt":"2021-11-29T09:25:13","guid":{"rendered":"https:\/\/waterair-nvme.adipso.fr\/?page_id=96496"},"modified":"2026-01-29T09:35:40","modified_gmt":"2026-01-29T08:35:40","slug":"merci-devis","status":"publish","type":"page","link":"https:\/\/www.waterair.com\/mq\/merci-devis","title":{"rendered":"Merci"},"content":{"rendered":"<div class=\"container block--core-columns\"><div class=\"row\"><div class=\"col-12 \">\n<div class=\"wp-block-columns is-layout-flex wp-container-core-columns-is-layout-9d6595d7 wp-block-columns-is-layout-flex\">\n<div class=\"wp-block-column is-layout-flow wp-block-column-is-layout-flow\">\n<figure class=\"wp-block-image size-full\"><img loading=\"lazy\" decoding=\"async\" width=\"1475\" height=\"1027\" src=\"https:\/\/www.waterair.com\/wp-content\/uploads\/2026\/01\/mockup-catalogue-piscine-2026-fr-2.webp\" alt=\"\" class=\"wp-image-576101\" srcset=\"https:\/\/www.waterair.com\/wp-content\/uploads\/2026\/01\/mockup-catalogue-piscine-2026-fr-2.webp 1475w, https:\/\/www.waterair.com\/wp-content\/uploads\/2026\/01\/mockup-catalogue-piscine-2026-fr-2-1440x1003.webp 1440w, https:\/\/www.waterair.com\/wp-content\/uploads\/2026\/01\/mockup-catalogue-piscine-2026-fr-2-768x535.webp 768w, https:\/\/www.waterair.com\/wp-content\/uploads\/2026\/01\/mockup-catalogue-piscine-2026-fr-2-880x613.webp 880w, https:\/\/www.waterair.com\/wp-content\/uploads\/2026\/01\/mockup-catalogue-piscine-2026-fr-2-440x306.webp 440w, https:\/\/www.waterair.com\/wp-content\/uploads\/2026\/01\/mockup-catalogue-piscine-2026-fr-2-920x641.webp 920w\" sizes=\"auto, (max-width: 1475px) 100vw, 1475px\" \/><\/figure>\n<\/div>\n\n\n\n<div class=\"wp-block-column is-layout-flow wp-block-column-is-layout-flow\"><div class=\"container block--core-paragraph\"><div class=\"row\"><div class=\"col-12 \">\n<p><strong>Votre de demande devis a bien \u00e9t\u00e9 prise en compte<\/strong><\/p>\n<\/div><\/div><\/div>\n\n<div class=\"container block--core-paragraph\"><div class=\"row\"><div class=\"col-12 \">\n<p>Vous avez demand\u00e9 un devis et nous vous remercions.<\/p>\n<\/div><\/div><\/div>\n\n<div class=\"container block--core-paragraph\"><div class=\"row\"><div class=\"col-12 \">\n<p>Votre demande sera trait\u00e9e dans les meilleurs d\u00e9lais et nous reviendrons vers vous rapidement.<\/p>\n<\/div><\/div><\/div>\n\n<div class=\"container block--core-paragraph\"><div class=\"row\"><div class=\"col-12 \">\n<p>Veuillez noter qu&#8217;un email de confirmation a \u00e9galement \u00e9t\u00e9 envoy\u00e9 \u00e0 votre adresse. Pensez \u00e0 v\u00e9rifier le dossier &#8220;spam&#8221; de votre messagerie.<\/p>\n<\/div><\/div><\/div><\/div>\n<\/div>\n<\/div><\/div><\/div>","protected":false},"excerpt":{"rendered":"<p>Votre de demande devis a bien \u00e9t\u00e9 prise en compte Vous avez demand\u00e9 un devis et nous vous remercions. Votre demande sera trait\u00e9e dans les meilleurs d\u00e9lais et nous reviendrons vers vous rapidement. Veuillez noter qu&#8217;un email de confirmation a \u00e9galement \u00e9t\u00e9 envoy\u00e9 \u00e0 votre adresse. Pensez \u00e0 v\u00e9rifier le dossier &#8220;spam&#8221; de votre messagerie.<\/p>\n","protected":false},"author":8,"featured_media":92493,"parent":0,"menu_order":0,"comment_status":"closed","ping_status":"closed","template":"merci.php","meta":{"_acf_changed":false,"om_disable_all_campaigns":false,"footnotes":""},"class_list":["post-96496","page","type-page","status-publish","has-post-thumbnail","hentry"],"acf":[],"yoast_head":"<!-- This site is optimized with the Yoast SEO Premium plugin v25.4 (Yoast SEO v27.2) - https:\/\/yoast.com\/product\/yoast-seo-premium-wordpress\/ -->\n<title>Merci | Piscines Waterair<\/title>\n<meta name=\"robots\" content=\"noindex, nofollow\" \/>\n<meta property=\"og:locale\" content=\"fr_FR\" \/>\n<meta property=\"og:type\" content=\"article\" \/>\n<meta property=\"og:title\" content=\"Merci\" \/>\n<meta property=\"og:description\" content=\"Votre de demande devis a bien \u00e9t\u00e9 prise en compte Vous avez demand\u00e9 un devis et nous vous remercions. Votre demande sera trait\u00e9e dans les meilleurs d\u00e9lais et nous reviendrons vers vous rapidement. Veuillez noter qu&#8217;un email de confirmation a \u00e9galement \u00e9t\u00e9 envoy\u00e9 \u00e0 votre adresse. Pensez \u00e0 v\u00e9rifier le dossier &#8220;spam&#8221; de votre messagerie.\" \/>\n<meta property=\"og:url\" content=\"https:\/\/www.waterair.com\/mq\/merci-devis\" \/>\n<meta property=\"og:site_name\" content=\"Piscines Waterair\" \/>\n<meta property=\"article:modified_time\" content=\"2026-01-29T08:35:40+00:00\" \/>\n<meta property=\"og:image\" content=\"https:\/\/www.waterair.com\/wp-content\/uploads\/2021\/11\/ei-1.jpg\" \/>\n\t<meta property=\"og:image:width\" content=\"1920\" \/>\n\t<meta property=\"og:image:height\" content=\"400\" \/>\n\t<meta property=\"og:image:type\" content=\"image\/jpeg\" \/>\n<meta name=\"twitter:card\" content=\"summary_large_image\" \/>\n<meta name=\"twitter:label1\" content=\"Est. reading time\" \/>\n\t<meta name=\"twitter:data1\" content=\"1 minute\" \/>\n<script type=\"application\/ld+json\" class=\"yoast-schema-graph\">{\"@context\":\"https:\/\/schema.org\",\"@graph\":[{\"@type\":\"WebPage\",\"@id\":\"https:\/\/www.waterair.com\/mq\/merci-devis\",\"url\":\"https:\/\/www.waterair.com\/mq\/merci-devis\",\"name\":\"Merci | Piscines Waterair\",\"isPartOf\":{\"@id\":\"https:\/\/www.waterair.com\/mq\/#website\"},\"primaryImageOfPage\":{\"@id\":\"https:\/\/www.waterair.com\/mq\/merci-devis#primaryimage\"},\"image\":{\"@id\":\"https:\/\/www.waterair.com\/mq\/merci-devis#primaryimage\"},\"thumbnailUrl\":\"https:\/\/www.waterair.com\/wp-content\/uploads\/2021\/11\/ei-1.jpg\",\"datePublished\":\"2021-11-29T09:25:13+00:00\",\"dateModified\":\"2026-01-29T08:35:40+00:00\",\"breadcrumb\":{\"@id\":\"https:\/\/www.waterair.com\/mq\/merci-devis#breadcrumb\"},\"inLanguage\":\"fr-MQ\",\"potentialAction\":[{\"@type\":\"ReadAction\",\"target\":[\"https:\/\/www.waterair.com\/mq\/merci-devis\"]}]},{\"@type\":\"ImageObject\",\"inLanguage\":\"fr-MQ\",\"@id\":\"https:\/\/www.waterair.com\/mq\/merci-devis#primaryimage\",\"url\":\"https:\/\/www.waterair.com\/wp-content\/uploads\/2021\/11\/ei-1.jpg\",\"contentUrl\":\"https:\/\/www.waterair.com\/wp-content\/uploads\/2021\/11\/ei-1.jpg\",\"width\":1920,\"height\":400},{\"@type\":\"BreadcrumbList\",\"@id\":\"https:\/\/www.waterair.com\/mq\/merci-devis#breadcrumb\",\"itemListElement\":[{\"@type\":\"ListItem\",\"position\":1,\"name\":\"Accueil\",\"item\":\"https:\/\/www.waterair.com\/mq\"},{\"@type\":\"ListItem\",\"position\":2,\"name\":\"Merci\"}]},{\"@type\":\"WebSite\",\"@id\":\"https:\/\/www.waterair.com\/mq\/#website\",\"url\":\"https:\/\/www.waterair.com\/mq\/\",\"name\":\"Piscines Waterair\",\"description\":\"\",\"potentialAction\":[{\"@type\":\"SearchAction\",\"target\":{\"@type\":\"EntryPoint\",\"urlTemplate\":\"https:\/\/www.waterair.com\/mq\/?s={search_term_string}\"},\"query-input\":{\"@type\":\"PropertyValueSpecification\",\"valueRequired\":true,\"valueName\":\"search_term_string\"}}],\"inLanguage\":\"fr-MQ\"}]}<\/script>\n<!-- \/ Yoast SEO Premium plugin. -->","yoast_head_json":{"title":"Merci | Piscines Waterair","robots":{"index":"noindex","follow":"nofollow"},"og_locale":"fr_FR","og_type":"article","og_title":"Merci","og_description":"Votre de demande devis a bien \u00e9t\u00e9 prise en compte Vous avez demand\u00e9 un devis et nous vous remercions. Votre demande sera trait\u00e9e dans les meilleurs d\u00e9lais et nous reviendrons vers vous rapidement. Veuillez noter qu&#8217;un email de confirmation a \u00e9galement \u00e9t\u00e9 envoy\u00e9 \u00e0 votre adresse. Pensez \u00e0 v\u00e9rifier le dossier &#8220;spam&#8221; de votre messagerie.","og_url":"https:\/\/www.waterair.com\/mq\/merci-devis","og_site_name":"Piscines Waterair","article_modified_time":"2026-01-29T08:35:40+00:00","og_image":[{"width":1920,"height":400,"url":"https:\/\/www.waterair.com\/wp-content\/uploads\/2021\/11\/ei-1.jpg","type":"image\/jpeg"}],"twitter_card":"summary_large_image","twitter_misc":{"Est. reading time":"1 minute"},"schema":{"@context":"https:\/\/schema.org","@graph":[{"@type":"WebPage","@id":"https:\/\/www.waterair.com\/mq\/merci-devis","url":"https:\/\/www.waterair.com\/mq\/merci-devis","name":"Merci | Piscines Waterair","isPartOf":{"@id":"https:\/\/www.waterair.com\/mq\/#website"},"primaryImageOfPage":{"@id":"https:\/\/www.waterair.com\/mq\/merci-devis#primaryimage"},"image":{"@id":"https:\/\/www.waterair.com\/mq\/merci-devis#primaryimage"},"thumbnailUrl":"https:\/\/www.waterair.com\/wp-content\/uploads\/2021\/11\/ei-1.jpg","datePublished":"2021-11-29T09:25:13+00:00","dateModified":"2026-01-29T08:35:40+00:00","breadcrumb":{"@id":"https:\/\/www.waterair.com\/mq\/merci-devis#breadcrumb"},"inLanguage":"fr-MQ","potentialAction":[{"@type":"ReadAction","target":["https:\/\/www.waterair.com\/mq\/merci-devis"]}]},{"@type":"ImageObject","inLanguage":"fr-MQ","@id":"https:\/\/www.waterair.com\/mq\/merci-devis#primaryimage","url":"https:\/\/www.waterair.com\/wp-content\/uploads\/2021\/11\/ei-1.jpg","contentUrl":"https:\/\/www.waterair.com\/wp-content\/uploads\/2021\/11\/ei-1.jpg","width":1920,"height":400},{"@type":"BreadcrumbList","@id":"https:\/\/www.waterair.com\/mq\/merci-devis#breadcrumb","itemListElement":[{"@type":"ListItem","position":1,"name":"Accueil","item":"https:\/\/www.waterair.com\/mq"},{"@type":"ListItem","position":2,"name":"Merci"}]},{"@type":"WebSite","@id":"https:\/\/www.waterair.com\/mq\/#website","url":"https:\/\/www.waterair.com\/mq\/","name":"Piscines Waterair","description":"","potentialAction":[{"@type":"SearchAction","target":{"@type":"EntryPoint","urlTemplate":"https:\/\/www.waterair.com\/mq\/?s={search_term_string}"},"query-input":{"@type":"PropertyValueSpecification","valueRequired":true,"valueName":"search_term_string"}}],"inLanguage":"fr-MQ"}]}},"_links":{"self":[{"href":"https:\/\/www.waterair.com\/mq\/wp-json\/wp\/v2\/pages\/96496","targetHints":{"allow":["GET"]}}],"collection":[{"href":"https:\/\/www.waterair.com\/mq\/wp-json\/wp\/v2\/pages"}],"about":[{"href":"https:\/\/www.waterair.com\/mq\/wp-json\/wp\/v2\/types\/page"}],"author":[{"embeddable":true,"href":"https:\/\/www.waterair.com\/mq\/wp-json\/wp\/v2\/users\/8"}],"replies":[{"embeddable":true,"href":"https:\/\/www.waterair.com\/mq\/wp-json\/wp\/v2\/comments?post=96496"}],"version-history":[{"count":3,"href":"https:\/\/www.waterair.com\/mq\/wp-json\/wp\/v2\/pages\/96496\/revisions"}],"predecessor-version":[{"id":586772,"href":"https:\/\/www.waterair.com\/mq\/wp-json\/wp\/v2\/pages\/96496\/revisions\/586772"}],"wp:featuredmedia":[{"embeddable":true,"href":"https:\/\/www.waterair.com\/mq\/wp-json\/wp\/v2\/media\/92493"}],"wp:attachment":[{"href":"https:\/\/www.waterair.com\/mq\/wp-json\/wp\/v2\/media?parent=96496"}],"curies":[{"name":"wp","href":"https:\/\/api.w.org\/{rel}","templated":true}]}}