{"id":35771,"date":"2021-10-29T20:49:59","date_gmt":"2021-10-29T18:49:59","guid":{"rendered":"https:\/\/waterair-preprod2.adipso.fr\/terrain-2"},"modified":"2022-06-23T08:30:30","modified_gmt":"2022-06-23T06:30:30","slug":"terrain-2","status":"publish","type":"page","link":"https:\/\/www.waterair.com\/pf\/conseils-piscine\/terrain","title":{"rendered":"Terrain Piscine : \u00e0 chaque jardin sa piscine Waterair"},"content":{"rendered":"<div class=\"container block--core-paragraph\"><div class=\"row\"><div class=\"col-12 \">\n<p>Gr\u00e2ce \u00e0 sa technologie brevet\u00e9e de <a href=\"https:\/\/www.waterair.com\/pf\/le-groupe\/le-panneau-waterair\">panneaux en acier ond\u00e9<\/a>, les piscines Waterair s\u2019adapte \u00e0 tous les types de terrains. Qu\u2019il soit rectiligne ou escarp\u00e9, plat, en restanque ou en forte pente, vous trouverez parmi nos mod\u00e8les, la piscine qui \u00e9pousera les formes de votre jardin. Sur-mesure, votre piscine se personnalise \u00e0 votre guise. Vous pouvez tout choisir : la forme, le fond, l\u2019escalier et les \u00e9quipements. Quel que soit votre jardin, nos piscines sont tout-terrains !<\/p>\n<\/div><\/div><\/div>\n\n<div  class=\"block-links  content-block\">\n\t\t\t\t\t\t\t\t<div data-wa=\"fade-up\" data-wa-delay=\"300\" class=\"content-block__slider splide\" data-splide>\n\t\t\t\t<div class=\"splide__track\">\n\t\t\t\t\t<div class=\"splide__list\">\n\t\t\t\t\t\t\t\t\t\t\t\t\t\t\t\t\t\t\t\t\t<a data-wa=\"fade-up\" href=\"https:\/\/www.waterair.com\/pf\/conseils-piscine\/terrain\/piscine-petit-jardin\" class=\"item-card is-size-card splide__slide \">\n\t<div class=\"item-card__infos item-card__infos--simple\">\n\t\t<h3 class=\"item-card__title mb-0 c-white\">Piscine petit jardin<\/h3>\n\t\t\t<\/div>\n\t\t<img loading=\"lazy\" decoding=\"async\" width=\"540\" height=\"540\" src=\"https:\/\/www.waterair.com\/wp-content\/uploads\/2023\/06\/header-lp-basse-conso-offerte-540x540.webp\" class=\"attachment-card size-card\" alt=\"piscine rectangle enterr\u00e9e\" srcset=\"https:\/\/www.waterair.com\/wp-content\/uploads\/2023\/06\/header-lp-basse-conso-offerte-540x540.webp 540w, https:\/\/www.waterair.com\/wp-content\/uploads\/2023\/06\/header-lp-basse-conso-offerte-1080x1080.webp 1080w, https:\/\/www.waterair.com\/wp-content\/uploads\/2023\/06\/header-lp-basse-conso-offerte-480x480.webp 480w, https:\/\/www.waterair.com\/wp-content\/uploads\/2023\/06\/header-lp-basse-conso-offerte-240x240.webp 240w, https:\/\/www.waterair.com\/wp-content\/uploads\/2023\/06\/header-lp-basse-conso-offerte-150x150.webp 150w, https:\/\/www.waterair.com\/wp-content\/uploads\/2023\/06\/header-lp-basse-conso-offerte-75x75.webp 75w, https:\/\/www.waterair.com\/wp-content\/uploads\/2023\/06\/header-lp-basse-conso-offerte-780x780.webp 780w, https:\/\/www.waterair.com\/wp-content\/uploads\/2023\/06\/header-lp-basse-conso-offerte-390x390.webp 390w, https:\/\/www.waterair.com\/wp-content\/uploads\/2023\/06\/header-lp-basse-conso-offerte-320x320.webp 320w, https:\/\/www.waterair.com\/wp-content\/uploads\/2023\/06\/header-lp-basse-conso-offerte-160x160.webp 160w\" sizes=\"auto, (max-width: 540px) 100vw, 540px\" \/><\/a>\t\t\t\t\t\t\t\t\t\t\t\t\t\t\t\t\t\t\t\t\t\t\t\t\t\t\t\t<a data-wa=\"fade-up\" href=\"https:\/\/www.waterair.com\/pf\/conseils-piscine\/terrain\/piscine-terrain-en-pente\" class=\"item-card is-size-card splide__slide \">\n\t<div class=\"item-card__infos item-card__infos--simple\">\n\t\t<h3 class=\"item-card__title mb-0 c-white\">Piscine terrain en pente<\/h3>\n\t\t\t<\/div>\n\t\t<img loading=\"lazy\" decoding=\"async\" width=\"540\" height=\"540\" src=\"https:\/\/www.waterair.com\/wp-content\/uploads\/2025\/12\/rectangle-pente-plage-bois-540x540.webp\" class=\"attachment-card size-card\" alt=\"piscine rectangle pente plage bois\" srcset=\"https:\/\/www.waterair.com\/wp-content\/uploads\/2025\/12\/rectangle-pente-plage-bois-540x540.webp 540w, https:\/\/www.waterair.com\/wp-content\/uploads\/2025\/12\/rectangle-pente-plage-bois-1080x1080.webp 1080w, https:\/\/www.waterair.com\/wp-content\/uploads\/2025\/12\/rectangle-pente-plage-bois-480x480.webp 480w, https:\/\/www.waterair.com\/wp-content\/uploads\/2025\/12\/rectangle-pente-plage-bois-240x240.webp 240w, https:\/\/www.waterair.com\/wp-content\/uploads\/2025\/12\/rectangle-pente-plage-bois-150x150.webp 150w, https:\/\/www.waterair.com\/wp-content\/uploads\/2025\/12\/rectangle-pente-plage-bois-75x75.webp 75w, https:\/\/www.waterair.com\/wp-content\/uploads\/2025\/12\/rectangle-pente-plage-bois-780x780.webp 780w, https:\/\/www.waterair.com\/wp-content\/uploads\/2025\/12\/rectangle-pente-plage-bois-390x390.webp 390w, https:\/\/www.waterair.com\/wp-content\/uploads\/2025\/12\/rectangle-pente-plage-bois-320x320.webp 320w, https:\/\/www.waterair.com\/wp-content\/uploads\/2025\/12\/rectangle-pente-plage-bois-160x160.webp 160w\" sizes=\"auto, (max-width: 540px) 100vw, 540px\" \/><\/a>\t\t\t\t\t\t\t\t\t\t\t\t\t\t\t\t\t\t<\/div>\n\t\t\t\t<\/div>\n\t\t\t<\/div>\n\t\t\t\t\t<\/div>\n\n<div  class=\"block-links  content-block\">\n\t\t\t\t\t\t\t\t<div data-wa=\"fade-up\" data-wa-delay=\"300\" class=\"content-block__slider splide\" data-splide>\n\t\t\t\t<div class=\"splide__track\">\n\t\t\t\t\t<div class=\"splide__list\">\n\t\t\t\t\t\t\t\t\t\t\t\t\t\t\t\t\t\t\t\t\t<a data-wa=\"fade-up\" href=\"https:\/\/www.waterair.com\/pf\/conseils-piscine\/amenagement-piscine\" class=\"item-card is-size-card splide__slide \">\n\t<div class=\"item-card__infos item-card__infos--simple\">\n\t\t<h3 class=\"item-card__title mb-0 c-white\">Am\u00e9nagement piscine<\/h3>\n\t\t\t<\/div>\n\t\t<img loading=\"lazy\" decoding=\"async\" width=\"540\" height=\"540\" src=\"https:\/\/www.waterair.com\/wp-content\/uploads\/2025\/11\/grande-piscine-haricot-plage-bois-540x540.webp\" class=\"attachment-card size-card\" alt=\"grande piscine haricot plage bois\" srcset=\"https:\/\/www.waterair.com\/wp-content\/uploads\/2025\/11\/grande-piscine-haricot-plage-bois-540x540.webp 540w, https:\/\/www.waterair.com\/wp-content\/uploads\/2025\/11\/grande-piscine-haricot-plage-bois-1080x1080.webp 1080w, https:\/\/www.waterair.com\/wp-content\/uploads\/2025\/11\/grande-piscine-haricot-plage-bois-480x480.webp 480w, https:\/\/www.waterair.com\/wp-content\/uploads\/2025\/11\/grande-piscine-haricot-plage-bois-240x240.webp 240w, https:\/\/www.waterair.com\/wp-content\/uploads\/2025\/11\/grande-piscine-haricot-plage-bois-150x150.webp 150w, https:\/\/www.waterair.com\/wp-content\/uploads\/2025\/11\/grande-piscine-haricot-plage-bois-75x75.webp 75w, https:\/\/www.waterair.com\/wp-content\/uploads\/2025\/11\/grande-piscine-haricot-plage-bois-780x780.webp 780w, https:\/\/www.waterair.com\/wp-content\/uploads\/2025\/11\/grande-piscine-haricot-plage-bois-390x390.webp 390w, https:\/\/www.waterair.com\/wp-content\/uploads\/2025\/11\/grande-piscine-haricot-plage-bois-320x320.webp 320w, https:\/\/www.waterair.com\/wp-content\/uploads\/2025\/11\/grande-piscine-haricot-plage-bois-160x160.webp 160w\" sizes=\"auto, (max-width: 540px) 100vw, 540px\" \/><\/a>\t\t\t\t\t\t\t\t\t\t\t\t\t\t\t\t\t\t<\/div>\n\t\t\t\t<\/div>\n\t\t\t<\/div>\n\t\t\t\t\t<\/div>","protected":false},"excerpt":{"rendered":"<p>Gr\u00e2ce \u00e0 sa technologie brevet\u00e9e de panneaux en acier ond\u00e9, les piscines Waterair s\u2019adapte \u00e0 tous les types de terrains. Qu\u2019il soit rectiligne ou escarp\u00e9, plat, en restanque ou en forte pente, vous trouverez parmi nos mod\u00e8les, la piscine qui \u00e9pousera les formes de votre jardin. Sur-mesure, votre piscine se personnalise \u00e0 votre guise. Vous [&hellip;]<\/p>\n","protected":false},"author":1,"featured_media":54793,"parent":33300,"menu_order":0,"comment_status":"closed","ping_status":"closed","template":"","meta":{"_acf_changed":false,"om_disable_all_campaigns":false,"footnotes":""},"class_list":["post-35771","page","type-page","status-publish","has-post-thumbnail","hentry"],"acf":[],"yoast_head":"<!-- This site is optimized with the Yoast SEO Premium plugin v25.4 (Yoast SEO v27.2) - https:\/\/yoast.com\/product\/yoast-seo-premium-wordpress\/ -->\n<title>Terrain piscine : construire votre piscine selon les contraintes de votre terrain | Piscines Waterair<\/title>\n<meta name=\"description\" content=\"Votre terrain est en pente, forte pente, ou en restanque ? Ne renoncez pas \u00e0 votre projet piscine ! D\u00e9couvrez la solution des piscines Waterair qui s\u2019adapte \u00e0 tous les terrains.\" \/>\n<meta name=\"robots\" content=\"index, follow, max-snippet:-1, max-image-preview:large, max-video-preview:-1\" \/>\n<link rel=\"canonical\" href=\"https:\/\/www.waterair.com\/pf\/conseils-piscine\/terrain\" \/>\n<meta property=\"og:locale\" content=\"fr_FR\" \/>\n<meta property=\"og:type\" content=\"article\" \/>\n<meta property=\"og:title\" content=\"Terrain Piscine : \u00e0 chaque jardin sa piscine Waterair\" \/>\n<meta property=\"og:description\" content=\"Votre terrain est en pente, forte pente, ou en restanque ? Ne renoncez pas \u00e0 votre projet piscine ! D\u00e9couvrez la solution des piscines Waterair qui s\u2019adapte \u00e0 tous les terrains.\" \/>\n<meta property=\"og:url\" content=\"https:\/\/www.waterair.com\/pf\/conseils-piscine\/terrain\" \/>\n<meta property=\"og:site_name\" content=\"Piscines Waterair\" \/>\n<meta property=\"article:modified_time\" content=\"2022-06-23T06:30:30+00:00\" \/>\n<meta property=\"og:image\" content=\"https:\/\/www.waterair.com\/wp-content\/uploads\/2021\/11\/terrain.jpg\" \/>\n\t<meta property=\"og:image:width\" content=\"1920\" \/>\n\t<meta property=\"og:image:height\" content=\"1440\" \/>\n\t<meta property=\"og:image:type\" content=\"image\/jpeg\" \/>\n<meta name=\"twitter:card\" content=\"summary_large_image\" \/>\n<meta name=\"twitter:label1\" content=\"Est. reading time\" \/>\n\t<meta name=\"twitter:data1\" content=\"1 minute\" \/>\n<script type=\"application\/ld+json\" class=\"yoast-schema-graph\">{\"@context\":\"https:\/\/schema.org\",\"@graph\":[{\"@type\":\"WebPage\",\"@id\":\"https:\/\/www.waterair.com\/pf\/conseils-piscine\/terrain\",\"url\":\"https:\/\/www.waterair.com\/pf\/conseils-piscine\/terrain\",\"name\":\"Terrain piscine : construire votre piscine selon les contraintes de votre terrain | Piscines Waterair\",\"isPartOf\":{\"@id\":\"https:\/\/www.waterair.com\/pf\/#website\"},\"primaryImageOfPage\":{\"@id\":\"https:\/\/www.waterair.com\/pf\/conseils-piscine\/terrain#primaryimage\"},\"image\":{\"@id\":\"https:\/\/www.waterair.com\/pf\/conseils-piscine\/terrain#primaryimage\"},\"thumbnailUrl\":\"https:\/\/www.waterair.com\/wp-content\/uploads\/2021\/11\/terrain.jpg\",\"datePublished\":\"2021-10-29T18:49:59+00:00\",\"dateModified\":\"2022-06-23T06:30:30+00:00\",\"description\":\"Votre terrain est en pente, forte pente, ou en restanque ? Ne renoncez pas \u00e0 votre projet piscine ! D\u00e9couvrez la solution des piscines Waterair qui s\u2019adapte \u00e0 tous les terrains.\",\"breadcrumb\":{\"@id\":\"https:\/\/www.waterair.com\/pf\/conseils-piscine\/terrain#breadcrumb\"},\"inLanguage\":\"fr-PF\",\"potentialAction\":[{\"@type\":\"ReadAction\",\"target\":[\"https:\/\/www.waterair.com\/pf\/conseils-piscine\/terrain\"]}]},{\"@type\":\"ImageObject\",\"inLanguage\":\"fr-PF\",\"@id\":\"https:\/\/www.waterair.com\/pf\/conseils-piscine\/terrain#primaryimage\",\"url\":\"https:\/\/www.waterair.com\/wp-content\/uploads\/2021\/11\/terrain.jpg\",\"contentUrl\":\"https:\/\/www.waterair.com\/wp-content\/uploads\/2021\/11\/terrain.jpg\",\"width\":1920,\"height\":1440},{\"@type\":\"BreadcrumbList\",\"@id\":\"https:\/\/www.waterair.com\/pf\/conseils-piscine\/terrain#breadcrumb\",\"itemListElement\":[{\"@type\":\"ListItem\",\"position\":1,\"name\":\"Accueil\",\"item\":\"https:\/\/www.waterair.com\/pf\"},{\"@type\":\"ListItem\",\"position\":2,\"name\":\"Conseils, assistance et avis piscine Waterair\",\"item\":\"https:\/\/www.waterair.com\/pf\/conseils-piscine\"},{\"@type\":\"ListItem\",\"position\":3,\"name\":\"Terrain Piscine : \u00e0 chaque jardin sa piscine Waterair\"}]},{\"@type\":\"WebSite\",\"@id\":\"https:\/\/www.waterair.com\/pf\/#website\",\"url\":\"https:\/\/www.waterair.com\/pf\/\",\"name\":\"Piscines Waterair\",\"description\":\"\",\"potentialAction\":[{\"@type\":\"SearchAction\",\"target\":{\"@type\":\"EntryPoint\",\"urlTemplate\":\"https:\/\/www.waterair.com\/pf\/?s={search_term_string}\"},\"query-input\":{\"@type\":\"PropertyValueSpecification\",\"valueRequired\":true,\"valueName\":\"search_term_string\"}}],\"inLanguage\":\"fr-PF\"}]}<\/script>\n<!-- \/ Yoast SEO Premium plugin. -->","yoast_head_json":{"title":"Terrain piscine : construire votre piscine selon les contraintes de votre terrain | Piscines Waterair","description":"Votre terrain est en pente, forte pente, ou en restanque ? Ne renoncez pas \u00e0 votre projet piscine ! D\u00e9couvrez la solution des piscines Waterair qui s\u2019adapte \u00e0 tous les terrains.","robots":{"index":"index","follow":"follow","max-snippet":"max-snippet:-1","max-image-preview":"max-image-preview:large","max-video-preview":"max-video-preview:-1"},"canonical":"https:\/\/www.waterair.com\/pf\/conseils-piscine\/terrain","og_locale":"fr_FR","og_type":"article","og_title":"Terrain Piscine : \u00e0 chaque jardin sa piscine Waterair","og_description":"Votre terrain est en pente, forte pente, ou en restanque ? Ne renoncez pas \u00e0 votre projet piscine ! D\u00e9couvrez la solution des piscines Waterair qui s\u2019adapte \u00e0 tous les terrains.","og_url":"https:\/\/www.waterair.com\/pf\/conseils-piscine\/terrain","og_site_name":"Piscines Waterair","article_modified_time":"2022-06-23T06:30:30+00:00","og_image":[{"width":1920,"height":1440,"url":"https:\/\/www.waterair.com\/wp-content\/uploads\/2021\/11\/terrain.jpg","type":"image\/jpeg"}],"twitter_card":"summary_large_image","twitter_misc":{"Est. reading time":"1 minute"},"schema":{"@context":"https:\/\/schema.org","@graph":[{"@type":"WebPage","@id":"https:\/\/www.waterair.com\/pf\/conseils-piscine\/terrain","url":"https:\/\/www.waterair.com\/pf\/conseils-piscine\/terrain","name":"Terrain piscine : construire votre piscine selon les contraintes de votre terrain | Piscines Waterair","isPartOf":{"@id":"https:\/\/www.waterair.com\/pf\/#website"},"primaryImageOfPage":{"@id":"https:\/\/www.waterair.com\/pf\/conseils-piscine\/terrain#primaryimage"},"image":{"@id":"https:\/\/www.waterair.com\/pf\/conseils-piscine\/terrain#primaryimage"},"thumbnailUrl":"https:\/\/www.waterair.com\/wp-content\/uploads\/2021\/11\/terrain.jpg","datePublished":"2021-10-29T18:49:59+00:00","dateModified":"2022-06-23T06:30:30+00:00","description":"Votre terrain est en pente, forte pente, ou en restanque ? Ne renoncez pas \u00e0 votre projet piscine ! D\u00e9couvrez la solution des piscines Waterair qui s\u2019adapte \u00e0 tous les terrains.","breadcrumb":{"@id":"https:\/\/www.waterair.com\/pf\/conseils-piscine\/terrain#breadcrumb"},"inLanguage":"fr-PF","potentialAction":[{"@type":"ReadAction","target":["https:\/\/www.waterair.com\/pf\/conseils-piscine\/terrain"]}]},{"@type":"ImageObject","inLanguage":"fr-PF","@id":"https:\/\/www.waterair.com\/pf\/conseils-piscine\/terrain#primaryimage","url":"https:\/\/www.waterair.com\/wp-content\/uploads\/2021\/11\/terrain.jpg","contentUrl":"https:\/\/www.waterair.com\/wp-content\/uploads\/2021\/11\/terrain.jpg","width":1920,"height":1440},{"@type":"BreadcrumbList","@id":"https:\/\/www.waterair.com\/pf\/conseils-piscine\/terrain#breadcrumb","itemListElement":[{"@type":"ListItem","position":1,"name":"Accueil","item":"https:\/\/www.waterair.com\/pf"},{"@type":"ListItem","position":2,"name":"Conseils, assistance et avis piscine Waterair","item":"https:\/\/www.waterair.com\/pf\/conseils-piscine"},{"@type":"ListItem","position":3,"name":"Terrain Piscine : \u00e0 chaque jardin sa piscine Waterair"}]},{"@type":"WebSite","@id":"https:\/\/www.waterair.com\/pf\/#website","url":"https:\/\/www.waterair.com\/pf\/","name":"Piscines Waterair","description":"","potentialAction":[{"@type":"SearchAction","target":{"@type":"EntryPoint","urlTemplate":"https:\/\/www.waterair.com\/pf\/?s={search_term_string}"},"query-input":{"@type":"PropertyValueSpecification","valueRequired":true,"valueName":"search_term_string"}}],"inLanguage":"fr-PF"}]}},"_links":{"self":[{"href":"https:\/\/www.waterair.com\/pf\/wp-json\/wp\/v2\/pages\/35771","targetHints":{"allow":["GET"]}}],"collection":[{"href":"https:\/\/www.waterair.com\/pf\/wp-json\/wp\/v2\/pages"}],"about":[{"href":"https:\/\/www.waterair.com\/pf\/wp-json\/wp\/v2\/types\/page"}],"author":[{"embeddable":true,"href":"https:\/\/www.waterair.com\/pf\/wp-json\/wp\/v2\/users\/1"}],"replies":[{"embeddable":true,"href":"https:\/\/www.waterair.com\/pf\/wp-json\/wp\/v2\/comments?post=35771"}],"version-history":[{"count":5,"href":"https:\/\/www.waterair.com\/pf\/wp-json\/wp\/v2\/pages\/35771\/revisions"}],"predecessor-version":[{"id":181981,"href":"https:\/\/www.waterair.com\/pf\/wp-json\/wp\/v2\/pages\/35771\/revisions\/181981"}],"up":[{"embeddable":true,"href":"https:\/\/www.waterair.com\/pf\/wp-json\/wp\/v2\/pages\/33300"}],"wp:featuredmedia":[{"embeddable":true,"href":"https:\/\/www.waterair.com\/pf\/wp-json\/wp\/v2\/media\/54793"}],"wp:attachment":[{"href":"https:\/\/www.waterair.com\/pf\/wp-json\/wp\/v2\/media?parent=35771"}],"curies":[{"name":"wp","href":"https:\/\/api.w.org\/{rel}","templated":true}]}}