{"id":37768,"date":"2021-10-29T21:22:23","date_gmt":"2021-10-29T19:22:23","guid":{"rendered":"https:\/\/waterair-preprod2.adipso.fr\/informacje-prawne"},"modified":"2026-01-23T11:27:49","modified_gmt":"2026-01-23T10:27:49","slug":"informacje-prawne","status":"publish","type":"page","link":"https:\/\/www.waterair.com\/pl\/informacje-prawne","title":{"rendered":"Informacje prawne"},"content":{"rendered":"<div  class=\"block-content-media  content-block   has-no-title\">\n            <div class=\"container\">\n            <div class=\"row\">\n                <div class=\"col\">\n                    <div class=\"row flex-column flex-md-row \">\n                        <div class=\"content-block__col col-12 d-flex flex-column align-items-md-start order-lg-2\">\n                                                                                                                                                <div data-wa=\"fade-up\" data-wa-delay=\"400\" class=\"content-block__description text--sm text-weight--300 mb-0\">\n                                    <p><strong>Identyfikacja administratora strony internetowej<\/strong><\/p>\n<p>Waterair.com\/pl to strona edytowana przez Grup\u0119 WATERAIR<br \/>\nSp\u00f3\u0142ka akcyjna uproszczona o kapitale wynosz\u0105cym 10\u00a0000\u00a0000\u00a0EURO.<br \/>\nVAT wewn\u0105trzwsp\u00f3lnotowy: FR 71 440 123 487<br \/>\nNumer rejestracji w Rejestrze sp\u00f3\u0142ek handlowych w Mulhouse: RCS B\u00a0440\u00a0123\u00a0487, adres siedziby prawnej:<br \/>\nZone Artisanale<br \/>\n6 Rue de la Largue<br \/>\n68580 Seppois le Bas<br \/>\nAdres elektroniczny: info@waterair.com<br \/>\nPorady oraz analiza usytuowania: 0 800 50 70 40<br \/>\nNr telefonu dzia\u0142u administracyjnego: +33 3 89 7 45 45<br \/>\nDzia\u0142 klienta, +33 3 89 7 45 55 (us\u0142uga bezp\u0142atna, cena jednej rozmowy telefonicznej)<br \/>\nKierownik publikacji: Jacques Braun<\/p>\n<p><strong>Dost\u0119p do strony internetowej<\/strong><\/p>\n<p>Dost\u0119p do strony internetowej Waterair.com\/pl jest bezp\u0142atny. Koszty dost\u0119pu i u\u017cytkowania sieci telekomunikacji ponosi u\u017cytkownik Internetu zgodnie z warunkami ustalonymi przez us\u0142ugodawc\u0119 internetowego oraz operatora telekomunikacji. U\u017cytkownik niniejszej strony internetowej o\u015bwiadcza, \u017ce posiada wystarczaj\u0105ce kompetencje oraz \u015brodki umo\u017cliwiaj\u0105ce mu dost\u0119p do tej strony i jej u\u017cywanie.<br \/>\nInformacje techniczne<br \/>\nPrzypominamy, \u017ce tajemnica korespondencji nie jest gwarantowana w sieci internetowej. Internauta jest \u015bwiadomy, \u017ce podczas jego wizyty na stronie internetowej mog\u0105 by\u0107 u\u017cyte pliki \u201ecookie\u201d do identyfikacji oraz przechowywania informacji wprowadzanych podczas zalogowania.<br \/>\nStrona internetowa Waterair.com\/pl korzysta z us\u0142ugi s\u0142u\u017c\u0105cej do analizy stron internetowych &#8211; Google Analytics, kt\u00f3rej dostarcza Google Inc. (&#8222;Google&#8221;). Google Analytics wykorzystuje pliki cookie, kt\u00f3re s\u0105 plikami tekstowymi umieszczonymi na komputerze u\u017cytkownika, aby pom\u00f3c administratorowi Waterair.com\/pl w analizie dotycz\u0105cej korzystania ze strony internetowej przez jej u\u017cytkownik\u00f3w. Dane wytwarzane przez pliki cookie na temat korzystania ze strony internetowej przez u\u017cytkownika (w tym adres IP) zostan\u0105 przekazane i przechowywane przez Google. Google wykorzysta te informacje, aby oceni\u0107, w jaki spos\u00f3b u\u017cytkownik korzysta z naszej strony internetowej, opracowa\u0107 raporty na temat aktywno\u015bci strony internetowej przeznaczone dla jej wydawcy, oraz zapewni\u0107 pozosta\u0142e us\u0142ugi zwi\u0105zane z aktywno\u015bci\u0105 strony internetowej i korzystaniem z Internetu. Google mo\u017ce ujawni\u0107 te informacje stronom trzecim w przypadku wymog\u00f3w prawnych, lub je\u017celi te strony trzecie przetwarzaj\u0105 te dane w imieniu Google. Google nie b\u0119dzie dokonywa\u0107 zestawie\u0144 adresu IP u\u017cytkownika z jakimikolwiek innymi danymi, jakie przechowuje. U\u017cytkownik ma mo\u017cliwo\u015b\u0107 wy\u0142\u0105czenia u\u017cywania plik\u00f3w cookie wybieraj\u0105c odpowiednie parametry w swojej przegl\u0105darce.<\/p>\n<p>Korzystaj\u0105c z tej strony, u\u017cytkownik wyra\u017anie wyra\u017ca zgod\u0119 na przetwarzanie swoich danych osobowych przez Google na warunkach i w celach opisanych powy\u017cej.<\/p>\n<p><strong>Hiper\u0142\u0105cza<\/strong><\/p>\n<p>Utworzenie hiper\u0142\u0105czy do strony internetowej Waterair.com\/pl wymaga wcze\u015bniejszej zgody Dyrektora Publikacji. Firma Piscines WATERAIR nie ponosi w \u017cadnym przypadku odpowiedzialno\u015bci za hiper\u0142\u0105cza prowadz\u0105ce ze strony Waterair.com\/pl do innych stron internetowych.Firma Baseny WATERAIR nie ponosi w \u017cadnym przypadku odpowiedzialno\u015bci za hiper\u0142\u0105cza prowadz\u0105ce ze strony Waterair.com\/pl do innych stron internetowych.<\/p>\n<p><strong>Prawa autorskie<\/strong><\/p>\n<p>Powielanie lub przedstawianie, ca\u0142kowite albo cz\u0119\u015bciowe, stron, danych oraz wszelkich innych element\u00f3w, jakie sk\u0142adaj\u0105 si\u0119 na strony internetowe, za pomoc\u0105 dowolnej metody czy formy jest zabronione i stanowi fa\u0142szerstwo w razie braku upowa\u017cnienia ze strony wydawcy.<\/p>\n<p><strong>Identyfikacja hosta internetowego<\/strong><\/p>\n<p>Hostem strony internetowej Waterair.com\/pl jest firma Ikoula, kt\u00f3rej siedziba prawna mie\u015bci si\u0119 pod adresem 2 Cit\u00e9 Paradis, 75010 Paris, Francja.<\/p>\n<p>\u00a9 Zdj\u0119cia<br \/>\nEstelle Hoffert<\/p>\n                                <\/div>\n                                                                                        <div data-wa=\"fade-up\" data-wa-delay=\"500\">\n                                                                    <\/div>\n                                                    <\/div>\n                                            <\/div>\n                <\/div>\n            <\/div>\n        <\/div>\n    <\/div>","protected":false},"excerpt":{"rendered":"","protected":false},"author":1,"featured_media":0,"parent":0,"menu_order":0,"comment_status":"closed","ping_status":"closed","template":"","meta":{"_acf_changed":false,"om_disable_all_campaigns":false,"footnotes":""},"class_list":["post-37768","page","type-page","status-publish","hentry"],"acf":[],"yoast_head":"<!-- This site is optimized with the Yoast SEO Premium plugin v25.4 (Yoast SEO v27.2) - https:\/\/yoast.com\/product\/yoast-seo-premium-wordpress\/ -->\n<title>Informacje prawne | Baseny Waterair<\/title>\n<meta name=\"robots\" content=\"index, follow, max-snippet:-1, max-image-preview:large, max-video-preview:-1\" \/>\n<link rel=\"canonical\" href=\"https:\/\/www.waterair.com\/pl\/informacje-prawne\" \/>\n<meta property=\"og:locale\" content=\"pl_PL\" \/>\n<meta property=\"og:type\" content=\"article\" \/>\n<meta property=\"og:title\" content=\"Informacje prawne\" \/>\n<meta property=\"og:url\" content=\"https:\/\/www.waterair.com\/pl\/informacje-prawne\" \/>\n<meta property=\"og:site_name\" content=\"Baseny Waterair\" \/>\n<meta property=\"article:modified_time\" content=\"2026-01-23T10:27:49+00:00\" \/>\n<meta name=\"twitter:card\" content=\"summary_large_image\" \/>\n<meta name=\"twitter:label1\" content=\"Szacowany czas czytania\" \/>\n\t<meta name=\"twitter:data1\" content=\"3 minuty\" \/>\n<script type=\"application\/ld+json\" class=\"yoast-schema-graph\">{\"@context\":\"https:\/\/schema.org\",\"@graph\":[{\"@type\":\"WebPage\",\"@id\":\"https:\/\/www.waterair.com\/pl\/informacje-prawne\",\"url\":\"https:\/\/www.waterair.com\/pl\/informacje-prawne\",\"name\":\"Informacje prawne | Baseny Waterair\",\"isPartOf\":{\"@id\":\"https:\/\/www.waterair.com\/pl\/#website\"},\"datePublished\":\"2021-10-29T19:22:23+00:00\",\"dateModified\":\"2026-01-23T10:27:49+00:00\",\"breadcrumb\":{\"@id\":\"https:\/\/www.waterair.com\/pl\/informacje-prawne#breadcrumb\"},\"inLanguage\":\"pl-PL\",\"potentialAction\":[{\"@type\":\"ReadAction\",\"target\":[\"https:\/\/www.waterair.com\/pl\/informacje-prawne\"]}]},{\"@type\":\"BreadcrumbList\",\"@id\":\"https:\/\/www.waterair.com\/pl\/informacje-prawne#breadcrumb\",\"itemListElement\":[{\"@type\":\"ListItem\",\"position\":1,\"name\":\"Strona g\u0142\u00f3wna\",\"item\":\"https:\/\/www.waterair.com\/pl\"},{\"@type\":\"ListItem\",\"position\":2,\"name\":\"Informacje prawne\"}]},{\"@type\":\"WebSite\",\"@id\":\"https:\/\/www.waterair.com\/pl\/#website\",\"url\":\"https:\/\/www.waterair.com\/pl\/\",\"name\":\"Baseny Waterair\",\"description\":\"\",\"potentialAction\":[{\"@type\":\"SearchAction\",\"target\":{\"@type\":\"EntryPoint\",\"urlTemplate\":\"https:\/\/www.waterair.com\/pl\/?s={search_term_string}\"},\"query-input\":{\"@type\":\"PropertyValueSpecification\",\"valueRequired\":true,\"valueName\":\"search_term_string\"}}],\"inLanguage\":\"pl-PL\"}]}<\/script>\n<!-- \/ Yoast SEO Premium plugin. -->","yoast_head_json":{"title":"Informacje prawne | Baseny Waterair","robots":{"index":"index","follow":"follow","max-snippet":"max-snippet:-1","max-image-preview":"max-image-preview:large","max-video-preview":"max-video-preview:-1"},"canonical":"https:\/\/www.waterair.com\/pl\/informacje-prawne","og_locale":"pl_PL","og_type":"article","og_title":"Informacje prawne","og_url":"https:\/\/www.waterair.com\/pl\/informacje-prawne","og_site_name":"Baseny Waterair","article_modified_time":"2026-01-23T10:27:49+00:00","twitter_card":"summary_large_image","twitter_misc":{"Szacowany czas czytania":"3 minuty"},"schema":{"@context":"https:\/\/schema.org","@graph":[{"@type":"WebPage","@id":"https:\/\/www.waterair.com\/pl\/informacje-prawne","url":"https:\/\/www.waterair.com\/pl\/informacje-prawne","name":"Informacje prawne | Baseny Waterair","isPartOf":{"@id":"https:\/\/www.waterair.com\/pl\/#website"},"datePublished":"2021-10-29T19:22:23+00:00","dateModified":"2026-01-23T10:27:49+00:00","breadcrumb":{"@id":"https:\/\/www.waterair.com\/pl\/informacje-prawne#breadcrumb"},"inLanguage":"pl-PL","potentialAction":[{"@type":"ReadAction","target":["https:\/\/www.waterair.com\/pl\/informacje-prawne"]}]},{"@type":"BreadcrumbList","@id":"https:\/\/www.waterair.com\/pl\/informacje-prawne#breadcrumb","itemListElement":[{"@type":"ListItem","position":1,"name":"Strona g\u0142\u00f3wna","item":"https:\/\/www.waterair.com\/pl"},{"@type":"ListItem","position":2,"name":"Informacje prawne"}]},{"@type":"WebSite","@id":"https:\/\/www.waterair.com\/pl\/#website","url":"https:\/\/www.waterair.com\/pl\/","name":"Baseny Waterair","description":"","potentialAction":[{"@type":"SearchAction","target":{"@type":"EntryPoint","urlTemplate":"https:\/\/www.waterair.com\/pl\/?s={search_term_string}"},"query-input":{"@type":"PropertyValueSpecification","valueRequired":true,"valueName":"search_term_string"}}],"inLanguage":"pl-PL"}]}},"_links":{"self":[{"href":"https:\/\/www.waterair.com\/pl\/wp-json\/wp\/v2\/pages\/37768","targetHints":{"allow":["GET"]}}],"collection":[{"href":"https:\/\/www.waterair.com\/pl\/wp-json\/wp\/v2\/pages"}],"about":[{"href":"https:\/\/www.waterair.com\/pl\/wp-json\/wp\/v2\/types\/page"}],"author":[{"embeddable":true,"href":"https:\/\/www.waterair.com\/pl\/wp-json\/wp\/v2\/users\/1"}],"replies":[{"embeddable":true,"href":"https:\/\/www.waterair.com\/pl\/wp-json\/wp\/v2\/comments?post=37768"}],"version-history":[{"count":6,"href":"https:\/\/www.waterair.com\/pl\/wp-json\/wp\/v2\/pages\/37768\/revisions"}],"predecessor-version":[{"id":580642,"href":"https:\/\/www.waterair.com\/pl\/wp-json\/wp\/v2\/pages\/37768\/revisions\/580642"}],"wp:attachment":[{"href":"https:\/\/www.waterair.com\/pl\/wp-json\/wp\/v2\/media?parent=37768"}],"curies":[{"name":"wp","href":"https:\/\/api.w.org\/{rel}","templated":true}]}}