{"id":35747,"date":"2021-10-29T20:49:53","date_gmt":"2021-10-29T18:49:53","guid":{"rendered":"https:\/\/waterair-preprod2.adipso.fr\/terreno"},"modified":"2022-06-23T09:50:09","modified_gmt":"2022-06-23T07:50:09","slug":"terreno","status":"publish","type":"page","link":"https:\/\/www.waterair.com\/pt\/aconselhamento-e-assistencia\/terreno","title":{"rendered":"Terreno piscina: para cada jardim a sua piscina Waterair"},"content":{"rendered":"<div class=\"container block--core-paragraph\"><div class=\"row\"><div class=\"col-12 \">\n<p>Gra\u00e7as \u00e0 sua tecnologia patenteada de <a href=\"https:\/\/www.waterair.com\/pt\/o-grupo\/o-painel-waterair\">pain\u00e9is em a\u00e7o ondeado<\/a>, as piscinas Waterair adaptam-se a todos os tipos de terrenos. Quer seja retil\u00edneo, plano, elevado ou fortemente inclinado, encontrar\u00e1, entre os nossos modelos, a piscina que combinar\u00e1 perfeitamente com as formas do seu jardim. Personalizada, a sua piscina \u00e9 constru\u00edda em fun\u00e7\u00e3o dos seus desejos. Pode escolher tudo: a forma, o fundo, a escada e os equipamentos. Independentemente do seu jardim, as nossas piscinas s\u00e3o todo-o-terreno!<\/p>\n<\/div><\/div><\/div>\n\n<div  class=\"block-links  content-block\">\n\t\t\t\t\t\t\t\t<div data-wa=\"fade-up\" data-wa-delay=\"300\" class=\"content-block__slider splide\" data-splide>\n\t\t\t\t<div class=\"splide__track\">\n\t\t\t\t\t<div class=\"splide__list\">\n\t\t\t\t\t\t\t\t\t\t\t\t\t\t\t\t\t\t\t\t\t<a data-wa=\"fade-up\" href=\"https:\/\/www.waterair.com\/pt\/aconselhamento-e-assistencia\/terreno\/piscina-com-jardim-pequeno\" class=\"item-card is-size-card splide__slide \">\n\t<div class=\"item-card__infos item-card__infos--simple\">\n\t\t<h3 class=\"item-card__title mb-0 c-white\">Piscina com jardim pequeno<\/h3>\n\t\t\t<\/div>\n\t\t<img loading=\"lazy\" decoding=\"async\" width=\"540\" height=\"540\" src=\"https:\/\/www.waterair.com\/wp-content\/uploads\/2023\/06\/header-lp-basse-conso-offerte-540x540.webp\" class=\"attachment-card size-card\" alt=\"piscine rectangle enterr\u00e9e\" srcset=\"https:\/\/www.waterair.com\/wp-content\/uploads\/2023\/06\/header-lp-basse-conso-offerte-540x540.webp 540w, https:\/\/www.waterair.com\/wp-content\/uploads\/2023\/06\/header-lp-basse-conso-offerte-1080x1080.webp 1080w, https:\/\/www.waterair.com\/wp-content\/uploads\/2023\/06\/header-lp-basse-conso-offerte-480x480.webp 480w, https:\/\/www.waterair.com\/wp-content\/uploads\/2023\/06\/header-lp-basse-conso-offerte-240x240.webp 240w, https:\/\/www.waterair.com\/wp-content\/uploads\/2023\/06\/header-lp-basse-conso-offerte-150x150.webp 150w, https:\/\/www.waterair.com\/wp-content\/uploads\/2023\/06\/header-lp-basse-conso-offerte-75x75.webp 75w, https:\/\/www.waterair.com\/wp-content\/uploads\/2023\/06\/header-lp-basse-conso-offerte-780x780.webp 780w, https:\/\/www.waterair.com\/wp-content\/uploads\/2023\/06\/header-lp-basse-conso-offerte-390x390.webp 390w, https:\/\/www.waterair.com\/wp-content\/uploads\/2023\/06\/header-lp-basse-conso-offerte-320x320.webp 320w, https:\/\/www.waterair.com\/wp-content\/uploads\/2023\/06\/header-lp-basse-conso-offerte-160x160.webp 160w\" sizes=\"auto, (max-width: 540px) 100vw, 540px\" \/><\/a>\t\t\t\t\t\t\t\t\t\t\t\t\t\t\t\t\t\t\t\t\t\t\t\t\t\t\t\t<a data-wa=\"fade-up\" href=\"https:\/\/www.waterair.com\/pt\/aconselhamento-e-assistencia\/terreno\/piscina-sobre-terreno-inclinado\" class=\"item-card is-size-card splide__slide \">\n\t<div class=\"item-card__infos item-card__infos--simple\">\n\t\t<h3 class=\"item-card__title mb-0 c-white\">Piscina sobre terreno inclinado<\/h3>\n\t\t\t<\/div>\n\t\t<img loading=\"lazy\" decoding=\"async\" width=\"540\" height=\"540\" src=\"https:\/\/www.waterair.com\/wp-content\/uploads\/2025\/12\/rectangle-pente-plage-bois-540x540.webp\" class=\"attachment-card size-card\" alt=\"piscine rectangle pente plage bois\" srcset=\"https:\/\/www.waterair.com\/wp-content\/uploads\/2025\/12\/rectangle-pente-plage-bois-540x540.webp 540w, https:\/\/www.waterair.com\/wp-content\/uploads\/2025\/12\/rectangle-pente-plage-bois-1080x1080.webp 1080w, https:\/\/www.waterair.com\/wp-content\/uploads\/2025\/12\/rectangle-pente-plage-bois-480x480.webp 480w, https:\/\/www.waterair.com\/wp-content\/uploads\/2025\/12\/rectangle-pente-plage-bois-240x240.webp 240w, https:\/\/www.waterair.com\/wp-content\/uploads\/2025\/12\/rectangle-pente-plage-bois-150x150.webp 150w, https:\/\/www.waterair.com\/wp-content\/uploads\/2025\/12\/rectangle-pente-plage-bois-75x75.webp 75w, https:\/\/www.waterair.com\/wp-content\/uploads\/2025\/12\/rectangle-pente-plage-bois-780x780.webp 780w, https:\/\/www.waterair.com\/wp-content\/uploads\/2025\/12\/rectangle-pente-plage-bois-390x390.webp 390w, https:\/\/www.waterair.com\/wp-content\/uploads\/2025\/12\/rectangle-pente-plage-bois-320x320.webp 320w, https:\/\/www.waterair.com\/wp-content\/uploads\/2025\/12\/rectangle-pente-plage-bois-160x160.webp 160w\" sizes=\"auto, (max-width: 540px) 100vw, 540px\" \/><\/a>\t\t\t\t\t\t\t\t\t\t\t\t\t\t\t\t\t\t<\/div>\n\t\t\t\t<\/div>\n\t\t\t<\/div>\n\t\t\t\t\t<\/div>\n\n<div  class=\"block-links  content-block\">\n\t\t\t\t\t\t\t\t<div data-wa=\"fade-up\" data-wa-delay=\"300\" class=\"content-block__slider splide\" data-splide>\n\t\t\t\t<div class=\"splide__track\">\n\t\t\t\t\t<div class=\"splide__list\">\n\t\t\t\t\t\t\t\t\t\t\t\t\t\t\t\t\t\t\t\t\t<a data-wa=\"fade-up\" href=\"https:\/\/www.waterair.com\/pt\/aconselhamento-e-assistencia\/adaptacao-da-piscina\" class=\"item-card is-size-card splide__slide \">\n\t<div class=\"item-card__infos item-card__infos--simple\">\n\t\t<h3 class=\"item-card__title mb-0 c-white\">Adapta\u00e7\u00e3o da piscina<\/h3>\n\t\t\t<\/div>\n\t\t<img loading=\"lazy\" decoding=\"async\" width=\"540\" height=\"540\" src=\"https:\/\/www.waterair.com\/wp-content\/uploads\/2021\/11\/deco-piscine-540x540.jpg\" class=\"attachment-card size-card\" alt=\"Qu\u00e9 dise\u00f1o para mi piscina\" srcset=\"https:\/\/www.waterair.com\/wp-content\/uploads\/2021\/11\/deco-piscine-540x540.jpg 540w, https:\/\/www.waterair.com\/wp-content\/uploads\/2021\/11\/deco-piscine-1080x1080.jpg 1080w, https:\/\/www.waterair.com\/wp-content\/uploads\/2021\/11\/deco-piscine-480x480.jpg 480w, https:\/\/www.waterair.com\/wp-content\/uploads\/2021\/11\/deco-piscine-240x240.jpg 240w, https:\/\/www.waterair.com\/wp-content\/uploads\/2021\/11\/deco-piscine-150x150.jpg 150w, https:\/\/www.waterair.com\/wp-content\/uploads\/2021\/11\/deco-piscine-75x75.jpg 75w, https:\/\/www.waterair.com\/wp-content\/uploads\/2021\/11\/deco-piscine-780x780.jpg 780w, https:\/\/www.waterair.com\/wp-content\/uploads\/2021\/11\/deco-piscine-390x390.jpg 390w, https:\/\/www.waterair.com\/wp-content\/uploads\/2021\/11\/deco-piscine-320x320.jpg 320w, https:\/\/www.waterair.com\/wp-content\/uploads\/2021\/11\/deco-piscine-160x160.jpg 160w\" sizes=\"auto, (max-width: 540px) 100vw, 540px\" \/><\/a>\t\t\t\t\t\t\t\t\t\t\t\t\t\t\t\t\t\t<\/div>\n\t\t\t\t<\/div>\n\t\t\t<\/div>\n\t\t\t\t\t<\/div>","protected":false},"excerpt":{"rendered":"<p>Gra\u00e7as \u00e0 sua tecnologia patenteada de pain\u00e9is em a\u00e7o ondeado, as piscinas Waterair adaptam-se a todos os tipos de terrenos. Quer seja retil\u00edneo, plano, elevado ou fortemente inclinado, encontrar\u00e1, entre os nossos modelos, a piscina que combinar\u00e1 perfeitamente com as formas do seu jardim. Personalizada, a sua piscina \u00e9 constru\u00edda em fun\u00e7\u00e3o dos seus desejos. [&hellip;]<\/p>\n","protected":false},"author":1,"featured_media":54805,"parent":33276,"menu_order":0,"comment_status":"closed","ping_status":"closed","template":"","meta":{"_acf_changed":false,"om_disable_all_campaigns":false,"footnotes":""},"class_list":["post-35747","page","type-page","status-publish","has-post-thumbnail","hentry"],"acf":[],"yoast_head":"<!-- This site is optimized with the Yoast SEO Premium plugin v25.4 (Yoast SEO v27.2) - https:\/\/yoast.com\/product\/yoast-seo-premium-wordpress\/ -->\n<title>Terreno piscina: construir a sua piscina de acordo com os requisitos do seu terreno | Piscinas Waterair<\/title>\n<meta name=\"description\" content=\"O seu terreno \u00e9 inclinado, fortemente inclinado, ou elevado? N\u00e3o desista do seu projeto de piscina! Descubra a solu\u00e7\u00e3o das piscinas Waterair que se adapta a todos os terrenos.\" \/>\n<meta name=\"robots\" content=\"index, follow, max-snippet:-1, max-image-preview:large, max-video-preview:-1\" \/>\n<link rel=\"canonical\" href=\"https:\/\/www.waterair.com\/pt\/aconselhamento-e-assistencia\/terreno\" \/>\n<meta property=\"og:locale\" content=\"pt_PT\" \/>\n<meta property=\"og:type\" content=\"article\" \/>\n<meta property=\"og:title\" content=\"Terreno piscina: para cada jardim a sua piscina Waterair\" \/>\n<meta property=\"og:description\" content=\"O seu terreno \u00e9 inclinado, fortemente inclinado, ou elevado? N\u00e3o desista do seu projeto de piscina! Descubra a solu\u00e7\u00e3o das piscinas Waterair que se adapta a todos os terrenos.\" \/>\n<meta property=\"og:url\" content=\"https:\/\/www.waterair.com\/pt\/aconselhamento-e-assistencia\/terreno\" \/>\n<meta property=\"og:site_name\" content=\"Piscinas Waterair\" \/>\n<meta property=\"article:modified_time\" content=\"2022-06-23T07:50:09+00:00\" \/>\n<meta property=\"og:image\" content=\"https:\/\/www.waterair.com\/wp-content\/uploads\/2021\/11\/terrain.jpg\" \/>\n\t<meta property=\"og:image:width\" content=\"1920\" \/>\n\t<meta property=\"og:image:height\" content=\"1440\" \/>\n\t<meta property=\"og:image:type\" content=\"image\/jpeg\" \/>\n<meta name=\"twitter:card\" content=\"summary_large_image\" \/>\n<meta name=\"twitter:label1\" content=\"Est. reading time\" \/>\n\t<meta name=\"twitter:data1\" content=\"1 minuto\" \/>\n<script type=\"application\/ld+json\" class=\"yoast-schema-graph\">{\"@context\":\"https:\/\/schema.org\",\"@graph\":[{\"@type\":\"WebPage\",\"@id\":\"https:\/\/www.waterair.com\/pt\/aconselhamento-e-assistencia\/terreno\",\"url\":\"https:\/\/www.waterair.com\/pt\/aconselhamento-e-assistencia\/terreno\",\"name\":\"Terreno piscina: construir a sua piscina de acordo com os requisitos do seu terreno | Piscinas Waterair\",\"isPartOf\":{\"@id\":\"https:\/\/www.waterair.com\/pt\/#website\"},\"primaryImageOfPage\":{\"@id\":\"https:\/\/www.waterair.com\/pt\/aconselhamento-e-assistencia\/terreno#primaryimage\"},\"image\":{\"@id\":\"https:\/\/www.waterair.com\/pt\/aconselhamento-e-assistencia\/terreno#primaryimage\"},\"thumbnailUrl\":\"https:\/\/www.waterair.com\/wp-content\/uploads\/2021\/11\/terrain.jpg\",\"datePublished\":\"2021-10-29T18:49:53+00:00\",\"dateModified\":\"2022-06-23T07:50:09+00:00\",\"description\":\"O seu terreno \u00e9 inclinado, fortemente inclinado, ou elevado? N\u00e3o desista do seu projeto de piscina! Descubra a solu\u00e7\u00e3o das piscinas Waterair que se adapta a todos os terrenos.\",\"breadcrumb\":{\"@id\":\"https:\/\/www.waterair.com\/pt\/aconselhamento-e-assistencia\/terreno#breadcrumb\"},\"inLanguage\":\"pt-PT\",\"potentialAction\":[{\"@type\":\"ReadAction\",\"target\":[\"https:\/\/www.waterair.com\/pt\/aconselhamento-e-assistencia\/terreno\"]}]},{\"@type\":\"ImageObject\",\"inLanguage\":\"pt-PT\",\"@id\":\"https:\/\/www.waterair.com\/pt\/aconselhamento-e-assistencia\/terreno#primaryimage\",\"url\":\"https:\/\/www.waterair.com\/wp-content\/uploads\/2021\/11\/terrain.jpg\",\"contentUrl\":\"https:\/\/www.waterair.com\/wp-content\/uploads\/2021\/11\/terrain.jpg\",\"width\":1920,\"height\":1440},{\"@type\":\"BreadcrumbList\",\"@id\":\"https:\/\/www.waterair.com\/pt\/aconselhamento-e-assistencia\/terreno#breadcrumb\",\"itemListElement\":[{\"@type\":\"ListItem\",\"position\":1,\"name\":\"In\u00edcio\",\"item\":\"https:\/\/www.waterair.com\/pt\"},{\"@type\":\"ListItem\",\"position\":2,\"name\":\"Conselhos, assist\u00eancia e opini\u00f5es sobre as piscinas Waterair.\",\"item\":\"https:\/\/www.waterair.com\/pt\/aconselhamento-e-assistencia\"},{\"@type\":\"ListItem\",\"position\":3,\"name\":\"Terreno piscina: para cada jardim a sua piscina Waterair\"}]},{\"@type\":\"WebSite\",\"@id\":\"https:\/\/www.waterair.com\/pt\/#website\",\"url\":\"https:\/\/www.waterair.com\/pt\/\",\"name\":\"Piscinas Waterair\",\"description\":\"\",\"potentialAction\":[{\"@type\":\"SearchAction\",\"target\":{\"@type\":\"EntryPoint\",\"urlTemplate\":\"https:\/\/www.waterair.com\/pt\/?s={search_term_string}\"},\"query-input\":{\"@type\":\"PropertyValueSpecification\",\"valueRequired\":true,\"valueName\":\"search_term_string\"}}],\"inLanguage\":\"pt-PT\"}]}<\/script>\n<!-- \/ Yoast SEO Premium plugin. -->","yoast_head_json":{"title":"Terreno piscina: construir a sua piscina de acordo com os requisitos do seu terreno | Piscinas Waterair","description":"O seu terreno \u00e9 inclinado, fortemente inclinado, ou elevado? N\u00e3o desista do seu projeto de piscina! Descubra a solu\u00e7\u00e3o das piscinas Waterair que se adapta a todos os terrenos.","robots":{"index":"index","follow":"follow","max-snippet":"max-snippet:-1","max-image-preview":"max-image-preview:large","max-video-preview":"max-video-preview:-1"},"canonical":"https:\/\/www.waterair.com\/pt\/aconselhamento-e-assistencia\/terreno","og_locale":"pt_PT","og_type":"article","og_title":"Terreno piscina: para cada jardim a sua piscina Waterair","og_description":"O seu terreno \u00e9 inclinado, fortemente inclinado, ou elevado? N\u00e3o desista do seu projeto de piscina! Descubra a solu\u00e7\u00e3o das piscinas Waterair que se adapta a todos os terrenos.","og_url":"https:\/\/www.waterair.com\/pt\/aconselhamento-e-assistencia\/terreno","og_site_name":"Piscinas Waterair","article_modified_time":"2022-06-23T07:50:09+00:00","og_image":[{"width":1920,"height":1440,"url":"https:\/\/www.waterair.com\/wp-content\/uploads\/2021\/11\/terrain.jpg","type":"image\/jpeg"}],"twitter_card":"summary_large_image","twitter_misc":{"Est. reading time":"1 minuto"},"schema":{"@context":"https:\/\/schema.org","@graph":[{"@type":"WebPage","@id":"https:\/\/www.waterair.com\/pt\/aconselhamento-e-assistencia\/terreno","url":"https:\/\/www.waterair.com\/pt\/aconselhamento-e-assistencia\/terreno","name":"Terreno piscina: construir a sua piscina de acordo com os requisitos do seu terreno | Piscinas Waterair","isPartOf":{"@id":"https:\/\/www.waterair.com\/pt\/#website"},"primaryImageOfPage":{"@id":"https:\/\/www.waterair.com\/pt\/aconselhamento-e-assistencia\/terreno#primaryimage"},"image":{"@id":"https:\/\/www.waterair.com\/pt\/aconselhamento-e-assistencia\/terreno#primaryimage"},"thumbnailUrl":"https:\/\/www.waterair.com\/wp-content\/uploads\/2021\/11\/terrain.jpg","datePublished":"2021-10-29T18:49:53+00:00","dateModified":"2022-06-23T07:50:09+00:00","description":"O seu terreno \u00e9 inclinado, fortemente inclinado, ou elevado? N\u00e3o desista do seu projeto de piscina! Descubra a solu\u00e7\u00e3o das piscinas Waterair que se adapta a todos os terrenos.","breadcrumb":{"@id":"https:\/\/www.waterair.com\/pt\/aconselhamento-e-assistencia\/terreno#breadcrumb"},"inLanguage":"pt-PT","potentialAction":[{"@type":"ReadAction","target":["https:\/\/www.waterair.com\/pt\/aconselhamento-e-assistencia\/terreno"]}]},{"@type":"ImageObject","inLanguage":"pt-PT","@id":"https:\/\/www.waterair.com\/pt\/aconselhamento-e-assistencia\/terreno#primaryimage","url":"https:\/\/www.waterair.com\/wp-content\/uploads\/2021\/11\/terrain.jpg","contentUrl":"https:\/\/www.waterair.com\/wp-content\/uploads\/2021\/11\/terrain.jpg","width":1920,"height":1440},{"@type":"BreadcrumbList","@id":"https:\/\/www.waterair.com\/pt\/aconselhamento-e-assistencia\/terreno#breadcrumb","itemListElement":[{"@type":"ListItem","position":1,"name":"In\u00edcio","item":"https:\/\/www.waterair.com\/pt"},{"@type":"ListItem","position":2,"name":"Conselhos, assist\u00eancia e opini\u00f5es sobre as piscinas Waterair.","item":"https:\/\/www.waterair.com\/pt\/aconselhamento-e-assistencia"},{"@type":"ListItem","position":3,"name":"Terreno piscina: para cada jardim a sua piscina Waterair"}]},{"@type":"WebSite","@id":"https:\/\/www.waterair.com\/pt\/#website","url":"https:\/\/www.waterair.com\/pt\/","name":"Piscinas Waterair","description":"","potentialAction":[{"@type":"SearchAction","target":{"@type":"EntryPoint","urlTemplate":"https:\/\/www.waterair.com\/pt\/?s={search_term_string}"},"query-input":{"@type":"PropertyValueSpecification","valueRequired":true,"valueName":"search_term_string"}}],"inLanguage":"pt-PT"}]}},"_links":{"self":[{"href":"https:\/\/www.waterair.com\/pt\/wp-json\/wp\/v2\/pages\/35747","targetHints":{"allow":["GET"]}}],"collection":[{"href":"https:\/\/www.waterair.com\/pt\/wp-json\/wp\/v2\/pages"}],"about":[{"href":"https:\/\/www.waterair.com\/pt\/wp-json\/wp\/v2\/types\/page"}],"author":[{"embeddable":true,"href":"https:\/\/www.waterair.com\/pt\/wp-json\/wp\/v2\/users\/1"}],"replies":[{"embeddable":true,"href":"https:\/\/www.waterair.com\/pt\/wp-json\/wp\/v2\/comments?post=35747"}],"version-history":[{"count":5,"href":"https:\/\/www.waterair.com\/pt\/wp-json\/wp\/v2\/pages\/35747\/revisions"}],"predecessor-version":[{"id":181986,"href":"https:\/\/www.waterair.com\/pt\/wp-json\/wp\/v2\/pages\/35747\/revisions\/181986"}],"up":[{"embeddable":true,"href":"https:\/\/www.waterair.com\/pt\/wp-json\/wp\/v2\/pages\/33276"}],"wp:featuredmedia":[{"embeddable":true,"href":"https:\/\/www.waterair.com\/pt\/wp-json\/wp\/v2\/media\/54805"}],"wp:attachment":[{"href":"https:\/\/www.waterair.com\/pt\/wp-json\/wp\/v2\/media?parent=35747"}],"curies":[{"name":"wp","href":"https:\/\/api.w.org\/{rel}","templated":true}]}}