{"id":37770,"date":"2021-10-29T21:22:24","date_gmt":"2021-10-29T19:22:24","guid":{"rendered":"https:\/\/waterair-preprod2.adipso.fr\/mencoes-legais"},"modified":"2025-07-09T14:55:52","modified_gmt":"2025-07-09T12:55:52","slug":"mencoes-legais","status":"publish","type":"page","link":"https:\/\/www.waterair.com\/pt\/mencoes-legais","title":{"rendered":"Men\u00e7\u00f5es legais"},"content":{"rendered":"<div  class=\"block-content-media  content-block   has-no-title\">\n            <div class=\"container\">\n            <div class=\"row\">\n                <div class=\"col\">\n                    <div class=\"row flex-column flex-md-row \">\n                        <div class=\"content-block__col col-12 d-flex flex-column align-items-md-start order-lg-2\">\n                                                                                                                                                <div data-wa=\"fade-up\" data-wa-delay=\"400\" class=\"content-block__description text--sm text-weight--300 mb-0\">\n                                    <p><strong>Identifica\u00e7\u00e3o do administrador do s\u00edtio<\/strong><\/p>\n<p>Waterair.com\/pt \u00e9 um s\u00edtio editado pelo Grupo WATERAIR<br \/>\nS.A.S com capital de 10.000.000 Euros.<br \/>\nTVA Intracomunit\u00e1ria: FR 71 440 123 487<br \/>\nRCS Mulhouse B 440 123 487, cuja morada da sede social \u00e9:<br \/>\nZone Artisanale<br \/>\n6 Rue de la Largue<br \/>\n68580 Seppois le Bas<br \/>\nCorreio eletr\u00f3nico: info@waterair.com<br \/>\nConselhos e estudo de implanta\u00e7\u00e3o: 0 800 50 70 40<br \/>\nSecretaria Administra\u00e7\u00e3o: +33 3 89 07 45 45<br \/>\nServi\u00e7o ao Cliente: +33 3 89 07 45 55 (servi\u00e7o gratuito, pre\u00e7o de uma chamada)<br \/>\nRespons\u00e1vel pela publica\u00e7\u00e3o: Jacques Braun<\/p>\n<p><strong>Acesso ao s\u00edtio<\/strong><\/p>\n<p>O acesso ao s\u00edtio web Waterair.com\/pt \u00e9 gratuito As despesas de acesso e utiliza\u00e7\u00e3o da rede de telecomunica\u00e7\u00e3o ficam ao encargo do cibernauta, consoante as modalidades fixadas pelo seu fornecedor de acesso e o seu operador de telecomunica\u00e7\u00f5es. O utilizador deste s\u00edtio reconhece dispor da compet\u00eancia e dos meios necess\u00e1rios para aceder e utilizar este s\u00edtio.<br \/>\nInforma\u00e7\u00f5es t\u00e9cnicas<br \/>\n\u00c9 importante lembrar que o segredo das correspond\u00eancias n\u00e3o \u00e9 garantido na rede Internet. O cibernauta \u00e9 informado de que, ao aceder ao s\u00edtio, &#8220;cookies&#8221; podem ser utilizados a fim de permitir a sua identifica\u00e7\u00e3o e conservar as informa\u00e7\u00f5es inseridas durante toda a dura\u00e7\u00e3o da sua conex\u00e3o.<br \/>\nO s\u00edtio Waterair.com\/pt utiliza Google Analytics, um servi\u00e7o de an\u00e1lise de s\u00edtio Internet fornecido por Google Inc. (\u00ab Google \u00bb). Google Analytics utiliza cookies, que s\u00e3o ficheiros de texto armazenados no seu computador, para ajudar Waterair.com\/pt a analisar a utiliza\u00e7\u00e3o do seu s\u00edtio pelos seus utilizadores. Os dados gerados pelos cookies relativos \u00e0 sua utiliza\u00e7\u00e3o do s\u00edtio (inclusive o seu endere\u00e7o IP) ser\u00e3o transmitidos e armazenados por Google. Google ir\u00e1 utilizar estes dados com a finalidade de avaliar a sua utiliza\u00e7\u00e3o do s\u00edtio, compilar relat\u00f3rios sobre a atividade do s\u00edtio destinados ao seu editor, e fornecer outros servi\u00e7os relativos \u00e0 atividade do s\u00edtio e \u00e0 utiliza\u00e7\u00e3o da Internet. Google pode comunicar tais dados a terceiros em caso de obriga\u00e7\u00e3o legal ou quando esses terceiros processam tais dados por conta de Google. Google n\u00e3o ir\u00e1 associar o seu endere\u00e7o IP a qualquer outro dado em posse de Google. Pode selecionar os par\u00e2metros apropriados do seu navegador para desativar a utiliza\u00e7\u00e3o de cookies.<\/p>\n<p>Ao utilizar este s\u00edtio Internet, concorda expressamente com o tratamento dos seus dados nominativos por Google, consoante as condi\u00e7\u00f5es e para os fins descritos acima.<\/p>\n<p><strong>Hiperliga\u00e7\u00f5es<\/strong><\/p>\n<p>A cria\u00e7\u00e3o de hiperliga\u00e7\u00f5es para o s\u00edtio Waterair.com\/pt \u00e9 sujeita ao acordo pr\u00e9vio do Diretor de Publica\u00e7\u00e3o. As hiperliga\u00e7\u00f5es estabelecidas para outros s\u00edtios a partir de Waterair.com\/pt n\u00e3o s\u00e3o, em hip\u00f3tese alguma, da responsabilidade de Piscines WATERAIR.<\/p>\n<p><strong>Direitos de autoria<\/strong><\/p>\n<p>A reprodu\u00e7\u00e3o ou a representa\u00e7\u00e3o, integral ou parcial, das p\u00e1ginas, dados e qualquer outro elemento que constitua este s\u00edtio, por qualquer procedimento ou em qualquer suporte, \u00e9 proibida e caracteriza, sem a autoriza\u00e7\u00e3o do editor, uma contrafa\u00e7\u00e3o.<\/p>\n<p><strong>Identifica\u00e7\u00e3o do alojador do s\u00edtio<\/strong><\/p>\n<p>O s\u00edtio Waterair.com\/pt \u00e9 alojado por Ikoula. Sua sede social \u00e9 sita ao 2 Cit\u00e9 Paradis, 75010 Paris, France.<\/p>\n<p>\u00a9 Cr\u00e9ditos fotogr\u00e1ficos<br \/>\nEstelle Hoffert<\/p>\n                                <\/div>\n                                                                                        <div data-wa=\"fade-up\" data-wa-delay=\"500\">\n                                                                    <\/div>\n                                                    <\/div>\n                                            <\/div>\n                <\/div>\n            <\/div>\n        <\/div>\n    <\/div>","protected":false},"excerpt":{"rendered":"","protected":false},"author":1,"featured_media":0,"parent":0,"menu_order":0,"comment_status":"closed","ping_status":"closed","template":"","meta":{"_acf_changed":false,"om_disable_all_campaigns":false,"footnotes":""},"class_list":["post-37770","page","type-page","status-publish","hentry"],"acf":[],"yoast_head":"<!-- This site is optimized with the Yoast SEO Premium plugin v25.4 (Yoast SEO v27.2) - https:\/\/yoast.com\/product\/yoast-seo-premium-wordpress\/ -->\n<title>Men\u00e7\u00f5es legais | Piscinas Waterair<\/title>\n<meta name=\"robots\" content=\"index, follow, max-snippet:-1, max-image-preview:large, max-video-preview:-1\" \/>\n<link rel=\"canonical\" href=\"https:\/\/www.waterair.com\/pt\/mencoes-legais\" \/>\n<meta property=\"og:locale\" content=\"pt_PT\" \/>\n<meta property=\"og:type\" content=\"article\" \/>\n<meta property=\"og:title\" content=\"Men\u00e7\u00f5es legais\" \/>\n<meta property=\"og:url\" content=\"https:\/\/www.waterair.com\/pt\/mencoes-legais\" \/>\n<meta property=\"og:site_name\" content=\"Piscinas Waterair\" \/>\n<meta property=\"article:modified_time\" content=\"2025-07-09T12:55:52+00:00\" \/>\n<meta name=\"twitter:card\" content=\"summary_large_image\" \/>\n<meta name=\"twitter:label1\" content=\"Est. reading time\" \/>\n\t<meta name=\"twitter:data1\" content=\"3 minutos\" \/>\n<script type=\"application\/ld+json\" class=\"yoast-schema-graph\">{\"@context\":\"https:\/\/schema.org\",\"@graph\":[{\"@type\":\"WebPage\",\"@id\":\"https:\/\/www.waterair.com\/pt\/mencoes-legais\",\"url\":\"https:\/\/www.waterair.com\/pt\/mencoes-legais\",\"name\":\"Men\u00e7\u00f5es legais | Piscinas Waterair\",\"isPartOf\":{\"@id\":\"https:\/\/www.waterair.com\/pt\/#website\"},\"datePublished\":\"2021-10-29T19:22:24+00:00\",\"dateModified\":\"2025-07-09T12:55:52+00:00\",\"breadcrumb\":{\"@id\":\"https:\/\/www.waterair.com\/pt\/mencoes-legais#breadcrumb\"},\"inLanguage\":\"pt-PT\",\"potentialAction\":[{\"@type\":\"ReadAction\",\"target\":[\"https:\/\/www.waterair.com\/pt\/mencoes-legais\"]}]},{\"@type\":\"BreadcrumbList\",\"@id\":\"https:\/\/www.waterair.com\/pt\/mencoes-legais#breadcrumb\",\"itemListElement\":[{\"@type\":\"ListItem\",\"position\":1,\"name\":\"In\u00edcio\",\"item\":\"https:\/\/www.waterair.com\/pt\"},{\"@type\":\"ListItem\",\"position\":2,\"name\":\"Men\u00e7\u00f5es legais\"}]},{\"@type\":\"WebSite\",\"@id\":\"https:\/\/www.waterair.com\/pt\/#website\",\"url\":\"https:\/\/www.waterair.com\/pt\/\",\"name\":\"Piscinas Waterair\",\"description\":\"\",\"potentialAction\":[{\"@type\":\"SearchAction\",\"target\":{\"@type\":\"EntryPoint\",\"urlTemplate\":\"https:\/\/www.waterair.com\/pt\/?s={search_term_string}\"},\"query-input\":{\"@type\":\"PropertyValueSpecification\",\"valueRequired\":true,\"valueName\":\"search_term_string\"}}],\"inLanguage\":\"pt-PT\"}]}<\/script>\n<!-- \/ Yoast SEO Premium plugin. -->","yoast_head_json":{"title":"Men\u00e7\u00f5es legais | Piscinas Waterair","robots":{"index":"index","follow":"follow","max-snippet":"max-snippet:-1","max-image-preview":"max-image-preview:large","max-video-preview":"max-video-preview:-1"},"canonical":"https:\/\/www.waterair.com\/pt\/mencoes-legais","og_locale":"pt_PT","og_type":"article","og_title":"Men\u00e7\u00f5es legais","og_url":"https:\/\/www.waterair.com\/pt\/mencoes-legais","og_site_name":"Piscinas Waterair","article_modified_time":"2025-07-09T12:55:52+00:00","twitter_card":"summary_large_image","twitter_misc":{"Est. reading time":"3 minutos"},"schema":{"@context":"https:\/\/schema.org","@graph":[{"@type":"WebPage","@id":"https:\/\/www.waterair.com\/pt\/mencoes-legais","url":"https:\/\/www.waterair.com\/pt\/mencoes-legais","name":"Men\u00e7\u00f5es legais | Piscinas Waterair","isPartOf":{"@id":"https:\/\/www.waterair.com\/pt\/#website"},"datePublished":"2021-10-29T19:22:24+00:00","dateModified":"2025-07-09T12:55:52+00:00","breadcrumb":{"@id":"https:\/\/www.waterair.com\/pt\/mencoes-legais#breadcrumb"},"inLanguage":"pt-PT","potentialAction":[{"@type":"ReadAction","target":["https:\/\/www.waterair.com\/pt\/mencoes-legais"]}]},{"@type":"BreadcrumbList","@id":"https:\/\/www.waterair.com\/pt\/mencoes-legais#breadcrumb","itemListElement":[{"@type":"ListItem","position":1,"name":"In\u00edcio","item":"https:\/\/www.waterair.com\/pt"},{"@type":"ListItem","position":2,"name":"Men\u00e7\u00f5es legais"}]},{"@type":"WebSite","@id":"https:\/\/www.waterair.com\/pt\/#website","url":"https:\/\/www.waterair.com\/pt\/","name":"Piscinas Waterair","description":"","potentialAction":[{"@type":"SearchAction","target":{"@type":"EntryPoint","urlTemplate":"https:\/\/www.waterair.com\/pt\/?s={search_term_string}"},"query-input":{"@type":"PropertyValueSpecification","valueRequired":true,"valueName":"search_term_string"}}],"inLanguage":"pt-PT"}]}},"_links":{"self":[{"href":"https:\/\/www.waterair.com\/pt\/wp-json\/wp\/v2\/pages\/37770","targetHints":{"allow":["GET"]}}],"collection":[{"href":"https:\/\/www.waterair.com\/pt\/wp-json\/wp\/v2\/pages"}],"about":[{"href":"https:\/\/www.waterair.com\/pt\/wp-json\/wp\/v2\/types\/page"}],"author":[{"embeddable":true,"href":"https:\/\/www.waterair.com\/pt\/wp-json\/wp\/v2\/users\/1"}],"replies":[{"embeddable":true,"href":"https:\/\/www.waterair.com\/pt\/wp-json\/wp\/v2\/comments?post=37770"}],"version-history":[{"count":5,"href":"https:\/\/www.waterair.com\/pt\/wp-json\/wp\/v2\/pages\/37770\/revisions"}],"predecessor-version":[{"id":523725,"href":"https:\/\/www.waterair.com\/pt\/wp-json\/wp\/v2\/pages\/37770\/revisions\/523725"}],"wp:attachment":[{"href":"https:\/\/www.waterair.com\/pt\/wp-json\/wp\/v2\/media?parent=37770"}],"curies":[{"name":"wp","href":"https:\/\/api.w.org\/{rel}","templated":true}]}}