{"id":37894,"date":"2021-10-29T21:23:40","date_gmt":"2021-10-29T19:23:40","guid":{"rendered":"https:\/\/waterair-preprod2.adipso.fr\/politica-de-confidencialidade"},"modified":"2021-11-11T11:25:26","modified_gmt":"2021-11-11T10:25:26","slug":"politica-de-confidencialidade","status":"publish","type":"page","link":"https:\/\/www.waterair.com\/pt\/politica-de-confidencialidade","title":{"rendered":"Pol\u00edtica de confidencialidade"},"content":{"rendered":"<div  class=\"block-content-media  content-block   has-no-title\">\n            <div class=\"container\">\n            <div class=\"row\">\n                <div class=\"col\">\n                    <div class=\"row flex-column flex-md-row \">\n                        <div class=\"content-block__col col-12 d-flex flex-column align-items-md-start order-lg-2\">\n                                                                                                                                                <div data-wa=\"fade-up\" data-wa-delay=\"400\" class=\"content-block__description text--sm text-weight--300 mb-0\">\n                                    <p>N\u00f3s lhe informamos que WATERAIR, sociedade por a\u00e7\u00f5es simplificada, com sede em Zone artisanale, 68580 \u00e0 SEPPOIS-LE-BAS, matriculada no Registo do Com\u00e9rcio e das Sociedades de Mulhouse sob o n\u00famero 440 123 487 (doravante denominada &#8220;n\u00f3s&#8221;), deseja proceder \u00e0 recolha dos dados a t\u00edtulo pessoal que lhe dizem respeito (doravante denominados os &#8220;Dados&#8221;).<\/p>\n<p>Os Dados s\u00e3o recolhidos para as seguintes finalidades:<\/p>\n<ul>\n<li>Prospe\u00e7\u00e3o comercial;<\/li>\n<li>Gest\u00e3o das newsletters:<\/li>\n<li>Gest\u00e3o das ofertas promocionais personalizadas;<\/li>\n<li>Medi\u00e7\u00e3o de audi\u00eancia e de estat\u00edsticas;<\/li>\n<li>Localiza\u00e7\u00e3o geogr\u00e1fica, para lhe propor o pa\u00eds certo na lista suspensa;<\/li>\n<li>Retargeting \/ Remarketing ;<\/li>\n<li>Execu\u00e7\u00e3o do contrato;<\/li>\n<li>Pesquisas de satisfa\u00e7\u00e3o;<\/li>\n<li>Transfer\u00eancia a subcontratantes nas seguintes \u00e1reas de atividade: inform\u00e1tica, com\u00e9rcio, financeiro, marketing, comunica\u00e7\u00e3o, log\u00edstica e industrial, para a devida execu\u00e7\u00e3o do contrato e o acompanhamento da rela\u00e7\u00e3o com os clientes.<\/li>\n<\/ul>\n<p>Os seus Dados s\u00e3o conservados durante um prazo estritamente necess\u00e1rio ao exerc\u00edcio de tais finalidades e destinam-se a serem consultados pelos nossos servi\u00e7os internos, bem como pelos nossos prestadores de servi\u00e7os.<\/p>\n<p>Em virtude do estado dos conhecimentos, dos custos de implementa\u00e7\u00e3o e da natureza, do alcance, do contexto e das finalidades dos tratamentos efetuados, assim como dos riscos inerentes aos seus direitos e liberdades, n\u00f3s nos comprometemos a implementar medidas t\u00e9cnicas e organizacionais apropriadas a fim de garantir a prote\u00e7\u00e3o dos seus Dados.<\/p>\n<p>Em conformidade com o Regulamento europeu n\u00b0 2016\/679 de 27 de abril de 2016 assim como da Lei n\u00b078-17 de 6 de janeiro de 1978 modificada, n\u00f3s lhe informamos que disp\u00f5e do direito:<\/p>\n<ul>\n<li>De aceder e retificar os seus Dados;<\/li>\n<li>De se opor ao tratamento dos seus Dados por motivos leg\u00edtimos;<\/li>\n<li>Dentro dos limites previstos pelos textos, solicitar que o tratamento dos Dados seja limitado ou que os Dados sejam eliminados;<\/li>\n<li>Revogar o seu consentimento;<\/li>\n<li>Receber os seus Dados em um formato estruturado, utilizado com frequ\u00eancia e leg\u00edvel, a fim de transmiti-los a um outro respons\u00e1vel de tratamento (direito de portabilidade);<\/li>\n<li>Definir diretivas relativas \u00e0 conserva\u00e7\u00e3o, \u00e0 elimina\u00e7\u00e3o e \u00e0 comunica\u00e7\u00e3o dos seus Dados ap\u00f3s o seu falecimento.<\/li>\n<\/ul>\n<p>Ademais, informamos-lhe que disp\u00f5e de um direito de oposi\u00e7\u00e3o, no \u00e2mbito do estabelecimento de perfil que realizamos anualmente, a fim de propor-lhe ofertas personalizadas.<\/p>\n<p>Para exercer os seus direitos, envie o seu pedido e um comprovante de identidade via correio eletr\u00f3nico, para rgpd@waterair.com.<\/p>\n<p>Tamb\u00e9m o informamos de que disp\u00f5e do direito de intentar uma reclama\u00e7\u00e3o junto \u00e0 nossa autoridade de controlo.<\/p>\n<p>Ao aceitar as informa\u00e7\u00f5es presentes na faixa de cookie no rodap\u00e9 da p\u00e1gina, concordar\u00e1 em comunicar os seus Dados \u00e0 empresa WATERAIR no \u00e2mbito das finalidades descritas anteriormente.<\/p>\n                                <\/div>\n                                                                                        <div data-wa=\"fade-up\" data-wa-delay=\"500\">\n                                                                    <\/div>\n                                                    <\/div>\n                                            <\/div>\n                <\/div>\n            <\/div>\n        <\/div>\n    <\/div>","protected":false},"excerpt":{"rendered":"","protected":false},"author":1,"featured_media":0,"parent":0,"menu_order":0,"comment_status":"closed","ping_status":"closed","template":"","meta":{"_acf_changed":false,"om_disable_all_campaigns":false,"footnotes":""},"class_list":["post-37894","page","type-page","status-publish","hentry"],"acf":[],"yoast_head":"<!-- This site is optimized with the Yoast SEO Premium plugin v25.4 (Yoast SEO v27.2) - https:\/\/yoast.com\/product\/yoast-seo-premium-wordpress\/ -->\n<title>Pol\u00edtica de confidencialidade | Piscinas Waterair<\/title>\n<meta name=\"robots\" content=\"index, follow, max-snippet:-1, max-image-preview:large, max-video-preview:-1\" \/>\n<link rel=\"canonical\" href=\"https:\/\/www.waterair.com\/pt\/politica-de-confidencialidade\" \/>\n<meta property=\"og:locale\" content=\"pt_PT\" \/>\n<meta property=\"og:type\" content=\"article\" \/>\n<meta property=\"og:title\" content=\"Pol\u00edtica de confidencialidade\" \/>\n<meta property=\"og:url\" content=\"https:\/\/www.waterair.com\/pt\/politica-de-confidencialidade\" \/>\n<meta property=\"og:site_name\" content=\"Piscinas Waterair\" \/>\n<meta property=\"article:modified_time\" content=\"2021-11-11T10:25:26+00:00\" \/>\n<meta name=\"twitter:card\" content=\"summary_large_image\" \/>\n<script type=\"application\/ld+json\" class=\"yoast-schema-graph\">{\"@context\":\"https:\/\/schema.org\",\"@graph\":[{\"@type\":\"WebPage\",\"@id\":\"https:\/\/www.waterair.com\/pt\/politica-de-confidencialidade\",\"url\":\"https:\/\/www.waterair.com\/pt\/politica-de-confidencialidade\",\"name\":\"Pol\u00edtica de confidencialidade | Piscinas Waterair\",\"isPartOf\":{\"@id\":\"https:\/\/www.waterair.com\/pt\/#website\"},\"datePublished\":\"2021-10-29T19:23:40+00:00\",\"dateModified\":\"2021-11-11T10:25:26+00:00\",\"breadcrumb\":{\"@id\":\"https:\/\/www.waterair.com\/pt\/politica-de-confidencialidade#breadcrumb\"},\"inLanguage\":\"pt-PT\",\"potentialAction\":[{\"@type\":\"ReadAction\",\"target\":[\"https:\/\/www.waterair.com\/pt\/politica-de-confidencialidade\"]}]},{\"@type\":\"BreadcrumbList\",\"@id\":\"https:\/\/www.waterair.com\/pt\/politica-de-confidencialidade#breadcrumb\",\"itemListElement\":[{\"@type\":\"ListItem\",\"position\":1,\"name\":\"In\u00edcio\",\"item\":\"https:\/\/www.waterair.com\/pt\"},{\"@type\":\"ListItem\",\"position\":2,\"name\":\"Pol\u00edtica de confidencialidade\"}]},{\"@type\":\"WebSite\",\"@id\":\"https:\/\/www.waterair.com\/pt\/#website\",\"url\":\"https:\/\/www.waterair.com\/pt\/\",\"name\":\"Piscinas Waterair\",\"description\":\"\",\"potentialAction\":[{\"@type\":\"SearchAction\",\"target\":{\"@type\":\"EntryPoint\",\"urlTemplate\":\"https:\/\/www.waterair.com\/pt\/?s={search_term_string}\"},\"query-input\":{\"@type\":\"PropertyValueSpecification\",\"valueRequired\":true,\"valueName\":\"search_term_string\"}}],\"inLanguage\":\"pt-PT\"}]}<\/script>\n<!-- \/ Yoast SEO Premium plugin. -->","yoast_head_json":{"title":"Pol\u00edtica de confidencialidade | Piscinas Waterair","robots":{"index":"index","follow":"follow","max-snippet":"max-snippet:-1","max-image-preview":"max-image-preview:large","max-video-preview":"max-video-preview:-1"},"canonical":"https:\/\/www.waterair.com\/pt\/politica-de-confidencialidade","og_locale":"pt_PT","og_type":"article","og_title":"Pol\u00edtica de confidencialidade","og_url":"https:\/\/www.waterair.com\/pt\/politica-de-confidencialidade","og_site_name":"Piscinas Waterair","article_modified_time":"2021-11-11T10:25:26+00:00","twitter_card":"summary_large_image","schema":{"@context":"https:\/\/schema.org","@graph":[{"@type":"WebPage","@id":"https:\/\/www.waterair.com\/pt\/politica-de-confidencialidade","url":"https:\/\/www.waterair.com\/pt\/politica-de-confidencialidade","name":"Pol\u00edtica de confidencialidade | Piscinas Waterair","isPartOf":{"@id":"https:\/\/www.waterair.com\/pt\/#website"},"datePublished":"2021-10-29T19:23:40+00:00","dateModified":"2021-11-11T10:25:26+00:00","breadcrumb":{"@id":"https:\/\/www.waterair.com\/pt\/politica-de-confidencialidade#breadcrumb"},"inLanguage":"pt-PT","potentialAction":[{"@type":"ReadAction","target":["https:\/\/www.waterair.com\/pt\/politica-de-confidencialidade"]}]},{"@type":"BreadcrumbList","@id":"https:\/\/www.waterair.com\/pt\/politica-de-confidencialidade#breadcrumb","itemListElement":[{"@type":"ListItem","position":1,"name":"In\u00edcio","item":"https:\/\/www.waterair.com\/pt"},{"@type":"ListItem","position":2,"name":"Pol\u00edtica de confidencialidade"}]},{"@type":"WebSite","@id":"https:\/\/www.waterair.com\/pt\/#website","url":"https:\/\/www.waterair.com\/pt\/","name":"Piscinas Waterair","description":"","potentialAction":[{"@type":"SearchAction","target":{"@type":"EntryPoint","urlTemplate":"https:\/\/www.waterair.com\/pt\/?s={search_term_string}"},"query-input":{"@type":"PropertyValueSpecification","valueRequired":true,"valueName":"search_term_string"}}],"inLanguage":"pt-PT"}]}},"_links":{"self":[{"href":"https:\/\/www.waterair.com\/pt\/wp-json\/wp\/v2\/pages\/37894","targetHints":{"allow":["GET"]}}],"collection":[{"href":"https:\/\/www.waterair.com\/pt\/wp-json\/wp\/v2\/pages"}],"about":[{"href":"https:\/\/www.waterair.com\/pt\/wp-json\/wp\/v2\/types\/page"}],"author":[{"embeddable":true,"href":"https:\/\/www.waterair.com\/pt\/wp-json\/wp\/v2\/users\/1"}],"replies":[{"embeddable":true,"href":"https:\/\/www.waterair.com\/pt\/wp-json\/wp\/v2\/comments?post=37894"}],"version-history":[{"count":5,"href":"https:\/\/www.waterair.com\/pt\/wp-json\/wp\/v2\/pages\/37894\/revisions"}],"predecessor-version":[{"id":78908,"href":"https:\/\/www.waterair.com\/pt\/wp-json\/wp\/v2\/pages\/37894\/revisions\/78908"}],"wp:attachment":[{"href":"https:\/\/www.waterair.com\/pt\/wp-json\/wp\/v2\/media?parent=37894"}],"curies":[{"name":"wp","href":"https:\/\/api.w.org\/{rel}","templated":true}]}}