{"id":61465,"date":"2021-11-03T20:06:57","date_gmt":"2021-11-03T19:06:57","guid":{"rendered":"https:\/\/waterair-preprod2.adipso.fr\/29-2"},"modified":"2021-11-11T11:21:18","modified_gmt":"2021-11-11T10:21:18","slug":"29-2","status":"publish","type":"page","link":"https:\/\/www.waterair.com\/pt\/node\/29","title":{"rendered":"Estudo de implanta\u00e7\u00e3o da piscina"},"content":{"rendered":"","protected":false},"excerpt":{"rendered":"","protected":false},"author":1,"featured_media":61402,"parent":0,"menu_order":0,"comment_status":"closed","ping_status":"closed","template":"","meta":{"_acf_changed":false,"om_disable_all_campaigns":false,"footnotes":""},"class_list":["post-61465","page","type-page","status-publish","has-post-thumbnail","hentry"],"acf":[],"yoast_head":"<!-- This site is optimized with the Yoast SEO Premium plugin v25.4 (Yoast SEO v27.2) - https:\/\/yoast.com\/product\/yoast-seo-premium-wordpress\/ -->\n<title>O profissional Waterair realiza um estudo de implanta\u00e7\u00e3o gratuito<\/title>\n<meta name=\"description\" content=\"Solicite desde j\u00e1 um estudo de implanta\u00e7\u00e3o gratuito, sem compromisso e personalizado junto a um consultor da Piscines Waterair.\" \/>\n<meta name=\"robots\" content=\"index, follow, max-snippet:-1, max-image-preview:large, max-video-preview:-1\" \/>\n<link rel=\"canonical\" href=\"https:\/\/www.waterair.com\/pt\/node\/29\" \/>\n<meta property=\"og:locale\" content=\"pt_PT\" \/>\n<meta property=\"og:type\" content=\"article\" \/>\n<meta property=\"og:title\" content=\"Estudo de implanta\u00e7\u00e3o da piscina\" \/>\n<meta property=\"og:description\" content=\"Solicite desde j\u00e1 um estudo de implanta\u00e7\u00e3o gratuito, sem compromisso e personalizado junto a um consultor da Piscines Waterair.\" \/>\n<meta property=\"og:url\" content=\"https:\/\/www.waterair.com\/pt\/node\/29\" \/>\n<meta property=\"og:site_name\" content=\"Piscinas Waterair\" \/>\n<meta property=\"article:modified_time\" content=\"2021-11-11T10:21:18+00:00\" \/>\n<meta property=\"og:image\" content=\"https:\/\/www.waterair.com\/wp-content\/uploads\/2021\/11\/etude-implantation-piscine_0.jpg\" \/>\n\t<meta property=\"og:image:width\" content=\"1920\" \/>\n\t<meta property=\"og:image:height\" content=\"1080\" \/>\n\t<meta property=\"og:image:type\" content=\"image\/jpeg\" \/>\n<meta name=\"twitter:card\" content=\"summary_large_image\" \/>\n<script type=\"application\/ld+json\" class=\"yoast-schema-graph\">{\"@context\":\"https:\/\/schema.org\",\"@graph\":[{\"@type\":\"WebPage\",\"@id\":\"https:\/\/www.waterair.com\/pt\/node\/29\",\"url\":\"https:\/\/www.waterair.com\/pt\/node\/29\",\"name\":\"O profissional Waterair realiza um estudo de implanta\u00e7\u00e3o gratuito\",\"isPartOf\":{\"@id\":\"https:\/\/www.waterair.com\/pt\/#website\"},\"primaryImageOfPage\":{\"@id\":\"https:\/\/www.waterair.com\/pt\/node\/29#primaryimage\"},\"image\":{\"@id\":\"https:\/\/www.waterair.com\/pt\/node\/29#primaryimage\"},\"thumbnailUrl\":\"https:\/\/www.waterair.com\/wp-content\/uploads\/2021\/11\/etude-implantation-piscine_0.jpg\",\"datePublished\":\"2021-11-03T19:06:57+00:00\",\"dateModified\":\"2021-11-11T10:21:18+00:00\",\"description\":\"Solicite desde j\u00e1 um estudo de implanta\u00e7\u00e3o gratuito, sem compromisso e personalizado junto a um consultor da Piscines Waterair.\",\"breadcrumb\":{\"@id\":\"https:\/\/www.waterair.com\/pt\/node\/29#breadcrumb\"},\"inLanguage\":\"pt-PT\",\"potentialAction\":[{\"@type\":\"ReadAction\",\"target\":[\"https:\/\/www.waterair.com\/pt\/node\/29\"]}]},{\"@type\":\"ImageObject\",\"inLanguage\":\"pt-PT\",\"@id\":\"https:\/\/www.waterair.com\/pt\/node\/29#primaryimage\",\"url\":\"https:\/\/www.waterair.com\/wp-content\/uploads\/2021\/11\/etude-implantation-piscine_0.jpg\",\"contentUrl\":\"https:\/\/www.waterair.com\/wp-content\/uploads\/2021\/11\/etude-implantation-piscine_0.jpg\",\"width\":1920,\"height\":1080},{\"@type\":\"BreadcrumbList\",\"@id\":\"https:\/\/www.waterair.com\/pt\/node\/29#breadcrumb\",\"itemListElement\":[{\"@type\":\"ListItem\",\"position\":1,\"name\":\"In\u00edcio\",\"item\":\"https:\/\/www.waterair.com\/pt\"},{\"@type\":\"ListItem\",\"position\":2,\"name\":\"Estudo de implanta\u00e7\u00e3o da piscina\"}]},{\"@type\":\"WebSite\",\"@id\":\"https:\/\/www.waterair.com\/pt\/#website\",\"url\":\"https:\/\/www.waterair.com\/pt\/\",\"name\":\"Piscinas Waterair\",\"description\":\"\",\"potentialAction\":[{\"@type\":\"SearchAction\",\"target\":{\"@type\":\"EntryPoint\",\"urlTemplate\":\"https:\/\/www.waterair.com\/pt\/?s={search_term_string}\"},\"query-input\":{\"@type\":\"PropertyValueSpecification\",\"valueRequired\":true,\"valueName\":\"search_term_string\"}}],\"inLanguage\":\"pt-PT\"}]}<\/script>\n<!-- \/ Yoast SEO Premium plugin. -->","yoast_head_json":{"title":"O profissional Waterair realiza um estudo de implanta\u00e7\u00e3o gratuito","description":"Solicite desde j\u00e1 um estudo de implanta\u00e7\u00e3o gratuito, sem compromisso e personalizado junto a um consultor da Piscines Waterair.","robots":{"index":"index","follow":"follow","max-snippet":"max-snippet:-1","max-image-preview":"max-image-preview:large","max-video-preview":"max-video-preview:-1"},"canonical":"https:\/\/www.waterair.com\/pt\/node\/29","og_locale":"pt_PT","og_type":"article","og_title":"Estudo de implanta\u00e7\u00e3o da piscina","og_description":"Solicite desde j\u00e1 um estudo de implanta\u00e7\u00e3o gratuito, sem compromisso e personalizado junto a um consultor da Piscines Waterair.","og_url":"https:\/\/www.waterair.com\/pt\/node\/29","og_site_name":"Piscinas Waterair","article_modified_time":"2021-11-11T10:21:18+00:00","og_image":[{"width":1920,"height":1080,"url":"https:\/\/www.waterair.com\/wp-content\/uploads\/2021\/11\/etude-implantation-piscine_0.jpg","type":"image\/jpeg"}],"twitter_card":"summary_large_image","schema":{"@context":"https:\/\/schema.org","@graph":[{"@type":"WebPage","@id":"https:\/\/www.waterair.com\/pt\/node\/29","url":"https:\/\/www.waterair.com\/pt\/node\/29","name":"O profissional Waterair realiza um estudo de implanta\u00e7\u00e3o gratuito","isPartOf":{"@id":"https:\/\/www.waterair.com\/pt\/#website"},"primaryImageOfPage":{"@id":"https:\/\/www.waterair.com\/pt\/node\/29#primaryimage"},"image":{"@id":"https:\/\/www.waterair.com\/pt\/node\/29#primaryimage"},"thumbnailUrl":"https:\/\/www.waterair.com\/wp-content\/uploads\/2021\/11\/etude-implantation-piscine_0.jpg","datePublished":"2021-11-03T19:06:57+00:00","dateModified":"2021-11-11T10:21:18+00:00","description":"Solicite desde j\u00e1 um estudo de implanta\u00e7\u00e3o gratuito, sem compromisso e personalizado junto a um consultor da Piscines Waterair.","breadcrumb":{"@id":"https:\/\/www.waterair.com\/pt\/node\/29#breadcrumb"},"inLanguage":"pt-PT","potentialAction":[{"@type":"ReadAction","target":["https:\/\/www.waterair.com\/pt\/node\/29"]}]},{"@type":"ImageObject","inLanguage":"pt-PT","@id":"https:\/\/www.waterair.com\/pt\/node\/29#primaryimage","url":"https:\/\/www.waterair.com\/wp-content\/uploads\/2021\/11\/etude-implantation-piscine_0.jpg","contentUrl":"https:\/\/www.waterair.com\/wp-content\/uploads\/2021\/11\/etude-implantation-piscine_0.jpg","width":1920,"height":1080},{"@type":"BreadcrumbList","@id":"https:\/\/www.waterair.com\/pt\/node\/29#breadcrumb","itemListElement":[{"@type":"ListItem","position":1,"name":"In\u00edcio","item":"https:\/\/www.waterair.com\/pt"},{"@type":"ListItem","position":2,"name":"Estudo de implanta\u00e7\u00e3o da piscina"}]},{"@type":"WebSite","@id":"https:\/\/www.waterair.com\/pt\/#website","url":"https:\/\/www.waterair.com\/pt\/","name":"Piscinas Waterair","description":"","potentialAction":[{"@type":"SearchAction","target":{"@type":"EntryPoint","urlTemplate":"https:\/\/www.waterair.com\/pt\/?s={search_term_string}"},"query-input":{"@type":"PropertyValueSpecification","valueRequired":true,"valueName":"search_term_string"}}],"inLanguage":"pt-PT"}]}},"_links":{"self":[{"href":"https:\/\/www.waterair.com\/pt\/wp-json\/wp\/v2\/pages\/61465","targetHints":{"allow":["GET"]}}],"collection":[{"href":"https:\/\/www.waterair.com\/pt\/wp-json\/wp\/v2\/pages"}],"about":[{"href":"https:\/\/www.waterair.com\/pt\/wp-json\/wp\/v2\/types\/page"}],"author":[{"embeddable":true,"href":"https:\/\/www.waterair.com\/pt\/wp-json\/wp\/v2\/users\/1"}],"replies":[{"embeddable":true,"href":"https:\/\/www.waterair.com\/pt\/wp-json\/wp\/v2\/comments?post=61465"}],"version-history":[{"count":1,"href":"https:\/\/www.waterair.com\/pt\/wp-json\/wp\/v2\/pages\/61465\/revisions"}],"predecessor-version":[{"id":61466,"href":"https:\/\/www.waterair.com\/pt\/wp-json\/wp\/v2\/pages\/61465\/revisions\/61466"}],"wp:featuredmedia":[{"embeddable":true,"href":"https:\/\/www.waterair.com\/pt\/wp-json\/wp\/v2\/media\/61402"}],"wp:attachment":[{"href":"https:\/\/www.waterair.com\/pt\/wp-json\/wp\/v2\/media?parent=61465"}],"curies":[{"name":"wp","href":"https:\/\/api.w.org\/{rel}","templated":true}]}}