{"id":64254,"date":"2021-11-04T10:11:34","date_gmt":"2021-11-04T09:11:34","guid":{"rendered":"https:\/\/waterair-preprod2.adipso.fr\/renovacao-piscina"},"modified":"2021-12-01T09:58:29","modified_gmt":"2021-12-01T08:58:29","slug":"renovacao-piscina","status":"publish","type":"page","link":"https:\/\/www.waterair.com\/pt\/aconselhamento-e-assistencia\/renovacao-piscina","title":{"rendered":"Renova\u00e7\u00e3o: As Piscinas Waterair acompanham-nos"},"content":{"rendered":"<div class=\"container block--core-paragraph\"><div class=\"row\"><div class=\"col-12 \">\n<p>H\u00e1 j\u00e1 algum tempo, depositou confian\u00e7a na nossa empresa aquando da aquisi\u00e7\u00e3o da sua piscina. Hoje, precisa realizar obras, algumas repara\u00e7\u00f5es e continuamos ao seu lado para lhe dar conselhos. E se aproveitasse a oportunidade para tornar a sua piscina mais confort\u00e1vel, mais bela, mais adaptada \u00e0s suas necessidades atuais?<\/p>\n<\/div><\/div><\/div>\n\n<div  class=\"block-content-media  content-block   has-no-title\">\n            <div class=\"container\">\n            <div class=\"row\">\n                <div class=\"col\">\n                    <div class=\"row flex-column flex-md-row \">\n                        <div class=\"content-block__col col-12 d-flex flex-column align-items-md-start order-lg-2\">\n                                                                                                                                                <div data-wa=\"fade-up\" data-wa-delay=\"400\" class=\"content-block__description text--sm text-weight--300 mb-0\">\n                                    <p>Os servi\u00e7os de renova\u00e7\u00e3o de piscinas destinam-se aos clientes das Piscinas Waterair, que pretendem dar um toque de juventude \u00e0 sua piscina, ap\u00f3s anos de utiliza\u00e7\u00e3o:<\/p>\n<ul>\n<li>Instalar uma escada para um maior conforto<\/li>\n<li>Substituir algumas margens por modelos mais atuais<\/li>\n<li>Substituir o seu liner e usufruir desse para dar um toque colorido mais moderno ao seu espa\u00e7o de banho<\/li>\n<li>Acrescentar um sistema de aquecimento<\/li>\n<li>Trocar um fundo de piscina plano por um fundo m\u00e9dio<\/li>\n<li>Instalar um projetor para poder mergulhar de noite<\/li>\n<li>Acrescentar isoplan para um melhor isolamento da piscina e, por conseguinte, conseguir alguns graus preciosos<\/li>\n<\/ul>\n<p>&nbsp;<\/p>\n                                <\/div>\n                                                                                        <div data-wa=\"fade-up\" data-wa-delay=\"500\">\n                                                                    <\/div>\n                                                    <\/div>\n                                            <\/div>\n                <\/div>\n            <\/div>\n        <\/div>\n    <\/div>\n\n<div class=\"container block--core-columns\"><div class=\"row\"><div class=\"col-12 \">\n<div class=\"wp-block-columns is-layout-flex wp-container-core-columns-is-layout-9d6595d7 wp-block-columns-is-layout-flex\">\n<div class=\"wp-block-column is-layout-flow wp-block-column-is-layout-flow\"><div data-wa=\"fade-up\"  class=\"block-slider  dots-absolute content-block\">\n    \n                <div class=\"container\">\n            <div class=\"row\">\n                <div class=\"col-12\">\n                            <div\n                            class=\"js-slider\"\n                            data-infinite=\"true\"\n                            data-slides-to-show=\"1\"\n                            data-slides-to-scroll=\"1\"\n                            data-fade=\"true\"\n                            data-adaptive-height=\"true\"\n                            data-dots=\"false\"\n                            data-arrows=\"true\"\n                    >\n                                                    <div class=\"block-slider__image\">\n                                \t\t\t<img loading=\"lazy\" decoding=\"async\" width=\"1360\" height=\"765\" src=\"https:\/\/www.waterair.com\/wp-content\/uploads\/2021\/11\/renovation-piscine-3-1360x765.jpg\" class=\"item-slide__image item-slide\" alt=\"\" loading=\"1\" srcset=\"https:\/\/www.waterair.com\/wp-content\/uploads\/2021\/11\/renovation-piscine-3-1360x765.jpg 1360w, https:\/\/www.waterair.com\/wp-content\/uploads\/2021\/11\/renovation-piscine-3-1440x810.jpg 1440w, https:\/\/www.waterair.com\/wp-content\/uploads\/2021\/11\/renovation-piscine-3-768x432.jpg 768w, https:\/\/www.waterair.com\/wp-content\/uploads\/2021\/11\/renovation-piscine-3-1536x864.jpg 1536w, https:\/\/www.waterair.com\/wp-content\/uploads\/2021\/11\/renovation-piscine-3-880x495.jpg 880w, https:\/\/www.waterair.com\/wp-content\/uploads\/2021\/11\/renovation-piscine-3-440x248.jpg 440w, https:\/\/www.waterair.com\/wp-content\/uploads\/2021\/11\/renovation-piscine-3-1840x1035.jpg 1840w, https:\/\/www.waterair.com\/wp-content\/uploads\/2021\/11\/renovation-piscine-3-920x518.jpg 920w, https:\/\/www.waterair.com\/wp-content\/uploads\/2021\/11\/renovation-piscine-3.jpg 1920w\" sizes=\"auto, (max-width: 1360px) 100vw, 1360px\" \/>\t                            <\/div>\n                                                    <div class=\"block-slider__image\">\n                                \t\t\t<img loading=\"lazy\" decoding=\"async\" width=\"1360\" height=\"765\" src=\"https:\/\/www.waterair.com\/wp-content\/uploads\/2021\/10\/renovation-piscine-4-1360x765.jpg\" class=\"item-slide__image item-slide\" alt=\"\" loading=\"1\" srcset=\"https:\/\/www.waterair.com\/wp-content\/uploads\/2021\/10\/renovation-piscine-4-1360x765.jpg 1360w, https:\/\/www.waterair.com\/wp-content\/uploads\/2021\/10\/renovation-piscine-4-1440x810.jpg 1440w, https:\/\/www.waterair.com\/wp-content\/uploads\/2021\/10\/renovation-piscine-4-768x432.jpg 768w, https:\/\/www.waterair.com\/wp-content\/uploads\/2021\/10\/renovation-piscine-4-1536x864.jpg 1536w, https:\/\/www.waterair.com\/wp-content\/uploads\/2021\/10\/renovation-piscine-4-880x495.jpg 880w, https:\/\/www.waterair.com\/wp-content\/uploads\/2021\/10\/renovation-piscine-4-440x248.jpg 440w, https:\/\/www.waterair.com\/wp-content\/uploads\/2021\/10\/renovation-piscine-4-1840x1035.jpg 1840w, https:\/\/www.waterair.com\/wp-content\/uploads\/2021\/10\/renovation-piscine-4-920x518.jpg 920w, https:\/\/www.waterair.com\/wp-content\/uploads\/2021\/10\/renovation-piscine-4.jpg 1920w\" sizes=\"auto, (max-width: 1360px) 100vw, 1360px\" \/>\t                            <\/div>\n                                            <\/div>\n                            <\/div>\n                <\/div>\n            <\/div>\n        \n    <\/div>\n<\/div>\n\n\n\n<div class=\"wp-block-column is-layout-flow wp-block-column-is-layout-flow\"><div class=\"container block--core-heading\"><div class=\"row\"><div class=\"col-12 \">\n<h2 class=\"wp-block-heading\">A renova\u00e7\u00e3o de uma piscina pode resultar em diferentes aspetos.<\/h2>\n<\/div><\/div><\/div>\n\n<div class=\"container block--core-paragraph\"><div class=\"row\"><div class=\"col-12 \">\n<p>Independentemente do seu projeto, os nossos 130 consultores comerciais e t\u00e9cnicos ajudam-no a personalizar o seu espa\u00e7o de banho, em fun\u00e7\u00e3o dos seus gostos atuais, e a melhorar o seu conforto para banhos sempre mais agrad\u00e1veis.<\/p>\n<\/div><\/div><\/div><\/div>\n<\/div>\n<\/div><\/div><\/div>\n\n<div class=\"container block--core-columns\"><div class=\"row\"><div class=\"col-12 \">\n<div class=\"wp-block-columns is-layout-flex wp-container-core-columns-is-layout-9d6595d7 wp-block-columns-is-layout-flex\">\n<div class=\"wp-block-column is-layout-flow wp-block-column-is-layout-flow\"><div class=\"container block--core-heading\"><div class=\"row\"><div class=\"col-12 \">\n<h2 class=\"wp-block-heading\">Pretende ser acompanhado aquando da renova\u00e7\u00e3o da sua piscina Waterair?<\/h2>\n<\/div><\/div><\/div>\n\n<div class=\"container block--core-paragraph\"><div class=\"row\"><div class=\"col-12 \">\n<p>O nosso parceiro mais pr\u00f3ximo ir\u00e1 contact\u00e1-lo dentro de breve, em fun\u00e7\u00e3o da sua disponibilidade. Vai dar-lhe todos os conselhos \u00fateis para que possa dar um novo toque de juventude \u00e0 sua piscina.<\/p>\n<\/div><\/div><\/div><\/div>\n\n\n\n<div class=\"wp-block-column is-layout-flow wp-block-column-is-layout-flow\"><div data-wa=\"fade-up\"  class=\"block-slider  dots-absolute content-block\">\n    \n                <div class=\"container\">\n            <div class=\"row\">\n                <div class=\"col-12\">\n                            <div\n                            class=\"js-slider\"\n                            data-infinite=\"true\"\n                            data-slides-to-show=\"1\"\n                            data-slides-to-scroll=\"1\"\n                            data-fade=\"true\"\n                            data-adaptive-height=\"true\"\n                            data-dots=\"false\"\n                            data-arrows=\"true\"\n                    >\n                                                    <div class=\"block-slider__image\">\n                                \t\t\t<img loading=\"lazy\" decoding=\"async\" width=\"1360\" height=\"765\" src=\"https:\/\/www.waterair.com\/wp-content\/uploads\/2021\/10\/renovation-piscine-1_0-1360x765.jpg\" class=\"item-slide__image item-slide\" alt=\"\" loading=\"1\" srcset=\"https:\/\/www.waterair.com\/wp-content\/uploads\/2021\/10\/renovation-piscine-1_0-1360x765.jpg 1360w, https:\/\/www.waterair.com\/wp-content\/uploads\/2021\/10\/renovation-piscine-1_0-1440x810.jpg 1440w, https:\/\/www.waterair.com\/wp-content\/uploads\/2021\/10\/renovation-piscine-1_0-768x432.jpg 768w, https:\/\/www.waterair.com\/wp-content\/uploads\/2021\/10\/renovation-piscine-1_0-1536x864.jpg 1536w, https:\/\/www.waterair.com\/wp-content\/uploads\/2021\/10\/renovation-piscine-1_0-880x495.jpg 880w, https:\/\/www.waterair.com\/wp-content\/uploads\/2021\/10\/renovation-piscine-1_0-440x248.jpg 440w, https:\/\/www.waterair.com\/wp-content\/uploads\/2021\/10\/renovation-piscine-1_0-1840x1035.jpg 1840w, https:\/\/www.waterair.com\/wp-content\/uploads\/2021\/10\/renovation-piscine-1_0-920x518.jpg 920w, https:\/\/www.waterair.com\/wp-content\/uploads\/2021\/10\/renovation-piscine-1_0.jpg 1920w\" sizes=\"auto, (max-width: 1360px) 100vw, 1360px\" \/>\t                            <\/div>\n                                                    <div class=\"block-slider__image\">\n                                \t\t\t<img loading=\"lazy\" decoding=\"async\" width=\"1360\" height=\"765\" src=\"https:\/\/www.waterair.com\/wp-content\/uploads\/2021\/10\/renovation-piscine-2-1360x765.jpg\" class=\"item-slide__image item-slide\" alt=\"\" loading=\"1\" srcset=\"https:\/\/www.waterair.com\/wp-content\/uploads\/2021\/10\/renovation-piscine-2-1360x765.jpg 1360w, https:\/\/www.waterair.com\/wp-content\/uploads\/2021\/10\/renovation-piscine-2-1440x810.jpg 1440w, https:\/\/www.waterair.com\/wp-content\/uploads\/2021\/10\/renovation-piscine-2-768x432.jpg 768w, https:\/\/www.waterair.com\/wp-content\/uploads\/2021\/10\/renovation-piscine-2-1536x864.jpg 1536w, https:\/\/www.waterair.com\/wp-content\/uploads\/2021\/10\/renovation-piscine-2-880x495.jpg 880w, https:\/\/www.waterair.com\/wp-content\/uploads\/2021\/10\/renovation-piscine-2-440x248.jpg 440w, https:\/\/www.waterair.com\/wp-content\/uploads\/2021\/10\/renovation-piscine-2-1840x1035.jpg 1840w, https:\/\/www.waterair.com\/wp-content\/uploads\/2021\/10\/renovation-piscine-2-920x518.jpg 920w, https:\/\/www.waterair.com\/wp-content\/uploads\/2021\/10\/renovation-piscine-2.jpg 1920w\" sizes=\"auto, (max-width: 1360px) 100vw, 1360px\" \/>\t                            <\/div>\n                                            <\/div>\n                            <\/div>\n                <\/div>\n            <\/div>\n        \n    <\/div>\n<\/div>\n<\/div>\n<\/div><\/div><\/div>\n\n    <div  class=\"block-button content-block mb-0 mt-2\" data-tab-section>\n        <div class=\"container\">\n            <div class=\"row\">\n                <div class=\"col-12 col-md-10 offset-md-1\">\n                    <div class=\"d-flex flex-wrap flex-column flex-md-row justify-content-center spaced-md-4 mt-6 mb-5 mb-md-0\">\n                                                        <a\tdata-wa=\"button\" data-wa-wave=\"primary\"\n\tclass=\"btn btn--primary mb-0 mb-md-5\"\n\t\t\thref=\"https:\/\/www.waterair.com\/pt\/renovacao-de-piscina\"\n\t\t>\n\t\tAceder ao formul\u00e1rio de renova\u00e7\u00e3o piscina    <\/a>\n                                                                    <\/div>\n                <\/div>\n            <\/div>\n        <\/div>\n    <\/div>\n\n\n<div  class=\"block-chiffres  content-block\">\n\t\t\t<svg class=\"content-block__wave\" xmlns=\"http:\/\/www.w3.org\/2000\/svg\" preserveAspectRatio=\"none\" width=\"792\" height=\"113\" viewBox=\"0 0 792 113\">\n\t\t\t<path fill=\"#0080C8\" d=\"M431.725539,-340.566487 C409.271632,-304.562081 392.525634,-252.714767 387.640542,-179.798441 C369.042596,122.812782 497.396885,38.5205026 497.396885,452.206968 C497.55866,212.705563 497.186394,-340.754832 497.396885,-340.566487 C497.607458,-340.372208 431.896885,-340.551731 431.725539,-340.566487 Z\" transform=\"matrix(0 1 1 0 340.564 -384.897)\"\/>\n\t\t<\/svg>\n\t\t<div class=\"content-block__wrapper\">\n\t\t\t<div class=\"container\">\n\t\t\t\t<div class=\"row justify-content-center\">\n\t\t\t\t\t\t\t\t\t\t\t<div class=\"col-lg-7\">\n\t\t\t\t\t\t\t<h2 data-wa=\"fade-up\" class=\"content-block__title h1 text-inherit mb-0\">l\u00edder europeu das piscinas em kit<\/h2>\n\t\t\t\t\t\t<\/div>\n\t\t\t\t\t\t\t\t\t\t\t\t\t\t\t\t<div class=\"col-lg-11\">\n\t\t\t\t\t\t\t<p data-wa=\"fade-up\" data-wa-delay=\"100\" class=\"content-block__description text--lg mt-4 mb-0\">Estamos presentes em mais de 29 pa\u00edses em todo o mundo e somos reconhecidos pela qualidade dos nossos produtos, a fiabilidade dos nossos servi\u00e7os, mas tamb\u00e9m pela nossa excecional competitividade<\/p>\n\t\t\t\t\t\t<\/div>\n\t\t\t\t\t\t\t\t\t<\/div>\n\t\t\t\t\t\t\t\t\t<div data-wa=\"fade-up\" data-wa-delay=\"200\" class=\"row justify-content-center\">\n\t\t\t\t\t\t\t\t\t\t\t\t\t<div class=\"content-block__number col-md-6 col-lg-3\">\n\t\t\t\t\t\t\t\t<p class=\"content-block__number__value\"><span data-wa=\"counter\">30<\/span> anos<\/p>\n\t\t\t\t\t\t\t\t<p class=\"content-block__number__label\">de garantia da estrutura*<\/p>\n\t\t\t\t\t\t\t<\/div>\n\t\t\t\t\t\t\t\t\t\t\t\t\t<div class=\"content-block__number col-md-6 col-lg-3\">\n\t\t\t\t\t\t\t\t<p class=\"content-block__number__value\">+<span data-wa=\"counter\">50<\/span> anos<\/p>\n\t\t\t\t\t\t\t\t<p class=\"content-block__number__label\">de experi\u00eancia enquanto fabricante<\/p>\n\t\t\t\t\t\t\t<\/div>\n\t\t\t\t\t\t\t\t\t\t\t\t\t<div class=\"content-block__number col-md-6 col-lg-3\">\n\t\t\t\t\t\t\t\t<p class=\"content-block__number__value\">+<span data-wa=\"counter\">20<\/span>%<\/p>\n\t\t\t\t\t\t\t\t<p class=\"content-block__number__label\">de valor de patrim\u00f3nio<\/p>\n\t\t\t\t\t\t\t<\/div>\n\t\t\t\t\t\t\t\t\t\t\t\t\t<div class=\"content-block__number col-md-6 col-lg-3\">\n\t\t\t\t\t\t\t\t<p class=\"content-block__number__value\"><span data-wa=\"counter\">139 000<\/span><\/p>\n\t\t\t\t\t\t\t\t<p class=\"content-block__number__label\">clientes satisfeitos<\/p>\n\t\t\t\t\t\t\t<\/div>\n\t\t\t\t\t\t\t\t\t\t\t<\/div>\n\t\t\t\t\t\t\t\t\t\t\t\t\t\t\t\t\t<div class=\"row justify-content-center\">\n\t\t\t\t\t\t<div class=\"col-md-10\">\n\t\t\t\t\t\t\t<div data-wa=\"fade-up\" data-wa-delay=\"400\" class=\"content-block__legal wysiwyg mt-8\"><\/div>\n\t\t\t\t\t\t<\/div>\n\t\t\t\t\t<\/div>\n\t\t\t\t\t\t\t\t\t\t\t\t\t<img loading=\"lazy\" decoding=\"async\" src=\"https:\/\/www.waterair.com\/wp-content\/uploads\/2021\/08\/made-in-france.svg\" width=\"120\" height=\"120\" class=\"content-block__picto\" alt=\"\">\n\t\t\t\t\t\t\t<\/div>\n\t\t\t\t\t<\/div>\n\t\t<div class=\"content-block__wave-outline-1\">\n\t\t\t<svg width=\"678\" height=\"589\" viewBox=\"0 0 1000 1000\">\n\t\t\t\t<path fill=\"none\" stroke=\"#FFF\" stroke-width=\"2\" opacity=\".2\" data-blob='{\"minRadius\": \"430\",\"maxRadius\":\"490\", \"numPoints\": \"16\"}'><\/path>\n\t\t\t<\/svg>\n\t\t<\/div>\n\t\t<div class=\"content-block__wave-outline-2\">\n\t\t\t<svg width=\"678\" height=\"589\" viewBox=\"0 0 1000 1000\">\n\t\t\t\t<path fill=\"none\" stroke=\"#FFF\" stroke-width=\"2\" opacity=\".2\" data-blob='{\"minRadius\": \"430\",\"maxRadius\":\"490\", \"numPoints\": \"16\"}'><\/path>\n\t\t\t<\/svg>\n\t\t<\/div>\n\t<\/div>","protected":false},"excerpt":{"rendered":"<p>H\u00e1 j\u00e1 algum tempo, depositou confian\u00e7a na nossa empresa aquando da aquisi\u00e7\u00e3o da sua piscina. Hoje, precisa realizar obras, algumas repara\u00e7\u00f5es e continuamos ao seu lado para lhe dar conselhos. E se aproveitasse a oportunidade para tornar a sua piscina mais confort\u00e1vel, mais bela, mais adaptada \u00e0s suas necessidades atuais? A renova\u00e7\u00e3o de uma piscina [&hellip;]<\/p>\n","protected":false},"author":1,"featured_media":64230,"parent":0,"menu_order":0,"comment_status":"closed","ping_status":"closed","template":"","meta":{"_acf_changed":false,"om_disable_all_campaigns":false,"footnotes":""},"class_list":["post-64254","page","type-page","status-publish","has-post-thumbnail","hentry"],"acf":[],"yoast_head":"<!-- This site is optimized with the Yoast SEO Premium plugin v25.4 (Yoast SEO v27.2) - https:\/\/yoast.com\/product\/yoast-seo-premium-wordpress\/ -->\n<title>Renova\u00e7\u00e3o piscina \u2013 d\u00ea um toque de juventude \u00e0 sua piscina | Piscinas Waterair<\/title>\n<meta name=\"description\" content=\"As Piscinas Waterair acompanham-no aquando da renova\u00e7\u00e3o da sua piscina. Substitui\u00e7\u00e3o de liner, acr\u00e9scimo de escada, altera\u00e7\u00e3o de margens: a nossa equipa responde \u00e0s suas necessidades.\" \/>\n<meta name=\"robots\" content=\"index, follow, max-snippet:-1, max-image-preview:large, max-video-preview:-1\" \/>\n<link rel=\"canonical\" href=\"https:\/\/www.waterair.com\/pt\/aconselhamento-e-assistencia\/renovacao-piscina\" \/>\n<meta property=\"og:locale\" content=\"pt_PT\" \/>\n<meta property=\"og:type\" content=\"article\" \/>\n<meta property=\"og:title\" content=\"Renova\u00e7\u00e3o: As Piscinas Waterair acompanham-nos\" \/>\n<meta property=\"og:description\" content=\"As Piscinas Waterair acompanham-no aquando da renova\u00e7\u00e3o da sua piscina. Substitui\u00e7\u00e3o de liner, acr\u00e9scimo de escada, altera\u00e7\u00e3o de margens: a nossa equipa responde \u00e0s suas necessidades.\" \/>\n<meta property=\"og:url\" content=\"https:\/\/www.waterair.com\/pt\/aconselhamento-e-assistencia\/renovacao-piscina\" \/>\n<meta property=\"og:site_name\" content=\"Piscinas Waterair\" \/>\n<meta property=\"article:modified_time\" content=\"2021-12-01T08:58:29+00:00\" \/>\n<meta property=\"og:image\" content=\"https:\/\/www.waterair.com\/wp-content\/uploads\/2021\/11\/renovation-piscine-3.jpg\" \/>\n\t<meta property=\"og:image:width\" content=\"1920\" \/>\n\t<meta property=\"og:image:height\" content=\"1080\" \/>\n\t<meta property=\"og:image:type\" content=\"image\/jpeg\" \/>\n<meta name=\"twitter:card\" content=\"summary_large_image\" \/>\n<meta name=\"twitter:label1\" content=\"Est. reading time\" \/>\n\t<meta name=\"twitter:data1\" content=\"1 minuto\" \/>\n<script type=\"application\/ld+json\" class=\"yoast-schema-graph\">{\"@context\":\"https:\/\/schema.org\",\"@graph\":[{\"@type\":\"WebPage\",\"@id\":\"https:\/\/www.waterair.com\/pt\/aconselhamento-e-assistencia\/renovacao-piscina\",\"url\":\"https:\/\/www.waterair.com\/pt\/aconselhamento-e-assistencia\/renovacao-piscina\",\"name\":\"Renova\u00e7\u00e3o piscina \u2013 d\u00ea um toque de juventude \u00e0 sua piscina | Piscinas Waterair\",\"isPartOf\":{\"@id\":\"https:\/\/www.waterair.com\/pt\/#website\"},\"primaryImageOfPage\":{\"@id\":\"https:\/\/www.waterair.com\/pt\/aconselhamento-e-assistencia\/renovacao-piscina#primaryimage\"},\"image\":{\"@id\":\"https:\/\/www.waterair.com\/pt\/aconselhamento-e-assistencia\/renovacao-piscina#primaryimage\"},\"thumbnailUrl\":\"https:\/\/www.waterair.com\/wp-content\/uploads\/2021\/11\/renovation-piscine-3.jpg\",\"datePublished\":\"2021-11-04T09:11:34+00:00\",\"dateModified\":\"2021-12-01T08:58:29+00:00\",\"description\":\"As Piscinas Waterair acompanham-no aquando da renova\u00e7\u00e3o da sua piscina. Substitui\u00e7\u00e3o de liner, acr\u00e9scimo de escada, altera\u00e7\u00e3o de margens: a nossa equipa responde \u00e0s suas necessidades.\",\"breadcrumb\":{\"@id\":\"https:\/\/www.waterair.com\/pt\/aconselhamento-e-assistencia\/renovacao-piscina#breadcrumb\"},\"inLanguage\":\"pt-PT\",\"potentialAction\":[{\"@type\":\"ReadAction\",\"target\":[\"https:\/\/www.waterair.com\/pt\/aconselhamento-e-assistencia\/renovacao-piscina\"]}]},{\"@type\":\"ImageObject\",\"inLanguage\":\"pt-PT\",\"@id\":\"https:\/\/www.waterair.com\/pt\/aconselhamento-e-assistencia\/renovacao-piscina#primaryimage\",\"url\":\"https:\/\/www.waterair.com\/wp-content\/uploads\/2021\/11\/renovation-piscine-3.jpg\",\"contentUrl\":\"https:\/\/www.waterair.com\/wp-content\/uploads\/2021\/11\/renovation-piscine-3.jpg\",\"width\":1920,\"height\":1080},{\"@type\":\"BreadcrumbList\",\"@id\":\"https:\/\/www.waterair.com\/pt\/aconselhamento-e-assistencia\/renovacao-piscina#breadcrumb\",\"itemListElement\":[{\"@type\":\"ListItem\",\"position\":1,\"name\":\"In\u00edcio\",\"item\":\"https:\/\/www.waterair.com\/pt\"},{\"@type\":\"ListItem\",\"position\":2,\"name\":\"Renova\u00e7\u00e3o: As Piscinas Waterair acompanham-nos\"}]},{\"@type\":\"WebSite\",\"@id\":\"https:\/\/www.waterair.com\/pt\/#website\",\"url\":\"https:\/\/www.waterair.com\/pt\/\",\"name\":\"Piscinas Waterair\",\"description\":\"\",\"potentialAction\":[{\"@type\":\"SearchAction\",\"target\":{\"@type\":\"EntryPoint\",\"urlTemplate\":\"https:\/\/www.waterair.com\/pt\/?s={search_term_string}\"},\"query-input\":{\"@type\":\"PropertyValueSpecification\",\"valueRequired\":true,\"valueName\":\"search_term_string\"}}],\"inLanguage\":\"pt-PT\"}]}<\/script>\n<!-- \/ Yoast SEO Premium plugin. -->","yoast_head_json":{"title":"Renova\u00e7\u00e3o piscina \u2013 d\u00ea um toque de juventude \u00e0 sua piscina | Piscinas Waterair","description":"As Piscinas Waterair acompanham-no aquando da renova\u00e7\u00e3o da sua piscina. Substitui\u00e7\u00e3o de liner, acr\u00e9scimo de escada, altera\u00e7\u00e3o de margens: a nossa equipa responde \u00e0s suas necessidades.","robots":{"index":"index","follow":"follow","max-snippet":"max-snippet:-1","max-image-preview":"max-image-preview:large","max-video-preview":"max-video-preview:-1"},"canonical":"https:\/\/www.waterair.com\/pt\/aconselhamento-e-assistencia\/renovacao-piscina","og_locale":"pt_PT","og_type":"article","og_title":"Renova\u00e7\u00e3o: As Piscinas Waterair acompanham-nos","og_description":"As Piscinas Waterair acompanham-no aquando da renova\u00e7\u00e3o da sua piscina. Substitui\u00e7\u00e3o de liner, acr\u00e9scimo de escada, altera\u00e7\u00e3o de margens: a nossa equipa responde \u00e0s suas necessidades.","og_url":"https:\/\/www.waterair.com\/pt\/aconselhamento-e-assistencia\/renovacao-piscina","og_site_name":"Piscinas Waterair","article_modified_time":"2021-12-01T08:58:29+00:00","og_image":[{"width":1920,"height":1080,"url":"https:\/\/www.waterair.com\/wp-content\/uploads\/2021\/11\/renovation-piscine-3.jpg","type":"image\/jpeg"}],"twitter_card":"summary_large_image","twitter_misc":{"Est. reading time":"1 minuto"},"schema":{"@context":"https:\/\/schema.org","@graph":[{"@type":"WebPage","@id":"https:\/\/www.waterair.com\/pt\/aconselhamento-e-assistencia\/renovacao-piscina","url":"https:\/\/www.waterair.com\/pt\/aconselhamento-e-assistencia\/renovacao-piscina","name":"Renova\u00e7\u00e3o piscina \u2013 d\u00ea um toque de juventude \u00e0 sua piscina | Piscinas Waterair","isPartOf":{"@id":"https:\/\/www.waterair.com\/pt\/#website"},"primaryImageOfPage":{"@id":"https:\/\/www.waterair.com\/pt\/aconselhamento-e-assistencia\/renovacao-piscina#primaryimage"},"image":{"@id":"https:\/\/www.waterair.com\/pt\/aconselhamento-e-assistencia\/renovacao-piscina#primaryimage"},"thumbnailUrl":"https:\/\/www.waterair.com\/wp-content\/uploads\/2021\/11\/renovation-piscine-3.jpg","datePublished":"2021-11-04T09:11:34+00:00","dateModified":"2021-12-01T08:58:29+00:00","description":"As Piscinas Waterair acompanham-no aquando da renova\u00e7\u00e3o da sua piscina. Substitui\u00e7\u00e3o de liner, acr\u00e9scimo de escada, altera\u00e7\u00e3o de margens: a nossa equipa responde \u00e0s suas necessidades.","breadcrumb":{"@id":"https:\/\/www.waterair.com\/pt\/aconselhamento-e-assistencia\/renovacao-piscina#breadcrumb"},"inLanguage":"pt-PT","potentialAction":[{"@type":"ReadAction","target":["https:\/\/www.waterair.com\/pt\/aconselhamento-e-assistencia\/renovacao-piscina"]}]},{"@type":"ImageObject","inLanguage":"pt-PT","@id":"https:\/\/www.waterair.com\/pt\/aconselhamento-e-assistencia\/renovacao-piscina#primaryimage","url":"https:\/\/www.waterair.com\/wp-content\/uploads\/2021\/11\/renovation-piscine-3.jpg","contentUrl":"https:\/\/www.waterair.com\/wp-content\/uploads\/2021\/11\/renovation-piscine-3.jpg","width":1920,"height":1080},{"@type":"BreadcrumbList","@id":"https:\/\/www.waterair.com\/pt\/aconselhamento-e-assistencia\/renovacao-piscina#breadcrumb","itemListElement":[{"@type":"ListItem","position":1,"name":"In\u00edcio","item":"https:\/\/www.waterair.com\/pt"},{"@type":"ListItem","position":2,"name":"Renova\u00e7\u00e3o: As Piscinas Waterair acompanham-nos"}]},{"@type":"WebSite","@id":"https:\/\/www.waterair.com\/pt\/#website","url":"https:\/\/www.waterair.com\/pt\/","name":"Piscinas Waterair","description":"","potentialAction":[{"@type":"SearchAction","target":{"@type":"EntryPoint","urlTemplate":"https:\/\/www.waterair.com\/pt\/?s={search_term_string}"},"query-input":{"@type":"PropertyValueSpecification","valueRequired":true,"valueName":"search_term_string"}}],"inLanguage":"pt-PT"}]}},"_links":{"self":[{"href":"https:\/\/www.waterair.com\/pt\/wp-json\/wp\/v2\/pages\/64254","targetHints":{"allow":["GET"]}}],"collection":[{"href":"https:\/\/www.waterair.com\/pt\/wp-json\/wp\/v2\/pages"}],"about":[{"href":"https:\/\/www.waterair.com\/pt\/wp-json\/wp\/v2\/types\/page"}],"author":[{"embeddable":true,"href":"https:\/\/www.waterair.com\/pt\/wp-json\/wp\/v2\/users\/1"}],"replies":[{"embeddable":true,"href":"https:\/\/www.waterair.com\/pt\/wp-json\/wp\/v2\/comments?post=64254"}],"version-history":[{"count":5,"href":"https:\/\/www.waterair.com\/pt\/wp-json\/wp\/v2\/pages\/64254\/revisions"}],"predecessor-version":[{"id":98027,"href":"https:\/\/www.waterair.com\/pt\/wp-json\/wp\/v2\/pages\/64254\/revisions\/98027"}],"wp:featuredmedia":[{"embeddable":true,"href":"https:\/\/www.waterair.com\/pt\/wp-json\/wp\/v2\/media\/64230"}],"wp:attachment":[{"href":"https:\/\/www.waterair.com\/pt\/wp-json\/wp\/v2\/media?parent=64254"}],"curies":[{"name":"wp","href":"https:\/\/api.w.org\/{rel}","templated":true}]}}