{"id":91099,"date":"2021-11-25T14:44:15","date_gmt":"2021-11-25T13:44:15","guid":{"rendered":"https:\/\/waterair-nvme.adipso.fr\/?page_id=91099"},"modified":"2026-01-27T10:20:52","modified_gmt":"2026-01-27T09:20:52","slug":"piscinas-e-equipamentos","status":"publish","type":"page","link":"https:\/\/www.waterair.com\/pt\/piscinas-e-equipamentos","title":{"rendered":"Piscinas e equipamentos"},"content":{"rendered":"<div class=\"container block--core-heading\"><div class=\"row\"><div class=\"col-12 \">\n<h2 class=\"wp-block-heading\">D\u00ea vida \u00e0 piscina dos seus sonhos!&nbsp;<\/h2>\n<\/div><\/div><\/div>\n\n<div class=\"container block--core-paragraph\"><div class=\"row\"><div class=\"col-12 \">\n<p>Deixe-se guiar pelos seus desejos e escolha o&nbsp;<a href=\"https:\/\/www.waterair.com\/pt\/piscinas-e-equipamentos\/piscinas\">formato<\/a>&nbsp;e os&nbsp;<a href=\"https:\/\/www.waterair.com\/pt\/piscinas-e-equipamentos\/equipamentos\">equipamentos<\/a>&nbsp;mais adequados ao tamanho do seu terreno e \u00e0 utiliza\u00e7\u00e3o que pretende dar \u00e0 sua piscina. Gra\u00e7as ao nosso programa inform\u00e1tico de realidade aumentada, poder\u00e1 visualizar a sua piscina no seu jardim. Para isso, basta marcar uma reuni\u00e3o connosco! Este estudo \u00e9 personalizado e gratuito e ir\u00e1 permitir-lhe encontrar um profissional que poder\u00e1 tornar a piscina dos seus sonhos em realidade, dando-lhe todo o acompanhamento ao longo do seu projeto.<\/p>\n<\/div><\/div><\/div>","protected":false},"excerpt":{"rendered":"<p>D\u00ea vida \u00e0 piscina dos seus sonhos!&nbsp; Deixe-se guiar pelos seus desejos e escolha o&nbsp;formato&nbsp;e os&nbsp;equipamentos&nbsp;mais adequados ao tamanho do seu terreno e \u00e0 utiliza\u00e7\u00e3o que pretende dar \u00e0 sua piscina. Gra\u00e7as ao nosso programa inform\u00e1tico de realidade aumentada, poder\u00e1 visualizar a sua piscina no seu jardim. Para isso, basta marcar uma reuni\u00e3o connosco! Este [&hellip;]<\/p>\n","protected":false},"author":11,"featured_media":0,"parent":0,"menu_order":0,"comment_status":"closed","ping_status":"closed","template":"archive-pool.php","meta":{"_acf_changed":false,"om_disable_all_campaigns":false,"footnotes":""},"class_list":["post-91099","page","type-page","status-publish","hentry"],"acf":[],"yoast_head":"<!-- This site is optimized with the Yoast SEO Premium plugin v25.4 (Yoast SEO v27.2) - https:\/\/yoast.com\/product\/yoast-seo-premium-wordpress\/ -->\n<title>Piscinas e equipamentos para personalizar o seu projeto | Piscinas Waterair<\/title>\n<meta name=\"description\" content=\"Descubra nossa oferta de piscinas e equipamentos concebidos especialmente para seu conforto e seguran\u00e7a.\" \/>\n<meta name=\"robots\" content=\"index, follow, max-snippet:-1, max-image-preview:large, max-video-preview:-1\" \/>\n<link rel=\"canonical\" href=\"https:\/\/www.waterair.com\/pt\/piscinas-e-equipamentos\" \/>\n<meta property=\"og:locale\" content=\"pt_PT\" \/>\n<meta property=\"og:type\" content=\"article\" \/>\n<meta property=\"og:title\" content=\"Piscinas e equipamentos\" \/>\n<meta property=\"og:description\" content=\"Descubra nossa oferta de piscinas e equipamentos concebidos especialmente para seu conforto e seguran\u00e7a.\" \/>\n<meta property=\"og:url\" content=\"https:\/\/www.waterair.com\/pt\/piscinas-e-equipamentos\" \/>\n<meta property=\"og:site_name\" content=\"Piscinas Waterair\" \/>\n<meta property=\"article:modified_time\" content=\"2026-01-27T09:20:52+00:00\" \/>\n<meta name=\"twitter:card\" content=\"summary_large_image\" \/>\n<meta name=\"twitter:label1\" content=\"Est. reading time\" \/>\n\t<meta name=\"twitter:data1\" content=\"2 minutos\" \/>\n<script type=\"application\/ld+json\" class=\"yoast-schema-graph\">{\"@context\":\"https:\/\/schema.org\",\"@graph\":[{\"@type\":\"WebPage\",\"@id\":\"https:\/\/www.waterair.com\/pt\/piscinas-e-equipamentos\",\"url\":\"https:\/\/www.waterair.com\/pt\/piscinas-e-equipamentos\",\"name\":\"Piscinas e equipamentos para personalizar o seu projeto | Piscinas Waterair\",\"isPartOf\":{\"@id\":\"https:\/\/www.waterair.com\/pt\/#website\"},\"datePublished\":\"2021-11-25T13:44:15+00:00\",\"dateModified\":\"2026-01-27T09:20:52+00:00\",\"description\":\"Descubra nossa oferta de piscinas e equipamentos concebidos especialmente para seu conforto e seguran\u00e7a.\",\"breadcrumb\":{\"@id\":\"https:\/\/www.waterair.com\/pt\/piscinas-e-equipamentos#breadcrumb\"},\"inLanguage\":\"pt-PT\",\"potentialAction\":[{\"@type\":\"ReadAction\",\"target\":[\"https:\/\/www.waterair.com\/pt\/piscinas-e-equipamentos\"]}]},{\"@type\":\"BreadcrumbList\",\"@id\":\"https:\/\/www.waterair.com\/pt\/piscinas-e-equipamentos#breadcrumb\",\"itemListElement\":[{\"@type\":\"ListItem\",\"position\":1,\"name\":\"In\u00edcio\",\"item\":\"https:\/\/www.waterair.com\/pt\"},{\"@type\":\"ListItem\",\"position\":2,\"name\":\"Piscinas e equipamentos\"}]},{\"@type\":\"WebSite\",\"@id\":\"https:\/\/www.waterair.com\/pt\/#website\",\"url\":\"https:\/\/www.waterair.com\/pt\/\",\"name\":\"Piscinas Waterair\",\"description\":\"\",\"potentialAction\":[{\"@type\":\"SearchAction\",\"target\":{\"@type\":\"EntryPoint\",\"urlTemplate\":\"https:\/\/www.waterair.com\/pt\/?s={search_term_string}\"},\"query-input\":{\"@type\":\"PropertyValueSpecification\",\"valueRequired\":true,\"valueName\":\"search_term_string\"}}],\"inLanguage\":\"pt-PT\"}]}<\/script>\n<!-- \/ Yoast SEO Premium plugin. -->","yoast_head_json":{"title":"Piscinas e equipamentos para personalizar o seu projeto | Piscinas Waterair","description":"Descubra nossa oferta de piscinas e equipamentos concebidos especialmente para seu conforto e seguran\u00e7a.","robots":{"index":"index","follow":"follow","max-snippet":"max-snippet:-1","max-image-preview":"max-image-preview:large","max-video-preview":"max-video-preview:-1"},"canonical":"https:\/\/www.waterair.com\/pt\/piscinas-e-equipamentos","og_locale":"pt_PT","og_type":"article","og_title":"Piscinas e equipamentos","og_description":"Descubra nossa oferta de piscinas e equipamentos concebidos especialmente para seu conforto e seguran\u00e7a.","og_url":"https:\/\/www.waterair.com\/pt\/piscinas-e-equipamentos","og_site_name":"Piscinas Waterair","article_modified_time":"2026-01-27T09:20:52+00:00","twitter_card":"summary_large_image","twitter_misc":{"Est. reading time":"2 minutos"},"schema":{"@context":"https:\/\/schema.org","@graph":[{"@type":"WebPage","@id":"https:\/\/www.waterair.com\/pt\/piscinas-e-equipamentos","url":"https:\/\/www.waterair.com\/pt\/piscinas-e-equipamentos","name":"Piscinas e equipamentos para personalizar o seu projeto | Piscinas Waterair","isPartOf":{"@id":"https:\/\/www.waterair.com\/pt\/#website"},"datePublished":"2021-11-25T13:44:15+00:00","dateModified":"2026-01-27T09:20:52+00:00","description":"Descubra nossa oferta de piscinas e equipamentos concebidos especialmente para seu conforto e seguran\u00e7a.","breadcrumb":{"@id":"https:\/\/www.waterair.com\/pt\/piscinas-e-equipamentos#breadcrumb"},"inLanguage":"pt-PT","potentialAction":[{"@type":"ReadAction","target":["https:\/\/www.waterair.com\/pt\/piscinas-e-equipamentos"]}]},{"@type":"BreadcrumbList","@id":"https:\/\/www.waterair.com\/pt\/piscinas-e-equipamentos#breadcrumb","itemListElement":[{"@type":"ListItem","position":1,"name":"In\u00edcio","item":"https:\/\/www.waterair.com\/pt"},{"@type":"ListItem","position":2,"name":"Piscinas e equipamentos"}]},{"@type":"WebSite","@id":"https:\/\/www.waterair.com\/pt\/#website","url":"https:\/\/www.waterair.com\/pt\/","name":"Piscinas Waterair","description":"","potentialAction":[{"@type":"SearchAction","target":{"@type":"EntryPoint","urlTemplate":"https:\/\/www.waterair.com\/pt\/?s={search_term_string}"},"query-input":{"@type":"PropertyValueSpecification","valueRequired":true,"valueName":"search_term_string"}}],"inLanguage":"pt-PT"}]}},"_links":{"self":[{"href":"https:\/\/www.waterair.com\/pt\/wp-json\/wp\/v2\/pages\/91099","targetHints":{"allow":["GET"]}}],"collection":[{"href":"https:\/\/www.waterair.com\/pt\/wp-json\/wp\/v2\/pages"}],"about":[{"href":"https:\/\/www.waterair.com\/pt\/wp-json\/wp\/v2\/types\/page"}],"author":[{"embeddable":true,"href":"https:\/\/www.waterair.com\/pt\/wp-json\/wp\/v2\/users\/11"}],"replies":[{"embeddable":true,"href":"https:\/\/www.waterair.com\/pt\/wp-json\/wp\/v2\/comments?post=91099"}],"version-history":[{"count":5,"href":"https:\/\/www.waterair.com\/pt\/wp-json\/wp\/v2\/pages\/91099\/revisions"}],"predecessor-version":[{"id":585356,"href":"https:\/\/www.waterair.com\/pt\/wp-json\/wp\/v2\/pages\/91099\/revisions\/585356"}],"wp:attachment":[{"href":"https:\/\/www.waterair.com\/pt\/wp-json\/wp\/v2\/media?parent=91099"}],"curies":[{"name":"wp","href":"https:\/\/api.w.org\/{rel}","templated":true}]}}