{"id":96740,"date":"2021-11-29T13:35:07","date_gmt":"2021-11-29T12:35:07","guid":{"rendered":"https:\/\/waterair-nvme.adipso.fr\/?page_id=96740"},"modified":"2021-11-30T09:29:52","modified_gmt":"2021-11-30T08:29:52","slug":"obrigado","status":"publish","type":"page","link":"https:\/\/www.waterair.com\/pt\/obrigado","title":{"rendered":"Obrigado,"},"content":{"rendered":"<div class=\"container block--core-paragraph\"><div class=\"row\"><div class=\"col-12 \">\n<p>Obrigado.<\/p>\n<\/div><\/div><\/div>\n\n<div class=\"container block--core-paragraph\"><div class=\"row\"><div class=\"col-12 \">\n<p>N\u00f3s recebemos a sua mensagem com sucesso e tornaremos a entrar em contacto o mais breve poss\u00edvel.<br>Para conhecer o nosso parceiro de proximidade no seu pa\u00eds,&nbsp;<a href=\"https:\/\/www.waterair.com\/pt\/o-grupo\/parceiro-de-proximidade\">consulte aqui.<\/a><br>Se pretende tornar-se parceiro de Piscines Waterair e propor as nossas piscinas no seu pa\u00eds,&nbsp;<a href=\"https:\/\/waterair.pro\/en\/\">apresente-se aqui<\/a>&nbsp;(em ingl\u00eas).<\/p>\n<\/div><\/div><\/div>\n\n<div class=\"container block--core-paragraph\"><div class=\"row\"><div class=\"col-12 \">\n<p>At\u00e9 breve,<\/p>\n<\/div><\/div><\/div>\n\n<div class=\"container block--core-paragraph\"><div class=\"row\"><div class=\"col-12 \">\n<p>Piscinas Waterair<\/p>\n<\/div><\/div><\/div>","protected":false},"excerpt":{"rendered":"<p>Obrigado. N\u00f3s recebemos a sua mensagem com sucesso e tornaremos a entrar em contacto o mais breve poss\u00edvel.Para conhecer o nosso parceiro de proximidade no seu pa\u00eds,&nbsp;consulte aqui.Se pretende tornar-se parceiro de Piscines Waterair e propor as nossas piscinas no seu pa\u00eds,&nbsp;apresente-se aqui&nbsp;(em ingl\u00eas). At\u00e9 breve, Piscinas Waterair<\/p>\n","protected":false},"author":8,"featured_media":92496,"parent":0,"menu_order":0,"comment_status":"closed","ping_status":"closed","template":"merci.php","meta":{"_acf_changed":false,"om_disable_all_campaigns":false,"footnotes":""},"class_list":["post-96740","page","type-page","status-publish","has-post-thumbnail","hentry"],"acf":[],"yoast_head":"<!-- This site is optimized with the Yoast SEO Premium plugin v25.4 (Yoast SEO v27.2) - https:\/\/yoast.com\/product\/yoast-seo-premium-wordpress\/ -->\n<title>Obrigado, | Piscinas Waterair<\/title>\n<meta name=\"robots\" content=\"noindex, nofollow\" \/>\n<meta property=\"og:locale\" content=\"pt_PT\" \/>\n<meta property=\"og:type\" content=\"article\" \/>\n<meta property=\"og:title\" content=\"Obrigado,\" \/>\n<meta property=\"og:description\" content=\"Obrigado. N\u00f3s recebemos a sua mensagem com sucesso e tornaremos a entrar em contacto o mais breve poss\u00edvel.Para conhecer o nosso parceiro de proximidade no seu pa\u00eds,&nbsp;consulte aqui.Se pretende tornar-se parceiro de Piscines Waterair e propor as nossas piscinas no seu pa\u00eds,&nbsp;apresente-se aqui&nbsp;(em ingl\u00eas). At\u00e9 breve, Piscinas Waterair\" \/>\n<meta property=\"og:url\" content=\"https:\/\/www.waterair.com\/pt\/obrigado\" \/>\n<meta property=\"og:site_name\" content=\"Piscinas Waterair\" \/>\n<meta property=\"article:modified_time\" content=\"2021-11-30T08:29:52+00:00\" \/>\n<meta property=\"og:image\" content=\"https:\/\/www.waterair.com\/wp-content\/uploads\/2021\/11\/ei-1.jpg\" \/>\n\t<meta property=\"og:image:width\" content=\"1920\" \/>\n\t<meta property=\"og:image:height\" content=\"400\" \/>\n\t<meta property=\"og:image:type\" content=\"image\/jpeg\" \/>\n<meta name=\"twitter:card\" content=\"summary_large_image\" \/>\n<meta name=\"twitter:label1\" content=\"Est. reading time\" \/>\n\t<meta name=\"twitter:data1\" content=\"1 minuto\" \/>\n<script type=\"application\/ld+json\" class=\"yoast-schema-graph\">{\"@context\":\"https:\/\/schema.org\",\"@graph\":[{\"@type\":\"WebPage\",\"@id\":\"https:\/\/www.waterair.com\/pt\/obrigado\",\"url\":\"https:\/\/www.waterair.com\/pt\/obrigado\",\"name\":\"Obrigado, | Piscinas Waterair\",\"isPartOf\":{\"@id\":\"https:\/\/www.waterair.com\/pt\/#website\"},\"primaryImageOfPage\":{\"@id\":\"https:\/\/www.waterair.com\/pt\/obrigado#primaryimage\"},\"image\":{\"@id\":\"https:\/\/www.waterair.com\/pt\/obrigado#primaryimage\"},\"thumbnailUrl\":\"https:\/\/www.waterair.com\/wp-content\/uploads\/2021\/11\/ei-1.jpg\",\"datePublished\":\"2021-11-29T12:35:07+00:00\",\"dateModified\":\"2021-11-30T08:29:52+00:00\",\"breadcrumb\":{\"@id\":\"https:\/\/www.waterair.com\/pt\/obrigado#breadcrumb\"},\"inLanguage\":\"pt-PT\",\"potentialAction\":[{\"@type\":\"ReadAction\",\"target\":[\"https:\/\/www.waterair.com\/pt\/obrigado\"]}]},{\"@type\":\"ImageObject\",\"inLanguage\":\"pt-PT\",\"@id\":\"https:\/\/www.waterair.com\/pt\/obrigado#primaryimage\",\"url\":\"https:\/\/www.waterair.com\/wp-content\/uploads\/2021\/11\/ei-1.jpg\",\"contentUrl\":\"https:\/\/www.waterair.com\/wp-content\/uploads\/2021\/11\/ei-1.jpg\",\"width\":1920,\"height\":400},{\"@type\":\"BreadcrumbList\",\"@id\":\"https:\/\/www.waterair.com\/pt\/obrigado#breadcrumb\",\"itemListElement\":[{\"@type\":\"ListItem\",\"position\":1,\"name\":\"In\u00edcio\",\"item\":\"https:\/\/www.waterair.com\/pt\"},{\"@type\":\"ListItem\",\"position\":2,\"name\":\"Obrigado,\"}]},{\"@type\":\"WebSite\",\"@id\":\"https:\/\/www.waterair.com\/pt\/#website\",\"url\":\"https:\/\/www.waterair.com\/pt\/\",\"name\":\"Piscinas Waterair\",\"description\":\"\",\"potentialAction\":[{\"@type\":\"SearchAction\",\"target\":{\"@type\":\"EntryPoint\",\"urlTemplate\":\"https:\/\/www.waterair.com\/pt\/?s={search_term_string}\"},\"query-input\":{\"@type\":\"PropertyValueSpecification\",\"valueRequired\":true,\"valueName\":\"search_term_string\"}}],\"inLanguage\":\"pt-PT\"}]}<\/script>\n<!-- \/ Yoast SEO Premium plugin. -->","yoast_head_json":{"title":"Obrigado, | Piscinas Waterair","robots":{"index":"noindex","follow":"nofollow"},"og_locale":"pt_PT","og_type":"article","og_title":"Obrigado,","og_description":"Obrigado. N\u00f3s recebemos a sua mensagem com sucesso e tornaremos a entrar em contacto o mais breve poss\u00edvel.Para conhecer o nosso parceiro de proximidade no seu pa\u00eds,&nbsp;consulte aqui.Se pretende tornar-se parceiro de Piscines Waterair e propor as nossas piscinas no seu pa\u00eds,&nbsp;apresente-se aqui&nbsp;(em ingl\u00eas). At\u00e9 breve, Piscinas Waterair","og_url":"https:\/\/www.waterair.com\/pt\/obrigado","og_site_name":"Piscinas Waterair","article_modified_time":"2021-11-30T08:29:52+00:00","og_image":[{"width":1920,"height":400,"url":"https:\/\/www.waterair.com\/wp-content\/uploads\/2021\/11\/ei-1.jpg","type":"image\/jpeg"}],"twitter_card":"summary_large_image","twitter_misc":{"Est. reading time":"1 minuto"},"schema":{"@context":"https:\/\/schema.org","@graph":[{"@type":"WebPage","@id":"https:\/\/www.waterair.com\/pt\/obrigado","url":"https:\/\/www.waterair.com\/pt\/obrigado","name":"Obrigado, | Piscinas Waterair","isPartOf":{"@id":"https:\/\/www.waterair.com\/pt\/#website"},"primaryImageOfPage":{"@id":"https:\/\/www.waterair.com\/pt\/obrigado#primaryimage"},"image":{"@id":"https:\/\/www.waterair.com\/pt\/obrigado#primaryimage"},"thumbnailUrl":"https:\/\/www.waterair.com\/wp-content\/uploads\/2021\/11\/ei-1.jpg","datePublished":"2021-11-29T12:35:07+00:00","dateModified":"2021-11-30T08:29:52+00:00","breadcrumb":{"@id":"https:\/\/www.waterair.com\/pt\/obrigado#breadcrumb"},"inLanguage":"pt-PT","potentialAction":[{"@type":"ReadAction","target":["https:\/\/www.waterair.com\/pt\/obrigado"]}]},{"@type":"ImageObject","inLanguage":"pt-PT","@id":"https:\/\/www.waterair.com\/pt\/obrigado#primaryimage","url":"https:\/\/www.waterair.com\/wp-content\/uploads\/2021\/11\/ei-1.jpg","contentUrl":"https:\/\/www.waterair.com\/wp-content\/uploads\/2021\/11\/ei-1.jpg","width":1920,"height":400},{"@type":"BreadcrumbList","@id":"https:\/\/www.waterair.com\/pt\/obrigado#breadcrumb","itemListElement":[{"@type":"ListItem","position":1,"name":"In\u00edcio","item":"https:\/\/www.waterair.com\/pt"},{"@type":"ListItem","position":2,"name":"Obrigado,"}]},{"@type":"WebSite","@id":"https:\/\/www.waterair.com\/pt\/#website","url":"https:\/\/www.waterair.com\/pt\/","name":"Piscinas Waterair","description":"","potentialAction":[{"@type":"SearchAction","target":{"@type":"EntryPoint","urlTemplate":"https:\/\/www.waterair.com\/pt\/?s={search_term_string}"},"query-input":{"@type":"PropertyValueSpecification","valueRequired":true,"valueName":"search_term_string"}}],"inLanguage":"pt-PT"}]}},"_links":{"self":[{"href":"https:\/\/www.waterair.com\/pt\/wp-json\/wp\/v2\/pages\/96740","targetHints":{"allow":["GET"]}}],"collection":[{"href":"https:\/\/www.waterair.com\/pt\/wp-json\/wp\/v2\/pages"}],"about":[{"href":"https:\/\/www.waterair.com\/pt\/wp-json\/wp\/v2\/types\/page"}],"author":[{"embeddable":true,"href":"https:\/\/www.waterair.com\/pt\/wp-json\/wp\/v2\/users\/8"}],"replies":[{"embeddable":true,"href":"https:\/\/www.waterair.com\/pt\/wp-json\/wp\/v2\/comments?post=96740"}],"version-history":[{"count":2,"href":"https:\/\/www.waterair.com\/pt\/wp-json\/wp\/v2\/pages\/96740\/revisions"}],"predecessor-version":[{"id":97105,"href":"https:\/\/www.waterair.com\/pt\/wp-json\/wp\/v2\/pages\/96740\/revisions\/97105"}],"wp:featuredmedia":[{"embeddable":true,"href":"https:\/\/www.waterair.com\/pt\/wp-json\/wp\/v2\/media\/92496"}],"wp:attachment":[{"href":"https:\/\/www.waterair.com\/pt\/wp-json\/wp\/v2\/media?parent=96740"}],"curies":[{"name":"wp","href":"https:\/\/api.w.org\/{rel}","templated":true}]}}