{"id":37896,"date":"2021-10-29T21:23:41","date_gmt":"2021-10-29T19:23:41","guid":{"rendered":"https:\/\/waterair-preprod2.adipso.fr\/politica-de-confidentialitate"},"modified":"2021-11-11T11:25:29","modified_gmt":"2021-11-11T10:25:29","slug":"politica-de-confidentialitate","status":"publish","type":"page","link":"https:\/\/www.waterair.com\/ro\/politica-de-confidentialitate","title":{"rendered":"Politica de confiden\u021bialitate"},"content":{"rendered":"<div  class=\"block-content-media  content-block   has-no-title\">\n            <div class=\"container\">\n            <div class=\"row\">\n                <div class=\"col\">\n                    <div class=\"row flex-column flex-md-row \">\n                        <div class=\"content-block__col col-12 d-flex flex-column align-items-md-start order-lg-2\">\n                                                                                                                                                <div data-wa=\"fade-up\" data-wa-delay=\"400\" class=\"content-block__description text--sm text-weight--300 mb-0\">\n                                    <p>V\u0103 inform\u0103m c\u0103 WATERAIR, societate pe ac\u021biuni simplificat\u0103, cu sediul \u00een Zona artizanal\u0103, 68580 la SEPPOIS-LE-BAS, \u00eenregistrat\u0103 \u00een Registrul Comer\u021bului \u0219i al Societ\u0103\u021bilor din Mulhouse, sub nr. 440 123 487 (\u00een continuare, \u201enoi\u201e), dore\u0219te s\u0103 str\u00e2ng\u0103 datele cu caracter personal cu privire la dumneavoastr\u0103 (\u00een &nbsp;continuare, \u201eDatele\u201e).<br \/>\nDatele dumneavoastr\u0103 sunt colectate pentru urm\u0103toarele scopuri:<\/p>\n<ul>\n<li>Prospec\u021biuni comerciale;<\/li>\n<li>Administrarea newsletter-elor;<\/li>\n<li>Administrarea ofertelor promo\u021bionale personalizate;<\/li>\n<li>M\u0103suri de audiere \u0219i de statistici;<\/li>\n<li>Geolocalizare, pentru a v\u0103 propune \u021bara corect\u0103 din lista de derulare;<\/li>\n<li>Retargetering \/ Remarketing;<\/li>\n<li>Executarea contractului;<\/li>\n<li>Anchete de satisfac\u021bie;<\/li>\n<li>Transfer c\u0103tre subcontractori \u00een domeniile de activitate urm\u0103toare: informatic\u0103, comer\u021b, financiar, marketing, comunicare, logistic\u0103 \u0219i industrial, pentru buna executare a contractului \u0219i monitorizarea rela\u021biilor cu clien\u021bii.<\/li>\n<\/ul>\n<p>Datele dumneavoastr\u0103 sunt p\u0103strate pentru durata strict necesar\u0103 exercit\u0103rii acestor obiective \u0219i sunt destinate spre a fi consultate de serviciile noastre interne c\u00e2t \u0219i de prestatorii no\u0219tri.&nbsp;<br \/>\n\u021ain\u00e2nd seama de nivelul cuno\u0219tin\u021belor, de costurile de implementare \u0219i de natura, semnifica\u021bia, contextul \u0219i de obiectivele prelucr\u0103rilor efectuate astfel, c\u00e2t \u0219i de riscurile pentru drepturile \u0219i libert\u0103\u021bile dumneavoastr\u0103, ne angaj\u0103m s\u0103 punem \u00een aplicare m\u0103suri tehnice \u0219i organizatorice corespunz\u0103toare pentru a v\u0103 garanta protec\u021bia datelor dumneavoastr\u0103.<\/p>\n<p>Conform Regulamentului european nr. 2016\/679 din 27 aprilie 2016 c\u00e2t \u0219i conform Legii nr. 78-17 din 6 ianuarie 1978 modificat\u0103, v\u0103 inform\u0103m c\u0103 dispune\u021bi de dreptul:<\/p>\n<ul>\n<li>De acces \u0219i rectificare a datelor dumneavoastr\u0103;<\/li>\n<li>De a v\u0103 opune prelucr\u0103rii datelor dumneavoastr\u0103 din motive legitime;<\/li>\n<li>\u00cen limitele prev\u0103zute de textele de lege, de a cere &nbsp;limitarea prelucr\u0103rii datelor sau \u0219tergerea acestora;<\/li>\n<li>De a v\u0103 retrage consim\u021b\u0103m\u00e2ntul \u00een orice moment;<\/li>\n<li>De a primi datele dumneavoastr\u0103 \u00eentr-un format structurat, folosit \u00een mod curent \u0219i lizibil pentru a le transmite unui alt responsabil cu prelucrarea acestora (dreptul la portabilitatate);<\/li>\n<li>De definire a directivelor referitoare la p\u0103strarea, \u0219tergerea \u0219i la comunicarea datelor dumneavoastr\u0103 personale &nbsp;dup\u0103 deces.<\/li>\n<\/ul>\n<p>De altfel, v\u0103 inform\u0103m c\u0103 dispune\u021bi de dreptul de opozi\u021bie \u00een cadrul profilului realizat anual pentru &nbsp;a v\u0103 propune oferte personalizate.<\/p>\n<p>Pentru a v\u0103 exercita aceste drepturi, v\u0103 rug\u0103m s\u0103 adresa\u021bi cererea dumneavoastr\u0103, \u00eenso\u021bit\u0103 de un document de identitate, prin email, la adresa urm\u0103toare: rgpd@waterair.com.<\/p>\n<p>V\u0103 mai inform\u0103m c\u0103 dispune\u021bi de dreptul de a face reclama\u021bie pe l\u00e2ng\u0103 o unitate de control.<\/p>\n<p>Prin acceptarea acestor informa\u021bii de pe banda cookie din josul paginii, accepta\u021bi s\u0103 v\u0103 comunica\u021bi Datele personale societ\u0103\u021bii WATERAIR \u00een cadrul obiectivelor descrise mai sus.&nbsp;<\/p>\n                                <\/div>\n                                                                                        <div data-wa=\"fade-up\" data-wa-delay=\"500\">\n                                                                    <\/div>\n                                                    <\/div>\n                                            <\/div>\n                <\/div>\n            <\/div>\n        <\/div>\n    <\/div>","protected":false},"excerpt":{"rendered":"","protected":false},"author":1,"featured_media":0,"parent":0,"menu_order":0,"comment_status":"closed","ping_status":"closed","template":"","meta":{"_acf_changed":false,"om_disable_all_campaigns":false,"footnotes":""},"class_list":["post-37896","page","type-page","status-publish","hentry"],"acf":[],"yoast_head":"<!-- This site is optimized with the Yoast SEO Premium plugin v25.4 (Yoast SEO v27.2) - https:\/\/yoast.com\/product\/yoast-seo-premium-wordpress\/ -->\n<title>Politica de confiden\u021bialitate | Piscine Waterair<\/title>\n<meta name=\"robots\" content=\"index, follow, max-snippet:-1, max-image-preview:large, max-video-preview:-1\" \/>\n<link rel=\"canonical\" href=\"https:\/\/www.waterair.com\/ro\/politica-de-confidentialitate\" \/>\n<meta property=\"og:locale\" content=\"ro_RO\" \/>\n<meta property=\"og:type\" content=\"article\" \/>\n<meta property=\"og:title\" content=\"Politica de confiden\u021bialitate\" \/>\n<meta property=\"og:url\" content=\"https:\/\/www.waterair.com\/ro\/politica-de-confidentialitate\" \/>\n<meta property=\"og:site_name\" content=\"Piscine Waterair\" \/>\n<meta property=\"article:modified_time\" content=\"2021-11-11T10:25:29+00:00\" \/>\n<meta name=\"twitter:card\" content=\"summary_large_image\" \/>\n<script type=\"application\/ld+json\" class=\"yoast-schema-graph\">{\"@context\":\"https:\/\/schema.org\",\"@graph\":[{\"@type\":\"WebPage\",\"@id\":\"https:\/\/www.waterair.com\/ro\/politica-de-confidentialitate\",\"url\":\"https:\/\/www.waterair.com\/ro\/politica-de-confidentialitate\",\"name\":\"Politica de confiden\u021bialitate | Piscine Waterair\",\"isPartOf\":{\"@id\":\"https:\/\/www.waterair.com\/ro\/#website\"},\"datePublished\":\"2021-10-29T19:23:41+00:00\",\"dateModified\":\"2021-11-11T10:25:29+00:00\",\"breadcrumb\":{\"@id\":\"https:\/\/www.waterair.com\/ro\/politica-de-confidentialitate#breadcrumb\"},\"inLanguage\":\"ro-RO\",\"potentialAction\":[{\"@type\":\"ReadAction\",\"target\":[\"https:\/\/www.waterair.com\/ro\/politica-de-confidentialitate\"]}]},{\"@type\":\"BreadcrumbList\",\"@id\":\"https:\/\/www.waterair.com\/ro\/politica-de-confidentialitate#breadcrumb\",\"itemListElement\":[{\"@type\":\"ListItem\",\"position\":1,\"name\":\"Acas\u0103\",\"item\":\"https:\/\/www.waterair.com\/ro\"},{\"@type\":\"ListItem\",\"position\":2,\"name\":\"Politica de confiden\u021bialitate\"}]},{\"@type\":\"WebSite\",\"@id\":\"https:\/\/www.waterair.com\/ro\/#website\",\"url\":\"https:\/\/www.waterair.com\/ro\/\",\"name\":\"Piscine Waterair\",\"description\":\"\",\"potentialAction\":[{\"@type\":\"SearchAction\",\"target\":{\"@type\":\"EntryPoint\",\"urlTemplate\":\"https:\/\/www.waterair.com\/ro\/?s={search_term_string}\"},\"query-input\":{\"@type\":\"PropertyValueSpecification\",\"valueRequired\":true,\"valueName\":\"search_term_string\"}}],\"inLanguage\":\"ro-RO\"}]}<\/script>\n<!-- \/ Yoast SEO Premium plugin. -->","yoast_head_json":{"title":"Politica de confiden\u021bialitate | Piscine Waterair","robots":{"index":"index","follow":"follow","max-snippet":"max-snippet:-1","max-image-preview":"max-image-preview:large","max-video-preview":"max-video-preview:-1"},"canonical":"https:\/\/www.waterair.com\/ro\/politica-de-confidentialitate","og_locale":"ro_RO","og_type":"article","og_title":"Politica de confiden\u021bialitate","og_url":"https:\/\/www.waterair.com\/ro\/politica-de-confidentialitate","og_site_name":"Piscine Waterair","article_modified_time":"2021-11-11T10:25:29+00:00","twitter_card":"summary_large_image","schema":{"@context":"https:\/\/schema.org","@graph":[{"@type":"WebPage","@id":"https:\/\/www.waterair.com\/ro\/politica-de-confidentialitate","url":"https:\/\/www.waterair.com\/ro\/politica-de-confidentialitate","name":"Politica de confiden\u021bialitate | Piscine Waterair","isPartOf":{"@id":"https:\/\/www.waterair.com\/ro\/#website"},"datePublished":"2021-10-29T19:23:41+00:00","dateModified":"2021-11-11T10:25:29+00:00","breadcrumb":{"@id":"https:\/\/www.waterair.com\/ro\/politica-de-confidentialitate#breadcrumb"},"inLanguage":"ro-RO","potentialAction":[{"@type":"ReadAction","target":["https:\/\/www.waterair.com\/ro\/politica-de-confidentialitate"]}]},{"@type":"BreadcrumbList","@id":"https:\/\/www.waterair.com\/ro\/politica-de-confidentialitate#breadcrumb","itemListElement":[{"@type":"ListItem","position":1,"name":"Acas\u0103","item":"https:\/\/www.waterair.com\/ro"},{"@type":"ListItem","position":2,"name":"Politica de confiden\u021bialitate"}]},{"@type":"WebSite","@id":"https:\/\/www.waterair.com\/ro\/#website","url":"https:\/\/www.waterair.com\/ro\/","name":"Piscine Waterair","description":"","potentialAction":[{"@type":"SearchAction","target":{"@type":"EntryPoint","urlTemplate":"https:\/\/www.waterair.com\/ro\/?s={search_term_string}"},"query-input":{"@type":"PropertyValueSpecification","valueRequired":true,"valueName":"search_term_string"}}],"inLanguage":"ro-RO"}]}},"_links":{"self":[{"href":"https:\/\/www.waterair.com\/ro\/wp-json\/wp\/v2\/pages\/37896","targetHints":{"allow":["GET"]}}],"collection":[{"href":"https:\/\/www.waterair.com\/ro\/wp-json\/wp\/v2\/pages"}],"about":[{"href":"https:\/\/www.waterair.com\/ro\/wp-json\/wp\/v2\/types\/page"}],"author":[{"embeddable":true,"href":"https:\/\/www.waterair.com\/ro\/wp-json\/wp\/v2\/users\/1"}],"replies":[{"embeddable":true,"href":"https:\/\/www.waterair.com\/ro\/wp-json\/wp\/v2\/comments?post=37896"}],"version-history":[{"count":5,"href":"https:\/\/www.waterair.com\/ro\/wp-json\/wp\/v2\/pages\/37896\/revisions"}],"predecessor-version":[{"id":78909,"href":"https:\/\/www.waterair.com\/ro\/wp-json\/wp\/v2\/pages\/37896\/revisions\/78909"}],"wp:attachment":[{"href":"https:\/\/www.waterair.com\/ro\/wp-json\/wp\/v2\/media?parent=37896"}],"curies":[{"name":"wp","href":"https:\/\/api.w.org\/{rel}","templated":true}]}}