{"id":61467,"date":"2021-11-03T20:06:58","date_gmt":"2021-11-03T19:06:58","guid":{"rendered":"https:\/\/waterair-preprod2.adipso.fr\/29-2"},"modified":"2021-11-11T11:21:21","modified_gmt":"2021-11-11T10:21:21","slug":"29-2","status":"publish","type":"page","link":"https:\/\/www.waterair.com\/ro\/node\/29","title":{"rendered":"Studiu de implantare piscin\u0103"},"content":{"rendered":"","protected":false},"excerpt":{"rendered":"","protected":false},"author":1,"featured_media":61403,"parent":0,"menu_order":0,"comment_status":"closed","ping_status":"closed","template":"","meta":{"_acf_changed":false,"om_disable_all_campaigns":false,"footnotes":""},"class_list":["post-61467","page","type-page","status-publish","has-post-thumbnail","hentry"],"acf":[],"yoast_head":"<!-- This site is optimized with the Yoast SEO Premium plugin v25.4 (Yoast SEO v27.2) - https:\/\/yoast.com\/product\/yoast-seo-premium-wordpress\/ -->\n<title>Specialistul grupului Waterair realizeaz\u0103 pentru dumneavoastr\u0103 un studiu de implantare gratuit<\/title>\n<meta name=\"description\" content=\"Cere\u021bi, \u00eencep\u00e2nd de acum, studiul gratuit de implantare a piscinei, f\u0103r\u0103 angajament \u0219i personalizat, cu un consilier al grupului Piscinele Waterair.\" \/>\n<meta name=\"robots\" content=\"index, follow, max-snippet:-1, max-image-preview:large, max-video-preview:-1\" \/>\n<link rel=\"canonical\" href=\"https:\/\/www.waterair.com\/ro\/node\/29\" \/>\n<meta property=\"og:locale\" content=\"ro_RO\" \/>\n<meta property=\"og:type\" content=\"article\" \/>\n<meta property=\"og:title\" content=\"Studiu de implantare piscin\u0103\" \/>\n<meta property=\"og:description\" content=\"Cere\u021bi, \u00eencep\u00e2nd de acum, studiul gratuit de implantare a piscinei, f\u0103r\u0103 angajament \u0219i personalizat, cu un consilier al grupului Piscinele Waterair.\" \/>\n<meta property=\"og:url\" content=\"https:\/\/www.waterair.com\/ro\/node\/29\" \/>\n<meta property=\"og:site_name\" content=\"Piscine Waterair\" \/>\n<meta property=\"article:modified_time\" content=\"2021-11-11T10:21:21+00:00\" \/>\n<meta property=\"og:image\" content=\"https:\/\/www.waterair.com\/wp-content\/uploads\/2021\/11\/etude-implantation-piscine_0.jpg\" \/>\n\t<meta property=\"og:image:width\" content=\"1920\" \/>\n\t<meta property=\"og:image:height\" content=\"1080\" \/>\n\t<meta property=\"og:image:type\" content=\"image\/jpeg\" \/>\n<meta name=\"twitter:card\" content=\"summary_large_image\" \/>\n<script type=\"application\/ld+json\" class=\"yoast-schema-graph\">{\"@context\":\"https:\/\/schema.org\",\"@graph\":[{\"@type\":\"WebPage\",\"@id\":\"https:\/\/www.waterair.com\/ro\/node\/29\",\"url\":\"https:\/\/www.waterair.com\/ro\/node\/29\",\"name\":\"Specialistul grupului Waterair realizeaz\u0103 pentru dumneavoastr\u0103 un studiu de implantare gratuit\",\"isPartOf\":{\"@id\":\"https:\/\/www.waterair.com\/ro\/#website\"},\"primaryImageOfPage\":{\"@id\":\"https:\/\/www.waterair.com\/ro\/node\/29#primaryimage\"},\"image\":{\"@id\":\"https:\/\/www.waterair.com\/ro\/node\/29#primaryimage\"},\"thumbnailUrl\":\"https:\/\/www.waterair.com\/wp-content\/uploads\/2021\/11\/etude-implantation-piscine_0.jpg\",\"datePublished\":\"2021-11-03T19:06:58+00:00\",\"dateModified\":\"2021-11-11T10:21:21+00:00\",\"description\":\"Cere\u021bi, \u00eencep\u00e2nd de acum, studiul gratuit de implantare a piscinei, f\u0103r\u0103 angajament \u0219i personalizat, cu un consilier al grupului Piscinele Waterair.\",\"breadcrumb\":{\"@id\":\"https:\/\/www.waterair.com\/ro\/node\/29#breadcrumb\"},\"inLanguage\":\"ro-RO\",\"potentialAction\":[{\"@type\":\"ReadAction\",\"target\":[\"https:\/\/www.waterair.com\/ro\/node\/29\"]}]},{\"@type\":\"ImageObject\",\"inLanguage\":\"ro-RO\",\"@id\":\"https:\/\/www.waterair.com\/ro\/node\/29#primaryimage\",\"url\":\"https:\/\/www.waterair.com\/wp-content\/uploads\/2021\/11\/etude-implantation-piscine_0.jpg\",\"contentUrl\":\"https:\/\/www.waterair.com\/wp-content\/uploads\/2021\/11\/etude-implantation-piscine_0.jpg\",\"width\":1920,\"height\":1080},{\"@type\":\"BreadcrumbList\",\"@id\":\"https:\/\/www.waterair.com\/ro\/node\/29#breadcrumb\",\"itemListElement\":[{\"@type\":\"ListItem\",\"position\":1,\"name\":\"Acas\u0103\",\"item\":\"https:\/\/www.waterair.com\/ro\"},{\"@type\":\"ListItem\",\"position\":2,\"name\":\"Studiu de implantare piscin\u0103\"}]},{\"@type\":\"WebSite\",\"@id\":\"https:\/\/www.waterair.com\/ro\/#website\",\"url\":\"https:\/\/www.waterair.com\/ro\/\",\"name\":\"Piscine Waterair\",\"description\":\"\",\"potentialAction\":[{\"@type\":\"SearchAction\",\"target\":{\"@type\":\"EntryPoint\",\"urlTemplate\":\"https:\/\/www.waterair.com\/ro\/?s={search_term_string}\"},\"query-input\":{\"@type\":\"PropertyValueSpecification\",\"valueRequired\":true,\"valueName\":\"search_term_string\"}}],\"inLanguage\":\"ro-RO\"}]}<\/script>\n<!-- \/ Yoast SEO Premium plugin. -->","yoast_head_json":{"title":"Specialistul grupului Waterair realizeaz\u0103 pentru dumneavoastr\u0103 un studiu de implantare gratuit","description":"Cere\u021bi, \u00eencep\u00e2nd de acum, studiul gratuit de implantare a piscinei, f\u0103r\u0103 angajament \u0219i personalizat, cu un consilier al grupului Piscinele Waterair.","robots":{"index":"index","follow":"follow","max-snippet":"max-snippet:-1","max-image-preview":"max-image-preview:large","max-video-preview":"max-video-preview:-1"},"canonical":"https:\/\/www.waterair.com\/ro\/node\/29","og_locale":"ro_RO","og_type":"article","og_title":"Studiu de implantare piscin\u0103","og_description":"Cere\u021bi, \u00eencep\u00e2nd de acum, studiul gratuit de implantare a piscinei, f\u0103r\u0103 angajament \u0219i personalizat, cu un consilier al grupului Piscinele Waterair.","og_url":"https:\/\/www.waterair.com\/ro\/node\/29","og_site_name":"Piscine Waterair","article_modified_time":"2021-11-11T10:21:21+00:00","og_image":[{"width":1920,"height":1080,"url":"https:\/\/www.waterair.com\/wp-content\/uploads\/2021\/11\/etude-implantation-piscine_0.jpg","type":"image\/jpeg"}],"twitter_card":"summary_large_image","schema":{"@context":"https:\/\/schema.org","@graph":[{"@type":"WebPage","@id":"https:\/\/www.waterair.com\/ro\/node\/29","url":"https:\/\/www.waterair.com\/ro\/node\/29","name":"Specialistul grupului Waterair realizeaz\u0103 pentru dumneavoastr\u0103 un studiu de implantare gratuit","isPartOf":{"@id":"https:\/\/www.waterair.com\/ro\/#website"},"primaryImageOfPage":{"@id":"https:\/\/www.waterair.com\/ro\/node\/29#primaryimage"},"image":{"@id":"https:\/\/www.waterair.com\/ro\/node\/29#primaryimage"},"thumbnailUrl":"https:\/\/www.waterair.com\/wp-content\/uploads\/2021\/11\/etude-implantation-piscine_0.jpg","datePublished":"2021-11-03T19:06:58+00:00","dateModified":"2021-11-11T10:21:21+00:00","description":"Cere\u021bi, \u00eencep\u00e2nd de acum, studiul gratuit de implantare a piscinei, f\u0103r\u0103 angajament \u0219i personalizat, cu un consilier al grupului Piscinele Waterair.","breadcrumb":{"@id":"https:\/\/www.waterair.com\/ro\/node\/29#breadcrumb"},"inLanguage":"ro-RO","potentialAction":[{"@type":"ReadAction","target":["https:\/\/www.waterair.com\/ro\/node\/29"]}]},{"@type":"ImageObject","inLanguage":"ro-RO","@id":"https:\/\/www.waterair.com\/ro\/node\/29#primaryimage","url":"https:\/\/www.waterair.com\/wp-content\/uploads\/2021\/11\/etude-implantation-piscine_0.jpg","contentUrl":"https:\/\/www.waterair.com\/wp-content\/uploads\/2021\/11\/etude-implantation-piscine_0.jpg","width":1920,"height":1080},{"@type":"BreadcrumbList","@id":"https:\/\/www.waterair.com\/ro\/node\/29#breadcrumb","itemListElement":[{"@type":"ListItem","position":1,"name":"Acas\u0103","item":"https:\/\/www.waterair.com\/ro"},{"@type":"ListItem","position":2,"name":"Studiu de implantare piscin\u0103"}]},{"@type":"WebSite","@id":"https:\/\/www.waterair.com\/ro\/#website","url":"https:\/\/www.waterair.com\/ro\/","name":"Piscine Waterair","description":"","potentialAction":[{"@type":"SearchAction","target":{"@type":"EntryPoint","urlTemplate":"https:\/\/www.waterair.com\/ro\/?s={search_term_string}"},"query-input":{"@type":"PropertyValueSpecification","valueRequired":true,"valueName":"search_term_string"}}],"inLanguage":"ro-RO"}]}},"_links":{"self":[{"href":"https:\/\/www.waterair.com\/ro\/wp-json\/wp\/v2\/pages\/61467","targetHints":{"allow":["GET"]}}],"collection":[{"href":"https:\/\/www.waterair.com\/ro\/wp-json\/wp\/v2\/pages"}],"about":[{"href":"https:\/\/www.waterair.com\/ro\/wp-json\/wp\/v2\/types\/page"}],"author":[{"embeddable":true,"href":"https:\/\/www.waterair.com\/ro\/wp-json\/wp\/v2\/users\/1"}],"replies":[{"embeddable":true,"href":"https:\/\/www.waterair.com\/ro\/wp-json\/wp\/v2\/comments?post=61467"}],"version-history":[{"count":1,"href":"https:\/\/www.waterair.com\/ro\/wp-json\/wp\/v2\/pages\/61467\/revisions"}],"predecessor-version":[{"id":61468,"href":"https:\/\/www.waterair.com\/ro\/wp-json\/wp\/v2\/pages\/61467\/revisions\/61468"}],"wp:featuredmedia":[{"embeddable":true,"href":"https:\/\/www.waterair.com\/ro\/wp-json\/wp\/v2\/media\/61403"}],"wp:attachment":[{"href":"https:\/\/www.waterair.com\/ro\/wp-json\/wp\/v2\/media?parent=61467"}],"curies":[{"name":"wp","href":"https:\/\/api.w.org\/{rel}","templated":true}]}}