{"id":91104,"date":"2021-11-25T14:45:45","date_gmt":"2021-11-25T13:45:45","guid":{"rendered":"https:\/\/waterair-nvme.adipso.fr\/?page_id=91104"},"modified":"2026-01-27T10:13:30","modified_gmt":"2026-01-27T09:13:30","slug":"piscine-si-echipamente","status":"publish","type":"page","link":"https:\/\/www.waterair.com\/ro\/piscine-si-echipamente","title":{"rendered":"PISCINE \u0218I ECHIPAMENTE"},"content":{"rendered":"<div class=\"container block--core-heading\"><div class=\"row\"><div class=\"col-12 \">\n<h2 class=\"wp-block-heading\">Transforma\u021bi-v\u0103 piscina visurilor \u00een realitate!&nbsp;<\/h2>\n<\/div><\/div><\/div>\n\n<div class=\"container block--core-paragraph\"><div class=\"row\"><div class=\"col-12 \">\n<p>L\u0103sa\u021bi-v\u0103 ghida\u021bi de dorin\u021be \u0219i alege\u021bi&nbsp;<a href=\"https:\/\/www.waterair.com\/ro\/piscine-si-echipamente\/piscine\">forma<\/a>&nbsp;\u0219i&nbsp;<a href=\"https:\/\/www.waterair.com\/ro\/piscine-si-echipamente\/echipamente\">echipamentele<\/a>&nbsp;potrivite pentru dimensiunea terenului dumneavoastr\u0103 \u0219i pentru modul \u00een care ve\u021bi dori s\u0103 utiliza\u021bi piscina. Datorit\u0103 programului nostru de realitate augmentat\u0103, ve\u021bi putea vizualiza piscina chiar \u00een gr\u0103dina dumneavoastr\u0103. Pentru aceasta, trebuie doar s\u0103 fixa\u021bi o \u00eent\u00e2lnire cu noi! Acest studiu este personalizat \u0219i gratuit \u0219i v\u0103 va permite s\u0103 v\u0103 \u00eent\u00e2lni\u021bi cu un consilier care va transforma piscina visurilor dumneavoastr\u0103 \u00een realitate, \u00eenso\u021bindu-v\u0103 pe tot parcursul realiz\u0103rii proiectului.<\/p>\n<\/div><\/div><\/div>","protected":false},"excerpt":{"rendered":"<p>Transforma\u021bi-v\u0103 piscina visurilor \u00een realitate!&nbsp; L\u0103sa\u021bi-v\u0103 ghida\u021bi de dorin\u021be \u0219i alege\u021bi&nbsp;forma&nbsp;\u0219i&nbsp;echipamentele&nbsp;potrivite pentru dimensiunea terenului dumneavoastr\u0103 \u0219i pentru modul \u00een care ve\u021bi dori s\u0103 utiliza\u021bi piscina. Datorit\u0103 programului nostru de realitate augmentat\u0103, ve\u021bi putea vizualiza piscina chiar \u00een gr\u0103dina dumneavoastr\u0103. Pentru aceasta, trebuie doar s\u0103 fixa\u021bi o \u00eent\u00e2lnire cu noi! Acest studiu este personalizat \u0219i gratuit [&hellip;]<\/p>\n","protected":false},"author":11,"featured_media":0,"parent":0,"menu_order":0,"comment_status":"closed","ping_status":"closed","template":"archive-pool.php","meta":{"_acf_changed":false,"om_disable_all_campaigns":false,"footnotes":""},"class_list":["post-91104","page","type-page","status-publish","hentry"],"acf":[],"yoast_head":"<!-- This site is optimized with the Yoast SEO Premium plugin v25.4 (Yoast SEO v27.2) - https:\/\/yoast.com\/product\/yoast-seo-premium-wordpress\/ -->\n<title>PISCINE \u0218I ECHIPAMENTE | Piscine Waterair<\/title>\n<meta name=\"description\" content=\"Dori\u021bi o piscin\u0103 care vi se potrive\u0219te? Acum este posibil... Piscine Waterair, specialistul \u00een piscine la kit, v\u0103 propune peste 90 de modele \u0219i 200.000 de variante adaptabile la toate tipurile de teren, pentru a v\u0103 transforma gr\u0103dina \u00eentr-un spa\u021biu unic \u0219i personalizat.\" \/>\n<meta name=\"robots\" content=\"index, follow, max-snippet:-1, max-image-preview:large, max-video-preview:-1\" \/>\n<link rel=\"canonical\" href=\"https:\/\/www.waterair.com\/ro\/piscine-si-echipamente\" \/>\n<meta property=\"og:locale\" content=\"ro_RO\" \/>\n<meta property=\"og:type\" content=\"article\" \/>\n<meta property=\"og:title\" content=\"PISCINE \u0218I ECHIPAMENTE\" \/>\n<meta property=\"og:description\" content=\"Dori\u021bi o piscin\u0103 care vi se potrive\u0219te? Acum este posibil... Piscine Waterair, specialistul \u00een piscine la kit, v\u0103 propune peste 90 de modele \u0219i 200.000 de variante adaptabile la toate tipurile de teren, pentru a v\u0103 transforma gr\u0103dina \u00eentr-un spa\u021biu unic \u0219i personalizat.\" \/>\n<meta property=\"og:url\" content=\"https:\/\/www.waterair.com\/ro\/piscine-si-echipamente\" \/>\n<meta property=\"og:site_name\" content=\"Piscine Waterair\" \/>\n<meta property=\"article:modified_time\" content=\"2026-01-27T09:13:30+00:00\" \/>\n<meta name=\"twitter:card\" content=\"summary_large_image\" \/>\n<meta name=\"twitter:label1\" content=\"Timp estimat pentru citire\" \/>\n\t<meta name=\"twitter:data1\" content=\"2 minute\" \/>\n<script type=\"application\/ld+json\" class=\"yoast-schema-graph\">{\"@context\":\"https:\/\/schema.org\",\"@graph\":[{\"@type\":\"WebPage\",\"@id\":\"https:\/\/www.waterair.com\/ro\/piscine-si-echipamente\",\"url\":\"https:\/\/www.waterair.com\/ro\/piscine-si-echipamente\",\"name\":\"PISCINE \u0218I ECHIPAMENTE | Piscine Waterair\",\"isPartOf\":{\"@id\":\"https:\/\/www.waterair.com\/ro\/#website\"},\"datePublished\":\"2021-11-25T13:45:45+00:00\",\"dateModified\":\"2026-01-27T09:13:30+00:00\",\"description\":\"Dori\u021bi o piscin\u0103 care vi se potrive\u0219te? Acum este posibil... Piscine Waterair, specialistul \u00een piscine la kit, v\u0103 propune peste 90 de modele \u0219i 200.000 de variante adaptabile la toate tipurile de teren, pentru a v\u0103 transforma gr\u0103dina \u00eentr-un spa\u021biu unic \u0219i personalizat.\",\"breadcrumb\":{\"@id\":\"https:\/\/www.waterair.com\/ro\/piscine-si-echipamente#breadcrumb\"},\"inLanguage\":\"ro-RO\",\"potentialAction\":[{\"@type\":\"ReadAction\",\"target\":[\"https:\/\/www.waterair.com\/ro\/piscine-si-echipamente\"]}]},{\"@type\":\"BreadcrumbList\",\"@id\":\"https:\/\/www.waterair.com\/ro\/piscine-si-echipamente#breadcrumb\",\"itemListElement\":[{\"@type\":\"ListItem\",\"position\":1,\"name\":\"Acas\u0103\",\"item\":\"https:\/\/www.waterair.com\/ro\"},{\"@type\":\"ListItem\",\"position\":2,\"name\":\"PISCINE \u0218I ECHIPAMENTE\"}]},{\"@type\":\"WebSite\",\"@id\":\"https:\/\/www.waterair.com\/ro\/#website\",\"url\":\"https:\/\/www.waterair.com\/ro\/\",\"name\":\"Piscine Waterair\",\"description\":\"\",\"potentialAction\":[{\"@type\":\"SearchAction\",\"target\":{\"@type\":\"EntryPoint\",\"urlTemplate\":\"https:\/\/www.waterair.com\/ro\/?s={search_term_string}\"},\"query-input\":{\"@type\":\"PropertyValueSpecification\",\"valueRequired\":true,\"valueName\":\"search_term_string\"}}],\"inLanguage\":\"ro-RO\"}]}<\/script>\n<!-- \/ Yoast SEO Premium plugin. -->","yoast_head_json":{"title":"PISCINE \u0218I ECHIPAMENTE | Piscine Waterair","description":"Dori\u021bi o piscin\u0103 care vi se potrive\u0219te? Acum este posibil... Piscine Waterair, specialistul \u00een piscine la kit, v\u0103 propune peste 90 de modele \u0219i 200.000 de variante adaptabile la toate tipurile de teren, pentru a v\u0103 transforma gr\u0103dina \u00eentr-un spa\u021biu unic \u0219i personalizat.","robots":{"index":"index","follow":"follow","max-snippet":"max-snippet:-1","max-image-preview":"max-image-preview:large","max-video-preview":"max-video-preview:-1"},"canonical":"https:\/\/www.waterair.com\/ro\/piscine-si-echipamente","og_locale":"ro_RO","og_type":"article","og_title":"PISCINE \u0218I ECHIPAMENTE","og_description":"Dori\u021bi o piscin\u0103 care vi se potrive\u0219te? Acum este posibil... Piscine Waterair, specialistul \u00een piscine la kit, v\u0103 propune peste 90 de modele \u0219i 200.000 de variante adaptabile la toate tipurile de teren, pentru a v\u0103 transforma gr\u0103dina \u00eentr-un spa\u021biu unic \u0219i personalizat.","og_url":"https:\/\/www.waterair.com\/ro\/piscine-si-echipamente","og_site_name":"Piscine Waterair","article_modified_time":"2026-01-27T09:13:30+00:00","twitter_card":"summary_large_image","twitter_misc":{"Timp estimat pentru citire":"2 minute"},"schema":{"@context":"https:\/\/schema.org","@graph":[{"@type":"WebPage","@id":"https:\/\/www.waterair.com\/ro\/piscine-si-echipamente","url":"https:\/\/www.waterair.com\/ro\/piscine-si-echipamente","name":"PISCINE \u0218I ECHIPAMENTE | Piscine Waterair","isPartOf":{"@id":"https:\/\/www.waterair.com\/ro\/#website"},"datePublished":"2021-11-25T13:45:45+00:00","dateModified":"2026-01-27T09:13:30+00:00","description":"Dori\u021bi o piscin\u0103 care vi se potrive\u0219te? Acum este posibil... Piscine Waterair, specialistul \u00een piscine la kit, v\u0103 propune peste 90 de modele \u0219i 200.000 de variante adaptabile la toate tipurile de teren, pentru a v\u0103 transforma gr\u0103dina \u00eentr-un spa\u021biu unic \u0219i personalizat.","breadcrumb":{"@id":"https:\/\/www.waterair.com\/ro\/piscine-si-echipamente#breadcrumb"},"inLanguage":"ro-RO","potentialAction":[{"@type":"ReadAction","target":["https:\/\/www.waterair.com\/ro\/piscine-si-echipamente"]}]},{"@type":"BreadcrumbList","@id":"https:\/\/www.waterair.com\/ro\/piscine-si-echipamente#breadcrumb","itemListElement":[{"@type":"ListItem","position":1,"name":"Acas\u0103","item":"https:\/\/www.waterair.com\/ro"},{"@type":"ListItem","position":2,"name":"PISCINE \u0218I ECHIPAMENTE"}]},{"@type":"WebSite","@id":"https:\/\/www.waterair.com\/ro\/#website","url":"https:\/\/www.waterair.com\/ro\/","name":"Piscine Waterair","description":"","potentialAction":[{"@type":"SearchAction","target":{"@type":"EntryPoint","urlTemplate":"https:\/\/www.waterair.com\/ro\/?s={search_term_string}"},"query-input":{"@type":"PropertyValueSpecification","valueRequired":true,"valueName":"search_term_string"}}],"inLanguage":"ro-RO"}]}},"_links":{"self":[{"href":"https:\/\/www.waterair.com\/ro\/wp-json\/wp\/v2\/pages\/91104","targetHints":{"allow":["GET"]}}],"collection":[{"href":"https:\/\/www.waterair.com\/ro\/wp-json\/wp\/v2\/pages"}],"about":[{"href":"https:\/\/www.waterair.com\/ro\/wp-json\/wp\/v2\/types\/page"}],"author":[{"embeddable":true,"href":"https:\/\/www.waterair.com\/ro\/wp-json\/wp\/v2\/users\/11"}],"replies":[{"embeddable":true,"href":"https:\/\/www.waterair.com\/ro\/wp-json\/wp\/v2\/comments?post=91104"}],"version-history":[{"count":5,"href":"https:\/\/www.waterair.com\/ro\/wp-json\/wp\/v2\/pages\/91104\/revisions"}],"predecessor-version":[{"id":585343,"href":"https:\/\/www.waterair.com\/ro\/wp-json\/wp\/v2\/pages\/91104\/revisions\/585343"}],"wp:attachment":[{"href":"https:\/\/www.waterair.com\/ro\/wp-json\/wp\/v2\/media?parent=91104"}],"curies":[{"name":"wp","href":"https:\/\/api.w.org\/{rel}","templated":true}]}}