{"id":96519,"date":"2021-11-29T10:34:53","date_gmt":"2021-11-29T09:34:53","guid":{"rendered":"https:\/\/waterair-nvme.adipso.fr\/?page_id=96519"},"modified":"2026-01-29T09:51:00","modified_gmt":"2026-01-29T08:51:00","slug":"va-multumim-oferta-de-pret","status":"publish","type":"page","link":"https:\/\/www.waterair.com\/ro\/va-multumim-oferta-de-pret","title":{"rendered":"V\u0103 mul\u021bumim!"},"content":{"rendered":"<div  class=\"block-content-media  content-block   has-no-title\">\n            <div class=\"container\">\n            <div class=\"row\">\n                <div class=\"col\">\n                    <div class=\"row flex-column flex-md-row align-items-center\">\n                        <div class=\"content-block__col col-lg-6 col-xl-7 d-flex flex-column align-items-md-start order-lg-2\">\n                                                                                        <h3 data-wa=\"fade-up\" data-wa-delay=\"200\" class=\"content-block__subtitle text--lg mt-6 mb-3\">Tocmai a\u021bi depus o cerere de deviz \u0219i v\u0103 mul\u021bumim pentru aceasta.<\/h3>\n                                                                                                                    <div data-wa=\"fade-up\" data-wa-delay=\"400\" class=\"content-block__description text--sm text-weight--300 mb-0\">\n                                    <p>V\u0103 vom contacta \u00een scurt timp pentru a v\u0103 propune un deviz personalizat.<\/p>\n<p>Consulta\u021bi catalogul nostru \u00een versiune digital\u0103 aici:<\/p>\n                                <\/div>\n                                                                                        <div data-wa=\"fade-up\" data-wa-delay=\"500\">\n                                    <a\tdata-wa=\"button\" data-wa-wave=\"primary\"\n\tclass=\"btn btn--primary mt-3\"\n\t\t\thref=\"https:\/\/catalog.waterair.com\/view\/1025897463\/\"\n\t\ttarget=\"_blank\">\n\t\tConsulta\u021bi catalogul \u00een versiune digital\u0103    <\/a>\n                                <\/div>\n                                                    <\/div>\n                                                                                <div class=\"content-block__col content-block__col--media col-lg-6 col-xl-5 order-lg-1  \">\n                                <div class=\"content-block__media is-left  is-not-absolute\">\n                                    \n                                                                            <span data-wa=\"image\">\n                                                                                            <img loading=\"lazy\" decoding=\"async\" width=\"880\" height=\"623\" src=\"https:\/\/www.waterair.com\/wp-content\/uploads\/2026\/01\/mockup-catalogue-piscine-2026-ro-880x623.webp\" class=\"attachment-content_media_2x size-content_media_2x\" alt=\"\" srcset=\"https:\/\/www.waterair.com\/wp-content\/uploads\/2026\/01\/mockup-catalogue-piscine-2026-ro-880x623.webp 880w, https:\/\/www.waterair.com\/wp-content\/uploads\/2026\/01\/mockup-catalogue-piscine-2026-ro-1440x1020.webp 1440w, https:\/\/www.waterair.com\/wp-content\/uploads\/2026\/01\/mockup-catalogue-piscine-2026-ro-2034x1440.webp 2034w, https:\/\/www.waterair.com\/wp-content\/uploads\/2026\/01\/mockup-catalogue-piscine-2026-ro-768x544.webp 768w, https:\/\/www.waterair.com\/wp-content\/uploads\/2026\/01\/mockup-catalogue-piscine-2026-ro-1536x1088.webp 1536w, https:\/\/www.waterair.com\/wp-content\/uploads\/2026\/01\/mockup-catalogue-piscine-2026-ro-2048x1450.webp 2048w, https:\/\/www.waterair.com\/wp-content\/uploads\/2026\/01\/mockup-catalogue-piscine-2026-ro-440x312.webp 440w, https:\/\/www.waterair.com\/wp-content\/uploads\/2026\/01\/mockup-catalogue-piscine-2026-ro-1840x1303.webp 1840w, https:\/\/www.waterair.com\/wp-content\/uploads\/2026\/01\/mockup-catalogue-piscine-2026-ro-920x651.webp 920w\" sizes=\"auto, (max-width: 880px) 100vw, 880px\" \/>                                                                                    <\/span>\n                                                                        \n                                <\/div>\n                            <\/div>\n                                            <\/div>\n                <\/div>\n            <\/div>\n        <\/div>\n    <\/div>","protected":false},"excerpt":{"rendered":"","protected":false},"author":8,"featured_media":92497,"parent":0,"menu_order":0,"comment_status":"closed","ping_status":"closed","template":"merci.php","meta":{"_acf_changed":false,"om_disable_all_campaigns":false,"footnotes":""},"class_list":["post-96519","page","type-page","status-publish","has-post-thumbnail","hentry"],"acf":[],"yoast_head":"<!-- This site is optimized with the Yoast SEO Premium plugin v25.4 (Yoast SEO v27.2) - https:\/\/yoast.com\/product\/yoast-seo-premium-wordpress\/ -->\n<title>V\u0103 mul\u021bumim! | Piscine Waterair<\/title>\n<meta name=\"robots\" content=\"noindex, nofollow\" \/>\n<meta property=\"og:locale\" content=\"ro_RO\" \/>\n<meta property=\"og:type\" content=\"article\" \/>\n<meta property=\"og:title\" content=\"V\u0103 mul\u021bumim!\" \/>\n<meta property=\"og:url\" content=\"https:\/\/www.waterair.com\/ro\/va-multumim-oferta-de-pret\" \/>\n<meta property=\"og:site_name\" content=\"Piscine Waterair\" \/>\n<meta property=\"article:modified_time\" content=\"2026-01-29T08:51:00+00:00\" \/>\n<meta property=\"og:image\" content=\"https:\/\/www.waterair.com\/wp-content\/uploads\/2021\/11\/ei-1.jpg\" \/>\n\t<meta property=\"og:image:width\" content=\"1920\" \/>\n\t<meta property=\"og:image:height\" content=\"400\" \/>\n\t<meta property=\"og:image:type\" content=\"image\/jpeg\" \/>\n<meta name=\"twitter:card\" content=\"summary_large_image\" \/>\n<meta name=\"twitter:label1\" content=\"Timp estimat pentru citire\" \/>\n\t<meta name=\"twitter:data1\" content=\"1 minut\" \/>\n<script type=\"application\/ld+json\" class=\"yoast-schema-graph\">{\"@context\":\"https:\/\/schema.org\",\"@graph\":[{\"@type\":\"WebPage\",\"@id\":\"https:\/\/www.waterair.com\/ro\/va-multumim-oferta-de-pret\",\"url\":\"https:\/\/www.waterair.com\/ro\/va-multumim-oferta-de-pret\",\"name\":\"V\u0103 mul\u021bumim! | Piscine Waterair\",\"isPartOf\":{\"@id\":\"https:\/\/www.waterair.com\/ro\/#website\"},\"primaryImageOfPage\":{\"@id\":\"https:\/\/www.waterair.com\/ro\/va-multumim-oferta-de-pret#primaryimage\"},\"image\":{\"@id\":\"https:\/\/www.waterair.com\/ro\/va-multumim-oferta-de-pret#primaryimage\"},\"thumbnailUrl\":\"https:\/\/www.waterair.com\/wp-content\/uploads\/2021\/11\/ei-1.jpg\",\"datePublished\":\"2021-11-29T09:34:53+00:00\",\"dateModified\":\"2026-01-29T08:51:00+00:00\",\"breadcrumb\":{\"@id\":\"https:\/\/www.waterair.com\/ro\/va-multumim-oferta-de-pret#breadcrumb\"},\"inLanguage\":\"ro-RO\",\"potentialAction\":[{\"@type\":\"ReadAction\",\"target\":[\"https:\/\/www.waterair.com\/ro\/va-multumim-oferta-de-pret\"]}]},{\"@type\":\"ImageObject\",\"inLanguage\":\"ro-RO\",\"@id\":\"https:\/\/www.waterair.com\/ro\/va-multumim-oferta-de-pret#primaryimage\",\"url\":\"https:\/\/www.waterair.com\/wp-content\/uploads\/2021\/11\/ei-1.jpg\",\"contentUrl\":\"https:\/\/www.waterair.com\/wp-content\/uploads\/2021\/11\/ei-1.jpg\",\"width\":1920,\"height\":400},{\"@type\":\"BreadcrumbList\",\"@id\":\"https:\/\/www.waterair.com\/ro\/va-multumim-oferta-de-pret#breadcrumb\",\"itemListElement\":[{\"@type\":\"ListItem\",\"position\":1,\"name\":\"Acas\u0103\",\"item\":\"https:\/\/www.waterair.com\/ro\"},{\"@type\":\"ListItem\",\"position\":2,\"name\":\"V\u0103 mul\u021bumim!\"}]},{\"@type\":\"WebSite\",\"@id\":\"https:\/\/www.waterair.com\/ro\/#website\",\"url\":\"https:\/\/www.waterair.com\/ro\/\",\"name\":\"Piscine Waterair\",\"description\":\"\",\"potentialAction\":[{\"@type\":\"SearchAction\",\"target\":{\"@type\":\"EntryPoint\",\"urlTemplate\":\"https:\/\/www.waterair.com\/ro\/?s={search_term_string}\"},\"query-input\":{\"@type\":\"PropertyValueSpecification\",\"valueRequired\":true,\"valueName\":\"search_term_string\"}}],\"inLanguage\":\"ro-RO\"}]}<\/script>\n<!-- \/ Yoast SEO Premium plugin. -->","yoast_head_json":{"title":"V\u0103 mul\u021bumim! | Piscine Waterair","robots":{"index":"noindex","follow":"nofollow"},"og_locale":"ro_RO","og_type":"article","og_title":"V\u0103 mul\u021bumim!","og_url":"https:\/\/www.waterair.com\/ro\/va-multumim-oferta-de-pret","og_site_name":"Piscine Waterair","article_modified_time":"2026-01-29T08:51:00+00:00","og_image":[{"width":1920,"height":400,"url":"https:\/\/www.waterair.com\/wp-content\/uploads\/2021\/11\/ei-1.jpg","type":"image\/jpeg"}],"twitter_card":"summary_large_image","twitter_misc":{"Timp estimat pentru citire":"1 minut"},"schema":{"@context":"https:\/\/schema.org","@graph":[{"@type":"WebPage","@id":"https:\/\/www.waterair.com\/ro\/va-multumim-oferta-de-pret","url":"https:\/\/www.waterair.com\/ro\/va-multumim-oferta-de-pret","name":"V\u0103 mul\u021bumim! | Piscine Waterair","isPartOf":{"@id":"https:\/\/www.waterair.com\/ro\/#website"},"primaryImageOfPage":{"@id":"https:\/\/www.waterair.com\/ro\/va-multumim-oferta-de-pret#primaryimage"},"image":{"@id":"https:\/\/www.waterair.com\/ro\/va-multumim-oferta-de-pret#primaryimage"},"thumbnailUrl":"https:\/\/www.waterair.com\/wp-content\/uploads\/2021\/11\/ei-1.jpg","datePublished":"2021-11-29T09:34:53+00:00","dateModified":"2026-01-29T08:51:00+00:00","breadcrumb":{"@id":"https:\/\/www.waterair.com\/ro\/va-multumim-oferta-de-pret#breadcrumb"},"inLanguage":"ro-RO","potentialAction":[{"@type":"ReadAction","target":["https:\/\/www.waterair.com\/ro\/va-multumim-oferta-de-pret"]}]},{"@type":"ImageObject","inLanguage":"ro-RO","@id":"https:\/\/www.waterair.com\/ro\/va-multumim-oferta-de-pret#primaryimage","url":"https:\/\/www.waterair.com\/wp-content\/uploads\/2021\/11\/ei-1.jpg","contentUrl":"https:\/\/www.waterair.com\/wp-content\/uploads\/2021\/11\/ei-1.jpg","width":1920,"height":400},{"@type":"BreadcrumbList","@id":"https:\/\/www.waterair.com\/ro\/va-multumim-oferta-de-pret#breadcrumb","itemListElement":[{"@type":"ListItem","position":1,"name":"Acas\u0103","item":"https:\/\/www.waterair.com\/ro"},{"@type":"ListItem","position":2,"name":"V\u0103 mul\u021bumim!"}]},{"@type":"WebSite","@id":"https:\/\/www.waterair.com\/ro\/#website","url":"https:\/\/www.waterair.com\/ro\/","name":"Piscine Waterair","description":"","potentialAction":[{"@type":"SearchAction","target":{"@type":"EntryPoint","urlTemplate":"https:\/\/www.waterair.com\/ro\/?s={search_term_string}"},"query-input":{"@type":"PropertyValueSpecification","valueRequired":true,"valueName":"search_term_string"}}],"inLanguage":"ro-RO"}]}},"_links":{"self":[{"href":"https:\/\/www.waterair.com\/ro\/wp-json\/wp\/v2\/pages\/96519","targetHints":{"allow":["GET"]}}],"collection":[{"href":"https:\/\/www.waterair.com\/ro\/wp-json\/wp\/v2\/pages"}],"about":[{"href":"https:\/\/www.waterair.com\/ro\/wp-json\/wp\/v2\/types\/page"}],"author":[{"embeddable":true,"href":"https:\/\/www.waterair.com\/ro\/wp-json\/wp\/v2\/users\/8"}],"replies":[{"embeddable":true,"href":"https:\/\/www.waterair.com\/ro\/wp-json\/wp\/v2\/comments?post=96519"}],"version-history":[{"count":5,"href":"https:\/\/www.waterair.com\/ro\/wp-json\/wp\/v2\/pages\/96519\/revisions"}],"predecessor-version":[{"id":586801,"href":"https:\/\/www.waterair.com\/ro\/wp-json\/wp\/v2\/pages\/96519\/revisions\/586801"}],"wp:featuredmedia":[{"embeddable":true,"href":"https:\/\/www.waterair.com\/ro\/wp-json\/wp\/v2\/media\/92497"}],"wp:attachment":[{"href":"https:\/\/www.waterair.com\/ro\/wp-json\/wp\/v2\/media?parent=96519"}],"curies":[{"name":"wp","href":"https:\/\/api.w.org\/{rel}","templated":true}]}}