{"id":96745,"date":"2021-11-29T13:36:18","date_gmt":"2021-11-29T12:36:18","guid":{"rendered":"https:\/\/waterair-nvme.adipso.fr\/?page_id=96745"},"modified":"2021-11-30T09:29:55","modified_gmt":"2021-11-30T08:29:55","slug":"multumim","status":"publish","type":"page","link":"https:\/\/www.waterair.com\/ro\/multumim","title":{"rendered":"MUL\u021aUMIM,"},"content":{"rendered":"<div class=\"container block--core-paragraph\"><div class=\"row\"><div class=\"col-12 \">\n<p>Mul\u021bumim<\/p>\n<\/div><\/div><\/div>\n\n<div class=\"container block--core-paragraph\"><div class=\"row\"><div class=\"col-12 \">\n<p>Am luat not\u0103 de mesajul dvs. \u0219i vom reveni c\u00e2t mai cur\u00e2nd posibil.<br>Pentru a g\u0103si partenerul nostru local \u00een \u021bara dvs.,&nbsp;<a href=\"https:\/\/www.waterair.com\/ro\/grupul\/partener-de-proximitate\">merge\u021bi aici<\/a>.<br>Dac\u0103 dori\u021bi s\u0103 deveni\u021bi partener &nbsp;pentru Piscine Waterair \u0219i s\u0103 oferi\u021bi piscinele noastre \u00een \u021bara dvs.,&nbsp;<a href=\"https:\/\/waterair.pro\/en\/\">anun\u021ba\u021bi-ne aici<\/a>&nbsp;(\u00een englez\u0103).<\/p>\n<\/div><\/div><\/div>\n\n<div class=\"container block--core-paragraph\"><div class=\"row\"><div class=\"col-12 \">\n<p>Pe foarte cur\u00e2nd,<\/p>\n<\/div><\/div><\/div>\n\n<div class=\"container block--core-paragraph\"><div class=\"row\"><div class=\"col-12 \">\n<p>Piscine Waterair<\/p>\n<\/div><\/div><\/div>","protected":false},"excerpt":{"rendered":"<p>Mul\u021bumim Am luat not\u0103 de mesajul dvs. \u0219i vom reveni c\u00e2t mai cur\u00e2nd posibil.Pentru a g\u0103si partenerul nostru local \u00een \u021bara dvs.,&nbsp;merge\u021bi aici.Dac\u0103 dori\u021bi s\u0103 deveni\u021bi partener &nbsp;pentru Piscine Waterair \u0219i s\u0103 oferi\u021bi piscinele noastre \u00een \u021bara dvs.,&nbsp;anun\u021ba\u021bi-ne aici&nbsp;(\u00een englez\u0103). Pe foarte cur\u00e2nd, Piscine Waterair<\/p>\n","protected":false},"author":8,"featured_media":92497,"parent":0,"menu_order":0,"comment_status":"closed","ping_status":"closed","template":"merci.php","meta":{"_acf_changed":false,"om_disable_all_campaigns":false,"footnotes":""},"class_list":["post-96745","page","type-page","status-publish","has-post-thumbnail","hentry"],"acf":[],"yoast_head":"<!-- This site is optimized with the Yoast SEO Premium plugin v25.4 (Yoast SEO v27.2) - https:\/\/yoast.com\/product\/yoast-seo-premium-wordpress\/ -->\n<title>MUL\u021aUMIM, | Piscine Waterair<\/title>\n<meta name=\"robots\" content=\"noindex, nofollow\" \/>\n<meta property=\"og:locale\" content=\"ro_RO\" \/>\n<meta property=\"og:type\" content=\"article\" \/>\n<meta property=\"og:title\" content=\"MUL\u021aUMIM,\" \/>\n<meta property=\"og:description\" content=\"Mul\u021bumim Am luat not\u0103 de mesajul dvs. \u0219i vom reveni c\u00e2t mai cur\u00e2nd posibil.Pentru a g\u0103si partenerul nostru local \u00een \u021bara dvs.,&nbsp;merge\u021bi aici.Dac\u0103 dori\u021bi s\u0103 deveni\u021bi partener &nbsp;pentru Piscine Waterair \u0219i s\u0103 oferi\u021bi piscinele noastre \u00een \u021bara dvs.,&nbsp;anun\u021ba\u021bi-ne aici&nbsp;(\u00een englez\u0103). Pe foarte cur\u00e2nd, Piscine Waterair\" \/>\n<meta property=\"og:url\" content=\"https:\/\/www.waterair.com\/ro\/multumim\" \/>\n<meta property=\"og:site_name\" content=\"Piscine Waterair\" \/>\n<meta property=\"article:modified_time\" content=\"2021-11-30T08:29:55+00:00\" \/>\n<meta property=\"og:image\" content=\"https:\/\/www.waterair.com\/wp-content\/uploads\/2021\/11\/ei-1.jpg\" \/>\n\t<meta property=\"og:image:width\" content=\"1920\" \/>\n\t<meta property=\"og:image:height\" content=\"400\" \/>\n\t<meta property=\"og:image:type\" content=\"image\/jpeg\" \/>\n<meta name=\"twitter:card\" content=\"summary_large_image\" \/>\n<meta name=\"twitter:label1\" content=\"Timp estimat pentru citire\" \/>\n\t<meta name=\"twitter:data1\" content=\"1 minut\" \/>\n<script type=\"application\/ld+json\" class=\"yoast-schema-graph\">{\"@context\":\"https:\/\/schema.org\",\"@graph\":[{\"@type\":\"WebPage\",\"@id\":\"https:\/\/www.waterair.com\/ro\/multumim\",\"url\":\"https:\/\/www.waterair.com\/ro\/multumim\",\"name\":\"MUL\u021aUMIM, | Piscine Waterair\",\"isPartOf\":{\"@id\":\"https:\/\/www.waterair.com\/ro\/#website\"},\"primaryImageOfPage\":{\"@id\":\"https:\/\/www.waterair.com\/ro\/multumim#primaryimage\"},\"image\":{\"@id\":\"https:\/\/www.waterair.com\/ro\/multumim#primaryimage\"},\"thumbnailUrl\":\"https:\/\/www.waterair.com\/wp-content\/uploads\/2021\/11\/ei-1.jpg\",\"datePublished\":\"2021-11-29T12:36:18+00:00\",\"dateModified\":\"2021-11-30T08:29:55+00:00\",\"breadcrumb\":{\"@id\":\"https:\/\/www.waterair.com\/ro\/multumim#breadcrumb\"},\"inLanguage\":\"ro-RO\",\"potentialAction\":[{\"@type\":\"ReadAction\",\"target\":[\"https:\/\/www.waterair.com\/ro\/multumim\"]}]},{\"@type\":\"ImageObject\",\"inLanguage\":\"ro-RO\",\"@id\":\"https:\/\/www.waterair.com\/ro\/multumim#primaryimage\",\"url\":\"https:\/\/www.waterair.com\/wp-content\/uploads\/2021\/11\/ei-1.jpg\",\"contentUrl\":\"https:\/\/www.waterair.com\/wp-content\/uploads\/2021\/11\/ei-1.jpg\",\"width\":1920,\"height\":400},{\"@type\":\"BreadcrumbList\",\"@id\":\"https:\/\/www.waterair.com\/ro\/multumim#breadcrumb\",\"itemListElement\":[{\"@type\":\"ListItem\",\"position\":1,\"name\":\"Acas\u0103\",\"item\":\"https:\/\/www.waterair.com\/ro\"},{\"@type\":\"ListItem\",\"position\":2,\"name\":\"MUL\u021aUMIM,\"}]},{\"@type\":\"WebSite\",\"@id\":\"https:\/\/www.waterair.com\/ro\/#website\",\"url\":\"https:\/\/www.waterair.com\/ro\/\",\"name\":\"Piscine Waterair\",\"description\":\"\",\"potentialAction\":[{\"@type\":\"SearchAction\",\"target\":{\"@type\":\"EntryPoint\",\"urlTemplate\":\"https:\/\/www.waterair.com\/ro\/?s={search_term_string}\"},\"query-input\":{\"@type\":\"PropertyValueSpecification\",\"valueRequired\":true,\"valueName\":\"search_term_string\"}}],\"inLanguage\":\"ro-RO\"}]}<\/script>\n<!-- \/ Yoast SEO Premium plugin. -->","yoast_head_json":{"title":"MUL\u021aUMIM, | Piscine Waterair","robots":{"index":"noindex","follow":"nofollow"},"og_locale":"ro_RO","og_type":"article","og_title":"MUL\u021aUMIM,","og_description":"Mul\u021bumim Am luat not\u0103 de mesajul dvs. \u0219i vom reveni c\u00e2t mai cur\u00e2nd posibil.Pentru a g\u0103si partenerul nostru local \u00een \u021bara dvs.,&nbsp;merge\u021bi aici.Dac\u0103 dori\u021bi s\u0103 deveni\u021bi partener &nbsp;pentru Piscine Waterair \u0219i s\u0103 oferi\u021bi piscinele noastre \u00een \u021bara dvs.,&nbsp;anun\u021ba\u021bi-ne aici&nbsp;(\u00een englez\u0103). Pe foarte cur\u00e2nd, Piscine Waterair","og_url":"https:\/\/www.waterair.com\/ro\/multumim","og_site_name":"Piscine Waterair","article_modified_time":"2021-11-30T08:29:55+00:00","og_image":[{"width":1920,"height":400,"url":"https:\/\/www.waterair.com\/wp-content\/uploads\/2021\/11\/ei-1.jpg","type":"image\/jpeg"}],"twitter_card":"summary_large_image","twitter_misc":{"Timp estimat pentru citire":"1 minut"},"schema":{"@context":"https:\/\/schema.org","@graph":[{"@type":"WebPage","@id":"https:\/\/www.waterair.com\/ro\/multumim","url":"https:\/\/www.waterair.com\/ro\/multumim","name":"MUL\u021aUMIM, | Piscine Waterair","isPartOf":{"@id":"https:\/\/www.waterair.com\/ro\/#website"},"primaryImageOfPage":{"@id":"https:\/\/www.waterair.com\/ro\/multumim#primaryimage"},"image":{"@id":"https:\/\/www.waterair.com\/ro\/multumim#primaryimage"},"thumbnailUrl":"https:\/\/www.waterair.com\/wp-content\/uploads\/2021\/11\/ei-1.jpg","datePublished":"2021-11-29T12:36:18+00:00","dateModified":"2021-11-30T08:29:55+00:00","breadcrumb":{"@id":"https:\/\/www.waterair.com\/ro\/multumim#breadcrumb"},"inLanguage":"ro-RO","potentialAction":[{"@type":"ReadAction","target":["https:\/\/www.waterair.com\/ro\/multumim"]}]},{"@type":"ImageObject","inLanguage":"ro-RO","@id":"https:\/\/www.waterair.com\/ro\/multumim#primaryimage","url":"https:\/\/www.waterair.com\/wp-content\/uploads\/2021\/11\/ei-1.jpg","contentUrl":"https:\/\/www.waterair.com\/wp-content\/uploads\/2021\/11\/ei-1.jpg","width":1920,"height":400},{"@type":"BreadcrumbList","@id":"https:\/\/www.waterair.com\/ro\/multumim#breadcrumb","itemListElement":[{"@type":"ListItem","position":1,"name":"Acas\u0103","item":"https:\/\/www.waterair.com\/ro"},{"@type":"ListItem","position":2,"name":"MUL\u021aUMIM,"}]},{"@type":"WebSite","@id":"https:\/\/www.waterair.com\/ro\/#website","url":"https:\/\/www.waterair.com\/ro\/","name":"Piscine Waterair","description":"","potentialAction":[{"@type":"SearchAction","target":{"@type":"EntryPoint","urlTemplate":"https:\/\/www.waterair.com\/ro\/?s={search_term_string}"},"query-input":{"@type":"PropertyValueSpecification","valueRequired":true,"valueName":"search_term_string"}}],"inLanguage":"ro-RO"}]}},"_links":{"self":[{"href":"https:\/\/www.waterair.com\/ro\/wp-json\/wp\/v2\/pages\/96745","targetHints":{"allow":["GET"]}}],"collection":[{"href":"https:\/\/www.waterair.com\/ro\/wp-json\/wp\/v2\/pages"}],"about":[{"href":"https:\/\/www.waterair.com\/ro\/wp-json\/wp\/v2\/types\/page"}],"author":[{"embeddable":true,"href":"https:\/\/www.waterair.com\/ro\/wp-json\/wp\/v2\/users\/8"}],"replies":[{"embeddable":true,"href":"https:\/\/www.waterair.com\/ro\/wp-json\/wp\/v2\/comments?post=96745"}],"version-history":[{"count":2,"href":"https:\/\/www.waterair.com\/ro\/wp-json\/wp\/v2\/pages\/96745\/revisions"}],"predecessor-version":[{"id":97106,"href":"https:\/\/www.waterair.com\/ro\/wp-json\/wp\/v2\/pages\/96745\/revisions\/97106"}],"wp:featuredmedia":[{"embeddable":true,"href":"https:\/\/www.waterair.com\/ro\/wp-json\/wp\/v2\/media\/92497"}],"wp:attachment":[{"href":"https:\/\/www.waterair.com\/ro\/wp-json\/wp\/v2\/media?parent=96745"}],"curies":[{"name":"wp","href":"https:\/\/api.w.org\/{rel}","templated":true}]}}