{"id":317263,"date":"2023-06-28T11:42:51","date_gmt":"2023-06-28T09:42:51","guid":{"rendered":"https:\/\/www.waterair.com\/?page_id=317263"},"modified":"2024-06-25T15:52:39","modified_gmt":"2024-06-25T13:52:39","slug":"ake-su-vyhody-vystavby-bazena-do-10-m2","status":"publish","type":"page","link":"https:\/\/www.waterair.com\/sk\/ake-su-vyhody-vystavby-bazena-do-10-m2","title":{"rendered":"Ak\u00e9 s\u00fa v\u00fdhody v\u00fdstavby baz\u00e9na do 10 m2 ?"},"content":{"rendered":"<div class=\"container block--core-paragraph\"><div class=\"row\"><div class=\"col-12 \">\n<p><em>Nem\u00e1te na z\u00e1hrade ve\u013ea miesta, no aj tak st\u00e1le sn\u00edvate o in\u0161tal\u00e1cii baz\u00e9na? Rozhodnite sa pre baz\u00e9n do 10 m<sup>2<\/sup>: m\u00fadra vo\u013eba, ktor\u00e1 m\u00e1 ve\u013ea v\u00fdhod!<\/em><\/p>\n<\/div><\/div><\/div>\n\n<div class=\"container block--core-paragraph\"><div class=\"row\"><div class=\"col-12 \">\n<p><\/p>\n<\/div><\/div><\/div>\n\n<div  class=\"block-content-media  content-block   has-no-title\">\n            <div class=\"container\">\n            <div class=\"row\">\n                <div class=\"col\">\n                    <div class=\"row flex-column flex-md-row \">\n                        <div class=\"content-block__col col-12 d-flex flex-column align-items-md-start order-lg-2\">\n                                                                                                                                                <div data-wa=\"fade-up\" data-wa-delay=\"400\" class=\"content-block__description text--sm text-weight--300 mb-0\">\n                                    <h2>Pre\u010do si vybra\u0165 mal\u00fd baz\u00e9n?<\/h2>\n<p>Baz\u00e9ny do 10 m<sup>2<\/sup> s\u00fa dokonalou odpove\u010fou na probl\u00e9my mal\u00fdch pozemkov. S\u00fa tie\u017e cenovo dostupn\u00e9 a v\u010faka mal\u00fdm rozmerom sa \u013eahko udr\u017eiavaj\u00fa.<\/p>\n<h3>Baz\u00e9n prisp\u00f4soben\u00fd na mal\u00e9 pozemky<\/h3>\n<p>Sn\u00edvate o pl\u00e1van\u00ed, ale v\u00e1\u0161 pozemok sa v\u00e1m zd\u00e1 na stavbu baz\u00e9na pr\u00edli\u0161 mal\u00fd? \u010eal\u0161ia mo\u017enos\u0165: va\u0161a z\u00e1hrada m\u00e1 atypick\u00fd tvar a postavi\u0165 tam baz\u00e9n sa v\u00e1m zd\u00e1 komplikovan\u00e9? <strong>Rozhodnite sa pre baz\u00e9n na mieru do 10 m<sup>2<\/sup> alebo \u00fazky baz\u00e9n, najm\u00e4 modely Waterair slim s\u00fa ide\u00e1lnym rie\u0161en\u00edm!<\/strong><\/p>\n<p>V\u010faka svojim rozmerom<strong> sa tieto mal\u00e9 baz\u00e9ny zmestia aj do t\u00fdch naju\u017e\u0161\u00edch z\u00e1hrad<\/strong>. Pon\u00fakaj\u00fa skuto\u010dn\u00fa \u00fasporu miesta a prisp\u00f4sobia sa ter\u00e9nu. Primeran\u00e9 rozmery v\u00e1m umo\u017enia splni\u0165 si plaveck\u00fd sen bez toho, aby zaplnil cel\u00fd v\u00e1\u0161 vonkaj\u0161\u00ed priestor.<\/p>\n<p>Spolo\u010dnos\u0165 Piscines Waterair pon\u00faka nieko\u013eko mal\u00fdch baz\u00e9nov\u00fdch s\u00faprav r\u00f4znych tvarov: okr\u00fahle, \u0161tvorcov\u00e9 alebo obd\u013a\u017enikov\u00e9\u2026<strong> Ur\u010dite n\u00e1jdete ide\u00e1lny baz\u00e9n, ktor\u00fd bude sp\u013a\u0148a\u0165 obmedzenia kladen\u00e9 va\u0161\u00edm pozemkom<\/strong>.<\/p>\n<h3>Baz\u00e9n do 10 m<sup>2<\/sup>: urobte si rados\u0165 s ni\u017e\u0161\u00edm rozpo\u010dtom<\/h3>\n<p><strong>Mal\u00fd baz\u00e9n tie\u017e predstavuje \u00fasporu za elektrinu a za<a> vodu<\/a><\/strong>. V porovnan\u00ed s v\u00e4\u010d\u0161\u00edmi baz\u00e9nmi vy\u017eaduj\u00fa baz\u00e9ny do 10 m<sup>2<\/sup> menej vody, a teda menej elektrickej energie na filtrovanie a ohrev. Logicky je \u00fa\u010det ni\u017e\u0161\u00ed aj za \u010distiace prostriedky, ktor\u00e9 sa tie\u017e pou\u017e\u00edvaj\u00fa v men\u0161om pomere.<\/p>\n<p>Okrem toho <strong>je n\u00e1kup mal\u00e9ho baz\u00e9na ove\u013ea lacnej\u0161\u00ed ako stredn\u00e9ho alebo ve\u013ek\u00e9ho<\/strong>. V z\u00e1vislosti od zvolen\u00fdch materi\u00e1lov a technol\u00f3gie sa cena minibaz\u00e9na m\u00f4\u017ee pohybova\u0165 od 7 000 do 30 000 eur:<\/p>\n<table style=\"height: 185px;\" width=\"1005\">\n<thead>\n<tr>\n<th><strong>Typ minibaz\u00e9na (do 10 m<sup>2<\/sup>)<\/strong><\/th>\n<th>Cenov\u00e9 rozp\u00e4tie (v eur\u00e1ch)<\/th>\n<\/tr>\n<\/thead>\n<tbody>\n<tr>\n<td>Baz\u00e9nov\u00e1 s\u00faprava<\/td>\n<td>5 000 &#8211; 10 000<\/td>\n<\/tr>\n<tr>\n<td>\u0160krupinov\u00fd baz\u00e9n<\/td>\n<td>10 000 &#8211; 20 000<\/td>\n<\/tr>\n<tr>\n<td>Bet\u00f3nov\u00fd baz\u00e9n<\/td>\n<td>15 000 &#8211; 30 000<\/td>\n<\/tr>\n<tr>\n<td>Dreven\u00fd baz\u00e9n<\/td>\n<td>1 000 &#8211; 5 000<\/td>\n<\/tr>\n<\/tbody>\n<\/table>\n<p>&nbsp;<\/p>\n<p>Pre porovnanie,<strong> ve\u013ek\u00fd zapusten\u00fd baz\u00e9n stoj\u00ed v priemere od 15 000 do 50 000 eur<\/strong>. Ak chcete urobi\u0165 ekonomick\u00fa a praktick\u00fa vo\u013ebu, minibaz\u00e9nov\u00e1 s\u00faprava je ide\u00e1lna, preto\u017ee m\u00e1 tie\u017e v\u00fdhodu \u013eahkej a r\u00fdchlej in\u0161tal\u00e1cie.<\/p>\n                                <\/div>\n                                                                                        <div data-wa=\"fade-up\" data-wa-delay=\"500\">\n                                                                    <\/div>\n                                                    <\/div>\n                                            <\/div>\n                <\/div>\n            <\/div>\n        <\/div>\n    <\/div>\n\n<div  class=\"block-plus content-block\">\n\t\t\t<div class=\"container\">\n\t\t\t<div data-wa=\"fade-up\" class=\"content-block__holder\">\n\t\t\t\t\t\t\t\t\t\t\t\t\t<div class=\"row justify-content-center\">\n\t\t\t\t\t\t<div class=\"col-10 col-lg-11\">\n\t\t\t\t\t\t\t<div class=\"content-block__description wysiwyg z-above mt-2 mb-0\"><p>Chcete u\u0161etri\u0165 e\u0161te viac? Spolo\u010dnos\u0165 Piscines Waterair vyvinula rady vybavenia \u0161peci\u00e1lne navrhnut\u00e9ho tak, aby v\u00e1m pomohlo udr\u017eiava\u0165 v\u00e1\u0161 baz\u00e9n za ni\u017e\u0161ie n\u00e1klady. S radom vybavenia Waterair ECO.WAT u\u0161etr\u00edte pri pou\u017e\u00edvan\u00ed baz\u00e9na peniaze a m\u00f4\u017eete si ho u\u017e\u00edva\u0165 bez nepriazniv\u00fdch dopadov na v\u00e1\u0161 rozpo\u010det!<br \/>\n&gt; <span style=\"color: #ffffff;\"><a style=\"color: #ffffff;\" href=\"https:\/\/www.waterair.com\/sk\/bazeny-a-vybavenie\/linie-bazenoveho-vybavenia-waterair\">Objavte rady vybavenia Waterair<\/a><\/span><\/p>\n<\/div>\n\t\t\t\t\t\t<\/div>\n\t\t\t\t\t<\/div>\n\t\t\t\t\t\t\t\t<div class=\"row justify-content-end d-none d-lg-flex\">\n                    <div class=\"col-2 col-lg-3\">\n                        <div class=\"content-block__wave-outline\">\n                            <svg width=\"678\" height=\"589\" viewBox=\"0 0 1000 1000\">\n                                <path fill=\"none\" stroke=\"#FFF\" stroke-width=\"2\" opacity=\".2\" data-blob='{\"minRadius\": \"430\",\"maxRadius\":\"490\", \"numPoints\": \"16\"}'><\/path>\n                            <\/svg>\n                        <\/div>\n                    <\/div>\n                <\/div>\n\t\t\t<\/div>\n\t\t<\/div>\n\t<\/div>\n\n\n<div  class=\"block-content-media  content-block   has-no-title\">\n            <div class=\"container\">\n            <div class=\"row\">\n                <div class=\"col\">\n                    <div class=\"row flex-column flex-md-row \">\n                        <div class=\"content-block__col col-12 d-flex flex-column align-items-md-start order-lg-2\">\n                                                                                                                                                <div data-wa=\"fade-up\" data-wa-delay=\"400\" class=\"content-block__description text--sm text-weight--300 mb-0\">\n                                    <h2>Ak\u00fd sp\u00f4sob v\u00fdstavby minibaz\u00e9na?<\/h2>\n<p><strong>N\u00e1klady na in\u0161tal\u00e1ciu minibaz\u00e9na s\u00fa v\u010faka jeho ve\u013ekosti ni\u017e\u0161ie.<\/strong> . V\u00fdberom mal\u00e9 baz\u00e9nov\u00e9 s\u00fapravy u\u0161etr\u00edte aj na tejto polo\u017eke. Spolo\u010dnos\u0165 Piscines Waterair pon\u00faka mo\u017enos\u0165 <strong>zostavi\u0165 si baz\u00e9n kompletne sami<\/strong>.<\/p>\n<p>Na\u0161e modely mal\u00fdch baz\u00e9nov v s\u00faprav\u00e1ch s\u00fa \u0161peci\u00e1lne navrhnut\u00e9 tak, aby v\u00e1m zjednodu\u0161ili pr\u00e1cu. Dostanete tie\u017e <strong>pokyny na mont\u00e1\u017e na mieru<\/strong>. Aby ste mali \u00fapln\u00fa kontrolu nad rozpo\u010dtom, m\u00f4\u017eete si tie\u017e vybra\u0165 niektor\u00fd z na\u0161ich <a>mont\u00e1\u017enych bal\u00ed\u010dkov<\/a> a nechajte na\u0161ich partnerov, aby v\u00e1s podporili v ur\u010dit\u00fdch f\u00e1zach projektu.<\/p>\n<p>Bez oh\u013eadu na ve\u013ekos\u0165 va\u0161ej z\u00e1hrady, s\u00fa na\u0161e baz\u00e9ny do 10 m<sup>\u00b2<\/sup> vhodn\u00e9 pre men\u0161ie pozemky. <strong><a href=\"https:\/\/www.waterair.com\/sk\/bazeny-a-vybavenie\/bazeny\/mini\">Minibaz\u00e9ny<\/a> v s\u00faprave Waterair sa dod\u00e1vaj\u00fa v mnoh\u00fdch tvaroch a ve\u013ekostiach, aby dokonale vyhovovali va\u0161im potreb\u00e1m<\/strong>. Navy\u0161e s\u00fa plne prisp\u00f4sobite\u013en\u00e9, tak\u017ee si m\u00f4\u017eete vytvori\u0165 jedine\u010dn\u00fd baz\u00e9n zodpovedaj\u00faci va\u0161im \u017eelaniam, v\u00e1\u0161mu rozpo\u010dtu aj va\u0161ej z\u00e1hrade.<\/p>\n<p>M\u00e1te \u00fazky pozemok? <strong>Spolo\u010dnos\u0165 Waterair vyvinula <a href=\"https:\/\/www.waterair.com\/sk\/bazeny-a-vybavenie\/bazeny\/slim\">baz\u00e9ny slim<\/a>, ktor\u00e9 m\u00f4\u017eu dokonale ladi\u0165 s va\u0161\u00edm exteri\u00e9rom<\/strong>. Tieto mal\u00e9 baz\u00e9ny maj\u00fa tie\u017e men\u0161iu \u0161\u00edrku, medzi 1,96 m a 2,89 m. Prisp\u00f4sobia sa naju\u017e\u0161iemu aj naj\u0165a\u017e\u0161iemu ter\u00e9nu!<\/p>\n                                <\/div>\n                                                                                        <div data-wa=\"fade-up\" data-wa-delay=\"500\">\n                                                                    <\/div>\n                                                    <\/div>\n                                            <\/div>\n                <\/div>\n            <\/div>\n        <\/div>\n    <\/div>\n\n<div  class=\"block-links  content-block\">\n\t\t\t\t\t\t<div class=\"container mb-md-8 mb-4\">\n\t\t\t\t<div class=\"row align-items-end\">\n\t\t\t\t\t<div class=\"col-12\">\n\t\t\t\t\t\t\t\t\t\t\t\t\t<h2 data-wa=\"fade-up\" class=\"content-block__title mb-0\">Pre \u010fal\u0161ie inform\u00e1cie :<\/h2>\n\t\t\t\t\t\t\t\t\t\t\t\t\t\t\t\t\t<\/div>\n\t\t\t\t\t\t\t\t\t<\/div>\n\t\t\t<\/div>\n\t\t\t\t\t\t\t<div data-wa=\"fade-up\" data-wa-delay=\"300\" class=\"content-block__slider splide\" data-splide>\n\t\t\t\t<div class=\"splide__track\">\n\t\t\t\t\t<div class=\"splide__list\">\n\t\t\t\t\t\t\t\t\t\t\t\t\t\t\t\t\t\t\t\t\t<a data-wa=\"fade-up\" href=\"https:\/\/www.waterair.com\/sk\/bazeny-a-vybavenie\/bazeny\/mini\" class=\"item-card is-size-card splide__slide has-description\">\n\t<div class=\"item-card__infos item-card__infos--simple\">\n\t\t<h3 class=\"item-card__title mb-0 c-white\">Mini baz\u00e9n<\/h3>\n\t\t\t\t\t\t\t\t\t<div class=\"item-card__description mb-0\">Baz\u00e9ny Waterair v\u00e1m pon\u00fakaj\u00fa modely mal\u00fdch baz\u00e9nov. Doprajte si mal\u00fd baz\u00e9n s ve\u013ekou v\u00fdbavou namiesto ve\u013ek\u00e9ho baz\u00e9na bez v\u00fdbavy pre va\u0161e pohodlie a dobr\u00fd pocit. Vyberte si baz\u00e9n, ktor\u00e1 sa podob\u00e1 na v\u00e1s a vytvorte si tak priestor svojej vlastnej pohody.<\/div>\n\t\t\t\t\t\t<\/div>\n\t\t<img loading=\"lazy\" decoding=\"async\" width=\"540\" height=\"540\" src=\"https:\/\/www.waterair.com\/wp-content\/uploads\/2026\/01\/mini-piscine-plage-bois-echelle-540x540.webp\" class=\"attachment-card size-card\" alt=\"mini piscine plage bois echelle\" srcset=\"https:\/\/www.waterair.com\/wp-content\/uploads\/2026\/01\/mini-piscine-plage-bois-echelle-540x540.webp 540w, https:\/\/www.waterair.com\/wp-content\/uploads\/2026\/01\/mini-piscine-plage-bois-echelle-1080x1080.webp 1080w, https:\/\/www.waterair.com\/wp-content\/uploads\/2026\/01\/mini-piscine-plage-bois-echelle-480x480.webp 480w, https:\/\/www.waterair.com\/wp-content\/uploads\/2026\/01\/mini-piscine-plage-bois-echelle-240x240.webp 240w, https:\/\/www.waterair.com\/wp-content\/uploads\/2026\/01\/mini-piscine-plage-bois-echelle-150x150.webp 150w, https:\/\/www.waterair.com\/wp-content\/uploads\/2026\/01\/mini-piscine-plage-bois-echelle-75x75.webp 75w, https:\/\/www.waterair.com\/wp-content\/uploads\/2026\/01\/mini-piscine-plage-bois-echelle-780x780.webp 780w, https:\/\/www.waterair.com\/wp-content\/uploads\/2026\/01\/mini-piscine-plage-bois-echelle-390x390.webp 390w, https:\/\/www.waterair.com\/wp-content\/uploads\/2026\/01\/mini-piscine-plage-bois-echelle-320x320.webp 320w, https:\/\/www.waterair.com\/wp-content\/uploads\/2026\/01\/mini-piscine-plage-bois-echelle-160x160.webp 160w\" sizes=\"auto, (max-width: 540px) 100vw, 540px\" \/><\/a>\t\t\t\t\t\t\t\t\t\t\t\t\t\t\t\t\t\t\t\t\t\t\t\t\t\t\t\t<a data-wa=\"fade-up\" href=\"https:\/\/www.waterair.com\/sk\/projekt-bazena\/cena-bazena\" class=\"item-card is-size-card splide__slide has-description\">\n\t<div class=\"item-card__infos item-card__infos--simple\">\n\t\t<h3 class=\"item-card__title mb-0 c-white\">Cena baz\u00e9na<\/h3>\n\t\t\t\t\t\t\t\t\t<div class=\"item-card__description mb-0\">V\u010faka technick\u00e9mu pokroku dnes existuje ve\u013emi \u0161irok\u00e1 paleta zapusten\u00fdch baz\u00e9nov. Panely, polyesterov\u00e9 pl\u00e1\u0161te, bet\u00f3n\u2026 Postupy s\u00fa r\u00f4znorod\u00e9 a v\u00fdber m\u00e1 vplyv cenu baz\u00e9nov. R\u00f4zne tarify sa v\u0161ak m\u00f4\u017eu uk\u00e1za\u0165 ako dostupn\u00e9 a prisp\u00f4sobi\u0165 sa tak potreb\u00e1m a \u017eelaniam ka\u017ed\u00e9ho.<\/div>\n\t\t\t\t\t\t<\/div>\n\t\t<img loading=\"lazy\" decoding=\"async\" width=\"540\" height=\"540\" src=\"https:\/\/www.waterair.com\/wp-content\/uploads\/2026\/01\/rectangle-pente-plage-bois2-540x540.webp\" class=\"attachment-card size-card\" alt=\"\" srcset=\"https:\/\/www.waterair.com\/wp-content\/uploads\/2026\/01\/rectangle-pente-plage-bois2-540x540.webp 540w, https:\/\/www.waterair.com\/wp-content\/uploads\/2026\/01\/rectangle-pente-plage-bois2-1080x1080.webp 1080w, https:\/\/www.waterair.com\/wp-content\/uploads\/2026\/01\/rectangle-pente-plage-bois2-480x480.webp 480w, https:\/\/www.waterair.com\/wp-content\/uploads\/2026\/01\/rectangle-pente-plage-bois2-240x240.webp 240w, https:\/\/www.waterair.com\/wp-content\/uploads\/2026\/01\/rectangle-pente-plage-bois2-150x150.webp 150w, https:\/\/www.waterair.com\/wp-content\/uploads\/2026\/01\/rectangle-pente-plage-bois2-75x75.webp 75w, https:\/\/www.waterair.com\/wp-content\/uploads\/2026\/01\/rectangle-pente-plage-bois2-780x780.webp 780w, https:\/\/www.waterair.com\/wp-content\/uploads\/2026\/01\/rectangle-pente-plage-bois2-390x390.webp 390w, https:\/\/www.waterair.com\/wp-content\/uploads\/2026\/01\/rectangle-pente-plage-bois2-320x320.webp 320w, https:\/\/www.waterair.com\/wp-content\/uploads\/2026\/01\/rectangle-pente-plage-bois2-160x160.webp 160w\" sizes=\"auto, (max-width: 540px) 100vw, 540px\" \/><\/a>\t\t\t\t\t\t\t\t\t\t\t\t\t\t\t\t\t\t<\/div>\n\t\t\t\t<\/div>\n\t\t\t<\/div>\n\t\t\t\t\t<\/div>\n\n<div class=\"container block--core-paragraph\"><div class=\"row\"><div class=\"col-12 \">\n<p>Up\u00fatala v\u00e1s minibaz\u00e9nov\u00e1 s\u00faprava? Nechajte si vypracova\u0165 <a href=\"https:\/\/www.waterair.com\/sk\/projekt-umiestnenia\">projektov\u00fa \u0161t\u00fadiu<\/a> s poradcom Waterair, aby ste si vybrali model, ktor\u00fd sa lep\u0161ie prisp\u00f4sob\u00ed va\u0161emu priestoru!<\/p>\n<\/div><\/div><\/div>","protected":false},"excerpt":{"rendered":"<p>Nem\u00e1te na z\u00e1hrade ve\u013ea miesta, no aj tak st\u00e1le sn\u00edvate o in\u0161tal\u00e1cii baz\u00e9na? Rozhodnite sa pre baz\u00e9n do 10 m2: m\u00fadra vo\u013eba, ktor\u00e1 m\u00e1 ve\u013ea v\u00fdhod! Up\u00fatala v\u00e1s minibaz\u00e9nov\u00e1 s\u00faprava? Nechajte si vypracova\u0165 projektov\u00fa \u0161t\u00fadiu s poradcom Waterair, aby ste si vybrali model, ktor\u00fd sa lep\u0161ie prisp\u00f4sob\u00ed va\u0161emu priestoru!<\/p>\n","protected":false},"author":10,"featured_media":341850,"parent":35317,"menu_order":0,"comment_status":"closed","ping_status":"closed","template":"","meta":{"_acf_changed":false,"om_disable_all_campaigns":false,"footnotes":""},"class_list":["post-317263","page","type-page","status-publish","has-post-thumbnail","hentry"],"acf":[],"yoast_head":"<!-- This site is optimized with the Yoast SEO Premium plugin v25.4 (Yoast SEO v27.2) - https:\/\/yoast.com\/product\/yoast-seo-premium-wordpress\/ -->\n<title>Baz\u00e9n do 10 m2 : v\u00fdhody | Baz\u00e9ny Waterair<\/title>\n<meta name=\"description\" content=\"Nem\u00e1te na z\u00e1hrade ve\u013ea miesta? \u0160ikovn\u00e1 vo\u013eba, baz\u00e9ny do 10 m 2 maj\u00fa ve\u013ea v\u00fdhod!\" \/>\n<meta name=\"robots\" content=\"index, follow, max-snippet:-1, max-image-preview:large, max-video-preview:-1\" \/>\n<link rel=\"canonical\" href=\"https:\/\/www.waterair.com\/sk\/ake-su-vyhody-vystavby-bazena-do-10-m2\" \/>\n<meta property=\"og:locale\" content=\"sk_SK\" \/>\n<meta property=\"og:type\" content=\"article\" \/>\n<meta property=\"og:title\" content=\"Ak\u00e9 s\u00fa v\u00fdhody v\u00fdstavby baz\u00e9na do 10 m2 ?\" \/>\n<meta property=\"og:description\" content=\"Nem\u00e1te na z\u00e1hrade ve\u013ea miesta? \u0160ikovn\u00e1 vo\u013eba, baz\u00e9ny do 10 m 2 maj\u00fa ve\u013ea v\u00fdhod!\" \/>\n<meta property=\"og:url\" content=\"https:\/\/www.waterair.com\/sk\/ake-su-vyhody-vystavby-bazena-do-10-m2\" \/>\n<meta property=\"og:site_name\" content=\"Baz\u00e9ny Waterair\" \/>\n<meta property=\"article:modified_time\" content=\"2024-06-25T13:52:39+00:00\" \/>\n<meta property=\"og:image\" content=\"https:\/\/www.waterair.com\/wp-content\/uploads\/2023\/08\/header-lp-nouveaute-gres-cerame.webp\" \/>\n\t<meta property=\"og:image:width\" content=\"2720\" \/>\n\t<meta property=\"og:image:height\" content=\"640\" \/>\n\t<meta property=\"og:image:type\" content=\"image\/webp\" \/>\n<meta name=\"twitter:card\" content=\"summary_large_image\" \/>\n<meta name=\"twitter:label1\" content=\"Predpokladan\u00fd \u010das \u010d\u00edtania\" \/>\n\t<meta name=\"twitter:data1\" content=\"3 min\u00faty\" \/>\n<script type=\"application\/ld+json\" class=\"yoast-schema-graph\">{\"@context\":\"https:\/\/schema.org\",\"@graph\":[{\"@type\":\"WebPage\",\"@id\":\"https:\/\/www.waterair.com\/sk\/ake-su-vyhody-vystavby-bazena-do-10-m2\",\"url\":\"https:\/\/www.waterair.com\/sk\/ake-su-vyhody-vystavby-bazena-do-10-m2\",\"name\":\"Baz\u00e9n do 10 m2 : v\u00fdhody | Baz\u00e9ny Waterair\",\"isPartOf\":{\"@id\":\"https:\/\/www.waterair.com\/sk\/#website\"},\"primaryImageOfPage\":{\"@id\":\"https:\/\/www.waterair.com\/sk\/ake-su-vyhody-vystavby-bazena-do-10-m2#primaryimage\"},\"image\":{\"@id\":\"https:\/\/www.waterair.com\/sk\/ake-su-vyhody-vystavby-bazena-do-10-m2#primaryimage\"},\"thumbnailUrl\":\"https:\/\/www.waterair.com\/wp-content\/uploads\/2023\/08\/header-lp-nouveaute-gres-cerame.webp\",\"datePublished\":\"2023-06-28T09:42:51+00:00\",\"dateModified\":\"2024-06-25T13:52:39+00:00\",\"description\":\"Nem\u00e1te na z\u00e1hrade ve\u013ea miesta? \u0160ikovn\u00e1 vo\u013eba, baz\u00e9ny do 10 m 2 maj\u00fa ve\u013ea v\u00fdhod!\",\"breadcrumb\":{\"@id\":\"https:\/\/www.waterair.com\/sk\/ake-su-vyhody-vystavby-bazena-do-10-m2#breadcrumb\"},\"inLanguage\":\"sk-SK\",\"potentialAction\":[{\"@type\":\"ReadAction\",\"target\":[\"https:\/\/www.waterair.com\/sk\/ake-su-vyhody-vystavby-bazena-do-10-m2\"]}]},{\"@type\":\"ImageObject\",\"inLanguage\":\"sk-SK\",\"@id\":\"https:\/\/www.waterair.com\/sk\/ake-su-vyhody-vystavby-bazena-do-10-m2#primaryimage\",\"url\":\"https:\/\/www.waterair.com\/wp-content\/uploads\/2023\/08\/header-lp-nouveaute-gres-cerame.webp\",\"contentUrl\":\"https:\/\/www.waterair.com\/wp-content\/uploads\/2023\/08\/header-lp-nouveaute-gres-cerame.webp\",\"width\":2720,\"height\":640,\"caption\":\"plage immerg\u00e9e piscine rectangle terrasse bois\"},{\"@type\":\"BreadcrumbList\",\"@id\":\"https:\/\/www.waterair.com\/sk\/ake-su-vyhody-vystavby-bazena-do-10-m2#breadcrumb\",\"itemListElement\":[{\"@type\":\"ListItem\",\"position\":1,\"name\":\"Domov\",\"item\":\"https:\/\/www.waterair.com\/sk\"},{\"@type\":\"ListItem\",\"position\":2,\"name\":\"Rady, asistencia a n\u00e1zory pre baz\u00e9ny Waterair.\",\"item\":\"https:\/\/www.waterair.com\/sk?page_id=33280\"},{\"@type\":\"ListItem\",\"position\":3,\"name\":\"Baz\u00e9n do malej z\u00e1hrady\",\"item\":\"https:\/\/www.waterair.com\/sk?page_id=35317\"},{\"@type\":\"ListItem\",\"position\":4,\"name\":\"Ak\u00e9 s\u00fa v\u00fdhody v\u00fdstavby baz\u00e9na do 10 m2 ?\"}]},{\"@type\":\"WebSite\",\"@id\":\"https:\/\/www.waterair.com\/sk\/#website\",\"url\":\"https:\/\/www.waterair.com\/sk\/\",\"name\":\"Baz\u00e9ny Waterair\",\"description\":\"\",\"potentialAction\":[{\"@type\":\"SearchAction\",\"target\":{\"@type\":\"EntryPoint\",\"urlTemplate\":\"https:\/\/www.waterair.com\/sk\/?s={search_term_string}\"},\"query-input\":{\"@type\":\"PropertyValueSpecification\",\"valueRequired\":true,\"valueName\":\"search_term_string\"}}],\"inLanguage\":\"sk-SK\"}]}<\/script>\n<!-- \/ Yoast SEO Premium plugin. -->","yoast_head_json":{"title":"Baz\u00e9n do 10 m2 : v\u00fdhody | Baz\u00e9ny Waterair","description":"Nem\u00e1te na z\u00e1hrade ve\u013ea miesta? \u0160ikovn\u00e1 vo\u013eba, baz\u00e9ny do 10 m 2 maj\u00fa ve\u013ea v\u00fdhod!","robots":{"index":"index","follow":"follow","max-snippet":"max-snippet:-1","max-image-preview":"max-image-preview:large","max-video-preview":"max-video-preview:-1"},"canonical":"https:\/\/www.waterair.com\/sk\/ake-su-vyhody-vystavby-bazena-do-10-m2","og_locale":"sk_SK","og_type":"article","og_title":"Ak\u00e9 s\u00fa v\u00fdhody v\u00fdstavby baz\u00e9na do 10 m2 ?","og_description":"Nem\u00e1te na z\u00e1hrade ve\u013ea miesta? \u0160ikovn\u00e1 vo\u013eba, baz\u00e9ny do 10 m 2 maj\u00fa ve\u013ea v\u00fdhod!","og_url":"https:\/\/www.waterair.com\/sk\/ake-su-vyhody-vystavby-bazena-do-10-m2","og_site_name":"Baz\u00e9ny Waterair","article_modified_time":"2024-06-25T13:52:39+00:00","og_image":[{"width":2720,"height":640,"url":"https:\/\/www.waterair.com\/wp-content\/uploads\/2023\/08\/header-lp-nouveaute-gres-cerame.webp","type":"image\/webp"}],"twitter_card":"summary_large_image","twitter_misc":{"Predpokladan\u00fd \u010das \u010d\u00edtania":"3 min\u00faty"},"schema":{"@context":"https:\/\/schema.org","@graph":[{"@type":"WebPage","@id":"https:\/\/www.waterair.com\/sk\/ake-su-vyhody-vystavby-bazena-do-10-m2","url":"https:\/\/www.waterair.com\/sk\/ake-su-vyhody-vystavby-bazena-do-10-m2","name":"Baz\u00e9n do 10 m2 : v\u00fdhody | Baz\u00e9ny Waterair","isPartOf":{"@id":"https:\/\/www.waterair.com\/sk\/#website"},"primaryImageOfPage":{"@id":"https:\/\/www.waterair.com\/sk\/ake-su-vyhody-vystavby-bazena-do-10-m2#primaryimage"},"image":{"@id":"https:\/\/www.waterair.com\/sk\/ake-su-vyhody-vystavby-bazena-do-10-m2#primaryimage"},"thumbnailUrl":"https:\/\/www.waterair.com\/wp-content\/uploads\/2023\/08\/header-lp-nouveaute-gres-cerame.webp","datePublished":"2023-06-28T09:42:51+00:00","dateModified":"2024-06-25T13:52:39+00:00","description":"Nem\u00e1te na z\u00e1hrade ve\u013ea miesta? \u0160ikovn\u00e1 vo\u013eba, baz\u00e9ny do 10 m 2 maj\u00fa ve\u013ea v\u00fdhod!","breadcrumb":{"@id":"https:\/\/www.waterair.com\/sk\/ake-su-vyhody-vystavby-bazena-do-10-m2#breadcrumb"},"inLanguage":"sk-SK","potentialAction":[{"@type":"ReadAction","target":["https:\/\/www.waterair.com\/sk\/ake-su-vyhody-vystavby-bazena-do-10-m2"]}]},{"@type":"ImageObject","inLanguage":"sk-SK","@id":"https:\/\/www.waterair.com\/sk\/ake-su-vyhody-vystavby-bazena-do-10-m2#primaryimage","url":"https:\/\/www.waterair.com\/wp-content\/uploads\/2023\/08\/header-lp-nouveaute-gres-cerame.webp","contentUrl":"https:\/\/www.waterair.com\/wp-content\/uploads\/2023\/08\/header-lp-nouveaute-gres-cerame.webp","width":2720,"height":640,"caption":"plage immerg\u00e9e piscine rectangle terrasse bois"},{"@type":"BreadcrumbList","@id":"https:\/\/www.waterair.com\/sk\/ake-su-vyhody-vystavby-bazena-do-10-m2#breadcrumb","itemListElement":[{"@type":"ListItem","position":1,"name":"Domov","item":"https:\/\/www.waterair.com\/sk"},{"@type":"ListItem","position":2,"name":"Rady, asistencia a n\u00e1zory pre baz\u00e9ny Waterair.","item":"https:\/\/www.waterair.com\/sk?page_id=33280"},{"@type":"ListItem","position":3,"name":"Baz\u00e9n do malej z\u00e1hrady","item":"https:\/\/www.waterair.com\/sk?page_id=35317"},{"@type":"ListItem","position":4,"name":"Ak\u00e9 s\u00fa v\u00fdhody v\u00fdstavby baz\u00e9na do 10 m2 ?"}]},{"@type":"WebSite","@id":"https:\/\/www.waterair.com\/sk\/#website","url":"https:\/\/www.waterair.com\/sk\/","name":"Baz\u00e9ny Waterair","description":"","potentialAction":[{"@type":"SearchAction","target":{"@type":"EntryPoint","urlTemplate":"https:\/\/www.waterair.com\/sk\/?s={search_term_string}"},"query-input":{"@type":"PropertyValueSpecification","valueRequired":true,"valueName":"search_term_string"}}],"inLanguage":"sk-SK"}]}},"_links":{"self":[{"href":"https:\/\/www.waterair.com\/sk\/wp-json\/wp\/v2\/pages\/317263","targetHints":{"allow":["GET"]}}],"collection":[{"href":"https:\/\/www.waterair.com\/sk\/wp-json\/wp\/v2\/pages"}],"about":[{"href":"https:\/\/www.waterair.com\/sk\/wp-json\/wp\/v2\/types\/page"}],"author":[{"embeddable":true,"href":"https:\/\/www.waterair.com\/sk\/wp-json\/wp\/v2\/users\/10"}],"replies":[{"embeddable":true,"href":"https:\/\/www.waterair.com\/sk\/wp-json\/wp\/v2\/comments?post=317263"}],"version-history":[{"count":5,"href":"https:\/\/www.waterair.com\/sk\/wp-json\/wp\/v2\/pages\/317263\/revisions"}],"predecessor-version":[{"id":428640,"href":"https:\/\/www.waterair.com\/sk\/wp-json\/wp\/v2\/pages\/317263\/revisions\/428640"}],"up":[{"embeddable":true,"href":"https:\/\/www.waterair.com\/sk\/wp-json\/wp\/v2\/pages\/35317"}],"wp:featuredmedia":[{"embeddable":true,"href":"https:\/\/www.waterair.com\/sk\/wp-json\/wp\/v2\/media\/341850"}],"wp:attachment":[{"href":"https:\/\/www.waterair.com\/sk\/wp-json\/wp\/v2\/media?parent=317263"}],"curies":[{"name":"wp","href":"https:\/\/api.w.org\/{rel}","templated":true}]}}