{"id":37774,"date":"2021-10-29T21:22:27","date_gmt":"2021-10-29T19:22:27","guid":{"rendered":"https:\/\/waterair-preprod2.adipso.fr\/pravne-informacie"},"modified":"2025-07-09T14:55:28","modified_gmt":"2025-07-09T12:55:28","slug":"pravne-informacie","status":"publish","type":"page","link":"https:\/\/www.waterair.com\/sk\/pravne-informacie","title":{"rendered":"Pr\u00e1vne inform\u00e1cie"},"content":{"rendered":"<div  class=\"block-content-media  content-block   has-no-title\">\n            <div class=\"container\">\n            <div class=\"row\">\n                <div class=\"col\">\n                    <div class=\"row flex-column flex-md-row \">\n                        <div class=\"content-block__col col-12 d-flex flex-column align-items-md-start order-lg-2\">\n                                                                                                                                                <div data-wa=\"fade-up\" data-wa-delay=\"400\" class=\"content-block__description text--sm text-weight--300 mb-0\">\n                                    <p><strong>Identifik\u00e1cia spr\u00e1vcu webovej str\u00e1nky<\/strong><\/p>\n<p>Webov\u00fa str\u00e1nku Waterair.com\/sk vyd\u00e1va Skupina WATERAIR<br \/>\nZjednodu\u0161en\u00e1 akciov\u00e1 spolo\u010dnos\u0165 so z\u00e1kladn\u00fdm kapit\u00e1lom 10 000 000 eur.<br \/>\nInterkomunit\u00e1rne registra\u010dn\u00e9 \u010d\u00edslo DPH: FR 71 440 123 487<br \/>\nRCS (Obchodn\u00fd register) Mulhouse B 440 123 487, so s\u00eddlom spolo\u010dnosti na adrese:<br \/>\nZone Artisanale<br \/>\n6 Rue de la Largue<br \/>\n68580 Seppois le Bas<br \/>\nE-mailov\u00e1 adresa: info@waterair.com<br \/>\nRady a \u0161t\u00fadie umiestnenia: 0 800 50 70 40<br \/>\n\u00dastred\u0148a: +33 3 89 07 45 45<br \/>\nZ\u00e1kazn\u00edcky servis: +33 3 89 07 45 55 (bezplatn\u00e1 slu\u017eba, cena hovoru)<br \/>\nZodpovedn\u00fd editor webu: Jacques Braun<\/p>\n<p><strong>Pr\u00edstup na webov\u00fa str\u00e1nku<\/strong><\/p>\n<p>Pr\u00edstup na webov\u00fa str\u00e1nku Waterair.com\/sk je bezplatn\u00fd. N\u00e1klady na pr\u00edstup a vyu\u017e\u00edvanie telekomunika\u010dnej siete zn\u00e1\u0161a pou\u017e\u00edvate\u013e internetu pod\u013ea podmienok stanoven\u00fdch jeho poskytovate\u013eom internetov\u00e9ho pripojenia a telekomunika\u010dn\u00fdm oper\u00e1torom. Pou\u017e\u00edvate\u013e tejto webovej str\u00e1nky prehlasuje, \u017ee m\u00e1 potrebn\u00e9 zru\u010dnosti a prostriedky na pr\u00edstup a pou\u017e\u00edvanie tejto webovej str\u00e1nky.<br \/>\nTechnick\u00e9 inform\u00e1cie<br \/>\nPripom\u00edname, \u017ee po\u0161tov\u00e9 tajomstvo nie je na internetovej sieti zaru\u010den\u00e9. Pou\u017e\u00edvate\u013e internetu je informovan\u00fd o tom, \u017ee od jeho vstupu na internetov\u00fa str\u00e1nku m\u00f4\u017eu by\u0165 \u201ecookies\u201c pou\u017eit\u00e9 na jeho identifik\u00e1ciu a na uchovanie zadan\u00fdch inform\u00e1ci\u00ed po\u010das cel\u00e9ho trvania jeho pripojenia.<br \/>\nStr\u00e1nka Waterair.com\/sk pou\u017e\u00edva Google Analytics, slu\u017ebu na anal\u00fdzu webovej str\u00e1nky, poskytovan\u00fa spolo\u010dnos\u0165ou Google Inc. (\u201eGoogle\u201c). \u00a0Slu\u017eba Google Analytics pou\u017e\u00edva cookies, textov\u00e9 s\u00fabory ulo\u017een\u00e9 vo va\u0161om po\u010d\u00edta\u010di, aby pomohla str\u00e1nke Waterair.com\/sk analyzova\u0165 pou\u017e\u00edvanie svojej str\u00e1nky svojimi pou\u017e\u00edvate\u013emi. \u00dadaje generovan\u00e9 s\u00fabormi cookies o va\u0161om pou\u017e\u00edvan\u00ed str\u00e1nky (vr\u00e1tane va\u0161ej IP adresy) bud\u00fa pren\u00e1\u0161an\u00e9 a ukladan\u00e9 spolo\u010dnos\u0165ou Google. Google pou\u017eije t\u00fato inform\u00e1ciu na vyhodnotenie v\u00e1\u0161ho pou\u017e\u00edvania str\u00e1nky, na zostavovanie spr\u00e1vy o celkovej aktivite na webovej str\u00e1nke pre svojho editora a na poskytovanie ostatn\u00fdch slu\u017eieb, ktor\u00e9 sa vz\u0165ahuj\u00fa\u00a0na\u00a0aktivitu na str\u00e1nke a na pou\u017e\u00edvanie internetu. Spolo\u010dnos\u0165 Google bude m\u00f4c\u0165 poskytn\u00fa\u0165 tieto \u00fadaje tret\u00edm osob\u00e1m v pr\u00edpade z\u00e1konnej povinnosti alebo, ke\u010f tieto tretie osoby spracov\u00e1vaj\u00fa tieto inform\u00e1cie pre Google. Spolo\u010dnos\u0165 Google nebude sp\u00e1ja\u0165 va\u0161u IP adresu so \u017eiadnymi in\u00fdmi \u00fadajmi, ktor\u00fdmi disponuje. Nastaven\u00edm vhodn\u00fdch parametrov vo va\u0161om prehliada\u010di m\u00f4\u017eete deaktivova\u0165 pou\u017e\u00edvanie cookies.<\/p>\n<p>Pou\u017e\u00edvan\u00edm tejto internetovej str\u00e1nky d\u00e1vate v\u00fdslovn\u00fd s\u00fahlas na spracovanie va\u0161ich menovit\u00fdch \u00fadajov spolo\u010dnos\u0165ou Google v s\u00falade s vy\u0161\u0161ie pop\u00edsan\u00fdmi podmienkami a \u00fa\u010delmi.<\/p>\n<p><strong>Hypertextov\u00e9 odkazy<\/strong><\/p>\n<p>Vytvorenie hypertextov\u00fdch odkazov na webov\u00fa str\u00e1nku Waterair.com\/sk podlieha predch\u00e1dzaj\u00facemu s\u00fahlasu ved\u00faceho editora. Spolo\u010dnos\u0165 Piscines WATERAIR v \u017eiadnom pr\u00edpade nezn\u00e1\u0161a zodpovednos\u0165 za hypertextov\u00e9 odkazy vytvoren\u00e9 na str\u00e1nke Waterair.com\/sk a smeruj\u00face k in\u00fdm webov\u00fdm str\u00e1nkam.<\/p>\n<p><strong>Autorsk\u00e9 pr\u00e1va<\/strong><\/p>\n<p>Bez povolenia editora je zak\u00e1zan\u00e9 kop\u00edrova\u0165 alebo prezentova\u0165 ak\u00fdmko\u013evek sp\u00f4sobom alebo na akomko\u013evek nosi\u010di str\u00e1nky alebo ich \u010dasti, \u00fadaje a v\u0161etky ostatn\u00e9 z\u00e1kladn\u00e9 prvky webovej str\u00e1nky. Tak\u00e9to konanie je pova\u017eovan\u00e9 za fal\u0161ovanie.<\/p>\n<p><strong>Identifik\u00e1cia poskytovate\u013ea web hostingu pre webov\u00fa str\u00e1nku<\/strong><\/p>\n<p>Web hosting str\u00e1nky Waterair.com\/sk zabezpe\u010duje spolo\u010dnos\u0165 Ikoula. Jej s\u00eddlo spolo\u010dnosti sa nach\u00e1dza v 2 Cit\u00e9 Paradis, 75010 Paris, Franc\u00fazsko.<\/p>\n<p>\u00a9 Fotografie<br \/>\nEstelle Hoffert<\/p>\n                                <\/div>\n                                                                                        <div data-wa=\"fade-up\" data-wa-delay=\"500\">\n                                                                    <\/div>\n                                                    <\/div>\n                                            <\/div>\n                <\/div>\n            <\/div>\n        <\/div>\n    <\/div>","protected":false},"excerpt":{"rendered":"","protected":false},"author":1,"featured_media":0,"parent":0,"menu_order":0,"comment_status":"closed","ping_status":"closed","template":"","meta":{"_acf_changed":false,"om_disable_all_campaigns":false,"footnotes":""},"class_list":["post-37774","page","type-page","status-publish","hentry"],"acf":[],"yoast_head":"<!-- This site is optimized with the Yoast SEO Premium plugin v25.4 (Yoast SEO v27.2) - https:\/\/yoast.com\/product\/yoast-seo-premium-wordpress\/ -->\n<title>Pr\u00e1vne inform\u00e1cie | Baz\u00e9ny Waterair<\/title>\n<meta name=\"robots\" content=\"index, follow, max-snippet:-1, max-image-preview:large, max-video-preview:-1\" \/>\n<link rel=\"canonical\" href=\"https:\/\/www.waterair.com\/sk\/pravne-informacie\" \/>\n<meta property=\"og:locale\" content=\"sk_SK\" \/>\n<meta property=\"og:type\" content=\"article\" \/>\n<meta property=\"og:title\" content=\"Pr\u00e1vne inform\u00e1cie\" \/>\n<meta property=\"og:url\" content=\"https:\/\/www.waterair.com\/sk\/pravne-informacie\" \/>\n<meta property=\"og:site_name\" content=\"Baz\u00e9ny Waterair\" \/>\n<meta property=\"article:modified_time\" content=\"2025-07-09T12:55:28+00:00\" \/>\n<meta name=\"twitter:card\" content=\"summary_large_image\" \/>\n<meta name=\"twitter:label1\" content=\"Predpokladan\u00fd \u010das \u010d\u00edtania\" \/>\n\t<meta name=\"twitter:data1\" content=\"3 min\u00faty\" \/>\n<script type=\"application\/ld+json\" class=\"yoast-schema-graph\">{\"@context\":\"https:\/\/schema.org\",\"@graph\":[{\"@type\":\"WebPage\",\"@id\":\"https:\/\/www.waterair.com\/sk\/pravne-informacie\",\"url\":\"https:\/\/www.waterair.com\/sk\/pravne-informacie\",\"name\":\"Pr\u00e1vne inform\u00e1cie | Baz\u00e9ny Waterair\",\"isPartOf\":{\"@id\":\"https:\/\/www.waterair.com\/sk\/#website\"},\"datePublished\":\"2021-10-29T19:22:27+00:00\",\"dateModified\":\"2025-07-09T12:55:28+00:00\",\"breadcrumb\":{\"@id\":\"https:\/\/www.waterair.com\/sk\/pravne-informacie#breadcrumb\"},\"inLanguage\":\"sk-SK\",\"potentialAction\":[{\"@type\":\"ReadAction\",\"target\":[\"https:\/\/www.waterair.com\/sk\/pravne-informacie\"]}]},{\"@type\":\"BreadcrumbList\",\"@id\":\"https:\/\/www.waterair.com\/sk\/pravne-informacie#breadcrumb\",\"itemListElement\":[{\"@type\":\"ListItem\",\"position\":1,\"name\":\"Domov\",\"item\":\"https:\/\/www.waterair.com\/sk\"},{\"@type\":\"ListItem\",\"position\":2,\"name\":\"Pr\u00e1vne inform\u00e1cie\"}]},{\"@type\":\"WebSite\",\"@id\":\"https:\/\/www.waterair.com\/sk\/#website\",\"url\":\"https:\/\/www.waterair.com\/sk\/\",\"name\":\"Baz\u00e9ny Waterair\",\"description\":\"\",\"potentialAction\":[{\"@type\":\"SearchAction\",\"target\":{\"@type\":\"EntryPoint\",\"urlTemplate\":\"https:\/\/www.waterair.com\/sk\/?s={search_term_string}\"},\"query-input\":{\"@type\":\"PropertyValueSpecification\",\"valueRequired\":true,\"valueName\":\"search_term_string\"}}],\"inLanguage\":\"sk-SK\"}]}<\/script>\n<!-- \/ Yoast SEO Premium plugin. -->","yoast_head_json":{"title":"Pr\u00e1vne inform\u00e1cie | Baz\u00e9ny Waterair","robots":{"index":"index","follow":"follow","max-snippet":"max-snippet:-1","max-image-preview":"max-image-preview:large","max-video-preview":"max-video-preview:-1"},"canonical":"https:\/\/www.waterair.com\/sk\/pravne-informacie","og_locale":"sk_SK","og_type":"article","og_title":"Pr\u00e1vne inform\u00e1cie","og_url":"https:\/\/www.waterair.com\/sk\/pravne-informacie","og_site_name":"Baz\u00e9ny Waterair","article_modified_time":"2025-07-09T12:55:28+00:00","twitter_card":"summary_large_image","twitter_misc":{"Predpokladan\u00fd \u010das \u010d\u00edtania":"3 min\u00faty"},"schema":{"@context":"https:\/\/schema.org","@graph":[{"@type":"WebPage","@id":"https:\/\/www.waterair.com\/sk\/pravne-informacie","url":"https:\/\/www.waterair.com\/sk\/pravne-informacie","name":"Pr\u00e1vne inform\u00e1cie | Baz\u00e9ny Waterair","isPartOf":{"@id":"https:\/\/www.waterair.com\/sk\/#website"},"datePublished":"2021-10-29T19:22:27+00:00","dateModified":"2025-07-09T12:55:28+00:00","breadcrumb":{"@id":"https:\/\/www.waterair.com\/sk\/pravne-informacie#breadcrumb"},"inLanguage":"sk-SK","potentialAction":[{"@type":"ReadAction","target":["https:\/\/www.waterair.com\/sk\/pravne-informacie"]}]},{"@type":"BreadcrumbList","@id":"https:\/\/www.waterair.com\/sk\/pravne-informacie#breadcrumb","itemListElement":[{"@type":"ListItem","position":1,"name":"Domov","item":"https:\/\/www.waterair.com\/sk"},{"@type":"ListItem","position":2,"name":"Pr\u00e1vne inform\u00e1cie"}]},{"@type":"WebSite","@id":"https:\/\/www.waterair.com\/sk\/#website","url":"https:\/\/www.waterair.com\/sk\/","name":"Baz\u00e9ny Waterair","description":"","potentialAction":[{"@type":"SearchAction","target":{"@type":"EntryPoint","urlTemplate":"https:\/\/www.waterair.com\/sk\/?s={search_term_string}"},"query-input":{"@type":"PropertyValueSpecification","valueRequired":true,"valueName":"search_term_string"}}],"inLanguage":"sk-SK"}]}},"_links":{"self":[{"href":"https:\/\/www.waterair.com\/sk\/wp-json\/wp\/v2\/pages\/37774","targetHints":{"allow":["GET"]}}],"collection":[{"href":"https:\/\/www.waterair.com\/sk\/wp-json\/wp\/v2\/pages"}],"about":[{"href":"https:\/\/www.waterair.com\/sk\/wp-json\/wp\/v2\/types\/page"}],"author":[{"embeddable":true,"href":"https:\/\/www.waterair.com\/sk\/wp-json\/wp\/v2\/users\/1"}],"replies":[{"embeddable":true,"href":"https:\/\/www.waterair.com\/sk\/wp-json\/wp\/v2\/comments?post=37774"}],"version-history":[{"count":5,"href":"https:\/\/www.waterair.com\/sk\/wp-json\/wp\/v2\/pages\/37774\/revisions"}],"predecessor-version":[{"id":523724,"href":"https:\/\/www.waterair.com\/sk\/wp-json\/wp\/v2\/pages\/37774\/revisions\/523724"}],"wp:attachment":[{"href":"https:\/\/www.waterair.com\/sk\/wp-json\/wp\/v2\/media?parent=37774"}],"curies":[{"name":"wp","href":"https:\/\/api.w.org\/{rel}","templated":true}]}}