{"id":37898,"date":"2021-10-29T21:23:43","date_gmt":"2021-10-29T19:23:43","guid":{"rendered":"https:\/\/waterair-preprod2.adipso.fr\/politika-na-ochranu-osobnych-udajov"},"modified":"2024-12-02T15:25:10","modified_gmt":"2024-12-02T14:25:10","slug":"politika-na-ochranu-osobnych-udajov","status":"publish","type":"page","link":"https:\/\/www.waterair.com\/sk\/politika-na-ochranu-osobnych-udajov","title":{"rendered":"Politika na ochranu osobn\u00fdch \u00fadajov"},"content":{"rendered":"<div  class=\"block-content-media  content-block   has-no-title\">\n            <div class=\"container\">\n            <div class=\"row\">\n                <div class=\"col\">\n                    <div class=\"row flex-column flex-md-row \">\n                        <div class=\"content-block__col col-12 d-flex flex-column align-items-md-start order-lg-2\">\n                                                                                                                                                <div data-wa=\"fade-up\" data-wa-delay=\"400\" class=\"content-block__description text--sm text-weight--300 mb-0\">\n                                    <p>Informujeme v\u00e1s, \u017ee zjednodu\u0161en\u00e1 akciov\u00e1 spolo\u010dnos\u0165 WATERAIR so s\u00eddlom na adrese Zone artisanale &#8211; 6 Rue de la Largue, 68580 v SEPPOIS-LE-BAS, zap\u00edsan\u00e1 v Obchodnom registri Mulhouse pod \u010d\u00edslom 440 123 487 (v \u010fal\u0161om texte &#8222;my&#8220;), chce zbiera\u0165 osobn\u00e9 \u00fadaje, ktor\u00e9 sa v\u00e1s t\u00fdkaj\u00fa (v \u010fal\u0161om texte &#8222;Osobn\u00e9 \u00fadaje&#8220;).<\/p>\n<p>Va\u0161e osobn\u00e9 \u00fadaje s\u00fa spracov\u00e1van\u00e9 na nasledovn\u00e9 \u00fa\u010dely:<\/p>\n<ul>\n<li>Prieskum trhu;<\/li>\n<li>Riadenie odberu noviniek (newsletterov);<\/li>\n<li>Riadenie personalizovan\u00fdch promo pon\u00fak;<\/li>\n<li>Merania n\u00e1v\u0161tevnosti str\u00e1nky a \u0161tatistiky;<\/li>\n<li>Geolokaliz\u00e1cia, aby sme v\u00e1m navrhli spr\u00e1vnu krajinu v rolovacom zozname;<\/li>\n<li>Retargeting \/ Remarketing;<\/li>\n<li>Plnenie zmluvy;<\/li>\n<li>Ankety spokojnosti;<\/li>\n<li>Prenos \u00fadajov subdod\u00e1vate\u013eom s nasledovn\u00fdm predmetom \u010dinnosti: informatika, obchod, financie, marketing, komunik\u00e1cia, logistika a priemysel, s cie\u013eom zabezpe\u010di\u0165 spr\u00e1vne plnenie zmluvy a monitorovanie vz\u0165ahov so z\u00e1kazn\u00edkmi.<\/li>\n<\/ul>\n<p>Va\u0161e osobn\u00e9 \u00fadaje sa uchov\u00e1vaj\u00fa po dobu nevyhnutne potrebn\u00fa na plnenie t\u00fdchto \u00fa\u010delov a s\u00fa ur\u010den\u00e9\u00a0\u00a0na nahliadnutie na\u0161im intern\u00fdm oddeleniam, ako aj na\u0161im poskytovate\u013eom slu\u017eieb.<\/p>\n<p>Vzh\u013eadom na s\u00fa\u010dasn\u00e9 poznatky, n\u00e1klady na zav\u00e1dzanie a povahu, dosah, kontext a \u00fa\u010dely vykonan\u00fdch sprac\u00favan\u00ed \u00fadajov, ako aj vzh\u013eadom na rizik\u00e1 t\u00fdkaj\u00face sa ochrany va\u0161ich osobn\u00fdch \u00fadajov, sa zav\u00e4zujeme zavies\u0165 vhodn\u00e9 technick\u00e9 a organiza\u010dn\u00e9 opatrenia na zabezpe\u010denie ochrany va\u0161ich osobn\u00fdch \u00fadajov.<\/p>\n<p>V s\u00falade s eur\u00f3pskym nariaden\u00edm \u010d. 2016\/679 z 27. apr\u00edla 2016, ako aj s novelizovan\u00fdm z\u00e1konom \u010d. 78-17 zo 6. janu\u00e1ra 1978, v\u00e1s informujeme, \u017ee m\u00e1te pr\u00e1vo:<\/p>\n<ul>\n<li>na pr\u00edstup k\u00a0svojim osobn\u00fdm \u00fadajom a na ich opravu;<\/li>\n<li>namieta\u0165 spracovanie\u00a0svojich osobn\u00fdch \u00fadajov z opr\u00e1vnen\u00fdch d\u00f4vodov;<\/li>\n<li>po\u017eadova\u0165 obmedzenie sprac\u00favania osobn\u00fdch \u00fadajov\u00a0alebo vymazanie\u00a0osobn\u00fdch \u00fadajov,\u00a0v medziach stanoven\u00fdch z\u00e1konn\u00fdmi predpismi;<\/li>\n<li>kedyko\u013evek odvola\u0165 v\u00e1\u0161 s\u00fahlas k spracovaniu osobn\u00fdch \u00fadajov;<\/li>\n<li>dost\u00e1va\u0165\u00a0svoje osobn\u00e9 \u00fadaje v be\u017ene pou\u017e\u00edvanom a \u010ditate\u013enom \u0161trukturovanom form\u00e1te, aby mohli by\u0165 odovzdan\u00e9 inej zodpovednej osobe za spracovanie osobn\u00fdch \u00fadajov (pr\u00e1vo na prenosnos\u0165 osobn\u00fdch \u00fadajov);<\/li>\n<li>stanovi\u0165 pokyny t\u00fdkaj\u00face sa uchov\u00e1vania, vymazania a komunik\u00e1cie\u00a0svojich osobn\u00fdch \u00fadajov po va\u0161om \u00famrt\u00ed.<\/li>\n<\/ul>\n<p>\u010ealej v\u00e1s informujeme, \u017ee m\u00e1te pr\u00e1vo vznies\u0165 n\u00e1mietku v r\u00e1mci profilovania, ktor\u00e9 vykon\u00e1vame ka\u017edoro\u010dne s cie\u013eom pon\u00faknu\u0165 v\u00e1m personalizovan\u00e9 ponuky.<\/p>\n<p>Na uplatnenie va\u0161ich pr\u00e1v za\u0161lite va\u0161u \u017eiados\u0165\u00a0\u00a0s dokladom toto\u017enosti na e-mailov\u00fa adresu: rgpd@waterair.com.<\/p>\n<p>Z\u00e1rove\u0148 v\u00e1s informujeme, \u017ee m\u00e1te pr\u00e1vo poda\u0165 s\u0165a\u017enos\u0165 na \u00darad na ochranu osobn\u00fdch \u00fadajov.<\/p>\n<p>Ods\u00fahlasen\u00edm inform\u00e1ci\u00ed uveden\u00fdch v li\u0161te informuj\u00facej o pou\u017e\u00edvan\u00ed cookies v spodnej \u010dasti str\u00e1nky s\u00fahlas\u00edte s poskytnut\u00edm\u00a0svojich osobn\u00fdch \u00fadajov spolo\u010dnosti WATERAIR na vy\u0161\u0161ie op\u00edsan\u00e9 \u00fa\u010dely.<\/p>\n                                <\/div>\n                                                                                        <div data-wa=\"fade-up\" data-wa-delay=\"500\">\n                                                                    <\/div>\n                                                    <\/div>\n                                            <\/div>\n                <\/div>\n            <\/div>\n        <\/div>\n    <\/div>","protected":false},"excerpt":{"rendered":"","protected":false},"author":1,"featured_media":0,"parent":0,"menu_order":0,"comment_status":"closed","ping_status":"closed","template":"","meta":{"_acf_changed":false,"om_disable_all_campaigns":false,"footnotes":""},"class_list":["post-37898","page","type-page","status-publish","hentry"],"acf":[],"yoast_head":"<!-- This site is optimized with the Yoast SEO Premium plugin v25.4 (Yoast SEO v27.2) - https:\/\/yoast.com\/product\/yoast-seo-premium-wordpress\/ -->\n<title>Politika na ochranu osobn\u00fdch \u00fadajov | Baz\u00e9ny Waterair<\/title>\n<meta name=\"robots\" content=\"index, follow, max-snippet:-1, max-image-preview:large, max-video-preview:-1\" \/>\n<link rel=\"canonical\" href=\"https:\/\/www.waterair.com\/sk\/politika-na-ochranu-osobnych-udajov\" \/>\n<meta property=\"og:locale\" content=\"sk_SK\" \/>\n<meta property=\"og:type\" content=\"article\" \/>\n<meta property=\"og:title\" content=\"Politika na ochranu osobn\u00fdch \u00fadajov\" \/>\n<meta property=\"og:url\" content=\"https:\/\/www.waterair.com\/sk\/politika-na-ochranu-osobnych-udajov\" \/>\n<meta property=\"og:site_name\" content=\"Baz\u00e9ny Waterair\" \/>\n<meta property=\"article:modified_time\" content=\"2024-12-02T14:25:10+00:00\" \/>\n<meta name=\"twitter:card\" content=\"summary_large_image\" \/>\n<meta name=\"twitter:label1\" content=\"Predpokladan\u00fd \u010das \u010d\u00edtania\" \/>\n\t<meta name=\"twitter:data1\" content=\"2 min\u00faty\" \/>\n<script type=\"application\/ld+json\" class=\"yoast-schema-graph\">{\"@context\":\"https:\/\/schema.org\",\"@graph\":[{\"@type\":\"WebPage\",\"@id\":\"https:\/\/www.waterair.com\/sk\/politika-na-ochranu-osobnych-udajov\",\"url\":\"https:\/\/www.waterair.com\/sk\/politika-na-ochranu-osobnych-udajov\",\"name\":\"Politika na ochranu osobn\u00fdch \u00fadajov | Baz\u00e9ny Waterair\",\"isPartOf\":{\"@id\":\"https:\/\/www.waterair.com\/sk\/#website\"},\"datePublished\":\"2021-10-29T19:23:43+00:00\",\"dateModified\":\"2024-12-02T14:25:10+00:00\",\"breadcrumb\":{\"@id\":\"https:\/\/www.waterair.com\/sk\/politika-na-ochranu-osobnych-udajov#breadcrumb\"},\"inLanguage\":\"sk-SK\",\"potentialAction\":[{\"@type\":\"ReadAction\",\"target\":[\"https:\/\/www.waterair.com\/sk\/politika-na-ochranu-osobnych-udajov\"]}]},{\"@type\":\"BreadcrumbList\",\"@id\":\"https:\/\/www.waterair.com\/sk\/politika-na-ochranu-osobnych-udajov#breadcrumb\",\"itemListElement\":[{\"@type\":\"ListItem\",\"position\":1,\"name\":\"Domov\",\"item\":\"https:\/\/www.waterair.com\/sk\"},{\"@type\":\"ListItem\",\"position\":2,\"name\":\"Politika na ochranu osobn\u00fdch \u00fadajov\"}]},{\"@type\":\"WebSite\",\"@id\":\"https:\/\/www.waterair.com\/sk\/#website\",\"url\":\"https:\/\/www.waterair.com\/sk\/\",\"name\":\"Baz\u00e9ny Waterair\",\"description\":\"\",\"potentialAction\":[{\"@type\":\"SearchAction\",\"target\":{\"@type\":\"EntryPoint\",\"urlTemplate\":\"https:\/\/www.waterair.com\/sk\/?s={search_term_string}\"},\"query-input\":{\"@type\":\"PropertyValueSpecification\",\"valueRequired\":true,\"valueName\":\"search_term_string\"}}],\"inLanguage\":\"sk-SK\"}]}<\/script>\n<!-- \/ Yoast SEO Premium plugin. -->","yoast_head_json":{"title":"Politika na ochranu osobn\u00fdch \u00fadajov | Baz\u00e9ny Waterair","robots":{"index":"index","follow":"follow","max-snippet":"max-snippet:-1","max-image-preview":"max-image-preview:large","max-video-preview":"max-video-preview:-1"},"canonical":"https:\/\/www.waterair.com\/sk\/politika-na-ochranu-osobnych-udajov","og_locale":"sk_SK","og_type":"article","og_title":"Politika na ochranu osobn\u00fdch \u00fadajov","og_url":"https:\/\/www.waterair.com\/sk\/politika-na-ochranu-osobnych-udajov","og_site_name":"Baz\u00e9ny Waterair","article_modified_time":"2024-12-02T14:25:10+00:00","twitter_card":"summary_large_image","twitter_misc":{"Predpokladan\u00fd \u010das \u010d\u00edtania":"2 min\u00faty"},"schema":{"@context":"https:\/\/schema.org","@graph":[{"@type":"WebPage","@id":"https:\/\/www.waterair.com\/sk\/politika-na-ochranu-osobnych-udajov","url":"https:\/\/www.waterair.com\/sk\/politika-na-ochranu-osobnych-udajov","name":"Politika na ochranu osobn\u00fdch \u00fadajov | Baz\u00e9ny Waterair","isPartOf":{"@id":"https:\/\/www.waterair.com\/sk\/#website"},"datePublished":"2021-10-29T19:23:43+00:00","dateModified":"2024-12-02T14:25:10+00:00","breadcrumb":{"@id":"https:\/\/www.waterair.com\/sk\/politika-na-ochranu-osobnych-udajov#breadcrumb"},"inLanguage":"sk-SK","potentialAction":[{"@type":"ReadAction","target":["https:\/\/www.waterair.com\/sk\/politika-na-ochranu-osobnych-udajov"]}]},{"@type":"BreadcrumbList","@id":"https:\/\/www.waterair.com\/sk\/politika-na-ochranu-osobnych-udajov#breadcrumb","itemListElement":[{"@type":"ListItem","position":1,"name":"Domov","item":"https:\/\/www.waterair.com\/sk"},{"@type":"ListItem","position":2,"name":"Politika na ochranu osobn\u00fdch \u00fadajov"}]},{"@type":"WebSite","@id":"https:\/\/www.waterair.com\/sk\/#website","url":"https:\/\/www.waterair.com\/sk\/","name":"Baz\u00e9ny Waterair","description":"","potentialAction":[{"@type":"SearchAction","target":{"@type":"EntryPoint","urlTemplate":"https:\/\/www.waterair.com\/sk\/?s={search_term_string}"},"query-input":{"@type":"PropertyValueSpecification","valueRequired":true,"valueName":"search_term_string"}}],"inLanguage":"sk-SK"}]}},"_links":{"self":[{"href":"https:\/\/www.waterair.com\/sk\/wp-json\/wp\/v2\/pages\/37898","targetHints":{"allow":["GET"]}}],"collection":[{"href":"https:\/\/www.waterair.com\/sk\/wp-json\/wp\/v2\/pages"}],"about":[{"href":"https:\/\/www.waterair.com\/sk\/wp-json\/wp\/v2\/types\/page"}],"author":[{"embeddable":true,"href":"https:\/\/www.waterair.com\/sk\/wp-json\/wp\/v2\/users\/1"}],"replies":[{"embeddable":true,"href":"https:\/\/www.waterair.com\/sk\/wp-json\/wp\/v2\/comments?post=37898"}],"version-history":[{"count":5,"href":"https:\/\/www.waterair.com\/sk\/wp-json\/wp\/v2\/pages\/37898\/revisions"}],"predecessor-version":[{"id":477281,"href":"https:\/\/www.waterair.com\/sk\/wp-json\/wp\/v2\/pages\/37898\/revisions\/477281"}],"wp:attachment":[{"href":"https:\/\/www.waterair.com\/sk\/wp-json\/wp\/v2\/media?parent=37898"}],"curies":[{"name":"wp","href":"https:\/\/api.w.org\/{rel}","templated":true}]}}